{"id":33986,"date":"2022-10-10T16:06:14","date_gmt":"2022-10-10T14:06:14","guid":{"rendered":"https:\/\/www.fisan.com\/producto\/longaniza-de-bellota\/"},"modified":"2025-05-30T13:41:38","modified_gmt":"2025-05-30T11:41:38","slug":"chorizo-longaniza-bellota-iberique-naturel","status":"publish","type":"product","link":"https:\/\/www.fisan.com\/fr\/boutique\/longaniza-de-bellota\/","title":{"rendered":"Chorizo Longaniza de Bellota Ib\u00e9rique 100% Naturel"},"content":{"rendered":"","protected":false},"excerpt":{"rendered":"<p>Les Chorizo Longaniza de Bellota Ib\u00e9rique 100% Naturel FISAN sont reconnaissables \u00e0 leur forme de fer \u00e0 cheval. Elles sont \u00e9labor\u00e9es avec de la viande de porc de bellota jamais congel\u00e9e respectant ainsi le savoir-faire ancestral. Elles sont vieillies dans des s\u00e9choirs naturels. 100% Naturel.<\/p>\n","protected":false},"featured_media":25169,"template":"","meta":{"_acf_changed":false,"_wp_rev_ctl_limit":""},"product_brand":[],"product_cat":[353],"product_tag":[529,519],"gama":[1371],"calidad":[338],"class_list":{"0":"post-33986","1":"product","2":"type-product","3":"status-publish","4":"has-post-thumbnail","6":"product_cat-4-charcuterie","7":"product_tag-destacados-embutido","8":"product_tag-st","9":"gama-sabor-tradicional-fr-2","10":"calidad-1-bellota-iberico","12":"first","13":"instock","14":"taxable","15":"shipping-taxable","16":"purchasable","17":"product-type-variable","18":"has-default-attributes"},"acf":[],"yoast_head":"<!-- This site is optimized with the Yoast SEO plugin v25.4 - https:\/\/yoast.com\/wordpress\/plugins\/seo\/ -->\n<title>Chorizo Longaniza de Bellota Ib\u00e9rique 100% Naturel | FISAN<\/title>\n<meta name=\"robots\" content=\"index, follow, max-snippet:-1, max-image-preview:large, max-video-preview:-1\" \/>\n<link rel=\"canonical\" href=\"https:\/\/www.fisan.com\/fr\/boutique\/longaniza-de-bellota\/\" \/>\n<meta property=\"og:locale\" content=\"fr_FR\" \/>\n<meta property=\"og:type\" content=\"article\" \/>\n<meta property=\"og:title\" content=\"Chorizo Longaniza de Bellota Ib\u00e9rique 100% Naturel | FISAN\" \/>\n<meta property=\"og:description\" content=\"Les Chorizo Longaniza de Bellota Ib\u00e9rique 100% Naturel FISAN sont reconnaissables \u00e0 leur forme de fer \u00e0 cheval. Elles sont \u00e9labor\u00e9es avec de la viande de porc de bellota jamais congel\u00e9e respectant ainsi le savoir-faire ancestral. Elles sont vieillies dans des s\u00e9choirs naturels. 100% Naturel.\" \/>\n<meta property=\"og:url\" content=\"https:\/\/www.fisan.com\/fr\/boutique\/longaniza-de-bellota\/\" \/>\n<meta property=\"og:site_name\" content=\"FISAN\" \/>\n<meta property=\"article:modified_time\" content=\"2025-05-30T11:41:38+00:00\" \/>\n<meta property=\"og:image\" content=\"https:\/\/www.fisan.com\/wp-content\/uploads\/2022\/10\/longaniza-bellota-iberico-st-pe-00.jpg\" \/>\n\t<meta property=\"og:image:width\" content=\"1200\" \/>\n\t<meta property=\"og:image:height\" content=\"2400\" \/>\n\t<meta property=\"og:image:type\" content=\"image\/jpeg\" \/>\n<meta name=\"twitter:card\" content=\"summary_large_image\" \/>\n<meta name=\"twitter:label1\" content=\"Disponibilit\u00e9\" \/>\n\t<meta name=\"twitter:data1\" content=\"En stock\" \/>\n<script type=\"application\/ld+json\" class=\"yoast-schema-graph\">{\n\t    \"@context\": \"https:\/\/schema.org\",\n\t    \"@graph\": [\n\t        {\n\t            \"@type\": \"WebPage\",\n\t            \"@id\": \"https:\/\/www.fisan.com\/fr\/boutique\/longaniza-de-bellota\/\",\n\t            \"url\": \"https:\/\/www.fisan.com\/fr\/boutique\/longaniza-de-bellota\/\",\n\t            \"name\": \"Chorizo Longaniza de Bellota Ib\u00e9rique 100% Naturel | FISAN\",\n\t            \"isPartOf\": {\n\t                \"@id\": \"https:\/\/www.fisan.com\/fr\/#website\"\n\t            },\n\t            \"primaryImageOfPage\": {\n\t                \"@id\": \"https:\/\/www.fisan.com\/fr\/boutique\/longaniza-de-bellota\/#primaryimage\"\n\t            },\n\t            \"image\": {\n\t                \"@id\": \"https:\/\/www.fisan.com\/fr\/boutique\/longaniza-de-bellota\/#primaryimage\"\n\t            },\n\t            \"thumbnailUrl\": \"https:\/\/www.fisan.com\/wp-content\/uploads\/2022\/10\/longaniza-bellota-iberico-st-pe-00.jpg\",\n\t            \"datePublished\": \"2022-10-10T14:06:14+00:00\",\n\t            \"dateModified\": \"2025-05-30T11:41:38+00:00\",\n\t            \"breadcrumb\": {\n\t                \"@id\": \"https:\/\/www.fisan.com\/fr\/boutique\/longaniza-de-bellota\/#breadcrumb\"\n\t            },\n\t            \"inLanguage\": \"fr-FR\",\n\t            \"potentialAction\": [\n\t                {\n\t                    \"@type\": \"ReadAction\",\n\t                    \"target\": [\n\t                        \"https:\/\/www.fisan.com\/fr\/boutique\/longaniza-de-bellota\/\"\n\t                    ]\n\t                }\n\t            ]\n\t        },\n\t        {\n\t            \"@type\": \"ImageObject\",\n\t            \"inLanguage\": \"fr-FR\",\n\t            \"@id\": \"https:\/\/www.fisan.com\/fr\/boutique\/longaniza-de-bellota\/#primaryimage\",\n\t            \"url\": \"https:\/\/www.fisan.com\/wp-content\/uploads\/2022\/10\/longaniza-bellota-iberico-st-pe-00.jpg\",\n\t            \"contentUrl\": \"https:\/\/www.fisan.com\/wp-content\/uploads\/2022\/10\/longaniza-bellota-iberico-st-pe-00.jpg\",\n\t            \"width\": 1200,\n\t            \"height\": 2400\n\t        },\n\t        {\n\t            \"@type\": \"BreadcrumbList\",\n\t            \"@id\": \"https:\/\/www.fisan.com\/fr\/boutique\/longaniza-de-bellota\/#breadcrumb\",\n\t            \"itemListElement\": [\n\t                {\n\t                    \"@type\": \"ListItem\",\n\t                    \"position\": 1,\n\t                    \"name\": \"FISAN\",\n\t                    \"item\": \"https:\/\/www.fisan.com\/fr\/\"\n\t                },\n\t                {\n\t                    \"@type\": \"ListItem\",\n\t                    \"position\": 2,\n\t                    \"name\": \"Produits\",\n\t                    \"item\": \"https:\/\/www.fisan.com\/fr\/produits\/\"\n\t                },\n\t                {\n\t                    \"@type\": \"ListItem\",\n\t                    \"position\": 3,\n\t                    \"name\": \"Chorizo Longaniza de Bellota Ib\u00e9rique 100% Naturel\"\n\t                }\n\t            ]\n\t        },\n\t        {\n\t            \"@type\": \"WebSite\",\n\t            \"@id\": \"https:\/\/www.fisan.com\/fr\/#website\",\n\t            \"url\": \"https:\/\/www.fisan.com\/fr\/\",\n\t            \"name\": \"FISAN\",\n\t            \"description\": \"FISAN | Jamones de bellota ib\u00e9rico y embutidos ib\u00e9ricos desde 1920\",\n\t            \"potentialAction\": [\n\t                {\n\t                    \"@type\": \"SearchAction\",\n\t                    \"target\": {\n\t                        \"@type\": \"EntryPoint\",\n\t                        \"urlTemplate\": \"https:\/\/www.fisan.com\/fr\/?s={search_term_string}\"\n\t                    },\n\t                    \"query-input\": {\n\t                        \"@type\": \"PropertyValueSpecification\",\n\t                        \"valueRequired\": true,\n\t                        \"valueName\": \"search_term_string\"\n\t                    }\n\t                }\n\t            ],\n\t            \"inLanguage\": \"fr-FR\"\n\t        }\n\t    ]\n\t}<\/script>\n<meta property=\"og:availability\" content=\"instock\" \/>\n<meta property=\"product:availability\" content=\"instock\" \/>\n<meta property=\"product:retailer_item_id\" content=\"ch-bil50\" \/>\n<meta property=\"product:condition\" content=\"new\" \/>\n<!-- \/ Yoast SEO plugin. -->","yoast_head_json":{"title":"Chorizo Longaniza de Bellota Ib\u00e9rique 100% Naturel | FISAN","robots":{"index":"index","follow":"follow","max-snippet":"max-snippet:-1","max-image-preview":"max-image-preview:large","max-video-preview":"max-video-preview:-1"},"canonical":"https:\/\/www.fisan.com\/fr\/boutique\/longaniza-de-bellota\/","og_locale":"fr_FR","og_type":"article","og_title":"Chorizo Longaniza de Bellota Ib\u00e9rique 100% Naturel | FISAN","og_description":"Les Chorizo Longaniza de Bellota Ib\u00e9rique 100% Naturel FISAN sont reconnaissables \u00e0 leur forme de fer \u00e0 cheval. Elles sont \u00e9labor\u00e9es avec de la viande de porc de bellota jamais congel\u00e9e respectant ainsi le savoir-faire ancestral. Elles sont vieillies dans des s\u00e9choirs naturels. 100% Naturel.","og_url":"https:\/\/www.fisan.com\/fr\/boutique\/longaniza-de-bellota\/","og_site_name":"FISAN","article_modified_time":"2025-05-30T11:41:38+00:00","og_image":[{"width":1200,"height":2400,"url":"https:\/\/www.fisan.com\/wp-content\/uploads\/2022\/10\/longaniza-bellota-iberico-st-pe-00.jpg","type":"image\/jpeg"}],"twitter_card":"summary_large_image","twitter_misc":{"Disponibilit\u00e9":"En stock"},"schema":{"@context":"https:\/\/schema.org","@graph":[{"@type":"WebPage","@id":"https:\/\/www.fisan.com\/fr\/boutique\/longaniza-de-bellota\/","url":"https:\/\/www.fisan.com\/fr\/boutique\/longaniza-de-bellota\/","name":"Chorizo Longaniza de Bellota Ib\u00e9rique 100% Naturel | FISAN","isPartOf":{"@id":"https:\/\/www.fisan.com\/fr\/#website"},"primaryImageOfPage":{"@id":"https:\/\/www.fisan.com\/fr\/boutique\/longaniza-de-bellota\/#primaryimage"},"image":{"@id":"https:\/\/www.fisan.com\/fr\/boutique\/longaniza-de-bellota\/#primaryimage"},"thumbnailUrl":"https:\/\/www.fisan.com\/wp-content\/uploads\/2022\/10\/longaniza-bellota-iberico-st-pe-00.jpg","datePublished":"2022-10-10T14:06:14+00:00","dateModified":"2025-05-30T11:41:38+00:00","breadcrumb":{"@id":"https:\/\/www.fisan.com\/fr\/boutique\/longaniza-de-bellota\/#breadcrumb"},"inLanguage":"fr-FR","potentialAction":[{"@type":"ReadAction","target":["https:\/\/www.fisan.com\/fr\/boutique\/longaniza-de-bellota\/"]}]},{"@type":"ImageObject","inLanguage":"fr-FR","@id":"https:\/\/www.fisan.com\/fr\/boutique\/longaniza-de-bellota\/#primaryimage","url":"https:\/\/www.fisan.com\/wp-content\/uploads\/2022\/10\/longaniza-bellota-iberico-st-pe-00.jpg","contentUrl":"https:\/\/www.fisan.com\/wp-content\/uploads\/2022\/10\/longaniza-bellota-iberico-st-pe-00.jpg","width":1200,"height":2400},{"@type":"BreadcrumbList","@id":"https:\/\/www.fisan.com\/fr\/boutique\/longaniza-de-bellota\/#breadcrumb","itemListElement":[{"@type":"ListItem","position":1,"name":"FISAN","item":"https:\/\/www.fisan.com\/fr\/"},{"@type":"ListItem","position":2,"name":"Produits","item":"https:\/\/www.fisan.com\/fr\/produits\/"},{"@type":"ListItem","position":3,"name":"Chorizo Longaniza de Bellota Ib\u00e9rique 100% Naturel"}]},{"@type":"WebSite","@id":"https:\/\/www.fisan.com\/fr\/#website","url":"https:\/\/www.fisan.com\/fr\/","name":"FISAN","description":"FISAN | Jamones de bellota ib\u00e9rico y embutidos ib\u00e9ricos desde 1920","potentialAction":[{"@type":"SearchAction","target":{"@type":"EntryPoint","urlTemplate":"https:\/\/www.fisan.com\/fr\/?s={search_term_string}"},"query-input":{"@type":"PropertyValueSpecification","valueRequired":true,"valueName":"search_term_string"}}],"inLanguage":"fr-FR"}]},"og_availability":"instock","product_availability":"instock","product_retailer_item_id":"ch-bil50","product_condition":"new"},"_links":{"self":[{"href":"https:\/\/www.fisan.com\/fr\/wp-json\/wp\/v2\/product\/33986","targetHints":{"allow":["GET"]}}],"collection":[{"href":"https:\/\/www.fisan.com\/fr\/wp-json\/wp\/v2\/product"}],"about":[{"href":"https:\/\/www.fisan.com\/fr\/wp-json\/wp\/v2\/types\/product"}],"version-history":[{"count":5,"href":"https:\/\/www.fisan.com\/fr\/wp-json\/wp\/v2\/product\/33986\/revisions"}],"predecessor-version":[{"id":55937,"href":"https:\/\/www.fisan.com\/fr\/wp-json\/wp\/v2\/product\/33986\/revisions\/55937"}],"wp:featuredmedia":[{"embeddable":true,"href":"https:\/\/www.fisan.com\/fr\/wp-json\/wp\/v2\/media\/25169"}],"wp:attachment":[{"href":"https:\/\/www.fisan.com\/fr\/wp-json\/wp\/v2\/media?parent=33986"}],"wp:term":[{"taxonomy":"product_brand","embeddable":true,"href":"https:\/\/www.fisan.com\/fr\/wp-json\/wp\/v2\/product_brand?post=33986"},{"taxonomy":"product_cat","embeddable":true,"href":"https:\/\/www.fisan.com\/fr\/wp-json\/wp\/v2\/product_cat?post=33986"},{"taxonomy":"product_tag","embeddable":true,"href":"https:\/\/www.fisan.com\/fr\/wp-json\/wp\/v2\/product_tag?post=33986"},{"taxonomy":"gama","embeddable":true,"href":"https:\/\/www.fisan.com\/fr\/wp-json\/wp\/v2\/gama?post=33986"},{"taxonomy":"calidad","embeddable":true,"href":"https:\/\/www.fisan.com\/fr\/wp-json\/wp\/v2\/calidad?post=33986"}],"curies":[{"name":"wp","href":"https:\/\/api.w.org\/{rel}","templated":true}]}}