{"id":33998,"date":"2022-10-10T16:33:22","date_gmt":"2022-10-10T14:33:22","guid":{"rendered":"https:\/\/www.fisan.com\/producto\/longaniza-blanche-de-bellota\/"},"modified":"2025-05-30T13:41:41","modified_gmt":"2025-05-30T11:41:41","slug":"longaniza-saucisson-bellota-iberique","status":"publish","type":"product","link":"https:\/\/www.fisan.com\/fr\/boutique\/longaniza-blanche-de-bellota\/","title":{"rendered":"Longaniza Saucisson de Bellota Ib\u00e9rique 100% Naturel"},"content":{"rendered":"","protected":false},"excerpt":{"rendered":"<p>La Longaniza Saucisson de Bellota Ib\u00e9rique 100% Naturel FISAN repr\u00e9sente l\u2019un des formats les plus traditionnels des produits de Guijuelo, mais \u00e9galement l\u2019un des moins connus. Elle se caract\u00e9rise par sa saveur douce avec une agr\u00e9able note de poivre et un ar\u00f4me exquis. Sa viande de porc de Bellota n\u2019est jamais congel\u00e9e afin de respecter le savoir-faire traditionnel. Sa maturation a lieu dans des s\u00e9choirs naturels, ce qui lui donne une grande partie de son caract\u00e8re.<\/p>\n","protected":false},"featured_media":25181,"template":"","meta":{"_acf_changed":false,"_wp_rev_ctl_limit":""},"product_brand":[],"product_cat":[353],"product_tag":[519],"gama":[1371],"calidad":[338],"class_list":{"0":"post-33998","1":"product","2":"type-product","3":"status-publish","4":"has-post-thumbnail","6":"product_cat-4-charcuterie","7":"product_tag-st","8":"gama-sabor-tradicional-fr-2","9":"calidad-1-bellota-iberico","11":"first","12":"instock","13":"taxable","14":"shipping-taxable","15":"purchasable","16":"product-type-variable","17":"has-default-attributes"},"acf":[],"yoast_head":"<!-- This site is optimized with the Yoast SEO plugin v25.4 - https:\/\/yoast.com\/wordpress\/plugins\/seo\/ -->\n<title>Longaniza Saucisson de Bellota Ib\u00e9rique 100% Naturel | FISAN<\/title>\n<meta name=\"robots\" content=\"index, follow, max-snippet:-1, max-image-preview:large, max-video-preview:-1\" \/>\n<link rel=\"canonical\" href=\"https:\/\/www.fisan.com\/fr\/boutique\/longaniza-blanche-de-bellota\/\" \/>\n<meta property=\"og:locale\" content=\"fr_FR\" \/>\n<meta property=\"og:type\" content=\"article\" \/>\n<meta property=\"og:title\" content=\"Longaniza Saucisson de Bellota Ib\u00e9rique 100% Naturel | FISAN\" \/>\n<meta property=\"og:description\" content=\"La Longaniza Saucisson de Bellota Ib\u00e9rique 100% Naturel FISAN repr\u00e9sente l\u2019un des formats les plus traditionnels des produits de Guijuelo, mais \u00e9galement l\u2019un des moins connus. Elle se caract\u00e9rise par sa saveur douce avec une agr\u00e9able note de poivre et un ar\u00f4me exquis. Sa viande de porc de Bellota n\u2019est jamais congel\u00e9e afin de respecter le savoir-faire traditionnel. Sa maturation a lieu dans des s\u00e9choirs naturels, ce qui lui donne une grande partie de son caract\u00e8re.\" \/>\n<meta property=\"og:url\" content=\"https:\/\/www.fisan.com\/fr\/boutique\/longaniza-blanche-de-bellota\/\" \/>\n<meta property=\"og:site_name\" content=\"FISAN\" \/>\n<meta property=\"article:modified_time\" content=\"2025-05-30T11:41:41+00:00\" \/>\n<meta property=\"og:image\" content=\"https:\/\/www.fisan.com\/wp-content\/uploads\/2022\/10\/longaniza-salchichon-bellota-iberico-st-pe-00.jpg\" \/>\n\t<meta property=\"og:image:width\" content=\"1200\" \/>\n\t<meta property=\"og:image:height\" content=\"2400\" \/>\n\t<meta property=\"og:image:type\" content=\"image\/jpeg\" \/>\n<meta name=\"twitter:card\" content=\"summary_large_image\" \/>\n<meta name=\"twitter:label1\" content=\"Disponibilit\u00e9\" \/>\n\t<meta name=\"twitter:data1\" content=\"En stock\" \/>\n<script type=\"application\/ld+json\" class=\"yoast-schema-graph\">{\n\t    \"@context\": \"https:\/\/schema.org\",\n\t    \"@graph\": [\n\t        {\n\t            \"@type\": \"WebPage\",\n\t            \"@id\": \"https:\/\/www.fisan.com\/fr\/boutique\/longaniza-blanche-de-bellota\/\",\n\t            \"url\": \"https:\/\/www.fisan.com\/fr\/boutique\/longaniza-blanche-de-bellota\/\",\n\t            \"name\": \"Longaniza Saucisson de Bellota Ib\u00e9rique 100% Naturel | FISAN\",\n\t            \"isPartOf\": {\n\t                \"@id\": \"https:\/\/www.fisan.com\/fr\/#website\"\n\t            },\n\t            \"primaryImageOfPage\": {\n\t                \"@id\": \"https:\/\/www.fisan.com\/fr\/boutique\/longaniza-blanche-de-bellota\/#primaryimage\"\n\t            },\n\t            \"image\": {\n\t                \"@id\": \"https:\/\/www.fisan.com\/fr\/boutique\/longaniza-blanche-de-bellota\/#primaryimage\"\n\t            },\n\t            \"thumbnailUrl\": \"https:\/\/www.fisan.com\/wp-content\/uploads\/2022\/10\/longaniza-salchichon-bellota-iberico-st-pe-00.jpg\",\n\t            \"datePublished\": \"2022-10-10T14:33:22+00:00\",\n\t            \"dateModified\": \"2025-05-30T11:41:41+00:00\",\n\t            \"breadcrumb\": {\n\t                \"@id\": \"https:\/\/www.fisan.com\/fr\/boutique\/longaniza-blanche-de-bellota\/#breadcrumb\"\n\t            },\n\t            \"inLanguage\": \"fr-FR\",\n\t            \"potentialAction\": [\n\t                {\n\t                    \"@type\": \"ReadAction\",\n\t                    \"target\": [\n\t                        \"https:\/\/www.fisan.com\/fr\/boutique\/longaniza-blanche-de-bellota\/\"\n\t                    ]\n\t                }\n\t            ]\n\t        },\n\t        {\n\t            \"@type\": \"ImageObject\",\n\t            \"inLanguage\": \"fr-FR\",\n\t            \"@id\": \"https:\/\/www.fisan.com\/fr\/boutique\/longaniza-blanche-de-bellota\/#primaryimage\",\n\t            \"url\": \"https:\/\/www.fisan.com\/wp-content\/uploads\/2022\/10\/longaniza-salchichon-bellota-iberico-st-pe-00.jpg\",\n\t            \"contentUrl\": \"https:\/\/www.fisan.com\/wp-content\/uploads\/2022\/10\/longaniza-salchichon-bellota-iberico-st-pe-00.jpg\",\n\t            \"width\": 1200,\n\t            \"height\": 2400,\n\t            \"caption\": \"Longaniza Saucisson de Bellota Ib\u00e9rique FISAN\"\n\t        },\n\t        {\n\t            \"@type\": \"BreadcrumbList\",\n\t            \"@id\": \"https:\/\/www.fisan.com\/fr\/boutique\/longaniza-blanche-de-bellota\/#breadcrumb\",\n\t            \"itemListElement\": [\n\t                {\n\t                    \"@type\": \"ListItem\",\n\t                    \"position\": 1,\n\t                    \"name\": \"FISAN\",\n\t                    \"item\": \"https:\/\/www.fisan.com\/fr\/\"\n\t                },\n\t                {\n\t                    \"@type\": \"ListItem\",\n\t                    \"position\": 2,\n\t                    \"name\": \"Produits\",\n\t                    \"item\": \"https:\/\/www.fisan.com\/fr\/produits\/\"\n\t                },\n\t                {\n\t                    \"@type\": \"ListItem\",\n\t                    \"position\": 3,\n\t                    \"name\": \"Longaniza Saucisson de Bellota Ib\u00e9rique 100% Naturel\"\n\t                }\n\t            ]\n\t        },\n\t        {\n\t            \"@type\": \"WebSite\",\n\t            \"@id\": \"https:\/\/www.fisan.com\/fr\/#website\",\n\t            \"url\": \"https:\/\/www.fisan.com\/fr\/\",\n\t            \"name\": \"FISAN\",\n\t            \"description\": \"FISAN | Jamones de bellota ib\u00e9rico y embutidos ib\u00e9ricos desde 1920\",\n\t            \"potentialAction\": [\n\t                {\n\t                    \"@type\": \"SearchAction\",\n\t                    \"target\": {\n\t                        \"@type\": \"EntryPoint\",\n\t                        \"urlTemplate\": \"https:\/\/www.fisan.com\/fr\/?s={search_term_string}\"\n\t                    },\n\t                    \"query-input\": {\n\t                        \"@type\": \"PropertyValueSpecification\",\n\t                        \"valueRequired\": true,\n\t                        \"valueName\": \"search_term_string\"\n\t                    }\n\t                }\n\t            ],\n\t            \"inLanguage\": \"fr-FR\"\n\t        }\n\t    ]\n\t}<\/script>\n<meta property=\"og:availability\" content=\"instock\" \/>\n<meta property=\"product:availability\" content=\"instock\" \/>\n<meta property=\"product:retailer_item_id\" content=\"s-bil50\" \/>\n<meta property=\"product:condition\" content=\"new\" \/>\n<!-- \/ Yoast SEO plugin. -->","yoast_head_json":{"title":"Longaniza Saucisson de Bellota Ib\u00e9rique 100% Naturel | FISAN","robots":{"index":"index","follow":"follow","max-snippet":"max-snippet:-1","max-image-preview":"max-image-preview:large","max-video-preview":"max-video-preview:-1"},"canonical":"https:\/\/www.fisan.com\/fr\/boutique\/longaniza-blanche-de-bellota\/","og_locale":"fr_FR","og_type":"article","og_title":"Longaniza Saucisson de Bellota Ib\u00e9rique 100% Naturel | FISAN","og_description":"La Longaniza Saucisson de Bellota Ib\u00e9rique 100% Naturel FISAN repr\u00e9sente l\u2019un des formats les plus traditionnels des produits de Guijuelo, mais \u00e9galement l\u2019un des moins connus. Elle se caract\u00e9rise par sa saveur douce avec une agr\u00e9able note de poivre et un ar\u00f4me exquis. Sa viande de porc de Bellota n\u2019est jamais congel\u00e9e afin de respecter le savoir-faire traditionnel. Sa maturation a lieu dans des s\u00e9choirs naturels, ce qui lui donne une grande partie de son caract\u00e8re.","og_url":"https:\/\/www.fisan.com\/fr\/boutique\/longaniza-blanche-de-bellota\/","og_site_name":"FISAN","article_modified_time":"2025-05-30T11:41:41+00:00","og_image":[{"width":1200,"height":2400,"url":"https:\/\/www.fisan.com\/wp-content\/uploads\/2022\/10\/longaniza-salchichon-bellota-iberico-st-pe-00.jpg","type":"image\/jpeg"}],"twitter_card":"summary_large_image","twitter_misc":{"Disponibilit\u00e9":"En stock"},"schema":{"@context":"https:\/\/schema.org","@graph":[{"@type":"WebPage","@id":"https:\/\/www.fisan.com\/fr\/boutique\/longaniza-blanche-de-bellota\/","url":"https:\/\/www.fisan.com\/fr\/boutique\/longaniza-blanche-de-bellota\/","name":"Longaniza Saucisson de Bellota Ib\u00e9rique 100% Naturel | FISAN","isPartOf":{"@id":"https:\/\/www.fisan.com\/fr\/#website"},"primaryImageOfPage":{"@id":"https:\/\/www.fisan.com\/fr\/boutique\/longaniza-blanche-de-bellota\/#primaryimage"},"image":{"@id":"https:\/\/www.fisan.com\/fr\/boutique\/longaniza-blanche-de-bellota\/#primaryimage"},"thumbnailUrl":"https:\/\/www.fisan.com\/wp-content\/uploads\/2022\/10\/longaniza-salchichon-bellota-iberico-st-pe-00.jpg","datePublished":"2022-10-10T14:33:22+00:00","dateModified":"2025-05-30T11:41:41+00:00","breadcrumb":{"@id":"https:\/\/www.fisan.com\/fr\/boutique\/longaniza-blanche-de-bellota\/#breadcrumb"},"inLanguage":"fr-FR","potentialAction":[{"@type":"ReadAction","target":["https:\/\/www.fisan.com\/fr\/boutique\/longaniza-blanche-de-bellota\/"]}]},{"@type":"ImageObject","inLanguage":"fr-FR","@id":"https:\/\/www.fisan.com\/fr\/boutique\/longaniza-blanche-de-bellota\/#primaryimage","url":"https:\/\/www.fisan.com\/wp-content\/uploads\/2022\/10\/longaniza-salchichon-bellota-iberico-st-pe-00.jpg","contentUrl":"https:\/\/www.fisan.com\/wp-content\/uploads\/2022\/10\/longaniza-salchichon-bellota-iberico-st-pe-00.jpg","width":1200,"height":2400,"caption":"Longaniza Saucisson de Bellota Ib\u00e9rique FISAN"},{"@type":"BreadcrumbList","@id":"https:\/\/www.fisan.com\/fr\/boutique\/longaniza-blanche-de-bellota\/#breadcrumb","itemListElement":[{"@type":"ListItem","position":1,"name":"FISAN","item":"https:\/\/www.fisan.com\/fr\/"},{"@type":"ListItem","position":2,"name":"Produits","item":"https:\/\/www.fisan.com\/fr\/produits\/"},{"@type":"ListItem","position":3,"name":"Longaniza Saucisson de Bellota Ib\u00e9rique 100% Naturel"}]},{"@type":"WebSite","@id":"https:\/\/www.fisan.com\/fr\/#website","url":"https:\/\/www.fisan.com\/fr\/","name":"FISAN","description":"FISAN | Jamones de bellota ib\u00e9rico y embutidos ib\u00e9ricos desde 1920","potentialAction":[{"@type":"SearchAction","target":{"@type":"EntryPoint","urlTemplate":"https:\/\/www.fisan.com\/fr\/?s={search_term_string}"},"query-input":{"@type":"PropertyValueSpecification","valueRequired":true,"valueName":"search_term_string"}}],"inLanguage":"fr-FR"}]},"og_availability":"instock","product_availability":"instock","product_retailer_item_id":"s-bil50","product_condition":"new"},"_links":{"self":[{"href":"https:\/\/www.fisan.com\/fr\/wp-json\/wp\/v2\/product\/33998","targetHints":{"allow":["GET"]}}],"collection":[{"href":"https:\/\/www.fisan.com\/fr\/wp-json\/wp\/v2\/product"}],"about":[{"href":"https:\/\/www.fisan.com\/fr\/wp-json\/wp\/v2\/types\/product"}],"version-history":[{"count":5,"href":"https:\/\/www.fisan.com\/fr\/wp-json\/wp\/v2\/product\/33998\/revisions"}],"predecessor-version":[{"id":55938,"href":"https:\/\/www.fisan.com\/fr\/wp-json\/wp\/v2\/product\/33998\/revisions\/55938"}],"wp:featuredmedia":[{"embeddable":true,"href":"https:\/\/www.fisan.com\/fr\/wp-json\/wp\/v2\/media\/25181"}],"wp:attachment":[{"href":"https:\/\/www.fisan.com\/fr\/wp-json\/wp\/v2\/media?parent=33998"}],"wp:term":[{"taxonomy":"product_brand","embeddable":true,"href":"https:\/\/www.fisan.com\/fr\/wp-json\/wp\/v2\/product_brand?post=33998"},{"taxonomy":"product_cat","embeddable":true,"href":"https:\/\/www.fisan.com\/fr\/wp-json\/wp\/v2\/product_cat?post=33998"},{"taxonomy":"product_tag","embeddable":true,"href":"https:\/\/www.fisan.com\/fr\/wp-json\/wp\/v2\/product_tag?post=33998"},{"taxonomy":"gama","embeddable":true,"href":"https:\/\/www.fisan.com\/fr\/wp-json\/wp\/v2\/gama?post=33998"},{"taxonomy":"calidad","embeddable":true,"href":"https:\/\/www.fisan.com\/fr\/wp-json\/wp\/v2\/calidad?post=33998"}],"curies":[{"name":"wp","href":"https:\/\/api.w.org\/{rel}","templated":true}]}}