{"id":34046,"date":"2022-11-07T11:54:48","date_gmt":"2022-11-07T10:54:48","guid":{"rendered":"https:\/\/www.fisan.com\/producto\/lomo-de-bellota-100-iberico-coupe-en-tranches\/"},"modified":"2024-11-19T12:36:11","modified_gmt":"2024-11-19T11:36:11","slug":"lomo-de-bellota-100-iberico-coupe-en-tranches","status":"publish","type":"product","link":"https:\/\/www.fisan.com\/fr\/boutique\/lomo-de-bellota-100-iberico-coupe-en-tranches\/","title":{"rendered":"Lomo de Bellota 100% Ib\u00e9rique Alta Gastronomia &#8211; Coup\u00e9 en tranches"},"content":{"rendered":"<p>Le lomo de bellota 100% ib\u00e9rique FISAN se caract\u00e9rise par sa douceur en bouche, sa texture vein\u00e9e et son ar\u00f4me intense. Ce lomo est \u00e9labor\u00e9 suivant une recette de salaison traditionnelle \u00e0 base de paprika, sa viande n\u2019\u00e9tant jamais congel\u00e9e au cours de sa transformation. Il est soigneusement vieilli dans des s\u00e9choirs naturels durant au moins six mois. 100% Naturel.<\/p>\n<p>&nbsp;<\/p>\n<p>Un format et un emballage de luxe pour un produit tr\u00e8s sp\u00e9cial : d\u00e9gustez la tranche de Lomo de Bellota 100% Ib\u00e9rique coup\u00e9 en tranches dans une bo\u00eete de luxe. Le format id\u00e9al pour ceux qui souhaitent d\u00e9guster notre lomo de bellota 100% ib\u00e9rique de mani\u00e8re simple et confortable. Dans cette pr\u00e9sentation, vous trouverez 1 bo\u00eete de 10 blisters de 100 grammes. Le cadeau id\u00e9al.<\/p>\n","protected":false},"excerpt":{"rendered":"<p>Le lomo de bellota 100% ib\u00e9rique FISAN se caract\u00e9rise par sa douceur en bouche, sa texture vein\u00e9e et son ar\u00f4me intense. Ce lomo est \u00e9labor\u00e9 suivant une recette de salaison traditionnelle \u00e0 base de paprika, sa viande n\u2019\u00e9tant jamais congel\u00e9e au cours de sa transformation. Il est soigneusement vieilli dans des s\u00e9choirs naturels durant au &#8230; <a title=\"Lomo de Bellota 100% Ib\u00e9rique Alta Gastronomia &#8211; Coup\u00e9 en tranches\" class=\"read-more\" href=\"https:\/\/www.fisan.com\/fr\/boutique\/lomo-de-bellota-100-iberico-coupe-en-tranches\/\" aria-label=\"En savoir plus sur Lomo de Bellota 100% Ib\u00e9rique Alta Gastronomia &#8211; Coup\u00e9 en tranches\">Lire la suite<\/a><\/p>\n","protected":false},"featured_media":24541,"template":"","meta":{"_acf_changed":false,"_wp_rev_ctl_limit":""},"product_brand":[],"product_cat":[385,713,354],"product_tag":[297],"gama":[435],"calidad":[338],"class_list":{"0":"post-34046","1":"product","2":"type-product","3":"status-publish","4":"has-post-thumbnail","6":"product_cat-8-coupe-a-la-main-tranche","7":"product_cat-produits-lomo-de-bellota","8":"product_cat-produits-lomo","9":"product_tag-ag","10":"gama-alta-gastronomia-fr","11":"calidad-1-bellota-iberico","13":"first","14":"outofstock","15":"taxable","16":"shipping-taxable","17":"purchasable","18":"product-type-variable","19":"has-default-attributes"},"acf":[],"yoast_head":"<!-- This site is optimized with the Yoast SEO plugin v25.4 - https:\/\/yoast.com\/wordpress\/plugins\/seo\/ -->\n<title>Lomo de Bellota 100% Ib\u00e9rique Alta Gastronomia - Coup\u00e9 en tranches | FISAN<\/title>\n<meta name=\"robots\" content=\"index, follow, max-snippet:-1, max-image-preview:large, max-video-preview:-1\" \/>\n<link rel=\"canonical\" href=\"https:\/\/www.fisan.com\/fr\/boutique\/lomo-de-bellota-100-iberico-coupe-en-tranches\/\" \/>\n<meta property=\"og:locale\" content=\"fr_FR\" \/>\n<meta property=\"og:type\" content=\"article\" \/>\n<meta property=\"og:title\" content=\"Lomo de Bellota 100% Ib\u00e9rique Alta Gastronomia - Coup\u00e9 en tranches | FISAN\" \/>\n<meta property=\"og:description\" content=\"Le lomo de bellota 100% ib\u00e9rique FISAN se caract\u00e9rise par sa douceur en bouche, sa texture vein\u00e9e et son ar\u00f4me intense. Ce lomo est \u00e9labor\u00e9 suivant une recette de salaison traditionnelle \u00e0 base de paprika, sa viande n\u2019\u00e9tant jamais congel\u00e9e au cours de sa transformation. Il est soigneusement vieilli dans des s\u00e9choirs naturels durant au ... Lire la suite\" \/>\n<meta property=\"og:url\" content=\"https:\/\/www.fisan.com\/fr\/boutique\/lomo-de-bellota-100-iberico-coupe-en-tranches\/\" \/>\n<meta property=\"og:site_name\" content=\"FISAN\" \/>\n<meta property=\"article:modified_time\" content=\"2024-11-19T11:36:11+00:00\" \/>\n<meta property=\"og:image\" content=\"https:\/\/www.fisan.com\/wp-content\/uploads\/2022\/10\/lomo-bellota-iberico-100-ag-cm-00.jpg\" \/>\n\t<meta property=\"og:image:width\" content=\"1200\" \/>\n\t<meta property=\"og:image:height\" content=\"2400\" \/>\n\t<meta property=\"og:image:type\" content=\"image\/jpeg\" \/>\n<meta name=\"twitter:card\" content=\"summary_large_image\" \/>\n<meta name=\"twitter:label1\" content=\"Disponibilit\u00e9\" \/>\n\t<meta name=\"twitter:data1\" content=\"Rupture de stock\" \/>\n<script type=\"application\/ld+json\" class=\"yoast-schema-graph\">{\n\t    \"@context\": \"https:\/\/schema.org\",\n\t    \"@graph\": [\n\t        {\n\t            \"@type\": \"WebPage\",\n\t            \"@id\": \"https:\/\/www.fisan.com\/fr\/boutique\/lomo-de-bellota-100-iberico-coupe-en-tranches\/\",\n\t            \"url\": \"https:\/\/www.fisan.com\/fr\/boutique\/lomo-de-bellota-100-iberico-coupe-en-tranches\/\",\n\t            \"name\": \"Lomo de Bellota 100% Ib\u00e9rique Alta Gastronomia - Coup\u00e9 en tranches | FISAN\",\n\t            \"isPartOf\": {\n\t                \"@id\": \"https:\/\/www.fisan.com\/fr\/#website\"\n\t            },\n\t            \"primaryImageOfPage\": {\n\t                \"@id\": \"https:\/\/www.fisan.com\/fr\/boutique\/lomo-de-bellota-100-iberico-coupe-en-tranches\/#primaryimage\"\n\t            },\n\t            \"image\": {\n\t                \"@id\": \"https:\/\/www.fisan.com\/fr\/boutique\/lomo-de-bellota-100-iberico-coupe-en-tranches\/#primaryimage\"\n\t            },\n\t            \"thumbnailUrl\": \"https:\/\/www.fisan.com\/wp-content\/uploads\/2022\/10\/lomo-bellota-iberico-100-ag-cm-00.jpg\",\n\t            \"datePublished\": \"2022-11-07T10:54:48+00:00\",\n\t            \"dateModified\": \"2024-11-19T11:36:11+00:00\",\n\t            \"breadcrumb\": {\n\t                \"@id\": \"https:\/\/www.fisan.com\/fr\/boutique\/lomo-de-bellota-100-iberico-coupe-en-tranches\/#breadcrumb\"\n\t            },\n\t            \"inLanguage\": \"fr-FR\",\n\t            \"potentialAction\": [\n\t                {\n\t                    \"@type\": \"ReadAction\",\n\t                    \"target\": [\n\t                        \"https:\/\/www.fisan.com\/fr\/boutique\/lomo-de-bellota-100-iberico-coupe-en-tranches\/\"\n\t                    ]\n\t                }\n\t            ]\n\t        },\n\t        {\n\t            \"@type\": \"ImageObject\",\n\t            \"inLanguage\": \"fr-FR\",\n\t            \"@id\": \"https:\/\/www.fisan.com\/fr\/boutique\/lomo-de-bellota-100-iberico-coupe-en-tranches\/#primaryimage\",\n\t            \"url\": \"https:\/\/www.fisan.com\/wp-content\/uploads\/2022\/10\/lomo-bellota-iberico-100-ag-cm-00.jpg\",\n\t            \"contentUrl\": \"https:\/\/www.fisan.com\/wp-content\/uploads\/2022\/10\/lomo-bellota-iberico-100-ag-cm-00.jpg\",\n\t            \"width\": 1200,\n\t            \"height\": 2400,\n\t            \"caption\": \"LOMO BELLOTA IBERICO\"\n\t        },\n\t        {\n\t            \"@type\": \"BreadcrumbList\",\n\t            \"@id\": \"https:\/\/www.fisan.com\/fr\/boutique\/lomo-de-bellota-100-iberico-coupe-en-tranches\/#breadcrumb\",\n\t            \"itemListElement\": [\n\t                {\n\t                    \"@type\": \"ListItem\",\n\t                    \"position\": 1,\n\t                    \"name\": \"FISAN\",\n\t                    \"item\": \"https:\/\/www.fisan.com\/fr\/\"\n\t                },\n\t                {\n\t                    \"@type\": \"ListItem\",\n\t                    \"position\": 2,\n\t                    \"name\": \"Produits\",\n\t                    \"item\": \"https:\/\/www.fisan.com\/fr\/produits\/\"\n\t                },\n\t                {\n\t                    \"@type\": \"ListItem\",\n\t                    \"position\": 3,\n\t                    \"name\": \"Lomo de Bellota 100% Ib\u00e9rique Alta Gastronomia &#8211; Coup\u00e9 en tranches\"\n\t                }\n\t            ]\n\t        },\n\t        {\n\t            \"@type\": \"WebSite\",\n\t            \"@id\": \"https:\/\/www.fisan.com\/fr\/#website\",\n\t            \"url\": \"https:\/\/www.fisan.com\/fr\/\",\n\t            \"name\": \"FISAN\",\n\t            \"description\": \"FISAN | Jamones de bellota ib\u00e9rico y embutidos ib\u00e9ricos desde 1920\",\n\t            \"potentialAction\": [\n\t                {\n\t                    \"@type\": \"SearchAction\",\n\t                    \"target\": {\n\t                        \"@type\": \"EntryPoint\",\n\t                        \"urlTemplate\": \"https:\/\/www.fisan.com\/fr\/?s={search_term_string}\"\n\t                    },\n\t                    \"query-input\": {\n\t                        \"@type\": \"PropertyValueSpecification\",\n\t                        \"valueRequired\": true,\n\t                        \"valueName\": \"search_term_string\"\n\t                    }\n\t                }\n\t            ],\n\t            \"inLanguage\": \"fr-FR\"\n\t        }\n\t    ]\n\t}<\/script>\n<meta property=\"og:availability\" content=\"out of stock\" \/>\n<meta property=\"product:availability\" content=\"out of stock\" \/>\n<meta property=\"product:retailer_item_id\" content=\"l-bi100-1\" \/>\n<meta property=\"product:condition\" content=\"new\" \/>\n<!-- \/ Yoast SEO plugin. -->","yoast_head_json":{"title":"Lomo de Bellota 100% Ib\u00e9rique Alta Gastronomia - Coup\u00e9 en tranches | FISAN","robots":{"index":"index","follow":"follow","max-snippet":"max-snippet:-1","max-image-preview":"max-image-preview:large","max-video-preview":"max-video-preview:-1"},"canonical":"https:\/\/www.fisan.com\/fr\/boutique\/lomo-de-bellota-100-iberico-coupe-en-tranches\/","og_locale":"fr_FR","og_type":"article","og_title":"Lomo de Bellota 100% Ib\u00e9rique Alta Gastronomia - Coup\u00e9 en tranches | FISAN","og_description":"Le lomo de bellota 100% ib\u00e9rique FISAN se caract\u00e9rise par sa douceur en bouche, sa texture vein\u00e9e et son ar\u00f4me intense. Ce lomo est \u00e9labor\u00e9 suivant une recette de salaison traditionnelle \u00e0 base de paprika, sa viande n\u2019\u00e9tant jamais congel\u00e9e au cours de sa transformation. Il est soigneusement vieilli dans des s\u00e9choirs naturels durant au ... Lire la suite","og_url":"https:\/\/www.fisan.com\/fr\/boutique\/lomo-de-bellota-100-iberico-coupe-en-tranches\/","og_site_name":"FISAN","article_modified_time":"2024-11-19T11:36:11+00:00","og_image":[{"width":1200,"height":2400,"url":"https:\/\/www.fisan.com\/wp-content\/uploads\/2022\/10\/lomo-bellota-iberico-100-ag-cm-00.jpg","type":"image\/jpeg"}],"twitter_card":"summary_large_image","twitter_misc":{"Disponibilit\u00e9":"Rupture de stock"},"schema":{"@context":"https:\/\/schema.org","@graph":[{"@type":"WebPage","@id":"https:\/\/www.fisan.com\/fr\/boutique\/lomo-de-bellota-100-iberico-coupe-en-tranches\/","url":"https:\/\/www.fisan.com\/fr\/boutique\/lomo-de-bellota-100-iberico-coupe-en-tranches\/","name":"Lomo de Bellota 100% Ib\u00e9rique Alta Gastronomia - Coup\u00e9 en tranches | FISAN","isPartOf":{"@id":"https:\/\/www.fisan.com\/fr\/#website"},"primaryImageOfPage":{"@id":"https:\/\/www.fisan.com\/fr\/boutique\/lomo-de-bellota-100-iberico-coupe-en-tranches\/#primaryimage"},"image":{"@id":"https:\/\/www.fisan.com\/fr\/boutique\/lomo-de-bellota-100-iberico-coupe-en-tranches\/#primaryimage"},"thumbnailUrl":"https:\/\/www.fisan.com\/wp-content\/uploads\/2022\/10\/lomo-bellota-iberico-100-ag-cm-00.jpg","datePublished":"2022-11-07T10:54:48+00:00","dateModified":"2024-11-19T11:36:11+00:00","breadcrumb":{"@id":"https:\/\/www.fisan.com\/fr\/boutique\/lomo-de-bellota-100-iberico-coupe-en-tranches\/#breadcrumb"},"inLanguage":"fr-FR","potentialAction":[{"@type":"ReadAction","target":["https:\/\/www.fisan.com\/fr\/boutique\/lomo-de-bellota-100-iberico-coupe-en-tranches\/"]}]},{"@type":"ImageObject","inLanguage":"fr-FR","@id":"https:\/\/www.fisan.com\/fr\/boutique\/lomo-de-bellota-100-iberico-coupe-en-tranches\/#primaryimage","url":"https:\/\/www.fisan.com\/wp-content\/uploads\/2022\/10\/lomo-bellota-iberico-100-ag-cm-00.jpg","contentUrl":"https:\/\/www.fisan.com\/wp-content\/uploads\/2022\/10\/lomo-bellota-iberico-100-ag-cm-00.jpg","width":1200,"height":2400,"caption":"LOMO BELLOTA IBERICO"},{"@type":"BreadcrumbList","@id":"https:\/\/www.fisan.com\/fr\/boutique\/lomo-de-bellota-100-iberico-coupe-en-tranches\/#breadcrumb","itemListElement":[{"@type":"ListItem","position":1,"name":"FISAN","item":"https:\/\/www.fisan.com\/fr\/"},{"@type":"ListItem","position":2,"name":"Produits","item":"https:\/\/www.fisan.com\/fr\/produits\/"},{"@type":"ListItem","position":3,"name":"Lomo de Bellota 100% Ib\u00e9rique Alta Gastronomia &#8211; Coup\u00e9 en tranches"}]},{"@type":"WebSite","@id":"https:\/\/www.fisan.com\/fr\/#website","url":"https:\/\/www.fisan.com\/fr\/","name":"FISAN","description":"FISAN | Jamones de bellota ib\u00e9rico y embutidos ib\u00e9ricos desde 1920","potentialAction":[{"@type":"SearchAction","target":{"@type":"EntryPoint","urlTemplate":"https:\/\/www.fisan.com\/fr\/?s={search_term_string}"},"query-input":{"@type":"PropertyValueSpecification","valueRequired":true,"valueName":"search_term_string"}}],"inLanguage":"fr-FR"}]},"og_availability":"out of stock","product_availability":"out of stock","product_retailer_item_id":"l-bi100-1","product_condition":"new"},"_links":{"self":[{"href":"https:\/\/www.fisan.com\/fr\/wp-json\/wp\/v2\/product\/34046","targetHints":{"allow":["GET"]}}],"collection":[{"href":"https:\/\/www.fisan.com\/fr\/wp-json\/wp\/v2\/product"}],"about":[{"href":"https:\/\/www.fisan.com\/fr\/wp-json\/wp\/v2\/types\/product"}],"version-history":[{"count":8,"href":"https:\/\/www.fisan.com\/fr\/wp-json\/wp\/v2\/product\/34046\/revisions"}],"predecessor-version":[{"id":51574,"href":"https:\/\/www.fisan.com\/fr\/wp-json\/wp\/v2\/product\/34046\/revisions\/51574"}],"wp:featuredmedia":[{"embeddable":true,"href":"https:\/\/www.fisan.com\/fr\/wp-json\/wp\/v2\/media\/24541"}],"wp:attachment":[{"href":"https:\/\/www.fisan.com\/fr\/wp-json\/wp\/v2\/media?parent=34046"}],"wp:term":[{"taxonomy":"product_brand","embeddable":true,"href":"https:\/\/www.fisan.com\/fr\/wp-json\/wp\/v2\/product_brand?post=34046"},{"taxonomy":"product_cat","embeddable":true,"href":"https:\/\/www.fisan.com\/fr\/wp-json\/wp\/v2\/product_cat?post=34046"},{"taxonomy":"product_tag","embeddable":true,"href":"https:\/\/www.fisan.com\/fr\/wp-json\/wp\/v2\/product_tag?post=34046"},{"taxonomy":"gama","embeddable":true,"href":"https:\/\/www.fisan.com\/fr\/wp-json\/wp\/v2\/gama?post=34046"},{"taxonomy":"calidad","embeddable":true,"href":"https:\/\/www.fisan.com\/fr\/wp-json\/wp\/v2\/calidad?post=34046"}],"curies":[{"name":"wp","href":"https:\/\/api.w.org\/{rel}","templated":true}]}}