{"id":34068,"date":"2022-11-18T10:03:42","date_gmt":"2022-11-18T09:03:42","guid":{"rendered":"https:\/\/www.fisan.com\/producto\/jambon-de-bellota-iberico-50-race-iberica-coupe-a-la-main\/"},"modified":"2024-11-26T12:35:37","modified_gmt":"2024-11-26T11:35:37","slug":"jambon-de-bellota-iberique-50-race-iberique-coupe-a-la-main","status":"publish","type":"product","link":"https:\/\/www.fisan.com\/fr\/boutique\/jambon-de-bellota-iberico-50-race-iberica-coupe-a-la-main\/","title":{"rendered":"Jambon de Bellota Ib\u00e9rique 50% Race Ib\u00e9rique Coup\u00e9 \u00e0 la main"},"content":{"rendered":"<p>Pour d\u00e9guster un Jambon de Bellota Ib\u00e9rique 50% Race Ib\u00e9rique FISAN, le plus pratique est d\u2019ouvrir l\u2019un des blisters de jambon coup\u00e9 au couteau que nos experts en d\u00e9coupe pr\u00e9parent avec soin.<\/p>\n<p>&nbsp;<\/p>\n<p>Achetez la bo\u00eete de <strong>30 blisters de 100 g<\/strong> de Jambon de Bellota Ib\u00e9rique 50 % Race Ib\u00e9rique et profitez de la saveur pure du produit Ib\u00e9rique, o\u00f9 vous le voulez.<\/p>\n<p>&nbsp;<\/p>\n<p>Le Jambon de Bellota Ib\u00e9rique 50% Race Ib\u00e9rique se caract\u00e9rise par sa douceur et sa saveur riche en nuances. Gr\u00e2ce \u00e0 ses infiltrations de graisse, ces saveurs et ces ar\u00f4mes restent en bouche de mani\u00e8re prolong\u00e9e. Il est le fruit d\u2019un affinage men\u00e9 avec patience et de la supervision quotidienne de la maturation dans nos caves ouvertes \u00e0 l\u2019air de la montagne.<\/p>\n","protected":false},"excerpt":{"rendered":"<p>Pour d\u00e9guster un Jambon de Bellota Ib\u00e9rique 50% Race Ib\u00e9rique FISAN, le plus pratique est d\u2019ouvrir l\u2019un des blisters de jambon coup\u00e9 au couteau que nos experts en d\u00e9coupe pr\u00e9parent avec soin. &nbsp; Achetez la bo\u00eete de 30 blisters de 100 g de Jambon de Bellota Ib\u00e9rique 50 % Race Ib\u00e9rique et profitez de la &#8230; <a title=\"Jambon de Bellota Ib\u00e9rique 50% Race Ib\u00e9rique Coup\u00e9 \u00e0 la main\" class=\"read-more\" href=\"https:\/\/www.fisan.com\/fr\/boutique\/jambon-de-bellota-iberico-50-race-iberica-coupe-a-la-main\/\" aria-label=\"En savoir plus sur Jambon de Bellota Ib\u00e9rique 50% Race Ib\u00e9rique Coup\u00e9 \u00e0 la main\">Lire la suite<\/a><\/p>\n","protected":false},"featured_media":29849,"template":"","meta":{"_acf_changed":false,"_wp_rev_ctl_limit":""},"product_brand":[],"product_cat":[385,716,296],"product_tag":[524,519],"gama":[1371],"calidad":[338],"class_list":{"0":"post-34068","1":"product","2":"type-product","3":"status-publish","4":"has-post-thumbnail","6":"product_cat-8-coupe-a-la-main-tranche","7":"product_cat-produits-jambon","8":"product_cat-produits-jambon-iberico","9":"product_tag-destacados-sabor-tradicional","10":"product_tag-st","11":"gama-sabor-tradicional-fr-2","12":"calidad-1-bellota-iberico","14":"first","15":"outofstock","16":"taxable","17":"shipping-taxable","18":"purchasable","19":"product-type-variable","20":"has-default-attributes"},"acf":[],"yoast_head":"<!-- This site is optimized with the Yoast SEO plugin v25.4 - https:\/\/yoast.com\/wordpress\/plugins\/seo\/ -->\n<title>Jambon de Bellota Ib\u00e9rique 50% Race Ib\u00e9rique Coup\u00e9 \u00e0 la main | FISAN<\/title>\n<meta name=\"description\" content=\"Jambon de Bellota Ib\u00e9rique 50 % Race Ib\u00e9rique Cortado \u00e0 m\u00e3o FISAN.\" \/>\n<meta name=\"robots\" content=\"index, follow, max-snippet:-1, max-image-preview:large, max-video-preview:-1\" \/>\n<link rel=\"canonical\" href=\"https:\/\/www.fisan.com\/fr\/boutique\/jambon-de-bellota-iberico-50-race-iberica-coupe-a-la-main\/\" \/>\n<meta property=\"og:locale\" content=\"fr_FR\" \/>\n<meta property=\"og:type\" content=\"article\" \/>\n<meta property=\"og:title\" content=\"Jambon de Bellota Ib\u00e9rique 50% Race Ib\u00e9rique Coup\u00e9 \u00e0 la main | FISAN\" \/>\n<meta property=\"og:description\" content=\"Jambon de Bellota Ib\u00e9rique 50 % Race Ib\u00e9rique Cortado \u00e0 m\u00e3o FISAN.\" \/>\n<meta property=\"og:url\" content=\"https:\/\/www.fisan.com\/fr\/boutique\/jambon-de-bellota-iberico-50-race-iberica-coupe-a-la-main\/\" \/>\n<meta property=\"og:site_name\" content=\"FISAN\" \/>\n<meta property=\"article:modified_time\" content=\"2024-11-26T11:35:37+00:00\" \/>\n<meta property=\"og:image\" content=\"https:\/\/www.fisan.com\/wp-content\/uploads\/2023\/01\/jamon-bellota-iberico-50-st-cm-00.jpg\" \/>\n\t<meta property=\"og:image:width\" content=\"1200\" \/>\n\t<meta property=\"og:image:height\" content=\"2400\" \/>\n\t<meta property=\"og:image:type\" content=\"image\/jpeg\" \/>\n<meta name=\"twitter:card\" content=\"summary_large_image\" \/>\n<meta name=\"twitter:label1\" content=\"Disponibilit\u00e9\" \/>\n\t<meta name=\"twitter:data1\" content=\"Rupture de stock\" \/>\n<script type=\"application\/ld+json\" class=\"yoast-schema-graph\">{\n\t    \"@context\": \"https:\/\/schema.org\",\n\t    \"@graph\": [\n\t        {\n\t            \"@type\": \"WebPage\",\n\t            \"@id\": \"https:\/\/www.fisan.com\/fr\/boutique\/jambon-de-bellota-iberico-50-race-iberica-coupe-a-la-main\/\",\n\t            \"url\": \"https:\/\/www.fisan.com\/fr\/boutique\/jambon-de-bellota-iberico-50-race-iberica-coupe-a-la-main\/\",\n\t            \"name\": \"Jambon de Bellota Ib\u00e9rique 50% Race Ib\u00e9rique Coup\u00e9 \u00e0 la main | FISAN\",\n\t            \"isPartOf\": {\n\t                \"@id\": \"https:\/\/www.fisan.com\/fr\/#website\"\n\t            },\n\t            \"primaryImageOfPage\": {\n\t                \"@id\": \"https:\/\/www.fisan.com\/fr\/boutique\/jambon-de-bellota-iberico-50-race-iberica-coupe-a-la-main\/#primaryimage\"\n\t            },\n\t            \"image\": {\n\t                \"@id\": \"https:\/\/www.fisan.com\/fr\/boutique\/jambon-de-bellota-iberico-50-race-iberica-coupe-a-la-main\/#primaryimage\"\n\t            },\n\t            \"thumbnailUrl\": \"https:\/\/www.fisan.com\/wp-content\/uploads\/2023\/01\/jamon-bellota-iberico-50-st-cm-00.jpg\",\n\t            \"datePublished\": \"2022-11-18T09:03:42+00:00\",\n\t            \"dateModified\": \"2024-11-26T11:35:37+00:00\",\n\t            \"description\": \"Jambon de Bellota Ib\u00e9rique 50 % Race Ib\u00e9rique Cortado \u00e0 m\u00e3o FISAN.\",\n\t            \"breadcrumb\": {\n\t                \"@id\": \"https:\/\/www.fisan.com\/fr\/boutique\/jambon-de-bellota-iberico-50-race-iberica-coupe-a-la-main\/#breadcrumb\"\n\t            },\n\t            \"inLanguage\": \"fr-FR\",\n\t            \"potentialAction\": [\n\t                {\n\t                    \"@type\": \"ReadAction\",\n\t                    \"target\": [\n\t                        \"https:\/\/www.fisan.com\/fr\/boutique\/jambon-de-bellota-iberico-50-race-iberica-coupe-a-la-main\/\"\n\t                    ]\n\t                }\n\t            ]\n\t        },\n\t        {\n\t            \"@type\": \"ImageObject\",\n\t            \"inLanguage\": \"fr-FR\",\n\t            \"@id\": \"https:\/\/www.fisan.com\/fr\/boutique\/jambon-de-bellota-iberico-50-race-iberica-coupe-a-la-main\/#primaryimage\",\n\t            \"url\": \"https:\/\/www.fisan.com\/wp-content\/uploads\/2023\/01\/jamon-bellota-iberico-50-st-cm-00.jpg\",\n\t            \"contentUrl\": \"https:\/\/www.fisan.com\/wp-content\/uploads\/2023\/01\/jamon-bellota-iberico-50-st-cm-00.jpg\",\n\t            \"width\": 1200,\n\t            \"height\": 2400,\n\t            \"caption\": \"jamon de bellota ib\u00e9rico FISAN cortado a mano\"\n\t        },\n\t        {\n\t            \"@type\": \"BreadcrumbList\",\n\t            \"@id\": \"https:\/\/www.fisan.com\/fr\/boutique\/jambon-de-bellota-iberico-50-race-iberica-coupe-a-la-main\/#breadcrumb\",\n\t            \"itemListElement\": [\n\t                {\n\t                    \"@type\": \"ListItem\",\n\t                    \"position\": 1,\n\t                    \"name\": \"FISAN\",\n\t                    \"item\": \"https:\/\/www.fisan.com\/fr\/\"\n\t                },\n\t                {\n\t                    \"@type\": \"ListItem\",\n\t                    \"position\": 2,\n\t                    \"name\": \"Produits\",\n\t                    \"item\": \"https:\/\/www.fisan.com\/fr\/produits\/\"\n\t                },\n\t                {\n\t                    \"@type\": \"ListItem\",\n\t                    \"position\": 3,\n\t                    \"name\": \"Jambon de Bellota Ib\u00e9rique 50% Race Ib\u00e9rique Coup\u00e9 \u00e0 la main\"\n\t                }\n\t            ]\n\t        },\n\t        {\n\t            \"@type\": \"WebSite\",\n\t            \"@id\": \"https:\/\/www.fisan.com\/fr\/#website\",\n\t            \"url\": \"https:\/\/www.fisan.com\/fr\/\",\n\t            \"name\": \"FISAN\",\n\t            \"description\": \"FISAN | Jamones de bellota ib\u00e9rico y embutidos ib\u00e9ricos desde 1920\",\n\t            \"potentialAction\": [\n\t                {\n\t                    \"@type\": \"SearchAction\",\n\t                    \"target\": {\n\t                        \"@type\": \"EntryPoint\",\n\t                        \"urlTemplate\": \"https:\/\/www.fisan.com\/fr\/?s={search_term_string}\"\n\t                    },\n\t                    \"query-input\": {\n\t                        \"@type\": \"PropertyValueSpecification\",\n\t                        \"valueRequired\": true,\n\t                        \"valueName\": \"search_term_string\"\n\t                    }\n\t                }\n\t            ],\n\t            \"inLanguage\": \"fr-FR\"\n\t        }\n\t    ]\n\t}<\/script>\n<meta property=\"og:availability\" content=\"out of stock\" \/>\n<meta property=\"product:availability\" content=\"out of stock\" \/>\n<meta property=\"product:retailer_item_id\" content=\"j-bi50CM\" \/>\n<meta property=\"product:condition\" content=\"new\" \/>\n<!-- \/ Yoast SEO plugin. -->","yoast_head_json":{"title":"Jambon de Bellota Ib\u00e9rique 50% Race Ib\u00e9rique Coup\u00e9 \u00e0 la main | FISAN","description":"Jambon de Bellota Ib\u00e9rique 50 % Race Ib\u00e9rique Cortado \u00e0 m\u00e3o FISAN.","robots":{"index":"index","follow":"follow","max-snippet":"max-snippet:-1","max-image-preview":"max-image-preview:large","max-video-preview":"max-video-preview:-1"},"canonical":"https:\/\/www.fisan.com\/fr\/boutique\/jambon-de-bellota-iberico-50-race-iberica-coupe-a-la-main\/","og_locale":"fr_FR","og_type":"article","og_title":"Jambon de Bellota Ib\u00e9rique 50% Race Ib\u00e9rique Coup\u00e9 \u00e0 la main | FISAN","og_description":"Jambon de Bellota Ib\u00e9rique 50 % Race Ib\u00e9rique Cortado \u00e0 m\u00e3o FISAN.","og_url":"https:\/\/www.fisan.com\/fr\/boutique\/jambon-de-bellota-iberico-50-race-iberica-coupe-a-la-main\/","og_site_name":"FISAN","article_modified_time":"2024-11-26T11:35:37+00:00","og_image":[{"width":1200,"height":2400,"url":"https:\/\/www.fisan.com\/wp-content\/uploads\/2023\/01\/jamon-bellota-iberico-50-st-cm-00.jpg","type":"image\/jpeg"}],"twitter_card":"summary_large_image","twitter_misc":{"Disponibilit\u00e9":"Rupture de stock"},"schema":{"@context":"https:\/\/schema.org","@graph":[{"@type":"WebPage","@id":"https:\/\/www.fisan.com\/fr\/boutique\/jambon-de-bellota-iberico-50-race-iberica-coupe-a-la-main\/","url":"https:\/\/www.fisan.com\/fr\/boutique\/jambon-de-bellota-iberico-50-race-iberica-coupe-a-la-main\/","name":"Jambon de Bellota Ib\u00e9rique 50% Race Ib\u00e9rique Coup\u00e9 \u00e0 la main | FISAN","isPartOf":{"@id":"https:\/\/www.fisan.com\/fr\/#website"},"primaryImageOfPage":{"@id":"https:\/\/www.fisan.com\/fr\/boutique\/jambon-de-bellota-iberico-50-race-iberica-coupe-a-la-main\/#primaryimage"},"image":{"@id":"https:\/\/www.fisan.com\/fr\/boutique\/jambon-de-bellota-iberico-50-race-iberica-coupe-a-la-main\/#primaryimage"},"thumbnailUrl":"https:\/\/www.fisan.com\/wp-content\/uploads\/2023\/01\/jamon-bellota-iberico-50-st-cm-00.jpg","datePublished":"2022-11-18T09:03:42+00:00","dateModified":"2024-11-26T11:35:37+00:00","description":"Jambon de Bellota Ib\u00e9rique 50 % Race Ib\u00e9rique Cortado \u00e0 m\u00e3o FISAN.","breadcrumb":{"@id":"https:\/\/www.fisan.com\/fr\/boutique\/jambon-de-bellota-iberico-50-race-iberica-coupe-a-la-main\/#breadcrumb"},"inLanguage":"fr-FR","potentialAction":[{"@type":"ReadAction","target":["https:\/\/www.fisan.com\/fr\/boutique\/jambon-de-bellota-iberico-50-race-iberica-coupe-a-la-main\/"]}]},{"@type":"ImageObject","inLanguage":"fr-FR","@id":"https:\/\/www.fisan.com\/fr\/boutique\/jambon-de-bellota-iberico-50-race-iberica-coupe-a-la-main\/#primaryimage","url":"https:\/\/www.fisan.com\/wp-content\/uploads\/2023\/01\/jamon-bellota-iberico-50-st-cm-00.jpg","contentUrl":"https:\/\/www.fisan.com\/wp-content\/uploads\/2023\/01\/jamon-bellota-iberico-50-st-cm-00.jpg","width":1200,"height":2400,"caption":"jamon de bellota ib\u00e9rico FISAN cortado a mano"},{"@type":"BreadcrumbList","@id":"https:\/\/www.fisan.com\/fr\/boutique\/jambon-de-bellota-iberico-50-race-iberica-coupe-a-la-main\/#breadcrumb","itemListElement":[{"@type":"ListItem","position":1,"name":"FISAN","item":"https:\/\/www.fisan.com\/fr\/"},{"@type":"ListItem","position":2,"name":"Produits","item":"https:\/\/www.fisan.com\/fr\/produits\/"},{"@type":"ListItem","position":3,"name":"Jambon de Bellota Ib\u00e9rique 50% Race Ib\u00e9rique Coup\u00e9 \u00e0 la main"}]},{"@type":"WebSite","@id":"https:\/\/www.fisan.com\/fr\/#website","url":"https:\/\/www.fisan.com\/fr\/","name":"FISAN","description":"FISAN | Jamones de bellota ib\u00e9rico y embutidos ib\u00e9ricos desde 1920","potentialAction":[{"@type":"SearchAction","target":{"@type":"EntryPoint","urlTemplate":"https:\/\/www.fisan.com\/fr\/?s={search_term_string}"},"query-input":{"@type":"PropertyValueSpecification","valueRequired":true,"valueName":"search_term_string"}}],"inLanguage":"fr-FR"}]},"og_availability":"out of stock","product_availability":"out of stock","product_retailer_item_id":"j-bi50CM","product_condition":"new"},"_links":{"self":[{"href":"https:\/\/www.fisan.com\/fr\/wp-json\/wp\/v2\/product\/34068","targetHints":{"allow":["GET"]}}],"collection":[{"href":"https:\/\/www.fisan.com\/fr\/wp-json\/wp\/v2\/product"}],"about":[{"href":"https:\/\/www.fisan.com\/fr\/wp-json\/wp\/v2\/types\/product"}],"version-history":[{"count":6,"href":"https:\/\/www.fisan.com\/fr\/wp-json\/wp\/v2\/product\/34068\/revisions"}],"predecessor-version":[{"id":51842,"href":"https:\/\/www.fisan.com\/fr\/wp-json\/wp\/v2\/product\/34068\/revisions\/51842"}],"wp:featuredmedia":[{"embeddable":true,"href":"https:\/\/www.fisan.com\/fr\/wp-json\/wp\/v2\/media\/29849"}],"wp:attachment":[{"href":"https:\/\/www.fisan.com\/fr\/wp-json\/wp\/v2\/media?parent=34068"}],"wp:term":[{"taxonomy":"product_brand","embeddable":true,"href":"https:\/\/www.fisan.com\/fr\/wp-json\/wp\/v2\/product_brand?post=34068"},{"taxonomy":"product_cat","embeddable":true,"href":"https:\/\/www.fisan.com\/fr\/wp-json\/wp\/v2\/product_cat?post=34068"},{"taxonomy":"product_tag","embeddable":true,"href":"https:\/\/www.fisan.com\/fr\/wp-json\/wp\/v2\/product_tag?post=34068"},{"taxonomy":"gama","embeddable":true,"href":"https:\/\/www.fisan.com\/fr\/wp-json\/wp\/v2\/gama?post=34068"},{"taxonomy":"calidad","embeddable":true,"href":"https:\/\/www.fisan.com\/fr\/wp-json\/wp\/v2\/calidad?post=34068"}],"curies":[{"name":"wp","href":"https:\/\/api.w.org\/{rel}","templated":true}]}}