{"id":34083,"date":"2022-11-17T19:10:24","date_gmt":"2022-11-17T18:10:24","guid":{"rendered":"https:\/\/www.fisan.com\/producto\/epaule-de-bellota-100-iberico-coupe-a-la-main-deluxe\/"},"modified":"2024-11-21T13:21:26","modified_gmt":"2024-11-21T12:21:26","slug":"epaule-de-bellota-100-iberique-coupe-a-la-main-deluxe","status":"publish","type":"product","link":"https:\/\/www.fisan.com\/fr\/boutique\/epaule-de-bellota-100-iberico-coupe-a-la-main-deluxe\/","title":{"rendered":"\u00c9paule de Bellota 100% Ib\u00e9rique Alta Gastronomia Coup\u00e9 \u00e0 la main Deluxe"},"content":{"rendered":"<p>Nos bo\u00eetes d\u2019\u00e9paule coup\u00e9e \u00e0 la main Deluxe sont id\u00e9ales pour tous ceux qui souhaitent d\u00e9guster notre \u00e9paule de bellota ib\u00e9rique de fa\u00e7on pratique et simple. De plus, cette pr\u00e9sentation dans <strong>2 bo\u00eetes de 10 blisters de 100 g<\/strong> vous permet de partager ou d\u2019offrir ce mets exquis avec qui bon vous semble.<\/p>\n<p>&nbsp;<\/p>\n<p><strong>L\u2019\u00e9paule de Bellota 100% Ib\u00e9rique Alta Gastronom\u00eda FISAN<\/strong> est impr\u00e9gn\u00e9e de la saveur intense et fra\u00eeche du p\u00e2turage. L\u2019intensit\u00e9 de sa couleur et son odeur nous emm\u00e8ne jusqu\u2019\u00e0 la cave naturelle o\u00f9 elle repose pendant plus de 36 mois pour le plus grand plaisir des palais les plus fins, gr\u00e2ce \u00e0 son salage optimal.<\/p>\n<p>&nbsp;<\/p>\n<p>Son secret r\u00e9side dans la minutieuse s\u00e9lection des porcs Ib\u00e9riques purs, la patience et le repos dans nos caves naturelles, qui aboutissent <strong>au meilleur \u00c9paule Pata Negra<\/strong> que vous n\u2019ayez jamais connu. Seules les pi\u00e8ces exceptionnelles sont class\u00e9es Alta Gastronom\u00eda.<\/p>\n","protected":false},"excerpt":{"rendered":"<p>Nos bo\u00eetes d\u2019\u00e9paule coup\u00e9e \u00e0 la main Deluxe sont id\u00e9ales pour tous ceux qui souhaitent d\u00e9guster notre \u00e9paule de bellota ib\u00e9rique de fa\u00e7on pratique et simple. De plus, cette pr\u00e9sentation dans 2 bo\u00eetes de 10 blisters de 100 g vous permet de partager ou d\u2019offrir ce mets exquis avec qui bon vous semble. &nbsp; L\u2019\u00e9paule &#8230; <a title=\"\u00c9paule de Bellota 100% Ib\u00e9rique Alta Gastronomia Coup\u00e9 \u00e0 la main Deluxe\" class=\"read-more\" href=\"https:\/\/www.fisan.com\/fr\/boutique\/epaule-de-bellota-100-iberico-coupe-a-la-main-deluxe\/\" aria-label=\"En savoir plus sur \u00c9paule de Bellota 100% Ib\u00e9rique Alta Gastronomia Coup\u00e9 \u00e0 la main Deluxe\">Lire la suite<\/a><\/p>\n","protected":false},"featured_media":24461,"template":"","meta":{"_acf_changed":false,"_wp_rev_ctl_limit":""},"product_brand":[],"product_cat":[385,345],"product_tag":[297],"gama":[435],"calidad":[338],"class_list":{"0":"post-34083","1":"product","2":"type-product","3":"status-publish","4":"has-post-thumbnail","6":"product_cat-8-coupe-a-la-main-tranche","7":"product_cat-2-epaule","8":"product_tag-ag","9":"gama-alta-gastronomia-fr","10":"calidad-1-bellota-iberico","12":"first","13":"instock","14":"taxable","15":"shipping-taxable","16":"purchasable","17":"product-type-variable","18":"has-default-attributes"},"acf":[],"yoast_head":"<!-- This site is optimized with the Yoast SEO plugin v25.4 - https:\/\/yoast.com\/wordpress\/plugins\/seo\/ -->\n<title>\u00c9paule de Bellota 100% Ib\u00e9rique Alta Gastronomia Coup\u00e9 \u00e0 la main Deluxe | FISAN<\/title>\n<meta name=\"description\" content=\"\u00c9paule de Bellota 100% Ib\u00e9rique Coup\u00e9 \u00e0 la main Deluxe FISAN.\" \/>\n<meta name=\"robots\" content=\"index, follow, max-snippet:-1, max-image-preview:large, max-video-preview:-1\" \/>\n<link rel=\"canonical\" href=\"https:\/\/www.fisan.com\/fr\/boutique\/epaule-de-bellota-100-iberico-coupe-a-la-main-deluxe\/\" \/>\n<meta property=\"og:locale\" content=\"fr_FR\" \/>\n<meta property=\"og:type\" content=\"article\" \/>\n<meta property=\"og:title\" content=\"\u00c9paule de Bellota 100% Ib\u00e9rique Alta Gastronomia Coup\u00e9 \u00e0 la main Deluxe | FISAN\" \/>\n<meta property=\"og:description\" content=\"\u00c9paule de Bellota 100% Ib\u00e9rique Coup\u00e9 \u00e0 la main Deluxe FISAN.\" \/>\n<meta property=\"og:url\" content=\"https:\/\/www.fisan.com\/fr\/boutique\/epaule-de-bellota-100-iberico-coupe-a-la-main-deluxe\/\" \/>\n<meta property=\"og:site_name\" content=\"FISAN\" \/>\n<meta property=\"article:modified_time\" content=\"2024-11-21T12:21:26+00:00\" \/>\n<meta property=\"og:image\" content=\"https:\/\/www.fisan.com\/wp-content\/uploads\/2022\/10\/paleta-bellota-iberica-100-ag-2cm10-00.jpg\" \/>\n\t<meta property=\"og:image:width\" content=\"1200\" \/>\n\t<meta property=\"og:image:height\" content=\"2400\" \/>\n\t<meta property=\"og:image:type\" content=\"image\/jpeg\" \/>\n<meta name=\"twitter:card\" content=\"summary_large_image\" \/>\n<meta name=\"twitter:label1\" content=\"Disponibilit\u00e9\" \/>\n\t<meta name=\"twitter:data1\" content=\"En stock\" \/>\n<script type=\"application\/ld+json\" class=\"yoast-schema-graph\">{\n\t    \"@context\": \"https:\/\/schema.org\",\n\t    \"@graph\": [\n\t        {\n\t            \"@type\": \"WebPage\",\n\t            \"@id\": \"https:\/\/www.fisan.com\/fr\/boutique\/epaule-de-bellota-100-iberico-coupe-a-la-main-deluxe\/\",\n\t            \"url\": \"https:\/\/www.fisan.com\/fr\/boutique\/epaule-de-bellota-100-iberico-coupe-a-la-main-deluxe\/\",\n\t            \"name\": \"\u00c9paule de Bellota 100% Ib\u00e9rique Alta Gastronomia Coup\u00e9 \u00e0 la main Deluxe | FISAN\",\n\t            \"isPartOf\": {\n\t                \"@id\": \"https:\/\/www.fisan.com\/fr\/#website\"\n\t            },\n\t            \"primaryImageOfPage\": {\n\t                \"@id\": \"https:\/\/www.fisan.com\/fr\/boutique\/epaule-de-bellota-100-iberico-coupe-a-la-main-deluxe\/#primaryimage\"\n\t            },\n\t            \"image\": {\n\t                \"@id\": \"https:\/\/www.fisan.com\/fr\/boutique\/epaule-de-bellota-100-iberico-coupe-a-la-main-deluxe\/#primaryimage\"\n\t            },\n\t            \"thumbnailUrl\": \"https:\/\/www.fisan.com\/wp-content\/uploads\/2022\/10\/paleta-bellota-iberica-100-ag-2cm10-00.jpg\",\n\t            \"datePublished\": \"2022-11-17T18:10:24+00:00\",\n\t            \"dateModified\": \"2024-11-21T12:21:26+00:00\",\n\t            \"description\": \"\u00c9paule de Bellota 100% Ib\u00e9rique Coup\u00e9 \u00e0 la main Deluxe FISAN.\",\n\t            \"breadcrumb\": {\n\t                \"@id\": \"https:\/\/www.fisan.com\/fr\/boutique\/epaule-de-bellota-100-iberico-coupe-a-la-main-deluxe\/#breadcrumb\"\n\t            },\n\t            \"inLanguage\": \"fr-FR\",\n\t            \"potentialAction\": [\n\t                {\n\t                    \"@type\": \"ReadAction\",\n\t                    \"target\": [\n\t                        \"https:\/\/www.fisan.com\/fr\/boutique\/epaule-de-bellota-100-iberico-coupe-a-la-main-deluxe\/\"\n\t                    ]\n\t                }\n\t            ]\n\t        },\n\t        {\n\t            \"@type\": \"ImageObject\",\n\t            \"inLanguage\": \"fr-FR\",\n\t            \"@id\": \"https:\/\/www.fisan.com\/fr\/boutique\/epaule-de-bellota-100-iberico-coupe-a-la-main-deluxe\/#primaryimage\",\n\t            \"url\": \"https:\/\/www.fisan.com\/wp-content\/uploads\/2022\/10\/paleta-bellota-iberica-100-ag-2cm10-00.jpg\",\n\t            \"contentUrl\": \"https:\/\/www.fisan.com\/wp-content\/uploads\/2022\/10\/paleta-bellota-iberica-100-ag-2cm10-00.jpg\",\n\t            \"width\": 1200,\n\t            \"height\": 2400,\n\t            \"caption\": \"\u00a0\u00c9paule de Bellota 100% Ib\u00e9rique Alta Gastronom\u00eda de FISAN : jambon coup\u00e9 a la main deluxe\"\n\t        },\n\t        {\n\t            \"@type\": \"BreadcrumbList\",\n\t            \"@id\": \"https:\/\/www.fisan.com\/fr\/boutique\/epaule-de-bellota-100-iberico-coupe-a-la-main-deluxe\/#breadcrumb\",\n\t            \"itemListElement\": [\n\t                {\n\t                    \"@type\": \"ListItem\",\n\t                    \"position\": 1,\n\t                    \"name\": \"FISAN\",\n\t                    \"item\": \"https:\/\/www.fisan.com\/fr\/\"\n\t                },\n\t                {\n\t                    \"@type\": \"ListItem\",\n\t                    \"position\": 2,\n\t                    \"name\": \"Produits\",\n\t                    \"item\": \"https:\/\/www.fisan.com\/fr\/produits\/\"\n\t                },\n\t                {\n\t                    \"@type\": \"ListItem\",\n\t                    \"position\": 3,\n\t                    \"name\": \"\u00c9paule de Bellota 100% Ib\u00e9rique Alta Gastronomia Coup\u00e9 \u00e0 la main Deluxe\"\n\t                }\n\t            ]\n\t        },\n\t        {\n\t            \"@type\": \"WebSite\",\n\t            \"@id\": \"https:\/\/www.fisan.com\/fr\/#website\",\n\t            \"url\": \"https:\/\/www.fisan.com\/fr\/\",\n\t            \"name\": \"FISAN\",\n\t            \"description\": \"FISAN | Jamones de bellota ib\u00e9rico y embutidos ib\u00e9ricos desde 1920\",\n\t            \"potentialAction\": [\n\t                {\n\t                    \"@type\": \"SearchAction\",\n\t                    \"target\": {\n\t                        \"@type\": \"EntryPoint\",\n\t                        \"urlTemplate\": \"https:\/\/www.fisan.com\/fr\/?s={search_term_string}\"\n\t                    },\n\t                    \"query-input\": {\n\t                        \"@type\": \"PropertyValueSpecification\",\n\t                        \"valueRequired\": true,\n\t                        \"valueName\": \"search_term_string\"\n\t                    }\n\t                }\n\t            ],\n\t            \"inLanguage\": \"fr-FR\"\n\t        }\n\t    ]\n\t}<\/script>\n<meta property=\"og:availability\" content=\"instock\" \/>\n<meta property=\"product:availability\" content=\"instock\" \/>\n<meta property=\"product:retailer_item_id\" content=\"p-bi100CMD\" \/>\n<meta property=\"product:condition\" content=\"new\" \/>\n<!-- \/ Yoast SEO plugin. -->","yoast_head_json":{"title":"\u00c9paule de Bellota 100% Ib\u00e9rique Alta Gastronomia Coup\u00e9 \u00e0 la main Deluxe | FISAN","description":"\u00c9paule de Bellota 100% Ib\u00e9rique Coup\u00e9 \u00e0 la main Deluxe FISAN.","robots":{"index":"index","follow":"follow","max-snippet":"max-snippet:-1","max-image-preview":"max-image-preview:large","max-video-preview":"max-video-preview:-1"},"canonical":"https:\/\/www.fisan.com\/fr\/boutique\/epaule-de-bellota-100-iberico-coupe-a-la-main-deluxe\/","og_locale":"fr_FR","og_type":"article","og_title":"\u00c9paule de Bellota 100% Ib\u00e9rique Alta Gastronomia Coup\u00e9 \u00e0 la main Deluxe | FISAN","og_description":"\u00c9paule de Bellota 100% Ib\u00e9rique Coup\u00e9 \u00e0 la main Deluxe FISAN.","og_url":"https:\/\/www.fisan.com\/fr\/boutique\/epaule-de-bellota-100-iberico-coupe-a-la-main-deluxe\/","og_site_name":"FISAN","article_modified_time":"2024-11-21T12:21:26+00:00","og_image":[{"width":1200,"height":2400,"url":"https:\/\/www.fisan.com\/wp-content\/uploads\/2022\/10\/paleta-bellota-iberica-100-ag-2cm10-00.jpg","type":"image\/jpeg"}],"twitter_card":"summary_large_image","twitter_misc":{"Disponibilit\u00e9":"En stock"},"schema":{"@context":"https:\/\/schema.org","@graph":[{"@type":"WebPage","@id":"https:\/\/www.fisan.com\/fr\/boutique\/epaule-de-bellota-100-iberico-coupe-a-la-main-deluxe\/","url":"https:\/\/www.fisan.com\/fr\/boutique\/epaule-de-bellota-100-iberico-coupe-a-la-main-deluxe\/","name":"\u00c9paule de Bellota 100% Ib\u00e9rique Alta Gastronomia Coup\u00e9 \u00e0 la main Deluxe | FISAN","isPartOf":{"@id":"https:\/\/www.fisan.com\/fr\/#website"},"primaryImageOfPage":{"@id":"https:\/\/www.fisan.com\/fr\/boutique\/epaule-de-bellota-100-iberico-coupe-a-la-main-deluxe\/#primaryimage"},"image":{"@id":"https:\/\/www.fisan.com\/fr\/boutique\/epaule-de-bellota-100-iberico-coupe-a-la-main-deluxe\/#primaryimage"},"thumbnailUrl":"https:\/\/www.fisan.com\/wp-content\/uploads\/2022\/10\/paleta-bellota-iberica-100-ag-2cm10-00.jpg","datePublished":"2022-11-17T18:10:24+00:00","dateModified":"2024-11-21T12:21:26+00:00","description":"\u00c9paule de Bellota 100% Ib\u00e9rique Coup\u00e9 \u00e0 la main Deluxe FISAN.","breadcrumb":{"@id":"https:\/\/www.fisan.com\/fr\/boutique\/epaule-de-bellota-100-iberico-coupe-a-la-main-deluxe\/#breadcrumb"},"inLanguage":"fr-FR","potentialAction":[{"@type":"ReadAction","target":["https:\/\/www.fisan.com\/fr\/boutique\/epaule-de-bellota-100-iberico-coupe-a-la-main-deluxe\/"]}]},{"@type":"ImageObject","inLanguage":"fr-FR","@id":"https:\/\/www.fisan.com\/fr\/boutique\/epaule-de-bellota-100-iberico-coupe-a-la-main-deluxe\/#primaryimage","url":"https:\/\/www.fisan.com\/wp-content\/uploads\/2022\/10\/paleta-bellota-iberica-100-ag-2cm10-00.jpg","contentUrl":"https:\/\/www.fisan.com\/wp-content\/uploads\/2022\/10\/paleta-bellota-iberica-100-ag-2cm10-00.jpg","width":1200,"height":2400,"caption":"\u00a0\u00c9paule de Bellota 100% Ib\u00e9rique Alta Gastronom\u00eda de FISAN : jambon coup\u00e9 a la main deluxe"},{"@type":"BreadcrumbList","@id":"https:\/\/www.fisan.com\/fr\/boutique\/epaule-de-bellota-100-iberico-coupe-a-la-main-deluxe\/#breadcrumb","itemListElement":[{"@type":"ListItem","position":1,"name":"FISAN","item":"https:\/\/www.fisan.com\/fr\/"},{"@type":"ListItem","position":2,"name":"Produits","item":"https:\/\/www.fisan.com\/fr\/produits\/"},{"@type":"ListItem","position":3,"name":"\u00c9paule de Bellota 100% Ib\u00e9rique Alta Gastronomia Coup\u00e9 \u00e0 la main Deluxe"}]},{"@type":"WebSite","@id":"https:\/\/www.fisan.com\/fr\/#website","url":"https:\/\/www.fisan.com\/fr\/","name":"FISAN","description":"FISAN | Jamones de bellota ib\u00e9rico y embutidos ib\u00e9ricos desde 1920","potentialAction":[{"@type":"SearchAction","target":{"@type":"EntryPoint","urlTemplate":"https:\/\/www.fisan.com\/fr\/?s={search_term_string}"},"query-input":{"@type":"PropertyValueSpecification","valueRequired":true,"valueName":"search_term_string"}}],"inLanguage":"fr-FR"}]},"og_availability":"instock","product_availability":"instock","product_retailer_item_id":"p-bi100CMD","product_condition":"new"},"_links":{"self":[{"href":"https:\/\/www.fisan.com\/fr\/wp-json\/wp\/v2\/product\/34083","targetHints":{"allow":["GET"]}}],"collection":[{"href":"https:\/\/www.fisan.com\/fr\/wp-json\/wp\/v2\/product"}],"about":[{"href":"https:\/\/www.fisan.com\/fr\/wp-json\/wp\/v2\/types\/product"}],"version-history":[{"count":12,"href":"https:\/\/www.fisan.com\/fr\/wp-json\/wp\/v2\/product\/34083\/revisions"}],"predecessor-version":[{"id":51669,"href":"https:\/\/www.fisan.com\/fr\/wp-json\/wp\/v2\/product\/34083\/revisions\/51669"}],"wp:featuredmedia":[{"embeddable":true,"href":"https:\/\/www.fisan.com\/fr\/wp-json\/wp\/v2\/media\/24461"}],"wp:attachment":[{"href":"https:\/\/www.fisan.com\/fr\/wp-json\/wp\/v2\/media?parent=34083"}],"wp:term":[{"taxonomy":"product_brand","embeddable":true,"href":"https:\/\/www.fisan.com\/fr\/wp-json\/wp\/v2\/product_brand?post=34083"},{"taxonomy":"product_cat","embeddable":true,"href":"https:\/\/www.fisan.com\/fr\/wp-json\/wp\/v2\/product_cat?post=34083"},{"taxonomy":"product_tag","embeddable":true,"href":"https:\/\/www.fisan.com\/fr\/wp-json\/wp\/v2\/product_tag?post=34083"},{"taxonomy":"gama","embeddable":true,"href":"https:\/\/www.fisan.com\/fr\/wp-json\/wp\/v2\/gama?post=34083"},{"taxonomy":"calidad","embeddable":true,"href":"https:\/\/www.fisan.com\/fr\/wp-json\/wp\/v2\/calidad?post=34083"}],"curies":[{"name":"wp","href":"https:\/\/api.w.org\/{rel}","templated":true}]}}