{"id":34093,"date":"2022-11-17T18:46:04","date_gmt":"2022-11-17T17:46:04","guid":{"rendered":"https:\/\/www.fisan.com\/producto\/jambon-de-bellota-75-iberico-coupe-a-la-main-deluxe\/"},"modified":"2024-11-26T11:49:54","modified_gmt":"2024-11-26T10:49:54","slug":"jambon-de-bellota-iberique-75-rase-iberique-coupe-a-la-main-deluxe","status":"publish","type":"product","link":"https:\/\/www.fisan.com\/fr\/boutique\/jambon-de-bellota-75-iberico-coupe-a-la-main-deluxe\/","title":{"rendered":"Jambon de Bellota Ib\u00e9rique 75% Rase Ib\u00e9rique Alta Gastronomia Coup\u00e9 \u00e0 la main Deluxe"},"content":{"rendered":"<p>Comme les meilleurs cadeaux sont toujours emball\u00e9s dans des petites bo\u00eetes, nous vous recommandons ce format id\u00e9al \u00e0 offrir : <strong>3 bo\u00eetes de 10 blisters de 100 g<\/strong> de Jambon de Bellota Ib\u00e9rique 75% Rase Ib\u00e9rique.<\/p>\n<p>&nbsp;<\/p>\n<p>Chaque blister de 100 grammes de jambon de Bellota FISAN permet d\u2019appr\u00e9cier la douceur, la saveur intense, ainsi que l\u2019odeur profonde, fra\u00eeche et durable d\u2019un v\u00e9ritable <strong>Jambon de Bellota Ib\u00e9rique 75% Rase Ib\u00e9rique Alta Gastronom\u00eda<\/strong>, le berceau du meilleur jambon de Bellota.<\/p>\n<p>&nbsp;<\/p>\n<p>Le secret de nos jambons de Bellota Ib\u00e9rique r\u00e9side dans la s\u00e9lection \u00e0 l\u2019origine de la mati\u00e8re premi\u00e8re, la patience et les plus de 50 mois d\u2019affinage dans nos caves naturelles, qui aboutissent au meilleur jambon de Bellota Ib\u00e9rique que votre palais n\u2019ait jamais connu. Seules les pi\u00e8ces exceptionnelles sont class\u00e9es Alta Gastronom\u00eda.<\/p>\n","protected":false},"excerpt":{"rendered":"<p>Comme les meilleurs cadeaux sont toujours emball\u00e9s dans des petites bo\u00eetes, nous vous recommandons ce format id\u00e9al \u00e0 offrir : 3 bo\u00eetes de 10 blisters de 100 g de Jambon de Bellota Ib\u00e9rique 75% Rase Ib\u00e9rique. &nbsp; Chaque blister de 100 grammes de jambon de Bellota FISAN permet d\u2019appr\u00e9cier la douceur, la saveur intense, ainsi &#8230; <a title=\"Jambon de Bellota Ib\u00e9rique 75% Rase Ib\u00e9rique Alta Gastronomia Coup\u00e9 \u00e0 la main Deluxe\" class=\"read-more\" href=\"https:\/\/www.fisan.com\/fr\/boutique\/jambon-de-bellota-75-iberico-coupe-a-la-main-deluxe\/\" aria-label=\"En savoir plus sur Jambon de Bellota Ib\u00e9rique 75% Rase Ib\u00e9rique Alta Gastronomia Coup\u00e9 \u00e0 la main Deluxe\">Lire la suite<\/a><\/p>\n","protected":false},"featured_media":24441,"template":"","meta":{"_acf_changed":false,"_wp_rev_ctl_limit":""},"product_brand":[],"product_cat":[385,716,296],"product_tag":[297],"gama":[435],"calidad":[338],"class_list":{"0":"post-34093","1":"product","2":"type-product","3":"status-publish","4":"has-post-thumbnail","6":"product_cat-8-coupe-a-la-main-tranche","7":"product_cat-produits-jambon","8":"product_cat-produits-jambon-iberico","9":"product_tag-ag","10":"gama-alta-gastronomia-fr","11":"calidad-1-bellota-iberico","13":"first","14":"instock","15":"taxable","16":"shipping-taxable","17":"purchasable","18":"product-type-variable","19":"has-default-attributes"},"acf":[],"yoast_head":"<!-- This site is optimized with the Yoast SEO plugin v25.4 - https:\/\/yoast.com\/wordpress\/plugins\/seo\/ -->\n<title>Jambon de Bellota Ib\u00e9rique 75% Rase Ib\u00e9rique Alta Gastronomia Coup\u00e9 \u00e0 la main Deluxe | FISAN<\/title>\n<meta name=\"robots\" content=\"index, follow, max-snippet:-1, max-image-preview:large, max-video-preview:-1\" \/>\n<link rel=\"canonical\" href=\"https:\/\/www.fisan.com\/fr\/boutique\/jambon-de-bellota-75-iberico-coupe-a-la-main-deluxe\/\" \/>\n<meta property=\"og:locale\" content=\"fr_FR\" \/>\n<meta property=\"og:type\" content=\"article\" \/>\n<meta property=\"og:title\" content=\"Jambon de Bellota Ib\u00e9rique 75% Rase Ib\u00e9rique Alta Gastronomia Coup\u00e9 \u00e0 la main Deluxe | FISAN\" \/>\n<meta property=\"og:description\" content=\"Comme les meilleurs cadeaux sont toujours emball\u00e9s dans des petites bo\u00eetes, nous vous recommandons ce format id\u00e9al \u00e0 offrir : 3 bo\u00eetes de 10 blisters de 100 g de Jambon de Bellota Ib\u00e9rique 75% Rase Ib\u00e9rique. &nbsp; Chaque blister de 100 grammes de jambon de Bellota FISAN permet d\u2019appr\u00e9cier la douceur, la saveur intense, ainsi ... Lire la suite\" \/>\n<meta property=\"og:url\" content=\"https:\/\/www.fisan.com\/fr\/boutique\/jambon-de-bellota-75-iberico-coupe-a-la-main-deluxe\/\" \/>\n<meta property=\"og:site_name\" content=\"FISAN\" \/>\n<meta property=\"article:modified_time\" content=\"2024-11-26T10:49:54+00:00\" \/>\n<meta property=\"og:image\" content=\"https:\/\/www.fisan.com\/wp-content\/uploads\/2022\/10\/jamon-bellota-iberico-75-ag-3cm10-00.jpg\" \/>\n\t<meta property=\"og:image:width\" content=\"1200\" \/>\n\t<meta property=\"og:image:height\" content=\"2400\" \/>\n\t<meta property=\"og:image:type\" content=\"image\/jpeg\" \/>\n<meta name=\"twitter:card\" content=\"summary_large_image\" \/>\n<meta name=\"twitter:label1\" content=\"Disponibilit\u00e9\" \/>\n\t<meta name=\"twitter:data1\" content=\"En stock\" \/>\n<script type=\"application\/ld+json\" class=\"yoast-schema-graph\">{\n\t    \"@context\": \"https:\/\/schema.org\",\n\t    \"@graph\": [\n\t        {\n\t            \"@type\": \"WebPage\",\n\t            \"@id\": \"https:\/\/www.fisan.com\/fr\/boutique\/jambon-de-bellota-75-iberico-coupe-a-la-main-deluxe\/\",\n\t            \"url\": \"https:\/\/www.fisan.com\/fr\/boutique\/jambon-de-bellota-75-iberico-coupe-a-la-main-deluxe\/\",\n\t            \"name\": \"Jambon de Bellota Ib\u00e9rique 75% Rase Ib\u00e9rique Alta Gastronomia Coup\u00e9 \u00e0 la main Deluxe | FISAN\",\n\t            \"isPartOf\": {\n\t                \"@id\": \"https:\/\/www.fisan.com\/fr\/#website\"\n\t            },\n\t            \"primaryImageOfPage\": {\n\t                \"@id\": \"https:\/\/www.fisan.com\/fr\/boutique\/jambon-de-bellota-75-iberico-coupe-a-la-main-deluxe\/#primaryimage\"\n\t            },\n\t            \"image\": {\n\t                \"@id\": \"https:\/\/www.fisan.com\/fr\/boutique\/jambon-de-bellota-75-iberico-coupe-a-la-main-deluxe\/#primaryimage\"\n\t            },\n\t            \"thumbnailUrl\": \"https:\/\/www.fisan.com\/wp-content\/uploads\/2022\/10\/jamon-bellota-iberico-75-ag-3cm10-00.jpg\",\n\t            \"datePublished\": \"2022-11-17T17:46:04+00:00\",\n\t            \"dateModified\": \"2024-11-26T10:49:54+00:00\",\n\t            \"breadcrumb\": {\n\t                \"@id\": \"https:\/\/www.fisan.com\/fr\/boutique\/jambon-de-bellota-75-iberico-coupe-a-la-main-deluxe\/#breadcrumb\"\n\t            },\n\t            \"inLanguage\": \"fr-FR\",\n\t            \"potentialAction\": [\n\t                {\n\t                    \"@type\": \"ReadAction\",\n\t                    \"target\": [\n\t                        \"https:\/\/www.fisan.com\/fr\/boutique\/jambon-de-bellota-75-iberico-coupe-a-la-main-deluxe\/\"\n\t                    ]\n\t                }\n\t            ]\n\t        },\n\t        {\n\t            \"@type\": \"ImageObject\",\n\t            \"inLanguage\": \"fr-FR\",\n\t            \"@id\": \"https:\/\/www.fisan.com\/fr\/boutique\/jambon-de-bellota-75-iberico-coupe-a-la-main-deluxe\/#primaryimage\",\n\t            \"url\": \"https:\/\/www.fisan.com\/wp-content\/uploads\/2022\/10\/jamon-bellota-iberico-75-ag-3cm10-00.jpg\",\n\t            \"contentUrl\": \"https:\/\/www.fisan.com\/wp-content\/uploads\/2022\/10\/jamon-bellota-iberico-75-ag-3cm10-00.jpg\",\n\t            \"width\": 1200,\n\t            \"height\": 2400,\n\t            \"caption\": \"JAMON BELLOTA IBERICO presentaci\u00f3n\"\n\t        },\n\t        {\n\t            \"@type\": \"BreadcrumbList\",\n\t            \"@id\": \"https:\/\/www.fisan.com\/fr\/boutique\/jambon-de-bellota-75-iberico-coupe-a-la-main-deluxe\/#breadcrumb\",\n\t            \"itemListElement\": [\n\t                {\n\t                    \"@type\": \"ListItem\",\n\t                    \"position\": 1,\n\t                    \"name\": \"FISAN\",\n\t                    \"item\": \"https:\/\/www.fisan.com\/fr\/\"\n\t                },\n\t                {\n\t                    \"@type\": \"ListItem\",\n\t                    \"position\": 2,\n\t                    \"name\": \"Produits\",\n\t                    \"item\": \"https:\/\/www.fisan.com\/fr\/produits\/\"\n\t                },\n\t                {\n\t                    \"@type\": \"ListItem\",\n\t                    \"position\": 3,\n\t                    \"name\": \"Jambon de Bellota Ib\u00e9rique 75% Rase Ib\u00e9rique Alta Gastronomia Coup\u00e9 \u00e0 la main Deluxe\"\n\t                }\n\t            ]\n\t        },\n\t        {\n\t            \"@type\": \"WebSite\",\n\t            \"@id\": \"https:\/\/www.fisan.com\/fr\/#website\",\n\t            \"url\": \"https:\/\/www.fisan.com\/fr\/\",\n\t            \"name\": \"FISAN\",\n\t            \"description\": \"FISAN | Jamones de bellota ib\u00e9rico y embutidos ib\u00e9ricos desde 1920\",\n\t            \"potentialAction\": [\n\t                {\n\t                    \"@type\": \"SearchAction\",\n\t                    \"target\": {\n\t                        \"@type\": \"EntryPoint\",\n\t                        \"urlTemplate\": \"https:\/\/www.fisan.com\/fr\/?s={search_term_string}\"\n\t                    },\n\t                    \"query-input\": {\n\t                        \"@type\": \"PropertyValueSpecification\",\n\t                        \"valueRequired\": true,\n\t                        \"valueName\": \"search_term_string\"\n\t                    }\n\t                }\n\t            ],\n\t            \"inLanguage\": \"fr-FR\"\n\t        }\n\t    ]\n\t}<\/script>\n<meta property=\"og:availability\" content=\"instock\" \/>\n<meta property=\"product:availability\" content=\"instock\" \/>\n<meta property=\"product:retailer_item_id\" content=\"j-bi75CMD\" \/>\n<meta property=\"product:condition\" content=\"new\" \/>\n<!-- \/ Yoast SEO plugin. -->","yoast_head_json":{"title":"Jambon de Bellota Ib\u00e9rique 75% Rase Ib\u00e9rique Alta Gastronomia Coup\u00e9 \u00e0 la main Deluxe | FISAN","robots":{"index":"index","follow":"follow","max-snippet":"max-snippet:-1","max-image-preview":"max-image-preview:large","max-video-preview":"max-video-preview:-1"},"canonical":"https:\/\/www.fisan.com\/fr\/boutique\/jambon-de-bellota-75-iberico-coupe-a-la-main-deluxe\/","og_locale":"fr_FR","og_type":"article","og_title":"Jambon de Bellota Ib\u00e9rique 75% Rase Ib\u00e9rique Alta Gastronomia Coup\u00e9 \u00e0 la main Deluxe | FISAN","og_description":"Comme les meilleurs cadeaux sont toujours emball\u00e9s dans des petites bo\u00eetes, nous vous recommandons ce format id\u00e9al \u00e0 offrir : 3 bo\u00eetes de 10 blisters de 100 g de Jambon de Bellota Ib\u00e9rique 75% Rase Ib\u00e9rique. &nbsp; Chaque blister de 100 grammes de jambon de Bellota FISAN permet d\u2019appr\u00e9cier la douceur, la saveur intense, ainsi ... Lire la suite","og_url":"https:\/\/www.fisan.com\/fr\/boutique\/jambon-de-bellota-75-iberico-coupe-a-la-main-deluxe\/","og_site_name":"FISAN","article_modified_time":"2024-11-26T10:49:54+00:00","og_image":[{"width":1200,"height":2400,"url":"https:\/\/www.fisan.com\/wp-content\/uploads\/2022\/10\/jamon-bellota-iberico-75-ag-3cm10-00.jpg","type":"image\/jpeg"}],"twitter_card":"summary_large_image","twitter_misc":{"Disponibilit\u00e9":"En stock"},"schema":{"@context":"https:\/\/schema.org","@graph":[{"@type":"WebPage","@id":"https:\/\/www.fisan.com\/fr\/boutique\/jambon-de-bellota-75-iberico-coupe-a-la-main-deluxe\/","url":"https:\/\/www.fisan.com\/fr\/boutique\/jambon-de-bellota-75-iberico-coupe-a-la-main-deluxe\/","name":"Jambon de Bellota Ib\u00e9rique 75% Rase Ib\u00e9rique Alta Gastronomia Coup\u00e9 \u00e0 la main Deluxe | FISAN","isPartOf":{"@id":"https:\/\/www.fisan.com\/fr\/#website"},"primaryImageOfPage":{"@id":"https:\/\/www.fisan.com\/fr\/boutique\/jambon-de-bellota-75-iberico-coupe-a-la-main-deluxe\/#primaryimage"},"image":{"@id":"https:\/\/www.fisan.com\/fr\/boutique\/jambon-de-bellota-75-iberico-coupe-a-la-main-deluxe\/#primaryimage"},"thumbnailUrl":"https:\/\/www.fisan.com\/wp-content\/uploads\/2022\/10\/jamon-bellota-iberico-75-ag-3cm10-00.jpg","datePublished":"2022-11-17T17:46:04+00:00","dateModified":"2024-11-26T10:49:54+00:00","breadcrumb":{"@id":"https:\/\/www.fisan.com\/fr\/boutique\/jambon-de-bellota-75-iberico-coupe-a-la-main-deluxe\/#breadcrumb"},"inLanguage":"fr-FR","potentialAction":[{"@type":"ReadAction","target":["https:\/\/www.fisan.com\/fr\/boutique\/jambon-de-bellota-75-iberico-coupe-a-la-main-deluxe\/"]}]},{"@type":"ImageObject","inLanguage":"fr-FR","@id":"https:\/\/www.fisan.com\/fr\/boutique\/jambon-de-bellota-75-iberico-coupe-a-la-main-deluxe\/#primaryimage","url":"https:\/\/www.fisan.com\/wp-content\/uploads\/2022\/10\/jamon-bellota-iberico-75-ag-3cm10-00.jpg","contentUrl":"https:\/\/www.fisan.com\/wp-content\/uploads\/2022\/10\/jamon-bellota-iberico-75-ag-3cm10-00.jpg","width":1200,"height":2400,"caption":"JAMON BELLOTA IBERICO presentaci\u00f3n"},{"@type":"BreadcrumbList","@id":"https:\/\/www.fisan.com\/fr\/boutique\/jambon-de-bellota-75-iberico-coupe-a-la-main-deluxe\/#breadcrumb","itemListElement":[{"@type":"ListItem","position":1,"name":"FISAN","item":"https:\/\/www.fisan.com\/fr\/"},{"@type":"ListItem","position":2,"name":"Produits","item":"https:\/\/www.fisan.com\/fr\/produits\/"},{"@type":"ListItem","position":3,"name":"Jambon de Bellota Ib\u00e9rique 75% Rase Ib\u00e9rique Alta Gastronomia Coup\u00e9 \u00e0 la main Deluxe"}]},{"@type":"WebSite","@id":"https:\/\/www.fisan.com\/fr\/#website","url":"https:\/\/www.fisan.com\/fr\/","name":"FISAN","description":"FISAN | Jamones de bellota ib\u00e9rico y embutidos ib\u00e9ricos desde 1920","potentialAction":[{"@type":"SearchAction","target":{"@type":"EntryPoint","urlTemplate":"https:\/\/www.fisan.com\/fr\/?s={search_term_string}"},"query-input":{"@type":"PropertyValueSpecification","valueRequired":true,"valueName":"search_term_string"}}],"inLanguage":"fr-FR"}]},"og_availability":"instock","product_availability":"instock","product_retailer_item_id":"j-bi75CMD","product_condition":"new"},"_links":{"self":[{"href":"https:\/\/www.fisan.com\/fr\/wp-json\/wp\/v2\/product\/34093","targetHints":{"allow":["GET"]}}],"collection":[{"href":"https:\/\/www.fisan.com\/fr\/wp-json\/wp\/v2\/product"}],"about":[{"href":"https:\/\/www.fisan.com\/fr\/wp-json\/wp\/v2\/types\/product"}],"version-history":[{"count":8,"href":"https:\/\/www.fisan.com\/fr\/wp-json\/wp\/v2\/product\/34093\/revisions"}],"predecessor-version":[{"id":51841,"href":"https:\/\/www.fisan.com\/fr\/wp-json\/wp\/v2\/product\/34093\/revisions\/51841"}],"wp:featuredmedia":[{"embeddable":true,"href":"https:\/\/www.fisan.com\/fr\/wp-json\/wp\/v2\/media\/24441"}],"wp:attachment":[{"href":"https:\/\/www.fisan.com\/fr\/wp-json\/wp\/v2\/media?parent=34093"}],"wp:term":[{"taxonomy":"product_brand","embeddable":true,"href":"https:\/\/www.fisan.com\/fr\/wp-json\/wp\/v2\/product_brand?post=34093"},{"taxonomy":"product_cat","embeddable":true,"href":"https:\/\/www.fisan.com\/fr\/wp-json\/wp\/v2\/product_cat?post=34093"},{"taxonomy":"product_tag","embeddable":true,"href":"https:\/\/www.fisan.com\/fr\/wp-json\/wp\/v2\/product_tag?post=34093"},{"taxonomy":"gama","embeddable":true,"href":"https:\/\/www.fisan.com\/fr\/wp-json\/wp\/v2\/gama?post=34093"},{"taxonomy":"calidad","embeddable":true,"href":"https:\/\/www.fisan.com\/fr\/wp-json\/wp\/v2\/calidad?post=34093"}],"curies":[{"name":"wp","href":"https:\/\/api.w.org\/{rel}","templated":true}]}}