{"id":34246,"date":"2022-11-18T11:46:10","date_gmt":"2022-11-18T10:46:10","guid":{"rendered":"https:\/\/www.fisan.com\/producto\/jambon-de-cebo-de-campo-iberico-50-race-iberica-coupe-a-la-main\/"},"modified":"2024-10-16T09:09:53","modified_gmt":"2024-10-16T07:09:53","slug":"jambon-de-cebo-de-campo-iberique-50-race-iberique-coupe-a-la-main","status":"publish","type":"product","link":"https:\/\/www.fisan.com\/fr\/boutique\/jambon-de-cebo-de-campo-iberico-50-race-iberica-coupe-a-la-main\/","title":{"rendered":"Jambon de Cebo de Campo Ib\u00e9rique 50% Race Ib\u00e9rique Coup\u00e9 \u00e0 la main"},"content":{"rendered":"<p>D\u00e9sormais, vous pouvez d\u00e9guster le meilleur Jambon de Cebo de Campo Ib\u00e9rique 50% Race Ib\u00e9rique au format coup\u00e9 au couteau.<\/p>\n<p>&nbsp;<\/p>\n<p><strong>30 blisters de 100 g dans un \u00e9l\u00e9gant packaging<\/strong>, id\u00e9al \u00e0 offrir ou simplement pour profiter de toute la saveur traditionnelle des produits Ib\u00e9riques FISAN.<\/p>\n<p>&nbsp;<\/p>\n<p>Les pi\u00e8ces de Jambon de Cebo de Campo Ib\u00e9rique 50% Race Ib\u00e9rique proviennent de porcs Ib\u00e9riques \u00e9lev\u00e9s en libert\u00e9. Ils ont \u00e9t\u00e9 nourris \u00e0 base de fourrages naturels et de ressources des pr\u00e9s. L\u2019ar\u00f4me et la douceur font de chaque pi\u00e8ce un mets d\u00e9licat pour ravir le palais des amateurs de la gastronomie.<\/p>\n","protected":false},"excerpt":{"rendered":"<p>D\u00e9sormais, vous pouvez d\u00e9guster le meilleur Jambon de Cebo de Campo Ib\u00e9rique 50% Race Ib\u00e9rique au format coup\u00e9 au couteau. &nbsp; 30 blisters de 100 g dans un \u00e9l\u00e9gant packaging, id\u00e9al \u00e0 offrir ou simplement pour profiter de toute la saveur traditionnelle des produits Ib\u00e9riques FISAN. &nbsp; Les pi\u00e8ces de Jambon de Cebo de Campo &#8230; <a title=\"Jambon de Cebo de Campo Ib\u00e9rique 50% Race Ib\u00e9rique Coup\u00e9 \u00e0 la main\" class=\"read-more\" href=\"https:\/\/www.fisan.com\/fr\/boutique\/jambon-de-cebo-de-campo-iberico-50-race-iberica-coupe-a-la-main\/\" aria-label=\"En savoir plus sur Jambon de Cebo de Campo Ib\u00e9rique 50% Race Ib\u00e9rique Coup\u00e9 \u00e0 la main\">Lire la suite<\/a><\/p>\n","protected":false},"featured_media":29928,"template":"","meta":{"_acf_changed":false,"_wp_rev_ctl_limit":""},"product_brand":[],"product_cat":[385,296],"product_tag":[519],"gama":[1371],"calidad":[503],"class_list":{"0":"post-34246","1":"product","2":"type-product","3":"status-publish","4":"has-post-thumbnail","6":"product_cat-8-coupe-a-la-main-tranche","7":"product_cat-produits-jambon-iberico","8":"product_tag-st","9":"gama-sabor-tradicional-fr-2","10":"calidad-2-cebo-de-campo-iberico-fr","12":"first","13":"no_disponible_online","14":"taxable","15":"shipping-taxable","16":"product-type-simple"},"acf":[],"yoast_head":"<!-- This site is optimized with the Yoast SEO plugin v25.4 - https:\/\/yoast.com\/wordpress\/plugins\/seo\/ -->\n<title>Jambon de Cebo de Campo Ib\u00e9rique 50% Race Ib\u00e9rique Coup\u00e9 \u00e0 la main | FISAN<\/title>\n<meta name=\"description\" content=\"Jambon de Cebo de Campo Ib\u00e9rique 50% Race Ib\u00e9rique Coupe \u00e0 la main FISAN.\" \/>\n<meta name=\"robots\" content=\"index, follow, max-snippet:-1, max-image-preview:large, max-video-preview:-1\" \/>\n<link rel=\"canonical\" href=\"https:\/\/www.fisan.com\/fr\/boutique\/jambon-de-cebo-de-campo-iberico-50-race-iberica-coupe-a-la-main\/\" \/>\n<meta property=\"og:locale\" content=\"fr_FR\" \/>\n<meta property=\"og:type\" content=\"article\" \/>\n<meta property=\"og:title\" content=\"Jambon de Cebo de Campo Ib\u00e9rique 50% Race Ib\u00e9rique Coup\u00e9 \u00e0 la main | FISAN\" \/>\n<meta property=\"og:description\" content=\"Jambon de Cebo de Campo Ib\u00e9rique 50% Race Ib\u00e9rique Coupe \u00e0 la main FISAN.\" \/>\n<meta property=\"og:url\" content=\"https:\/\/www.fisan.com\/fr\/boutique\/jambon-de-cebo-de-campo-iberico-50-race-iberica-coupe-a-la-main\/\" \/>\n<meta property=\"og:site_name\" content=\"FISAN\" \/>\n<meta property=\"article:modified_time\" content=\"2024-10-16T07:09:53+00:00\" \/>\n<meta property=\"og:image\" content=\"https:\/\/www.fisan.com\/wp-content\/uploads\/2022\/11\/jamon-cebocampo-iberico-50-st-cm-00.jpg\" \/>\n\t<meta property=\"og:image:width\" content=\"1200\" \/>\n\t<meta property=\"og:image:height\" content=\"2400\" \/>\n\t<meta property=\"og:image:type\" content=\"image\/jpeg\" \/>\n<meta name=\"twitter:card\" content=\"summary_large_image\" \/>\n<meta name=\"twitter:label1\" content=\"Prix\" \/>\n\t<meta name=\"twitter:data1\" content=\"\" \/>\n\t<meta name=\"twitter:label2\" content=\"Disponibilit\u00e9\" \/>\n\t<meta name=\"twitter:data2\" content=\"En stock\" \/>\n<script type=\"application\/ld+json\" class=\"yoast-schema-graph\">{\n\t    \"@context\": \"https:\/\/schema.org\",\n\t    \"@graph\": [\n\t        {\n\t            \"@type\": \"WebPage\",\n\t            \"@id\": \"https:\/\/www.fisan.com\/fr\/boutique\/jambon-de-cebo-de-campo-iberico-50-race-iberica-coupe-a-la-main\/\",\n\t            \"url\": \"https:\/\/www.fisan.com\/fr\/boutique\/jambon-de-cebo-de-campo-iberico-50-race-iberica-coupe-a-la-main\/\",\n\t            \"name\": \"Jambon de Cebo de Campo Ib\u00e9rique 50% Race Ib\u00e9rique Coup\u00e9 \u00e0 la main | FISAN\",\n\t            \"isPartOf\": {\n\t                \"@id\": \"https:\/\/www.fisan.com\/fr\/#website\"\n\t            },\n\t            \"primaryImageOfPage\": {\n\t                \"@id\": \"https:\/\/www.fisan.com\/fr\/boutique\/jambon-de-cebo-de-campo-iberico-50-race-iberica-coupe-a-la-main\/#primaryimage\"\n\t            },\n\t            \"image\": {\n\t                \"@id\": \"https:\/\/www.fisan.com\/fr\/boutique\/jambon-de-cebo-de-campo-iberico-50-race-iberica-coupe-a-la-main\/#primaryimage\"\n\t            },\n\t            \"thumbnailUrl\": \"https:\/\/www.fisan.com\/wp-content\/uploads\/2022\/11\/jamon-cebocampo-iberico-50-st-cm-00.jpg\",\n\t            \"datePublished\": \"2022-11-18T10:46:10+00:00\",\n\t            \"dateModified\": \"2024-10-16T07:09:53+00:00\",\n\t            \"description\": \"Jambon de Cebo de Campo Ib\u00e9rique 50% Race Ib\u00e9rique Coupe \u00e0 la main FISAN.\",\n\t            \"breadcrumb\": {\n\t                \"@id\": \"https:\/\/www.fisan.com\/fr\/boutique\/jambon-de-cebo-de-campo-iberico-50-race-iberica-coupe-a-la-main\/#breadcrumb\"\n\t            },\n\t            \"inLanguage\": \"fr-FR\",\n\t            \"potentialAction\": [\n\t                {\n\t                    \"@type\": \"ReadAction\",\n\t                    \"target\": [\n\t                        \"https:\/\/www.fisan.com\/fr\/boutique\/jambon-de-cebo-de-campo-iberico-50-race-iberica-coupe-a-la-main\/\"\n\t                    ]\n\t                }\n\t            ]\n\t        },\n\t        {\n\t            \"@type\": \"ImageObject\",\n\t            \"inLanguage\": \"fr-FR\",\n\t            \"@id\": \"https:\/\/www.fisan.com\/fr\/boutique\/jambon-de-cebo-de-campo-iberico-50-race-iberica-coupe-a-la-main\/#primaryimage\",\n\t            \"url\": \"https:\/\/www.fisan.com\/wp-content\/uploads\/2022\/11\/jamon-cebocampo-iberico-50-st-cm-00.jpg\",\n\t            \"contentUrl\": \"https:\/\/www.fisan.com\/wp-content\/uploads\/2022\/11\/jamon-cebocampo-iberico-50-st-cm-00.jpg\",\n\t            \"width\": 1200,\n\t            \"height\": 2400,\n\t            \"caption\": \"jamon-cebocampo-iberico-50\"\n\t        },\n\t        {\n\t            \"@type\": \"BreadcrumbList\",\n\t            \"@id\": \"https:\/\/www.fisan.com\/fr\/boutique\/jambon-de-cebo-de-campo-iberico-50-race-iberica-coupe-a-la-main\/#breadcrumb\",\n\t            \"itemListElement\": [\n\t                {\n\t                    \"@type\": \"ListItem\",\n\t                    \"position\": 1,\n\t                    \"name\": \"FISAN\",\n\t                    \"item\": \"https:\/\/www.fisan.com\/fr\/\"\n\t                },\n\t                {\n\t                    \"@type\": \"ListItem\",\n\t                    \"position\": 2,\n\t                    \"name\": \"Produits\",\n\t                    \"item\": \"https:\/\/www.fisan.com\/fr\/produits\/\"\n\t                },\n\t                {\n\t                    \"@type\": \"ListItem\",\n\t                    \"position\": 3,\n\t                    \"name\": \"Jambon de Cebo de Campo Ib\u00e9rique 50% Race Ib\u00e9rique Coup\u00e9 \u00e0 la main\"\n\t                }\n\t            ]\n\t        },\n\t        {\n\t            \"@type\": \"WebSite\",\n\t            \"@id\": \"https:\/\/www.fisan.com\/fr\/#website\",\n\t            \"url\": \"https:\/\/www.fisan.com\/fr\/\",\n\t            \"name\": \"FISAN\",\n\t            \"description\": \"FISAN | Jamones de bellota ib\u00e9rico y embutidos ib\u00e9ricos desde 1920\",\n\t            \"potentialAction\": [\n\t                {\n\t                    \"@type\": \"SearchAction\",\n\t                    \"target\": {\n\t                        \"@type\": \"EntryPoint\",\n\t                        \"urlTemplate\": \"https:\/\/www.fisan.com\/fr\/?s={search_term_string}\"\n\t                    },\n\t                    \"query-input\": {\n\t                        \"@type\": \"PropertyValueSpecification\",\n\t                        \"valueRequired\": true,\n\t                        \"valueName\": \"search_term_string\"\n\t                    }\n\t                }\n\t            ],\n\t            \"inLanguage\": \"fr-FR\"\n\t        }\n\t    ]\n\t}<\/script>\n<meta property=\"product:price:currency\" content=\"EUR\" \/>\n<meta property=\"og:availability\" content=\"instock\" \/>\n<meta property=\"product:availability\" content=\"instock\" \/>\n<meta property=\"product:retailer_item_id\" content=\"j-cc50CM\" \/>\n<meta property=\"product:condition\" content=\"new\" \/>\n<!-- \/ Yoast SEO plugin. -->","yoast_head_json":{"title":"Jambon de Cebo de Campo Ib\u00e9rique 50% Race Ib\u00e9rique Coup\u00e9 \u00e0 la main | FISAN","description":"Jambon de Cebo de Campo Ib\u00e9rique 50% Race Ib\u00e9rique Coupe \u00e0 la main FISAN.","robots":{"index":"index","follow":"follow","max-snippet":"max-snippet:-1","max-image-preview":"max-image-preview:large","max-video-preview":"max-video-preview:-1"},"canonical":"https:\/\/www.fisan.com\/fr\/boutique\/jambon-de-cebo-de-campo-iberico-50-race-iberica-coupe-a-la-main\/","og_locale":"fr_FR","og_type":"article","og_title":"Jambon de Cebo de Campo Ib\u00e9rique 50% Race Ib\u00e9rique Coup\u00e9 \u00e0 la main | FISAN","og_description":"Jambon de Cebo de Campo Ib\u00e9rique 50% Race Ib\u00e9rique Coupe \u00e0 la main FISAN.","og_url":"https:\/\/www.fisan.com\/fr\/boutique\/jambon-de-cebo-de-campo-iberico-50-race-iberica-coupe-a-la-main\/","og_site_name":"FISAN","article_modified_time":"2024-10-16T07:09:53+00:00","og_image":[{"width":1200,"height":2400,"url":"https:\/\/www.fisan.com\/wp-content\/uploads\/2022\/11\/jamon-cebocampo-iberico-50-st-cm-00.jpg","type":"image\/jpeg"}],"twitter_card":"summary_large_image","twitter_misc":{"Prix":"","Disponibilit\u00e9":"En stock"},"schema":{"@context":"https:\/\/schema.org","@graph":[{"@type":"WebPage","@id":"https:\/\/www.fisan.com\/fr\/boutique\/jambon-de-cebo-de-campo-iberico-50-race-iberica-coupe-a-la-main\/","url":"https:\/\/www.fisan.com\/fr\/boutique\/jambon-de-cebo-de-campo-iberico-50-race-iberica-coupe-a-la-main\/","name":"Jambon de Cebo de Campo Ib\u00e9rique 50% Race Ib\u00e9rique Coup\u00e9 \u00e0 la main | FISAN","isPartOf":{"@id":"https:\/\/www.fisan.com\/fr\/#website"},"primaryImageOfPage":{"@id":"https:\/\/www.fisan.com\/fr\/boutique\/jambon-de-cebo-de-campo-iberico-50-race-iberica-coupe-a-la-main\/#primaryimage"},"image":{"@id":"https:\/\/www.fisan.com\/fr\/boutique\/jambon-de-cebo-de-campo-iberico-50-race-iberica-coupe-a-la-main\/#primaryimage"},"thumbnailUrl":"https:\/\/www.fisan.com\/wp-content\/uploads\/2022\/11\/jamon-cebocampo-iberico-50-st-cm-00.jpg","datePublished":"2022-11-18T10:46:10+00:00","dateModified":"2024-10-16T07:09:53+00:00","description":"Jambon de Cebo de Campo Ib\u00e9rique 50% Race Ib\u00e9rique Coupe \u00e0 la main FISAN.","breadcrumb":{"@id":"https:\/\/www.fisan.com\/fr\/boutique\/jambon-de-cebo-de-campo-iberico-50-race-iberica-coupe-a-la-main\/#breadcrumb"},"inLanguage":"fr-FR","potentialAction":[{"@type":"ReadAction","target":["https:\/\/www.fisan.com\/fr\/boutique\/jambon-de-cebo-de-campo-iberico-50-race-iberica-coupe-a-la-main\/"]}]},{"@type":"ImageObject","inLanguage":"fr-FR","@id":"https:\/\/www.fisan.com\/fr\/boutique\/jambon-de-cebo-de-campo-iberico-50-race-iberica-coupe-a-la-main\/#primaryimage","url":"https:\/\/www.fisan.com\/wp-content\/uploads\/2022\/11\/jamon-cebocampo-iberico-50-st-cm-00.jpg","contentUrl":"https:\/\/www.fisan.com\/wp-content\/uploads\/2022\/11\/jamon-cebocampo-iberico-50-st-cm-00.jpg","width":1200,"height":2400,"caption":"jamon-cebocampo-iberico-50"},{"@type":"BreadcrumbList","@id":"https:\/\/www.fisan.com\/fr\/boutique\/jambon-de-cebo-de-campo-iberico-50-race-iberica-coupe-a-la-main\/#breadcrumb","itemListElement":[{"@type":"ListItem","position":1,"name":"FISAN","item":"https:\/\/www.fisan.com\/fr\/"},{"@type":"ListItem","position":2,"name":"Produits","item":"https:\/\/www.fisan.com\/fr\/produits\/"},{"@type":"ListItem","position":3,"name":"Jambon de Cebo de Campo Ib\u00e9rique 50% Race Ib\u00e9rique Coup\u00e9 \u00e0 la main"}]},{"@type":"WebSite","@id":"https:\/\/www.fisan.com\/fr\/#website","url":"https:\/\/www.fisan.com\/fr\/","name":"FISAN","description":"FISAN | Jamones de bellota ib\u00e9rico y embutidos ib\u00e9ricos desde 1920","potentialAction":[{"@type":"SearchAction","target":{"@type":"EntryPoint","urlTemplate":"https:\/\/www.fisan.com\/fr\/?s={search_term_string}"},"query-input":{"@type":"PropertyValueSpecification","valueRequired":true,"valueName":"search_term_string"}}],"inLanguage":"fr-FR"}]},"product_price_currency":"EUR","og_availability":"instock","product_availability":"instock","product_retailer_item_id":"j-cc50CM","product_condition":"new"},"_links":{"self":[{"href":"https:\/\/www.fisan.com\/fr\/wp-json\/wp\/v2\/product\/34246","targetHints":{"allow":["GET"]}}],"collection":[{"href":"https:\/\/www.fisan.com\/fr\/wp-json\/wp\/v2\/product"}],"about":[{"href":"https:\/\/www.fisan.com\/fr\/wp-json\/wp\/v2\/types\/product"}],"version-history":[{"count":5,"href":"https:\/\/www.fisan.com\/fr\/wp-json\/wp\/v2\/product\/34246\/revisions"}],"predecessor-version":[{"id":49101,"href":"https:\/\/www.fisan.com\/fr\/wp-json\/wp\/v2\/product\/34246\/revisions\/49101"}],"wp:featuredmedia":[{"embeddable":true,"href":"https:\/\/www.fisan.com\/fr\/wp-json\/wp\/v2\/media\/29928"}],"wp:attachment":[{"href":"https:\/\/www.fisan.com\/fr\/wp-json\/wp\/v2\/media?parent=34246"}],"wp:term":[{"taxonomy":"product_brand","embeddable":true,"href":"https:\/\/www.fisan.com\/fr\/wp-json\/wp\/v2\/product_brand?post=34246"},{"taxonomy":"product_cat","embeddable":true,"href":"https:\/\/www.fisan.com\/fr\/wp-json\/wp\/v2\/product_cat?post=34246"},{"taxonomy":"product_tag","embeddable":true,"href":"https:\/\/www.fisan.com\/fr\/wp-json\/wp\/v2\/product_tag?post=34246"},{"taxonomy":"gama","embeddable":true,"href":"https:\/\/www.fisan.com\/fr\/wp-json\/wp\/v2\/gama?post=34246"},{"taxonomy":"calidad","embeddable":true,"href":"https:\/\/www.fisan.com\/fr\/wp-json\/wp\/v2\/calidad?post=34246"}],"curies":[{"name":"wp","href":"https:\/\/api.w.org\/{rel}","templated":true}]}}