{"id":34261,"date":"2022-11-18T12:23:45","date_gmt":"2022-11-18T11:23:45","guid":{"rendered":"https:\/\/www.fisan.com\/producto\/lomo-de-bellota-iberico-50-race-iberica-coupe-en-tranches\/"},"modified":"2024-10-16T09:10:31","modified_gmt":"2024-10-16T07:10:31","slug":"lomo-de-bellota-iberique-50-race-iberique-coupe-en-tranches","status":"publish","type":"product","link":"https:\/\/www.fisan.com\/fr\/boutique\/lomo-de-bellota-iberico-50-race-iberica-coupe-en-tranches\/","title":{"rendered":"Lomo de Bellota Ib\u00e9rique 50% Race Ib\u00e9rique Tranch\u00e9"},"content":{"rendered":"<p>Profitez du meilleur Lomo de Bellota Ib\u00e9rique 50 % race Ib\u00e9rique en tranches et pr\u00eat \u00e0 d\u00e9guster \u00e0 tout moment.<\/p>\n<p>&nbsp;<\/p>\n<p>Chaque \u00e9tui comprend <strong>10 blisters de 100 g<\/strong> sous un format id\u00e9al \u00e0 offrir. La saveur traditionnelle de la gland\u00e9e.<\/p>\n<p>&nbsp;<\/p>\n<p>La Ca\u00f1a de Lomo de Bellota FISAN se caract\u00e9rise par sa saveur douce, sa texture marbr\u00e9e et son ar\u00f4me profond. Ce lomo est \u00e9labor\u00e9 avec l\u2019assaisonnement traditionnel, dont la base est le paprika, et sa viande n\u2019est congel\u00e9e \u00e0 aucun moment du processus. Son affinage minutieux se d\u00e9roule dans des s\u00e9choirs naturels pendant au moins six mois. Il est 100 % naturel.<\/p>\n","protected":false},"excerpt":{"rendered":"<p>Profitez du meilleur Lomo de Bellota Ib\u00e9rique 50 % race Ib\u00e9rique en tranches et pr\u00eat \u00e0 d\u00e9guster \u00e0 tout moment. &nbsp; Chaque \u00e9tui comprend 10 blisters de 100 g sous un format id\u00e9al \u00e0 offrir. La saveur traditionnelle de la gland\u00e9e. &nbsp; La Ca\u00f1a de Lomo de Bellota FISAN se caract\u00e9rise par sa saveur douce, &#8230; <a title=\"Lomo de Bellota Ib\u00e9rique 50% Race Ib\u00e9rique Tranch\u00e9\" class=\"read-more\" href=\"https:\/\/www.fisan.com\/fr\/boutique\/lomo-de-bellota-iberico-50-race-iberica-coupe-en-tranches\/\" aria-label=\"En savoir plus sur Lomo de Bellota Ib\u00e9rique 50% Race Ib\u00e9rique Tranch\u00e9\">Lire la suite<\/a><\/p>\n","protected":false},"featured_media":24877,"template":"","meta":{"_acf_changed":false,"_wp_rev_ctl_limit":""},"product_brand":[],"product_cat":[385],"product_tag":[519],"gama":[1371],"calidad":[338],"class_list":{"0":"post-34261","1":"product","2":"type-product","3":"status-publish","4":"has-post-thumbnail","6":"product_cat-8-coupe-a-la-main-tranche","7":"product_tag-st","8":"gama-sabor-tradicional-fr-2","9":"calidad-1-bellota-iberico","11":"first","12":"instock","13":"taxable","14":"shipping-taxable","15":"purchasable","16":"product-type-variable","17":"has-default-attributes"},"acf":[],"yoast_head":"<!-- This site is optimized with the Yoast SEO plugin v25.4 - https:\/\/yoast.com\/wordpress\/plugins\/seo\/ -->\n<title>Lomo de Bellota Ib\u00e9rique 50% Race Ib\u00e9rique Tranch\u00e9 | FISAN<\/title>\n<meta name=\"description\" content=\"Lomo de Bellota Ib\u00e9rique 50% Race Ib\u00e9rique Tranch\u00e9 FISAN.\" \/>\n<meta name=\"robots\" content=\"index, follow, max-snippet:-1, max-image-preview:large, max-video-preview:-1\" \/>\n<link rel=\"canonical\" href=\"https:\/\/www.fisan.com\/fr\/boutique\/lomo-de-bellota-iberico-50-race-iberica-coupe-en-tranches\/\" \/>\n<meta property=\"og:locale\" content=\"fr_FR\" \/>\n<meta property=\"og:type\" content=\"article\" \/>\n<meta property=\"og:title\" content=\"Lomo de Bellota Ib\u00e9rique 50% Race Ib\u00e9rique Tranch\u00e9 | FISAN\" \/>\n<meta property=\"og:description\" content=\"Lomo de Bellota Ib\u00e9rique 50% Race Ib\u00e9rique Tranch\u00e9 FISAN.\" \/>\n<meta property=\"og:url\" content=\"https:\/\/www.fisan.com\/fr\/boutique\/lomo-de-bellota-iberico-50-race-iberica-coupe-en-tranches\/\" \/>\n<meta property=\"og:site_name\" content=\"FISAN\" \/>\n<meta property=\"article:modified_time\" content=\"2024-10-16T07:10:31+00:00\" \/>\n<meta property=\"og:image\" content=\"https:\/\/www.fisan.com\/wp-content\/uploads\/2022\/10\/lomo-bellota-iberico-50-st-cm-00.jpg\" \/>\n\t<meta property=\"og:image:width\" content=\"1200\" \/>\n\t<meta property=\"og:image:height\" content=\"2400\" \/>\n\t<meta property=\"og:image:type\" content=\"image\/jpeg\" \/>\n<meta name=\"twitter:card\" content=\"summary_large_image\" \/>\n<meta name=\"twitter:label1\" content=\"Disponibilit\u00e9\" \/>\n\t<meta name=\"twitter:data1\" content=\"En stock\" \/>\n<script type=\"application\/ld+json\" class=\"yoast-schema-graph\">{\n\t    \"@context\": \"https:\/\/schema.org\",\n\t    \"@graph\": [\n\t        {\n\t            \"@type\": \"WebPage\",\n\t            \"@id\": \"https:\/\/www.fisan.com\/fr\/boutique\/lomo-de-bellota-iberico-50-race-iberica-coupe-en-tranches\/\",\n\t            \"url\": \"https:\/\/www.fisan.com\/fr\/boutique\/lomo-de-bellota-iberico-50-race-iberica-coupe-en-tranches\/\",\n\t            \"name\": \"Lomo de Bellota Ib\u00e9rique 50% Race Ib\u00e9rique Tranch\u00e9 | FISAN\",\n\t            \"isPartOf\": {\n\t                \"@id\": \"https:\/\/www.fisan.com\/fr\/#website\"\n\t            },\n\t            \"primaryImageOfPage\": {\n\t                \"@id\": \"https:\/\/www.fisan.com\/fr\/boutique\/lomo-de-bellota-iberico-50-race-iberica-coupe-en-tranches\/#primaryimage\"\n\t            },\n\t            \"image\": {\n\t                \"@id\": \"https:\/\/www.fisan.com\/fr\/boutique\/lomo-de-bellota-iberico-50-race-iberica-coupe-en-tranches\/#primaryimage\"\n\t            },\n\t            \"thumbnailUrl\": \"https:\/\/www.fisan.com\/wp-content\/uploads\/2022\/10\/lomo-bellota-iberico-50-st-cm-00.jpg\",\n\t            \"datePublished\": \"2022-11-18T11:23:45+00:00\",\n\t            \"dateModified\": \"2024-10-16T07:10:31+00:00\",\n\t            \"description\": \"Lomo de Bellota Ib\u00e9rique 50% Race Ib\u00e9rique Tranch\u00e9 FISAN.\",\n\t            \"breadcrumb\": {\n\t                \"@id\": \"https:\/\/www.fisan.com\/fr\/boutique\/lomo-de-bellota-iberico-50-race-iberica-coupe-en-tranches\/#breadcrumb\"\n\t            },\n\t            \"inLanguage\": \"fr-FR\",\n\t            \"potentialAction\": [\n\t                {\n\t                    \"@type\": \"ReadAction\",\n\t                    \"target\": [\n\t                        \"https:\/\/www.fisan.com\/fr\/boutique\/lomo-de-bellota-iberico-50-race-iberica-coupe-en-tranches\/\"\n\t                    ]\n\t                }\n\t            ]\n\t        },\n\t        {\n\t            \"@type\": \"ImageObject\",\n\t            \"inLanguage\": \"fr-FR\",\n\t            \"@id\": \"https:\/\/www.fisan.com\/fr\/boutique\/lomo-de-bellota-iberico-50-race-iberica-coupe-en-tranches\/#primaryimage\",\n\t            \"url\": \"https:\/\/www.fisan.com\/wp-content\/uploads\/2022\/10\/lomo-bellota-iberico-50-st-cm-00.jpg\",\n\t            \"contentUrl\": \"https:\/\/www.fisan.com\/wp-content\/uploads\/2022\/10\/lomo-bellota-iberico-50-st-cm-00.jpg\",\n\t            \"width\": 1200,\n\t            \"height\": 2400,\n\t            \"caption\": \"LOMO DE BELLOTA IB\u00c9RIQUE 50% RACE IB\u00c9RIQUE TRANCH\u00c9 FISAN\"\n\t        },\n\t        {\n\t            \"@type\": \"BreadcrumbList\",\n\t            \"@id\": \"https:\/\/www.fisan.com\/fr\/boutique\/lomo-de-bellota-iberico-50-race-iberica-coupe-en-tranches\/#breadcrumb\",\n\t            \"itemListElement\": [\n\t                {\n\t                    \"@type\": \"ListItem\",\n\t                    \"position\": 1,\n\t                    \"name\": \"FISAN\",\n\t                    \"item\": \"https:\/\/www.fisan.com\/fr\/\"\n\t                },\n\t                {\n\t                    \"@type\": \"ListItem\",\n\t                    \"position\": 2,\n\t                    \"name\": \"Produits\",\n\t                    \"item\": \"https:\/\/www.fisan.com\/fr\/produits\/\"\n\t                },\n\t                {\n\t                    \"@type\": \"ListItem\",\n\t                    \"position\": 3,\n\t                    \"name\": \"Lomo de Bellota Ib\u00e9rique 50% Race Ib\u00e9rique Tranch\u00e9\"\n\t                }\n\t            ]\n\t        },\n\t        {\n\t            \"@type\": \"WebSite\",\n\t            \"@id\": \"https:\/\/www.fisan.com\/fr\/#website\",\n\t            \"url\": \"https:\/\/www.fisan.com\/fr\/\",\n\t            \"name\": \"FISAN\",\n\t            \"description\": \"FISAN | Jamones de bellota ib\u00e9rico y embutidos ib\u00e9ricos desde 1920\",\n\t            \"potentialAction\": [\n\t                {\n\t                    \"@type\": \"SearchAction\",\n\t                    \"target\": {\n\t                        \"@type\": \"EntryPoint\",\n\t                        \"urlTemplate\": \"https:\/\/www.fisan.com\/fr\/?s={search_term_string}\"\n\t                    },\n\t                    \"query-input\": {\n\t                        \"@type\": \"PropertyValueSpecification\",\n\t                        \"valueRequired\": true,\n\t                        \"valueName\": \"search_term_string\"\n\t                    }\n\t                }\n\t            ],\n\t            \"inLanguage\": \"fr-FR\"\n\t        }\n\t    ]\n\t}<\/script>\n<meta property=\"og:availability\" content=\"instock\" \/>\n<meta property=\"product:availability\" content=\"instock\" \/>\n<meta property=\"product:retailer_item_id\" content=\"l-bi50CL\" \/>\n<meta property=\"product:condition\" content=\"new\" \/>\n<!-- \/ Yoast SEO plugin. -->","yoast_head_json":{"title":"Lomo de Bellota Ib\u00e9rique 50% Race Ib\u00e9rique Tranch\u00e9 | FISAN","description":"Lomo de Bellota Ib\u00e9rique 50% Race Ib\u00e9rique Tranch\u00e9 FISAN.","robots":{"index":"index","follow":"follow","max-snippet":"max-snippet:-1","max-image-preview":"max-image-preview:large","max-video-preview":"max-video-preview:-1"},"canonical":"https:\/\/www.fisan.com\/fr\/boutique\/lomo-de-bellota-iberico-50-race-iberica-coupe-en-tranches\/","og_locale":"fr_FR","og_type":"article","og_title":"Lomo de Bellota Ib\u00e9rique 50% Race Ib\u00e9rique Tranch\u00e9 | FISAN","og_description":"Lomo de Bellota Ib\u00e9rique 50% Race Ib\u00e9rique Tranch\u00e9 FISAN.","og_url":"https:\/\/www.fisan.com\/fr\/boutique\/lomo-de-bellota-iberico-50-race-iberica-coupe-en-tranches\/","og_site_name":"FISAN","article_modified_time":"2024-10-16T07:10:31+00:00","og_image":[{"width":1200,"height":2400,"url":"https:\/\/www.fisan.com\/wp-content\/uploads\/2022\/10\/lomo-bellota-iberico-50-st-cm-00.jpg","type":"image\/jpeg"}],"twitter_card":"summary_large_image","twitter_misc":{"Disponibilit\u00e9":"En stock"},"schema":{"@context":"https:\/\/schema.org","@graph":[{"@type":"WebPage","@id":"https:\/\/www.fisan.com\/fr\/boutique\/lomo-de-bellota-iberico-50-race-iberica-coupe-en-tranches\/","url":"https:\/\/www.fisan.com\/fr\/boutique\/lomo-de-bellota-iberico-50-race-iberica-coupe-en-tranches\/","name":"Lomo de Bellota Ib\u00e9rique 50% Race Ib\u00e9rique Tranch\u00e9 | FISAN","isPartOf":{"@id":"https:\/\/www.fisan.com\/fr\/#website"},"primaryImageOfPage":{"@id":"https:\/\/www.fisan.com\/fr\/boutique\/lomo-de-bellota-iberico-50-race-iberica-coupe-en-tranches\/#primaryimage"},"image":{"@id":"https:\/\/www.fisan.com\/fr\/boutique\/lomo-de-bellota-iberico-50-race-iberica-coupe-en-tranches\/#primaryimage"},"thumbnailUrl":"https:\/\/www.fisan.com\/wp-content\/uploads\/2022\/10\/lomo-bellota-iberico-50-st-cm-00.jpg","datePublished":"2022-11-18T11:23:45+00:00","dateModified":"2024-10-16T07:10:31+00:00","description":"Lomo de Bellota Ib\u00e9rique 50% Race Ib\u00e9rique Tranch\u00e9 FISAN.","breadcrumb":{"@id":"https:\/\/www.fisan.com\/fr\/boutique\/lomo-de-bellota-iberico-50-race-iberica-coupe-en-tranches\/#breadcrumb"},"inLanguage":"fr-FR","potentialAction":[{"@type":"ReadAction","target":["https:\/\/www.fisan.com\/fr\/boutique\/lomo-de-bellota-iberico-50-race-iberica-coupe-en-tranches\/"]}]},{"@type":"ImageObject","inLanguage":"fr-FR","@id":"https:\/\/www.fisan.com\/fr\/boutique\/lomo-de-bellota-iberico-50-race-iberica-coupe-en-tranches\/#primaryimage","url":"https:\/\/www.fisan.com\/wp-content\/uploads\/2022\/10\/lomo-bellota-iberico-50-st-cm-00.jpg","contentUrl":"https:\/\/www.fisan.com\/wp-content\/uploads\/2022\/10\/lomo-bellota-iberico-50-st-cm-00.jpg","width":1200,"height":2400,"caption":"LOMO DE BELLOTA IB\u00c9RIQUE 50% RACE IB\u00c9RIQUE TRANCH\u00c9 FISAN"},{"@type":"BreadcrumbList","@id":"https:\/\/www.fisan.com\/fr\/boutique\/lomo-de-bellota-iberico-50-race-iberica-coupe-en-tranches\/#breadcrumb","itemListElement":[{"@type":"ListItem","position":1,"name":"FISAN","item":"https:\/\/www.fisan.com\/fr\/"},{"@type":"ListItem","position":2,"name":"Produits","item":"https:\/\/www.fisan.com\/fr\/produits\/"},{"@type":"ListItem","position":3,"name":"Lomo de Bellota Ib\u00e9rique 50% Race Ib\u00e9rique Tranch\u00e9"}]},{"@type":"WebSite","@id":"https:\/\/www.fisan.com\/fr\/#website","url":"https:\/\/www.fisan.com\/fr\/","name":"FISAN","description":"FISAN | Jamones de bellota ib\u00e9rico y embutidos ib\u00e9ricos desde 1920","potentialAction":[{"@type":"SearchAction","target":{"@type":"EntryPoint","urlTemplate":"https:\/\/www.fisan.com\/fr\/?s={search_term_string}"},"query-input":{"@type":"PropertyValueSpecification","valueRequired":true,"valueName":"search_term_string"}}],"inLanguage":"fr-FR"}]},"og_availability":"instock","product_availability":"instock","product_retailer_item_id":"l-bi50CL","product_condition":"new"},"_links":{"self":[{"href":"https:\/\/www.fisan.com\/fr\/wp-json\/wp\/v2\/product\/34261","targetHints":{"allow":["GET"]}}],"collection":[{"href":"https:\/\/www.fisan.com\/fr\/wp-json\/wp\/v2\/product"}],"about":[{"href":"https:\/\/www.fisan.com\/fr\/wp-json\/wp\/v2\/types\/product"}],"version-history":[{"count":6,"href":"https:\/\/www.fisan.com\/fr\/wp-json\/wp\/v2\/product\/34261\/revisions"}],"predecessor-version":[{"id":49103,"href":"https:\/\/www.fisan.com\/fr\/wp-json\/wp\/v2\/product\/34261\/revisions\/49103"}],"wp:featuredmedia":[{"embeddable":true,"href":"https:\/\/www.fisan.com\/fr\/wp-json\/wp\/v2\/media\/24877"}],"wp:attachment":[{"href":"https:\/\/www.fisan.com\/fr\/wp-json\/wp\/v2\/media?parent=34261"}],"wp:term":[{"taxonomy":"product_brand","embeddable":true,"href":"https:\/\/www.fisan.com\/fr\/wp-json\/wp\/v2\/product_brand?post=34261"},{"taxonomy":"product_cat","embeddable":true,"href":"https:\/\/www.fisan.com\/fr\/wp-json\/wp\/v2\/product_cat?post=34261"},{"taxonomy":"product_tag","embeddable":true,"href":"https:\/\/www.fisan.com\/fr\/wp-json\/wp\/v2\/product_tag?post=34261"},{"taxonomy":"gama","embeddable":true,"href":"https:\/\/www.fisan.com\/fr\/wp-json\/wp\/v2\/gama?post=34261"},{"taxonomy":"calidad","embeddable":true,"href":"https:\/\/www.fisan.com\/fr\/wp-json\/wp\/v2\/calidad?post=34261"}],"curies":[{"name":"wp","href":"https:\/\/api.w.org\/{rel}","templated":true}]}}