{"id":34266,"date":"2022-11-18T13:05:11","date_gmt":"2022-11-18T12:05:11","guid":{"rendered":"https:\/\/www.fisan.com\/producto\/lomo-de-cebo-de-campo-iberico-50-race-iberica-coupe-en-tranches\/"},"modified":"2024-10-16T09:11:26","modified_gmt":"2024-10-16T07:11:26","slug":"lomo-de-cebo-de-campo-iberico-50-race-iberica-coupe-en-tranches","status":"publish","type":"product","link":"https:\/\/www.fisan.com\/fr\/boutique\/lomo-de-cebo-de-campo-iberico-50-race-iberica-coupe-en-tranches\/","title":{"rendered":"Lomo de Cebo de Campo Ib\u00e9rico 50% Race Ib\u00e9rica Coup\u00e9 en tranches"},"content":{"rendered":"<p>Pour profiter d\u2019un Lomo de Cebo de Campo Ib\u00e9rique, le meilleur moyen est de le d\u00e9guster dans notre format en tranches.<\/p>\n<p>&nbsp;<\/p>\n<p>Avec un packaging au format cadeau, id\u00e9al pour toute sorte d\u2019\u00e9v\u00e9nement, notre Lomo de Cebo de Campo Ib\u00e9rique 50 % race Ib\u00e9rique est coup\u00e9 et conditionn\u00e9 dans <strong>10 blisters de 100 g.<\/strong><\/p>\n<p>&nbsp;<\/p>\n<p>Id\u00e9al \u00e0 partager. Il s\u2019agit de l\u2019une des pi\u00e8ces les plus nobles du porc. 100 % naturel. \u00c9labor\u00e9 avec un assaisonnement traditionnel, \u00e0 base de paprika de la Vera et de sel. Son infiltration de graisse fait de cette pi\u00e8ce l\u2019une des plus savoureuses et douces.<\/p>\n<p>&nbsp;<\/p>\n<p>Les Lomos de Cebo de Campo Ib\u00e9rique FISAN sont soumis \u00e0 un affinage de plus de 90 jours dans des s\u00e9choirs naturels qui intensifient leur saveur.<\/p>\n","protected":false},"excerpt":{"rendered":"<p>Pour profiter d\u2019un Lomo de Cebo de Campo Ib\u00e9rique, le meilleur moyen est de le d\u00e9guster dans notre format en tranches. &nbsp; Avec un packaging au format cadeau, id\u00e9al pour toute sorte d\u2019\u00e9v\u00e9nement, notre Lomo de Cebo de Campo Ib\u00e9rique 50 % race Ib\u00e9rique est coup\u00e9 et conditionn\u00e9 dans 10 blisters de 100 g. &nbsp; &#8230; <a title=\"Lomo de Cebo de Campo Ib\u00e9rico 50% Race Ib\u00e9rica Coup\u00e9 en tranches\" class=\"read-more\" href=\"https:\/\/www.fisan.com\/fr\/boutique\/lomo-de-cebo-de-campo-iberico-50-race-iberica-coupe-en-tranches\/\" aria-label=\"En savoir plus sur Lomo de Cebo de Campo Ib\u00e9rico 50% Race Ib\u00e9rica Coup\u00e9 en tranches\">Lire la suite<\/a><\/p>\n","protected":false},"featured_media":24989,"template":"","meta":{"_acf_changed":false,"_wp_rev_ctl_limit":""},"product_brand":[],"product_cat":[385,354],"product_tag":[519],"gama":[1371],"calidad":[503],"class_list":{"0":"post-34266","1":"product","2":"type-product","3":"status-publish","4":"has-post-thumbnail","6":"product_cat-8-coupe-a-la-main-tranche","7":"product_cat-produits-lomo","8":"product_tag-st","9":"gama-sabor-tradicional-fr-2","10":"calidad-2-cebo-de-campo-iberico-fr","12":"first","13":"instock","14":"taxable","15":"shipping-taxable","16":"purchasable","17":"product-type-variable","18":"has-default-attributes"},"acf":[],"yoast_head":"<!-- This site is optimized with the Yoast SEO plugin v25.4 - https:\/\/yoast.com\/wordpress\/plugins\/seo\/ -->\n<title>Lomo de Cebo de Campo Ib\u00e9rico 50% Race Ib\u00e9rica Coup\u00e9 en tranches | FISAN<\/title>\n<meta name=\"description\" content=\"Lomo de Cebo de Campo Ib\u00e9rico 50 % Race Ib\u00e9rica Tranch\u00e9 FISAN.\" \/>\n<meta name=\"robots\" content=\"index, follow, max-snippet:-1, max-image-preview:large, max-video-preview:-1\" \/>\n<link rel=\"canonical\" href=\"https:\/\/www.fisan.com\/fr\/boutique\/lomo-de-cebo-de-campo-iberico-50-race-iberica-coupe-en-tranches\/\" \/>\n<meta property=\"og:locale\" content=\"fr_FR\" \/>\n<meta property=\"og:type\" content=\"article\" \/>\n<meta property=\"og:title\" content=\"Lomo de Cebo de Campo Ib\u00e9rico 50% Race Ib\u00e9rica Coup\u00e9 en tranches | FISAN\" \/>\n<meta property=\"og:description\" content=\"Lomo de Cebo de Campo Ib\u00e9rico 50 % Race Ib\u00e9rica Tranch\u00e9 FISAN.\" \/>\n<meta property=\"og:url\" content=\"https:\/\/www.fisan.com\/fr\/boutique\/lomo-de-cebo-de-campo-iberico-50-race-iberica-coupe-en-tranches\/\" \/>\n<meta property=\"og:site_name\" content=\"FISAN\" \/>\n<meta property=\"article:modified_time\" content=\"2024-10-16T07:11:26+00:00\" \/>\n<meta property=\"og:image\" content=\"https:\/\/www.fisan.com\/wp-content\/uploads\/2022\/10\/lomo-cebocampo-iberico-50-st-cm-00.jpg\" \/>\n\t<meta property=\"og:image:width\" content=\"1200\" \/>\n\t<meta property=\"og:image:height\" content=\"2400\" \/>\n\t<meta property=\"og:image:type\" content=\"image\/jpeg\" \/>\n<meta name=\"twitter:card\" content=\"summary_large_image\" \/>\n<meta name=\"twitter:label1\" content=\"Disponibilit\u00e9\" \/>\n\t<meta name=\"twitter:data1\" content=\"En stock\" \/>\n<script type=\"application\/ld+json\" class=\"yoast-schema-graph\">{\n\t    \"@context\": \"https:\/\/schema.org\",\n\t    \"@graph\": [\n\t        {\n\t            \"@type\": \"WebPage\",\n\t            \"@id\": \"https:\/\/www.fisan.com\/fr\/boutique\/lomo-de-cebo-de-campo-iberico-50-race-iberica-coupe-en-tranches\/\",\n\t            \"url\": \"https:\/\/www.fisan.com\/fr\/boutique\/lomo-de-cebo-de-campo-iberico-50-race-iberica-coupe-en-tranches\/\",\n\t            \"name\": \"Lomo de Cebo de Campo Ib\u00e9rico 50% Race Ib\u00e9rica Coup\u00e9 en tranches | FISAN\",\n\t            \"isPartOf\": {\n\t                \"@id\": \"https:\/\/www.fisan.com\/fr\/#website\"\n\t            },\n\t            \"primaryImageOfPage\": {\n\t                \"@id\": \"https:\/\/www.fisan.com\/fr\/boutique\/lomo-de-cebo-de-campo-iberico-50-race-iberica-coupe-en-tranches\/#primaryimage\"\n\t            },\n\t            \"image\": {\n\t                \"@id\": \"https:\/\/www.fisan.com\/fr\/boutique\/lomo-de-cebo-de-campo-iberico-50-race-iberica-coupe-en-tranches\/#primaryimage\"\n\t            },\n\t            \"thumbnailUrl\": \"https:\/\/www.fisan.com\/wp-content\/uploads\/2022\/10\/lomo-cebocampo-iberico-50-st-cm-00.jpg\",\n\t            \"datePublished\": \"2022-11-18T12:05:11+00:00\",\n\t            \"dateModified\": \"2024-10-16T07:11:26+00:00\",\n\t            \"description\": \"Lomo de Cebo de Campo Ib\u00e9rico 50 % Race Ib\u00e9rica Tranch\u00e9 FISAN.\",\n\t            \"breadcrumb\": {\n\t                \"@id\": \"https:\/\/www.fisan.com\/fr\/boutique\/lomo-de-cebo-de-campo-iberico-50-race-iberica-coupe-en-tranches\/#breadcrumb\"\n\t            },\n\t            \"inLanguage\": \"fr-FR\",\n\t            \"potentialAction\": [\n\t                {\n\t                    \"@type\": \"ReadAction\",\n\t                    \"target\": [\n\t                        \"https:\/\/www.fisan.com\/fr\/boutique\/lomo-de-cebo-de-campo-iberico-50-race-iberica-coupe-en-tranches\/\"\n\t                    ]\n\t                }\n\t            ]\n\t        },\n\t        {\n\t            \"@type\": \"ImageObject\",\n\t            \"inLanguage\": \"fr-FR\",\n\t            \"@id\": \"https:\/\/www.fisan.com\/fr\/boutique\/lomo-de-cebo-de-campo-iberico-50-race-iberica-coupe-en-tranches\/#primaryimage\",\n\t            \"url\": \"https:\/\/www.fisan.com\/wp-content\/uploads\/2022\/10\/lomo-cebocampo-iberico-50-st-cm-00.jpg\",\n\t            \"contentUrl\": \"https:\/\/www.fisan.com\/wp-content\/uploads\/2022\/10\/lomo-cebocampo-iberico-50-st-cm-00.jpg\",\n\t            \"width\": 1200,\n\t            \"height\": 2400,\n\t            \"caption\": \"50 % DE RACE IB\u00c9RIQUE LONGE DE PORC IB\u00c9RIQUE COUP\u00c9E EN TRANCHES FISAN\"\n\t        },\n\t        {\n\t            \"@type\": \"BreadcrumbList\",\n\t            \"@id\": \"https:\/\/www.fisan.com\/fr\/boutique\/lomo-de-cebo-de-campo-iberico-50-race-iberica-coupe-en-tranches\/#breadcrumb\",\n\t            \"itemListElement\": [\n\t                {\n\t                    \"@type\": \"ListItem\",\n\t                    \"position\": 1,\n\t                    \"name\": \"FISAN\",\n\t                    \"item\": \"https:\/\/www.fisan.com\/fr\/\"\n\t                },\n\t                {\n\t                    \"@type\": \"ListItem\",\n\t                    \"position\": 2,\n\t                    \"name\": \"Produits\",\n\t                    \"item\": \"https:\/\/www.fisan.com\/fr\/produits\/\"\n\t                },\n\t                {\n\t                    \"@type\": \"ListItem\",\n\t                    \"position\": 3,\n\t                    \"name\": \"Lomo de Cebo de Campo Ib\u00e9rico 50% Race Ib\u00e9rica Coup\u00e9 en tranches\"\n\t                }\n\t            ]\n\t        },\n\t        {\n\t            \"@type\": \"WebSite\",\n\t            \"@id\": \"https:\/\/www.fisan.com\/fr\/#website\",\n\t            \"url\": \"https:\/\/www.fisan.com\/fr\/\",\n\t            \"name\": \"FISAN\",\n\t            \"description\": \"FISAN | Jamones de bellota ib\u00e9rico y embutidos ib\u00e9ricos desde 1920\",\n\t            \"potentialAction\": [\n\t                {\n\t                    \"@type\": \"SearchAction\",\n\t                    \"target\": {\n\t                        \"@type\": \"EntryPoint\",\n\t                        \"urlTemplate\": \"https:\/\/www.fisan.com\/fr\/?s={search_term_string}\"\n\t                    },\n\t                    \"query-input\": {\n\t                        \"@type\": \"PropertyValueSpecification\",\n\t                        \"valueRequired\": true,\n\t                        \"valueName\": \"search_term_string\"\n\t                    }\n\t                }\n\t            ],\n\t            \"inLanguage\": \"fr-FR\"\n\t        }\n\t    ]\n\t}<\/script>\n<meta property=\"og:availability\" content=\"instock\" \/>\n<meta property=\"product:availability\" content=\"instock\" \/>\n<meta property=\"product:retailer_item_id\" content=\"l-cc50CL\" \/>\n<meta property=\"product:condition\" content=\"new\" \/>\n<!-- \/ Yoast SEO plugin. -->","yoast_head_json":{"title":"Lomo de Cebo de Campo Ib\u00e9rico 50% Race Ib\u00e9rica Coup\u00e9 en tranches | FISAN","description":"Lomo de Cebo de Campo Ib\u00e9rico 50 % Race Ib\u00e9rica Tranch\u00e9 FISAN.","robots":{"index":"index","follow":"follow","max-snippet":"max-snippet:-1","max-image-preview":"max-image-preview:large","max-video-preview":"max-video-preview:-1"},"canonical":"https:\/\/www.fisan.com\/fr\/boutique\/lomo-de-cebo-de-campo-iberico-50-race-iberica-coupe-en-tranches\/","og_locale":"fr_FR","og_type":"article","og_title":"Lomo de Cebo de Campo Ib\u00e9rico 50% Race Ib\u00e9rica Coup\u00e9 en tranches | FISAN","og_description":"Lomo de Cebo de Campo Ib\u00e9rico 50 % Race Ib\u00e9rica Tranch\u00e9 FISAN.","og_url":"https:\/\/www.fisan.com\/fr\/boutique\/lomo-de-cebo-de-campo-iberico-50-race-iberica-coupe-en-tranches\/","og_site_name":"FISAN","article_modified_time":"2024-10-16T07:11:26+00:00","og_image":[{"width":1200,"height":2400,"url":"https:\/\/www.fisan.com\/wp-content\/uploads\/2022\/10\/lomo-cebocampo-iberico-50-st-cm-00.jpg","type":"image\/jpeg"}],"twitter_card":"summary_large_image","twitter_misc":{"Disponibilit\u00e9":"En stock"},"schema":{"@context":"https:\/\/schema.org","@graph":[{"@type":"WebPage","@id":"https:\/\/www.fisan.com\/fr\/boutique\/lomo-de-cebo-de-campo-iberico-50-race-iberica-coupe-en-tranches\/","url":"https:\/\/www.fisan.com\/fr\/boutique\/lomo-de-cebo-de-campo-iberico-50-race-iberica-coupe-en-tranches\/","name":"Lomo de Cebo de Campo Ib\u00e9rico 50% Race Ib\u00e9rica Coup\u00e9 en tranches | FISAN","isPartOf":{"@id":"https:\/\/www.fisan.com\/fr\/#website"},"primaryImageOfPage":{"@id":"https:\/\/www.fisan.com\/fr\/boutique\/lomo-de-cebo-de-campo-iberico-50-race-iberica-coupe-en-tranches\/#primaryimage"},"image":{"@id":"https:\/\/www.fisan.com\/fr\/boutique\/lomo-de-cebo-de-campo-iberico-50-race-iberica-coupe-en-tranches\/#primaryimage"},"thumbnailUrl":"https:\/\/www.fisan.com\/wp-content\/uploads\/2022\/10\/lomo-cebocampo-iberico-50-st-cm-00.jpg","datePublished":"2022-11-18T12:05:11+00:00","dateModified":"2024-10-16T07:11:26+00:00","description":"Lomo de Cebo de Campo Ib\u00e9rico 50 % Race Ib\u00e9rica Tranch\u00e9 FISAN.","breadcrumb":{"@id":"https:\/\/www.fisan.com\/fr\/boutique\/lomo-de-cebo-de-campo-iberico-50-race-iberica-coupe-en-tranches\/#breadcrumb"},"inLanguage":"fr-FR","potentialAction":[{"@type":"ReadAction","target":["https:\/\/www.fisan.com\/fr\/boutique\/lomo-de-cebo-de-campo-iberico-50-race-iberica-coupe-en-tranches\/"]}]},{"@type":"ImageObject","inLanguage":"fr-FR","@id":"https:\/\/www.fisan.com\/fr\/boutique\/lomo-de-cebo-de-campo-iberico-50-race-iberica-coupe-en-tranches\/#primaryimage","url":"https:\/\/www.fisan.com\/wp-content\/uploads\/2022\/10\/lomo-cebocampo-iberico-50-st-cm-00.jpg","contentUrl":"https:\/\/www.fisan.com\/wp-content\/uploads\/2022\/10\/lomo-cebocampo-iberico-50-st-cm-00.jpg","width":1200,"height":2400,"caption":"50 % DE RACE IB\u00c9RIQUE LONGE DE PORC IB\u00c9RIQUE COUP\u00c9E EN TRANCHES FISAN"},{"@type":"BreadcrumbList","@id":"https:\/\/www.fisan.com\/fr\/boutique\/lomo-de-cebo-de-campo-iberico-50-race-iberica-coupe-en-tranches\/#breadcrumb","itemListElement":[{"@type":"ListItem","position":1,"name":"FISAN","item":"https:\/\/www.fisan.com\/fr\/"},{"@type":"ListItem","position":2,"name":"Produits","item":"https:\/\/www.fisan.com\/fr\/produits\/"},{"@type":"ListItem","position":3,"name":"Lomo de Cebo de Campo Ib\u00e9rico 50% Race Ib\u00e9rica Coup\u00e9 en tranches"}]},{"@type":"WebSite","@id":"https:\/\/www.fisan.com\/fr\/#website","url":"https:\/\/www.fisan.com\/fr\/","name":"FISAN","description":"FISAN | Jamones de bellota ib\u00e9rico y embutidos ib\u00e9ricos desde 1920","potentialAction":[{"@type":"SearchAction","target":{"@type":"EntryPoint","urlTemplate":"https:\/\/www.fisan.com\/fr\/?s={search_term_string}"},"query-input":{"@type":"PropertyValueSpecification","valueRequired":true,"valueName":"search_term_string"}}],"inLanguage":"fr-FR"}]},"og_availability":"instock","product_availability":"instock","product_retailer_item_id":"l-cc50CL","product_condition":"new"},"_links":{"self":[{"href":"https:\/\/www.fisan.com\/fr\/wp-json\/wp\/v2\/product\/34266","targetHints":{"allow":["GET"]}}],"collection":[{"href":"https:\/\/www.fisan.com\/fr\/wp-json\/wp\/v2\/product"}],"about":[{"href":"https:\/\/www.fisan.com\/fr\/wp-json\/wp\/v2\/types\/product"}],"version-history":[{"count":7,"href":"https:\/\/www.fisan.com\/fr\/wp-json\/wp\/v2\/product\/34266\/revisions"}],"predecessor-version":[{"id":49105,"href":"https:\/\/www.fisan.com\/fr\/wp-json\/wp\/v2\/product\/34266\/revisions\/49105"}],"wp:featuredmedia":[{"embeddable":true,"href":"https:\/\/www.fisan.com\/fr\/wp-json\/wp\/v2\/media\/24989"}],"wp:attachment":[{"href":"https:\/\/www.fisan.com\/fr\/wp-json\/wp\/v2\/media?parent=34266"}],"wp:term":[{"taxonomy":"product_brand","embeddable":true,"href":"https:\/\/www.fisan.com\/fr\/wp-json\/wp\/v2\/product_brand?post=34266"},{"taxonomy":"product_cat","embeddable":true,"href":"https:\/\/www.fisan.com\/fr\/wp-json\/wp\/v2\/product_cat?post=34266"},{"taxonomy":"product_tag","embeddable":true,"href":"https:\/\/www.fisan.com\/fr\/wp-json\/wp\/v2\/product_tag?post=34266"},{"taxonomy":"gama","embeddable":true,"href":"https:\/\/www.fisan.com\/fr\/wp-json\/wp\/v2\/gama?post=34266"},{"taxonomy":"calidad","embeddable":true,"href":"https:\/\/www.fisan.com\/fr\/wp-json\/wp\/v2\/calidad?post=34266"}],"curies":[{"name":"wp","href":"https:\/\/api.w.org\/{rel}","templated":true}]}}