{"id":34287,"date":"2022-11-18T13:53:47","date_gmt":"2022-11-18T12:53:47","guid":{"rendered":"https:\/\/www.fisan.com\/producto\/saucisson-de-bellota-a-la-truffe-alta-gastronomia-coupe-en-tranches\/"},"modified":"2025-05-30T13:26:04","modified_gmt":"2025-05-30T11:26:04","slug":"saucisson-de-bellota-iberique-a-la-truffe-noire-coupe-en-tranches","status":"publish","type":"product","link":"https:\/\/www.fisan.com\/fr\/boutique\/saucisson-de-bellota-a-la-truffe-alta-gastronomia-coupe-en-tranches\/","title":{"rendered":"Saucisson de Bellota Ib\u00e9rique \u00e0 la truffe Noire 100% Naturel Coup\u00e9 en tranches"},"content":{"rendered":"<p>Profitez du meilleur Saucisson de Bellota Truff\u00e9 Alta Gastronom\u00eda 100% Naturel en tranches et pr\u00eat \u00e0 d\u00e9guster \u00e0 tout moment.<\/p>\n<p>&nbsp;<\/p>\n<p>Chaque \u00e9tui comprend <strong>10 blisters de 100 g<\/strong> sous un format id\u00e9al \u00e0 offrir.<\/p>\n<p>&nbsp;<\/p>\n<p>Le Saucisson de Bellota Truff\u00e9 Alta Gastronom\u00eda 100% Naturel repr\u00e9sente la perfection des viandes nobles du porc de Bellota : pluma, presa et secreto, s\u00e9lectionn\u00e9es \u00e0 chaque campagne. Et, apr\u00e8s des ann\u00e9es de recherche, sa recette int\u00e8gre de la truffe noire. Pour cette raison, apr\u00e8s avoir repos\u00e9 pendant huit mois dans nos caves naturelles, il offre une saveur et un ar\u00f4me uniques.<\/p>\n","protected":false},"excerpt":{"rendered":"<p>Profitez du meilleur Saucisson de Bellota Truff\u00e9 Alta Gastronom\u00eda 100% Naturel en tranches et pr\u00eat \u00e0 d\u00e9guster \u00e0 tout moment. &nbsp; Chaque \u00e9tui comprend 10 blisters de 100 g sous un format id\u00e9al \u00e0 offrir. &nbsp; Le Saucisson de Bellota Truff\u00e9 Alta Gastronom\u00eda 100% Naturel repr\u00e9sente la perfection des viandes nobles du porc de Bellota &#8230; <a title=\"Saucisson de Bellota Ib\u00e9rique \u00e0 la truffe Noire 100% Naturel Coup\u00e9 en tranches\" class=\"read-more\" href=\"https:\/\/www.fisan.com\/fr\/boutique\/saucisson-de-bellota-a-la-truffe-alta-gastronomia-coupe-en-tranches\/\" aria-label=\"En savoir plus sur Saucisson de Bellota Ib\u00e9rique \u00e0 la truffe Noire 100% Naturel Coup\u00e9 en tranches\">Lire la suite<\/a><\/p>\n","protected":false},"featured_media":26779,"template":"","meta":{"_acf_changed":false,"_wp_rev_ctl_limit":""},"product_brand":[],"product_cat":[353,385],"product_tag":[297],"gama":[435],"calidad":[338],"class_list":{"0":"post-34287","1":"product","2":"type-product","3":"status-publish","4":"has-post-thumbnail","6":"product_cat-4-charcuterie","7":"product_cat-8-coupe-a-la-main-tranche","8":"product_tag-ag","9":"gama-alta-gastronomia-fr","10":"calidad-1-bellota-iberico","12":"first","13":"instock","14":"taxable","15":"shipping-taxable","16":"purchasable","17":"product-type-variable","18":"has-default-attributes"},"acf":[],"yoast_head":"<!-- This site is optimized with the Yoast SEO plugin v25.4 - https:\/\/yoast.com\/wordpress\/plugins\/seo\/ -->\n<title>Saucisson de Bellota Ib\u00e9rique \u00e0 la truffe Noire 100% Naturel Coup\u00e9 en tranches | FISAN<\/title>\n<meta name=\"description\" content=\"Saucisson de Bellota Ib\u00e9rique \u00e0 la truffe Noire Tranch\u00e9 FISAN.\" \/>\n<meta name=\"robots\" content=\"index, follow, max-snippet:-1, max-image-preview:large, max-video-preview:-1\" \/>\n<link rel=\"canonical\" href=\"https:\/\/www.fisan.com\/fr\/boutique\/saucisson-de-bellota-a-la-truffe-alta-gastronomia-coupe-en-tranches\/\" \/>\n<meta property=\"og:locale\" content=\"fr_FR\" \/>\n<meta property=\"og:type\" content=\"article\" \/>\n<meta property=\"og:title\" content=\"Saucisson de Bellota Ib\u00e9rique \u00e0 la truffe Noire 100% Naturel Coup\u00e9 en tranches | FISAN\" \/>\n<meta property=\"og:description\" content=\"Saucisson de Bellota Ib\u00e9rique \u00e0 la truffe Noire Tranch\u00e9 FISAN.\" \/>\n<meta property=\"og:url\" content=\"https:\/\/www.fisan.com\/fr\/boutique\/saucisson-de-bellota-a-la-truffe-alta-gastronomia-coupe-en-tranches\/\" \/>\n<meta property=\"og:site_name\" content=\"FISAN\" \/>\n<meta property=\"article:modified_time\" content=\"2025-05-30T11:26:04+00:00\" \/>\n<meta property=\"og:image\" content=\"https:\/\/www.fisan.com\/wp-content\/uploads\/2022\/10\/salchichon-bellota-iberico-ag-cm-00.jpg\" \/>\n\t<meta property=\"og:image:width\" content=\"1200\" \/>\n\t<meta property=\"og:image:height\" content=\"2400\" \/>\n\t<meta property=\"og:image:type\" content=\"image\/jpeg\" \/>\n<meta name=\"twitter:card\" content=\"summary_large_image\" \/>\n<meta name=\"twitter:label1\" content=\"Disponibilit\u00e9\" \/>\n\t<meta name=\"twitter:data1\" content=\"En stock\" \/>\n<script type=\"application\/ld+json\" class=\"yoast-schema-graph\">{\n\t    \"@context\": \"https:\/\/schema.org\",\n\t    \"@graph\": [\n\t        {\n\t            \"@type\": \"WebPage\",\n\t            \"@id\": \"https:\/\/www.fisan.com\/fr\/boutique\/saucisson-de-bellota-a-la-truffe-alta-gastronomia-coupe-en-tranches\/\",\n\t            \"url\": \"https:\/\/www.fisan.com\/fr\/boutique\/saucisson-de-bellota-a-la-truffe-alta-gastronomia-coupe-en-tranches\/\",\n\t            \"name\": \"Saucisson de Bellota Ib\u00e9rique \u00e0 la truffe Noire 100% Naturel Coup\u00e9 en tranches | FISAN\",\n\t            \"isPartOf\": {\n\t                \"@id\": \"https:\/\/www.fisan.com\/fr\/#website\"\n\t            },\n\t            \"primaryImageOfPage\": {\n\t                \"@id\": \"https:\/\/www.fisan.com\/fr\/boutique\/saucisson-de-bellota-a-la-truffe-alta-gastronomia-coupe-en-tranches\/#primaryimage\"\n\t            },\n\t            \"image\": {\n\t                \"@id\": \"https:\/\/www.fisan.com\/fr\/boutique\/saucisson-de-bellota-a-la-truffe-alta-gastronomia-coupe-en-tranches\/#primaryimage\"\n\t            },\n\t            \"thumbnailUrl\": \"https:\/\/www.fisan.com\/wp-content\/uploads\/2022\/10\/salchichon-bellota-iberico-ag-cm-00.jpg\",\n\t            \"datePublished\": \"2022-11-18T12:53:47+00:00\",\n\t            \"dateModified\": \"2025-05-30T11:26:04+00:00\",\n\t            \"description\": \"Saucisson de Bellota Ib\u00e9rique \u00e0 la truffe Noire Tranch\u00e9 FISAN.\",\n\t            \"breadcrumb\": {\n\t                \"@id\": \"https:\/\/www.fisan.com\/fr\/boutique\/saucisson-de-bellota-a-la-truffe-alta-gastronomia-coupe-en-tranches\/#breadcrumb\"\n\t            },\n\t            \"inLanguage\": \"fr-FR\",\n\t            \"potentialAction\": [\n\t                {\n\t                    \"@type\": \"ReadAction\",\n\t                    \"target\": [\n\t                        \"https:\/\/www.fisan.com\/fr\/boutique\/saucisson-de-bellota-a-la-truffe-alta-gastronomia-coupe-en-tranches\/\"\n\t                    ]\n\t                }\n\t            ]\n\t        },\n\t        {\n\t            \"@type\": \"ImageObject\",\n\t            \"inLanguage\": \"fr-FR\",\n\t            \"@id\": \"https:\/\/www.fisan.com\/fr\/boutique\/saucisson-de-bellota-a-la-truffe-alta-gastronomia-coupe-en-tranches\/#primaryimage\",\n\t            \"url\": \"https:\/\/www.fisan.com\/wp-content\/uploads\/2022\/10\/salchichon-bellota-iberico-ag-cm-00.jpg\",\n\t            \"contentUrl\": \"https:\/\/www.fisan.com\/wp-content\/uploads\/2022\/10\/salchichon-bellota-iberico-ag-cm-00.jpg\",\n\t            \"width\": 1200,\n\t            \"height\": 2400,\n\t            \"caption\": \"Salchich\u00f3n de Bellota Ib\u00e9rico 100% Natural con Trufa Negra Alta Gastronom\u00eda cortado loncheado\"\n\t        },\n\t        {\n\t            \"@type\": \"BreadcrumbList\",\n\t            \"@id\": \"https:\/\/www.fisan.com\/fr\/boutique\/saucisson-de-bellota-a-la-truffe-alta-gastronomia-coupe-en-tranches\/#breadcrumb\",\n\t            \"itemListElement\": [\n\t                {\n\t                    \"@type\": \"ListItem\",\n\t                    \"position\": 1,\n\t                    \"name\": \"FISAN\",\n\t                    \"item\": \"https:\/\/www.fisan.com\/fr\/\"\n\t                },\n\t                {\n\t                    \"@type\": \"ListItem\",\n\t                    \"position\": 2,\n\t                    \"name\": \"Produits\",\n\t                    \"item\": \"https:\/\/www.fisan.com\/fr\/produits\/\"\n\t                },\n\t                {\n\t                    \"@type\": \"ListItem\",\n\t                    \"position\": 3,\n\t                    \"name\": \"Saucisson de Bellota Ib\u00e9rique \u00e0 la truffe Noire 100% Naturel Coup\u00e9 en tranches\"\n\t                }\n\t            ]\n\t        },\n\t        {\n\t            \"@type\": \"WebSite\",\n\t            \"@id\": \"https:\/\/www.fisan.com\/fr\/#website\",\n\t            \"url\": \"https:\/\/www.fisan.com\/fr\/\",\n\t            \"name\": \"FISAN\",\n\t            \"description\": \"FISAN | Jamones de bellota ib\u00e9rico y embutidos ib\u00e9ricos desde 1920\",\n\t            \"potentialAction\": [\n\t                {\n\t                    \"@type\": \"SearchAction\",\n\t                    \"target\": {\n\t                        \"@type\": \"EntryPoint\",\n\t                        \"urlTemplate\": \"https:\/\/www.fisan.com\/fr\/?s={search_term_string}\"\n\t                    },\n\t                    \"query-input\": {\n\t                        \"@type\": \"PropertyValueSpecification\",\n\t                        \"valueRequired\": true,\n\t                        \"valueName\": \"search_term_string\"\n\t                    }\n\t                }\n\t            ],\n\t            \"inLanguage\": \"fr-FR\"\n\t        }\n\t    ]\n\t}<\/script>\n<meta property=\"og:availability\" content=\"instock\" \/>\n<meta property=\"product:availability\" content=\"instock\" \/>\n<meta property=\"product:retailer_item_id\" content=\"s-bi100CL\" \/>\n<meta property=\"product:condition\" content=\"new\" \/>\n<!-- \/ Yoast SEO plugin. -->","yoast_head_json":{"title":"Saucisson de Bellota Ib\u00e9rique \u00e0 la truffe Noire 100% Naturel Coup\u00e9 en tranches | FISAN","description":"Saucisson de Bellota Ib\u00e9rique \u00e0 la truffe Noire Tranch\u00e9 FISAN.","robots":{"index":"index","follow":"follow","max-snippet":"max-snippet:-1","max-image-preview":"max-image-preview:large","max-video-preview":"max-video-preview:-1"},"canonical":"https:\/\/www.fisan.com\/fr\/boutique\/saucisson-de-bellota-a-la-truffe-alta-gastronomia-coupe-en-tranches\/","og_locale":"fr_FR","og_type":"article","og_title":"Saucisson de Bellota Ib\u00e9rique \u00e0 la truffe Noire 100% Naturel Coup\u00e9 en tranches | FISAN","og_description":"Saucisson de Bellota Ib\u00e9rique \u00e0 la truffe Noire Tranch\u00e9 FISAN.","og_url":"https:\/\/www.fisan.com\/fr\/boutique\/saucisson-de-bellota-a-la-truffe-alta-gastronomia-coupe-en-tranches\/","og_site_name":"FISAN","article_modified_time":"2025-05-30T11:26:04+00:00","og_image":[{"width":1200,"height":2400,"url":"https:\/\/www.fisan.com\/wp-content\/uploads\/2022\/10\/salchichon-bellota-iberico-ag-cm-00.jpg","type":"image\/jpeg"}],"twitter_card":"summary_large_image","twitter_misc":{"Disponibilit\u00e9":"En stock"},"schema":{"@context":"https:\/\/schema.org","@graph":[{"@type":"WebPage","@id":"https:\/\/www.fisan.com\/fr\/boutique\/saucisson-de-bellota-a-la-truffe-alta-gastronomia-coupe-en-tranches\/","url":"https:\/\/www.fisan.com\/fr\/boutique\/saucisson-de-bellota-a-la-truffe-alta-gastronomia-coupe-en-tranches\/","name":"Saucisson de Bellota Ib\u00e9rique \u00e0 la truffe Noire 100% Naturel Coup\u00e9 en tranches | FISAN","isPartOf":{"@id":"https:\/\/www.fisan.com\/fr\/#website"},"primaryImageOfPage":{"@id":"https:\/\/www.fisan.com\/fr\/boutique\/saucisson-de-bellota-a-la-truffe-alta-gastronomia-coupe-en-tranches\/#primaryimage"},"image":{"@id":"https:\/\/www.fisan.com\/fr\/boutique\/saucisson-de-bellota-a-la-truffe-alta-gastronomia-coupe-en-tranches\/#primaryimage"},"thumbnailUrl":"https:\/\/www.fisan.com\/wp-content\/uploads\/2022\/10\/salchichon-bellota-iberico-ag-cm-00.jpg","datePublished":"2022-11-18T12:53:47+00:00","dateModified":"2025-05-30T11:26:04+00:00","description":"Saucisson de Bellota Ib\u00e9rique \u00e0 la truffe Noire Tranch\u00e9 FISAN.","breadcrumb":{"@id":"https:\/\/www.fisan.com\/fr\/boutique\/saucisson-de-bellota-a-la-truffe-alta-gastronomia-coupe-en-tranches\/#breadcrumb"},"inLanguage":"fr-FR","potentialAction":[{"@type":"ReadAction","target":["https:\/\/www.fisan.com\/fr\/boutique\/saucisson-de-bellota-a-la-truffe-alta-gastronomia-coupe-en-tranches\/"]}]},{"@type":"ImageObject","inLanguage":"fr-FR","@id":"https:\/\/www.fisan.com\/fr\/boutique\/saucisson-de-bellota-a-la-truffe-alta-gastronomia-coupe-en-tranches\/#primaryimage","url":"https:\/\/www.fisan.com\/wp-content\/uploads\/2022\/10\/salchichon-bellota-iberico-ag-cm-00.jpg","contentUrl":"https:\/\/www.fisan.com\/wp-content\/uploads\/2022\/10\/salchichon-bellota-iberico-ag-cm-00.jpg","width":1200,"height":2400,"caption":"Salchich\u00f3n de Bellota Ib\u00e9rico 100% Natural con Trufa Negra Alta Gastronom\u00eda cortado loncheado"},{"@type":"BreadcrumbList","@id":"https:\/\/www.fisan.com\/fr\/boutique\/saucisson-de-bellota-a-la-truffe-alta-gastronomia-coupe-en-tranches\/#breadcrumb","itemListElement":[{"@type":"ListItem","position":1,"name":"FISAN","item":"https:\/\/www.fisan.com\/fr\/"},{"@type":"ListItem","position":2,"name":"Produits","item":"https:\/\/www.fisan.com\/fr\/produits\/"},{"@type":"ListItem","position":3,"name":"Saucisson de Bellota Ib\u00e9rique \u00e0 la truffe Noire 100% Naturel Coup\u00e9 en tranches"}]},{"@type":"WebSite","@id":"https:\/\/www.fisan.com\/fr\/#website","url":"https:\/\/www.fisan.com\/fr\/","name":"FISAN","description":"FISAN | Jamones de bellota ib\u00e9rico y embutidos ib\u00e9ricos desde 1920","potentialAction":[{"@type":"SearchAction","target":{"@type":"EntryPoint","urlTemplate":"https:\/\/www.fisan.com\/fr\/?s={search_term_string}"},"query-input":{"@type":"PropertyValueSpecification","valueRequired":true,"valueName":"search_term_string"}}],"inLanguage":"fr-FR"}]},"og_availability":"instock","product_availability":"instock","product_retailer_item_id":"s-bi100CL","product_condition":"new"},"_links":{"self":[{"href":"https:\/\/www.fisan.com\/fr\/wp-json\/wp\/v2\/product\/34287","targetHints":{"allow":["GET"]}}],"collection":[{"href":"https:\/\/www.fisan.com\/fr\/wp-json\/wp\/v2\/product"}],"about":[{"href":"https:\/\/www.fisan.com\/fr\/wp-json\/wp\/v2\/types\/product"}],"version-history":[{"count":7,"href":"https:\/\/www.fisan.com\/fr\/wp-json\/wp\/v2\/product\/34287\/revisions"}],"predecessor-version":[{"id":55912,"href":"https:\/\/www.fisan.com\/fr\/wp-json\/wp\/v2\/product\/34287\/revisions\/55912"}],"wp:featuredmedia":[{"embeddable":true,"href":"https:\/\/www.fisan.com\/fr\/wp-json\/wp\/v2\/media\/26779"}],"wp:attachment":[{"href":"https:\/\/www.fisan.com\/fr\/wp-json\/wp\/v2\/media?parent=34287"}],"wp:term":[{"taxonomy":"product_brand","embeddable":true,"href":"https:\/\/www.fisan.com\/fr\/wp-json\/wp\/v2\/product_brand?post=34287"},{"taxonomy":"product_cat","embeddable":true,"href":"https:\/\/www.fisan.com\/fr\/wp-json\/wp\/v2\/product_cat?post=34287"},{"taxonomy":"product_tag","embeddable":true,"href":"https:\/\/www.fisan.com\/fr\/wp-json\/wp\/v2\/product_tag?post=34287"},{"taxonomy":"gama","embeddable":true,"href":"https:\/\/www.fisan.com\/fr\/wp-json\/wp\/v2\/gama?post=34287"},{"taxonomy":"calidad","embeddable":true,"href":"https:\/\/www.fisan.com\/fr\/wp-json\/wp\/v2\/calidad?post=34287"}],"curies":[{"name":"wp","href":"https:\/\/api.w.org\/{rel}","templated":true}]}}