{"id":38876,"date":"2023-05-26T14:21:42","date_gmt":"2023-05-26T12:21:42","guid":{"rendered":"https:\/\/www.fisan.com\/?post_type=product&#038;p=38876"},"modified":"2025-10-07T14:14:36","modified_gmt":"2025-10-07T12:14:36","slug":"coppa-de-bellota-iberique","status":"publish","type":"product","link":"https:\/\/www.fisan.com\/fr\/boutique\/coppa-de-bellota-iberique\/","title":{"rendered":"Coppa de Bellota Ib\u00e9rique"},"content":{"rendered":"<p>La Coppa de Bellota Ib\u00e9rique se trouve \u00e0 l\u2019avant de l\u2019\u00e9chine du porc de Bellota, dans la m\u00eame zone que le Lomo de Presa de Bellota. Ce qui lui conf\u00e8re une grande quantit\u00e9 d\u2019infiltration de graisse de Bellota, une saveur douce et une texture onctueuse. Sa couleur est tr\u00e8s caract\u00e9ristique de cette partie du porc de Bellota : blanc ros\u00e9 et maigre rouge sobre qui laissent appara\u00eetre les veinules \u00e0 l\u2019aspect marbr\u00e9.<\/p>\n<p>Pour sa d\u00e9gustation, nous recommandons de d\u00e9couper des tranches tr\u00e8s fines pour rehausser la saveur et le juteux.<\/p>\n<p>.<\/p>\n<p>&nbsp;<\/p>\n","protected":false},"excerpt":{"rendered":"<p>Le Lomo de Presa de Bellota Ib\u00e9rique FISAN, notre traditionnel \u00ab lomito \u00bb, se caract\u00e9rise par son go\u00fbt, sa texture agr\u00e9able et son ar\u00f4me intense. Ce lomito est fabriqu\u00e9 avec le morceau appel\u00e9 presa ib\u00e9rique avant de subir la salaison artisanale utilis\u00e9e pour le lomo, \u00e0 base de paprika. Au cours de sa transformation, la viande n\u2019est jamais congel\u00e9e. Il est soigneusement vieilli dans des s\u00e9choirs naturels qui lui donneront tout son caract\u00e8re.<\/p>\n","protected":false},"featured_media":38892,"template":"","meta":{"_acf_changed":false,"_wp_rev_ctl_limit":""},"product_brand":[],"product_cat":[353],"product_tag":[529,519],"gama":[1371],"calidad":[338],"class_list":{"0":"post-38876","1":"product","2":"type-product","3":"status-publish","4":"has-post-thumbnail","6":"product_cat-4-charcuterie","7":"product_tag-destacados-embutido","8":"product_tag-st","9":"gama-sabor-tradicional-fr-2","10":"calidad-1-bellota-iberico","12":"first","13":"outofstock","14":"taxable","15":"shipping-taxable","16":"purchasable","17":"product-type-variable","18":"has-default-attributes"},"acf":[],"yoast_head":"<!-- This site is optimized with the Yoast SEO plugin v25.4 - https:\/\/yoast.com\/wordpress\/plugins\/seo\/ -->\n<title>Coppa de Bellota Ib\u00e9rique | FISAN<\/title>\n<meta name=\"description\" content=\"Savourez la coppa ib\u00e9rique nourrie aux glands FISAN. La coppa de bellota se caract\u00e9rise par sa saveur, sa texture onctueuse et son ar\u00f4me profond.\" \/>\n<meta name=\"robots\" content=\"index, follow, max-snippet:-1, max-image-preview:large, max-video-preview:-1\" \/>\n<link rel=\"canonical\" href=\"https:\/\/www.fisan.com\/fr\/boutique\/coppa-de-bellota-iberique\/\" \/>\n<meta property=\"og:locale\" content=\"fr_FR\" \/>\n<meta property=\"og:type\" content=\"article\" \/>\n<meta property=\"og:title\" content=\"Coppa de Bellota Ib\u00e9rique | FISAN\" \/>\n<meta property=\"og:description\" content=\"Savourez la coppa ib\u00e9rique nourrie aux glands FISAN. La coppa de bellota se caract\u00e9rise par sa saveur, sa texture onctueuse et son ar\u00f4me profond.\" \/>\n<meta property=\"og:url\" content=\"https:\/\/www.fisan.com\/fr\/boutique\/coppa-de-bellota-iberique\/\" \/>\n<meta property=\"og:site_name\" content=\"FISAN\" \/>\n<meta property=\"article:modified_time\" content=\"2025-10-07T12:14:36+00:00\" \/>\n<meta property=\"og:image\" content=\"https:\/\/www.fisan.com\/wp-content\/uploads\/2023\/05\/coppa-presa-bellota-iberico-st-pe-00.jpg\" \/>\n\t<meta property=\"og:image:width\" content=\"1200\" \/>\n\t<meta property=\"og:image:height\" content=\"2400\" \/>\n\t<meta property=\"og:image:type\" content=\"image\/jpeg\" \/>\n<meta name=\"twitter:card\" content=\"summary_large_image\" \/>\n<meta name=\"twitter:label1\" content=\"Disponibilit\u00e9\" \/>\n\t<meta name=\"twitter:data1\" content=\"Rupture de stock\" \/>\n<script type=\"application\/ld+json\" class=\"yoast-schema-graph\">{\n\t    \"@context\": \"https:\/\/schema.org\",\n\t    \"@graph\": [\n\t        {\n\t            \"@type\": \"WebPage\",\n\t            \"@id\": \"https:\/\/www.fisan.com\/fr\/boutique\/coppa-de-bellota-iberique\/\",\n\t            \"url\": \"https:\/\/www.fisan.com\/fr\/boutique\/coppa-de-bellota-iberique\/\",\n\t            \"name\": \"Coppa de Bellota Ib\u00e9rique | FISAN\",\n\t            \"isPartOf\": {\n\t                \"@id\": \"https:\/\/www.fisan.com\/fr\/#website\"\n\t            },\n\t            \"primaryImageOfPage\": {\n\t                \"@id\": \"https:\/\/www.fisan.com\/fr\/boutique\/coppa-de-bellota-iberique\/#primaryimage\"\n\t            },\n\t            \"image\": {\n\t                \"@id\": \"https:\/\/www.fisan.com\/fr\/boutique\/coppa-de-bellota-iberique\/#primaryimage\"\n\t            },\n\t            \"thumbnailUrl\": \"https:\/\/www.fisan.com\/wp-content\/uploads\/2023\/05\/coppa-presa-bellota-iberico-st-pe-00.jpg\",\n\t            \"datePublished\": \"2023-05-26T12:21:42+00:00\",\n\t            \"dateModified\": \"2025-10-07T12:14:36+00:00\",\n\t            \"description\": \"Savourez la coppa ib\u00e9rique nourrie aux glands FISAN. La coppa de bellota se caract\u00e9rise par sa saveur, sa texture onctueuse et son ar\u00f4me profond.\",\n\t            \"breadcrumb\": {\n\t                \"@id\": \"https:\/\/www.fisan.com\/fr\/boutique\/coppa-de-bellota-iberique\/#breadcrumb\"\n\t            },\n\t            \"inLanguage\": \"fr-FR\",\n\t            \"potentialAction\": [\n\t                {\n\t                    \"@type\": \"ReadAction\",\n\t                    \"target\": [\n\t                        \"https:\/\/www.fisan.com\/fr\/boutique\/coppa-de-bellota-iberique\/\"\n\t                    ]\n\t                }\n\t            ]\n\t        },\n\t        {\n\t            \"@type\": \"ImageObject\",\n\t            \"inLanguage\": \"fr-FR\",\n\t            \"@id\": \"https:\/\/www.fisan.com\/fr\/boutique\/coppa-de-bellota-iberique\/#primaryimage\",\n\t            \"url\": \"https:\/\/www.fisan.com\/wp-content\/uploads\/2023\/05\/coppa-presa-bellota-iberico-st-pe-00.jpg\",\n\t            \"contentUrl\": \"https:\/\/www.fisan.com\/wp-content\/uploads\/2023\/05\/coppa-presa-bellota-iberico-st-pe-00.jpg\",\n\t            \"width\": 1200,\n\t            \"height\": 2400,\n\t            \"caption\": \"coppa de bellota ib\u00e9rica\"\n\t        },\n\t        {\n\t            \"@type\": \"BreadcrumbList\",\n\t            \"@id\": \"https:\/\/www.fisan.com\/fr\/boutique\/coppa-de-bellota-iberique\/#breadcrumb\",\n\t            \"itemListElement\": [\n\t                {\n\t                    \"@type\": \"ListItem\",\n\t                    \"position\": 1,\n\t                    \"name\": \"FISAN\",\n\t                    \"item\": \"https:\/\/www.fisan.com\/fr\/\"\n\t                },\n\t                {\n\t                    \"@type\": \"ListItem\",\n\t                    \"position\": 2,\n\t                    \"name\": \"Produits\",\n\t                    \"item\": \"https:\/\/www.fisan.com\/fr\/produits\/\"\n\t                },\n\t                {\n\t                    \"@type\": \"ListItem\",\n\t                    \"position\": 3,\n\t                    \"name\": \"Coppa de Bellota Ib\u00e9rique\"\n\t                }\n\t            ]\n\t        },\n\t        {\n\t            \"@type\": \"WebSite\",\n\t            \"@id\": \"https:\/\/www.fisan.com\/fr\/#website\",\n\t            \"url\": \"https:\/\/www.fisan.com\/fr\/\",\n\t            \"name\": \"FISAN\",\n\t            \"description\": \"FISAN | Jamones de bellota ib\u00e9rico y embutidos ib\u00e9ricos desde 1920\",\n\t            \"potentialAction\": [\n\t                {\n\t                    \"@type\": \"SearchAction\",\n\t                    \"target\": {\n\t                        \"@type\": \"EntryPoint\",\n\t                        \"urlTemplate\": \"https:\/\/www.fisan.com\/fr\/?s={search_term_string}\"\n\t                    },\n\t                    \"query-input\": {\n\t                        \"@type\": \"PropertyValueSpecification\",\n\t                        \"valueRequired\": true,\n\t                        \"valueName\": \"search_term_string\"\n\t                    }\n\t                }\n\t            ],\n\t            \"inLanguage\": \"fr-FR\"\n\t        }\n\t    ]\n\t}<\/script>\n<meta property=\"og:availability\" content=\"out of stock\" \/>\n<meta property=\"product:availability\" content=\"out of stock\" \/>\n<meta property=\"product:retailer_item_id\" content=\"co-bi50\" \/>\n<meta property=\"product:condition\" content=\"new\" \/>\n<!-- \/ Yoast SEO plugin. -->","yoast_head_json":{"title":"Coppa de Bellota Ib\u00e9rique | FISAN","description":"Savourez la coppa ib\u00e9rique nourrie aux glands FISAN. La coppa de bellota se caract\u00e9rise par sa saveur, sa texture onctueuse et son ar\u00f4me profond.","robots":{"index":"index","follow":"follow","max-snippet":"max-snippet:-1","max-image-preview":"max-image-preview:large","max-video-preview":"max-video-preview:-1"},"canonical":"https:\/\/www.fisan.com\/fr\/boutique\/coppa-de-bellota-iberique\/","og_locale":"fr_FR","og_type":"article","og_title":"Coppa de Bellota Ib\u00e9rique | FISAN","og_description":"Savourez la coppa ib\u00e9rique nourrie aux glands FISAN. La coppa de bellota se caract\u00e9rise par sa saveur, sa texture onctueuse et son ar\u00f4me profond.","og_url":"https:\/\/www.fisan.com\/fr\/boutique\/coppa-de-bellota-iberique\/","og_site_name":"FISAN","article_modified_time":"2025-10-07T12:14:36+00:00","og_image":[{"width":1200,"height":2400,"url":"https:\/\/www.fisan.com\/wp-content\/uploads\/2023\/05\/coppa-presa-bellota-iberico-st-pe-00.jpg","type":"image\/jpeg"}],"twitter_card":"summary_large_image","twitter_misc":{"Disponibilit\u00e9":"Rupture de stock"},"schema":{"@context":"https:\/\/schema.org","@graph":[{"@type":"WebPage","@id":"https:\/\/www.fisan.com\/fr\/boutique\/coppa-de-bellota-iberique\/","url":"https:\/\/www.fisan.com\/fr\/boutique\/coppa-de-bellota-iberique\/","name":"Coppa de Bellota Ib\u00e9rique | FISAN","isPartOf":{"@id":"https:\/\/www.fisan.com\/fr\/#website"},"primaryImageOfPage":{"@id":"https:\/\/www.fisan.com\/fr\/boutique\/coppa-de-bellota-iberique\/#primaryimage"},"image":{"@id":"https:\/\/www.fisan.com\/fr\/boutique\/coppa-de-bellota-iberique\/#primaryimage"},"thumbnailUrl":"https:\/\/www.fisan.com\/wp-content\/uploads\/2023\/05\/coppa-presa-bellota-iberico-st-pe-00.jpg","datePublished":"2023-05-26T12:21:42+00:00","dateModified":"2025-10-07T12:14:36+00:00","description":"Savourez la coppa ib\u00e9rique nourrie aux glands FISAN. La coppa de bellota se caract\u00e9rise par sa saveur, sa texture onctueuse et son ar\u00f4me profond.","breadcrumb":{"@id":"https:\/\/www.fisan.com\/fr\/boutique\/coppa-de-bellota-iberique\/#breadcrumb"},"inLanguage":"fr-FR","potentialAction":[{"@type":"ReadAction","target":["https:\/\/www.fisan.com\/fr\/boutique\/coppa-de-bellota-iberique\/"]}]},{"@type":"ImageObject","inLanguage":"fr-FR","@id":"https:\/\/www.fisan.com\/fr\/boutique\/coppa-de-bellota-iberique\/#primaryimage","url":"https:\/\/www.fisan.com\/wp-content\/uploads\/2023\/05\/coppa-presa-bellota-iberico-st-pe-00.jpg","contentUrl":"https:\/\/www.fisan.com\/wp-content\/uploads\/2023\/05\/coppa-presa-bellota-iberico-st-pe-00.jpg","width":1200,"height":2400,"caption":"coppa de bellota ib\u00e9rica"},{"@type":"BreadcrumbList","@id":"https:\/\/www.fisan.com\/fr\/boutique\/coppa-de-bellota-iberique\/#breadcrumb","itemListElement":[{"@type":"ListItem","position":1,"name":"FISAN","item":"https:\/\/www.fisan.com\/fr\/"},{"@type":"ListItem","position":2,"name":"Produits","item":"https:\/\/www.fisan.com\/fr\/produits\/"},{"@type":"ListItem","position":3,"name":"Coppa de Bellota Ib\u00e9rique"}]},{"@type":"WebSite","@id":"https:\/\/www.fisan.com\/fr\/#website","url":"https:\/\/www.fisan.com\/fr\/","name":"FISAN","description":"FISAN | Jamones de bellota ib\u00e9rico y embutidos ib\u00e9ricos desde 1920","potentialAction":[{"@type":"SearchAction","target":{"@type":"EntryPoint","urlTemplate":"https:\/\/www.fisan.com\/fr\/?s={search_term_string}"},"query-input":{"@type":"PropertyValueSpecification","valueRequired":true,"valueName":"search_term_string"}}],"inLanguage":"fr-FR"}]},"og_availability":"out of stock","product_availability":"out of stock","product_retailer_item_id":"co-bi50","product_condition":"new"},"_links":{"self":[{"href":"https:\/\/www.fisan.com\/fr\/wp-json\/wp\/v2\/product\/38876","targetHints":{"allow":["GET"]}}],"collection":[{"href":"https:\/\/www.fisan.com\/fr\/wp-json\/wp\/v2\/product"}],"about":[{"href":"https:\/\/www.fisan.com\/fr\/wp-json\/wp\/v2\/types\/product"}],"version-history":[{"count":3,"href":"https:\/\/www.fisan.com\/fr\/wp-json\/wp\/v2\/product\/38876\/revisions"}],"predecessor-version":[{"id":57433,"href":"https:\/\/www.fisan.com\/fr\/wp-json\/wp\/v2\/product\/38876\/revisions\/57433"}],"wp:featuredmedia":[{"embeddable":true,"href":"https:\/\/www.fisan.com\/fr\/wp-json\/wp\/v2\/media\/38892"}],"wp:attachment":[{"href":"https:\/\/www.fisan.com\/fr\/wp-json\/wp\/v2\/media?parent=38876"}],"wp:term":[{"taxonomy":"product_brand","embeddable":true,"href":"https:\/\/www.fisan.com\/fr\/wp-json\/wp\/v2\/product_brand?post=38876"},{"taxonomy":"product_cat","embeddable":true,"href":"https:\/\/www.fisan.com\/fr\/wp-json\/wp\/v2\/product_cat?post=38876"},{"taxonomy":"product_tag","embeddable":true,"href":"https:\/\/www.fisan.com\/fr\/wp-json\/wp\/v2\/product_tag?post=38876"},{"taxonomy":"gama","embeddable":true,"href":"https:\/\/www.fisan.com\/fr\/wp-json\/wp\/v2\/gama?post=38876"},{"taxonomy":"calidad","embeddable":true,"href":"https:\/\/www.fisan.com\/fr\/wp-json\/wp\/v2\/calidad?post=38876"}],"curies":[{"name":"wp","href":"https:\/\/api.w.org\/{rel}","templated":true}]}}