{"id":39581,"date":"2023-09-26T10:09:22","date_gmt":"2023-09-26T08:09:22","guid":{"rendered":"https:\/\/www.fisan.com\/?post_type=product&#038;p=39581"},"modified":"2024-11-15T13:03:20","modified_gmt":"2024-11-15T12:03:20","slug":"jambon-edition-limitee-centenaire-cru-2015","status":"publish","type":"product","link":"https:\/\/www.fisan.com\/fr\/boutique\/jambon-edition-limitee-centenaire-cru-2015\/","title":{"rendered":"Jambon Alta Gastronomia \u00c9dition Limit\u00e9e Centenaire Cru 2015"},"content":{"rendered":"<p>Ce jambon appartient \u00e0 l\u2019\u00c9DITION CENTENAIRE du Cru 2015.<\/p>\n<p>Pour f\u00eater nos 100 ans d\u2019excellence dans l\u2019\u00e9laboration de jambons, chez FISAN, nous avons s\u00e9lectionn\u00e9, d\u00e8s leur origine dans les champs, les meilleures pi\u00e8ces qui pendant environ 100 mois ont \u00e9t\u00e9 affin\u00e9es avec soin et patience dans nos s\u00e9choirs et caves naturels, avec peu de lumi\u00e8re et \u00e0 peine de bruit.<\/p>\n<p>Un choix personnel m\u00e9ticuleux de la famille S\u00e1nchez, qui repr\u00e9sente notre engagement pour la tradition, l\u2019expertise et la qualit\u00e9 supr\u00eame.<\/p>\n<p>Il est recommand\u00e9 de consommer le jambon \u00e0 une temp\u00e9rature de 22 \u00baC pour appr\u00e9cier son ar\u00f4me profond et frais, sa couleur ros\u00e9e fonc\u00e9e avec une tr\u00e8s bonne infiltration de graisse, et laisser fondre sa texture dans la bouche.<\/p>\n<p>Une \u00e9dition vraiment unique. Un joyau FISAN.<\/p>\n<ul>\n<li>\u00c9tui au rev\u00eatement en cuir naturel fait main.<\/li>\n<li>Couteau \u00e0 jambon.<\/li>\n<li>Tablier en cuir FISAN.<\/li>\n<li>Livre du centenaire de FISAN, qui explore l\u2019histoire, la culture, la d\u00e9gustation et la subtilit\u00e9 du jambon FISAN.<\/li>\n<\/ul>\n<h4>Bilan du Cru 2015<\/h4>\n<p>Nous avons eu une ann\u00e9e tr\u00e8s fruits, sous des conditions climatiques tr\u00e8s r\u00e9guli\u00e8res concernant les temp\u00e9ratures et les pr\u00e9cipitations, ce qui a permis une conservation et un rendement des fruits optimaux.<\/p>\n<p>Les troupeaux de porcs ont pu profiter de grandes quantit\u00e9s de fruits pendant une longue p\u00e9riode, ce qui leur a permis de grossir au rythme ad\u00e9quat.<\/p>\n","protected":false},"excerpt":{"rendered":"<p>Ce jambon appartient \u00e0 l\u2019\u00c9DITION CENTENAIRE du Cru 2015. Pour f\u00eater nos 100 ans d\u2019excellence dans l\u2019\u00e9laboration de jambons, chez FISAN, nous avons s\u00e9lectionn\u00e9, d\u00e8s leur origine dans les champs, les meilleures pi\u00e8ces qui pendant environ 100 mois ont \u00e9t\u00e9 affin\u00e9es avec soin et patience dans nos s\u00e9choirs et caves naturels, avec peu de lumi\u00e8re &#8230; <a title=\"Jambon Alta Gastronomia \u00c9dition Limit\u00e9e Centenaire Cru 2015\" class=\"read-more\" href=\"https:\/\/www.fisan.com\/fr\/boutique\/jambon-edition-limitee-centenaire-cru-2015\/\" aria-label=\"En savoir plus sur Jambon Alta Gastronomia \u00c9dition Limit\u00e9e Centenaire Cru 2015\">Lire la suite<\/a><\/p>\n","protected":false},"featured_media":39645,"template":"","meta":{"_acf_changed":false,"_wp_rev_ctl_limit":""},"product_brand":[],"product_cat":[1021],"product_tag":[297,298],"gama":[435],"calidad":[510],"class_list":{"0":"post-39581","1":"product","2":"type-product","3":"status-publish","4":"has-post-thumbnail","6":"product_cat-edition-limitee","7":"product_tag-ag","8":"product_tag-destacados-inicio","9":"gama-alta-gastronomia-fr","10":"calidad-4-edition-limitee","12":"first","13":"instock","14":"taxable","15":"shipping-taxable","16":"purchasable","17":"product-type-variable","18":"has-default-attributes"},"acf":[],"yoast_head":"<!-- This site is optimized with the Yoast SEO plugin v25.4 - https:\/\/yoast.com\/wordpress\/plugins\/seo\/ -->\n<title>Jambon Alta Gastronomia \u00c9dition Limit\u00e9e Centenaire Cru 2015 | FISAN<\/title>\n<meta name=\"robots\" content=\"index, follow, max-snippet:-1, max-image-preview:large, max-video-preview:-1\" \/>\n<link rel=\"canonical\" href=\"https:\/\/www.fisan.com\/fr\/boutique\/jambon-edition-limitee-centenaire-cru-2015\/\" \/>\n<meta property=\"og:locale\" content=\"fr_FR\" \/>\n<meta property=\"og:type\" content=\"article\" \/>\n<meta property=\"og:title\" content=\"Jambon Alta Gastronomia \u00c9dition Limit\u00e9e Centenaire Cru 2015 | FISAN\" \/>\n<meta property=\"og:description\" content=\"Ce jambon appartient \u00e0 l\u2019\u00c9DITION CENTENAIRE du Cru 2015. Pour f\u00eater nos 100 ans d\u2019excellence dans l\u2019\u00e9laboration de jambons, chez FISAN, nous avons s\u00e9lectionn\u00e9, d\u00e8s leur origine dans les champs, les meilleures pi\u00e8ces qui pendant environ 100 mois ont \u00e9t\u00e9 affin\u00e9es avec soin et patience dans nos s\u00e9choirs et caves naturels, avec peu de lumi\u00e8re ... Lire la suite\" \/>\n<meta property=\"og:url\" content=\"https:\/\/www.fisan.com\/fr\/boutique\/jambon-edition-limitee-centenaire-cru-2015\/\" \/>\n<meta property=\"og:site_name\" content=\"FISAN\" \/>\n<meta property=\"article:modified_time\" content=\"2024-11-15T12:03:20+00:00\" \/>\n<meta property=\"og:image\" content=\"https:\/\/www.fisan.com\/wp-content\/uploads\/2023\/09\/jamon-ec-2015-pe-00-1.jpg\" \/>\n\t<meta property=\"og:image:width\" content=\"1200\" \/>\n\t<meta property=\"og:image:height\" content=\"2400\" \/>\n\t<meta property=\"og:image:type\" content=\"image\/jpeg\" \/>\n<meta name=\"twitter:card\" content=\"summary_large_image\" \/>\n<meta name=\"twitter:label1\" content=\"Disponibilit\u00e9\" \/>\n\t<meta name=\"twitter:data1\" content=\"En stock\" \/>\n<script type=\"application\/ld+json\" class=\"yoast-schema-graph\">{\n\t    \"@context\": \"https:\/\/schema.org\",\n\t    \"@graph\": [\n\t        {\n\t            \"@type\": \"WebPage\",\n\t            \"@id\": \"https:\/\/www.fisan.com\/fr\/boutique\/jambon-edition-limitee-centenaire-cru-2015\/\",\n\t            \"url\": \"https:\/\/www.fisan.com\/fr\/boutique\/jambon-edition-limitee-centenaire-cru-2015\/\",\n\t            \"name\": \"Jambon Alta Gastronomia \u00c9dition Limit\u00e9e Centenaire Cru 2015 | FISAN\",\n\t            \"isPartOf\": {\n\t                \"@id\": \"https:\/\/www.fisan.com\/fr\/#website\"\n\t            },\n\t            \"primaryImageOfPage\": {\n\t                \"@id\": \"https:\/\/www.fisan.com\/fr\/boutique\/jambon-edition-limitee-centenaire-cru-2015\/#primaryimage\"\n\t            },\n\t            \"image\": {\n\t                \"@id\": \"https:\/\/www.fisan.com\/fr\/boutique\/jambon-edition-limitee-centenaire-cru-2015\/#primaryimage\"\n\t            },\n\t            \"thumbnailUrl\": \"https:\/\/www.fisan.com\/wp-content\/uploads\/2023\/09\/jamon-ec-2015-pe-00-1.jpg\",\n\t            \"datePublished\": \"2023-09-26T08:09:22+00:00\",\n\t            \"dateModified\": \"2024-11-15T12:03:20+00:00\",\n\t            \"breadcrumb\": {\n\t                \"@id\": \"https:\/\/www.fisan.com\/fr\/boutique\/jambon-edition-limitee-centenaire-cru-2015\/#breadcrumb\"\n\t            },\n\t            \"inLanguage\": \"fr-FR\",\n\t            \"potentialAction\": [\n\t                {\n\t                    \"@type\": \"ReadAction\",\n\t                    \"target\": [\n\t                        \"https:\/\/www.fisan.com\/fr\/boutique\/jambon-edition-limitee-centenaire-cru-2015\/\"\n\t                    ]\n\t                }\n\t            ]\n\t        },\n\t        {\n\t            \"@type\": \"ImageObject\",\n\t            \"inLanguage\": \"fr-FR\",\n\t            \"@id\": \"https:\/\/www.fisan.com\/fr\/boutique\/jambon-edition-limitee-centenaire-cru-2015\/#primaryimage\",\n\t            \"url\": \"https:\/\/www.fisan.com\/wp-content\/uploads\/2023\/09\/jamon-ec-2015-pe-00-1.jpg\",\n\t            \"contentUrl\": \"https:\/\/www.fisan.com\/wp-content\/uploads\/2023\/09\/jamon-ec-2015-pe-00-1.jpg\",\n\t            \"width\": 1200,\n\t            \"height\": 2400,\n\t            \"caption\": \"jam\u00f3n FISAN edici\u00f3n centenario\"\n\t        },\n\t        {\n\t            \"@type\": \"BreadcrumbList\",\n\t            \"@id\": \"https:\/\/www.fisan.com\/fr\/boutique\/jambon-edition-limitee-centenaire-cru-2015\/#breadcrumb\",\n\t            \"itemListElement\": [\n\t                {\n\t                    \"@type\": \"ListItem\",\n\t                    \"position\": 1,\n\t                    \"name\": \"FISAN\",\n\t                    \"item\": \"https:\/\/www.fisan.com\/fr\/\"\n\t                },\n\t                {\n\t                    \"@type\": \"ListItem\",\n\t                    \"position\": 2,\n\t                    \"name\": \"Produits\",\n\t                    \"item\": \"https:\/\/www.fisan.com\/fr\/produits\/\"\n\t                },\n\t                {\n\t                    \"@type\": \"ListItem\",\n\t                    \"position\": 3,\n\t                    \"name\": \"Jambon Alta Gastronomia \u00c9dition Limit\u00e9e Centenaire Cru 2015\"\n\t                }\n\t            ]\n\t        },\n\t        {\n\t            \"@type\": \"WebSite\",\n\t            \"@id\": \"https:\/\/www.fisan.com\/fr\/#website\",\n\t            \"url\": \"https:\/\/www.fisan.com\/fr\/\",\n\t            \"name\": \"FISAN\",\n\t            \"description\": \"FISAN | Jamones de bellota ib\u00e9rico y embutidos ib\u00e9ricos desde 1920\",\n\t            \"potentialAction\": [\n\t                {\n\t                    \"@type\": \"SearchAction\",\n\t                    \"target\": {\n\t                        \"@type\": \"EntryPoint\",\n\t                        \"urlTemplate\": \"https:\/\/www.fisan.com\/fr\/?s={search_term_string}\"\n\t                    },\n\t                    \"query-input\": {\n\t                        \"@type\": \"PropertyValueSpecification\",\n\t                        \"valueRequired\": true,\n\t                        \"valueName\": \"search_term_string\"\n\t                    }\n\t                }\n\t            ],\n\t            \"inLanguage\": \"fr-FR\"\n\t        }\n\t    ]\n\t}<\/script>\n<meta property=\"og:availability\" content=\"instock\" \/>\n<meta property=\"product:availability\" content=\"instock\" \/>\n<meta property=\"product:retailer_item_id\" content=\"j-agel2015-ec\" \/>\n<meta property=\"product:condition\" content=\"new\" \/>\n<!-- \/ Yoast SEO plugin. -->","yoast_head_json":{"title":"Jambon Alta Gastronomia \u00c9dition Limit\u00e9e Centenaire Cru 2015 | FISAN","robots":{"index":"index","follow":"follow","max-snippet":"max-snippet:-1","max-image-preview":"max-image-preview:large","max-video-preview":"max-video-preview:-1"},"canonical":"https:\/\/www.fisan.com\/fr\/boutique\/jambon-edition-limitee-centenaire-cru-2015\/","og_locale":"fr_FR","og_type":"article","og_title":"Jambon Alta Gastronomia \u00c9dition Limit\u00e9e Centenaire Cru 2015 | FISAN","og_description":"Ce jambon appartient \u00e0 l\u2019\u00c9DITION CENTENAIRE du Cru 2015. Pour f\u00eater nos 100 ans d\u2019excellence dans l\u2019\u00e9laboration de jambons, chez FISAN, nous avons s\u00e9lectionn\u00e9, d\u00e8s leur origine dans les champs, les meilleures pi\u00e8ces qui pendant environ 100 mois ont \u00e9t\u00e9 affin\u00e9es avec soin et patience dans nos s\u00e9choirs et caves naturels, avec peu de lumi\u00e8re ... Lire la suite","og_url":"https:\/\/www.fisan.com\/fr\/boutique\/jambon-edition-limitee-centenaire-cru-2015\/","og_site_name":"FISAN","article_modified_time":"2024-11-15T12:03:20+00:00","og_image":[{"width":1200,"height":2400,"url":"https:\/\/www.fisan.com\/wp-content\/uploads\/2023\/09\/jamon-ec-2015-pe-00-1.jpg","type":"image\/jpeg"}],"twitter_card":"summary_large_image","twitter_misc":{"Disponibilit\u00e9":"En stock"},"schema":{"@context":"https:\/\/schema.org","@graph":[{"@type":"WebPage","@id":"https:\/\/www.fisan.com\/fr\/boutique\/jambon-edition-limitee-centenaire-cru-2015\/","url":"https:\/\/www.fisan.com\/fr\/boutique\/jambon-edition-limitee-centenaire-cru-2015\/","name":"Jambon Alta Gastronomia \u00c9dition Limit\u00e9e Centenaire Cru 2015 | FISAN","isPartOf":{"@id":"https:\/\/www.fisan.com\/fr\/#website"},"primaryImageOfPage":{"@id":"https:\/\/www.fisan.com\/fr\/boutique\/jambon-edition-limitee-centenaire-cru-2015\/#primaryimage"},"image":{"@id":"https:\/\/www.fisan.com\/fr\/boutique\/jambon-edition-limitee-centenaire-cru-2015\/#primaryimage"},"thumbnailUrl":"https:\/\/www.fisan.com\/wp-content\/uploads\/2023\/09\/jamon-ec-2015-pe-00-1.jpg","datePublished":"2023-09-26T08:09:22+00:00","dateModified":"2024-11-15T12:03:20+00:00","breadcrumb":{"@id":"https:\/\/www.fisan.com\/fr\/boutique\/jambon-edition-limitee-centenaire-cru-2015\/#breadcrumb"},"inLanguage":"fr-FR","potentialAction":[{"@type":"ReadAction","target":["https:\/\/www.fisan.com\/fr\/boutique\/jambon-edition-limitee-centenaire-cru-2015\/"]}]},{"@type":"ImageObject","inLanguage":"fr-FR","@id":"https:\/\/www.fisan.com\/fr\/boutique\/jambon-edition-limitee-centenaire-cru-2015\/#primaryimage","url":"https:\/\/www.fisan.com\/wp-content\/uploads\/2023\/09\/jamon-ec-2015-pe-00-1.jpg","contentUrl":"https:\/\/www.fisan.com\/wp-content\/uploads\/2023\/09\/jamon-ec-2015-pe-00-1.jpg","width":1200,"height":2400,"caption":"jam\u00f3n FISAN edici\u00f3n centenario"},{"@type":"BreadcrumbList","@id":"https:\/\/www.fisan.com\/fr\/boutique\/jambon-edition-limitee-centenaire-cru-2015\/#breadcrumb","itemListElement":[{"@type":"ListItem","position":1,"name":"FISAN","item":"https:\/\/www.fisan.com\/fr\/"},{"@type":"ListItem","position":2,"name":"Produits","item":"https:\/\/www.fisan.com\/fr\/produits\/"},{"@type":"ListItem","position":3,"name":"Jambon Alta Gastronomia \u00c9dition Limit\u00e9e Centenaire Cru 2015"}]},{"@type":"WebSite","@id":"https:\/\/www.fisan.com\/fr\/#website","url":"https:\/\/www.fisan.com\/fr\/","name":"FISAN","description":"FISAN | Jamones de bellota ib\u00e9rico y embutidos ib\u00e9ricos desde 1920","potentialAction":[{"@type":"SearchAction","target":{"@type":"EntryPoint","urlTemplate":"https:\/\/www.fisan.com\/fr\/?s={search_term_string}"},"query-input":{"@type":"PropertyValueSpecification","valueRequired":true,"valueName":"search_term_string"}}],"inLanguage":"fr-FR"}]},"og_availability":"instock","product_availability":"instock","product_retailer_item_id":"j-agel2015-ec","product_condition":"new"},"_links":{"self":[{"href":"https:\/\/www.fisan.com\/fr\/wp-json\/wp\/v2\/product\/39581","targetHints":{"allow":["GET"]}}],"collection":[{"href":"https:\/\/www.fisan.com\/fr\/wp-json\/wp\/v2\/product"}],"about":[{"href":"https:\/\/www.fisan.com\/fr\/wp-json\/wp\/v2\/types\/product"}],"version-history":[{"count":7,"href":"https:\/\/www.fisan.com\/fr\/wp-json\/wp\/v2\/product\/39581\/revisions"}],"predecessor-version":[{"id":50902,"href":"https:\/\/www.fisan.com\/fr\/wp-json\/wp\/v2\/product\/39581\/revisions\/50902"}],"wp:featuredmedia":[{"embeddable":true,"href":"https:\/\/www.fisan.com\/fr\/wp-json\/wp\/v2\/media\/39645"}],"wp:attachment":[{"href":"https:\/\/www.fisan.com\/fr\/wp-json\/wp\/v2\/media?parent=39581"}],"wp:term":[{"taxonomy":"product_brand","embeddable":true,"href":"https:\/\/www.fisan.com\/fr\/wp-json\/wp\/v2\/product_brand?post=39581"},{"taxonomy":"product_cat","embeddable":true,"href":"https:\/\/www.fisan.com\/fr\/wp-json\/wp\/v2\/product_cat?post=39581"},{"taxonomy":"product_tag","embeddable":true,"href":"https:\/\/www.fisan.com\/fr\/wp-json\/wp\/v2\/product_tag?post=39581"},{"taxonomy":"gama","embeddable":true,"href":"https:\/\/www.fisan.com\/fr\/wp-json\/wp\/v2\/gama?post=39581"},{"taxonomy":"calidad","embeddable":true,"href":"https:\/\/www.fisan.com\/fr\/wp-json\/wp\/v2\/calidad?post=39581"}],"curies":[{"name":"wp","href":"https:\/\/api.w.org\/{rel}","templated":true}]}}