{"id":40209,"date":"2023-11-02T09:00:01","date_gmt":"2023-11-02T08:00:01","guid":{"rendered":"https:\/\/www.fisan.com\/?post_type=product&#038;p=40209"},"modified":"2024-09-04T14:00:43","modified_gmt":"2024-09-04T12:00:43","slug":"pack-deluxe-jambon-lomo-et-saucisse-seche-alta-gastronomia","status":"publish","type":"product","link":"https:\/\/www.fisan.com\/fr\/boutique\/pack-deluxe-jambon-lomo-et-saucisse-seche-alta-gastronomia\/","title":{"rendered":"Pack Deluxe Jambon entier, Lomo et Saucisse s\u00e8che Alta Gastronomia"},"content":{"rendered":"<p>Le cadeau id\u00e9al : un jambon entier de Bellota Ib\u00e9rico 100 % race ib\u00e9rica Alta Gastronom\u00eda FISAN accompagn\u00e9 d\u2019un lot de saucisses s\u00e8ches de bellota Alta Gastronom\u00eda.<\/p>\n<p>Se compose de<\/p>\n<ul>\n<li>1 Jambon de Bellota 100% Ib\u00e9rique Alta Gastronomia avant 6,5 \u00e0 7,0 kg<\/li>\n<li>1 Demi Morceau de Saucisson de Bellota Truff\u00e9 Alta Gastronom\u00eda<\/li>\n<li>1 Demi Morceau de Chorizo de Bellota Ib\u00e9rique Alta Gastronomia.<\/li>\n<li>1 Demi Morceau de Lomo de Bellota 100 % Ib\u00e9rique Alta Gastronomia.<\/li>\n<\/ul>\n<p>CADEAU: <strong>Tablier brod\u00e9 FISAN<\/strong><\/p>\n","protected":false},"excerpt":{"rendered":"<p>Le cadeau id\u00e9al : un jambon entier de Bellota Ib\u00e9rico 100 % race ib\u00e9rica Alta Gastronom\u00eda FISAN accompagn\u00e9 d\u2019un lot de saucisses s\u00e8ches de bellota Alta Gastronom\u00eda. Se compose de 1 Jambon de Bellota 100% Ib\u00e9rique Alta Gastronomia avant 6,5 \u00e0 7,0 kg 1 Demi Morceau de Saucisson de Bellota Truff\u00e9 Alta Gastronom\u00eda 1 Demi &#8230; <a title=\"Pack Deluxe Jambon entier, Lomo et Saucisse s\u00e8che Alta Gastronomia\" class=\"read-more\" href=\"https:\/\/www.fisan.com\/fr\/boutique\/pack-deluxe-jambon-lomo-et-saucisse-seche-alta-gastronomia\/\" aria-label=\"En savoir plus sur Pack Deluxe Jambon entier, Lomo et Saucisse s\u00e8che Alta Gastronomia\">Lire la suite<\/a><\/p>\n","protected":false},"featured_media":40216,"template":"","meta":{"_acf_changed":false,"_wp_rev_ctl_limit":""},"product_brand":[],"product_cat":[360],"product_tag":[297],"gama":[435],"calidad":[338],"class_list":{"0":"post-40209","1":"product","2":"type-product","3":"status-publish","4":"has-post-thumbnail","6":"product_cat-6-lots","7":"product_tag-ag","8":"gama-alta-gastronomia-fr","9":"calidad-1-bellota-iberico","11":"first","12":"outofstock","13":"sold-individually","14":"taxable","15":"shipping-taxable","16":"product-type-simple"},"acf":[],"yoast_head":"<!-- This site is optimized with the Yoast SEO plugin v25.4 - https:\/\/yoast.com\/wordpress\/plugins\/seo\/ -->\n<title>Pack Deluxe Jambon entier, Lomo et Saucisse s\u00e8che Alta Gastronom\u00eda | FISAN<\/title>\n<meta name=\"description\" content=\"Offrez un pack de produits ib\u00e9ricos de bellota. Pour les occasions sp\u00e9ciales, rien de tel que d\u2019offrir un jambon de bellota, avec en plus un pack de saucisses s\u00e8ches, c\u2019est encore mieux.\" \/>\n<meta name=\"robots\" content=\"index, follow, max-snippet:-1, max-image-preview:large, max-video-preview:-1\" \/>\n<link rel=\"canonical\" href=\"https:\/\/www.fisan.com\/fr\/boutique\/pack-deluxe-jambon-lomo-et-saucisse-seche-alta-gastronomia\/\" \/>\n<meta property=\"og:locale\" content=\"fr_FR\" \/>\n<meta property=\"og:type\" content=\"article\" \/>\n<meta property=\"og:title\" content=\"Pack Deluxe Jambon entier, Lomo et Saucisse s\u00e8che Alta Gastronom\u00eda | FISAN\" \/>\n<meta property=\"og:description\" content=\"Offrez un pack de produits ib\u00e9ricos de bellota. Pour les occasions sp\u00e9ciales, rien de tel que d\u2019offrir un jambon de bellota, avec en plus un pack de saucisses s\u00e8ches, c\u2019est encore mieux.\" \/>\n<meta property=\"og:url\" content=\"https:\/\/www.fisan.com\/fr\/boutique\/pack-deluxe-jambon-lomo-et-saucisse-seche-alta-gastronomia\/\" \/>\n<meta property=\"og:site_name\" content=\"FISAN\" \/>\n<meta property=\"article:modified_time\" content=\"2024-09-04T12:00:43+00:00\" \/>\n<meta property=\"og:image\" content=\"https:\/\/www.fisan.com\/wp-content\/uploads\/2023\/11\/pack-deluxe-mixto-ag-pe-3m-00.jpg\" \/>\n\t<meta property=\"og:image:width\" content=\"1200\" \/>\n\t<meta property=\"og:image:height\" content=\"2400\" \/>\n\t<meta property=\"og:image:type\" content=\"image\/jpeg\" \/>\n<meta name=\"twitter:card\" content=\"summary_large_image\" \/>\n<meta name=\"twitter:label1\" content=\"Prix\" \/>\n\t<meta name=\"twitter:data1\" content=\"\" \/>\n\t<meta name=\"twitter:label2\" content=\"Disponibilit\u00e9\" \/>\n\t<meta name=\"twitter:data2\" content=\"Rupture de stock\" \/>\n<script type=\"application\/ld+json\" class=\"yoast-schema-graph\">{\n\t    \"@context\": \"https:\/\/schema.org\",\n\t    \"@graph\": [\n\t        {\n\t            \"@type\": \"WebPage\",\n\t            \"@id\": \"https:\/\/www.fisan.com\/fr\/boutique\/pack-deluxe-jambon-lomo-et-saucisse-seche-alta-gastronomia\/\",\n\t            \"url\": \"https:\/\/www.fisan.com\/fr\/boutique\/pack-deluxe-jambon-lomo-et-saucisse-seche-alta-gastronomia\/\",\n\t            \"name\": \"Pack Deluxe Jambon entier, Lomo et Saucisse s\u00e8che Alta Gastronom\u00eda | FISAN\",\n\t            \"isPartOf\": {\n\t                \"@id\": \"https:\/\/www.fisan.com\/fr\/#website\"\n\t            },\n\t            \"primaryImageOfPage\": {\n\t                \"@id\": \"https:\/\/www.fisan.com\/fr\/boutique\/pack-deluxe-jambon-lomo-et-saucisse-seche-alta-gastronomia\/#primaryimage\"\n\t            },\n\t            \"image\": {\n\t                \"@id\": \"https:\/\/www.fisan.com\/fr\/boutique\/pack-deluxe-jambon-lomo-et-saucisse-seche-alta-gastronomia\/#primaryimage\"\n\t            },\n\t            \"thumbnailUrl\": \"https:\/\/www.fisan.com\/wp-content\/uploads\/2023\/11\/pack-deluxe-mixto-ag-pe-3m-00.jpg\",\n\t            \"datePublished\": \"2023-11-02T08:00:01+00:00\",\n\t            \"dateModified\": \"2024-09-04T12:00:43+00:00\",\n\t            \"description\": \"Offrez un pack de produits ib\u00e9ricos de bellota. Pour les occasions sp\u00e9ciales, rien de tel que d\u2019offrir un jambon de bellota, avec en plus un pack de saucisses s\u00e8ches, c\u2019est encore mieux.\",\n\t            \"breadcrumb\": {\n\t                \"@id\": \"https:\/\/www.fisan.com\/fr\/boutique\/pack-deluxe-jambon-lomo-et-saucisse-seche-alta-gastronomia\/#breadcrumb\"\n\t            },\n\t            \"inLanguage\": \"fr-FR\",\n\t            \"potentialAction\": [\n\t                {\n\t                    \"@type\": \"ReadAction\",\n\t                    \"target\": [\n\t                        \"https:\/\/www.fisan.com\/fr\/boutique\/pack-deluxe-jambon-lomo-et-saucisse-seche-alta-gastronomia\/\"\n\t                    ]\n\t                }\n\t            ]\n\t        },\n\t        {\n\t            \"@type\": \"ImageObject\",\n\t            \"inLanguage\": \"fr-FR\",\n\t            \"@id\": \"https:\/\/www.fisan.com\/fr\/boutique\/pack-deluxe-jambon-lomo-et-saucisse-seche-alta-gastronomia\/#primaryimage\",\n\t            \"url\": \"https:\/\/www.fisan.com\/wp-content\/uploads\/2023\/11\/pack-deluxe-mixto-ag-pe-3m-00.jpg\",\n\t            \"contentUrl\": \"https:\/\/www.fisan.com\/wp-content\/uploads\/2023\/11\/pack-deluxe-mixto-ag-pe-3m-00.jpg\",\n\t            \"width\": 1200,\n\t            \"height\": 2400,\n\t            \"caption\": \"pack deluxe pata de jam\u00f3n de bellota\"\n\t        },\n\t        {\n\t            \"@type\": \"BreadcrumbList\",\n\t            \"@id\": \"https:\/\/www.fisan.com\/fr\/boutique\/pack-deluxe-jambon-lomo-et-saucisse-seche-alta-gastronomia\/#breadcrumb\",\n\t            \"itemListElement\": [\n\t                {\n\t                    \"@type\": \"ListItem\",\n\t                    \"position\": 1,\n\t                    \"name\": \"FISAN\",\n\t                    \"item\": \"https:\/\/www.fisan.com\/fr\/\"\n\t                },\n\t                {\n\t                    \"@type\": \"ListItem\",\n\t                    \"position\": 2,\n\t                    \"name\": \"Produits\",\n\t                    \"item\": \"https:\/\/www.fisan.com\/fr\/produits\/\"\n\t                },\n\t                {\n\t                    \"@type\": \"ListItem\",\n\t                    \"position\": 3,\n\t                    \"name\": \"Pack Deluxe Jambon entier, Lomo et Saucisse s\u00e8che Alta Gastronomia\"\n\t                }\n\t            ]\n\t        },\n\t        {\n\t            \"@type\": \"WebSite\",\n\t            \"@id\": \"https:\/\/www.fisan.com\/fr\/#website\",\n\t            \"url\": \"https:\/\/www.fisan.com\/fr\/\",\n\t            \"name\": \"FISAN\",\n\t            \"description\": \"FISAN | Jamones de bellota ib\u00e9rico y embutidos ib\u00e9ricos desde 1920\",\n\t            \"potentialAction\": [\n\t                {\n\t                    \"@type\": \"SearchAction\",\n\t                    \"target\": {\n\t                        \"@type\": \"EntryPoint\",\n\t                        \"urlTemplate\": \"https:\/\/www.fisan.com\/fr\/?s={search_term_string}\"\n\t                    },\n\t                    \"query-input\": {\n\t                        \"@type\": \"PropertyValueSpecification\",\n\t                        \"valueRequired\": true,\n\t                        \"valueName\": \"search_term_string\"\n\t                    }\n\t                }\n\t            ],\n\t            \"inLanguage\": \"fr-FR\"\n\t        }\n\t    ]\n\t}<\/script>\n<meta property=\"product:price:currency\" content=\"EUR\" \/>\n<meta property=\"og:availability\" content=\"out of stock\" \/>\n<meta property=\"product:availability\" content=\"out of stock\" \/>\n<meta property=\"product:retailer_item_id\" content=\"pa-pjleAG\" \/>\n<meta property=\"product:condition\" content=\"new\" \/>\n<!-- \/ Yoast SEO plugin. -->","yoast_head_json":{"title":"Pack Deluxe Jambon entier, Lomo et Saucisse s\u00e8che Alta Gastronom\u00eda | FISAN","description":"Offrez un pack de produits ib\u00e9ricos de bellota. Pour les occasions sp\u00e9ciales, rien de tel que d\u2019offrir un jambon de bellota, avec en plus un pack de saucisses s\u00e8ches, c\u2019est encore mieux.","robots":{"index":"index","follow":"follow","max-snippet":"max-snippet:-1","max-image-preview":"max-image-preview:large","max-video-preview":"max-video-preview:-1"},"canonical":"https:\/\/www.fisan.com\/fr\/boutique\/pack-deluxe-jambon-lomo-et-saucisse-seche-alta-gastronomia\/","og_locale":"fr_FR","og_type":"article","og_title":"Pack Deluxe Jambon entier, Lomo et Saucisse s\u00e8che Alta Gastronom\u00eda | FISAN","og_description":"Offrez un pack de produits ib\u00e9ricos de bellota. Pour les occasions sp\u00e9ciales, rien de tel que d\u2019offrir un jambon de bellota, avec en plus un pack de saucisses s\u00e8ches, c\u2019est encore mieux.","og_url":"https:\/\/www.fisan.com\/fr\/boutique\/pack-deluxe-jambon-lomo-et-saucisse-seche-alta-gastronomia\/","og_site_name":"FISAN","article_modified_time":"2024-09-04T12:00:43+00:00","og_image":[{"width":1200,"height":2400,"url":"https:\/\/www.fisan.com\/wp-content\/uploads\/2023\/11\/pack-deluxe-mixto-ag-pe-3m-00.jpg","type":"image\/jpeg"}],"twitter_card":"summary_large_image","twitter_misc":{"Prix":"","Disponibilit\u00e9":"Rupture de stock"},"schema":{"@context":"https:\/\/schema.org","@graph":[{"@type":"WebPage","@id":"https:\/\/www.fisan.com\/fr\/boutique\/pack-deluxe-jambon-lomo-et-saucisse-seche-alta-gastronomia\/","url":"https:\/\/www.fisan.com\/fr\/boutique\/pack-deluxe-jambon-lomo-et-saucisse-seche-alta-gastronomia\/","name":"Pack Deluxe Jambon entier, Lomo et Saucisse s\u00e8che Alta Gastronom\u00eda | FISAN","isPartOf":{"@id":"https:\/\/www.fisan.com\/fr\/#website"},"primaryImageOfPage":{"@id":"https:\/\/www.fisan.com\/fr\/boutique\/pack-deluxe-jambon-lomo-et-saucisse-seche-alta-gastronomia\/#primaryimage"},"image":{"@id":"https:\/\/www.fisan.com\/fr\/boutique\/pack-deluxe-jambon-lomo-et-saucisse-seche-alta-gastronomia\/#primaryimage"},"thumbnailUrl":"https:\/\/www.fisan.com\/wp-content\/uploads\/2023\/11\/pack-deluxe-mixto-ag-pe-3m-00.jpg","datePublished":"2023-11-02T08:00:01+00:00","dateModified":"2024-09-04T12:00:43+00:00","description":"Offrez un pack de produits ib\u00e9ricos de bellota. Pour les occasions sp\u00e9ciales, rien de tel que d\u2019offrir un jambon de bellota, avec en plus un pack de saucisses s\u00e8ches, c\u2019est encore mieux.","breadcrumb":{"@id":"https:\/\/www.fisan.com\/fr\/boutique\/pack-deluxe-jambon-lomo-et-saucisse-seche-alta-gastronomia\/#breadcrumb"},"inLanguage":"fr-FR","potentialAction":[{"@type":"ReadAction","target":["https:\/\/www.fisan.com\/fr\/boutique\/pack-deluxe-jambon-lomo-et-saucisse-seche-alta-gastronomia\/"]}]},{"@type":"ImageObject","inLanguage":"fr-FR","@id":"https:\/\/www.fisan.com\/fr\/boutique\/pack-deluxe-jambon-lomo-et-saucisse-seche-alta-gastronomia\/#primaryimage","url":"https:\/\/www.fisan.com\/wp-content\/uploads\/2023\/11\/pack-deluxe-mixto-ag-pe-3m-00.jpg","contentUrl":"https:\/\/www.fisan.com\/wp-content\/uploads\/2023\/11\/pack-deluxe-mixto-ag-pe-3m-00.jpg","width":1200,"height":2400,"caption":"pack deluxe pata de jam\u00f3n de bellota"},{"@type":"BreadcrumbList","@id":"https:\/\/www.fisan.com\/fr\/boutique\/pack-deluxe-jambon-lomo-et-saucisse-seche-alta-gastronomia\/#breadcrumb","itemListElement":[{"@type":"ListItem","position":1,"name":"FISAN","item":"https:\/\/www.fisan.com\/fr\/"},{"@type":"ListItem","position":2,"name":"Produits","item":"https:\/\/www.fisan.com\/fr\/produits\/"},{"@type":"ListItem","position":3,"name":"Pack Deluxe Jambon entier, Lomo et Saucisse s\u00e8che Alta Gastronomia"}]},{"@type":"WebSite","@id":"https:\/\/www.fisan.com\/fr\/#website","url":"https:\/\/www.fisan.com\/fr\/","name":"FISAN","description":"FISAN | Jamones de bellota ib\u00e9rico y embutidos ib\u00e9ricos desde 1920","potentialAction":[{"@type":"SearchAction","target":{"@type":"EntryPoint","urlTemplate":"https:\/\/www.fisan.com\/fr\/?s={search_term_string}"},"query-input":{"@type":"PropertyValueSpecification","valueRequired":true,"valueName":"search_term_string"}}],"inLanguage":"fr-FR"}]},"product_price_currency":"EUR","og_availability":"out of stock","product_availability":"out of stock","product_retailer_item_id":"pa-pjleAG","product_condition":"new"},"_links":{"self":[{"href":"https:\/\/www.fisan.com\/fr\/wp-json\/wp\/v2\/product\/40209","targetHints":{"allow":["GET"]}}],"collection":[{"href":"https:\/\/www.fisan.com\/fr\/wp-json\/wp\/v2\/product"}],"about":[{"href":"https:\/\/www.fisan.com\/fr\/wp-json\/wp\/v2\/types\/product"}],"version-history":[{"count":3,"href":"https:\/\/www.fisan.com\/fr\/wp-json\/wp\/v2\/product\/40209\/revisions"}],"predecessor-version":[{"id":48358,"href":"https:\/\/www.fisan.com\/fr\/wp-json\/wp\/v2\/product\/40209\/revisions\/48358"}],"wp:featuredmedia":[{"embeddable":true,"href":"https:\/\/www.fisan.com\/fr\/wp-json\/wp\/v2\/media\/40216"}],"wp:attachment":[{"href":"https:\/\/www.fisan.com\/fr\/wp-json\/wp\/v2\/media?parent=40209"}],"wp:term":[{"taxonomy":"product_brand","embeddable":true,"href":"https:\/\/www.fisan.com\/fr\/wp-json\/wp\/v2\/product_brand?post=40209"},{"taxonomy":"product_cat","embeddable":true,"href":"https:\/\/www.fisan.com\/fr\/wp-json\/wp\/v2\/product_cat?post=40209"},{"taxonomy":"product_tag","embeddable":true,"href":"https:\/\/www.fisan.com\/fr\/wp-json\/wp\/v2\/product_tag?post=40209"},{"taxonomy":"gama","embeddable":true,"href":"https:\/\/www.fisan.com\/fr\/wp-json\/wp\/v2\/gama?post=40209"},{"taxonomy":"calidad","embeddable":true,"href":"https:\/\/www.fisan.com\/fr\/wp-json\/wp\/v2\/calidad?post=40209"}],"curies":[{"name":"wp","href":"https:\/\/api.w.org\/{rel}","templated":true}]}}