{"id":49984,"date":"2024-10-29T10:57:39","date_gmt":"2024-10-29T09:57:39","guid":{"rendered":"https:\/\/www.fisan.com\/?post_type=product&#038;p=49984"},"modified":"2024-11-15T13:02:59","modified_gmt":"2024-11-15T12:02:59","slug":"jambon-alta-gastronomia-edition-limitee-cru-2020","status":"publish","type":"product","link":"https:\/\/www.fisan.com\/fr\/boutique\/jambon-alta-gastronomia-edition-limitee-cru-2020\/","title":{"rendered":"Jambon Alta Gastronomia \u00c9dition Limit\u00e9e Cru 2020"},"content":{"rendered":"<p><span style=\"font-weight: 400;\">JAMBON ALTA GASTRONOM\u00cdA CRU 2020 \u00c9DITION LIMIT\u00c9E<\/span><\/p>\n<p>&nbsp;<\/p>\n<p><span style=\"font-weight: 400;\">Ce jambon exclusif appartient \u00e0 l\u2019\u00e9dition limit\u00e9e du Cru 2020.<\/span><\/p>\n<p><span style=\"font-weight: 400;\"> Chaque pi\u00e8ce a \u00e9t\u00e9 soigneusement choisie par la famille FISAN d\u00e8s son origine dans les champs, o\u00f9 nos porcs ont \u00e9t\u00e9 \u00e9lev\u00e9s avec une attention m\u00e9ticuleuse. Suite \u00e0 un processus d\u2019affinage d\u2019environ 60 mois, dans des caves naturelles qui pr\u00e9servent le silence et la p\u00e9nombre, le jambon a atteint un degr\u00e9 de maturation id\u00e9al.<\/span><\/p>\n<p><span style=\"font-weight: 400;\">Ce cru refl\u00e8te l\u2019engagement de FISAN pour la qualit\u00e9 et l\u2019excellence. D\u00e8s la premi\u00e8re tranche, le jambon Alta Gastronom\u00eda Cru 2020 offre un ar\u00f4me frais et profond, et sa couleur rose fonc\u00e9 montre une infiltration de graisse id\u00e9ale qui fond dans la bouche. Pour l\u2019appr\u00e9cier pleinement, nous recommandons de le d\u00e9guster \u00e0 22 \u00baC, la temp\u00e9rature id\u00e9ale pour d\u00e9ployer ses saveurs et ses ar\u00f4mes \u00e0 chaque bouch\u00e9e.<\/span><\/p>\n<p><span style=\"font-weight: 400;\">Une \u00e9dition limit\u00e9e sans \u00e9gale qui renferme dans chaque tranche la patience et l\u2019exp\u00e9rience centenaire de FISAN, afin de cr\u00e9er une exp\u00e9rience unique pour les amateurs du jambon Alta Gastronom\u00eda.<\/span><\/p>\n<p><span style=\"font-weight: 400;\">En accompagnement du Jambon FISAN Alta Gastronom\u00eda \u00c9dition Limit\u00e9e Cru 2020 :<\/span><\/p>\n<ul>\n<li style=\"font-weight: 400;\" aria-level=\"1\"><span style=\"font-weight: 400;\">\u00c9tui au rev\u00eatement en cuir naturel fait main.<\/span><\/li>\n<li style=\"font-weight: 400;\" aria-level=\"1\"><span style=\"font-weight: 400;\">Couteau \u00e0 jambon.<\/span><\/li>\n<li style=\"font-weight: 400;\" aria-level=\"1\"><span style=\"font-weight: 400;\">Tablier en cuir FISAN.<\/span><\/li>\n<li style=\"font-weight: 400;\" aria-level=\"1\"><span style=\"font-weight: 400;\">Livre du centenaire de FISAN, qui explore l\u2019histoire, la culture, la d\u00e9gustation et la subtilit\u00e9 du jambon FISAN.<\/span><\/li>\n<\/ul>\n<p>&nbsp;<\/p>\n<h4>Cru 2020<\/h4>\n<p><span style=\"font-weight: 400;\">Une ann\u00e9e marqu\u00e9e par l\u2019abondance de fruits et de pluies n\u00e9cessaires aux moments id\u00e9aux pour assurer une excellente campagne pour les produits FISAN 2020. Cette ann\u00e9e-l\u00e0, l\u2019abondance de fruits et les derni\u00e8res pr\u00e9cipitations, qui ont favoris\u00e9 la pousse de l\u2019herbe, ont permis de garantir un p\u00e2turage extraordinaire pour nos cochons, ce qui a abouti \u00e0 des produits FISAN d\u2019exception.<\/span><\/p>\n","protected":false},"excerpt":{"rendered":"<p>JAMBON ALTA GASTRONOM\u00cdA CRU 2020 \u00c9DITION LIMIT\u00c9E &nbsp; Ce jambon exclusif appartient \u00e0 l\u2019\u00e9dition limit\u00e9e du Cru 2020. Chaque pi\u00e8ce a \u00e9t\u00e9 soigneusement choisie par la famille FISAN d\u00e8s son origine dans les champs, o\u00f9 nos porcs ont \u00e9t\u00e9 \u00e9lev\u00e9s avec une attention m\u00e9ticuleuse. Suite \u00e0 un processus d\u2019affinage d\u2019environ 60 mois, dans des caves &#8230; <a title=\"Jambon Alta Gastronomia \u00c9dition Limit\u00e9e Cru 2020\" class=\"read-more\" href=\"https:\/\/www.fisan.com\/fr\/boutique\/jambon-alta-gastronomia-edition-limitee-cru-2020\/\" aria-label=\"En savoir plus sur Jambon Alta Gastronomia \u00c9dition Limit\u00e9e Cru 2020\">Lire la suite<\/a><\/p>\n","protected":false},"featured_media":50194,"template":"","meta":{"_acf_changed":false,"_wp_rev_ctl_limit":""},"product_brand":[],"product_cat":[1021],"product_tag":[297,298],"gama":[435],"calidad":[510],"class_list":{"0":"post-49984","1":"product","2":"type-product","3":"status-publish","4":"has-post-thumbnail","6":"product_cat-edition-limitee","7":"product_tag-ag","8":"product_tag-destacados-inicio","9":"gama-alta-gastronomia-fr","10":"calidad-4-edition-limitee","12":"first","13":"instock","14":"taxable","15":"shipping-taxable","16":"purchasable","17":"product-type-variable","18":"has-default-attributes"},"acf":[],"yoast_head":"<!-- This site is optimized with the Yoast SEO plugin v25.4 - https:\/\/yoast.com\/wordpress\/plugins\/seo\/ -->\n<title>Jambon Alta Gastronomia \u00c9dition Limit\u00e9e Cru 2020 | FISAN<\/title>\n<meta name=\"robots\" content=\"index, follow, max-snippet:-1, max-image-preview:large, max-video-preview:-1\" \/>\n<link rel=\"canonical\" href=\"https:\/\/www.fisan.com\/fr\/boutique\/jambon-alta-gastronomia-edition-limitee-cru-2020\/\" \/>\n<meta property=\"og:locale\" content=\"fr_FR\" \/>\n<meta property=\"og:type\" content=\"article\" \/>\n<meta property=\"og:title\" content=\"Jambon Alta Gastronomia \u00c9dition Limit\u00e9e Cru 2020 | FISAN\" \/>\n<meta property=\"og:description\" content=\"JAMBON ALTA GASTRONOM\u00cdA CRU 2020 \u00c9DITION LIMIT\u00c9E &nbsp; Ce jambon exclusif appartient \u00e0 l\u2019\u00e9dition limit\u00e9e du Cru 2020. Chaque pi\u00e8ce a \u00e9t\u00e9 soigneusement choisie par la famille FISAN d\u00e8s son origine dans les champs, o\u00f9 nos porcs ont \u00e9t\u00e9 \u00e9lev\u00e9s avec une attention m\u00e9ticuleuse. Suite \u00e0 un processus d\u2019affinage d\u2019environ 60 mois, dans des caves ... Lire la suite\" \/>\n<meta property=\"og:url\" content=\"https:\/\/www.fisan.com\/fr\/boutique\/jambon-alta-gastronomia-edition-limitee-cru-2020\/\" \/>\n<meta property=\"og:site_name\" content=\"FISAN\" \/>\n<meta property=\"article:modified_time\" content=\"2024-11-15T12:02:59+00:00\" \/>\n<meta property=\"og:image\" content=\"https:\/\/www.fisan.com\/wp-content\/uploads\/2024\/10\/jamon-el-2020-ag-pe-00-2.jpg\" \/>\n\t<meta property=\"og:image:width\" content=\"1200\" \/>\n\t<meta property=\"og:image:height\" content=\"2400\" \/>\n\t<meta property=\"og:image:type\" content=\"image\/jpeg\" \/>\n<meta name=\"twitter:card\" content=\"summary_large_image\" \/>\n<meta name=\"twitter:label1\" content=\"Disponibilit\u00e9\" \/>\n\t<meta name=\"twitter:data1\" content=\"En stock\" \/>\n<script type=\"application\/ld+json\" class=\"yoast-schema-graph\">{\n\t    \"@context\": \"https:\/\/schema.org\",\n\t    \"@graph\": [\n\t        {\n\t            \"@type\": \"WebPage\",\n\t            \"@id\": \"https:\/\/www.fisan.com\/fr\/boutique\/jambon-alta-gastronomia-edition-limitee-cru-2020\/\",\n\t            \"url\": \"https:\/\/www.fisan.com\/fr\/boutique\/jambon-alta-gastronomia-edition-limitee-cru-2020\/\",\n\t            \"name\": \"Jambon Alta Gastronomia \u00c9dition Limit\u00e9e Cru 2020 | FISAN\",\n\t            \"isPartOf\": {\n\t                \"@id\": \"https:\/\/www.fisan.com\/fr\/#website\"\n\t            },\n\t            \"primaryImageOfPage\": {\n\t                \"@id\": \"https:\/\/www.fisan.com\/fr\/boutique\/jambon-alta-gastronomia-edition-limitee-cru-2020\/#primaryimage\"\n\t            },\n\t            \"image\": {\n\t                \"@id\": \"https:\/\/www.fisan.com\/fr\/boutique\/jambon-alta-gastronomia-edition-limitee-cru-2020\/#primaryimage\"\n\t            },\n\t            \"thumbnailUrl\": \"https:\/\/www.fisan.com\/wp-content\/uploads\/2024\/10\/jamon-el-2020-ag-pe-00-2.jpg\",\n\t            \"datePublished\": \"2024-10-29T09:57:39+00:00\",\n\t            \"dateModified\": \"2024-11-15T12:02:59+00:00\",\n\t            \"breadcrumb\": {\n\t                \"@id\": \"https:\/\/www.fisan.com\/fr\/boutique\/jambon-alta-gastronomia-edition-limitee-cru-2020\/#breadcrumb\"\n\t            },\n\t            \"inLanguage\": \"fr-FR\",\n\t            \"potentialAction\": [\n\t                {\n\t                    \"@type\": \"ReadAction\",\n\t                    \"target\": [\n\t                        \"https:\/\/www.fisan.com\/fr\/boutique\/jambon-alta-gastronomia-edition-limitee-cru-2020\/\"\n\t                    ]\n\t                }\n\t            ]\n\t        },\n\t        {\n\t            \"@type\": \"ImageObject\",\n\t            \"inLanguage\": \"fr-FR\",\n\t            \"@id\": \"https:\/\/www.fisan.com\/fr\/boutique\/jambon-alta-gastronomia-edition-limitee-cru-2020\/#primaryimage\",\n\t            \"url\": \"https:\/\/www.fisan.com\/wp-content\/uploads\/2024\/10\/jamon-el-2020-ag-pe-00-2.jpg\",\n\t            \"contentUrl\": \"https:\/\/www.fisan.com\/wp-content\/uploads\/2024\/10\/jamon-el-2020-ag-pe-00-2.jpg\",\n\t            \"width\": 1200,\n\t            \"height\": 2400,\n\t            \"caption\": \"JAM\u00d3N FISAN EDICI\u00d3N LIMITADA 2020\"\n\t        },\n\t        {\n\t            \"@type\": \"BreadcrumbList\",\n\t            \"@id\": \"https:\/\/www.fisan.com\/fr\/boutique\/jambon-alta-gastronomia-edition-limitee-cru-2020\/#breadcrumb\",\n\t            \"itemListElement\": [\n\t                {\n\t                    \"@type\": \"ListItem\",\n\t                    \"position\": 1,\n\t                    \"name\": \"FISAN\",\n\t                    \"item\": \"https:\/\/www.fisan.com\/fr\/\"\n\t                },\n\t                {\n\t                    \"@type\": \"ListItem\",\n\t                    \"position\": 2,\n\t                    \"name\": \"Produits\",\n\t                    \"item\": \"https:\/\/www.fisan.com\/fr\/produits\/\"\n\t                },\n\t                {\n\t                    \"@type\": \"ListItem\",\n\t                    \"position\": 3,\n\t                    \"name\": \"Jambon Alta Gastronomia \u00c9dition Limit\u00e9e Cru 2020\"\n\t                }\n\t            ]\n\t        },\n\t        {\n\t            \"@type\": \"WebSite\",\n\t            \"@id\": \"https:\/\/www.fisan.com\/fr\/#website\",\n\t            \"url\": \"https:\/\/www.fisan.com\/fr\/\",\n\t            \"name\": \"FISAN\",\n\t            \"description\": \"FISAN | Jamones de bellota ib\u00e9rico y embutidos ib\u00e9ricos desde 1920\",\n\t            \"potentialAction\": [\n\t                {\n\t                    \"@type\": \"SearchAction\",\n\t                    \"target\": {\n\t                        \"@type\": \"EntryPoint\",\n\t                        \"urlTemplate\": \"https:\/\/www.fisan.com\/fr\/?s={search_term_string}\"\n\t                    },\n\t                    \"query-input\": {\n\t                        \"@type\": \"PropertyValueSpecification\",\n\t                        \"valueRequired\": true,\n\t                        \"valueName\": \"search_term_string\"\n\t                    }\n\t                }\n\t            ],\n\t            \"inLanguage\": \"fr-FR\"\n\t        }\n\t    ]\n\t}<\/script>\n<meta property=\"og:availability\" content=\"instock\" \/>\n<meta property=\"product:availability\" content=\"instock\" \/>\n<meta property=\"product:retailer_item_id\" content=\"j-agel2020\" \/>\n<meta property=\"product:condition\" content=\"new\" \/>\n<!-- \/ Yoast SEO plugin. -->","yoast_head_json":{"title":"Jambon Alta Gastronomia \u00c9dition Limit\u00e9e Cru 2020 | FISAN","robots":{"index":"index","follow":"follow","max-snippet":"max-snippet:-1","max-image-preview":"max-image-preview:large","max-video-preview":"max-video-preview:-1"},"canonical":"https:\/\/www.fisan.com\/fr\/boutique\/jambon-alta-gastronomia-edition-limitee-cru-2020\/","og_locale":"fr_FR","og_type":"article","og_title":"Jambon Alta Gastronomia \u00c9dition Limit\u00e9e Cru 2020 | FISAN","og_description":"JAMBON ALTA GASTRONOM\u00cdA CRU 2020 \u00c9DITION LIMIT\u00c9E &nbsp; Ce jambon exclusif appartient \u00e0 l\u2019\u00e9dition limit\u00e9e du Cru 2020. Chaque pi\u00e8ce a \u00e9t\u00e9 soigneusement choisie par la famille FISAN d\u00e8s son origine dans les champs, o\u00f9 nos porcs ont \u00e9t\u00e9 \u00e9lev\u00e9s avec une attention m\u00e9ticuleuse. Suite \u00e0 un processus d\u2019affinage d\u2019environ 60 mois, dans des caves ... Lire la suite","og_url":"https:\/\/www.fisan.com\/fr\/boutique\/jambon-alta-gastronomia-edition-limitee-cru-2020\/","og_site_name":"FISAN","article_modified_time":"2024-11-15T12:02:59+00:00","og_image":[{"width":1200,"height":2400,"url":"https:\/\/www.fisan.com\/wp-content\/uploads\/2024\/10\/jamon-el-2020-ag-pe-00-2.jpg","type":"image\/jpeg"}],"twitter_card":"summary_large_image","twitter_misc":{"Disponibilit\u00e9":"En stock"},"schema":{"@context":"https:\/\/schema.org","@graph":[{"@type":"WebPage","@id":"https:\/\/www.fisan.com\/fr\/boutique\/jambon-alta-gastronomia-edition-limitee-cru-2020\/","url":"https:\/\/www.fisan.com\/fr\/boutique\/jambon-alta-gastronomia-edition-limitee-cru-2020\/","name":"Jambon Alta Gastronomia \u00c9dition Limit\u00e9e Cru 2020 | FISAN","isPartOf":{"@id":"https:\/\/www.fisan.com\/fr\/#website"},"primaryImageOfPage":{"@id":"https:\/\/www.fisan.com\/fr\/boutique\/jambon-alta-gastronomia-edition-limitee-cru-2020\/#primaryimage"},"image":{"@id":"https:\/\/www.fisan.com\/fr\/boutique\/jambon-alta-gastronomia-edition-limitee-cru-2020\/#primaryimage"},"thumbnailUrl":"https:\/\/www.fisan.com\/wp-content\/uploads\/2024\/10\/jamon-el-2020-ag-pe-00-2.jpg","datePublished":"2024-10-29T09:57:39+00:00","dateModified":"2024-11-15T12:02:59+00:00","breadcrumb":{"@id":"https:\/\/www.fisan.com\/fr\/boutique\/jambon-alta-gastronomia-edition-limitee-cru-2020\/#breadcrumb"},"inLanguage":"fr-FR","potentialAction":[{"@type":"ReadAction","target":["https:\/\/www.fisan.com\/fr\/boutique\/jambon-alta-gastronomia-edition-limitee-cru-2020\/"]}]},{"@type":"ImageObject","inLanguage":"fr-FR","@id":"https:\/\/www.fisan.com\/fr\/boutique\/jambon-alta-gastronomia-edition-limitee-cru-2020\/#primaryimage","url":"https:\/\/www.fisan.com\/wp-content\/uploads\/2024\/10\/jamon-el-2020-ag-pe-00-2.jpg","contentUrl":"https:\/\/www.fisan.com\/wp-content\/uploads\/2024\/10\/jamon-el-2020-ag-pe-00-2.jpg","width":1200,"height":2400,"caption":"JAM\u00d3N FISAN EDICI\u00d3N LIMITADA 2020"},{"@type":"BreadcrumbList","@id":"https:\/\/www.fisan.com\/fr\/boutique\/jambon-alta-gastronomia-edition-limitee-cru-2020\/#breadcrumb","itemListElement":[{"@type":"ListItem","position":1,"name":"FISAN","item":"https:\/\/www.fisan.com\/fr\/"},{"@type":"ListItem","position":2,"name":"Produits","item":"https:\/\/www.fisan.com\/fr\/produits\/"},{"@type":"ListItem","position":3,"name":"Jambon Alta Gastronomia \u00c9dition Limit\u00e9e Cru 2020"}]},{"@type":"WebSite","@id":"https:\/\/www.fisan.com\/fr\/#website","url":"https:\/\/www.fisan.com\/fr\/","name":"FISAN","description":"FISAN | Jamones de bellota ib\u00e9rico y embutidos ib\u00e9ricos desde 1920","potentialAction":[{"@type":"SearchAction","target":{"@type":"EntryPoint","urlTemplate":"https:\/\/www.fisan.com\/fr\/?s={search_term_string}"},"query-input":{"@type":"PropertyValueSpecification","valueRequired":true,"valueName":"search_term_string"}}],"inLanguage":"fr-FR"}]},"og_availability":"instock","product_availability":"instock","product_retailer_item_id":"j-agel2020","product_condition":"new"},"_links":{"self":[{"href":"https:\/\/www.fisan.com\/fr\/wp-json\/wp\/v2\/product\/49984","targetHints":{"allow":["GET"]}}],"collection":[{"href":"https:\/\/www.fisan.com\/fr\/wp-json\/wp\/v2\/product"}],"about":[{"href":"https:\/\/www.fisan.com\/fr\/wp-json\/wp\/v2\/types\/product"}],"version-history":[{"count":6,"href":"https:\/\/www.fisan.com\/fr\/wp-json\/wp\/v2\/product\/49984\/revisions"}],"predecessor-version":[{"id":50900,"href":"https:\/\/www.fisan.com\/fr\/wp-json\/wp\/v2\/product\/49984\/revisions\/50900"}],"wp:featuredmedia":[{"embeddable":true,"href":"https:\/\/www.fisan.com\/fr\/wp-json\/wp\/v2\/media\/50194"}],"wp:attachment":[{"href":"https:\/\/www.fisan.com\/fr\/wp-json\/wp\/v2\/media?parent=49984"}],"wp:term":[{"taxonomy":"product_brand","embeddable":true,"href":"https:\/\/www.fisan.com\/fr\/wp-json\/wp\/v2\/product_brand?post=49984"},{"taxonomy":"product_cat","embeddable":true,"href":"https:\/\/www.fisan.com\/fr\/wp-json\/wp\/v2\/product_cat?post=49984"},{"taxonomy":"product_tag","embeddable":true,"href":"https:\/\/www.fisan.com\/fr\/wp-json\/wp\/v2\/product_tag?post=49984"},{"taxonomy":"gama","embeddable":true,"href":"https:\/\/www.fisan.com\/fr\/wp-json\/wp\/v2\/gama?post=49984"},{"taxonomy":"calidad","embeddable":true,"href":"https:\/\/www.fisan.com\/fr\/wp-json\/wp\/v2\/calidad?post=49984"}],"curies":[{"name":"wp","href":"https:\/\/api.w.org\/{rel}","templated":true}]}}