{"id":52370,"date":"2024-12-17T12:43:41","date_gmt":"2024-12-17T11:43:41","guid":{"rendered":"https:\/\/www.fisan.com\/?post_type=product&#038;p=52370"},"modified":"2025-09-23T11:58:15","modified_gmt":"2025-09-23T09:58:15","slug":"jambon-de-cebo-de-campo-iberique-50-race-iberique-selection-speciale","status":"publish","type":"product","link":"https:\/\/www.fisan.com\/fr\/boutique\/jambon-de-cebo-de-campo-iberique-50-race-iberique-selection-speciale\/","title":{"rendered":"Jambon de Cebo de Campo Ib\u00e9rique 50% Race Ib\u00e9rique S\u00e9lection sp\u00e9ciale"},"content":{"rendered":"<p>Les pi\u00e8ces de Jambon de Cebo de Campo Ib\u00e9rique 50% Race Ib\u00e9rique S\u00e9lection sp\u00e9ciale sont soigneusement s\u00e9lectionn\u00e9es pour ceux qui recherchent un produit sp\u00e9cial de qualit\u00e9 sup\u00e9rieure. Issus de porcs \u00e9lev\u00e9s en plein air et nourris avec des aliments naturels et des ressources provenant de la campagne, ils offrent un \u00e9quilibre parfait entre l&rsquo;ar\u00f4me, la saveur et la jutosit\u00e9. Un jambon id\u00e9al pour profiter de la tradition ib\u00e9rique dans les moments les plus sp\u00e9ciaux.<\/p>\n","protected":false},"excerpt":{"rendered":"<p>Les pi\u00e8ces de Jambon de Cebo de Campo Ib\u00e9rique 50% Race Ib\u00e9rique S\u00e9lection sp\u00e9ciale sont soigneusement s\u00e9lectionn\u00e9es pour ceux qui recherchent un produit sp\u00e9cial de qualit\u00e9 sup\u00e9rieure. Issus de porcs \u00e9lev\u00e9s en plein air et nourris avec des aliments naturels et des ressources provenant de la campagne, ils offrent un \u00e9quilibre parfait entre l&rsquo;ar\u00f4me, la &#8230; <a title=\"Jambon de Cebo de Campo Ib\u00e9rique 50% Race Ib\u00e9rique S\u00e9lection sp\u00e9ciale\" class=\"read-more\" href=\"https:\/\/www.fisan.com\/fr\/boutique\/jambon-de-cebo-de-campo-iberique-50-race-iberique-selection-speciale\/\" aria-label=\"En savoir plus sur Jambon de Cebo de Campo Ib\u00e9rique 50% Race Ib\u00e9rique S\u00e9lection sp\u00e9ciale\">Lire la suite<\/a><\/p>\n","protected":false},"featured_media":52823,"template":"","meta":{"_acf_changed":false,"_wp_rev_ctl_limit":""},"product_brand":[],"product_cat":[296],"product_tag":[299,524,300,519],"gama":[],"calidad":[],"class_list":{"0":"post-52370","1":"product","2":"type-product","3":"status-publish","4":"has-post-thumbnail","6":"product_cat-produits-jambon-iberico","7":"product_tag-destacados-jamon","8":"product_tag-destacados-sabor-tradicional","9":"product_tag-destacados-todos","10":"product_tag-st","12":"first","13":"instock","14":"taxable","15":"shipping-taxable","16":"purchasable","17":"product-type-variable","18":"has-default-attributes"},"acf":[],"yoast_head":"<!-- This site is optimized with the Yoast SEO plugin v25.4 - https:\/\/yoast.com\/wordpress\/plugins\/seo\/ -->\n<title>Jambon de Cebo de Campo Ib\u00e9rique S\u00e9lection sp\u00e9ciale<\/title>\n<meta name=\"description\" content=\"D\u00e9couvrez la qualit\u00e9 du Jambon de Cebo de Campo Ib\u00e9rique S\u00e9lection sp\u00e9ciale, une pi\u00e8ce id\u00e9ale pour profiter de la tradition ib\u00e9rique.\" \/>\n<meta name=\"robots\" content=\"index, follow, max-snippet:-1, max-image-preview:large, max-video-preview:-1\" \/>\n<link rel=\"canonical\" href=\"https:\/\/www.fisan.com\/fr\/boutique\/jambon-de-cebo-de-campo-iberique-50-race-iberique-selection-speciale\/\" \/>\n<meta property=\"og:locale\" content=\"fr_FR\" \/>\n<meta property=\"og:type\" content=\"article\" \/>\n<meta property=\"og:title\" content=\"Jambon de Cebo de Campo Ib\u00e9rique S\u00e9lection sp\u00e9ciale\" \/>\n<meta property=\"og:description\" content=\"D\u00e9couvrez la qualit\u00e9 du Jambon de Cebo de Campo Ib\u00e9rique S\u00e9lection sp\u00e9ciale, une pi\u00e8ce id\u00e9ale pour profiter de la tradition ib\u00e9rique.\" \/>\n<meta property=\"og:url\" content=\"https:\/\/www.fisan.com\/fr\/boutique\/jambon-de-cebo-de-campo-iberique-50-race-iberique-selection-speciale\/\" \/>\n<meta property=\"og:site_name\" content=\"FISAN\" \/>\n<meta property=\"article:modified_time\" content=\"2025-09-23T09:58:15+00:00\" \/>\n<meta property=\"og:image\" content=\"https:\/\/www.fisan.com\/wp-content\/uploads\/2024\/12\/jamon-cebocampo-iberico-50-se-st-pe-00-2.jpg\" \/>\n\t<meta property=\"og:image:width\" content=\"1200\" \/>\n\t<meta property=\"og:image:height\" content=\"2400\" \/>\n\t<meta property=\"og:image:type\" content=\"image\/jpeg\" \/>\n<meta name=\"twitter:card\" content=\"summary_large_image\" \/>\n<meta name=\"twitter:label1\" content=\"Disponibilit\u00e9\" \/>\n\t<meta name=\"twitter:data1\" content=\"En stock\" \/>\n<script type=\"application\/ld+json\" class=\"yoast-schema-graph\">{\n\t    \"@context\": \"https:\/\/schema.org\",\n\t    \"@graph\": [\n\t        {\n\t            \"@type\": \"WebPage\",\n\t            \"@id\": \"https:\/\/www.fisan.com\/fr\/boutique\/jambon-de-cebo-de-campo-iberique-50-race-iberique-selection-speciale\/\",\n\t            \"url\": \"https:\/\/www.fisan.com\/fr\/boutique\/jambon-de-cebo-de-campo-iberique-50-race-iberique-selection-speciale\/\",\n\t            \"name\": \"Jambon de Cebo de Campo Ib\u00e9rique S\u00e9lection sp\u00e9ciale\",\n\t            \"isPartOf\": {\n\t                \"@id\": \"https:\/\/www.fisan.com\/fr\/#website\"\n\t            },\n\t            \"primaryImageOfPage\": {\n\t                \"@id\": \"https:\/\/www.fisan.com\/fr\/boutique\/jambon-de-cebo-de-campo-iberique-50-race-iberique-selection-speciale\/#primaryimage\"\n\t            },\n\t            \"image\": {\n\t                \"@id\": \"https:\/\/www.fisan.com\/fr\/boutique\/jambon-de-cebo-de-campo-iberique-50-race-iberique-selection-speciale\/#primaryimage\"\n\t            },\n\t            \"thumbnailUrl\": \"https:\/\/www.fisan.com\/wp-content\/uploads\/2024\/12\/jamon-cebocampo-iberico-50-se-st-pe-00-2.jpg\",\n\t            \"datePublished\": \"2024-12-17T11:43:41+00:00\",\n\t            \"dateModified\": \"2025-09-23T09:58:15+00:00\",\n\t            \"description\": \"D\u00e9couvrez la qualit\u00e9 du Jambon de Cebo de Campo Ib\u00e9rique S\u00e9lection sp\u00e9ciale, une pi\u00e8ce id\u00e9ale pour profiter de la tradition ib\u00e9rique.\",\n\t            \"breadcrumb\": {\n\t                \"@id\": \"https:\/\/www.fisan.com\/fr\/boutique\/jambon-de-cebo-de-campo-iberique-50-race-iberique-selection-speciale\/#breadcrumb\"\n\t            },\n\t            \"inLanguage\": \"fr-FR\",\n\t            \"potentialAction\": [\n\t                {\n\t                    \"@type\": \"ReadAction\",\n\t                    \"target\": [\n\t                        \"https:\/\/www.fisan.com\/fr\/boutique\/jambon-de-cebo-de-campo-iberique-50-race-iberique-selection-speciale\/\"\n\t                    ]\n\t                }\n\t            ]\n\t        },\n\t        {\n\t            \"@type\": \"ImageObject\",\n\t            \"inLanguage\": \"fr-FR\",\n\t            \"@id\": \"https:\/\/www.fisan.com\/fr\/boutique\/jambon-de-cebo-de-campo-iberique-50-race-iberique-selection-speciale\/#primaryimage\",\n\t            \"url\": \"https:\/\/www.fisan.com\/wp-content\/uploads\/2024\/12\/jamon-cebocampo-iberico-50-se-st-pe-00-2.jpg\",\n\t            \"contentUrl\": \"https:\/\/www.fisan.com\/wp-content\/uploads\/2024\/12\/jamon-cebocampo-iberico-50-se-st-pe-00-2.jpg\",\n\t            \"width\": 1200,\n\t            \"height\": 2400,\n\t            \"caption\": \"Jam\u00f3n de cebo de campo ib\u00e9rico 50% raza ib\u00e9rica Selecci\u00f3n Especial\"\n\t        },\n\t        {\n\t            \"@type\": \"BreadcrumbList\",\n\t            \"@id\": \"https:\/\/www.fisan.com\/fr\/boutique\/jambon-de-cebo-de-campo-iberique-50-race-iberique-selection-speciale\/#breadcrumb\",\n\t            \"itemListElement\": [\n\t                {\n\t                    \"@type\": \"ListItem\",\n\t                    \"position\": 1,\n\t                    \"name\": \"FISAN\",\n\t                    \"item\": \"https:\/\/www.fisan.com\/fr\/\"\n\t                },\n\t                {\n\t                    \"@type\": \"ListItem\",\n\t                    \"position\": 2,\n\t                    \"name\": \"Produits\",\n\t                    \"item\": \"https:\/\/www.fisan.com\/fr\/produits\/\"\n\t                },\n\t                {\n\t                    \"@type\": \"ListItem\",\n\t                    \"position\": 3,\n\t                    \"name\": \"Jambon de Cebo de Campo Ib\u00e9rique 50% Race Ib\u00e9rique S\u00e9lection sp\u00e9ciale\"\n\t                }\n\t            ]\n\t        },\n\t        {\n\t            \"@type\": \"WebSite\",\n\t            \"@id\": \"https:\/\/www.fisan.com\/fr\/#website\",\n\t            \"url\": \"https:\/\/www.fisan.com\/fr\/\",\n\t            \"name\": \"FISAN\",\n\t            \"description\": \"FISAN | Jamones de bellota ib\u00e9rico y embutidos ib\u00e9ricos desde 1920\",\n\t            \"potentialAction\": [\n\t                {\n\t                    \"@type\": \"SearchAction\",\n\t                    \"target\": {\n\t                        \"@type\": \"EntryPoint\",\n\t                        \"urlTemplate\": \"https:\/\/www.fisan.com\/fr\/?s={search_term_string}\"\n\t                    },\n\t                    \"query-input\": {\n\t                        \"@type\": \"PropertyValueSpecification\",\n\t                        \"valueRequired\": true,\n\t                        \"valueName\": \"search_term_string\"\n\t                    }\n\t                }\n\t            ],\n\t            \"inLanguage\": \"fr-FR\"\n\t        }\n\t    ]\n\t}<\/script>\n<meta property=\"og:availability\" content=\"instock\" \/>\n<meta property=\"product:availability\" content=\"instock\" \/>\n<meta property=\"product:retailer_item_id\" content=\"j-cc50-se\" \/>\n<meta property=\"product:condition\" content=\"new\" \/>\n<!-- \/ Yoast SEO plugin. -->","yoast_head_json":{"title":"Jambon de Cebo de Campo Ib\u00e9rique S\u00e9lection sp\u00e9ciale","description":"D\u00e9couvrez la qualit\u00e9 du Jambon de Cebo de Campo Ib\u00e9rique S\u00e9lection sp\u00e9ciale, une pi\u00e8ce id\u00e9ale pour profiter de la tradition ib\u00e9rique.","robots":{"index":"index","follow":"follow","max-snippet":"max-snippet:-1","max-image-preview":"max-image-preview:large","max-video-preview":"max-video-preview:-1"},"canonical":"https:\/\/www.fisan.com\/fr\/boutique\/jambon-de-cebo-de-campo-iberique-50-race-iberique-selection-speciale\/","og_locale":"fr_FR","og_type":"article","og_title":"Jambon de Cebo de Campo Ib\u00e9rique S\u00e9lection sp\u00e9ciale","og_description":"D\u00e9couvrez la qualit\u00e9 du Jambon de Cebo de Campo Ib\u00e9rique S\u00e9lection sp\u00e9ciale, une pi\u00e8ce id\u00e9ale pour profiter de la tradition ib\u00e9rique.","og_url":"https:\/\/www.fisan.com\/fr\/boutique\/jambon-de-cebo-de-campo-iberique-50-race-iberique-selection-speciale\/","og_site_name":"FISAN","article_modified_time":"2025-09-23T09:58:15+00:00","og_image":[{"width":1200,"height":2400,"url":"https:\/\/www.fisan.com\/wp-content\/uploads\/2024\/12\/jamon-cebocampo-iberico-50-se-st-pe-00-2.jpg","type":"image\/jpeg"}],"twitter_card":"summary_large_image","twitter_misc":{"Disponibilit\u00e9":"En stock"},"schema":{"@context":"https:\/\/schema.org","@graph":[{"@type":"WebPage","@id":"https:\/\/www.fisan.com\/fr\/boutique\/jambon-de-cebo-de-campo-iberique-50-race-iberique-selection-speciale\/","url":"https:\/\/www.fisan.com\/fr\/boutique\/jambon-de-cebo-de-campo-iberique-50-race-iberique-selection-speciale\/","name":"Jambon de Cebo de Campo Ib\u00e9rique S\u00e9lection sp\u00e9ciale","isPartOf":{"@id":"https:\/\/www.fisan.com\/fr\/#website"},"primaryImageOfPage":{"@id":"https:\/\/www.fisan.com\/fr\/boutique\/jambon-de-cebo-de-campo-iberique-50-race-iberique-selection-speciale\/#primaryimage"},"image":{"@id":"https:\/\/www.fisan.com\/fr\/boutique\/jambon-de-cebo-de-campo-iberique-50-race-iberique-selection-speciale\/#primaryimage"},"thumbnailUrl":"https:\/\/www.fisan.com\/wp-content\/uploads\/2024\/12\/jamon-cebocampo-iberico-50-se-st-pe-00-2.jpg","datePublished":"2024-12-17T11:43:41+00:00","dateModified":"2025-09-23T09:58:15+00:00","description":"D\u00e9couvrez la qualit\u00e9 du Jambon de Cebo de Campo Ib\u00e9rique S\u00e9lection sp\u00e9ciale, une pi\u00e8ce id\u00e9ale pour profiter de la tradition ib\u00e9rique.","breadcrumb":{"@id":"https:\/\/www.fisan.com\/fr\/boutique\/jambon-de-cebo-de-campo-iberique-50-race-iberique-selection-speciale\/#breadcrumb"},"inLanguage":"fr-FR","potentialAction":[{"@type":"ReadAction","target":["https:\/\/www.fisan.com\/fr\/boutique\/jambon-de-cebo-de-campo-iberique-50-race-iberique-selection-speciale\/"]}]},{"@type":"ImageObject","inLanguage":"fr-FR","@id":"https:\/\/www.fisan.com\/fr\/boutique\/jambon-de-cebo-de-campo-iberique-50-race-iberique-selection-speciale\/#primaryimage","url":"https:\/\/www.fisan.com\/wp-content\/uploads\/2024\/12\/jamon-cebocampo-iberico-50-se-st-pe-00-2.jpg","contentUrl":"https:\/\/www.fisan.com\/wp-content\/uploads\/2024\/12\/jamon-cebocampo-iberico-50-se-st-pe-00-2.jpg","width":1200,"height":2400,"caption":"Jam\u00f3n de cebo de campo ib\u00e9rico 50% raza ib\u00e9rica Selecci\u00f3n Especial"},{"@type":"BreadcrumbList","@id":"https:\/\/www.fisan.com\/fr\/boutique\/jambon-de-cebo-de-campo-iberique-50-race-iberique-selection-speciale\/#breadcrumb","itemListElement":[{"@type":"ListItem","position":1,"name":"FISAN","item":"https:\/\/www.fisan.com\/fr\/"},{"@type":"ListItem","position":2,"name":"Produits","item":"https:\/\/www.fisan.com\/fr\/produits\/"},{"@type":"ListItem","position":3,"name":"Jambon de Cebo de Campo Ib\u00e9rique 50% Race Ib\u00e9rique S\u00e9lection sp\u00e9ciale"}]},{"@type":"WebSite","@id":"https:\/\/www.fisan.com\/fr\/#website","url":"https:\/\/www.fisan.com\/fr\/","name":"FISAN","description":"FISAN | Jamones de bellota ib\u00e9rico y embutidos ib\u00e9ricos desde 1920","potentialAction":[{"@type":"SearchAction","target":{"@type":"EntryPoint","urlTemplate":"https:\/\/www.fisan.com\/fr\/?s={search_term_string}"},"query-input":{"@type":"PropertyValueSpecification","valueRequired":true,"valueName":"search_term_string"}}],"inLanguage":"fr-FR"}]},"og_availability":"instock","product_availability":"instock","product_retailer_item_id":"j-cc50-se","product_condition":"new"},"_links":{"self":[{"href":"https:\/\/www.fisan.com\/fr\/wp-json\/wp\/v2\/product\/52370","targetHints":{"allow":["GET"]}}],"collection":[{"href":"https:\/\/www.fisan.com\/fr\/wp-json\/wp\/v2\/product"}],"about":[{"href":"https:\/\/www.fisan.com\/fr\/wp-json\/wp\/v2\/types\/product"}],"version-history":[{"count":2,"href":"https:\/\/www.fisan.com\/fr\/wp-json\/wp\/v2\/product\/52370\/revisions"}],"predecessor-version":[{"id":57201,"href":"https:\/\/www.fisan.com\/fr\/wp-json\/wp\/v2\/product\/52370\/revisions\/57201"}],"wp:featuredmedia":[{"embeddable":true,"href":"https:\/\/www.fisan.com\/fr\/wp-json\/wp\/v2\/media\/52823"}],"wp:attachment":[{"href":"https:\/\/www.fisan.com\/fr\/wp-json\/wp\/v2\/media?parent=52370"}],"wp:term":[{"taxonomy":"product_brand","embeddable":true,"href":"https:\/\/www.fisan.com\/fr\/wp-json\/wp\/v2\/product_brand?post=52370"},{"taxonomy":"product_cat","embeddable":true,"href":"https:\/\/www.fisan.com\/fr\/wp-json\/wp\/v2\/product_cat?post=52370"},{"taxonomy":"product_tag","embeddable":true,"href":"https:\/\/www.fisan.com\/fr\/wp-json\/wp\/v2\/product_tag?post=52370"},{"taxonomy":"gama","embeddable":true,"href":"https:\/\/www.fisan.com\/fr\/wp-json\/wp\/v2\/gama?post=52370"},{"taxonomy":"calidad","embeddable":true,"href":"https:\/\/www.fisan.com\/fr\/wp-json\/wp\/v2\/calidad?post=52370"}],"curies":[{"name":"wp","href":"https:\/\/api.w.org\/{rel}","templated":true}]}}