{"id":57373,"date":"2025-10-16T09:00:57","date_gmt":"2025-10-16T07:00:57","guid":{"rendered":"https:\/\/www.fisan.com\/?post_type=product&#038;p=57373"},"modified":"2025-10-20T11:19:47","modified_gmt":"2025-10-20T09:19:47","slug":"jambon-alta-gastronomia-edition-limitee-cru-2021","status":"publish","type":"product","link":"https:\/\/www.fisan.com\/fr\/boutique\/jambon-alta-gastronomia-edition-limitee-cru-2021\/","title":{"rendered":"Jambon Alta Gastronom\u00eda \u00c9dition Limit\u00e9e Cru 2021"},"content":{"rendered":"\t\t<div data-elementor-type=\"product-post\" data-elementor-id=\"57373\" class=\"elementor elementor-57373 elementor-57369\" data-elementor-post-type=\"product\">\n\t\t\t\t<div class=\"elementor-element elementor-element-8d94b3 e-flex e-con-boxed e-con e-parent\" data-id=\"8d94b3\" data-element_type=\"container\">\n\t\t\t\t\t<div class=\"e-con-inner\">\n\t\t\t\t<div class=\"elementor-element elementor-element-2a502e59 elementor-widget elementor-widget-text-editor\" data-id=\"2a502e59\" data-element_type=\"widget\" data-widget_type=\"text-editor.default\">\n\t\t\t\t<div class=\"elementor-widget-container\">\n\t\t\t\t\t\t\t\t\t<p>JAMBON ALTA GASTRONOM\u00cdA CRU 2021 \u00c9DITION LIMIT\u00c9E<\/p><p>\u00a0<\/p><p>Le jambon Alta Gastronom\u00eda Cru 2021 \u00c9dition Limit\u00e9e, d\u2019une qualit\u00e9 exceptionnelle, est le reflet d\u2019une <b>gland\u00e9e unique<\/b>. Chaque jambon du Cru 2021 est un chef-d\u2019\u0153uvre parfait, l\u2019alliance entre le savoir-faire, le temps et la nature. Chaque pi\u00e8ce a \u00e9t\u00e9 s\u00e9lectionn\u00e9e avec le plus grand soin par la famille FISAN, depuis l\u2019origine dans le p\u00e2turage, o\u00f9 nos porcs ont \u00e9t\u00e9 \u00e9lev\u00e9s avec un d\u00e9vouement sans \u00e9gal.<br \/><br \/>Notre jambon Alta Gastronom\u00eda Cru 2021 \u00c9dition Limit\u00e9e est le r\u00e9sultat de l\u2019une des meilleures gland\u00e9es des 25 derni\u00e8res ann\u00e9es. En effet, gr\u00e2ce \u00e0 l\u2019abondance des pluies et \u00e0 la r\u00e9colte g\u00e9n\u00e9reuse de fruits, les porcs ont pu pa\u00eetre en libert\u00e9, ce qui leur a permis de parcourir de grandes distances et de consommer jusqu\u2019\u00e0 9 kg de nourriture par jour. Cette ann\u00e9e-l\u00e0, qualifi\u00e9e d\u2019excellente, les porcs ont ainsi pu atteindre une infiltration optimale et un poids id\u00e9al pour obtenir un jambon d\u2019une finesse incomparable.<\/p><p>\u00a0<\/p><p>Suite \u00e0 un lent processus prolong\u00e9 d\u2019affinage de <b>60 mois<\/b>, dans des caves qui respectent le rythme naturel du temps, ce jambon a atteint son apog\u00e9e. Sa d\u00e9coupe r\u00e9v\u00e8le un <b>marbrage brillant aux tons rubis et pourpres<\/b>, tandis que l\u2019infiltration, blanche et soyeuse, fond dans la bouche. Chaque bouch\u00e9e offre une <b>exp\u00e9rience sensorielle sublime, avec des notes de fruits \u00e0 coque, des nuances herbac\u00e9es et de d\u00e9licats ar\u00f4mes floraux<\/b>, qui m\u00e8nent jusque dans le p\u00e2turage. Pour appr\u00e9cier toute sa complexit\u00e9, nous recommandons de le d\u00e9guster \u00e0 <b>22 \u00baC<\/b>, la temp\u00e9rature parfaite pour d\u00e9ployer ses saveurs et ses ar\u00f4mes dans toute leur splendeur.<\/p><p>\u00a0<\/p><p>Une <b>\u00e9dition limit\u00e9e sans \u00e9gale<\/b> qui renferme dans chaque tranche la patience et l\u2019exp\u00e9rience centenaire de FISAN, afin de cr\u00e9er une exp\u00e9rience unique pour les amateurs de jambon Alta Gastronom\u00eda.<\/p><p>\u00a0<\/p><p>En hommage \u00e0 l\u2019apport du p\u00e2turage \u00e0 un produit si d\u00e9licat et sp\u00e9cial, FISAN a d\u00e9vou\u00e9 toute sa passion au d\u00e9veloppement d\u2019un packaging exclusif qui \u00e9voque la vie du p\u00e2turage, source et origine d\u2019un produit singulier.\u00a0<\/p><p>\u00a0<\/p><p>En accompagnement du Jambon FISAN Alta Gastronom\u00eda \u00c9dition Limit\u00e9e Cru 2021 :<\/p><p>\u00a0<\/p><ul><li aria-level=\"1\">\u00c9tui de luxe con\u00e7u par l\u2019artiste Ca\u00edn Ferreras.<\/li><li aria-level=\"1\">Couteau \u00e0 jambon.<\/li><li aria-level=\"1\">Pince \u00e0 jambon.<\/li><li aria-level=\"1\">Tablier FISAN.<\/li><li aria-level=\"1\">Planche FISAN pour pr\u00e9sentation de jambon.<\/li><li aria-level=\"1\">Livre de recettes de haute gastronomie con\u00e7ues sp\u00e9cialement pour FISAN par de grands chefs espagnols, comme les fr\u00e8res Torres, Ricard Camarena et Roc\u00edo Parra.<\/li><\/ul>\t\t\t\t\t\t\t\t<\/div>\n\t\t\t\t<\/div>\n\t\t\t\t\t<\/div>\n\t\t\t\t<\/div>\n\t\t\t\t<\/div>\n\t\t","protected":false},"excerpt":{"rendered":"<p>JAMBON ALTA GASTRONOM\u00cdA CRU 2021 \u00c9DITION LIMIT\u00c9E Le jambon Alta Gastronom\u00eda Cru 2021 \u00c9dition Limit\u00e9e, d\u2019une qualit\u00e9 exceptionnelle, est le reflet d\u2019une gland\u00e9e unique. Chaque jambon du Cru 2021 est un chef-d\u2019\u0153uvre parfait, l\u2019alliance entre le savoir-faire, le temps et la nature. Chaque pi\u00e8ce a \u00e9t\u00e9 s\u00e9lectionn\u00e9e avec le plus grand soin par la famille &#8230; <a title=\"Jambon Alta Gastronom\u00eda \u00c9dition Limit\u00e9e Cru 2021\" class=\"read-more\" href=\"https:\/\/www.fisan.com\/fr\/boutique\/jambon-alta-gastronomia-edition-limitee-cru-2021\/\" aria-label=\"En savoir plus sur Jambon Alta Gastronom\u00eda \u00c9dition Limit\u00e9e Cru 2021\">Lire la suite<\/a><\/p>\n","protected":false},"featured_media":57389,"template":"","meta":{"_acf_changed":false,"_wp_rev_ctl_limit":""},"product_brand":[],"product_cat":[1021],"product_tag":[297,298],"gama":[435],"calidad":[510],"class_list":{"0":"post-57373","1":"product","2":"type-product","3":"status-publish","4":"has-post-thumbnail","6":"product_cat-edition-limitee","7":"product_tag-ag","8":"product_tag-destacados-inicio","9":"gama-alta-gastronomia-fr","10":"calidad-4-edition-limitee","12":"first","13":"instock","14":"taxable","15":"shipping-taxable","16":"purchasable","17":"product-type-simple"},"acf":[],"yoast_head":"<!-- This site is optimized with the Yoast SEO plugin v25.4 - https:\/\/yoast.com\/wordpress\/plugins\/seo\/ -->\n<title>Jambon Alta Gastronomia \u00c9dition Limit\u00e9e Cru 2021 | FISAN<\/title>\n<meta name=\"description\" content=\"D\u00e9couvrez le Jambon Alta Gastronom\u00eda \u00c9dition Limit\u00e9e 2021 de FISAN, un chef-d\u2019\u0153uvre soigneusement s\u00e9lectionn\u00e9 pour son \u00e9quilibre parfait entre ar\u00f4me, texture et saveur.\" \/>\n<meta name=\"robots\" content=\"index, follow, max-snippet:-1, max-image-preview:large, max-video-preview:-1\" \/>\n<link rel=\"canonical\" href=\"https:\/\/www.fisan.com\/fr\/boutique\/jambon-alta-gastronomia-edition-limitee-cru-2021\/\" \/>\n<meta property=\"og:locale\" content=\"fr_FR\" \/>\n<meta property=\"og:type\" content=\"article\" \/>\n<meta property=\"og:title\" content=\"Jambon Alta Gastronomia \u00c9dition Limit\u00e9e Cru 2021 | FISAN\" \/>\n<meta property=\"og:description\" content=\"D\u00e9couvrez le Jambon Alta Gastronom\u00eda \u00c9dition Limit\u00e9e 2021 de FISAN, un chef-d\u2019\u0153uvre soigneusement s\u00e9lectionn\u00e9 pour son \u00e9quilibre parfait entre ar\u00f4me, texture et saveur.\" \/>\n<meta property=\"og:url\" content=\"https:\/\/www.fisan.com\/fr\/boutique\/jambon-alta-gastronomia-edition-limitee-cru-2021\/\" \/>\n<meta property=\"og:site_name\" content=\"FISAN\" \/>\n<meta property=\"article:modified_time\" content=\"2025-10-20T09:19:47+00:00\" \/>\n<meta property=\"og:image\" content=\"https:\/\/www.fisan.com\/wp-content\/uploads\/2025\/10\/jamon-el-2021-ag-pe-00.jpg\" \/>\n\t<meta property=\"og:image:width\" content=\"1200\" \/>\n\t<meta property=\"og:image:height\" content=\"2400\" \/>\n\t<meta property=\"og:image:type\" content=\"image\/jpeg\" \/>\n<meta name=\"twitter:card\" content=\"summary_large_image\" \/>\n<meta name=\"twitter:label1\" content=\"Prix\" \/>\n\t<meta name=\"twitter:data1\" content=\"1.250,00&euro;\" \/>\n\t<meta name=\"twitter:label2\" content=\"Disponibilit\u00e9\" \/>\n\t<meta name=\"twitter:data2\" content=\"En stock\" \/>\n<script type=\"application\/ld+json\" class=\"yoast-schema-graph\">{\n\t    \"@context\": \"https:\/\/schema.org\",\n\t    \"@graph\": [\n\t        {\n\t            \"@type\": \"WebPage\",\n\t            \"@id\": \"https:\/\/www.fisan.com\/fr\/boutique\/jambon-alta-gastronomia-edition-limitee-cru-2021\/\",\n\t            \"url\": \"https:\/\/www.fisan.com\/fr\/boutique\/jambon-alta-gastronomia-edition-limitee-cru-2021\/\",\n\t            \"name\": \"Jambon Alta Gastronomia \u00c9dition Limit\u00e9e Cru 2021 | FISAN\",\n\t            \"isPartOf\": {\n\t                \"@id\": \"https:\/\/www.fisan.com\/fr\/#website\"\n\t            },\n\t            \"primaryImageOfPage\": {\n\t                \"@id\": \"https:\/\/www.fisan.com\/fr\/boutique\/jambon-alta-gastronomia-edition-limitee-cru-2021\/#primaryimage\"\n\t            },\n\t            \"image\": {\n\t                \"@id\": \"https:\/\/www.fisan.com\/fr\/boutique\/jambon-alta-gastronomia-edition-limitee-cru-2021\/#primaryimage\"\n\t            },\n\t            \"thumbnailUrl\": \"https:\/\/www.fisan.com\/wp-content\/uploads\/2025\/10\/jamon-el-2021-ag-pe-00.jpg\",\n\t            \"datePublished\": \"2025-10-16T07:00:57+00:00\",\n\t            \"dateModified\": \"2025-10-20T09:19:47+00:00\",\n\t            \"description\": \"D\u00e9couvrez le Jambon Alta Gastronom\u00eda \u00c9dition Limit\u00e9e 2021 de FISAN, un chef-d\u2019\u0153uvre soigneusement s\u00e9lectionn\u00e9 pour son \u00e9quilibre parfait entre ar\u00f4me, texture et saveur.\",\n\t            \"breadcrumb\": {\n\t                \"@id\": \"https:\/\/www.fisan.com\/fr\/boutique\/jambon-alta-gastronomia-edition-limitee-cru-2021\/#breadcrumb\"\n\t            },\n\t            \"inLanguage\": \"fr-FR\",\n\t            \"potentialAction\": [\n\t                {\n\t                    \"@type\": \"ReadAction\",\n\t                    \"target\": [\n\t                        \"https:\/\/www.fisan.com\/fr\/boutique\/jambon-alta-gastronomia-edition-limitee-cru-2021\/\"\n\t                    ]\n\t                }\n\t            ]\n\t        },\n\t        {\n\t            \"@type\": \"ImageObject\",\n\t            \"inLanguage\": \"fr-FR\",\n\t            \"@id\": \"https:\/\/www.fisan.com\/fr\/boutique\/jambon-alta-gastronomia-edition-limitee-cru-2021\/#primaryimage\",\n\t            \"url\": \"https:\/\/www.fisan.com\/wp-content\/uploads\/2025\/10\/jamon-el-2021-ag-pe-00.jpg\",\n\t            \"contentUrl\": \"https:\/\/www.fisan.com\/wp-content\/uploads\/2025\/10\/jamon-el-2021-ag-pe-00.jpg\",\n\t            \"width\": 1200,\n\t            \"height\": 2400,\n\t            \"caption\": \"JAM\u00d3N FISAN EDICI\u00d3N LIMITADA 2021\"\n\t        },\n\t        {\n\t            \"@type\": \"BreadcrumbList\",\n\t            \"@id\": \"https:\/\/www.fisan.com\/fr\/boutique\/jambon-alta-gastronomia-edition-limitee-cru-2021\/#breadcrumb\",\n\t            \"itemListElement\": [\n\t                {\n\t                    \"@type\": \"ListItem\",\n\t                    \"position\": 1,\n\t                    \"name\": \"FISAN\",\n\t                    \"item\": \"https:\/\/www.fisan.com\/fr\/\"\n\t                },\n\t                {\n\t                    \"@type\": \"ListItem\",\n\t                    \"position\": 2,\n\t                    \"name\": \"Produits\",\n\t                    \"item\": \"https:\/\/www.fisan.com\/fr\/produits\/\"\n\t                },\n\t                {\n\t                    \"@type\": \"ListItem\",\n\t                    \"position\": 3,\n\t                    \"name\": \"Jambon Alta Gastronom\u00eda \u00c9dition Limit\u00e9e Cru 2021\"\n\t                }\n\t            ]\n\t        },\n\t        {\n\t            \"@type\": \"WebSite\",\n\t            \"@id\": \"https:\/\/www.fisan.com\/fr\/#website\",\n\t            \"url\": \"https:\/\/www.fisan.com\/fr\/\",\n\t            \"name\": \"FISAN\",\n\t            \"description\": \"FISAN | Jamones de bellota ib\u00e9rico y embutidos ib\u00e9ricos desde 1920\",\n\t            \"potentialAction\": [\n\t                {\n\t                    \"@type\": \"SearchAction\",\n\t                    \"target\": {\n\t                        \"@type\": \"EntryPoint\",\n\t                        \"urlTemplate\": \"https:\/\/www.fisan.com\/fr\/?s={search_term_string}\"\n\t                    },\n\t                    \"query-input\": {\n\t                        \"@type\": \"PropertyValueSpecification\",\n\t                        \"valueRequired\": true,\n\t                        \"valueName\": \"search_term_string\"\n\t                    }\n\t                }\n\t            ],\n\t            \"inLanguage\": \"fr-FR\"\n\t        }\n\t    ]\n\t}<\/script>\n<meta property=\"product:price:amount\" content=\"1250.00\" \/>\n<meta property=\"product:price:currency\" content=\"EUR\" \/>\n<meta property=\"og:availability\" content=\"instock\" \/>\n<meta property=\"product:availability\" content=\"instock\" \/>\n<meta property=\"product:retailer_item_id\" content=\"j-agel2020-1\" \/>\n<meta property=\"product:condition\" content=\"new\" \/>\n<!-- \/ Yoast SEO plugin. -->","yoast_head_json":{"title":"Jambon Alta Gastronomia \u00c9dition Limit\u00e9e Cru 2021 | FISAN","description":"D\u00e9couvrez le Jambon Alta Gastronom\u00eda \u00c9dition Limit\u00e9e 2021 de FISAN, un chef-d\u2019\u0153uvre soigneusement s\u00e9lectionn\u00e9 pour son \u00e9quilibre parfait entre ar\u00f4me, texture et saveur.","robots":{"index":"index","follow":"follow","max-snippet":"max-snippet:-1","max-image-preview":"max-image-preview:large","max-video-preview":"max-video-preview:-1"},"canonical":"https:\/\/www.fisan.com\/fr\/boutique\/jambon-alta-gastronomia-edition-limitee-cru-2021\/","og_locale":"fr_FR","og_type":"article","og_title":"Jambon Alta Gastronomia \u00c9dition Limit\u00e9e Cru 2021 | FISAN","og_description":"D\u00e9couvrez le Jambon Alta Gastronom\u00eda \u00c9dition Limit\u00e9e 2021 de FISAN, un chef-d\u2019\u0153uvre soigneusement s\u00e9lectionn\u00e9 pour son \u00e9quilibre parfait entre ar\u00f4me, texture et saveur.","og_url":"https:\/\/www.fisan.com\/fr\/boutique\/jambon-alta-gastronomia-edition-limitee-cru-2021\/","og_site_name":"FISAN","article_modified_time":"2025-10-20T09:19:47+00:00","og_image":[{"width":1200,"height":2400,"url":"https:\/\/www.fisan.com\/wp-content\/uploads\/2025\/10\/jamon-el-2021-ag-pe-00.jpg","type":"image\/jpeg"}],"twitter_card":"summary_large_image","twitter_misc":{"Prix":"1.250,00&euro;","Disponibilit\u00e9":"En stock"},"schema":{"@context":"https:\/\/schema.org","@graph":[{"@type":"WebPage","@id":"https:\/\/www.fisan.com\/fr\/boutique\/jambon-alta-gastronomia-edition-limitee-cru-2021\/","url":"https:\/\/www.fisan.com\/fr\/boutique\/jambon-alta-gastronomia-edition-limitee-cru-2021\/","name":"Jambon Alta Gastronomia \u00c9dition Limit\u00e9e Cru 2021 | FISAN","isPartOf":{"@id":"https:\/\/www.fisan.com\/fr\/#website"},"primaryImageOfPage":{"@id":"https:\/\/www.fisan.com\/fr\/boutique\/jambon-alta-gastronomia-edition-limitee-cru-2021\/#primaryimage"},"image":{"@id":"https:\/\/www.fisan.com\/fr\/boutique\/jambon-alta-gastronomia-edition-limitee-cru-2021\/#primaryimage"},"thumbnailUrl":"https:\/\/www.fisan.com\/wp-content\/uploads\/2025\/10\/jamon-el-2021-ag-pe-00.jpg","datePublished":"2025-10-16T07:00:57+00:00","dateModified":"2025-10-20T09:19:47+00:00","description":"D\u00e9couvrez le Jambon Alta Gastronom\u00eda \u00c9dition Limit\u00e9e 2021 de FISAN, un chef-d\u2019\u0153uvre soigneusement s\u00e9lectionn\u00e9 pour son \u00e9quilibre parfait entre ar\u00f4me, texture et saveur.","breadcrumb":{"@id":"https:\/\/www.fisan.com\/fr\/boutique\/jambon-alta-gastronomia-edition-limitee-cru-2021\/#breadcrumb"},"inLanguage":"fr-FR","potentialAction":[{"@type":"ReadAction","target":["https:\/\/www.fisan.com\/fr\/boutique\/jambon-alta-gastronomia-edition-limitee-cru-2021\/"]}]},{"@type":"ImageObject","inLanguage":"fr-FR","@id":"https:\/\/www.fisan.com\/fr\/boutique\/jambon-alta-gastronomia-edition-limitee-cru-2021\/#primaryimage","url":"https:\/\/www.fisan.com\/wp-content\/uploads\/2025\/10\/jamon-el-2021-ag-pe-00.jpg","contentUrl":"https:\/\/www.fisan.com\/wp-content\/uploads\/2025\/10\/jamon-el-2021-ag-pe-00.jpg","width":1200,"height":2400,"caption":"JAM\u00d3N FISAN EDICI\u00d3N LIMITADA 2021"},{"@type":"BreadcrumbList","@id":"https:\/\/www.fisan.com\/fr\/boutique\/jambon-alta-gastronomia-edition-limitee-cru-2021\/#breadcrumb","itemListElement":[{"@type":"ListItem","position":1,"name":"FISAN","item":"https:\/\/www.fisan.com\/fr\/"},{"@type":"ListItem","position":2,"name":"Produits","item":"https:\/\/www.fisan.com\/fr\/produits\/"},{"@type":"ListItem","position":3,"name":"Jambon Alta Gastronom\u00eda \u00c9dition Limit\u00e9e Cru 2021"}]},{"@type":"WebSite","@id":"https:\/\/www.fisan.com\/fr\/#website","url":"https:\/\/www.fisan.com\/fr\/","name":"FISAN","description":"FISAN | Jamones de bellota ib\u00e9rico y embutidos ib\u00e9ricos desde 1920","potentialAction":[{"@type":"SearchAction","target":{"@type":"EntryPoint","urlTemplate":"https:\/\/www.fisan.com\/fr\/?s={search_term_string}"},"query-input":{"@type":"PropertyValueSpecification","valueRequired":true,"valueName":"search_term_string"}}],"inLanguage":"fr-FR"}]},"product_price_amount":"1250.00","product_price_currency":"EUR","og_availability":"instock","product_availability":"instock","product_retailer_item_id":"j-agel2020-1","product_condition":"new"},"_links":{"self":[{"href":"https:\/\/www.fisan.com\/fr\/wp-json\/wp\/v2\/product\/57373","targetHints":{"allow":["GET"]}}],"collection":[{"href":"https:\/\/www.fisan.com\/fr\/wp-json\/wp\/v2\/product"}],"about":[{"href":"https:\/\/www.fisan.com\/fr\/wp-json\/wp\/v2\/types\/product"}],"version-history":[{"count":8,"href":"https:\/\/www.fisan.com\/fr\/wp-json\/wp\/v2\/product\/57373\/revisions"}],"predecessor-version":[{"id":57698,"href":"https:\/\/www.fisan.com\/fr\/wp-json\/wp\/v2\/product\/57373\/revisions\/57698"}],"wp:featuredmedia":[{"embeddable":true,"href":"https:\/\/www.fisan.com\/fr\/wp-json\/wp\/v2\/media\/57389"}],"wp:attachment":[{"href":"https:\/\/www.fisan.com\/fr\/wp-json\/wp\/v2\/media?parent=57373"}],"wp:term":[{"taxonomy":"product_brand","embeddable":true,"href":"https:\/\/www.fisan.com\/fr\/wp-json\/wp\/v2\/product_brand?post=57373"},{"taxonomy":"product_cat","embeddable":true,"href":"https:\/\/www.fisan.com\/fr\/wp-json\/wp\/v2\/product_cat?post=57373"},{"taxonomy":"product_tag","embeddable":true,"href":"https:\/\/www.fisan.com\/fr\/wp-json\/wp\/v2\/product_tag?post=57373"},{"taxonomy":"gama","embeddable":true,"href":"https:\/\/www.fisan.com\/fr\/wp-json\/wp\/v2\/gama?post=57373"},{"taxonomy":"calidad","embeddable":true,"href":"https:\/\/www.fisan.com\/fr\/wp-json\/wp\/v2\/calidad?post=57373"}],"curies":[{"name":"wp","href":"https:\/\/api.w.org\/{rel}","templated":true}]}}