{"id":58909,"date":"2024-07-22T14:18:28","date_gmt":"2024-07-22T12:18:28","guid":{"rendered":"https:\/\/www.fisan.com\/producto\/mogote-bellota-iberico-100-natural\/"},"modified":"2025-11-24T11:14:46","modified_gmt":"2025-11-24T10:14:46","slug":"mogote-bellota-iberico-100-naturel","status":"publish","type":"product","link":"https:\/\/www.fisan.com\/fr\/boutique\/mogote-bellota-iberico-100-naturel\/","title":{"rendered":"Mogote de bellota ib\u00e9rico"},"content":{"rendered":"<p>Morceau de viande issu d\u00e9pe\u00e7age du porc de Bellota Ib\u00e9rico \u00e0 la forme ovale, \u00e0 l\u2019int\u00e9rieur duquel se distinguent les fibres musculaires et les infiltrations de graisse. Il se situe dans la partie sup\u00e9rieure de l\u2019\u00e9chine, \u00e0 c\u00f4t\u00e9 de l\u2019\u00e9paule.<\/p>\n","protected":false},"excerpt":{"rendered":"<p>Morceau de viande issu d\u00e9pe\u00e7age du porc de Bellota Ib\u00e9rico \u00e0 la forme ovale, \u00e0 l\u2019int\u00e9rieur duquel se distinguent les fibres musculaires et les infiltrations de graisse. Il se situe dans la partie sup\u00e9rieure de l\u2019\u00e9chine, \u00e0 c\u00f4t\u00e9 de l\u2019\u00e9paule.<\/p>\n","protected":false},"featured_media":47020,"template":"","meta":{"_acf_changed":false,"_wp_rev_ctl_limit":""},"product_brand":[],"product_cat":[373],"product_tag":[519],"gama":[1371],"calidad":[338],"class_list":{"0":"post-58909","1":"product","2":"type-product","3":"status-publish","4":"has-post-thumbnail","6":"product_cat-5-viande","7":"product_tag-st","8":"product_shipping_class-carnes-fr","9":"gama-sabor-tradicional-fr-2","10":"calidad-1-bellota-iberico","12":"first","13":"no_disponible_online","14":"taxable","15":"shipping-taxable","16":"product-type-simple"},"acf":[],"yoast_head":"<!-- This site is optimized with the Yoast SEO plugin v25.4 - https:\/\/yoast.com\/wordpress\/plugins\/seo\/ -->\n<title>Mogote de bellota ib\u00e9rico | FISAN<\/title>\n<meta name=\"description\" content=\"D\u00e9couvrez le go\u00fbt unique du mogote de Bellota Ib\u00e9rico de FISAN, un morceau \u00e0 la forme ovale, dot\u00e9 d\u2019une importante infiltration de graisse. Qualit\u00e9 et saveur in\u00e9galables.\" \/>\n<meta name=\"robots\" content=\"index, follow, max-snippet:-1, max-image-preview:large, max-video-preview:-1\" \/>\n<link rel=\"canonical\" href=\"https:\/\/www.fisan.com\/fr\/boutique\/mogote-bellota-iberico-100-naturel\/\" \/>\n<meta property=\"og:locale\" content=\"fr_FR\" \/>\n<meta property=\"og:type\" content=\"article\" \/>\n<meta property=\"og:title\" content=\"Mogote de bellota ib\u00e9rico | FISAN\" \/>\n<meta property=\"og:description\" content=\"D\u00e9couvrez le go\u00fbt unique du mogote de Bellota Ib\u00e9rico de FISAN, un morceau \u00e0 la forme ovale, dot\u00e9 d\u2019une importante infiltration de graisse. Qualit\u00e9 et saveur in\u00e9galables.\" \/>\n<meta property=\"og:url\" content=\"https:\/\/www.fisan.com\/fr\/boutique\/mogote-bellota-iberico-100-naturel\/\" \/>\n<meta property=\"og:site_name\" content=\"FISAN\" \/>\n<meta property=\"article:modified_time\" content=\"2025-11-24T10:14:46+00:00\" \/>\n<meta property=\"og:image\" content=\"https:\/\/www.fisan.com\/wp-content\/uploads\/2024\/07\/mogote-bellota-iberico-pe-00.jpg\" \/>\n\t<meta property=\"og:image:width\" content=\"1200\" \/>\n\t<meta property=\"og:image:height\" content=\"2400\" \/>\n\t<meta property=\"og:image:type\" content=\"image\/jpeg\" \/>\n<meta name=\"twitter:card\" content=\"summary_large_image\" \/>\n<meta name=\"twitter:label1\" content=\"Prix\" \/>\n\t<meta name=\"twitter:data1\" content=\"\" \/>\n\t<meta name=\"twitter:label2\" content=\"Disponibilit\u00e9\" \/>\n\t<meta name=\"twitter:data2\" content=\"En stock\" \/>\n<script type=\"application\/ld+json\" class=\"yoast-schema-graph\">{\n\t    \"@context\": \"https:\/\/schema.org\",\n\t    \"@graph\": [\n\t        {\n\t            \"@type\": \"WebPage\",\n\t            \"@id\": \"https:\/\/www.fisan.com\/fr\/boutique\/mogote-bellota-iberico-100-naturel\/\",\n\t            \"url\": \"https:\/\/www.fisan.com\/fr\/boutique\/mogote-bellota-iberico-100-naturel\/\",\n\t            \"name\": \"Mogote de bellota ib\u00e9rico | FISAN\",\n\t            \"isPartOf\": {\n\t                \"@id\": \"https:\/\/www.fisan.com\/fr\/#website\"\n\t            },\n\t            \"primaryImageOfPage\": {\n\t                \"@id\": \"https:\/\/www.fisan.com\/fr\/boutique\/mogote-bellota-iberico-100-naturel\/#primaryimage\"\n\t            },\n\t            \"image\": {\n\t                \"@id\": \"https:\/\/www.fisan.com\/fr\/boutique\/mogote-bellota-iberico-100-naturel\/#primaryimage\"\n\t            },\n\t            \"thumbnailUrl\": \"https:\/\/www.fisan.com\/wp-content\/uploads\/2024\/07\/mogote-bellota-iberico-pe-00.jpg\",\n\t            \"datePublished\": \"2024-07-22T12:18:28+00:00\",\n\t            \"dateModified\": \"2025-11-24T10:14:46+00:00\",\n\t            \"description\": \"D\u00e9couvrez le go\u00fbt unique du mogote de Bellota Ib\u00e9rico de FISAN, un morceau \u00e0 la forme ovale, dot\u00e9 d\u2019une importante infiltration de graisse. Qualit\u00e9 et saveur in\u00e9galables.\",\n\t            \"breadcrumb\": {\n\t                \"@id\": \"https:\/\/www.fisan.com\/fr\/boutique\/mogote-bellota-iberico-100-naturel\/#breadcrumb\"\n\t            },\n\t            \"inLanguage\": \"fr-FR\",\n\t            \"potentialAction\": [\n\t                {\n\t                    \"@type\": \"ReadAction\",\n\t                    \"target\": [\n\t                        \"https:\/\/www.fisan.com\/fr\/boutique\/mogote-bellota-iberico-100-naturel\/\"\n\t                    ]\n\t                }\n\t            ]\n\t        },\n\t        {\n\t            \"@type\": \"ImageObject\",\n\t            \"inLanguage\": \"fr-FR\",\n\t            \"@id\": \"https:\/\/www.fisan.com\/fr\/boutique\/mogote-bellota-iberico-100-naturel\/#primaryimage\",\n\t            \"url\": \"https:\/\/www.fisan.com\/wp-content\/uploads\/2024\/07\/mogote-bellota-iberico-pe-00.jpg\",\n\t            \"contentUrl\": \"https:\/\/www.fisan.com\/wp-content\/uploads\/2024\/07\/mogote-bellota-iberico-pe-00.jpg\",\n\t            \"width\": 1200,\n\t            \"height\": 2400,\n\t            \"caption\": \"Mogote de Bellota Ib\u00e9rico\"\n\t        },\n\t        {\n\t            \"@type\": \"BreadcrumbList\",\n\t            \"@id\": \"https:\/\/www.fisan.com\/fr\/boutique\/mogote-bellota-iberico-100-naturel\/#breadcrumb\",\n\t            \"itemListElement\": [\n\t                {\n\t                    \"@type\": \"ListItem\",\n\t                    \"position\": 1,\n\t                    \"name\": \"FISAN\",\n\t                    \"item\": \"https:\/\/www.fisan.com\/fr\/\"\n\t                },\n\t                {\n\t                    \"@type\": \"ListItem\",\n\t                    \"position\": 2,\n\t                    \"name\": \"Produits\",\n\t                    \"item\": \"https:\/\/www.fisan.com\/fr\/produits\/\"\n\t                },\n\t                {\n\t                    \"@type\": \"ListItem\",\n\t                    \"position\": 3,\n\t                    \"name\": \"Mogote de bellota ib\u00e9rico\"\n\t                }\n\t            ]\n\t        },\n\t        {\n\t            \"@type\": \"WebSite\",\n\t            \"@id\": \"https:\/\/www.fisan.com\/fr\/#website\",\n\t            \"url\": \"https:\/\/www.fisan.com\/fr\/\",\n\t            \"name\": \"FISAN\",\n\t            \"description\": \"FISAN | Jamones de bellota ib\u00e9rico y embutidos ib\u00e9ricos desde 1920\",\n\t            \"potentialAction\": [\n\t                {\n\t                    \"@type\": \"SearchAction\",\n\t                    \"target\": {\n\t                        \"@type\": \"EntryPoint\",\n\t                        \"urlTemplate\": \"https:\/\/www.fisan.com\/fr\/?s={search_term_string}\"\n\t                    },\n\t                    \"query-input\": {\n\t                        \"@type\": \"PropertyValueSpecification\",\n\t                        \"valueRequired\": true,\n\t                        \"valueName\": \"search_term_string\"\n\t                    }\n\t                }\n\t            ],\n\t            \"inLanguage\": \"fr-FR\"\n\t        }\n\t    ]\n\t}<\/script>\n<meta property=\"product:price:currency\" content=\"EUR\" \/>\n<meta property=\"og:availability\" content=\"instock\" \/>\n<meta property=\"product:availability\" content=\"instock\" \/>\n<meta property=\"product:retailer_item_id\" content=\"ca-mobi\" \/>\n<meta property=\"product:condition\" content=\"new\" \/>\n<!-- \/ Yoast SEO plugin. -->","yoast_head_json":{"title":"Mogote de bellota ib\u00e9rico | FISAN","description":"D\u00e9couvrez le go\u00fbt unique du mogote de Bellota Ib\u00e9rico de FISAN, un morceau \u00e0 la forme ovale, dot\u00e9 d\u2019une importante infiltration de graisse. Qualit\u00e9 et saveur in\u00e9galables.","robots":{"index":"index","follow":"follow","max-snippet":"max-snippet:-1","max-image-preview":"max-image-preview:large","max-video-preview":"max-video-preview:-1"},"canonical":"https:\/\/www.fisan.com\/fr\/boutique\/mogote-bellota-iberico-100-naturel\/","og_locale":"fr_FR","og_type":"article","og_title":"Mogote de bellota ib\u00e9rico | FISAN","og_description":"D\u00e9couvrez le go\u00fbt unique du mogote de Bellota Ib\u00e9rico de FISAN, un morceau \u00e0 la forme ovale, dot\u00e9 d\u2019une importante infiltration de graisse. Qualit\u00e9 et saveur in\u00e9galables.","og_url":"https:\/\/www.fisan.com\/fr\/boutique\/mogote-bellota-iberico-100-naturel\/","og_site_name":"FISAN","article_modified_time":"2025-11-24T10:14:46+00:00","og_image":[{"width":1200,"height":2400,"url":"https:\/\/www.fisan.com\/wp-content\/uploads\/2024\/07\/mogote-bellota-iberico-pe-00.jpg","type":"image\/jpeg"}],"twitter_card":"summary_large_image","twitter_misc":{"Prix":"","Disponibilit\u00e9":"En stock"},"schema":{"@context":"https:\/\/schema.org","@graph":[{"@type":"WebPage","@id":"https:\/\/www.fisan.com\/fr\/boutique\/mogote-bellota-iberico-100-naturel\/","url":"https:\/\/www.fisan.com\/fr\/boutique\/mogote-bellota-iberico-100-naturel\/","name":"Mogote de bellota ib\u00e9rico | FISAN","isPartOf":{"@id":"https:\/\/www.fisan.com\/fr\/#website"},"primaryImageOfPage":{"@id":"https:\/\/www.fisan.com\/fr\/boutique\/mogote-bellota-iberico-100-naturel\/#primaryimage"},"image":{"@id":"https:\/\/www.fisan.com\/fr\/boutique\/mogote-bellota-iberico-100-naturel\/#primaryimage"},"thumbnailUrl":"https:\/\/www.fisan.com\/wp-content\/uploads\/2024\/07\/mogote-bellota-iberico-pe-00.jpg","datePublished":"2024-07-22T12:18:28+00:00","dateModified":"2025-11-24T10:14:46+00:00","description":"D\u00e9couvrez le go\u00fbt unique du mogote de Bellota Ib\u00e9rico de FISAN, un morceau \u00e0 la forme ovale, dot\u00e9 d\u2019une importante infiltration de graisse. Qualit\u00e9 et saveur in\u00e9galables.","breadcrumb":{"@id":"https:\/\/www.fisan.com\/fr\/boutique\/mogote-bellota-iberico-100-naturel\/#breadcrumb"},"inLanguage":"fr-FR","potentialAction":[{"@type":"ReadAction","target":["https:\/\/www.fisan.com\/fr\/boutique\/mogote-bellota-iberico-100-naturel\/"]}]},{"@type":"ImageObject","inLanguage":"fr-FR","@id":"https:\/\/www.fisan.com\/fr\/boutique\/mogote-bellota-iberico-100-naturel\/#primaryimage","url":"https:\/\/www.fisan.com\/wp-content\/uploads\/2024\/07\/mogote-bellota-iberico-pe-00.jpg","contentUrl":"https:\/\/www.fisan.com\/wp-content\/uploads\/2024\/07\/mogote-bellota-iberico-pe-00.jpg","width":1200,"height":2400,"caption":"Mogote de Bellota Ib\u00e9rico"},{"@type":"BreadcrumbList","@id":"https:\/\/www.fisan.com\/fr\/boutique\/mogote-bellota-iberico-100-naturel\/#breadcrumb","itemListElement":[{"@type":"ListItem","position":1,"name":"FISAN","item":"https:\/\/www.fisan.com\/fr\/"},{"@type":"ListItem","position":2,"name":"Produits","item":"https:\/\/www.fisan.com\/fr\/produits\/"},{"@type":"ListItem","position":3,"name":"Mogote de bellota ib\u00e9rico"}]},{"@type":"WebSite","@id":"https:\/\/www.fisan.com\/fr\/#website","url":"https:\/\/www.fisan.com\/fr\/","name":"FISAN","description":"FISAN | Jamones de bellota ib\u00e9rico y embutidos ib\u00e9ricos desde 1920","potentialAction":[{"@type":"SearchAction","target":{"@type":"EntryPoint","urlTemplate":"https:\/\/www.fisan.com\/fr\/?s={search_term_string}"},"query-input":{"@type":"PropertyValueSpecification","valueRequired":true,"valueName":"search_term_string"}}],"inLanguage":"fr-FR"}]},"product_price_currency":"EUR","og_availability":"instock","product_availability":"instock","product_retailer_item_id":"ca-mobi","product_condition":"new"},"_links":{"self":[{"href":"https:\/\/www.fisan.com\/fr\/wp-json\/wp\/v2\/product\/58909","targetHints":{"allow":["GET"]}}],"collection":[{"href":"https:\/\/www.fisan.com\/fr\/wp-json\/wp\/v2\/product"}],"about":[{"href":"https:\/\/www.fisan.com\/fr\/wp-json\/wp\/v2\/types\/product"}],"version-history":[{"count":1,"href":"https:\/\/www.fisan.com\/fr\/wp-json\/wp\/v2\/product\/58909\/revisions"}],"predecessor-version":[{"id":58910,"href":"https:\/\/www.fisan.com\/fr\/wp-json\/wp\/v2\/product\/58909\/revisions\/58910"}],"wp:featuredmedia":[{"embeddable":true,"href":"https:\/\/www.fisan.com\/fr\/wp-json\/wp\/v2\/media\/47020"}],"wp:attachment":[{"href":"https:\/\/www.fisan.com\/fr\/wp-json\/wp\/v2\/media?parent=58909"}],"wp:term":[{"taxonomy":"product_brand","embeddable":true,"href":"https:\/\/www.fisan.com\/fr\/wp-json\/wp\/v2\/product_brand?post=58909"},{"taxonomy":"product_cat","embeddable":true,"href":"https:\/\/www.fisan.com\/fr\/wp-json\/wp\/v2\/product_cat?post=58909"},{"taxonomy":"product_tag","embeddable":true,"href":"https:\/\/www.fisan.com\/fr\/wp-json\/wp\/v2\/product_tag?post=58909"},{"taxonomy":"gama","embeddable":true,"href":"https:\/\/www.fisan.com\/fr\/wp-json\/wp\/v2\/gama?post=58909"},{"taxonomy":"calidad","embeddable":true,"href":"https:\/\/www.fisan.com\/fr\/wp-json\/wp\/v2\/calidad?post=58909"}],"curies":[{"name":"wp","href":"https:\/\/api.w.org\/{rel}","templated":true}]}}