{"id":58925,"date":"2024-05-20T16:32:42","date_gmt":"2024-05-20T14:32:42","guid":{"rendered":"https:\/\/www.fisan.com\/producto\/panceta-bellota-iberica-embuchada-curada\/"},"modified":"2025-11-24T14:23:24","modified_gmt":"2025-11-24T13:23:24","slug":"poitrine-bellota-iberica-roulee-sechee","status":"publish","type":"product","link":"https:\/\/www.fisan.com\/fr\/boutique\/poitrine-bellota-iberica-roulee-sechee\/","title":{"rendered":"Poitrine de Bellota 100 % Ib\u00e9rica roul\u00e9e s\u00e9ch\u00e9e"},"content":{"rendered":"<p>Poitrine de Bellota 100 % Ib\u00e9rica roul\u00e9e s\u00e9ch\u00e9e, condiment\u00e9e avec des ingr\u00e9dients naturels, du paprika de la Vera, de l\u2019ail et du sel. Affin\u00e9e pendant 6 mois en cave.<br \/>\nId\u00e9ale pour grignoter et pour les recettes de cuisine.<br \/>\nUn v\u00e9ritable d\u00e9lice. Elle fond dans la bouche\u2026 et surprendra vos invit\u00e9s.<\/p>\n","protected":false},"excerpt":{"rendered":"<p>Poitrine de Bellota 100 % Ib\u00e9rica roul\u00e9e s\u00e9ch\u00e9e, condiment\u00e9e avec des ingr\u00e9dients naturels, du paprika de la Vera, de l\u2019ail et du sel. Affin\u00e9e pendant 6 mois en cave. Id\u00e9ale pour grignoter et pour les recettes de cuisine. Un v\u00e9ritable d\u00e9lice. Elle fond dans la bouche\u2026 et surprendra vos invit\u00e9s.<\/p>\n","protected":false},"featured_media":49207,"template":"","meta":{"_acf_changed":false,"_wp_rev_ctl_limit":""},"product_brand":[],"product_cat":[353],"product_tag":[297,1378],"gama":[435],"calidad":[338],"class_list":{"0":"post-58925","1":"product","2":"type-product","3":"status-publish","4":"has-post-thumbnail","6":"product_cat-4-charcuterie","7":"product_tag-ag","8":"product_tag-no-disponible-online-fr","9":"gama-alta-gastronomia-fr","10":"calidad-1-bellota-iberico","12":"first","13":"instock","14":"taxable","15":"shipping-taxable","16":"purchasable","17":"product-type-variable","18":"has-default-attributes"},"acf":[],"yoast_head":"<!-- This site is optimized with the Yoast SEO plugin v25.4 - https:\/\/yoast.com\/wordpress\/plugins\/seo\/ -->\n<title>Poitrine de Bellota 100 % Ib\u00e9rica roul\u00e9e | FISAN<\/title>\n<meta name=\"description\" content=\"Laissez-vous surprendre par le go\u00fbt et la texture de la poitrine de Bellota 100 % Ib\u00e9rica roul\u00e9e de FISAN, \u00e9labor\u00e9e \u00e0 base d\u2019ingr\u00e9dients naturels. Depuis 1921.\" \/>\n<meta name=\"robots\" content=\"index, follow, max-snippet:-1, max-image-preview:large, max-video-preview:-1\" \/>\n<link rel=\"canonical\" href=\"https:\/\/www.fisan.com\/fr\/boutique\/poitrine-bellota-iberica-roulee-sechee\/\" \/>\n<meta property=\"og:locale\" content=\"fr_FR\" \/>\n<meta property=\"og:type\" content=\"article\" \/>\n<meta property=\"og:title\" content=\"Poitrine de Bellota 100 % Ib\u00e9rica roul\u00e9e | FISAN\" \/>\n<meta property=\"og:description\" content=\"Laissez-vous surprendre par le go\u00fbt et la texture de la poitrine de Bellota 100 % Ib\u00e9rica roul\u00e9e de FISAN, \u00e9labor\u00e9e \u00e0 base d\u2019ingr\u00e9dients naturels. Depuis 1921.\" \/>\n<meta property=\"og:url\" content=\"https:\/\/www.fisan.com\/fr\/boutique\/poitrine-bellota-iberica-roulee-sechee\/\" \/>\n<meta property=\"og:site_name\" content=\"FISAN\" \/>\n<meta property=\"article:modified_time\" content=\"2025-11-24T13:23:24+00:00\" \/>\n<meta property=\"og:image\" content=\"https:\/\/www.fisan.com\/wp-content\/uploads\/2024\/05\/panceta-embuchada-bellota-100-pe-00.jpg\" \/>\n\t<meta property=\"og:image:width\" content=\"1200\" \/>\n\t<meta property=\"og:image:height\" content=\"2400\" \/>\n\t<meta property=\"og:image:type\" content=\"image\/jpeg\" \/>\n<meta name=\"twitter:card\" content=\"summary_large_image\" \/>\n<meta name=\"twitter:label1\" content=\"Disponibilit\u00e9\" \/>\n\t<meta name=\"twitter:data1\" content=\"En stock\" \/>\n<script type=\"application\/ld+json\" class=\"yoast-schema-graph\">{\n\t    \"@context\": \"https:\/\/schema.org\",\n\t    \"@graph\": [\n\t        {\n\t            \"@type\": \"WebPage\",\n\t            \"@id\": \"https:\/\/www.fisan.com\/fr\/boutique\/poitrine-bellota-iberica-roulee-sechee\/\",\n\t            \"url\": \"https:\/\/www.fisan.com\/fr\/boutique\/poitrine-bellota-iberica-roulee-sechee\/\",\n\t            \"name\": \"Poitrine de Bellota 100 % Ib\u00e9rica roul\u00e9e | FISAN\",\n\t            \"isPartOf\": {\n\t                \"@id\": \"https:\/\/www.fisan.com\/fr\/#website\"\n\t            },\n\t            \"primaryImageOfPage\": {\n\t                \"@id\": \"https:\/\/www.fisan.com\/fr\/boutique\/poitrine-bellota-iberica-roulee-sechee\/#primaryimage\"\n\t            },\n\t            \"image\": {\n\t                \"@id\": \"https:\/\/www.fisan.com\/fr\/boutique\/poitrine-bellota-iberica-roulee-sechee\/#primaryimage\"\n\t            },\n\t            \"thumbnailUrl\": \"https:\/\/www.fisan.com\/wp-content\/uploads\/2024\/05\/panceta-embuchada-bellota-100-pe-00.jpg\",\n\t            \"datePublished\": \"2024-05-20T14:32:42+00:00\",\n\t            \"dateModified\": \"2025-11-24T13:23:24+00:00\",\n\t            \"description\": \"Laissez-vous surprendre par le go\u00fbt et la texture de la poitrine de Bellota 100 % Ib\u00e9rica roul\u00e9e de FISAN, \u00e9labor\u00e9e \u00e0 base d\u2019ingr\u00e9dients naturels. Depuis 1921.\",\n\t            \"breadcrumb\": {\n\t                \"@id\": \"https:\/\/www.fisan.com\/fr\/boutique\/poitrine-bellota-iberica-roulee-sechee\/#breadcrumb\"\n\t            },\n\t            \"inLanguage\": \"fr-FR\",\n\t            \"potentialAction\": [\n\t                {\n\t                    \"@type\": \"ReadAction\",\n\t                    \"target\": [\n\t                        \"https:\/\/www.fisan.com\/fr\/boutique\/poitrine-bellota-iberica-roulee-sechee\/\"\n\t                    ]\n\t                }\n\t            ]\n\t        },\n\t        {\n\t            \"@type\": \"ImageObject\",\n\t            \"inLanguage\": \"fr-FR\",\n\t            \"@id\": \"https:\/\/www.fisan.com\/fr\/boutique\/poitrine-bellota-iberica-roulee-sechee\/#primaryimage\",\n\t            \"url\": \"https:\/\/www.fisan.com\/wp-content\/uploads\/2024\/05\/panceta-embuchada-bellota-100-pe-00.jpg\",\n\t            \"contentUrl\": \"https:\/\/www.fisan.com\/wp-content\/uploads\/2024\/05\/panceta-embuchada-bellota-100-pe-00.jpg\",\n\t            \"width\": 1200,\n\t            \"height\": 2400,\n\t            \"caption\": \"PANCETA DE BELLOTA 100% IB\u00c9RICA EMBUCHADA CURADA\"\n\t        },\n\t        {\n\t            \"@type\": \"BreadcrumbList\",\n\t            \"@id\": \"https:\/\/www.fisan.com\/fr\/boutique\/poitrine-bellota-iberica-roulee-sechee\/#breadcrumb\",\n\t            \"itemListElement\": [\n\t                {\n\t                    \"@type\": \"ListItem\",\n\t                    \"position\": 1,\n\t                    \"name\": \"FISAN\",\n\t                    \"item\": \"https:\/\/www.fisan.com\/fr\/\"\n\t                },\n\t                {\n\t                    \"@type\": \"ListItem\",\n\t                    \"position\": 2,\n\t                    \"name\": \"Produits\",\n\t                    \"item\": \"https:\/\/www.fisan.com\/fr\/produits\/\"\n\t                },\n\t                {\n\t                    \"@type\": \"ListItem\",\n\t                    \"position\": 3,\n\t                    \"name\": \"Poitrine de Bellota 100 % Ib\u00e9rica roul\u00e9e s\u00e9ch\u00e9e\"\n\t                }\n\t            ]\n\t        },\n\t        {\n\t            \"@type\": \"WebSite\",\n\t            \"@id\": \"https:\/\/www.fisan.com\/fr\/#website\",\n\t            \"url\": \"https:\/\/www.fisan.com\/fr\/\",\n\t            \"name\": \"FISAN\",\n\t            \"description\": \"FISAN | Jamones de bellota ib\u00e9rico y embutidos ib\u00e9ricos desde 1920\",\n\t            \"potentialAction\": [\n\t                {\n\t                    \"@type\": \"SearchAction\",\n\t                    \"target\": {\n\t                        \"@type\": \"EntryPoint\",\n\t                        \"urlTemplate\": \"https:\/\/www.fisan.com\/fr\/?s={search_term_string}\"\n\t                    },\n\t                    \"query-input\": {\n\t                        \"@type\": \"PropertyValueSpecification\",\n\t                        \"valueRequired\": true,\n\t                        \"valueName\": \"search_term_string\"\n\t                    }\n\t                }\n\t            ],\n\t            \"inLanguage\": \"fr-FR\"\n\t        }\n\t    ]\n\t}<\/script>\n<meta property=\"og:availability\" content=\"instock\" \/>\n<meta property=\"product:availability\" content=\"instock\" \/>\n<meta property=\"product:retailer_item_id\" content=\"pa-bi100ce\" \/>\n<meta property=\"product:condition\" content=\"new\" \/>\n<!-- \/ Yoast SEO plugin. -->","yoast_head_json":{"title":"Poitrine de Bellota 100 % Ib\u00e9rica roul\u00e9e | FISAN","description":"Laissez-vous surprendre par le go\u00fbt et la texture de la poitrine de Bellota 100 % Ib\u00e9rica roul\u00e9e de FISAN, \u00e9labor\u00e9e \u00e0 base d\u2019ingr\u00e9dients naturels. Depuis 1921.","robots":{"index":"index","follow":"follow","max-snippet":"max-snippet:-1","max-image-preview":"max-image-preview:large","max-video-preview":"max-video-preview:-1"},"canonical":"https:\/\/www.fisan.com\/fr\/boutique\/poitrine-bellota-iberica-roulee-sechee\/","og_locale":"fr_FR","og_type":"article","og_title":"Poitrine de Bellota 100 % Ib\u00e9rica roul\u00e9e | FISAN","og_description":"Laissez-vous surprendre par le go\u00fbt et la texture de la poitrine de Bellota 100 % Ib\u00e9rica roul\u00e9e de FISAN, \u00e9labor\u00e9e \u00e0 base d\u2019ingr\u00e9dients naturels. Depuis 1921.","og_url":"https:\/\/www.fisan.com\/fr\/boutique\/poitrine-bellota-iberica-roulee-sechee\/","og_site_name":"FISAN","article_modified_time":"2025-11-24T13:23:24+00:00","og_image":[{"width":1200,"height":2400,"url":"https:\/\/www.fisan.com\/wp-content\/uploads\/2024\/05\/panceta-embuchada-bellota-100-pe-00.jpg","type":"image\/jpeg"}],"twitter_card":"summary_large_image","twitter_misc":{"Disponibilit\u00e9":"En stock"},"schema":{"@context":"https:\/\/schema.org","@graph":[{"@type":"WebPage","@id":"https:\/\/www.fisan.com\/fr\/boutique\/poitrine-bellota-iberica-roulee-sechee\/","url":"https:\/\/www.fisan.com\/fr\/boutique\/poitrine-bellota-iberica-roulee-sechee\/","name":"Poitrine de Bellota 100 % Ib\u00e9rica roul\u00e9e | FISAN","isPartOf":{"@id":"https:\/\/www.fisan.com\/fr\/#website"},"primaryImageOfPage":{"@id":"https:\/\/www.fisan.com\/fr\/boutique\/poitrine-bellota-iberica-roulee-sechee\/#primaryimage"},"image":{"@id":"https:\/\/www.fisan.com\/fr\/boutique\/poitrine-bellota-iberica-roulee-sechee\/#primaryimage"},"thumbnailUrl":"https:\/\/www.fisan.com\/wp-content\/uploads\/2024\/05\/panceta-embuchada-bellota-100-pe-00.jpg","datePublished":"2024-05-20T14:32:42+00:00","dateModified":"2025-11-24T13:23:24+00:00","description":"Laissez-vous surprendre par le go\u00fbt et la texture de la poitrine de Bellota 100 % Ib\u00e9rica roul\u00e9e de FISAN, \u00e9labor\u00e9e \u00e0 base d\u2019ingr\u00e9dients naturels. Depuis 1921.","breadcrumb":{"@id":"https:\/\/www.fisan.com\/fr\/boutique\/poitrine-bellota-iberica-roulee-sechee\/#breadcrumb"},"inLanguage":"fr-FR","potentialAction":[{"@type":"ReadAction","target":["https:\/\/www.fisan.com\/fr\/boutique\/poitrine-bellota-iberica-roulee-sechee\/"]}]},{"@type":"ImageObject","inLanguage":"fr-FR","@id":"https:\/\/www.fisan.com\/fr\/boutique\/poitrine-bellota-iberica-roulee-sechee\/#primaryimage","url":"https:\/\/www.fisan.com\/wp-content\/uploads\/2024\/05\/panceta-embuchada-bellota-100-pe-00.jpg","contentUrl":"https:\/\/www.fisan.com\/wp-content\/uploads\/2024\/05\/panceta-embuchada-bellota-100-pe-00.jpg","width":1200,"height":2400,"caption":"PANCETA DE BELLOTA 100% IB\u00c9RICA EMBUCHADA CURADA"},{"@type":"BreadcrumbList","@id":"https:\/\/www.fisan.com\/fr\/boutique\/poitrine-bellota-iberica-roulee-sechee\/#breadcrumb","itemListElement":[{"@type":"ListItem","position":1,"name":"FISAN","item":"https:\/\/www.fisan.com\/fr\/"},{"@type":"ListItem","position":2,"name":"Produits","item":"https:\/\/www.fisan.com\/fr\/produits\/"},{"@type":"ListItem","position":3,"name":"Poitrine de Bellota 100 % Ib\u00e9rica roul\u00e9e s\u00e9ch\u00e9e"}]},{"@type":"WebSite","@id":"https:\/\/www.fisan.com\/fr\/#website","url":"https:\/\/www.fisan.com\/fr\/","name":"FISAN","description":"FISAN | Jamones de bellota ib\u00e9rico y embutidos ib\u00e9ricos desde 1920","potentialAction":[{"@type":"SearchAction","target":{"@type":"EntryPoint","urlTemplate":"https:\/\/www.fisan.com\/fr\/?s={search_term_string}"},"query-input":{"@type":"PropertyValueSpecification","valueRequired":true,"valueName":"search_term_string"}}],"inLanguage":"fr-FR"}]},"og_availability":"instock","product_availability":"instock","product_retailer_item_id":"pa-bi100ce","product_condition":"new"},"_links":{"self":[{"href":"https:\/\/www.fisan.com\/fr\/wp-json\/wp\/v2\/product\/58925","targetHints":{"allow":["GET"]}}],"collection":[{"href":"https:\/\/www.fisan.com\/fr\/wp-json\/wp\/v2\/product"}],"about":[{"href":"https:\/\/www.fisan.com\/fr\/wp-json\/wp\/v2\/types\/product"}],"version-history":[{"count":3,"href":"https:\/\/www.fisan.com\/fr\/wp-json\/wp\/v2\/product\/58925\/revisions"}],"predecessor-version":[{"id":58943,"href":"https:\/\/www.fisan.com\/fr\/wp-json\/wp\/v2\/product\/58925\/revisions\/58943"}],"wp:featuredmedia":[{"embeddable":true,"href":"https:\/\/www.fisan.com\/fr\/wp-json\/wp\/v2\/media\/49207"}],"wp:attachment":[{"href":"https:\/\/www.fisan.com\/fr\/wp-json\/wp\/v2\/media?parent=58925"}],"wp:term":[{"taxonomy":"product_brand","embeddable":true,"href":"https:\/\/www.fisan.com\/fr\/wp-json\/wp\/v2\/product_brand?post=58925"},{"taxonomy":"product_cat","embeddable":true,"href":"https:\/\/www.fisan.com\/fr\/wp-json\/wp\/v2\/product_cat?post=58925"},{"taxonomy":"product_tag","embeddable":true,"href":"https:\/\/www.fisan.com\/fr\/wp-json\/wp\/v2\/product_tag?post=58925"},{"taxonomy":"gama","embeddable":true,"href":"https:\/\/www.fisan.com\/fr\/wp-json\/wp\/v2\/gama?post=58925"},{"taxonomy":"calidad","embeddable":true,"href":"https:\/\/www.fisan.com\/fr\/wp-json\/wp\/v2\/calidad?post=58925"}],"curies":[{"name":"wp","href":"https:\/\/api.w.org\/{rel}","templated":true}]}}