{"id":58948,"date":"2024-05-20T16:29:08","date_gmt":"2024-05-20T14:29:08","guid":{"rendered":"https:\/\/www.fisan.com\/producto\/sobrasada-bellota-iberica\/"},"modified":"2025-11-24T14:58:33","modified_gmt":"2025-11-24T13:58:33","slug":"sobrasada-bellota-iberica","status":"publish","type":"product","link":"https:\/\/www.fisan.com\/fr\/boutique\/sobrasada-bellota-iberica\/","title":{"rendered":"Sobrasada de Bellota 100 % Ib\u00e9rica"},"content":{"rendered":"<p>\u00c9labor\u00e9e \u00e0 base de secreto et de lard de bardi\u00e8re, condiment\u00e9e selon la recette centenaire de la famille, 100 % naturelle et 100 % Ib\u00e9rica. Avec plus de 6 mois d\u2019affinage en cave.<br \/>\nLa sobrasada de Bellota 100 % Ib\u00e9rica FISAN a une texture douce et onctueuse qui fond sur le palais, avec un go\u00fbt intense et \u00e9l\u00e9gant, offrant une sensation extraordinairement exquise.<br \/>\n\u00c0 d\u00e9guster avec des petits gressins, en tartine, en sandwich ou pour relever les sauces, il s\u2019agit du produit id\u00e9al pour les \u00e9v\u00e9nements en famille.<\/p>\n","protected":false},"excerpt":{"rendered":"<p>\u00c9labor\u00e9e \u00e0 base de secreto et de lard de bardi\u00e8re, condiment\u00e9e selon la recette centenaire de la famille, 100 % naturelle et 100 % Ib\u00e9rica. Avec plus de 6 mois d\u2019affinage en cave. La sobrasada de Bellota 100 % Ib\u00e9rica FISAN a une texture douce et onctueuse qui fond sur le palais, avec un go\u00fbt &#8230; <a title=\"Sobrasada de Bellota 100 % Ib\u00e9rica\" class=\"read-more\" href=\"https:\/\/www.fisan.com\/fr\/boutique\/sobrasada-bellota-iberica\/\" aria-label=\"En savoir plus sur Sobrasada de Bellota 100 % Ib\u00e9rica\">Lire la suite<\/a><\/p>\n","protected":false},"featured_media":49195,"template":"","meta":{"_acf_changed":false,"_wp_rev_ctl_limit":""},"product_brand":[],"product_cat":[353],"product_tag":[297],"gama":[435],"calidad":[338],"class_list":{"0":"post-58948","1":"product","2":"type-product","3":"status-publish","4":"has-post-thumbnail","6":"product_cat-4-charcuterie","7":"product_tag-ag","8":"gama-alta-gastronomia-fr","9":"calidad-1-bellota-iberico","11":"first","12":"outofstock","13":"taxable","14":"shipping-taxable","15":"purchasable","16":"product-type-variable","17":"has-default-attributes"},"acf":[],"yoast_head":"<!-- This site is optimized with the Yoast SEO plugin v25.4 - https:\/\/yoast.com\/wordpress\/plugins\/seo\/ -->\n<title>Sobrasada de Bellota 100 % Ib\u00e9rica | FISAN<\/title>\n<meta name=\"description\" content=\"Visitez la boutique de FISAN et profitez au maximum de la sobrasada de Bellota 100 % Ib\u00e9rica. Choisissez ce produit juteux \u00e9labor\u00e9 \u00e0 base de secreto et de lard de bardi\u00e8re.\" \/>\n<meta name=\"robots\" content=\"index, follow, max-snippet:-1, max-image-preview:large, max-video-preview:-1\" \/>\n<link rel=\"canonical\" href=\"https:\/\/www.fisan.com\/fr\/boutique\/sobrasada-bellota-iberica\/\" \/>\n<meta property=\"og:locale\" content=\"fr_FR\" \/>\n<meta property=\"og:type\" content=\"article\" \/>\n<meta property=\"og:title\" content=\"Sobrasada de Bellota 100 % Ib\u00e9rica | FISAN\" \/>\n<meta property=\"og:description\" content=\"Visitez la boutique de FISAN et profitez au maximum de la sobrasada de Bellota 100 % Ib\u00e9rica. Choisissez ce produit juteux \u00e9labor\u00e9 \u00e0 base de secreto et de lard de bardi\u00e8re.\" \/>\n<meta property=\"og:url\" content=\"https:\/\/www.fisan.com\/fr\/boutique\/sobrasada-bellota-iberica\/\" \/>\n<meta property=\"og:site_name\" content=\"FISAN\" \/>\n<meta property=\"article:modified_time\" content=\"2025-11-24T13:58:33+00:00\" \/>\n<meta property=\"og:image\" content=\"https:\/\/www.fisan.com\/wp-content\/uploads\/2024\/05\/sobrasada-bellota-iberica-100-pe-00.jpg\" \/>\n\t<meta property=\"og:image:width\" content=\"1200\" \/>\n\t<meta property=\"og:image:height\" content=\"2400\" \/>\n\t<meta property=\"og:image:type\" content=\"image\/jpeg\" \/>\n<meta name=\"twitter:card\" content=\"summary_large_image\" \/>\n<meta name=\"twitter:label1\" content=\"Disponibilit\u00e9\" \/>\n\t<meta name=\"twitter:data1\" content=\"Rupture de stock\" \/>\n<script type=\"application\/ld+json\" class=\"yoast-schema-graph\">{\n\t    \"@context\": \"https:\/\/schema.org\",\n\t    \"@graph\": [\n\t        {\n\t            \"@type\": \"WebPage\",\n\t            \"@id\": \"https:\/\/www.fisan.com\/fr\/boutique\/sobrasada-bellota-iberica\/\",\n\t            \"url\": \"https:\/\/www.fisan.com\/fr\/boutique\/sobrasada-bellota-iberica\/\",\n\t            \"name\": \"Sobrasada de Bellota 100 % Ib\u00e9rica | FISAN\",\n\t            \"isPartOf\": {\n\t                \"@id\": \"https:\/\/www.fisan.com\/fr\/#website\"\n\t            },\n\t            \"primaryImageOfPage\": {\n\t                \"@id\": \"https:\/\/www.fisan.com\/fr\/boutique\/sobrasada-bellota-iberica\/#primaryimage\"\n\t            },\n\t            \"image\": {\n\t                \"@id\": \"https:\/\/www.fisan.com\/fr\/boutique\/sobrasada-bellota-iberica\/#primaryimage\"\n\t            },\n\t            \"thumbnailUrl\": \"https:\/\/www.fisan.com\/wp-content\/uploads\/2024\/05\/sobrasada-bellota-iberica-100-pe-00.jpg\",\n\t            \"datePublished\": \"2024-05-20T14:29:08+00:00\",\n\t            \"dateModified\": \"2025-11-24T13:58:33+00:00\",\n\t            \"description\": \"Visitez la boutique de FISAN et profitez au maximum de la sobrasada de Bellota 100 % Ib\u00e9rica. Choisissez ce produit juteux \u00e9labor\u00e9 \u00e0 base de secreto et de lard de bardi\u00e8re.\",\n\t            \"breadcrumb\": {\n\t                \"@id\": \"https:\/\/www.fisan.com\/fr\/boutique\/sobrasada-bellota-iberica\/#breadcrumb\"\n\t            },\n\t            \"inLanguage\": \"fr-FR\",\n\t            \"potentialAction\": [\n\t                {\n\t                    \"@type\": \"ReadAction\",\n\t                    \"target\": [\n\t                        \"https:\/\/www.fisan.com\/fr\/boutique\/sobrasada-bellota-iberica\/\"\n\t                    ]\n\t                }\n\t            ]\n\t        },\n\t        {\n\t            \"@type\": \"ImageObject\",\n\t            \"inLanguage\": \"fr-FR\",\n\t            \"@id\": \"https:\/\/www.fisan.com\/fr\/boutique\/sobrasada-bellota-iberica\/#primaryimage\",\n\t            \"url\": \"https:\/\/www.fisan.com\/wp-content\/uploads\/2024\/05\/sobrasada-bellota-iberica-100-pe-00.jpg\",\n\t            \"contentUrl\": \"https:\/\/www.fisan.com\/wp-content\/uploads\/2024\/05\/sobrasada-bellota-iberica-100-pe-00.jpg\",\n\t            \"width\": 1200,\n\t            \"height\": 2400,\n\t            \"caption\": \"SOBRASADA DE BELLOTA 100% IB\u00c9RICA\"\n\t        },\n\t        {\n\t            \"@type\": \"BreadcrumbList\",\n\t            \"@id\": \"https:\/\/www.fisan.com\/fr\/boutique\/sobrasada-bellota-iberica\/#breadcrumb\",\n\t            \"itemListElement\": [\n\t                {\n\t                    \"@type\": \"ListItem\",\n\t                    \"position\": 1,\n\t                    \"name\": \"FISAN\",\n\t                    \"item\": \"https:\/\/www.fisan.com\/fr\/\"\n\t                },\n\t                {\n\t                    \"@type\": \"ListItem\",\n\t                    \"position\": 2,\n\t                    \"name\": \"Produits\",\n\t                    \"item\": \"https:\/\/www.fisan.com\/fr\/produits\/\"\n\t                },\n\t                {\n\t                    \"@type\": \"ListItem\",\n\t                    \"position\": 3,\n\t                    \"name\": \"Sobrasada de Bellota 100 % Ib\u00e9rica\"\n\t                }\n\t            ]\n\t        },\n\t        {\n\t            \"@type\": \"WebSite\",\n\t            \"@id\": \"https:\/\/www.fisan.com\/fr\/#website\",\n\t            \"url\": \"https:\/\/www.fisan.com\/fr\/\",\n\t            \"name\": \"FISAN\",\n\t            \"description\": \"FISAN | Jamones de bellota ib\u00e9rico y embutidos ib\u00e9ricos desde 1920\",\n\t            \"potentialAction\": [\n\t                {\n\t                    \"@type\": \"SearchAction\",\n\t                    \"target\": {\n\t                        \"@type\": \"EntryPoint\",\n\t                        \"urlTemplate\": \"https:\/\/www.fisan.com\/fr\/?s={search_term_string}\"\n\t                    },\n\t                    \"query-input\": {\n\t                        \"@type\": \"PropertyValueSpecification\",\n\t                        \"valueRequired\": true,\n\t                        \"valueName\": \"search_term_string\"\n\t                    }\n\t                }\n\t            ],\n\t            \"inLanguage\": \"fr-FR\"\n\t        }\n\t    ]\n\t}<\/script>\n<meta property=\"og:availability\" content=\"out of stock\" \/>\n<meta property=\"product:availability\" content=\"out of stock\" \/>\n<meta property=\"product:retailer_item_id\" content=\"so-bi100\" \/>\n<meta property=\"product:condition\" content=\"new\" \/>\n<!-- \/ Yoast SEO plugin. -->","yoast_head_json":{"title":"Sobrasada de Bellota 100 % Ib\u00e9rica | FISAN","description":"Visitez la boutique de FISAN et profitez au maximum de la sobrasada de Bellota 100 % Ib\u00e9rica. Choisissez ce produit juteux \u00e9labor\u00e9 \u00e0 base de secreto et de lard de bardi\u00e8re.","robots":{"index":"index","follow":"follow","max-snippet":"max-snippet:-1","max-image-preview":"max-image-preview:large","max-video-preview":"max-video-preview:-1"},"canonical":"https:\/\/www.fisan.com\/fr\/boutique\/sobrasada-bellota-iberica\/","og_locale":"fr_FR","og_type":"article","og_title":"Sobrasada de Bellota 100 % Ib\u00e9rica | FISAN","og_description":"Visitez la boutique de FISAN et profitez au maximum de la sobrasada de Bellota 100 % Ib\u00e9rica. Choisissez ce produit juteux \u00e9labor\u00e9 \u00e0 base de secreto et de lard de bardi\u00e8re.","og_url":"https:\/\/www.fisan.com\/fr\/boutique\/sobrasada-bellota-iberica\/","og_site_name":"FISAN","article_modified_time":"2025-11-24T13:58:33+00:00","og_image":[{"width":1200,"height":2400,"url":"https:\/\/www.fisan.com\/wp-content\/uploads\/2024\/05\/sobrasada-bellota-iberica-100-pe-00.jpg","type":"image\/jpeg"}],"twitter_card":"summary_large_image","twitter_misc":{"Disponibilit\u00e9":"Rupture de stock"},"schema":{"@context":"https:\/\/schema.org","@graph":[{"@type":"WebPage","@id":"https:\/\/www.fisan.com\/fr\/boutique\/sobrasada-bellota-iberica\/","url":"https:\/\/www.fisan.com\/fr\/boutique\/sobrasada-bellota-iberica\/","name":"Sobrasada de Bellota 100 % Ib\u00e9rica | FISAN","isPartOf":{"@id":"https:\/\/www.fisan.com\/fr\/#website"},"primaryImageOfPage":{"@id":"https:\/\/www.fisan.com\/fr\/boutique\/sobrasada-bellota-iberica\/#primaryimage"},"image":{"@id":"https:\/\/www.fisan.com\/fr\/boutique\/sobrasada-bellota-iberica\/#primaryimage"},"thumbnailUrl":"https:\/\/www.fisan.com\/wp-content\/uploads\/2024\/05\/sobrasada-bellota-iberica-100-pe-00.jpg","datePublished":"2024-05-20T14:29:08+00:00","dateModified":"2025-11-24T13:58:33+00:00","description":"Visitez la boutique de FISAN et profitez au maximum de la sobrasada de Bellota 100 % Ib\u00e9rica. Choisissez ce produit juteux \u00e9labor\u00e9 \u00e0 base de secreto et de lard de bardi\u00e8re.","breadcrumb":{"@id":"https:\/\/www.fisan.com\/fr\/boutique\/sobrasada-bellota-iberica\/#breadcrumb"},"inLanguage":"fr-FR","potentialAction":[{"@type":"ReadAction","target":["https:\/\/www.fisan.com\/fr\/boutique\/sobrasada-bellota-iberica\/"]}]},{"@type":"ImageObject","inLanguage":"fr-FR","@id":"https:\/\/www.fisan.com\/fr\/boutique\/sobrasada-bellota-iberica\/#primaryimage","url":"https:\/\/www.fisan.com\/wp-content\/uploads\/2024\/05\/sobrasada-bellota-iberica-100-pe-00.jpg","contentUrl":"https:\/\/www.fisan.com\/wp-content\/uploads\/2024\/05\/sobrasada-bellota-iberica-100-pe-00.jpg","width":1200,"height":2400,"caption":"SOBRASADA DE BELLOTA 100% IB\u00c9RICA"},{"@type":"BreadcrumbList","@id":"https:\/\/www.fisan.com\/fr\/boutique\/sobrasada-bellota-iberica\/#breadcrumb","itemListElement":[{"@type":"ListItem","position":1,"name":"FISAN","item":"https:\/\/www.fisan.com\/fr\/"},{"@type":"ListItem","position":2,"name":"Produits","item":"https:\/\/www.fisan.com\/fr\/produits\/"},{"@type":"ListItem","position":3,"name":"Sobrasada de Bellota 100 % Ib\u00e9rica"}]},{"@type":"WebSite","@id":"https:\/\/www.fisan.com\/fr\/#website","url":"https:\/\/www.fisan.com\/fr\/","name":"FISAN","description":"FISAN | Jamones de bellota ib\u00e9rico y embutidos ib\u00e9ricos desde 1920","potentialAction":[{"@type":"SearchAction","target":{"@type":"EntryPoint","urlTemplate":"https:\/\/www.fisan.com\/fr\/?s={search_term_string}"},"query-input":{"@type":"PropertyValueSpecification","valueRequired":true,"valueName":"search_term_string"}}],"inLanguage":"fr-FR"}]},"og_availability":"out of stock","product_availability":"out of stock","product_retailer_item_id":"so-bi100","product_condition":"new"},"_links":{"self":[{"href":"https:\/\/www.fisan.com\/fr\/wp-json\/wp\/v2\/product\/58948","targetHints":{"allow":["GET"]}}],"collection":[{"href":"https:\/\/www.fisan.com\/fr\/wp-json\/wp\/v2\/product"}],"about":[{"href":"https:\/\/www.fisan.com\/fr\/wp-json\/wp\/v2\/types\/product"}],"version-history":[{"count":1,"href":"https:\/\/www.fisan.com\/fr\/wp-json\/wp\/v2\/product\/58948\/revisions"}],"predecessor-version":[{"id":58952,"href":"https:\/\/www.fisan.com\/fr\/wp-json\/wp\/v2\/product\/58948\/revisions\/58952"}],"wp:featuredmedia":[{"embeddable":true,"href":"https:\/\/www.fisan.com\/fr\/wp-json\/wp\/v2\/media\/49195"}],"wp:attachment":[{"href":"https:\/\/www.fisan.com\/fr\/wp-json\/wp\/v2\/media?parent=58948"}],"wp:term":[{"taxonomy":"product_brand","embeddable":true,"href":"https:\/\/www.fisan.com\/fr\/wp-json\/wp\/v2\/product_brand?post=58948"},{"taxonomy":"product_cat","embeddable":true,"href":"https:\/\/www.fisan.com\/fr\/wp-json\/wp\/v2\/product_cat?post=58948"},{"taxonomy":"product_tag","embeddable":true,"href":"https:\/\/www.fisan.com\/fr\/wp-json\/wp\/v2\/product_tag?post=58948"},{"taxonomy":"gama","embeddable":true,"href":"https:\/\/www.fisan.com\/fr\/wp-json\/wp\/v2\/gama?post=58948"},{"taxonomy":"calidad","embeddable":true,"href":"https:\/\/www.fisan.com\/fr\/wp-json\/wp\/v2\/calidad?post=58948"}],"curies":[{"name":"wp","href":"https:\/\/api.w.org\/{rel}","templated":true}]}}