{"id":58962,"date":"2024-05-20T14:37:20","date_gmt":"2024-05-20T12:37:20","guid":{"rendered":"https:\/\/www.fisan.com\/producto\/papada-de-bellota-iberica-curada\/"},"modified":"2025-11-24T15:58:47","modified_gmt":"2025-11-24T14:58:47","slug":"gorge-de-bellota-iberica-sechee","status":"publish","type":"product","link":"https:\/\/www.fisan.com\/fr\/boutique\/gorge-de-bellota-iberica-sechee\/","title":{"rendered":"Gorge de Bellota 100 % Ib\u00e9rica s\u00e9ch\u00e9e"},"content":{"rendered":"<p>\u00c9labor\u00e9e \u00e0 base de gorge de porc Ib\u00e9rico de Bellota 100 %, avec une pointe de sel et affin\u00e9e de fa\u00e7on naturelle, dans les s\u00e9choirs et les caves \u00e0 proximit\u00e9 des jambons pour en recevoir tous les ar\u00f4mes. Ce processus d\u2019\u00e9laboration traditionnel lui conf\u00e8re un aspect tr\u00e8s juteux avec une touche parfaite d\u2019umami. Ainsi, en bouche, la gorge rappelle le meilleur jambon de Bellota.<\/p>\n<p>Vous pouvez la d\u00e9guster comme tout autre produit de charcuterie, coup\u00e9e en tranches fines, pr\u00e9sent\u00e9es sur une assiette. De plus, il s\u2019agit du compl\u00e9ment id\u00e9al pour d\u2019innombrables recettes, qui viendra intensifier toutes les saveurs. Un incontournable dans la haute cuisine !<\/p>\n","protected":false},"excerpt":{"rendered":"<p>\u00c9labor\u00e9e \u00e0 base de gorge de porc Ib\u00e9rico de Bellota 100 %, avec une pointe de sel et affin\u00e9e de fa\u00e7on naturelle, dans les s\u00e9choirs et les caves \u00e0 proximit\u00e9 des jambons pour en recevoir tous les ar\u00f4mes. Ce processus d\u2019\u00e9laboration traditionnel lui conf\u00e8re un aspect tr\u00e8s juteux avec une touche parfaite d\u2019umami. Ainsi, en &#8230; <a title=\"Gorge de Bellota 100 % Ib\u00e9rica s\u00e9ch\u00e9e\" class=\"read-more\" href=\"https:\/\/www.fisan.com\/fr\/boutique\/gorge-de-bellota-iberica-sechee\/\" aria-label=\"En savoir plus sur Gorge de Bellota 100 % Ib\u00e9rica s\u00e9ch\u00e9e\">Lire la suite<\/a><\/p>\n","protected":false},"featured_media":49189,"template":"","meta":{"_acf_changed":false,"_wp_rev_ctl_limit":""},"product_brand":[],"product_cat":[353],"product_tag":[297],"gama":[435],"calidad":[338],"class_list":{"0":"post-58962","1":"product","2":"type-product","3":"status-publish","4":"has-post-thumbnail","6":"product_cat-4-charcuterie","7":"product_tag-ag","8":"product_shipping_class-carnes-fr","9":"gama-alta-gastronomia-fr","10":"calidad-1-bellota-iberico","12":"first","13":"no_disponible_online","14":"taxable","15":"shipping-taxable","16":"product-type-simple"},"acf":[],"yoast_head":"<!-- This site is optimized with the Yoast SEO plugin v25.4 - https:\/\/yoast.com\/wordpress\/plugins\/seo\/ -->\n<title>Gorge de Bellota 100 % Ib\u00e9rica s\u00e9ch\u00e9e | FISAN<\/title>\n<meta name=\"description\" content=\"\u00c9labor\u00e9e \u00e0 base de gorge de porc de Bellota 100 % Ib\u00e9rico, avec une pointe de sel et affin\u00e9e de fa\u00e7on naturelle en cave. Profitez de toute la saveur FISAN.\" \/>\n<meta name=\"robots\" content=\"index, follow, max-snippet:-1, max-image-preview:large, max-video-preview:-1\" \/>\n<link rel=\"canonical\" href=\"https:\/\/www.fisan.com\/fr\/boutique\/gorge-de-bellota-iberica-sechee\/\" \/>\n<meta property=\"og:locale\" content=\"fr_FR\" \/>\n<meta property=\"og:type\" content=\"article\" \/>\n<meta property=\"og:title\" content=\"Gorge de Bellota 100 % Ib\u00e9rica s\u00e9ch\u00e9e | FISAN\" \/>\n<meta property=\"og:description\" content=\"\u00c9labor\u00e9e \u00e0 base de gorge de porc de Bellota 100 % Ib\u00e9rico, avec une pointe de sel et affin\u00e9e de fa\u00e7on naturelle en cave. Profitez de toute la saveur FISAN.\" \/>\n<meta property=\"og:url\" content=\"https:\/\/www.fisan.com\/fr\/boutique\/gorge-de-bellota-iberica-sechee\/\" \/>\n<meta property=\"og:site_name\" content=\"FISAN\" \/>\n<meta property=\"article:modified_time\" content=\"2025-11-24T14:58:47+00:00\" \/>\n<meta property=\"og:image\" content=\"https:\/\/www.fisan.com\/wp-content\/uploads\/2024\/05\/papada-curada-bellota-iberica-100-pe-00.jpg\" \/>\n\t<meta property=\"og:image:width\" content=\"1200\" \/>\n\t<meta property=\"og:image:height\" content=\"2400\" \/>\n\t<meta property=\"og:image:type\" content=\"image\/jpeg\" \/>\n<meta name=\"twitter:card\" content=\"summary_large_image\" \/>\n<meta name=\"twitter:label1\" content=\"Prix\" \/>\n\t<meta name=\"twitter:data1\" content=\"\" \/>\n\t<meta name=\"twitter:label2\" content=\"Disponibilit\u00e9\" \/>\n\t<meta name=\"twitter:data2\" content=\"En stock\" \/>\n<script type=\"application\/ld+json\" class=\"yoast-schema-graph\">{\n\t    \"@context\": \"https:\/\/schema.org\",\n\t    \"@graph\": [\n\t        {\n\t            \"@type\": \"WebPage\",\n\t            \"@id\": \"https:\/\/www.fisan.com\/fr\/boutique\/gorge-de-bellota-iberica-sechee\/\",\n\t            \"url\": \"https:\/\/www.fisan.com\/fr\/boutique\/gorge-de-bellota-iberica-sechee\/\",\n\t            \"name\": \"Gorge de Bellota 100 % Ib\u00e9rica s\u00e9ch\u00e9e | FISAN\",\n\t            \"isPartOf\": {\n\t                \"@id\": \"https:\/\/www.fisan.com\/fr\/#website\"\n\t            },\n\t            \"primaryImageOfPage\": {\n\t                \"@id\": \"https:\/\/www.fisan.com\/fr\/boutique\/gorge-de-bellota-iberica-sechee\/#primaryimage\"\n\t            },\n\t            \"image\": {\n\t                \"@id\": \"https:\/\/www.fisan.com\/fr\/boutique\/gorge-de-bellota-iberica-sechee\/#primaryimage\"\n\t            },\n\t            \"thumbnailUrl\": \"https:\/\/www.fisan.com\/wp-content\/uploads\/2024\/05\/papada-curada-bellota-iberica-100-pe-00.jpg\",\n\t            \"datePublished\": \"2024-05-20T12:37:20+00:00\",\n\t            \"dateModified\": \"2025-11-24T14:58:47+00:00\",\n\t            \"description\": \"\u00c9labor\u00e9e \u00e0 base de gorge de porc de Bellota 100 % Ib\u00e9rico, avec une pointe de sel et affin\u00e9e de fa\u00e7on naturelle en cave. Profitez de toute la saveur FISAN.\",\n\t            \"breadcrumb\": {\n\t                \"@id\": \"https:\/\/www.fisan.com\/fr\/boutique\/gorge-de-bellota-iberica-sechee\/#breadcrumb\"\n\t            },\n\t            \"inLanguage\": \"fr-FR\",\n\t            \"potentialAction\": [\n\t                {\n\t                    \"@type\": \"ReadAction\",\n\t                    \"target\": [\n\t                        \"https:\/\/www.fisan.com\/fr\/boutique\/gorge-de-bellota-iberica-sechee\/\"\n\t                    ]\n\t                }\n\t            ]\n\t        },\n\t        {\n\t            \"@type\": \"ImageObject\",\n\t            \"inLanguage\": \"fr-FR\",\n\t            \"@id\": \"https:\/\/www.fisan.com\/fr\/boutique\/gorge-de-bellota-iberica-sechee\/#primaryimage\",\n\t            \"url\": \"https:\/\/www.fisan.com\/wp-content\/uploads\/2024\/05\/papada-curada-bellota-iberica-100-pe-00.jpg\",\n\t            \"contentUrl\": \"https:\/\/www.fisan.com\/wp-content\/uploads\/2024\/05\/papada-curada-bellota-iberica-100-pe-00.jpg\",\n\t            \"width\": 1200,\n\t            \"height\": 2400,\n\t            \"caption\": \"PAPADA BELLOTA IBERICA CURADA\"\n\t        },\n\t        {\n\t            \"@type\": \"BreadcrumbList\",\n\t            \"@id\": \"https:\/\/www.fisan.com\/fr\/boutique\/gorge-de-bellota-iberica-sechee\/#breadcrumb\",\n\t            \"itemListElement\": [\n\t                {\n\t                    \"@type\": \"ListItem\",\n\t                    \"position\": 1,\n\t                    \"name\": \"FISAN\",\n\t                    \"item\": \"https:\/\/www.fisan.com\/fr\/\"\n\t                },\n\t                {\n\t                    \"@type\": \"ListItem\",\n\t                    \"position\": 2,\n\t                    \"name\": \"Produits\",\n\t                    \"item\": \"https:\/\/www.fisan.com\/fr\/produits\/\"\n\t                },\n\t                {\n\t                    \"@type\": \"ListItem\",\n\t                    \"position\": 3,\n\t                    \"name\": \"Gorge de Bellota 100 % Ib\u00e9rica s\u00e9ch\u00e9e\"\n\t                }\n\t            ]\n\t        },\n\t        {\n\t            \"@type\": \"WebSite\",\n\t            \"@id\": \"https:\/\/www.fisan.com\/fr\/#website\",\n\t            \"url\": \"https:\/\/www.fisan.com\/fr\/\",\n\t            \"name\": \"FISAN\",\n\t            \"description\": \"FISAN | Jamones de bellota ib\u00e9rico y embutidos ib\u00e9ricos desde 1920\",\n\t            \"potentialAction\": [\n\t                {\n\t                    \"@type\": \"SearchAction\",\n\t                    \"target\": {\n\t                        \"@type\": \"EntryPoint\",\n\t                        \"urlTemplate\": \"https:\/\/www.fisan.com\/fr\/?s={search_term_string}\"\n\t                    },\n\t                    \"query-input\": {\n\t                        \"@type\": \"PropertyValueSpecification\",\n\t                        \"valueRequired\": true,\n\t                        \"valueName\": \"search_term_string\"\n\t                    }\n\t                }\n\t            ],\n\t            \"inLanguage\": \"fr-FR\"\n\t        }\n\t    ]\n\t}<\/script>\n<meta property=\"product:price:currency\" content=\"EUR\" \/>\n<meta property=\"og:availability\" content=\"instock\" \/>\n<meta property=\"product:availability\" content=\"instock\" \/>\n<meta property=\"product:retailer_item_id\" content=\"ca-pabic\" \/>\n<meta property=\"product:condition\" content=\"new\" \/>\n<!-- \/ Yoast SEO plugin. -->","yoast_head_json":{"title":"Gorge de Bellota 100 % Ib\u00e9rica s\u00e9ch\u00e9e | FISAN","description":"\u00c9labor\u00e9e \u00e0 base de gorge de porc de Bellota 100 % Ib\u00e9rico, avec une pointe de sel et affin\u00e9e de fa\u00e7on naturelle en cave. Profitez de toute la saveur FISAN.","robots":{"index":"index","follow":"follow","max-snippet":"max-snippet:-1","max-image-preview":"max-image-preview:large","max-video-preview":"max-video-preview:-1"},"canonical":"https:\/\/www.fisan.com\/fr\/boutique\/gorge-de-bellota-iberica-sechee\/","og_locale":"fr_FR","og_type":"article","og_title":"Gorge de Bellota 100 % Ib\u00e9rica s\u00e9ch\u00e9e | FISAN","og_description":"\u00c9labor\u00e9e \u00e0 base de gorge de porc de Bellota 100 % Ib\u00e9rico, avec une pointe de sel et affin\u00e9e de fa\u00e7on naturelle en cave. Profitez de toute la saveur FISAN.","og_url":"https:\/\/www.fisan.com\/fr\/boutique\/gorge-de-bellota-iberica-sechee\/","og_site_name":"FISAN","article_modified_time":"2025-11-24T14:58:47+00:00","og_image":[{"width":1200,"height":2400,"url":"https:\/\/www.fisan.com\/wp-content\/uploads\/2024\/05\/papada-curada-bellota-iberica-100-pe-00.jpg","type":"image\/jpeg"}],"twitter_card":"summary_large_image","twitter_misc":{"Prix":"","Disponibilit\u00e9":"En stock"},"schema":{"@context":"https:\/\/schema.org","@graph":[{"@type":"WebPage","@id":"https:\/\/www.fisan.com\/fr\/boutique\/gorge-de-bellota-iberica-sechee\/","url":"https:\/\/www.fisan.com\/fr\/boutique\/gorge-de-bellota-iberica-sechee\/","name":"Gorge de Bellota 100 % Ib\u00e9rica s\u00e9ch\u00e9e | FISAN","isPartOf":{"@id":"https:\/\/www.fisan.com\/fr\/#website"},"primaryImageOfPage":{"@id":"https:\/\/www.fisan.com\/fr\/boutique\/gorge-de-bellota-iberica-sechee\/#primaryimage"},"image":{"@id":"https:\/\/www.fisan.com\/fr\/boutique\/gorge-de-bellota-iberica-sechee\/#primaryimage"},"thumbnailUrl":"https:\/\/www.fisan.com\/wp-content\/uploads\/2024\/05\/papada-curada-bellota-iberica-100-pe-00.jpg","datePublished":"2024-05-20T12:37:20+00:00","dateModified":"2025-11-24T14:58:47+00:00","description":"\u00c9labor\u00e9e \u00e0 base de gorge de porc de Bellota 100 % Ib\u00e9rico, avec une pointe de sel et affin\u00e9e de fa\u00e7on naturelle en cave. Profitez de toute la saveur FISAN.","breadcrumb":{"@id":"https:\/\/www.fisan.com\/fr\/boutique\/gorge-de-bellota-iberica-sechee\/#breadcrumb"},"inLanguage":"fr-FR","potentialAction":[{"@type":"ReadAction","target":["https:\/\/www.fisan.com\/fr\/boutique\/gorge-de-bellota-iberica-sechee\/"]}]},{"@type":"ImageObject","inLanguage":"fr-FR","@id":"https:\/\/www.fisan.com\/fr\/boutique\/gorge-de-bellota-iberica-sechee\/#primaryimage","url":"https:\/\/www.fisan.com\/wp-content\/uploads\/2024\/05\/papada-curada-bellota-iberica-100-pe-00.jpg","contentUrl":"https:\/\/www.fisan.com\/wp-content\/uploads\/2024\/05\/papada-curada-bellota-iberica-100-pe-00.jpg","width":1200,"height":2400,"caption":"PAPADA BELLOTA IBERICA CURADA"},{"@type":"BreadcrumbList","@id":"https:\/\/www.fisan.com\/fr\/boutique\/gorge-de-bellota-iberica-sechee\/#breadcrumb","itemListElement":[{"@type":"ListItem","position":1,"name":"FISAN","item":"https:\/\/www.fisan.com\/fr\/"},{"@type":"ListItem","position":2,"name":"Produits","item":"https:\/\/www.fisan.com\/fr\/produits\/"},{"@type":"ListItem","position":3,"name":"Gorge de Bellota 100 % Ib\u00e9rica s\u00e9ch\u00e9e"}]},{"@type":"WebSite","@id":"https:\/\/www.fisan.com\/fr\/#website","url":"https:\/\/www.fisan.com\/fr\/","name":"FISAN","description":"FISAN | Jamones de bellota ib\u00e9rico y embutidos ib\u00e9ricos desde 1920","potentialAction":[{"@type":"SearchAction","target":{"@type":"EntryPoint","urlTemplate":"https:\/\/www.fisan.com\/fr\/?s={search_term_string}"},"query-input":{"@type":"PropertyValueSpecification","valueRequired":true,"valueName":"search_term_string"}}],"inLanguage":"fr-FR"}]},"product_price_currency":"EUR","og_availability":"instock","product_availability":"instock","product_retailer_item_id":"ca-pabic","product_condition":"new"},"_links":{"self":[{"href":"https:\/\/www.fisan.com\/fr\/wp-json\/wp\/v2\/product\/58962","targetHints":{"allow":["GET"]}}],"collection":[{"href":"https:\/\/www.fisan.com\/fr\/wp-json\/wp\/v2\/product"}],"about":[{"href":"https:\/\/www.fisan.com\/fr\/wp-json\/wp\/v2\/types\/product"}],"version-history":[{"count":1,"href":"https:\/\/www.fisan.com\/fr\/wp-json\/wp\/v2\/product\/58962\/revisions"}],"predecessor-version":[{"id":58963,"href":"https:\/\/www.fisan.com\/fr\/wp-json\/wp\/v2\/product\/58962\/revisions\/58963"}],"wp:featuredmedia":[{"embeddable":true,"href":"https:\/\/www.fisan.com\/fr\/wp-json\/wp\/v2\/media\/49189"}],"wp:attachment":[{"href":"https:\/\/www.fisan.com\/fr\/wp-json\/wp\/v2\/media?parent=58962"}],"wp:term":[{"taxonomy":"product_brand","embeddable":true,"href":"https:\/\/www.fisan.com\/fr\/wp-json\/wp\/v2\/product_brand?post=58962"},{"taxonomy":"product_cat","embeddable":true,"href":"https:\/\/www.fisan.com\/fr\/wp-json\/wp\/v2\/product_cat?post=58962"},{"taxonomy":"product_tag","embeddable":true,"href":"https:\/\/www.fisan.com\/fr\/wp-json\/wp\/v2\/product_tag?post=58962"},{"taxonomy":"gama","embeddable":true,"href":"https:\/\/www.fisan.com\/fr\/wp-json\/wp\/v2\/gama?post=58962"},{"taxonomy":"calidad","embeddable":true,"href":"https:\/\/www.fisan.com\/fr\/wp-json\/wp\/v2\/calidad?post=58962"}],"curies":[{"name":"wp","href":"https:\/\/api.w.org\/{rel}","templated":true}]}}