{"id":60511,"date":"2026-01-22T08:27:17","date_gmt":"2026-01-22T07:27:17","guid":{"rendered":"https:\/\/www.fisan.com\/?post_type=product&#038;p=60511"},"modified":"2026-01-23T14:51:04","modified_gmt":"2026-01-23T13:51:04","slug":"fuet-de-bellota-iberico","status":"publish","type":"product","link":"https:\/\/www.fisan.com\/fr\/boutique\/fuet-de-bellota-iberico\/","title":{"rendered":"Fuet de Bellota Ib\u00e9rique Alta Gastronom\u00eda FISAN"},"content":{"rendered":"<p>Fuet de Bellota Ib\u00e9rique Alta Gastronom\u00eda FISAN Une pi\u00e8ce magistrale o\u00f9 la Haute Gastronomie se m\u00eale \u00e0 la tradition.<\/p>\n<p>Ce fuet de bellota se distingue par son hachage unique, caract\u00e9ristique de notre gamme Haute Gastronomie.<\/p>\n<p>Son go\u00fbt profond de gland s&rsquo;harmonise avec la douceur classique de FISAN, pour aboutir \u00e0 un \u00e9quilibre de sel parfait. Un joyau artisanal con\u00e7u pour les palais les plus exigeants.<\/p>\n","protected":false},"excerpt":{"rendered":"<p>Fuet de Bellota Ib\u00e9rique Alta Gastronom\u00eda FISAN Une pi\u00e8ce magistrale o\u00f9 la Haute Gastronomie se m\u00eale \u00e0 la tradition. Ce fuet de bellota se distingue par son hachage unique, caract\u00e9ristique de notre gamme Haute Gastronomie. Son go\u00fbt profond de gland s&rsquo;harmonise avec la douceur classique de FISAN, pour aboutir \u00e0 un \u00e9quilibre de sel parfait. &#8230; <a title=\"Fuet de Bellota Ib\u00e9rique Alta Gastronom\u00eda FISAN\" class=\"read-more\" href=\"https:\/\/www.fisan.com\/fr\/boutique\/fuet-de-bellota-iberico\/\" aria-label=\"En savoir plus sur Fuet de Bellota Ib\u00e9rique Alta Gastronom\u00eda FISAN\">Lire la suite<\/a><\/p>\n","protected":false},"featured_media":60534,"template":"","meta":{"_acf_changed":false,"_wp_rev_ctl_limit":""},"product_brand":[],"product_cat":[353],"product_tag":[297],"gama":[435],"calidad":[338],"class_list":{"0":"post-60511","1":"product","2":"type-product","3":"status-publish","4":"has-post-thumbnail","6":"product_cat-4-charcuterie","7":"product_tag-ag","8":"gama-alta-gastronomia-fr","9":"calidad-1-bellota-iberico","11":"first","12":"instock","13":"taxable","14":"shipping-taxable","15":"purchasable","16":"product-type-variable","17":"has-default-attributes"},"acf":[],"yoast_head":"<!-- This site is optimized with the Yoast SEO plugin v25.4 - https:\/\/yoast.com\/wordpress\/plugins\/seo\/ -->\n<title>Fuet de bellota ib\u00e9rica 100% Natural | FISAN<\/title>\n<meta name=\"description\" content=\"Visita la tienda de FISAN y disfruta al m\u00e1ximo de el Fuet de bellota ib\u00e9rico 100%. Elige este jugoso producto elaborado las mejores carnes de bellota.\" \/>\n<meta name=\"robots\" content=\"index, follow, max-snippet:-1, max-image-preview:large, max-video-preview:-1\" \/>\n<link rel=\"canonical\" href=\"https:\/\/www.fisan.com\/fr\/boutique\/fuet-de-bellota-iberico\/\" \/>\n<meta property=\"og:locale\" content=\"fr_FR\" \/>\n<meta property=\"og:type\" content=\"article\" \/>\n<meta property=\"og:title\" content=\"Fuet de bellota ib\u00e9rica 100% Natural | FISAN\" \/>\n<meta property=\"og:description\" content=\"Visita la tienda de FISAN y disfruta al m\u00e1ximo de el Fuet de bellota ib\u00e9rico 100%. Elige este jugoso producto elaborado las mejores carnes de bellota.\" \/>\n<meta property=\"og:url\" content=\"https:\/\/www.fisan.com\/fr\/boutique\/fuet-de-bellota-iberico\/\" \/>\n<meta property=\"og:site_name\" content=\"FISAN\" \/>\n<meta property=\"article:modified_time\" content=\"2026-01-23T13:51:04+00:00\" \/>\n<meta property=\"og:image\" content=\"https:\/\/www.fisan.com\/wp-content\/uploads\/2026\/01\/fuet-bellota-iberico-100-natural-ag-pe-00.jpg\" \/>\n\t<meta property=\"og:image:width\" content=\"1200\" \/>\n\t<meta property=\"og:image:height\" content=\"2400\" \/>\n\t<meta property=\"og:image:type\" content=\"image\/jpeg\" \/>\n<meta name=\"twitter:card\" content=\"summary_large_image\" \/>\n<meta name=\"twitter:label1\" content=\"Disponibilit\u00e9\" \/>\n\t<meta name=\"twitter:data1\" content=\"En stock\" \/>\n<script type=\"application\/ld+json\" class=\"yoast-schema-graph\">{\n\t    \"@context\": \"https:\/\/schema.org\",\n\t    \"@graph\": [\n\t        {\n\t            \"@type\": \"WebPage\",\n\t            \"@id\": \"https:\/\/www.fisan.com\/fr\/boutique\/fuet-de-bellota-iberico\/\",\n\t            \"url\": \"https:\/\/www.fisan.com\/fr\/boutique\/fuet-de-bellota-iberico\/\",\n\t            \"name\": \"Fuet de bellota ib\u00e9rica 100% Natural | FISAN\",\n\t            \"isPartOf\": {\n\t                \"@id\": \"https:\/\/www.fisan.com\/fr\/#website\"\n\t            },\n\t            \"primaryImageOfPage\": {\n\t                \"@id\": \"https:\/\/www.fisan.com\/fr\/boutique\/fuet-de-bellota-iberico\/#primaryimage\"\n\t            },\n\t            \"image\": {\n\t                \"@id\": \"https:\/\/www.fisan.com\/fr\/boutique\/fuet-de-bellota-iberico\/#primaryimage\"\n\t            },\n\t            \"thumbnailUrl\": \"https:\/\/www.fisan.com\/wp-content\/uploads\/2026\/01\/fuet-bellota-iberico-100-natural-ag-pe-00.jpg\",\n\t            \"datePublished\": \"2026-01-22T07:27:17+00:00\",\n\t            \"dateModified\": \"2026-01-23T13:51:04+00:00\",\n\t            \"description\": \"Visita la tienda de FISAN y disfruta al m\u00e1ximo de el Fuet de bellota ib\u00e9rico 100%. Elige este jugoso producto elaborado las mejores carnes de bellota.\",\n\t            \"breadcrumb\": {\n\t                \"@id\": \"https:\/\/www.fisan.com\/fr\/boutique\/fuet-de-bellota-iberico\/#breadcrumb\"\n\t            },\n\t            \"inLanguage\": \"fr-FR\",\n\t            \"potentialAction\": [\n\t                {\n\t                    \"@type\": \"ReadAction\",\n\t                    \"target\": [\n\t                        \"https:\/\/www.fisan.com\/fr\/boutique\/fuet-de-bellota-iberico\/\"\n\t                    ]\n\t                }\n\t            ]\n\t        },\n\t        {\n\t            \"@type\": \"ImageObject\",\n\t            \"inLanguage\": \"fr-FR\",\n\t            \"@id\": \"https:\/\/www.fisan.com\/fr\/boutique\/fuet-de-bellota-iberico\/#primaryimage\",\n\t            \"url\": \"https:\/\/www.fisan.com\/wp-content\/uploads\/2026\/01\/fuet-bellota-iberico-100-natural-ag-pe-00.jpg\",\n\t            \"contentUrl\": \"https:\/\/www.fisan.com\/wp-content\/uploads\/2026\/01\/fuet-bellota-iberico-100-natural-ag-pe-00.jpg\",\n\t            \"width\": 1200,\n\t            \"height\": 2400,\n\t            \"caption\": \"fuet bellota ib\u00e9rico 100% natural ag\"\n\t        },\n\t        {\n\t            \"@type\": \"BreadcrumbList\",\n\t            \"@id\": \"https:\/\/www.fisan.com\/fr\/boutique\/fuet-de-bellota-iberico\/#breadcrumb\",\n\t            \"itemListElement\": [\n\t                {\n\t                    \"@type\": \"ListItem\",\n\t                    \"position\": 1,\n\t                    \"name\": \"FISAN\",\n\t                    \"item\": \"https:\/\/www.fisan.com\/fr\/\"\n\t                },\n\t                {\n\t                    \"@type\": \"ListItem\",\n\t                    \"position\": 2,\n\t                    \"name\": \"Produits\",\n\t                    \"item\": \"https:\/\/www.fisan.com\/fr\/produits\/\"\n\t                },\n\t                {\n\t                    \"@type\": \"ListItem\",\n\t                    \"position\": 3,\n\t                    \"name\": \"Fuet de Bellota Ib\u00e9rique Alta Gastronom\u00eda FISAN\"\n\t                }\n\t            ]\n\t        },\n\t        {\n\t            \"@type\": \"WebSite\",\n\t            \"@id\": \"https:\/\/www.fisan.com\/fr\/#website\",\n\t            \"url\": \"https:\/\/www.fisan.com\/fr\/\",\n\t            \"name\": \"FISAN\",\n\t            \"description\": \"FISAN | Jamones de bellota ib\u00e9rico y embutidos ib\u00e9ricos desde 1920\",\n\t            \"potentialAction\": [\n\t                {\n\t                    \"@type\": \"SearchAction\",\n\t                    \"target\": {\n\t                        \"@type\": \"EntryPoint\",\n\t                        \"urlTemplate\": \"https:\/\/www.fisan.com\/fr\/?s={search_term_string}\"\n\t                    },\n\t                    \"query-input\": {\n\t                        \"@type\": \"PropertyValueSpecification\",\n\t                        \"valueRequired\": true,\n\t                        \"valueName\": \"search_term_string\"\n\t                    }\n\t                }\n\t            ],\n\t            \"inLanguage\": \"fr-FR\"\n\t        }\n\t    ]\n\t}<\/script>\n<meta property=\"og:availability\" content=\"instock\" \/>\n<meta property=\"product:availability\" content=\"instock\" \/>\n<meta property=\"product:retailer_item_id\" content=\"fu-bi100\" \/>\n<meta property=\"product:condition\" content=\"new\" \/>\n<!-- \/ Yoast SEO plugin. -->","yoast_head_json":{"title":"Fuet de bellota ib\u00e9rica 100% Natural | FISAN","description":"Visita la tienda de FISAN y disfruta al m\u00e1ximo de el Fuet de bellota ib\u00e9rico 100%. Elige este jugoso producto elaborado las mejores carnes de bellota.","robots":{"index":"index","follow":"follow","max-snippet":"max-snippet:-1","max-image-preview":"max-image-preview:large","max-video-preview":"max-video-preview:-1"},"canonical":"https:\/\/www.fisan.com\/fr\/boutique\/fuet-de-bellota-iberico\/","og_locale":"fr_FR","og_type":"article","og_title":"Fuet de bellota ib\u00e9rica 100% Natural | FISAN","og_description":"Visita la tienda de FISAN y disfruta al m\u00e1ximo de el Fuet de bellota ib\u00e9rico 100%. Elige este jugoso producto elaborado las mejores carnes de bellota.","og_url":"https:\/\/www.fisan.com\/fr\/boutique\/fuet-de-bellota-iberico\/","og_site_name":"FISAN","article_modified_time":"2026-01-23T13:51:04+00:00","og_image":[{"width":1200,"height":2400,"url":"https:\/\/www.fisan.com\/wp-content\/uploads\/2026\/01\/fuet-bellota-iberico-100-natural-ag-pe-00.jpg","type":"image\/jpeg"}],"twitter_card":"summary_large_image","twitter_misc":{"Disponibilit\u00e9":"En stock"},"schema":{"@context":"https:\/\/schema.org","@graph":[{"@type":"WebPage","@id":"https:\/\/www.fisan.com\/fr\/boutique\/fuet-de-bellota-iberico\/","url":"https:\/\/www.fisan.com\/fr\/boutique\/fuet-de-bellota-iberico\/","name":"Fuet de bellota ib\u00e9rica 100% Natural | FISAN","isPartOf":{"@id":"https:\/\/www.fisan.com\/fr\/#website"},"primaryImageOfPage":{"@id":"https:\/\/www.fisan.com\/fr\/boutique\/fuet-de-bellota-iberico\/#primaryimage"},"image":{"@id":"https:\/\/www.fisan.com\/fr\/boutique\/fuet-de-bellota-iberico\/#primaryimage"},"thumbnailUrl":"https:\/\/www.fisan.com\/wp-content\/uploads\/2026\/01\/fuet-bellota-iberico-100-natural-ag-pe-00.jpg","datePublished":"2026-01-22T07:27:17+00:00","dateModified":"2026-01-23T13:51:04+00:00","description":"Visita la tienda de FISAN y disfruta al m\u00e1ximo de el Fuet de bellota ib\u00e9rico 100%. Elige este jugoso producto elaborado las mejores carnes de bellota.","breadcrumb":{"@id":"https:\/\/www.fisan.com\/fr\/boutique\/fuet-de-bellota-iberico\/#breadcrumb"},"inLanguage":"fr-FR","potentialAction":[{"@type":"ReadAction","target":["https:\/\/www.fisan.com\/fr\/boutique\/fuet-de-bellota-iberico\/"]}]},{"@type":"ImageObject","inLanguage":"fr-FR","@id":"https:\/\/www.fisan.com\/fr\/boutique\/fuet-de-bellota-iberico\/#primaryimage","url":"https:\/\/www.fisan.com\/wp-content\/uploads\/2026\/01\/fuet-bellota-iberico-100-natural-ag-pe-00.jpg","contentUrl":"https:\/\/www.fisan.com\/wp-content\/uploads\/2026\/01\/fuet-bellota-iberico-100-natural-ag-pe-00.jpg","width":1200,"height":2400,"caption":"fuet bellota ib\u00e9rico 100% natural ag"},{"@type":"BreadcrumbList","@id":"https:\/\/www.fisan.com\/fr\/boutique\/fuet-de-bellota-iberico\/#breadcrumb","itemListElement":[{"@type":"ListItem","position":1,"name":"FISAN","item":"https:\/\/www.fisan.com\/fr\/"},{"@type":"ListItem","position":2,"name":"Produits","item":"https:\/\/www.fisan.com\/fr\/produits\/"},{"@type":"ListItem","position":3,"name":"Fuet de Bellota Ib\u00e9rique Alta Gastronom\u00eda FISAN"}]},{"@type":"WebSite","@id":"https:\/\/www.fisan.com\/fr\/#website","url":"https:\/\/www.fisan.com\/fr\/","name":"FISAN","description":"FISAN | Jamones de bellota ib\u00e9rico y embutidos ib\u00e9ricos desde 1920","potentialAction":[{"@type":"SearchAction","target":{"@type":"EntryPoint","urlTemplate":"https:\/\/www.fisan.com\/fr\/?s={search_term_string}"},"query-input":{"@type":"PropertyValueSpecification","valueRequired":true,"valueName":"search_term_string"}}],"inLanguage":"fr-FR"}]},"og_availability":"instock","product_availability":"instock","product_retailer_item_id":"fu-bi100","product_condition":"new"},"_links":{"self":[{"href":"https:\/\/www.fisan.com\/fr\/wp-json\/wp\/v2\/product\/60511","targetHints":{"allow":["GET"]}}],"collection":[{"href":"https:\/\/www.fisan.com\/fr\/wp-json\/wp\/v2\/product"}],"about":[{"href":"https:\/\/www.fisan.com\/fr\/wp-json\/wp\/v2\/types\/product"}],"version-history":[{"count":2,"href":"https:\/\/www.fisan.com\/fr\/wp-json\/wp\/v2\/product\/60511\/revisions"}],"predecessor-version":[{"id":60732,"href":"https:\/\/www.fisan.com\/fr\/wp-json\/wp\/v2\/product\/60511\/revisions\/60732"}],"wp:featuredmedia":[{"embeddable":true,"href":"https:\/\/www.fisan.com\/fr\/wp-json\/wp\/v2\/media\/60534"}],"wp:attachment":[{"href":"https:\/\/www.fisan.com\/fr\/wp-json\/wp\/v2\/media?parent=60511"}],"wp:term":[{"taxonomy":"product_brand","embeddable":true,"href":"https:\/\/www.fisan.com\/fr\/wp-json\/wp\/v2\/product_brand?post=60511"},{"taxonomy":"product_cat","embeddable":true,"href":"https:\/\/www.fisan.com\/fr\/wp-json\/wp\/v2\/product_cat?post=60511"},{"taxonomy":"product_tag","embeddable":true,"href":"https:\/\/www.fisan.com\/fr\/wp-json\/wp\/v2\/product_tag?post=60511"},{"taxonomy":"gama","embeddable":true,"href":"https:\/\/www.fisan.com\/fr\/wp-json\/wp\/v2\/gama?post=60511"},{"taxonomy":"calidad","embeddable":true,"href":"https:\/\/www.fisan.com\/fr\/wp-json\/wp\/v2\/calidad?post=60511"}],"curies":[{"name":"wp","href":"https:\/\/api.w.org\/{rel}","templated":true}]}}