{"id":61134,"date":"2026-03-03T09:21:38","date_gmt":"2026-03-03T08:21:38","guid":{"rendered":"https:\/\/www.fisan.com\/producto\/pack-seleccion-montanera\/"},"modified":"2026-03-04T10:56:50","modified_gmt":"2026-03-04T09:56:50","slug":"pack-selection-montanera","status":"publish","type":"product","link":"https:\/\/www.fisan.com\/fr\/boutique\/pack-seleccion-montanera\/","title":{"rendered":"Pack S\u00e9lection Montanera : filet mignon, presa, pluma et joue de porc de Bellota"},"content":{"rendered":"<p>Le <strong>Pack S\u00e9lection Montanera de FISAN<\/strong> est un hommage \u00e0 ce bref instant de l\u2019ann\u00e9e o\u00f9 le p\u00e2turage atteint toute sa splendeur. Tout un d\u00e9ploiement de textures et nuances ol\u00e9iques que seuls les morceaux frais de Bellota peuvent offrir.<\/p>\n<p>&nbsp;<\/p>\n<p>FISAN pr\u00e9sente une s\u00e9lection exclusive con\u00e7ue sp\u00e9cialement pour les fins gourmets et les foodies qui cherchent \u00e0 retrouver l\u2019essence pure du p\u00e2turage dans leur cuisine. Ce lot r\u00e9unit les morceaux les plus nobles et appr\u00e9ci\u00e9s du porc Ib\u00e9rico de Bellota de la pr\u00e9sente campagne de gland\u00e9e pour garantir une fra\u00eecheur et une qualit\u00e9 exceptionnelles.<\/p>\n<p>&nbsp;<\/p>\n<p>Cette s\u00e9lection exclusive se compose de quatre des morceaux les plus nobles du porc Ib\u00e9rico de Bellota:<\/p>\n<p>&nbsp;<\/p>\n<ul>\n<li><strong>Filet mignon de Bellota Ibe\u0301rico:<\/strong> un morceau d\u2019une finesse extr\u00eame et \u00e0 la texture d\u00e9licate, particuli\u00e8rement recommand\u00e9 pour les fins gourmets \u00e0 la recherche de la saveur pure du gland sur le palais.<\/li>\n<li><strong>Presa de Bellota Ib\u00e9rica:<\/strong> caract\u00e9ris\u00e9e par son aspect juteux, gr\u00e2ce \u00e0 son marbrage intramusculaire all\u00e9chant. La presa d\u00e9clenche un v\u00e9ritable feu d\u2019artifice d\u2019ar\u00f4mes de fruits \u00e0 coque et de campagne, ce qui en fait un morceau des plus pris\u00e9s de la gland\u00e9e.<\/li>\n<li><strong>Pluma de Bellota Ib\u00e9rica:<\/strong> le parfait \u00e9quilibre : un morceau iconique qui se caract\u00e9rise par sa forme stylis\u00e9e et une infiltration de graisse qui, au contact du feu, renforce son caract\u00e8re fondant et son parfum unique.<\/li>\n<li><strong>Joue de porc de Bellota Ib\u00e9rica:<\/strong> un morceau indispensable dans la cuisine espagnole. Le fondant \u00e0 l\u2019\u00e9tat pur : un morceau qui, apr\u00e8s une cuisson lente, d\u00e9voile une onctuosit\u00e9 unique, impr\u00e9gn\u00e9e des nuances de l\u2019alimentation naturelle du porc Ib\u00e9rico en libert\u00e9.<\/li>\n<\/ul>\n<p><strong>Format d\u2019envoi:<\/strong><\/p>\n<ul>\n<li><strong>Presa de Bellota Ib\u00e9rica:<\/strong> 1 morceau par sachet, 0,6 kg-0,8 kg\/sachet<\/li>\n<li><strong>Filet mignon de Bellota Ib\u00e9rico:<\/strong> 3 morceaux par sachet, 0,8 kg-1,2 kg\/sachet<\/li>\n<li><strong>Pluma de Bellota Ib\u00e9rica:<\/strong> 4 morceaux par sachet, 0,6 kg-0,8 kg\/sachet<\/li>\n<li><strong>Joue de porc de Bellota Ib\u00e9rica:<\/strong> 4 morceaux par sachet, 0,6 kg-0,8 kg\/sachet<\/li>\n<\/ul>\n","protected":false},"excerpt":{"rendered":"<p>Le Pack S\u00e9lection Montanera de FISAN est un hommage \u00e0 ce bref instant de l\u2019ann\u00e9e o\u00f9 le p\u00e2turage atteint toute sa splendeur. Tout un d\u00e9ploiement de textures et nuances ol\u00e9iques que seuls les morceaux frais de Bellota peuvent offrir. &nbsp; FISAN pr\u00e9sente une s\u00e9lection exclusive con\u00e7ue sp\u00e9cialement pour les fins gourmets et les foodies qui &#8230; <a title=\"Pack S\u00e9lection Montanera : filet mignon, presa, pluma et joue de porc de Bellota\" class=\"read-more\" href=\"https:\/\/www.fisan.com\/fr\/boutique\/pack-seleccion-montanera\/\" aria-label=\"En savoir plus sur Pack S\u00e9lection Montanera : filet mignon, presa, pluma et joue de porc de Bellota\">Lire la suite<\/a><\/p>\n","protected":false},"featured_media":61078,"template":"","meta":{"_acf_changed":false,"_wp_rev_ctl_limit":""},"product_brand":[],"product_cat":[360,373],"product_tag":[],"gama":[435],"calidad":[],"class_list":{"0":"post-61134","1":"product","2":"type-product","3":"status-publish","4":"has-post-thumbnail","6":"product_cat-6-lots","7":"product_cat-5-viande","8":"gama-alta-gastronomia-fr","10":"first","11":"instock","12":"taxable","13":"shipping-taxable","14":"purchasable","15":"product-type-simple"},"acf":[],"yoast_head":"<!-- This site is optimized with the Yoast SEO plugin v25.4 - https:\/\/yoast.com\/wordpress\/plugins\/seo\/ -->\n<title>Pack de viande de Bellota Ib\u00e9rica S\u00e9lection Montanera | FISAN<\/title>\n<meta name=\"description\" content=\"D\u00e9gustez les morceaux les plus nobles du porc Ib\u00e9rico avec le Pack S\u00e9lection Montanera de FISAN : presa, pluma, joue de porc et filet mignon de Bellota.\" \/>\n<meta name=\"robots\" content=\"index, follow, max-snippet:-1, max-image-preview:large, max-video-preview:-1\" \/>\n<link rel=\"canonical\" href=\"https:\/\/www.fisan.com\/fr\/boutique\/pack-seleccion-montanera\/\" \/>\n<meta property=\"og:locale\" content=\"fr_FR\" \/>\n<meta property=\"og:type\" content=\"article\" \/>\n<meta property=\"og:title\" content=\"Pack de viande de Bellota Ib\u00e9rica S\u00e9lection Montanera | FISAN\" \/>\n<meta property=\"og:description\" content=\"D\u00e9gustez les morceaux les plus nobles du porc Ib\u00e9rico avec le Pack S\u00e9lection Montanera de FISAN : presa, pluma, joue de porc et filet mignon de Bellota.\" \/>\n<meta property=\"og:url\" content=\"https:\/\/www.fisan.com\/fr\/boutique\/pack-seleccion-montanera\/\" \/>\n<meta property=\"og:site_name\" content=\"FISAN\" \/>\n<meta property=\"article:modified_time\" content=\"2026-03-04T09:56:50+00:00\" \/>\n<meta property=\"og:image\" content=\"https:\/\/www.fisan.com\/wp-content\/uploads\/2026\/03\/pack-montanera-gourmet-pe-00.jpg\" \/>\n\t<meta property=\"og:image:width\" content=\"1200\" \/>\n\t<meta property=\"og:image:height\" content=\"2400\" \/>\n\t<meta property=\"og:image:type\" content=\"image\/jpeg\" \/>\n<meta name=\"twitter:card\" content=\"summary_large_image\" \/>\n<meta name=\"twitter:label1\" content=\"Prix\" \/>\n\t<meta name=\"twitter:data1\" content=\"108,00&euro;\" \/>\n\t<meta name=\"twitter:label2\" content=\"Disponibilit\u00e9\" \/>\n\t<meta name=\"twitter:data2\" content=\"En stock\" \/>\n<script type=\"application\/ld+json\" class=\"yoast-schema-graph\">{\n\t    \"@context\": \"https:\/\/schema.org\",\n\t    \"@graph\": [\n\t        {\n\t            \"@type\": \"WebPage\",\n\t            \"@id\": \"https:\/\/www.fisan.com\/fr\/boutique\/pack-seleccion-montanera\/\",\n\t            \"url\": \"https:\/\/www.fisan.com\/fr\/boutique\/pack-seleccion-montanera\/\",\n\t            \"name\": \"Pack de viande de Bellota Ib\u00e9rica S\u00e9lection Montanera | FISAN\",\n\t            \"isPartOf\": {\n\t                \"@id\": \"https:\/\/www.fisan.com\/fr\/#website\"\n\t            },\n\t            \"primaryImageOfPage\": {\n\t                \"@id\": \"https:\/\/www.fisan.com\/fr\/boutique\/pack-seleccion-montanera\/#primaryimage\"\n\t            },\n\t            \"image\": {\n\t                \"@id\": \"https:\/\/www.fisan.com\/fr\/boutique\/pack-seleccion-montanera\/#primaryimage\"\n\t            },\n\t            \"thumbnailUrl\": \"https:\/\/www.fisan.com\/wp-content\/uploads\/2026\/03\/pack-montanera-gourmet-pe-00.jpg\",\n\t            \"datePublished\": \"2026-03-03T08:21:38+00:00\",\n\t            \"dateModified\": \"2026-03-04T09:56:50+00:00\",\n\t            \"description\": \"D\u00e9gustez les morceaux les plus nobles du porc Ib\u00e9rico avec le Pack S\u00e9lection Montanera de FISAN : presa, pluma, joue de porc et filet mignon de Bellota.\",\n\t            \"breadcrumb\": {\n\t                \"@id\": \"https:\/\/www.fisan.com\/fr\/boutique\/pack-seleccion-montanera\/#breadcrumb\"\n\t            },\n\t            \"inLanguage\": \"fr-FR\",\n\t            \"potentialAction\": [\n\t                {\n\t                    \"@type\": \"ReadAction\",\n\t                    \"target\": [\n\t                        \"https:\/\/www.fisan.com\/fr\/boutique\/pack-seleccion-montanera\/\"\n\t                    ]\n\t                }\n\t            ]\n\t        },\n\t        {\n\t            \"@type\": \"ImageObject\",\n\t            \"inLanguage\": \"fr-FR\",\n\t            \"@id\": \"https:\/\/www.fisan.com\/fr\/boutique\/pack-seleccion-montanera\/#primaryimage\",\n\t            \"url\": \"https:\/\/www.fisan.com\/wp-content\/uploads\/2026\/03\/pack-montanera-gourmet-pe-00.jpg\",\n\t            \"contentUrl\": \"https:\/\/www.fisan.com\/wp-content\/uploads\/2026\/03\/pack-montanera-gourmet-pe-00.jpg\",\n\t            \"width\": 1200,\n\t            \"height\": 2400,\n\t            \"caption\": \"S\u00e9lection Montanera FISAN comprenant 4 morceaux de viande fra\u00eeche de Bellota : filet mignon, presa, pluma et joue de porc\"\n\t        },\n\t        {\n\t            \"@type\": \"BreadcrumbList\",\n\t            \"@id\": \"https:\/\/www.fisan.com\/fr\/boutique\/pack-seleccion-montanera\/#breadcrumb\",\n\t            \"itemListElement\": [\n\t                {\n\t                    \"@type\": \"ListItem\",\n\t                    \"position\": 1,\n\t                    \"name\": \"FISAN\",\n\t                    \"item\": \"https:\/\/www.fisan.com\/fr\/\"\n\t                },\n\t                {\n\t                    \"@type\": \"ListItem\",\n\t                    \"position\": 2,\n\t                    \"name\": \"Produits\",\n\t                    \"item\": \"https:\/\/www.fisan.com\/fr\/produits\/\"\n\t                },\n\t                {\n\t                    \"@type\": \"ListItem\",\n\t                    \"position\": 3,\n\t                    \"name\": \"Pack S\u00e9lection Montanera : filet mignon, presa, pluma et joue de porc de Bellota\"\n\t                }\n\t            ]\n\t        },\n\t        {\n\t            \"@type\": \"WebSite\",\n\t            \"@id\": \"https:\/\/www.fisan.com\/fr\/#website\",\n\t            \"url\": \"https:\/\/www.fisan.com\/fr\/\",\n\t            \"name\": \"FISAN\",\n\t            \"description\": \"FISAN | Jamones de bellota ib\u00e9rico y embutidos ib\u00e9ricos desde 1920\",\n\t            \"potentialAction\": [\n\t                {\n\t                    \"@type\": \"SearchAction\",\n\t                    \"target\": {\n\t                        \"@type\": \"EntryPoint\",\n\t                        \"urlTemplate\": \"https:\/\/www.fisan.com\/fr\/?s={search_term_string}\"\n\t                    },\n\t                    \"query-input\": {\n\t                        \"@type\": \"PropertyValueSpecification\",\n\t                        \"valueRequired\": true,\n\t                        \"valueName\": \"search_term_string\"\n\t                    }\n\t                }\n\t            ],\n\t            \"inLanguage\": \"fr-FR\"\n\t        }\n\t    ]\n\t}<\/script>\n<meta property=\"product:price:amount\" content=\"108.00\" \/>\n<meta property=\"product:price:currency\" content=\"EUR\" \/>\n<meta property=\"og:availability\" content=\"instock\" \/>\n<meta property=\"product:availability\" content=\"instock\" \/>\n<meta property=\"product:retailer_item_id\" content=\"pa-sppc\" \/>\n<meta property=\"product:condition\" content=\"new\" \/>\n<!-- \/ Yoast SEO plugin. -->","yoast_head_json":{"title":"Pack de viande de Bellota Ib\u00e9rica S\u00e9lection Montanera | FISAN","description":"D\u00e9gustez les morceaux les plus nobles du porc Ib\u00e9rico avec le Pack S\u00e9lection Montanera de FISAN : presa, pluma, joue de porc et filet mignon de Bellota.","robots":{"index":"index","follow":"follow","max-snippet":"max-snippet:-1","max-image-preview":"max-image-preview:large","max-video-preview":"max-video-preview:-1"},"canonical":"https:\/\/www.fisan.com\/fr\/boutique\/pack-seleccion-montanera\/","og_locale":"fr_FR","og_type":"article","og_title":"Pack de viande de Bellota Ib\u00e9rica S\u00e9lection Montanera | FISAN","og_description":"D\u00e9gustez les morceaux les plus nobles du porc Ib\u00e9rico avec le Pack S\u00e9lection Montanera de FISAN : presa, pluma, joue de porc et filet mignon de Bellota.","og_url":"https:\/\/www.fisan.com\/fr\/boutique\/pack-seleccion-montanera\/","og_site_name":"FISAN","article_modified_time":"2026-03-04T09:56:50+00:00","og_image":[{"width":1200,"height":2400,"url":"https:\/\/www.fisan.com\/wp-content\/uploads\/2026\/03\/pack-montanera-gourmet-pe-00.jpg","type":"image\/jpeg"}],"twitter_card":"summary_large_image","twitter_misc":{"Prix":"108,00&euro;","Disponibilit\u00e9":"En stock"},"schema":{"@context":"https:\/\/schema.org","@graph":[{"@type":"WebPage","@id":"https:\/\/www.fisan.com\/fr\/boutique\/pack-seleccion-montanera\/","url":"https:\/\/www.fisan.com\/fr\/boutique\/pack-seleccion-montanera\/","name":"Pack de viande de Bellota Ib\u00e9rica S\u00e9lection Montanera | FISAN","isPartOf":{"@id":"https:\/\/www.fisan.com\/fr\/#website"},"primaryImageOfPage":{"@id":"https:\/\/www.fisan.com\/fr\/boutique\/pack-seleccion-montanera\/#primaryimage"},"image":{"@id":"https:\/\/www.fisan.com\/fr\/boutique\/pack-seleccion-montanera\/#primaryimage"},"thumbnailUrl":"https:\/\/www.fisan.com\/wp-content\/uploads\/2026\/03\/pack-montanera-gourmet-pe-00.jpg","datePublished":"2026-03-03T08:21:38+00:00","dateModified":"2026-03-04T09:56:50+00:00","description":"D\u00e9gustez les morceaux les plus nobles du porc Ib\u00e9rico avec le Pack S\u00e9lection Montanera de FISAN : presa, pluma, joue de porc et filet mignon de Bellota.","breadcrumb":{"@id":"https:\/\/www.fisan.com\/fr\/boutique\/pack-seleccion-montanera\/#breadcrumb"},"inLanguage":"fr-FR","potentialAction":[{"@type":"ReadAction","target":["https:\/\/www.fisan.com\/fr\/boutique\/pack-seleccion-montanera\/"]}]},{"@type":"ImageObject","inLanguage":"fr-FR","@id":"https:\/\/www.fisan.com\/fr\/boutique\/pack-seleccion-montanera\/#primaryimage","url":"https:\/\/www.fisan.com\/wp-content\/uploads\/2026\/03\/pack-montanera-gourmet-pe-00.jpg","contentUrl":"https:\/\/www.fisan.com\/wp-content\/uploads\/2026\/03\/pack-montanera-gourmet-pe-00.jpg","width":1200,"height":2400,"caption":"S\u00e9lection Montanera FISAN comprenant 4 morceaux de viande fra\u00eeche de Bellota : filet mignon, presa, pluma et joue de porc"},{"@type":"BreadcrumbList","@id":"https:\/\/www.fisan.com\/fr\/boutique\/pack-seleccion-montanera\/#breadcrumb","itemListElement":[{"@type":"ListItem","position":1,"name":"FISAN","item":"https:\/\/www.fisan.com\/fr\/"},{"@type":"ListItem","position":2,"name":"Produits","item":"https:\/\/www.fisan.com\/fr\/produits\/"},{"@type":"ListItem","position":3,"name":"Pack S\u00e9lection Montanera : filet mignon, presa, pluma et joue de porc de Bellota"}]},{"@type":"WebSite","@id":"https:\/\/www.fisan.com\/fr\/#website","url":"https:\/\/www.fisan.com\/fr\/","name":"FISAN","description":"FISAN | Jamones de bellota ib\u00e9rico y embutidos ib\u00e9ricos desde 1920","potentialAction":[{"@type":"SearchAction","target":{"@type":"EntryPoint","urlTemplate":"https:\/\/www.fisan.com\/fr\/?s={search_term_string}"},"query-input":{"@type":"PropertyValueSpecification","valueRequired":true,"valueName":"search_term_string"}}],"inLanguage":"fr-FR"}]},"product_price_amount":"108.00","product_price_currency":"EUR","og_availability":"instock","product_availability":"instock","product_retailer_item_id":"pa-sppc","product_condition":"new"},"_links":{"self":[{"href":"https:\/\/www.fisan.com\/fr\/wp-json\/wp\/v2\/product\/61134","targetHints":{"allow":["GET"]}}],"collection":[{"href":"https:\/\/www.fisan.com\/fr\/wp-json\/wp\/v2\/product"}],"about":[{"href":"https:\/\/www.fisan.com\/fr\/wp-json\/wp\/v2\/types\/product"}],"version-history":[{"count":2,"href":"https:\/\/www.fisan.com\/fr\/wp-json\/wp\/v2\/product\/61134\/revisions"}],"predecessor-version":[{"id":61158,"href":"https:\/\/www.fisan.com\/fr\/wp-json\/wp\/v2\/product\/61134\/revisions\/61158"}],"wp:featuredmedia":[{"embeddable":true,"href":"https:\/\/www.fisan.com\/fr\/wp-json\/wp\/v2\/media\/61078"}],"wp:attachment":[{"href":"https:\/\/www.fisan.com\/fr\/wp-json\/wp\/v2\/media?parent=61134"}],"wp:term":[{"taxonomy":"product_brand","embeddable":true,"href":"https:\/\/www.fisan.com\/fr\/wp-json\/wp\/v2\/product_brand?post=61134"},{"taxonomy":"product_cat","embeddable":true,"href":"https:\/\/www.fisan.com\/fr\/wp-json\/wp\/v2\/product_cat?post=61134"},{"taxonomy":"product_tag","embeddable":true,"href":"https:\/\/www.fisan.com\/fr\/wp-json\/wp\/v2\/product_tag?post=61134"},{"taxonomy":"gama","embeddable":true,"href":"https:\/\/www.fisan.com\/fr\/wp-json\/wp\/v2\/gama?post=61134"},{"taxonomy":"calidad","embeddable":true,"href":"https:\/\/www.fisan.com\/fr\/wp-json\/wp\/v2\/calidad?post=61134"}],"curies":[{"name":"wp","href":"https:\/\/api.w.org\/{rel}","templated":true}]}}