{"id":38789,"date":"2022-09-09T11:30:20","date_gmt":"2022-09-09T09:30:20","guid":{"rendered":"https:\/\/www.fisan.com\/avviso-legale\/"},"modified":"2023-05-22T13:29:47","modified_gmt":"2023-05-22T11:29:47","slug":"avviso-legale","status":"publish","type":"page","link":"https:\/\/www.fisan.com\/it\/avviso-legale\/","title":{"rendered":"Avviso legale"},"content":{"rendered":"\t\t<div data-elementor-type=\"wp-page\" data-elementor-id=\"38789\" class=\"elementor elementor-38789 elementor-3637\" data-elementor-post-type=\"page\">\n\t\t\t\t\t\t<section class=\"elementor-section elementor-top-section elementor-element elementor-element-4a0c955 elementor-section-full_width elementor-section-height-default elementor-section-height-default\" data-id=\"4a0c955\" data-element_type=\"section\" data-settings=\"{&quot;background_background&quot;:&quot;classic&quot;}\">\n\t\t\t\t\t\t<div class=\"elementor-container elementor-column-gap-default\">\n\t\t\t\t\t<div class=\"elementor-column elementor-col-100 elementor-top-column elementor-element elementor-element-ae1b484\" data-id=\"ae1b484\" data-element_type=\"column\">\n\t\t\t<div class=\"elementor-widget-wrap elementor-element-populated\">\n\t\t\t\t\t\t<div class=\"elementor-element elementor-element-ce163e5 elementor-widget elementor-widget-breadcrumbs\" data-id=\"ce163e5\" data-element_type=\"widget\" data-widget_type=\"breadcrumbs.default\">\n\t\t\t\t<div class=\"elementor-widget-container\">\n\t\t\t\t\t<p id=\"breadcrumbs\"><span><span><a href=\"https:\/\/www.fisan.com\/it\/\">FISAN<\/a><\/span><\/span><\/p>\t\t\t\t<\/div>\n\t\t\t\t<\/div>\n\t\t\t\t\t<\/div>\n\t\t<\/div>\n\t\t\t\t\t<\/div>\n\t\t<\/section>\n\t\t\t\t<section class=\"elementor-section elementor-top-section elementor-element elementor-element-46d2362a elementor-section-boxed elementor-section-height-default elementor-section-height-default\" data-id=\"46d2362a\" data-element_type=\"section\">\n\t\t\t\t\t\t<div class=\"elementor-container elementor-column-gap-default\">\n\t\t\t\t\t<div class=\"elementor-column elementor-col-100 elementor-top-column elementor-element elementor-element-376e2e1b\" data-id=\"376e2e1b\" data-element_type=\"column\">\n\t\t\t<div class=\"elementor-widget-wrap elementor-element-populated\">\n\t\t\t\t\t\t<div class=\"elementor-element elementor-element-4b4b327e elementor-widget elementor-widget-text-editor\" data-id=\"4b4b327e\" data-element_type=\"widget\" data-widget_type=\"text-editor.default\">\n\t\t\t\t<div class=\"elementor-widget-container\">\n\t\t\t\t\t\t\t\t\t<h1>Avviso legale<\/h1>\n<p align=\"justify\">In ottemperanza all&#8217;obbligo di informazione contenuto nell&#8217;articolo 10 della legge 34\/2002, dell&#8217;11 luglio, sui servizi della societ\u00e0 dell&#8217;informazione e del commercio elettronico, si informa che il sito Web e il portale Internet www.fisan .com (di seguito, &#8221; il sito web&#8221;) \u00e8 di propriet\u00e0 di FLORENCIO SANCHEZ E HIJOS, SL, con sede legale in C\/ Filiberto Villalobos, 109, 3\u00ba A con CIF n\u00ba B37357654. Il presente avviso legale regola le condizioni di utilizzo del suddetto portale Internet.<\/p>\n<h3>Legge applicabile e giurisdizione<\/h3>\n<p align=\"justify\">In generale, i rapporti tra FLORENCIO SANCHEZ E HIJOS, SL e gli utenti dei suoi servizi telematici, presenti sul web, sono soggetti alla legislazione e giurisdizione spagnola.<\/p>\n<p align=\"justify\">Le parti rinunciano espressamente alla giurisdizione che potrebbe corrispondere loro e si rimettono espressamente alle Corti e ai Tribunali di Salamanca per risolvere qualsiasi controversia che possa sorgere nell&#8217;interpretazione o nell&#8217;esecuzione delle presenti condizioni contrattuali.<\/p>\n<h3 class=\"blue\">A proposito di FISAN<\/h3>\n<p align=\"justify\">Florencio S\u00e1nchez e Hijos S.L, (FISAN) \u00e8 una societ\u00e0 dedicata alla produzione e vendita al pubblico di prodotti di maiale iberico. FISAN dispone di un proprio macello presso le sue strutture a Campillo de Salvatierra, distretto di Guijuelo, dove inizia il processo di produzione dei suoi prosciutti e salsicce iberici. In esse dispone anche di oltre 15.000 mq dedicati a cantine ed essiccatoi dove i suoi prodotti maturano e vengono curati in modo naturale. La gamma dei prodotti FISAN comprende Prosciutto, Spalla, Lombo, Chorizo, Salchich\u00f3n, Lomo de Presa, Longanizas e Morc\u00f3n de bellota oltre ad una vasta produzione di altri prodotti ottenuti dall&#8217;utilizzo del maiale iberico.<\/p>\n<h3 class=\"blue\">Accettazione dell&#8217;utente<\/h3>\n<p align=\"justify\">Il presente Avviso Legale regola l&#8217;accesso e l&#8217;uso del sito Web che FLORENCIO SANCHEZ E HIJOS, SL mette a disposizione degli utenti di Internet. L&#8217;utente \u00e8 informato e accetta che l&#8217;accesso a questo sito Web non implica in alcun modo l&#8217;inizio di un rapporto commerciale con FLORENCIO SANCHEZ E HIJOS, SL.<\/p>\n<p align=\"justify\">L&#8217;accesso e la navigazione sul sito da parte dell&#8217;utente implica l&#8217;accettazione di tutte le presenti Condizioni d&#8217;Uso.<\/p>\n<p align=\"justify\">L&#8217;accesso e la navigazione sul sito da parte dell&#8217;utente implica l&#8217;accettazione di tutte le presenti Condizioni d&#8217;Uso. In caso di disaccordo con le condizioni, \u00e8 necessario astenersi dall&#8217;utilizzare il sito web.<\/p>\n<h3 class=\"blue\">Accesso web<\/h3>\n<p align=\"justify\">L&#8217;accesso al sito da parte degli utenti \u00e8 gratuito.<\/p>\n<p align=\"justify\">Se \u00e8 necessario che l&#8217;utente fornisca dati personali per accedere a uno qualsiasi dei servizi, la raccolta e il trattamento dei dati saranno effettuati in conformit\u00e0 con le normative vigenti, in particolare il GDPR. Per ulteriori informazioni, consultare la nostra politica sulla privacy:&nbsp;<a href=\"https:\/\/www.fisan.com\/politica-de-privacidad\/\">https:\/\/www.fisan.com\/politica-de-privacidad<\/a><\/p>\n<h3 class=\"blue\">Contenuto e uso<\/h3>\n<p align=\"justify\">La visita al sito Web da parte dell&#8217;utente deve essere effettuata in modo responsabile e in conformit\u00e0 con la legislazione vigente, la buona fede, il presente Avviso Legale e nel rispetto dei diritti di propriet\u00e0 intellettuale e industriale di propriet\u00e0 di FLORENCIO SANCHEZ E HIJOS, SL o di qualsiasi altra persona fisica o giuridica.<\/p>\n<p align=\"justify\">L&#8217;uso di qualsiasi contenuto del sito Web per scopi che sono o potrebbero essere illegali \u00e8 totalmente vietato, cos\u00ec come l&#8217;esecuzione di qualsiasi azione che causi o possa causare danni o alterazioni di qualsiasi tipo senza il consenso di FLORENCIO SANCHEZ E HIJOS, SL , al sito web o ai suoi contenuti.<\/p>\n<p align=\"justify\">Il titolare del sito web non si identifica con le opinioni espresse in esso dai suoi collaboratori. La societ\u00e0 si riserva il diritto di apportare le modifiche che ritiene opportune sul proprio sito Web senza preavviso, potendo modificare, eliminare o aggiungere sia i contenuti e i servizi forniti attraverso di esso sia il modo in cui sono presentati o localizzati sui propri server.<\/p>\n<h3>Propriet\u00e0 intellettuale e industriale<\/h3>\n<p align=\"justify\">I diritti di propriet\u00e0 intellettuale del contenuto delle pagine Web, il loro design grafico e i codici sono di propriet\u00e0 di FLORENCIO SANCHEZ E HIJOS, SL e, pertanto, la loro riproduzione, distribuzione, comunicazione pubblica, trasformazione o qualsiasi altra attivit\u00e0 svolta con i contenuti di il sito Web, nemmeno, anche se le fonti sono citate, salvo previo consenso, espresso e scritto di FLORENCIO SANCHEZ E HIJOS, SL. Tutti i nomi commerciali, marchi o segni diversi di qualsiasi genere contenuti nelle pagine web della societ\u00e0 sono di propriet\u00e0 dei rispettivi titolari e sono tutelati dalla legge.<\/p>\n<p align=\"justify\">FLORENCIO SANCHEZ E HIJOS, SL non concede alcuna licenza o autorizzazione d&#8217;uso di alcun tipo sui suoi diritti di propriet\u00e0 intellettuale e industriale o su qualsiasi altra propriet\u00e0 o diritto relativo al sito web, e in nessun caso si intender\u00e0 che l&#8217;accesso e la navigazione degli utenti implica una rinuncia, trasmissione, licenza o cessione totale o parziale di tali diritti da parte di FLORENCIO SANCHEZ E HIJOS, SL.<\/p>\n<p align=\"justify\">Qualsiasi utilizzo di questi contenuti non precedentemente autorizzato da FLORENCIO SANCHEZ E HIJOS, SL sar\u00e0 considerato una grave violazione dei diritti di propriet\u00e0 intellettuale o industriale e dar\u00e0 origine alle responsabilit\u00e0 legalmente stabilite. FLORENCIO SANCHEZ E HIJOS, SL si riserva il diritto di esercitare le corrispondenti azioni giudiziarie ed extragiudiziali nei confronti dell&#8217;utente.<\/p>\n<h3>Responsabilit\u00e0 e garanzie<\/h3>\n<p align=\"justify\">FLORENCIO SANCHEZ E HIJOS, SL dichiara di aver adottato le misure necessarie che, nell&#8217;ambito delle sue possibilit\u00e0 e dello stato della tecnologia, consentono il corretto funzionamento del suo sito Web nonch\u00e9 l&#8217;assenza di virus e componenti dannosi. Tuttavia, FLORENCIO SANCHEZ E HIJOS, SL non pu\u00f2 essere ritenuta responsabile delle seguenti situazioni elencate a titolo esemplificativo ma non limitativo:<\/p>\n<ul>\n<li>La continuit\u00e0 e la disponibilit\u00e0 dei Contenuti.<\/li>\n<li>L&#8217;assenza di errori in detti Contenuti o la correzione di qualsiasi difetto che possa verificarsi.<\/li>\n<li>L&#8217;assenza di virus e\/o altri componenti dannosi.<\/li>\n<li>I danni o le perdite causati da qualsiasi persona che violi i sistemi di sicurezza di FLORENCIO SANCHEZ E HIJOS, SL.<\/li>\n<li>L&#8217;uso che gli utenti possono fare dei contenuti inclusi nel web. Di conseguenza, FLORENCIO SANCHEZ E HIJOS, SL non garantisce che l&#8217;uso che gli utenti possono fare del contenuto incluso nel sito web, se del caso, sia conforme a questo avviso legale, n\u00e9 che l&#8217;uso del sito web sia effettuato in modo diligente.<\/li>\n<li>L&#8217;uso da parte di minori del sito Web o l&#8217;invio dei propri dati personali senza l&#8217;autorizzazione dei loro tutori, i tutori sono responsabili dell&#8217;uso che fanno di Internet.<\/li>\n<li>I contenuti a cui l&#8217;utente pu\u00f2 accedere tramite link non autorizzati o introdotti dagli utenti tramite commenti o strumenti simili.<\/li>\n<li>L&#8217;inserimento di dati errati da parte dell&#8217;utente o di terzi.<\/li>\n<\/ul>\n<p align=\"justify\">FLORENCIO SANCHEZ E HIJOS, SL pu\u00f2 sospendere temporaneamente l&#8217;accesso al sito Web senza preavviso per operazioni di manutenzione, riparazione, aggiornamento o miglioramento. Tuttavia, qualora le circostanze lo consentano, FLORENCIO SANCHEZ E HIJOS, SL comunicher\u00e0 all&#8217;utente, con sufficiente anticipo, la data prevista per la sospensione dei contenuti.<\/p>\n<p align=\"justify\">Inoltre, ai sensi degli artt. 11 e 16 della Legge 34\/2002, dell&#8217;11 luglio, sui servizi della societ\u00e0 dell&#8217;informazione e del commercio elettronico (LSSICE), FLORENCIO SANCHEZ E HIJOS, SL si impegna a eliminare o, se del caso, bloccare i contenuti che potrebbero pregiudicare o essere contrari legislazione vigente, i diritti di terzi o il buon costume e l&#8217;ordine pubblico.<\/p>\n<h3>Cookies<\/h3>\n<p align=\"justify\">FLORENCIO SANCHEZ E HIJOS, SL utilizza i cookie allo scopo di ottimizzare e personalizzare la tua navigazione attraverso il sito web. I cookie sono file di informazioni fisiche che vengono memorizzati nel terminale dell&#8217;utente, le informazioni raccolte tramite i cookie servono a facilitare la navigazione dell&#8217;utente attraverso il portale e ottimizzare l&#8217;esperienza di navigazione. I dati raccolti attraverso i cookie possono essere condivisi con i loro creatori, ma in nessun caso le informazioni ottenute da loro saranno associate a dati personali o dati che possono identificare l&#8217;utente.<\/p>\n<p align=\"justify\">Tuttavia, se l&#8217;utente non desidera che i cookie vengano installati sul proprio disco rigido, ha la possibilit\u00e0 di configurare il browser in modo tale da impedire l&#8217;installazione di questi file o selezionare solo le opzioni preferite. Per maggiori informazioni consulta la nostra Cookies Policy.&nbsp;<a href=\"https:\/\/www.fisan.com\/politica-de-cookies\/\">https:\/\/www.fisan.com\/politica-de-cookies<\/a><\/p>\n<h3 class=\"blue\">Collegamenti (links)<\/h3>\n<p align=\"justify\">La presenza di collegamenti (link) sul sito web di FLORENCIO SANCHEZ E HIJOS, SL ad altri siti Internet \u00e8 solo a scopo informativo e in nessun caso implica un suggerimento, un invito o una raccomandazione su di essi. FLORENCIO SANCHEZ E HIJOS, SL non si assume alcuna responsabilit\u00e0 per i contenuti di un collegamento appartenente a un sito Web di terzi, n\u00e9 garantisce la sua affidabilit\u00e0, accuratezza, ampiezza, veridicit\u00e0, validit\u00e0 e disponibilit\u00e0 tecnica.<\/p>\n<p align=\"justify\">Nel caso in cui vengano stabiliti collegamenti al sito Web FLORENCIO SANCHEZ E HIJOS, SL su altri siti Web, non si intende che FLORENCIO SANCHEZ E HIJOS, SL abbia autorizzato il collegamento o il contenuto del sito Web in cui \u00e8 contenuto il collegamento. , nella pagina collegata non possono essere inseriti contenuti inappropriati, diffamatori, illegali, osceni o illeciti, n\u00e9 altri contenuti contrari alla normativa vigente.<\/p>\n<p align=\"justify\">FLORENCIO SANCHEZ E HIJOS, SL si riserva il diritto di contattare il proprietario del sito Web in cui \u00e8 stabilito il collegamento se ritiene che le norme non siano rispettate, nonch\u00e9 di esercitare le relative azioni giudiziarie ed extragiudiziali.<\/p>\n<h3 class=\"blue\">Modifica delle condizioni<\/h3>\n<p align=\"justify\">FLORENCIO SANCHEZ E HIJOS, SL si riserva espressamente il diritto di modificare unilateralmente, totalmente o parzialmente, senza preavviso, il presente Avviso Legale. L&#8217;utente riconosce e accetta che \u00e8 sua responsabilit\u00e0 rivedere periodicamente il presente Avviso Legale.<\/p>\t\t\t\t\t\t\t\t<\/div>\n\t\t\t\t<\/div>\n\t\t\t\t\t<\/div>\n\t\t<\/div>\n\t\t\t\t\t<\/div>\n\t\t<\/section>\n\t\t\t\t<\/div>\n\t\t","protected":false},"excerpt":{"rendered":"<p>Avviso legale In ottemperanza all&#8217;obbligo di informazione contenuto nell&#8217;articolo 10 della legge 34\/2002, dell&#8217;11 luglio, sui servizi della societ\u00e0 dell&#8217;informazione e del commercio elettronico, si informa che il sito Web e il portale Internet www.fisan .com (di seguito, &#8221; il sito web&#8221;) \u00e8 di propriet\u00e0 di FLORENCIO SANCHEZ E HIJOS, SL, con sede legale in &#8230; <a title=\"Avviso legale\" class=\"read-more\" href=\"https:\/\/www.fisan.com\/it\/avviso-legale\/\" aria-label=\"Per saperne di pi\u00f9 su Avviso legale\">Leggi tutto<\/a><\/p>\n","protected":false},"author":1,"featured_media":0,"parent":0,"menu_order":99,"comment_status":"closed","ping_status":"closed","template":"","meta":{"_acf_changed":false,"footnotes":"","_wp_rev_ctl_limit":""},"class_list":["post-38789","page","type-page","status-publish"],"acf":[],"yoast_head":"<!-- This site is optimized with the Yoast SEO plugin v25.4 - https:\/\/yoast.com\/wordpress\/plugins\/seo\/ -->\n<title>Avviso legale | FISAN<\/title>\n<meta name=\"robots\" content=\"noindex, nofollow\" \/>\n<meta property=\"og:locale\" content=\"it_IT\" \/>\n<meta property=\"og:type\" content=\"article\" \/>\n<meta property=\"og:title\" content=\"Avviso legale | FISAN\" \/>\n<meta property=\"og:description\" content=\"Avviso legale In ottemperanza all&#8217;obbligo di informazione contenuto nell&#8217;articolo 10 della legge 34\/2002, dell&#8217;11 luglio, sui servizi della societ\u00e0 dell&#8217;informazione e del commercio elettronico, si informa che il sito Web e il portale Internet www.fisan .com (di seguito, &#8221; il sito web&#8221;) \u00e8 di propriet\u00e0 di FLORENCIO SANCHEZ E HIJOS, SL, con sede legale in ... Leggi tutto\" \/>\n<meta property=\"og:url\" content=\"https:\/\/www.fisan.com\/it\/avviso-legale\/\" \/>\n<meta property=\"og:site_name\" content=\"FISAN\" \/>\n<meta property=\"article:modified_time\" content=\"2023-05-22T11:29:47+00:00\" \/>\n<meta name=\"twitter:card\" content=\"summary_large_image\" \/>\n<meta name=\"twitter:label1\" content=\"Tempo di lettura stimato\" \/>\n\t<meta name=\"twitter:data1\" content=\"7 minuti\" \/>\n<script type=\"application\/ld+json\" class=\"yoast-schema-graph\">{\n\t    \"@context\": \"https:\/\/schema.org\",\n\t    \"@graph\": [\n\t        {\n\t            \"@type\": \"WebPage\",\n\t            \"@id\": \"https:\/\/www.fisan.com\/it\/avviso-legale\/\",\n\t            \"url\": \"https:\/\/www.fisan.com\/it\/avviso-legale\/\",\n\t            \"name\": \"Avviso legale | FISAN\",\n\t            \"isPartOf\": {\n\t                \"@id\": \"https:\/\/www.fisan.com\/it\/#website\"\n\t            },\n\t            \"datePublished\": \"2022-09-09T09:30:20+00:00\",\n\t            \"dateModified\": \"2023-05-22T11:29:47+00:00\",\n\t            \"breadcrumb\": {\n\t                \"@id\": \"https:\/\/www.fisan.com\/it\/avviso-legale\/#breadcrumb\"\n\t            },\n\t            \"inLanguage\": \"it-IT\",\n\t            \"potentialAction\": [\n\t                {\n\t                    \"@type\": \"ReadAction\",\n\t                    \"target\": [\n\t                        \"https:\/\/www.fisan.com\/it\/avviso-legale\/\"\n\t                    ]\n\t                }\n\t            ]\n\t        },\n\t        {\n\t            \"@type\": \"BreadcrumbList\",\n\t            \"@id\": \"https:\/\/www.fisan.com\/it\/avviso-legale\/#breadcrumb\",\n\t            \"itemListElement\": [\n\t                {\n\t                    \"@type\": \"ListItem\",\n\t                    \"position\": 1,\n\t                    \"name\": \"FISAN\",\n\t                    \"item\": \"https:\/\/www.fisan.com\/it\/\"\n\t                },\n\t                {\n\t                    \"@type\": \"ListItem\",\n\t                    \"position\": 2,\n\t                    \"name\": \"Avviso legale\"\n\t                }\n\t            ]\n\t        },\n\t        {\n\t            \"@type\": \"WebSite\",\n\t            \"@id\": \"https:\/\/www.fisan.com\/it\/#website\",\n\t            \"url\": \"https:\/\/www.fisan.com\/it\/\",\n\t            \"name\": \"FISAN\",\n\t            \"description\": \"FISAN | Jamones de bellota ib\u00e9rico y embutidos ib\u00e9ricos desde 1920\",\n\t            \"potentialAction\": [\n\t                {\n\t                    \"@type\": \"SearchAction\",\n\t                    \"target\": {\n\t                        \"@type\": \"EntryPoint\",\n\t                        \"urlTemplate\": \"https:\/\/www.fisan.com\/it\/?s={search_term_string}\"\n\t                    },\n\t                    \"query-input\": {\n\t                        \"@type\": \"PropertyValueSpecification\",\n\t                        \"valueRequired\": true,\n\t                        \"valueName\": \"search_term_string\"\n\t                    }\n\t                }\n\t            ],\n\t            \"inLanguage\": \"it-IT\"\n\t        }\n\t    ]\n\t}<\/script>\n<!-- \/ Yoast SEO plugin. -->","yoast_head_json":{"title":"Avviso legale | FISAN","robots":{"index":"noindex","follow":"nofollow"},"og_locale":"it_IT","og_type":"article","og_title":"Avviso legale | FISAN","og_description":"Avviso legale In ottemperanza all&#8217;obbligo di informazione contenuto nell&#8217;articolo 10 della legge 34\/2002, dell&#8217;11 luglio, sui servizi della societ\u00e0 dell&#8217;informazione e del commercio elettronico, si informa che il sito Web e il portale Internet www.fisan .com (di seguito, &#8221; il sito web&#8221;) \u00e8 di propriet\u00e0 di FLORENCIO SANCHEZ E HIJOS, SL, con sede legale in ... Leggi tutto","og_url":"https:\/\/www.fisan.com\/it\/avviso-legale\/","og_site_name":"FISAN","article_modified_time":"2023-05-22T11:29:47+00:00","twitter_card":"summary_large_image","twitter_misc":{"Tempo di lettura stimato":"7 minuti"},"schema":{"@context":"https:\/\/schema.org","@graph":[{"@type":"WebPage","@id":"https:\/\/www.fisan.com\/it\/avviso-legale\/","url":"https:\/\/www.fisan.com\/it\/avviso-legale\/","name":"Avviso legale | FISAN","isPartOf":{"@id":"https:\/\/www.fisan.com\/it\/#website"},"datePublished":"2022-09-09T09:30:20+00:00","dateModified":"2023-05-22T11:29:47+00:00","breadcrumb":{"@id":"https:\/\/www.fisan.com\/it\/avviso-legale\/#breadcrumb"},"inLanguage":"it-IT","potentialAction":[{"@type":"ReadAction","target":["https:\/\/www.fisan.com\/it\/avviso-legale\/"]}]},{"@type":"BreadcrumbList","@id":"https:\/\/www.fisan.com\/it\/avviso-legale\/#breadcrumb","itemListElement":[{"@type":"ListItem","position":1,"name":"FISAN","item":"https:\/\/www.fisan.com\/it\/"},{"@type":"ListItem","position":2,"name":"Avviso legale"}]},{"@type":"WebSite","@id":"https:\/\/www.fisan.com\/it\/#website","url":"https:\/\/www.fisan.com\/it\/","name":"FISAN","description":"FISAN | Jamones de bellota ib\u00e9rico y embutidos ib\u00e9ricos desde 1920","potentialAction":[{"@type":"SearchAction","target":{"@type":"EntryPoint","urlTemplate":"https:\/\/www.fisan.com\/it\/?s={search_term_string}"},"query-input":{"@type":"PropertyValueSpecification","valueRequired":true,"valueName":"search_term_string"}}],"inLanguage":"it-IT"}]}},"_links":{"self":[{"href":"https:\/\/www.fisan.com\/it\/wp-json\/wp\/v2\/pages\/38789","targetHints":{"allow":["GET"]}}],"collection":[{"href":"https:\/\/www.fisan.com\/it\/wp-json\/wp\/v2\/pages"}],"about":[{"href":"https:\/\/www.fisan.com\/it\/wp-json\/wp\/v2\/types\/page"}],"author":[{"embeddable":true,"href":"https:\/\/www.fisan.com\/it\/wp-json\/wp\/v2\/users\/1"}],"replies":[{"embeddable":true,"href":"https:\/\/www.fisan.com\/it\/wp-json\/wp\/v2\/comments?post=38789"}],"version-history":[{"count":1,"href":"https:\/\/www.fisan.com\/it\/wp-json\/wp\/v2\/pages\/38789\/revisions"}],"predecessor-version":[{"id":38790,"href":"https:\/\/www.fisan.com\/it\/wp-json\/wp\/v2\/pages\/38789\/revisions\/38790"}],"wp:attachment":[{"href":"https:\/\/www.fisan.com\/it\/wp-json\/wp\/v2\/media?parent=38789"}],"curies":[{"name":"wp","href":"https:\/\/api.w.org\/{rel}","templated":true}]}}