{"id":33273,"date":"2022-12-19T17:22:13","date_gmt":"2022-12-19T16:22:13","guid":{"rendered":"https:\/\/www.fisan.com\/producto\/prosciutto-di-bellota-75-iberico-d-o-guijuelo\/"},"modified":"2025-12-01T23:00:10","modified_gmt":"2025-12-01T22:00:10","slug":"prosciutto-di-bellota-iberico-75-razza-iberica-pdo-guijuelo","status":"publish","type":"product","link":"https:\/\/www.fisan.com\/it\/ecommerce\/prosciutto-di-bellota-75-iberico-do-guijuelo\/","title":{"rendered":"Prosciutto di Bellota Iberico 75% Razza Iberica P.D.O. Guijuelo"},"content":{"rendered":"","protected":false},"excerpt":{"rendered":"<p>Il prosciutto FISAN con il marchio P.D.O. Guijuelo \u00e8 un prodotto unico. Dall&#8217;aroma e dal sapore straordinari, possiede questo marchio di garanzia che indica la denominazione di origine protetta (che si preoccupa di mantenere la massima qualit\u00e0 di tutti i suoi prodotti) e i nostri oltre 100 anni di esperienza. Questi prosciutti sono facilmente riconoscibili grazie al sigillo della denominazione di origine protetta presente su un lato (con i colori che prevede la normativa), all&#8217;etichetta identificativa P.D.O. (con il marchio giallo e rosso che identifica il prosciutto della P.D.O. Guijuelo) e all&#8217;etichetta FISAN.<\/p>\n","protected":false},"featured_media":29480,"template":"","meta":{"_acf_changed":false,"_wp_rev_ctl_limit":""},"product_brand":[],"product_cat":[314,717],"product_tag":[317,318,521],"gama":[1375],"calidad":[442],"class_list":{"0":"post-33273","1":"product","2":"type-product","3":"status-publish","4":"has-post-thumbnail","6":"product_cat-prodotti-prosciutto-iberico","7":"product_cat-prodotti-prosciutto","8":"product_tag-destacados-jamon","9":"product_tag-destacados-todos","10":"product_tag-st","11":"gama-sabor-tradicional-it-2","12":"calidad-1-bellota-iberico-it","14":"first","15":"instock","16":"taxable","17":"shipping-taxable","18":"purchasable","19":"product-type-variable","20":"has-default-attributes"},"acf":[],"yoast_head":"<!-- This site is optimized with the Yoast SEO plugin v25.4 - https:\/\/yoast.com\/wordpress\/plugins\/seo\/ -->\n<title>Prosciutto di Bellota Iberico 75% Razza Iberica P.D.O. Guijuelo | FISAN<\/title>\n<meta name=\"robots\" content=\"index, follow, max-snippet:-1, max-image-preview:large, max-video-preview:-1\" \/>\n<link rel=\"canonical\" href=\"https:\/\/www.fisan.com\/it\/ecommerce\/prosciutto-di-bellota-75-iberico-do-guijuelo\/\" \/>\n<meta property=\"og:locale\" content=\"it_IT\" \/>\n<meta property=\"og:type\" content=\"article\" \/>\n<meta property=\"og:title\" content=\"Prosciutto di Bellota Iberico 75% Razza Iberica P.D.O. Guijuelo | FISAN\" \/>\n<meta property=\"og:description\" content=\"Il prosciutto FISAN con il marchio P.D.O. Guijuelo \u00e8 un prodotto unico. Dall&#039;aroma e dal sapore straordinari, possiede questo marchio di garanzia che indica la denominazione di origine protetta (che si preoccupa di mantenere la massima qualit\u00e0 di tutti i suoi prodotti) e i nostri oltre 100 anni di esperienza. Questi prosciutti sono facilmente riconoscibili grazie al sigillo della denominazione di origine protetta presente su un lato (con i colori che prevede la normativa), all&#039;etichetta identificativa P.D.O. (con il marchio giallo e rosso che identifica il prosciutto della P.D.O. Guijuelo) e all&#039;etichetta FISAN.\" \/>\n<meta property=\"og:url\" content=\"https:\/\/www.fisan.com\/it\/ecommerce\/prosciutto-di-bellota-75-iberico-do-guijuelo\/\" \/>\n<meta property=\"og:site_name\" content=\"FISAN\" \/>\n<meta property=\"article:modified_time\" content=\"2025-12-01T22:00:10+00:00\" \/>\n<meta property=\"og:image\" content=\"https:\/\/www.fisan.com\/wp-content\/uploads\/2022\/12\/jamon-bellota-iberico-do-75-st-pe-00.jpg\" \/>\n\t<meta property=\"og:image:width\" content=\"1200\" \/>\n\t<meta property=\"og:image:height\" content=\"2400\" \/>\n\t<meta property=\"og:image:type\" content=\"image\/jpeg\" \/>\n<meta name=\"twitter:card\" content=\"summary_large_image\" \/>\n<meta name=\"twitter:label1\" content=\"Disponibilit\u00e0\" \/>\n\t<meta name=\"twitter:data1\" content=\"In stock\" \/>\n<script type=\"application\/ld+json\" class=\"yoast-schema-graph\">{\n\t    \"@context\": \"https:\/\/schema.org\",\n\t    \"@graph\": [\n\t        {\n\t            \"@type\": \"WebPage\",\n\t            \"@id\": \"https:\/\/www.fisan.com\/it\/ecommerce\/prosciutto-di-bellota-75-iberico-do-guijuelo\/\",\n\t            \"url\": \"https:\/\/www.fisan.com\/it\/ecommerce\/prosciutto-di-bellota-75-iberico-do-guijuelo\/\",\n\t            \"name\": \"Prosciutto di Bellota Iberico 75% Razza Iberica P.D.O. Guijuelo | FISAN\",\n\t            \"isPartOf\": {\n\t                \"@id\": \"https:\/\/www.fisan.com\/it\/#website\"\n\t            },\n\t            \"primaryImageOfPage\": {\n\t                \"@id\": \"https:\/\/www.fisan.com\/it\/ecommerce\/prosciutto-di-bellota-75-iberico-do-guijuelo\/#primaryimage\"\n\t            },\n\t            \"image\": {\n\t                \"@id\": \"https:\/\/www.fisan.com\/it\/ecommerce\/prosciutto-di-bellota-75-iberico-do-guijuelo\/#primaryimage\"\n\t            },\n\t            \"thumbnailUrl\": \"https:\/\/www.fisan.com\/wp-content\/uploads\/2022\/12\/jamon-bellota-iberico-do-75-st-pe-00.jpg\",\n\t            \"datePublished\": \"2022-12-19T16:22:13+00:00\",\n\t            \"dateModified\": \"2025-12-01T22:00:10+00:00\",\n\t            \"breadcrumb\": {\n\t                \"@id\": \"https:\/\/www.fisan.com\/it\/ecommerce\/prosciutto-di-bellota-75-iberico-do-guijuelo\/#breadcrumb\"\n\t            },\n\t            \"inLanguage\": \"it-IT\",\n\t            \"potentialAction\": [\n\t                {\n\t                    \"@type\": \"ReadAction\",\n\t                    \"target\": [\n\t                        \"https:\/\/www.fisan.com\/it\/ecommerce\/prosciutto-di-bellota-75-iberico-do-guijuelo\/\"\n\t                    ]\n\t                }\n\t            ]\n\t        },\n\t        {\n\t            \"@type\": \"ImageObject\",\n\t            \"inLanguage\": \"it-IT\",\n\t            \"@id\": \"https:\/\/www.fisan.com\/it\/ecommerce\/prosciutto-di-bellota-75-iberico-do-guijuelo\/#primaryimage\",\n\t            \"url\": \"https:\/\/www.fisan.com\/wp-content\/uploads\/2022\/12\/jamon-bellota-iberico-do-75-st-pe-00.jpg\",\n\t            \"contentUrl\": \"https:\/\/www.fisan.com\/wp-content\/uploads\/2022\/12\/jamon-bellota-iberico-do-75-st-pe-00.jpg\",\n\t            \"width\": 1200,\n\t            \"height\": 2400,\n\t            \"caption\": \"jam\u00f3n de bellota ib\u00e9rico 75% raza ib\u00e9rica D.O. Guijuelo Sabor tradicional\"\n\t        },\n\t        {\n\t            \"@type\": \"BreadcrumbList\",\n\t            \"@id\": \"https:\/\/www.fisan.com\/it\/ecommerce\/prosciutto-di-bellota-75-iberico-do-guijuelo\/#breadcrumb\",\n\t            \"itemListElement\": [\n\t                {\n\t                    \"@type\": \"ListItem\",\n\t                    \"position\": 1,\n\t                    \"name\": \"FISAN\",\n\t                    \"item\": \"https:\/\/www.fisan.com\/it\/\"\n\t                },\n\t                {\n\t                    \"@type\": \"ListItem\",\n\t                    \"position\": 2,\n\t                    \"name\": \"Prodotti\",\n\t                    \"item\": \"https:\/\/www.fisan.com\/it\/prodotti\/\"\n\t                },\n\t                {\n\t                    \"@type\": \"ListItem\",\n\t                    \"position\": 3,\n\t                    \"name\": \"Prosciutto di Bellota Iberico 75% Razza Iberica P.D.O. Guijuelo\"\n\t                }\n\t            ]\n\t        },\n\t        {\n\t            \"@type\": \"WebSite\",\n\t            \"@id\": \"https:\/\/www.fisan.com\/it\/#website\",\n\t            \"url\": \"https:\/\/www.fisan.com\/it\/\",\n\t            \"name\": \"FISAN\",\n\t            \"description\": \"FISAN | Jamones de bellota ib\u00e9rico y embutidos ib\u00e9ricos desde 1920\",\n\t            \"potentialAction\": [\n\t                {\n\t                    \"@type\": \"SearchAction\",\n\t                    \"target\": {\n\t                        \"@type\": \"EntryPoint\",\n\t                        \"urlTemplate\": \"https:\/\/www.fisan.com\/it\/?s={search_term_string}\"\n\t                    },\n\t                    \"query-input\": {\n\t                        \"@type\": \"PropertyValueSpecification\",\n\t                        \"valueRequired\": true,\n\t                        \"valueName\": \"search_term_string\"\n\t                    }\n\t                }\n\t            ],\n\t            \"inLanguage\": \"it-IT\"\n\t        }\n\t    ]\n\t}<\/script>\n<meta property=\"og:availability\" content=\"instock\" \/>\n<meta property=\"product:availability\" content=\"instock\" \/>\n<meta property=\"product:retailer_item_id\" content=\"j-bi75-do\" \/>\n<meta property=\"product:condition\" content=\"new\" \/>\n<!-- \/ Yoast SEO plugin. -->","yoast_head_json":{"title":"Prosciutto di Bellota Iberico 75% Razza Iberica P.D.O. Guijuelo | FISAN","robots":{"index":"index","follow":"follow","max-snippet":"max-snippet:-1","max-image-preview":"max-image-preview:large","max-video-preview":"max-video-preview:-1"},"canonical":"https:\/\/www.fisan.com\/it\/ecommerce\/prosciutto-di-bellota-75-iberico-do-guijuelo\/","og_locale":"it_IT","og_type":"article","og_title":"Prosciutto di Bellota Iberico 75% Razza Iberica P.D.O. Guijuelo | FISAN","og_description":"Il prosciutto FISAN con il marchio P.D.O. Guijuelo \u00e8 un prodotto unico. Dall'aroma e dal sapore straordinari, possiede questo marchio di garanzia che indica la denominazione di origine protetta (che si preoccupa di mantenere la massima qualit\u00e0 di tutti i suoi prodotti) e i nostri oltre 100 anni di esperienza. Questi prosciutti sono facilmente riconoscibili grazie al sigillo della denominazione di origine protetta presente su un lato (con i colori che prevede la normativa), all'etichetta identificativa P.D.O. (con il marchio giallo e rosso che identifica il prosciutto della P.D.O. Guijuelo) e all'etichetta FISAN.","og_url":"https:\/\/www.fisan.com\/it\/ecommerce\/prosciutto-di-bellota-75-iberico-do-guijuelo\/","og_site_name":"FISAN","article_modified_time":"2025-12-01T22:00:10+00:00","og_image":[{"width":1200,"height":2400,"url":"https:\/\/www.fisan.com\/wp-content\/uploads\/2022\/12\/jamon-bellota-iberico-do-75-st-pe-00.jpg","type":"image\/jpeg"}],"twitter_card":"summary_large_image","twitter_misc":{"Disponibilit\u00e0":"In stock"},"schema":{"@context":"https:\/\/schema.org","@graph":[{"@type":"WebPage","@id":"https:\/\/www.fisan.com\/it\/ecommerce\/prosciutto-di-bellota-75-iberico-do-guijuelo\/","url":"https:\/\/www.fisan.com\/it\/ecommerce\/prosciutto-di-bellota-75-iberico-do-guijuelo\/","name":"Prosciutto di Bellota Iberico 75% Razza Iberica P.D.O. Guijuelo | FISAN","isPartOf":{"@id":"https:\/\/www.fisan.com\/it\/#website"},"primaryImageOfPage":{"@id":"https:\/\/www.fisan.com\/it\/ecommerce\/prosciutto-di-bellota-75-iberico-do-guijuelo\/#primaryimage"},"image":{"@id":"https:\/\/www.fisan.com\/it\/ecommerce\/prosciutto-di-bellota-75-iberico-do-guijuelo\/#primaryimage"},"thumbnailUrl":"https:\/\/www.fisan.com\/wp-content\/uploads\/2022\/12\/jamon-bellota-iberico-do-75-st-pe-00.jpg","datePublished":"2022-12-19T16:22:13+00:00","dateModified":"2025-12-01T22:00:10+00:00","breadcrumb":{"@id":"https:\/\/www.fisan.com\/it\/ecommerce\/prosciutto-di-bellota-75-iberico-do-guijuelo\/#breadcrumb"},"inLanguage":"it-IT","potentialAction":[{"@type":"ReadAction","target":["https:\/\/www.fisan.com\/it\/ecommerce\/prosciutto-di-bellota-75-iberico-do-guijuelo\/"]}]},{"@type":"ImageObject","inLanguage":"it-IT","@id":"https:\/\/www.fisan.com\/it\/ecommerce\/prosciutto-di-bellota-75-iberico-do-guijuelo\/#primaryimage","url":"https:\/\/www.fisan.com\/wp-content\/uploads\/2022\/12\/jamon-bellota-iberico-do-75-st-pe-00.jpg","contentUrl":"https:\/\/www.fisan.com\/wp-content\/uploads\/2022\/12\/jamon-bellota-iberico-do-75-st-pe-00.jpg","width":1200,"height":2400,"caption":"jam\u00f3n de bellota ib\u00e9rico 75% raza ib\u00e9rica D.O. Guijuelo Sabor tradicional"},{"@type":"BreadcrumbList","@id":"https:\/\/www.fisan.com\/it\/ecommerce\/prosciutto-di-bellota-75-iberico-do-guijuelo\/#breadcrumb","itemListElement":[{"@type":"ListItem","position":1,"name":"FISAN","item":"https:\/\/www.fisan.com\/it\/"},{"@type":"ListItem","position":2,"name":"Prodotti","item":"https:\/\/www.fisan.com\/it\/prodotti\/"},{"@type":"ListItem","position":3,"name":"Prosciutto di Bellota Iberico 75% Razza Iberica P.D.O. Guijuelo"}]},{"@type":"WebSite","@id":"https:\/\/www.fisan.com\/it\/#website","url":"https:\/\/www.fisan.com\/it\/","name":"FISAN","description":"FISAN | Jamones de bellota ib\u00e9rico y embutidos ib\u00e9ricos desde 1920","potentialAction":[{"@type":"SearchAction","target":{"@type":"EntryPoint","urlTemplate":"https:\/\/www.fisan.com\/it\/?s={search_term_string}"},"query-input":{"@type":"PropertyValueSpecification","valueRequired":true,"valueName":"search_term_string"}}],"inLanguage":"it-IT"}]},"og_availability":"instock","product_availability":"instock","product_retailer_item_id":"j-bi75-do","product_condition":"new"},"_links":{"self":[{"href":"https:\/\/www.fisan.com\/it\/wp-json\/wp\/v2\/product\/33273","targetHints":{"allow":["GET"]}}],"collection":[{"href":"https:\/\/www.fisan.com\/it\/wp-json\/wp\/v2\/product"}],"about":[{"href":"https:\/\/www.fisan.com\/it\/wp-json\/wp\/v2\/types\/product"}],"version-history":[{"count":6,"href":"https:\/\/www.fisan.com\/it\/wp-json\/wp\/v2\/product\/33273\/revisions"}],"predecessor-version":[{"id":57110,"href":"https:\/\/www.fisan.com\/it\/wp-json\/wp\/v2\/product\/33273\/revisions\/57110"}],"wp:featuredmedia":[{"embeddable":true,"href":"https:\/\/www.fisan.com\/it\/wp-json\/wp\/v2\/media\/29480"}],"wp:attachment":[{"href":"https:\/\/www.fisan.com\/it\/wp-json\/wp\/v2\/media?parent=33273"}],"wp:term":[{"taxonomy":"product_brand","embeddable":true,"href":"https:\/\/www.fisan.com\/it\/wp-json\/wp\/v2\/product_brand?post=33273"},{"taxonomy":"product_cat","embeddable":true,"href":"https:\/\/www.fisan.com\/it\/wp-json\/wp\/v2\/product_cat?post=33273"},{"taxonomy":"product_tag","embeddable":true,"href":"https:\/\/www.fisan.com\/it\/wp-json\/wp\/v2\/product_tag?post=33273"},{"taxonomy":"gama","embeddable":true,"href":"https:\/\/www.fisan.com\/it\/wp-json\/wp\/v2\/gama?post=33273"},{"taxonomy":"calidad","embeddable":true,"href":"https:\/\/www.fisan.com\/it\/wp-json\/wp\/v2\/calidad?post=33273"}],"curies":[{"name":"wp","href":"https:\/\/api.w.org\/{rel}","templated":true}]}}