{"id":33289,"date":"2022-10-07T16:51:50","date_gmt":"2022-10-07T14:51:50","guid":{"rendered":"https:\/\/www.fisan.com\/producto\/paletta-di-bellota-100-iberica\/"},"modified":"2025-09-23T11:30:11","modified_gmt":"2025-09-23T09:30:11","slug":"spalla-di-bellota-100-iberica","status":"publish","type":"product","link":"https:\/\/www.fisan.com\/it\/ecommerce\/paletta-di-bellota-100-iberica\/","title":{"rendered":"Spalla di Bellota 100% Iberica Alta Gastronomia"},"content":{"rendered":"<p>La Spalla di Bellota 100% Iberica Alta Gastronomia colpisce per il suo intenso sapore dovuto alla freschezza dei pascoli. Il colore e l&#8217;aroma decisi ci trasportano dritti alle cantine naturali dove le palette hanno riposato per pi\u00f9 di tre anni e mezzo prima di essere pronte per deliziare i palati pi\u00f9 esperti grazie alla loro salatura assolutamente perfetta. Solo i prodotti pi\u00f9 straordinari sono classificati come Alta Gastronom\u00eda.<\/p>\n<p>&nbsp;<\/p>\n<p><strong>Gustate la vostra Spalla di Bellota 100% Iberica tagliato a mano:<\/strong><br \/>\nI nostri formati tagliati a coltello e a fette vi permettono di gustare e condividere pi\u00f9 facilmente la vostra spalla di bellota iberica. Riceverete 20 confezioni singole (circa 100 g) in una scatola e, se scegliete il nostro formato DELUXE, in 2 scatole con una speciale confezione regalo.<\/p>\n","protected":false},"excerpt":{"rendered":"<p>La Spalla di Bellota 100% Iberica Alta Gastronomia colpisce per il suo intenso sapore dovuto alla freschezza dei pascoli. Il colore e l&#8217;aroma decisi ci trasportano dritti alle cantine naturali dove le palette hanno riposato per pi\u00f9 di tre anni e mezzo prima di essere pronte per deliziare i palati pi\u00f9 esperti grazie alla loro &#8230; <a title=\"Spalla di Bellota 100% Iberica Alta Gastronomia\" class=\"read-more\" href=\"https:\/\/www.fisan.com\/it\/ecommerce\/paletta-di-bellota-100-iberica\/\" aria-label=\"Per saperne di pi\u00f9 su Spalla di Bellota 100% Iberica Alta Gastronomia\">Leggi tutto<\/a><\/p>\n","protected":false},"featured_media":24451,"template":"","meta":{"_acf_changed":false,"_wp_rev_ctl_limit":""},"product_brand":[],"product_cat":[346],"product_tag":[315],"gama":[437],"calidad":[442],"class_list":{"0":"post-33289","1":"product","2":"type-product","3":"status-publish","4":"has-post-thumbnail","6":"product_cat-2-paletta","7":"product_tag-ag","8":"gama-alta-gastronomia-it","9":"calidad-1-bellota-iberico-it","11":"first","12":"instock","13":"taxable","14":"shipping-taxable","15":"purchasable","16":"product-type-variable","17":"has-default-attributes"},"acf":[],"yoast_head":"<!-- This site is optimized with the Yoast SEO plugin v25.4 - https:\/\/yoast.com\/wordpress\/plugins\/seo\/ -->\n<title>Spalla di Bellota 100% Iberica Alta Gastronomia | FISAN<\/title>\n<meta name=\"robots\" content=\"index, follow, max-snippet:-1, max-image-preview:large, max-video-preview:-1\" \/>\n<link rel=\"canonical\" href=\"https:\/\/www.fisan.com\/it\/ecommerce\/paletta-di-bellota-100-iberica\/\" \/>\n<meta property=\"og:locale\" content=\"it_IT\" \/>\n<meta property=\"og:type\" content=\"article\" \/>\n<meta property=\"og:title\" content=\"Spalla di Bellota 100% Iberica Alta Gastronomia | FISAN\" \/>\n<meta property=\"og:description\" content=\"La Spalla di Bellota 100% Iberica Alta Gastronomia colpisce per il suo intenso sapore dovuto alla freschezza dei pascoli. Il colore e l&#8217;aroma decisi ci trasportano dritti alle cantine naturali dove le palette hanno riposato per pi\u00f9 di tre anni e mezzo prima di essere pronte per deliziare i palati pi\u00f9 esperti grazie alla loro ... Leggi tutto\" \/>\n<meta property=\"og:url\" content=\"https:\/\/www.fisan.com\/it\/ecommerce\/paletta-di-bellota-100-iberica\/\" \/>\n<meta property=\"og:site_name\" content=\"FISAN\" \/>\n<meta property=\"article:modified_time\" content=\"2025-09-23T09:30:11+00:00\" \/>\n<meta property=\"og:image\" content=\"https:\/\/www.fisan.com\/wp-content\/uploads\/2022\/10\/paleta-bellota-iberica-100-ag-pe-00.jpg\" \/>\n\t<meta property=\"og:image:width\" content=\"1200\" \/>\n\t<meta property=\"og:image:height\" content=\"2400\" \/>\n\t<meta property=\"og:image:type\" content=\"image\/jpeg\" \/>\n<meta name=\"twitter:card\" content=\"summary_large_image\" \/>\n<meta name=\"twitter:label1\" content=\"Disponibilit\u00e0\" \/>\n\t<meta name=\"twitter:data1\" content=\"In stock\" \/>\n<script type=\"application\/ld+json\" class=\"yoast-schema-graph\">{\n\t    \"@context\": \"https:\/\/schema.org\",\n\t    \"@graph\": [\n\t        {\n\t            \"@type\": \"WebPage\",\n\t            \"@id\": \"https:\/\/www.fisan.com\/it\/ecommerce\/paletta-di-bellota-100-iberica\/\",\n\t            \"url\": \"https:\/\/www.fisan.com\/it\/ecommerce\/paletta-di-bellota-100-iberica\/\",\n\t            \"name\": \"Spalla di Bellota 100% Iberica Alta Gastronomia | FISAN\",\n\t            \"isPartOf\": {\n\t                \"@id\": \"https:\/\/www.fisan.com\/it\/#website\"\n\t            },\n\t            \"primaryImageOfPage\": {\n\t                \"@id\": \"https:\/\/www.fisan.com\/it\/ecommerce\/paletta-di-bellota-100-iberica\/#primaryimage\"\n\t            },\n\t            \"image\": {\n\t                \"@id\": \"https:\/\/www.fisan.com\/it\/ecommerce\/paletta-di-bellota-100-iberica\/#primaryimage\"\n\t            },\n\t            \"thumbnailUrl\": \"https:\/\/www.fisan.com\/wp-content\/uploads\/2022\/10\/paleta-bellota-iberica-100-ag-pe-00.jpg\",\n\t            \"datePublished\": \"2022-10-07T14:51:50+00:00\",\n\t            \"dateModified\": \"2025-09-23T09:30:11+00:00\",\n\t            \"breadcrumb\": {\n\t                \"@id\": \"https:\/\/www.fisan.com\/it\/ecommerce\/paletta-di-bellota-100-iberica\/#breadcrumb\"\n\t            },\n\t            \"inLanguage\": \"it-IT\",\n\t            \"potentialAction\": [\n\t                {\n\t                    \"@type\": \"ReadAction\",\n\t                    \"target\": [\n\t                        \"https:\/\/www.fisan.com\/it\/ecommerce\/paletta-di-bellota-100-iberica\/\"\n\t                    ]\n\t                }\n\t            ]\n\t        },\n\t        {\n\t            \"@type\": \"ImageObject\",\n\t            \"inLanguage\": \"it-IT\",\n\t            \"@id\": \"https:\/\/www.fisan.com\/it\/ecommerce\/paletta-di-bellota-100-iberica\/#primaryimage\",\n\t            \"url\": \"https:\/\/www.fisan.com\/wp-content\/uploads\/2022\/10\/paleta-bellota-iberica-100-ag-pe-00.jpg\",\n\t            \"contentUrl\": \"https:\/\/www.fisan.com\/wp-content\/uploads\/2022\/10\/paleta-bellota-iberica-100-ag-pe-00.jpg\",\n\t            \"width\": 1200,\n\t            \"height\": 2400,\n\t            \"caption\": \"Spalla di bellota 100% iberico FISAN\"\n\t        },\n\t        {\n\t            \"@type\": \"BreadcrumbList\",\n\t            \"@id\": \"https:\/\/www.fisan.com\/it\/ecommerce\/paletta-di-bellota-100-iberica\/#breadcrumb\",\n\t            \"itemListElement\": [\n\t                {\n\t                    \"@type\": \"ListItem\",\n\t                    \"position\": 1,\n\t                    \"name\": \"FISAN\",\n\t                    \"item\": \"https:\/\/www.fisan.com\/it\/\"\n\t                },\n\t                {\n\t                    \"@type\": \"ListItem\",\n\t                    \"position\": 2,\n\t                    \"name\": \"Prodotti\",\n\t                    \"item\": \"https:\/\/www.fisan.com\/it\/prodotti\/\"\n\t                },\n\t                {\n\t                    \"@type\": \"ListItem\",\n\t                    \"position\": 3,\n\t                    \"name\": \"Spalla di Bellota 100% Iberica Alta Gastronomia\"\n\t                }\n\t            ]\n\t        },\n\t        {\n\t            \"@type\": \"WebSite\",\n\t            \"@id\": \"https:\/\/www.fisan.com\/it\/#website\",\n\t            \"url\": \"https:\/\/www.fisan.com\/it\/\",\n\t            \"name\": \"FISAN\",\n\t            \"description\": \"FISAN | Jamones de bellota ib\u00e9rico y embutidos ib\u00e9ricos desde 1920\",\n\t            \"potentialAction\": [\n\t                {\n\t                    \"@type\": \"SearchAction\",\n\t                    \"target\": {\n\t                        \"@type\": \"EntryPoint\",\n\t                        \"urlTemplate\": \"https:\/\/www.fisan.com\/it\/?s={search_term_string}\"\n\t                    },\n\t                    \"query-input\": {\n\t                        \"@type\": \"PropertyValueSpecification\",\n\t                        \"valueRequired\": true,\n\t                        \"valueName\": \"search_term_string\"\n\t                    }\n\t                }\n\t            ],\n\t            \"inLanguage\": \"it-IT\"\n\t        }\n\t    ]\n\t}<\/script>\n<meta property=\"og:availability\" content=\"instock\" \/>\n<meta property=\"product:availability\" content=\"instock\" \/>\n<meta property=\"product:retailer_item_id\" content=\"p-bi100\" \/>\n<meta property=\"product:condition\" content=\"new\" \/>\n<!-- \/ Yoast SEO plugin. -->","yoast_head_json":{"title":"Spalla di Bellota 100% Iberica Alta Gastronomia | FISAN","robots":{"index":"index","follow":"follow","max-snippet":"max-snippet:-1","max-image-preview":"max-image-preview:large","max-video-preview":"max-video-preview:-1"},"canonical":"https:\/\/www.fisan.com\/it\/ecommerce\/paletta-di-bellota-100-iberica\/","og_locale":"it_IT","og_type":"article","og_title":"Spalla di Bellota 100% Iberica Alta Gastronomia | FISAN","og_description":"La Spalla di Bellota 100% Iberica Alta Gastronomia colpisce per il suo intenso sapore dovuto alla freschezza dei pascoli. Il colore e l&#8217;aroma decisi ci trasportano dritti alle cantine naturali dove le palette hanno riposato per pi\u00f9 di tre anni e mezzo prima di essere pronte per deliziare i palati pi\u00f9 esperti grazie alla loro ... Leggi tutto","og_url":"https:\/\/www.fisan.com\/it\/ecommerce\/paletta-di-bellota-100-iberica\/","og_site_name":"FISAN","article_modified_time":"2025-09-23T09:30:11+00:00","og_image":[{"width":1200,"height":2400,"url":"https:\/\/www.fisan.com\/wp-content\/uploads\/2022\/10\/paleta-bellota-iberica-100-ag-pe-00.jpg","type":"image\/jpeg"}],"twitter_card":"summary_large_image","twitter_misc":{"Disponibilit\u00e0":"In stock"},"schema":{"@context":"https:\/\/schema.org","@graph":[{"@type":"WebPage","@id":"https:\/\/www.fisan.com\/it\/ecommerce\/paletta-di-bellota-100-iberica\/","url":"https:\/\/www.fisan.com\/it\/ecommerce\/paletta-di-bellota-100-iberica\/","name":"Spalla di Bellota 100% Iberica Alta Gastronomia | FISAN","isPartOf":{"@id":"https:\/\/www.fisan.com\/it\/#website"},"primaryImageOfPage":{"@id":"https:\/\/www.fisan.com\/it\/ecommerce\/paletta-di-bellota-100-iberica\/#primaryimage"},"image":{"@id":"https:\/\/www.fisan.com\/it\/ecommerce\/paletta-di-bellota-100-iberica\/#primaryimage"},"thumbnailUrl":"https:\/\/www.fisan.com\/wp-content\/uploads\/2022\/10\/paleta-bellota-iberica-100-ag-pe-00.jpg","datePublished":"2022-10-07T14:51:50+00:00","dateModified":"2025-09-23T09:30:11+00:00","breadcrumb":{"@id":"https:\/\/www.fisan.com\/it\/ecommerce\/paletta-di-bellota-100-iberica\/#breadcrumb"},"inLanguage":"it-IT","potentialAction":[{"@type":"ReadAction","target":["https:\/\/www.fisan.com\/it\/ecommerce\/paletta-di-bellota-100-iberica\/"]}]},{"@type":"ImageObject","inLanguage":"it-IT","@id":"https:\/\/www.fisan.com\/it\/ecommerce\/paletta-di-bellota-100-iberica\/#primaryimage","url":"https:\/\/www.fisan.com\/wp-content\/uploads\/2022\/10\/paleta-bellota-iberica-100-ag-pe-00.jpg","contentUrl":"https:\/\/www.fisan.com\/wp-content\/uploads\/2022\/10\/paleta-bellota-iberica-100-ag-pe-00.jpg","width":1200,"height":2400,"caption":"Spalla di bellota 100% iberico FISAN"},{"@type":"BreadcrumbList","@id":"https:\/\/www.fisan.com\/it\/ecommerce\/paletta-di-bellota-100-iberica\/#breadcrumb","itemListElement":[{"@type":"ListItem","position":1,"name":"FISAN","item":"https:\/\/www.fisan.com\/it\/"},{"@type":"ListItem","position":2,"name":"Prodotti","item":"https:\/\/www.fisan.com\/it\/prodotti\/"},{"@type":"ListItem","position":3,"name":"Spalla di Bellota 100% Iberica Alta Gastronomia"}]},{"@type":"WebSite","@id":"https:\/\/www.fisan.com\/it\/#website","url":"https:\/\/www.fisan.com\/it\/","name":"FISAN","description":"FISAN | Jamones de bellota ib\u00e9rico y embutidos ib\u00e9ricos desde 1920","potentialAction":[{"@type":"SearchAction","target":{"@type":"EntryPoint","urlTemplate":"https:\/\/www.fisan.com\/it\/?s={search_term_string}"},"query-input":{"@type":"PropertyValueSpecification","valueRequired":true,"valueName":"search_term_string"}}],"inLanguage":"it-IT"}]},"og_availability":"instock","product_availability":"instock","product_retailer_item_id":"p-bi100","product_condition":"new"},"_links":{"self":[{"href":"https:\/\/www.fisan.com\/it\/wp-json\/wp\/v2\/product\/33289","targetHints":{"allow":["GET"]}}],"collection":[{"href":"https:\/\/www.fisan.com\/it\/wp-json\/wp\/v2\/product"}],"about":[{"href":"https:\/\/www.fisan.com\/it\/wp-json\/wp\/v2\/types\/product"}],"version-history":[{"count":7,"href":"https:\/\/www.fisan.com\/it\/wp-json\/wp\/v2\/product\/33289\/revisions"}],"predecessor-version":[{"id":57073,"href":"https:\/\/www.fisan.com\/it\/wp-json\/wp\/v2\/product\/33289\/revisions\/57073"}],"wp:featuredmedia":[{"embeddable":true,"href":"https:\/\/www.fisan.com\/it\/wp-json\/wp\/v2\/media\/24451"}],"wp:attachment":[{"href":"https:\/\/www.fisan.com\/it\/wp-json\/wp\/v2\/media?parent=33289"}],"wp:term":[{"taxonomy":"product_brand","embeddable":true,"href":"https:\/\/www.fisan.com\/it\/wp-json\/wp\/v2\/product_brand?post=33289"},{"taxonomy":"product_cat","embeddable":true,"href":"https:\/\/www.fisan.com\/it\/wp-json\/wp\/v2\/product_cat?post=33289"},{"taxonomy":"product_tag","embeddable":true,"href":"https:\/\/www.fisan.com\/it\/wp-json\/wp\/v2\/product_tag?post=33289"},{"taxonomy":"gama","embeddable":true,"href":"https:\/\/www.fisan.com\/it\/wp-json\/wp\/v2\/gama?post=33289"},{"taxonomy":"calidad","embeddable":true,"href":"https:\/\/www.fisan.com\/it\/wp-json\/wp\/v2\/calidad?post=33289"}],"curies":[{"name":"wp","href":"https:\/\/api.w.org\/{rel}","templated":true}]}}