{"id":33323,"date":"2022-12-20T19:33:20","date_gmt":"2022-12-20T18:33:20","guid":{"rendered":"https:\/\/www.fisan.com\/producto\/paletta-di-bellota-75-iberica-d-o-p-guijuelo\/"},"modified":"2025-12-19T23:00:24","modified_gmt":"2025-12-19T22:00:24","slug":"spalla-di-bellota-iberica-75-razza-iberica-pdo-guijuelo","status":"publish","type":"product","link":"https:\/\/www.fisan.com\/it\/ecommerce\/paletta-di-bellota-75-iberica-dop-guijuelo\/","title":{"rendered":"Spalla di Bellota Iberica 75% Razza Iberica P.D.O. GUIJUELO"},"content":{"rendered":"<p>La Spalla di Bellota Iberica 75% Razza Iberica P.D.O. GUIJUELO ha delle caratteristiche organolettiche e un sapore unici. \u00c8 l&#8217;alimento che rappresenta al meglio la qualit\u00e0 offerta dai prodotti che vantano questo noto e prestigioso marchio di qualit\u00e0. La denominazione di origine protetta Guijuelo si basa su un organismo di controllo che impone una serie di condizioni nell&#8217;allevamento dei maiali, cos\u00ec come nel processo di elaborazione del prosciutto e della spalla, che garantiscono che tutti i loro prodotti siano della massima qualit\u00e0.&#8221;<\/p>\n<div><\/div>\n","protected":false},"excerpt":{"rendered":"<p>La Paletta di Bellota 75% Iberica D.O.P. Guijuelo ha delle caratteristiche organolettiche e un sapore unici. \u00c8 l&#8217;alimento che rappresenta al meglio la qualit\u00e0 offerta dai prodotti che vantano questo noto e prestigioso marchio di qualit\u00e0. La denominazione di origine protetta Guijuelo si basa su un organismo di controllo che impone una serie di condizioni nell&#8217;allevamento dei maiali, cos\u00ec come nel processo di elaborazione del prosciutto e della paletta, che garantiscono che tutti i loro prodotti siano della massima qualit\u00e0.<\/p>\n<div><\/div>\n","protected":false},"featured_media":29509,"template":"","meta":{"_acf_changed":false,"_wp_rev_ctl_limit":""},"product_brand":[],"product_cat":[346],"product_tag":[526,521],"gama":[1375],"calidad":[442],"class_list":{"0":"post-33323","1":"product","2":"type-product","3":"status-publish","4":"has-post-thumbnail","6":"product_cat-2-paletta","7":"product_tag-destacados-sabor-tradicional","8":"product_tag-st","9":"gama-sabor-tradicional-it-2","10":"calidad-1-bellota-iberico-it","12":"first","13":"instock","14":"taxable","15":"shipping-taxable","16":"purchasable","17":"product-type-variable","18":"has-default-attributes"},"acf":[],"yoast_head":"<!-- This site is optimized with the Yoast SEO plugin v25.4 - https:\/\/yoast.com\/wordpress\/plugins\/seo\/ -->\n<title>Spalla di Bellota Iberica 75% Razza Iberica P.D.O. GUIJUELO | FISAN<\/title>\n<meta name=\"robots\" content=\"index, follow, max-snippet:-1, max-image-preview:large, max-video-preview:-1\" \/>\n<link rel=\"canonical\" href=\"https:\/\/www.fisan.com\/it\/ecommerce\/paletta-di-bellota-75-iberica-dop-guijuelo\/\" \/>\n<meta property=\"og:locale\" content=\"it_IT\" \/>\n<meta property=\"og:type\" content=\"article\" \/>\n<meta property=\"og:title\" content=\"Spalla di Bellota Iberica 75% Razza Iberica P.D.O. GUIJUELO | FISAN\" \/>\n<meta property=\"og:description\" content=\"La Paletta di Bellota 75% Iberica D.O.P. Guijuelo ha delle caratteristiche organolettiche e un sapore unici. \u00c8 l&#039;alimento che rappresenta al meglio la qualit\u00e0 offerta dai prodotti che vantano questo noto e prestigioso marchio di qualit\u00e0. La denominazione di origine protetta Guijuelo si basa su un organismo di controllo che impone una serie di condizioni nell&#039;allevamento dei maiali, cos\u00ec come nel processo di elaborazione del prosciutto e della paletta, che garantiscono che tutti i loro prodotti siano della massima qualit\u00e0.\" \/>\n<meta property=\"og:url\" content=\"https:\/\/www.fisan.com\/it\/ecommerce\/paletta-di-bellota-75-iberica-dop-guijuelo\/\" \/>\n<meta property=\"og:site_name\" content=\"FISAN\" \/>\n<meta property=\"article:modified_time\" content=\"2025-12-19T22:00:24+00:00\" \/>\n<meta property=\"og:image\" content=\"https:\/\/www.fisan.com\/wp-content\/uploads\/2022\/12\/paleta-bellota-iberica-do-75-st-pe-00.jpg\" \/>\n\t<meta property=\"og:image:width\" content=\"1200\" \/>\n\t<meta property=\"og:image:height\" content=\"2400\" \/>\n\t<meta property=\"og:image:type\" content=\"image\/jpeg\" \/>\n<meta name=\"twitter:card\" content=\"summary_large_image\" \/>\n<meta name=\"twitter:label1\" content=\"Disponibilit\u00e0\" \/>\n\t<meta name=\"twitter:data1\" content=\"In stock\" \/>\n<script type=\"application\/ld+json\" class=\"yoast-schema-graph\">{\n\t    \"@context\": \"https:\/\/schema.org\",\n\t    \"@graph\": [\n\t        {\n\t            \"@type\": \"WebPage\",\n\t            \"@id\": \"https:\/\/www.fisan.com\/it\/ecommerce\/paletta-di-bellota-75-iberica-dop-guijuelo\/\",\n\t            \"url\": \"https:\/\/www.fisan.com\/it\/ecommerce\/paletta-di-bellota-75-iberica-dop-guijuelo\/\",\n\t            \"name\": \"Spalla di Bellota Iberica 75% Razza Iberica P.D.O. GUIJUELO | FISAN\",\n\t            \"isPartOf\": {\n\t                \"@id\": \"https:\/\/www.fisan.com\/it\/#website\"\n\t            },\n\t            \"primaryImageOfPage\": {\n\t                \"@id\": \"https:\/\/www.fisan.com\/it\/ecommerce\/paletta-di-bellota-75-iberica-dop-guijuelo\/#primaryimage\"\n\t            },\n\t            \"image\": {\n\t                \"@id\": \"https:\/\/www.fisan.com\/it\/ecommerce\/paletta-di-bellota-75-iberica-dop-guijuelo\/#primaryimage\"\n\t            },\n\t            \"thumbnailUrl\": \"https:\/\/www.fisan.com\/wp-content\/uploads\/2022\/12\/paleta-bellota-iberica-do-75-st-pe-00.jpg\",\n\t            \"datePublished\": \"2022-12-20T18:33:20+00:00\",\n\t            \"dateModified\": \"2025-12-19T22:00:24+00:00\",\n\t            \"breadcrumb\": {\n\t                \"@id\": \"https:\/\/www.fisan.com\/it\/ecommerce\/paletta-di-bellota-75-iberica-dop-guijuelo\/#breadcrumb\"\n\t            },\n\t            \"inLanguage\": \"it-IT\",\n\t            \"potentialAction\": [\n\t                {\n\t                    \"@type\": \"ReadAction\",\n\t                    \"target\": [\n\t                        \"https:\/\/www.fisan.com\/it\/ecommerce\/paletta-di-bellota-75-iberica-dop-guijuelo\/\"\n\t                    ]\n\t                }\n\t            ]\n\t        },\n\t        {\n\t            \"@type\": \"ImageObject\",\n\t            \"inLanguage\": \"it-IT\",\n\t            \"@id\": \"https:\/\/www.fisan.com\/it\/ecommerce\/paletta-di-bellota-75-iberica-dop-guijuelo\/#primaryimage\",\n\t            \"url\": \"https:\/\/www.fisan.com\/wp-content\/uploads\/2022\/12\/paleta-bellota-iberica-do-75-st-pe-00.jpg\",\n\t            \"contentUrl\": \"https:\/\/www.fisan.com\/wp-content\/uploads\/2022\/12\/paleta-bellota-iberica-do-75-st-pe-00.jpg\",\n\t            \"width\": 1200,\n\t            \"height\": 2400,\n\t            \"caption\": \"Paleta de Bellota Ib\u00e9rica 75% raza iberica D.O. Guijuelo Sabor Tradicional\"\n\t        },\n\t        {\n\t            \"@type\": \"BreadcrumbList\",\n\t            \"@id\": \"https:\/\/www.fisan.com\/it\/ecommerce\/paletta-di-bellota-75-iberica-dop-guijuelo\/#breadcrumb\",\n\t            \"itemListElement\": [\n\t                {\n\t                    \"@type\": \"ListItem\",\n\t                    \"position\": 1,\n\t                    \"name\": \"FISAN\",\n\t                    \"item\": \"https:\/\/www.fisan.com\/it\/\"\n\t                },\n\t                {\n\t                    \"@type\": \"ListItem\",\n\t                    \"position\": 2,\n\t                    \"name\": \"Prodotti\",\n\t                    \"item\": \"https:\/\/www.fisan.com\/it\/prodotti\/\"\n\t                },\n\t                {\n\t                    \"@type\": \"ListItem\",\n\t                    \"position\": 3,\n\t                    \"name\": \"Spalla di Bellota Iberica 75% Razza Iberica P.D.O. GUIJUELO\"\n\t                }\n\t            ]\n\t        },\n\t        {\n\t            \"@type\": \"WebSite\",\n\t            \"@id\": \"https:\/\/www.fisan.com\/it\/#website\",\n\t            \"url\": \"https:\/\/www.fisan.com\/it\/\",\n\t            \"name\": \"FISAN\",\n\t            \"description\": \"FISAN | Jamones de bellota ib\u00e9rico y embutidos ib\u00e9ricos desde 1920\",\n\t            \"potentialAction\": [\n\t                {\n\t                    \"@type\": \"SearchAction\",\n\t                    \"target\": {\n\t                        \"@type\": \"EntryPoint\",\n\t                        \"urlTemplate\": \"https:\/\/www.fisan.com\/it\/?s={search_term_string}\"\n\t                    },\n\t                    \"query-input\": {\n\t                        \"@type\": \"PropertyValueSpecification\",\n\t                        \"valueRequired\": true,\n\t                        \"valueName\": \"search_term_string\"\n\t                    }\n\t                }\n\t            ],\n\t            \"inLanguage\": \"it-IT\"\n\t        }\n\t    ]\n\t}<\/script>\n<meta property=\"og:availability\" content=\"instock\" \/>\n<meta property=\"product:availability\" content=\"instock\" \/>\n<meta property=\"product:retailer_item_id\" content=\"p-bi75-do\" \/>\n<meta property=\"product:condition\" content=\"new\" \/>\n<!-- \/ Yoast SEO plugin. -->","yoast_head_json":{"title":"Spalla di Bellota Iberica 75% Razza Iberica P.D.O. GUIJUELO | FISAN","robots":{"index":"index","follow":"follow","max-snippet":"max-snippet:-1","max-image-preview":"max-image-preview:large","max-video-preview":"max-video-preview:-1"},"canonical":"https:\/\/www.fisan.com\/it\/ecommerce\/paletta-di-bellota-75-iberica-dop-guijuelo\/","og_locale":"it_IT","og_type":"article","og_title":"Spalla di Bellota Iberica 75% Razza Iberica P.D.O. GUIJUELO | FISAN","og_description":"La Paletta di Bellota 75% Iberica D.O.P. Guijuelo ha delle caratteristiche organolettiche e un sapore unici. \u00c8 l'alimento che rappresenta al meglio la qualit\u00e0 offerta dai prodotti che vantano questo noto e prestigioso marchio di qualit\u00e0. La denominazione di origine protetta Guijuelo si basa su un organismo di controllo che impone una serie di condizioni nell'allevamento dei maiali, cos\u00ec come nel processo di elaborazione del prosciutto e della paletta, che garantiscono che tutti i loro prodotti siano della massima qualit\u00e0.","og_url":"https:\/\/www.fisan.com\/it\/ecommerce\/paletta-di-bellota-75-iberica-dop-guijuelo\/","og_site_name":"FISAN","article_modified_time":"2025-12-19T22:00:24+00:00","og_image":[{"width":1200,"height":2400,"url":"https:\/\/www.fisan.com\/wp-content\/uploads\/2022\/12\/paleta-bellota-iberica-do-75-st-pe-00.jpg","type":"image\/jpeg"}],"twitter_card":"summary_large_image","twitter_misc":{"Disponibilit\u00e0":"In stock"},"schema":{"@context":"https:\/\/schema.org","@graph":[{"@type":"WebPage","@id":"https:\/\/www.fisan.com\/it\/ecommerce\/paletta-di-bellota-75-iberica-dop-guijuelo\/","url":"https:\/\/www.fisan.com\/it\/ecommerce\/paletta-di-bellota-75-iberica-dop-guijuelo\/","name":"Spalla di Bellota Iberica 75% Razza Iberica P.D.O. GUIJUELO | FISAN","isPartOf":{"@id":"https:\/\/www.fisan.com\/it\/#website"},"primaryImageOfPage":{"@id":"https:\/\/www.fisan.com\/it\/ecommerce\/paletta-di-bellota-75-iberica-dop-guijuelo\/#primaryimage"},"image":{"@id":"https:\/\/www.fisan.com\/it\/ecommerce\/paletta-di-bellota-75-iberica-dop-guijuelo\/#primaryimage"},"thumbnailUrl":"https:\/\/www.fisan.com\/wp-content\/uploads\/2022\/12\/paleta-bellota-iberica-do-75-st-pe-00.jpg","datePublished":"2022-12-20T18:33:20+00:00","dateModified":"2025-12-19T22:00:24+00:00","breadcrumb":{"@id":"https:\/\/www.fisan.com\/it\/ecommerce\/paletta-di-bellota-75-iberica-dop-guijuelo\/#breadcrumb"},"inLanguage":"it-IT","potentialAction":[{"@type":"ReadAction","target":["https:\/\/www.fisan.com\/it\/ecommerce\/paletta-di-bellota-75-iberica-dop-guijuelo\/"]}]},{"@type":"ImageObject","inLanguage":"it-IT","@id":"https:\/\/www.fisan.com\/it\/ecommerce\/paletta-di-bellota-75-iberica-dop-guijuelo\/#primaryimage","url":"https:\/\/www.fisan.com\/wp-content\/uploads\/2022\/12\/paleta-bellota-iberica-do-75-st-pe-00.jpg","contentUrl":"https:\/\/www.fisan.com\/wp-content\/uploads\/2022\/12\/paleta-bellota-iberica-do-75-st-pe-00.jpg","width":1200,"height":2400,"caption":"Paleta de Bellota Ib\u00e9rica 75% raza iberica D.O. Guijuelo Sabor Tradicional"},{"@type":"BreadcrumbList","@id":"https:\/\/www.fisan.com\/it\/ecommerce\/paletta-di-bellota-75-iberica-dop-guijuelo\/#breadcrumb","itemListElement":[{"@type":"ListItem","position":1,"name":"FISAN","item":"https:\/\/www.fisan.com\/it\/"},{"@type":"ListItem","position":2,"name":"Prodotti","item":"https:\/\/www.fisan.com\/it\/prodotti\/"},{"@type":"ListItem","position":3,"name":"Spalla di Bellota Iberica 75% Razza Iberica P.D.O. GUIJUELO"}]},{"@type":"WebSite","@id":"https:\/\/www.fisan.com\/it\/#website","url":"https:\/\/www.fisan.com\/it\/","name":"FISAN","description":"FISAN | Jamones de bellota ib\u00e9rico y embutidos ib\u00e9ricos desde 1920","potentialAction":[{"@type":"SearchAction","target":{"@type":"EntryPoint","urlTemplate":"https:\/\/www.fisan.com\/it\/?s={search_term_string}"},"query-input":{"@type":"PropertyValueSpecification","valueRequired":true,"valueName":"search_term_string"}}],"inLanguage":"it-IT"}]},"og_availability":"instock","product_availability":"instock","product_retailer_item_id":"p-bi75-do","product_condition":"new"},"_links":{"self":[{"href":"https:\/\/www.fisan.com\/it\/wp-json\/wp\/v2\/product\/33323","targetHints":{"allow":["GET"]}}],"collection":[{"href":"https:\/\/www.fisan.com\/it\/wp-json\/wp\/v2\/product"}],"about":[{"href":"https:\/\/www.fisan.com\/it\/wp-json\/wp\/v2\/types\/product"}],"version-history":[{"count":8,"href":"https:\/\/www.fisan.com\/it\/wp-json\/wp\/v2\/product\/33323\/revisions"}],"predecessor-version":[{"id":57166,"href":"https:\/\/www.fisan.com\/it\/wp-json\/wp\/v2\/product\/33323\/revisions\/57166"}],"wp:featuredmedia":[{"embeddable":true,"href":"https:\/\/www.fisan.com\/it\/wp-json\/wp\/v2\/media\/29509"}],"wp:attachment":[{"href":"https:\/\/www.fisan.com\/it\/wp-json\/wp\/v2\/media?parent=33323"}],"wp:term":[{"taxonomy":"product_brand","embeddable":true,"href":"https:\/\/www.fisan.com\/it\/wp-json\/wp\/v2\/product_brand?post=33323"},{"taxonomy":"product_cat","embeddable":true,"href":"https:\/\/www.fisan.com\/it\/wp-json\/wp\/v2\/product_cat?post=33323"},{"taxonomy":"product_tag","embeddable":true,"href":"https:\/\/www.fisan.com\/it\/wp-json\/wp\/v2\/product_tag?post=33323"},{"taxonomy":"gama","embeddable":true,"href":"https:\/\/www.fisan.com\/it\/wp-json\/wp\/v2\/gama?post=33323"},{"taxonomy":"calidad","embeddable":true,"href":"https:\/\/www.fisan.com\/it\/wp-json\/wp\/v2\/calidad?post=33323"}],"curies":[{"name":"wp","href":"https:\/\/api.w.org\/{rel}","templated":true}]}}