{"id":33598,"date":"2022-10-08T19:50:33","date_gmt":"2022-10-08T17:50:33","guid":{"rendered":"https:\/\/www.fisan.com\/producto\/pack-deluxe-3-insaccati-ag-pezzi-interi-misti\/"},"modified":"2023-11-13T00:00:16","modified_gmt":"2023-11-12T23:00:16","slug":"pack-deluxe-3-insaccati-ag-pezzi-interi-misti","status":"publish","type":"product","link":"https:\/\/www.fisan.com\/it\/ecommerce\/pack-deluxe-3-insaccati-ag-pezzi-interi-misti\/","title":{"rendered":"Pack Deluxe 3 Salami Alta Gastronomia Interi Miste"},"content":{"rendered":"<p>Il pack di insaccati Alta Gastronomia con 3 pezzi interi contiene gli insaccati di Bellota Iberico Alta Gastronomia di FISAN. Il Lomo di Bellota 100% Iberico \u00e8 il fiore all&#8217;occhiello dei nostri insaccati, una delle parti pi\u00f9 raffinate del maiale. 100 % naturale. Elaborato con la classica marinatura a base di &#8220;&#8221;piment\u00f3n de la Vera&#8221;&#8221; (paprika affumicata) e sale. Le infiltrazioni di grasso fanno s\u00ec che questo prodotto sia tra i pi\u00f9 soavi e squisiti. Il Lomo di Bellota 100% Iberico FISAN ha una stagionatura di oltre 90 giorni in essiccatoi naturali che ne risaltano il sapore.<\/p>\n","protected":false},"excerpt":{"rendered":"<p>Il pack di insaccati Alta Gastronomia con 3 pezzi interi contiene gli insaccati di Bellota Iberico Alta Gastronomia di FISAN. Il Lomo di Bellota 100% Iberico \u00e8 il fiore all&#8217;occhiello dei nostri insaccati, una delle parti pi\u00f9 raffinate del maiale. 100 % naturale. Elaborato con la classica marinatura a base di &#8220;&#8221;piment\u00f3n de la Vera&#8221;&#8221; &#8230; <a title=\"Pack Deluxe 3 Salami Alta Gastronomia Interi Miste\" class=\"read-more\" href=\"https:\/\/www.fisan.com\/it\/ecommerce\/pack-deluxe-3-insaccati-ag-pezzi-interi-misti\/\" aria-label=\"Per saperne di pi\u00f9 su Pack Deluxe 3 Salami Alta Gastronomia Interi Miste\">Leggi tutto<\/a><\/p>\n","protected":false},"featured_media":24583,"template":"","meta":{"_acf_changed":false,"_wp_rev_ctl_limit":""},"product_brand":[],"product_cat":[359],"product_tag":[315],"gama":[437],"calidad":[442],"class_list":{"0":"post-33598","1":"product","2":"type-product","3":"status-publish","4":"has-post-thumbnail","6":"product_cat-6-lotti","7":"product_tag-ag","8":"gama-alta-gastronomia-it","9":"calidad-1-bellota-iberico-it","11":"first","12":"outofstock","13":"sold-individually","14":"taxable","15":"shipping-taxable","16":"product-type-simple"},"acf":[],"yoast_head":"<!-- This site is optimized with the Yoast SEO plugin v25.4 - https:\/\/yoast.com\/wordpress\/plugins\/seo\/ -->\n<title>Pack Deluxe 3 Salami Alta Gastronomia Interi Miste | FISAN<\/title>\n<meta name=\"robots\" content=\"index, follow, max-snippet:-1, max-image-preview:large, max-video-preview:-1\" \/>\n<link rel=\"canonical\" href=\"https:\/\/www.fisan.com\/it\/ecommerce\/pack-deluxe-3-insaccati-ag-pezzi-interi-misti\/\" \/>\n<meta property=\"og:locale\" content=\"it_IT\" \/>\n<meta property=\"og:type\" content=\"article\" \/>\n<meta property=\"og:title\" content=\"Pack Deluxe 3 Salami Alta Gastronomia Interi Miste | FISAN\" \/>\n<meta property=\"og:description\" content=\"Il pack di insaccati Alta Gastronomia con 3 pezzi interi contiene gli insaccati di Bellota Iberico Alta Gastronomia di FISAN. Il Lomo di Bellota 100% Iberico \u00e8 il fiore all&#8217;occhiello dei nostri insaccati, una delle parti pi\u00f9 raffinate del maiale. 100 % naturale. Elaborato con la classica marinatura a base di &#8220;&#8221;piment\u00f3n de la Vera&#8221;&#8221; ... Leggi tutto\" \/>\n<meta property=\"og:url\" content=\"https:\/\/www.fisan.com\/it\/ecommerce\/pack-deluxe-3-insaccati-ag-pezzi-interi-misti\/\" \/>\n<meta property=\"og:site_name\" content=\"FISAN\" \/>\n<meta property=\"article:modified_time\" content=\"2023-11-12T23:00:16+00:00\" \/>\n<meta property=\"og:image\" content=\"https:\/\/www.fisan.com\/wp-content\/uploads\/2022\/10\/pack-deluxe-embutido-ag-3pe-00.jpg\" \/>\n\t<meta property=\"og:image:width\" content=\"1200\" \/>\n\t<meta property=\"og:image:height\" content=\"2400\" \/>\n\t<meta property=\"og:image:type\" content=\"image\/jpeg\" \/>\n<meta name=\"twitter:card\" content=\"summary_large_image\" \/>\n<meta name=\"twitter:label1\" content=\"Prezzo\" \/>\n\t<meta name=\"twitter:data1\" content=\"\" \/>\n\t<meta name=\"twitter:label2\" content=\"Disponibilit\u00e0\" \/>\n\t<meta name=\"twitter:data2\" content=\"Esaurito\" \/>\n<script type=\"application\/ld+json\" class=\"yoast-schema-graph\">{\n\t    \"@context\": \"https:\/\/schema.org\",\n\t    \"@graph\": [\n\t        {\n\t            \"@type\": \"WebPage\",\n\t            \"@id\": \"https:\/\/www.fisan.com\/it\/ecommerce\/pack-deluxe-3-insaccati-ag-pezzi-interi-misti\/\",\n\t            \"url\": \"https:\/\/www.fisan.com\/it\/ecommerce\/pack-deluxe-3-insaccati-ag-pezzi-interi-misti\/\",\n\t            \"name\": \"Pack Deluxe 3 Salami Alta Gastronomia Interi Miste | FISAN\",\n\t            \"isPartOf\": {\n\t                \"@id\": \"https:\/\/www.fisan.com\/it\/#website\"\n\t            },\n\t            \"primaryImageOfPage\": {\n\t                \"@id\": \"https:\/\/www.fisan.com\/it\/ecommerce\/pack-deluxe-3-insaccati-ag-pezzi-interi-misti\/#primaryimage\"\n\t            },\n\t            \"image\": {\n\t                \"@id\": \"https:\/\/www.fisan.com\/it\/ecommerce\/pack-deluxe-3-insaccati-ag-pezzi-interi-misti\/#primaryimage\"\n\t            },\n\t            \"thumbnailUrl\": \"https:\/\/www.fisan.com\/wp-content\/uploads\/2022\/10\/pack-deluxe-embutido-ag-3pe-00.jpg\",\n\t            \"datePublished\": \"2022-10-08T17:50:33+00:00\",\n\t            \"dateModified\": \"2023-11-12T23:00:16+00:00\",\n\t            \"breadcrumb\": {\n\t                \"@id\": \"https:\/\/www.fisan.com\/it\/ecommerce\/pack-deluxe-3-insaccati-ag-pezzi-interi-misti\/#breadcrumb\"\n\t            },\n\t            \"inLanguage\": \"it-IT\",\n\t            \"potentialAction\": [\n\t                {\n\t                    \"@type\": \"ReadAction\",\n\t                    \"target\": [\n\t                        \"https:\/\/www.fisan.com\/it\/ecommerce\/pack-deluxe-3-insaccati-ag-pezzi-interi-misti\/\"\n\t                    ]\n\t                }\n\t            ]\n\t        },\n\t        {\n\t            \"@type\": \"ImageObject\",\n\t            \"inLanguage\": \"it-IT\",\n\t            \"@id\": \"https:\/\/www.fisan.com\/it\/ecommerce\/pack-deluxe-3-insaccati-ag-pezzi-interi-misti\/#primaryimage\",\n\t            \"url\": \"https:\/\/www.fisan.com\/wp-content\/uploads\/2022\/10\/pack-deluxe-embutido-ag-3pe-00.jpg\",\n\t            \"contentUrl\": \"https:\/\/www.fisan.com\/wp-content\/uploads\/2022\/10\/pack-deluxe-embutido-ag-3pe-00.jpg\",\n\t            \"width\": 1200,\n\t            \"height\": 2400,\n\t            \"caption\": \"Pack deluxe 3 salami alta gastronomia interi miste FISAN\"\n\t        },\n\t        {\n\t            \"@type\": \"BreadcrumbList\",\n\t            \"@id\": \"https:\/\/www.fisan.com\/it\/ecommerce\/pack-deluxe-3-insaccati-ag-pezzi-interi-misti\/#breadcrumb\",\n\t            \"itemListElement\": [\n\t                {\n\t                    \"@type\": \"ListItem\",\n\t                    \"position\": 1,\n\t                    \"name\": \"FISAN\",\n\t                    \"item\": \"https:\/\/www.fisan.com\/it\/\"\n\t                },\n\t                {\n\t                    \"@type\": \"ListItem\",\n\t                    \"position\": 2,\n\t                    \"name\": \"Prodotti\",\n\t                    \"item\": \"https:\/\/www.fisan.com\/it\/prodotti\/\"\n\t                },\n\t                {\n\t                    \"@type\": \"ListItem\",\n\t                    \"position\": 3,\n\t                    \"name\": \"Pack Deluxe 3 Salami Alta Gastronomia Interi Miste\"\n\t                }\n\t            ]\n\t        },\n\t        {\n\t            \"@type\": \"WebSite\",\n\t            \"@id\": \"https:\/\/www.fisan.com\/it\/#website\",\n\t            \"url\": \"https:\/\/www.fisan.com\/it\/\",\n\t            \"name\": \"FISAN\",\n\t            \"description\": \"FISAN | Jamones de bellota ib\u00e9rico y embutidos ib\u00e9ricos desde 1920\",\n\t            \"potentialAction\": [\n\t                {\n\t                    \"@type\": \"SearchAction\",\n\t                    \"target\": {\n\t                        \"@type\": \"EntryPoint\",\n\t                        \"urlTemplate\": \"https:\/\/www.fisan.com\/it\/?s={search_term_string}\"\n\t                    },\n\t                    \"query-input\": {\n\t                        \"@type\": \"PropertyValueSpecification\",\n\t                        \"valueRequired\": true,\n\t                        \"valueName\": \"search_term_string\"\n\t                    }\n\t                }\n\t            ],\n\t            \"inLanguage\": \"it-IT\"\n\t        }\n\t    ]\n\t}<\/script>\n<meta property=\"product:price:currency\" content=\"EUR\" \/>\n<meta property=\"og:availability\" content=\"out of stock\" \/>\n<meta property=\"product:availability\" content=\"out of stock\" \/>\n<meta property=\"product:retailer_item_id\" content=\"pa-3emAGEmix\" \/>\n<meta property=\"product:condition\" content=\"new\" \/>\n<!-- \/ Yoast SEO plugin. -->","yoast_head_json":{"title":"Pack Deluxe 3 Salami Alta Gastronomia Interi Miste | FISAN","robots":{"index":"index","follow":"follow","max-snippet":"max-snippet:-1","max-image-preview":"max-image-preview:large","max-video-preview":"max-video-preview:-1"},"canonical":"https:\/\/www.fisan.com\/it\/ecommerce\/pack-deluxe-3-insaccati-ag-pezzi-interi-misti\/","og_locale":"it_IT","og_type":"article","og_title":"Pack Deluxe 3 Salami Alta Gastronomia Interi Miste | FISAN","og_description":"Il pack di insaccati Alta Gastronomia con 3 pezzi interi contiene gli insaccati di Bellota Iberico Alta Gastronomia di FISAN. Il Lomo di Bellota 100% Iberico \u00e8 il fiore all&#8217;occhiello dei nostri insaccati, una delle parti pi\u00f9 raffinate del maiale. 100 % naturale. Elaborato con la classica marinatura a base di &#8220;&#8221;piment\u00f3n de la Vera&#8221;&#8221; ... Leggi tutto","og_url":"https:\/\/www.fisan.com\/it\/ecommerce\/pack-deluxe-3-insaccati-ag-pezzi-interi-misti\/","og_site_name":"FISAN","article_modified_time":"2023-11-12T23:00:16+00:00","og_image":[{"width":1200,"height":2400,"url":"https:\/\/www.fisan.com\/wp-content\/uploads\/2022\/10\/pack-deluxe-embutido-ag-3pe-00.jpg","type":"image\/jpeg"}],"twitter_card":"summary_large_image","twitter_misc":{"Prezzo":"","Disponibilit\u00e0":"Esaurito"},"schema":{"@context":"https:\/\/schema.org","@graph":[{"@type":"WebPage","@id":"https:\/\/www.fisan.com\/it\/ecommerce\/pack-deluxe-3-insaccati-ag-pezzi-interi-misti\/","url":"https:\/\/www.fisan.com\/it\/ecommerce\/pack-deluxe-3-insaccati-ag-pezzi-interi-misti\/","name":"Pack Deluxe 3 Salami Alta Gastronomia Interi Miste | FISAN","isPartOf":{"@id":"https:\/\/www.fisan.com\/it\/#website"},"primaryImageOfPage":{"@id":"https:\/\/www.fisan.com\/it\/ecommerce\/pack-deluxe-3-insaccati-ag-pezzi-interi-misti\/#primaryimage"},"image":{"@id":"https:\/\/www.fisan.com\/it\/ecommerce\/pack-deluxe-3-insaccati-ag-pezzi-interi-misti\/#primaryimage"},"thumbnailUrl":"https:\/\/www.fisan.com\/wp-content\/uploads\/2022\/10\/pack-deluxe-embutido-ag-3pe-00.jpg","datePublished":"2022-10-08T17:50:33+00:00","dateModified":"2023-11-12T23:00:16+00:00","breadcrumb":{"@id":"https:\/\/www.fisan.com\/it\/ecommerce\/pack-deluxe-3-insaccati-ag-pezzi-interi-misti\/#breadcrumb"},"inLanguage":"it-IT","potentialAction":[{"@type":"ReadAction","target":["https:\/\/www.fisan.com\/it\/ecommerce\/pack-deluxe-3-insaccati-ag-pezzi-interi-misti\/"]}]},{"@type":"ImageObject","inLanguage":"it-IT","@id":"https:\/\/www.fisan.com\/it\/ecommerce\/pack-deluxe-3-insaccati-ag-pezzi-interi-misti\/#primaryimage","url":"https:\/\/www.fisan.com\/wp-content\/uploads\/2022\/10\/pack-deluxe-embutido-ag-3pe-00.jpg","contentUrl":"https:\/\/www.fisan.com\/wp-content\/uploads\/2022\/10\/pack-deluxe-embutido-ag-3pe-00.jpg","width":1200,"height":2400,"caption":"Pack deluxe 3 salami alta gastronomia interi miste FISAN"},{"@type":"BreadcrumbList","@id":"https:\/\/www.fisan.com\/it\/ecommerce\/pack-deluxe-3-insaccati-ag-pezzi-interi-misti\/#breadcrumb","itemListElement":[{"@type":"ListItem","position":1,"name":"FISAN","item":"https:\/\/www.fisan.com\/it\/"},{"@type":"ListItem","position":2,"name":"Prodotti","item":"https:\/\/www.fisan.com\/it\/prodotti\/"},{"@type":"ListItem","position":3,"name":"Pack Deluxe 3 Salami Alta Gastronomia Interi Miste"}]},{"@type":"WebSite","@id":"https:\/\/www.fisan.com\/it\/#website","url":"https:\/\/www.fisan.com\/it\/","name":"FISAN","description":"FISAN | Jamones de bellota ib\u00e9rico y embutidos ib\u00e9ricos desde 1920","potentialAction":[{"@type":"SearchAction","target":{"@type":"EntryPoint","urlTemplate":"https:\/\/www.fisan.com\/it\/?s={search_term_string}"},"query-input":{"@type":"PropertyValueSpecification","valueRequired":true,"valueName":"search_term_string"}}],"inLanguage":"it-IT"}]},"product_price_currency":"EUR","og_availability":"out of stock","product_availability":"out of stock","product_retailer_item_id":"pa-3emAGEmix","product_condition":"new"},"_links":{"self":[{"href":"https:\/\/www.fisan.com\/it\/wp-json\/wp\/v2\/product\/33598","targetHints":{"allow":["GET"]}}],"collection":[{"href":"https:\/\/www.fisan.com\/it\/wp-json\/wp\/v2\/product"}],"about":[{"href":"https:\/\/www.fisan.com\/it\/wp-json\/wp\/v2\/types\/product"}],"version-history":[{"count":3,"href":"https:\/\/www.fisan.com\/it\/wp-json\/wp\/v2\/product\/33598\/revisions"}],"predecessor-version":[{"id":38334,"href":"https:\/\/www.fisan.com\/it\/wp-json\/wp\/v2\/product\/33598\/revisions\/38334"}],"wp:featuredmedia":[{"embeddable":true,"href":"https:\/\/www.fisan.com\/it\/wp-json\/wp\/v2\/media\/24583"}],"wp:attachment":[{"href":"https:\/\/www.fisan.com\/it\/wp-json\/wp\/v2\/media?parent=33598"}],"wp:term":[{"taxonomy":"product_brand","embeddable":true,"href":"https:\/\/www.fisan.com\/it\/wp-json\/wp\/v2\/product_brand?post=33598"},{"taxonomy":"product_cat","embeddable":true,"href":"https:\/\/www.fisan.com\/it\/wp-json\/wp\/v2\/product_cat?post=33598"},{"taxonomy":"product_tag","embeddable":true,"href":"https:\/\/www.fisan.com\/it\/wp-json\/wp\/v2\/product_tag?post=33598"},{"taxonomy":"gama","embeddable":true,"href":"https:\/\/www.fisan.com\/it\/wp-json\/wp\/v2\/gama?post=33598"},{"taxonomy":"calidad","embeddable":true,"href":"https:\/\/www.fisan.com\/it\/wp-json\/wp\/v2\/calidad?post=33598"}],"curies":[{"name":"wp","href":"https:\/\/api.w.org\/{rel}","templated":true}]}}