{"id":33909,"date":"2022-10-10T13:07:00","date_gmt":"2022-10-10T11:07:00","guid":{"rendered":"https:\/\/www.fisan.com\/producto\/longaniza-salchichon-iberica\/"},"modified":"2025-05-30T13:46:42","modified_gmt":"2025-05-30T11:46:42","slug":"salchichon-longaniza-iberica","status":"publish","type":"product","link":"https:\/\/www.fisan.com\/it\/ecommerce\/longaniza-salchichon-iberica\/","title":{"rendered":"Salchichon Longaniza Iberico 100 % Naturale"},"content":{"rendered":"","protected":false},"excerpt":{"rendered":"<p>La Salchichon Longaniza Iberico 100 % Naturale FISAN \u00e8 elaborata con la marinatura tradizionale per salami e con le carni pi\u00f9 pregiate del maiale che non vengono mai congelate. La longaniza a ferro di cavallo \u00e8 tipica della gastronomia spagnola. Per la sua stagionatura, si seguono i metodi tradizionali presso essiccatoi naturali, che le forniscono tutto il sapore tradizionale.<\/p>\n","protected":false},"featured_media":24995,"template":"","meta":{"_acf_changed":false,"_wp_rev_ctl_limit":""},"product_brand":[],"product_cat":[352],"product_tag":[521],"gama":[1375],"calidad":[515],"class_list":{"0":"post-33909","1":"product","2":"type-product","3":"status-publish","4":"has-post-thumbnail","6":"product_cat-4-insaccati","7":"product_tag-st","8":"gama-sabor-tradicional-it-2","9":"calidad-3-iberico-it","11":"first","12":"instock","13":"taxable","14":"shipping-taxable","15":"purchasable","16":"product-type-variable","17":"has-default-attributes"},"acf":[],"yoast_head":"<!-- This site is optimized with the Yoast SEO plugin v25.4 - https:\/\/yoast.com\/wordpress\/plugins\/seo\/ -->\n<title>Salchichon Longaniza Iberico 100 % Naturale | FISAN<\/title>\n<meta name=\"robots\" content=\"index, follow, max-snippet:-1, max-image-preview:large, max-video-preview:-1\" \/>\n<link rel=\"canonical\" href=\"https:\/\/www.fisan.com\/it\/ecommerce\/longaniza-salchichon-iberica\/\" \/>\n<meta property=\"og:locale\" content=\"it_IT\" \/>\n<meta property=\"og:type\" content=\"article\" \/>\n<meta property=\"og:title\" content=\"Salchichon Longaniza Iberico 100 % Naturale | FISAN\" \/>\n<meta property=\"og:description\" content=\"La Salchichon Longaniza Iberico 100 % Naturale FISAN \u00e8 elaborata con la marinatura tradizionale per salami e con le carni pi\u00f9 pregiate del maiale che non vengono mai congelate. La longaniza a ferro di cavallo \u00e8 tipica della gastronomia spagnola. Per la sua stagionatura, si seguono i metodi tradizionali presso essiccatoi naturali, che le forniscono tutto il sapore tradizionale.\" \/>\n<meta property=\"og:url\" content=\"https:\/\/www.fisan.com\/it\/ecommerce\/longaniza-salchichon-iberica\/\" \/>\n<meta property=\"og:site_name\" content=\"FISAN\" \/>\n<meta property=\"article:modified_time\" content=\"2025-05-30T11:46:42+00:00\" \/>\n<meta property=\"og:image\" content=\"https:\/\/www.fisan.com\/wp-content\/uploads\/2022\/10\/longaniza-salchichon-iberico-st-pe-00.jpg\" \/>\n\t<meta property=\"og:image:width\" content=\"1200\" \/>\n\t<meta property=\"og:image:height\" content=\"2400\" \/>\n\t<meta property=\"og:image:type\" content=\"image\/jpeg\" \/>\n<meta name=\"twitter:card\" content=\"summary_large_image\" \/>\n<meta name=\"twitter:label1\" content=\"Disponibilit\u00e0\" \/>\n\t<meta name=\"twitter:data1\" content=\"In stock\" \/>\n<script type=\"application\/ld+json\" class=\"yoast-schema-graph\">{\n\t    \"@context\": \"https:\/\/schema.org\",\n\t    \"@graph\": [\n\t        {\n\t            \"@type\": \"WebPage\",\n\t            \"@id\": \"https:\/\/www.fisan.com\/it\/ecommerce\/longaniza-salchichon-iberica\/\",\n\t            \"url\": \"https:\/\/www.fisan.com\/it\/ecommerce\/longaniza-salchichon-iberica\/\",\n\t            \"name\": \"Salchichon Longaniza Iberico 100 % Naturale | FISAN\",\n\t            \"isPartOf\": {\n\t                \"@id\": \"https:\/\/www.fisan.com\/it\/#website\"\n\t            },\n\t            \"primaryImageOfPage\": {\n\t                \"@id\": \"https:\/\/www.fisan.com\/it\/ecommerce\/longaniza-salchichon-iberica\/#primaryimage\"\n\t            },\n\t            \"image\": {\n\t                \"@id\": \"https:\/\/www.fisan.com\/it\/ecommerce\/longaniza-salchichon-iberica\/#primaryimage\"\n\t            },\n\t            \"thumbnailUrl\": \"https:\/\/www.fisan.com\/wp-content\/uploads\/2022\/10\/longaniza-salchichon-iberico-st-pe-00.jpg\",\n\t            \"datePublished\": \"2022-10-10T11:07:00+00:00\",\n\t            \"dateModified\": \"2025-05-30T11:46:42+00:00\",\n\t            \"breadcrumb\": {\n\t                \"@id\": \"https:\/\/www.fisan.com\/it\/ecommerce\/longaniza-salchichon-iberica\/#breadcrumb\"\n\t            },\n\t            \"inLanguage\": \"it-IT\",\n\t            \"potentialAction\": [\n\t                {\n\t                    \"@type\": \"ReadAction\",\n\t                    \"target\": [\n\t                        \"https:\/\/www.fisan.com\/it\/ecommerce\/longaniza-salchichon-iberica\/\"\n\t                    ]\n\t                }\n\t            ]\n\t        },\n\t        {\n\t            \"@type\": \"ImageObject\",\n\t            \"inLanguage\": \"it-IT\",\n\t            \"@id\": \"https:\/\/www.fisan.com\/it\/ecommerce\/longaniza-salchichon-iberica\/#primaryimage\",\n\t            \"url\": \"https:\/\/www.fisan.com\/wp-content\/uploads\/2022\/10\/longaniza-salchichon-iberico-st-pe-00.jpg\",\n\t            \"contentUrl\": \"https:\/\/www.fisan.com\/wp-content\/uploads\/2022\/10\/longaniza-salchichon-iberico-st-pe-00.jpg\",\n\t            \"width\": 1200,\n\t            \"height\": 2400,\n\t            \"caption\": \"Salchichon longaniza iberico FISAN\"\n\t        },\n\t        {\n\t            \"@type\": \"BreadcrumbList\",\n\t            \"@id\": \"https:\/\/www.fisan.com\/it\/ecommerce\/longaniza-salchichon-iberica\/#breadcrumb\",\n\t            \"itemListElement\": [\n\t                {\n\t                    \"@type\": \"ListItem\",\n\t                    \"position\": 1,\n\t                    \"name\": \"FISAN\",\n\t                    \"item\": \"https:\/\/www.fisan.com\/it\/\"\n\t                },\n\t                {\n\t                    \"@type\": \"ListItem\",\n\t                    \"position\": 2,\n\t                    \"name\": \"Prodotti\",\n\t                    \"item\": \"https:\/\/www.fisan.com\/it\/prodotti\/\"\n\t                },\n\t                {\n\t                    \"@type\": \"ListItem\",\n\t                    \"position\": 3,\n\t                    \"name\": \"Salchichon Longaniza Iberico 100 % Naturale\"\n\t                }\n\t            ]\n\t        },\n\t        {\n\t            \"@type\": \"WebSite\",\n\t            \"@id\": \"https:\/\/www.fisan.com\/it\/#website\",\n\t            \"url\": \"https:\/\/www.fisan.com\/it\/\",\n\t            \"name\": \"FISAN\",\n\t            \"description\": \"FISAN | Jamones de bellota ib\u00e9rico y embutidos ib\u00e9ricos desde 1920\",\n\t            \"potentialAction\": [\n\t                {\n\t                    \"@type\": \"SearchAction\",\n\t                    \"target\": {\n\t                        \"@type\": \"EntryPoint\",\n\t                        \"urlTemplate\": \"https:\/\/www.fisan.com\/it\/?s={search_term_string}\"\n\t                    },\n\t                    \"query-input\": {\n\t                        \"@type\": \"PropertyValueSpecification\",\n\t                        \"valueRequired\": true,\n\t                        \"valueName\": \"search_term_string\"\n\t                    }\n\t                }\n\t            ],\n\t            \"inLanguage\": \"it-IT\"\n\t        }\n\t    ]\n\t}<\/script>\n<meta property=\"og:availability\" content=\"instock\" \/>\n<meta property=\"product:availability\" content=\"instock\" \/>\n<meta property=\"product:retailer_item_id\" content=\"s-il50\" \/>\n<meta property=\"product:condition\" content=\"new\" \/>\n<!-- \/ Yoast SEO plugin. -->","yoast_head_json":{"title":"Salchichon Longaniza Iberico 100 % Naturale | FISAN","robots":{"index":"index","follow":"follow","max-snippet":"max-snippet:-1","max-image-preview":"max-image-preview:large","max-video-preview":"max-video-preview:-1"},"canonical":"https:\/\/www.fisan.com\/it\/ecommerce\/longaniza-salchichon-iberica\/","og_locale":"it_IT","og_type":"article","og_title":"Salchichon Longaniza Iberico 100 % Naturale | FISAN","og_description":"La Salchichon Longaniza Iberico 100 % Naturale FISAN \u00e8 elaborata con la marinatura tradizionale per salami e con le carni pi\u00f9 pregiate del maiale che non vengono mai congelate. La longaniza a ferro di cavallo \u00e8 tipica della gastronomia spagnola. Per la sua stagionatura, si seguono i metodi tradizionali presso essiccatoi naturali, che le forniscono tutto il sapore tradizionale.","og_url":"https:\/\/www.fisan.com\/it\/ecommerce\/longaniza-salchichon-iberica\/","og_site_name":"FISAN","article_modified_time":"2025-05-30T11:46:42+00:00","og_image":[{"width":1200,"height":2400,"url":"https:\/\/www.fisan.com\/wp-content\/uploads\/2022\/10\/longaniza-salchichon-iberico-st-pe-00.jpg","type":"image\/jpeg"}],"twitter_card":"summary_large_image","twitter_misc":{"Disponibilit\u00e0":"In stock"},"schema":{"@context":"https:\/\/schema.org","@graph":[{"@type":"WebPage","@id":"https:\/\/www.fisan.com\/it\/ecommerce\/longaniza-salchichon-iberica\/","url":"https:\/\/www.fisan.com\/it\/ecommerce\/longaniza-salchichon-iberica\/","name":"Salchichon Longaniza Iberico 100 % Naturale | FISAN","isPartOf":{"@id":"https:\/\/www.fisan.com\/it\/#website"},"primaryImageOfPage":{"@id":"https:\/\/www.fisan.com\/it\/ecommerce\/longaniza-salchichon-iberica\/#primaryimage"},"image":{"@id":"https:\/\/www.fisan.com\/it\/ecommerce\/longaniza-salchichon-iberica\/#primaryimage"},"thumbnailUrl":"https:\/\/www.fisan.com\/wp-content\/uploads\/2022\/10\/longaniza-salchichon-iberico-st-pe-00.jpg","datePublished":"2022-10-10T11:07:00+00:00","dateModified":"2025-05-30T11:46:42+00:00","breadcrumb":{"@id":"https:\/\/www.fisan.com\/it\/ecommerce\/longaniza-salchichon-iberica\/#breadcrumb"},"inLanguage":"it-IT","potentialAction":[{"@type":"ReadAction","target":["https:\/\/www.fisan.com\/it\/ecommerce\/longaniza-salchichon-iberica\/"]}]},{"@type":"ImageObject","inLanguage":"it-IT","@id":"https:\/\/www.fisan.com\/it\/ecommerce\/longaniza-salchichon-iberica\/#primaryimage","url":"https:\/\/www.fisan.com\/wp-content\/uploads\/2022\/10\/longaniza-salchichon-iberico-st-pe-00.jpg","contentUrl":"https:\/\/www.fisan.com\/wp-content\/uploads\/2022\/10\/longaniza-salchichon-iberico-st-pe-00.jpg","width":1200,"height":2400,"caption":"Salchichon longaniza iberico FISAN"},{"@type":"BreadcrumbList","@id":"https:\/\/www.fisan.com\/it\/ecommerce\/longaniza-salchichon-iberica\/#breadcrumb","itemListElement":[{"@type":"ListItem","position":1,"name":"FISAN","item":"https:\/\/www.fisan.com\/it\/"},{"@type":"ListItem","position":2,"name":"Prodotti","item":"https:\/\/www.fisan.com\/it\/prodotti\/"},{"@type":"ListItem","position":3,"name":"Salchichon Longaniza Iberico 100 % Naturale"}]},{"@type":"WebSite","@id":"https:\/\/www.fisan.com\/it\/#website","url":"https:\/\/www.fisan.com\/it\/","name":"FISAN","description":"FISAN | Jamones de bellota ib\u00e9rico y embutidos ib\u00e9ricos desde 1920","potentialAction":[{"@type":"SearchAction","target":{"@type":"EntryPoint","urlTemplate":"https:\/\/www.fisan.com\/it\/?s={search_term_string}"},"query-input":{"@type":"PropertyValueSpecification","valueRequired":true,"valueName":"search_term_string"}}],"inLanguage":"it-IT"}]},"og_availability":"instock","product_availability":"instock","product_retailer_item_id":"s-il50","product_condition":"new"},"_links":{"self":[{"href":"https:\/\/www.fisan.com\/it\/wp-json\/wp\/v2\/product\/33909","targetHints":{"allow":["GET"]}}],"collection":[{"href":"https:\/\/www.fisan.com\/it\/wp-json\/wp\/v2\/product"}],"about":[{"href":"https:\/\/www.fisan.com\/it\/wp-json\/wp\/v2\/types\/product"}],"version-history":[{"count":5,"href":"https:\/\/www.fisan.com\/it\/wp-json\/wp\/v2\/product\/33909\/revisions"}],"predecessor-version":[{"id":55971,"href":"https:\/\/www.fisan.com\/it\/wp-json\/wp\/v2\/product\/33909\/revisions\/55971"}],"wp:featuredmedia":[{"embeddable":true,"href":"https:\/\/www.fisan.com\/it\/wp-json\/wp\/v2\/media\/24995"}],"wp:attachment":[{"href":"https:\/\/www.fisan.com\/it\/wp-json\/wp\/v2\/media?parent=33909"}],"wp:term":[{"taxonomy":"product_brand","embeddable":true,"href":"https:\/\/www.fisan.com\/it\/wp-json\/wp\/v2\/product_brand?post=33909"},{"taxonomy":"product_cat","embeddable":true,"href":"https:\/\/www.fisan.com\/it\/wp-json\/wp\/v2\/product_cat?post=33909"},{"taxonomy":"product_tag","embeddable":true,"href":"https:\/\/www.fisan.com\/it\/wp-json\/wp\/v2\/product_tag?post=33909"},{"taxonomy":"gama","embeddable":true,"href":"https:\/\/www.fisan.com\/it\/wp-json\/wp\/v2\/gama?post=33909"},{"taxonomy":"calidad","embeddable":true,"href":"https:\/\/www.fisan.com\/it\/wp-json\/wp\/v2\/calidad?post=33909"}],"curies":[{"name":"wp","href":"https:\/\/api.w.org\/{rel}","templated":true}]}}