{"id":34241,"date":"2022-11-18T10:38:57","date_gmt":"2022-11-18T09:38:57","guid":{"rendered":"https:\/\/www.fisan.com\/producto\/paletta-di-bellota-50-di-razza-iberica-taglio-a-mano-deluxe\/"},"modified":"2024-11-21T14:33:12","modified_gmt":"2024-11-21T13:33:12","slug":"spalla-di-bellota-iberica-50-razza-iberica-taglio-a-mano-deluxe","status":"publish","type":"product","link":"https:\/\/www.fisan.com\/it\/ecommerce\/paletta-di-bellota-50-di-razza-iberica-taglio-a-mano-deluxe\/","title":{"rendered":"Spalla di Bellota Iberica 50% Razza Iberica Taglio a mano Deluxe"},"content":{"rendered":"<p>Assapora tutto il gusto tradizionale del spalla FISAN in <strong>2 pack con 10 confezioni da 100 grammi<\/strong> ciascuna. \u00c8 il modo pi\u00f9 semplice per gustare la miglior spalla di bellota iberica, o per regalarlo, dato che questo formato \u00e8 il regalo perfetto per i buongustai.<\/p>\n<p>&nbsp;<\/p>\n<p>La Spalla di Bellota Iberica 50% Razza Iberica \u00e8 relativamente magra e ha un sapore intenso. La sua stagionatura ottimale di oltre 34 mesi in cantine naturali contribuisce a un&#8217;infiltrazione omogenea di grasso e a un sapore intenso.<\/p>\n","protected":false},"excerpt":{"rendered":"<p>Assapora tutto il gusto tradizionale del spalla FISAN in 2 pack con 10 confezioni da 100 grammi ciascuna. \u00c8 il modo pi\u00f9 semplice per gustare la miglior spalla di bellota iberica, o per regalarlo, dato che questo formato \u00e8 il regalo perfetto per i buongustai. &nbsp; La Spalla di Bellota Iberica 50% Razza Iberica \u00e8 &#8230; <a title=\"Spalla di Bellota Iberica 50% Razza Iberica Taglio a mano Deluxe\" class=\"read-more\" href=\"https:\/\/www.fisan.com\/it\/ecommerce\/paletta-di-bellota-50-di-razza-iberica-taglio-a-mano-deluxe\/\" aria-label=\"Per saperne di pi\u00f9 su Spalla di Bellota Iberica 50% Razza Iberica Taglio a mano Deluxe\">Leggi tutto<\/a><\/p>\n","protected":false},"featured_media":24835,"template":"","meta":{"_acf_changed":false,"_wp_rev_ctl_limit":""},"product_brand":[],"product_cat":[346,384],"product_tag":[521],"gama":[1375],"calidad":[442],"class_list":{"0":"post-34241","1":"product","2":"type-product","3":"status-publish","4":"has-post-thumbnail","6":"product_cat-2-paletta","7":"product_cat-8-tagliato-a-mano-a-fette","8":"product_tag-st","9":"gama-sabor-tradicional-it-2","10":"calidad-1-bellota-iberico-it","12":"first","13":"instock","14":"taxable","15":"shipping-taxable","16":"purchasable","17":"product-type-variable","18":"has-default-attributes"},"acf":[],"yoast_head":"<!-- This site is optimized with the Yoast SEO plugin v25.4 - https:\/\/yoast.com\/wordpress\/plugins\/seo\/ -->\n<title>Spalla di Bellota Iberica 50% Razza Iberica Taglio a mano Deluxe | FISAN<\/title>\n<meta name=\"description\" content=\"Spalla di Bellota Iberica 50% Razza Iberica Taglio a mano DeluxeFISAN.\" \/>\n<meta name=\"robots\" content=\"index, follow, max-snippet:-1, max-image-preview:large, max-video-preview:-1\" \/>\n<link rel=\"canonical\" href=\"https:\/\/www.fisan.com\/it\/ecommerce\/paletta-di-bellota-50-di-razza-iberica-taglio-a-mano-deluxe\/\" \/>\n<meta property=\"og:locale\" content=\"it_IT\" \/>\n<meta property=\"og:type\" content=\"article\" \/>\n<meta property=\"og:title\" content=\"Spalla di Bellota Iberica 50% Razza Iberica Taglio a mano Deluxe | FISAN\" \/>\n<meta property=\"og:description\" content=\"Spalla di Bellota Iberica 50% Razza Iberica Taglio a mano DeluxeFISAN.\" \/>\n<meta property=\"og:url\" content=\"https:\/\/www.fisan.com\/it\/ecommerce\/paletta-di-bellota-50-di-razza-iberica-taglio-a-mano-deluxe\/\" \/>\n<meta property=\"og:site_name\" content=\"FISAN\" \/>\n<meta property=\"article:modified_time\" content=\"2024-11-21T13:33:12+00:00\" \/>\n<meta property=\"og:image\" content=\"https:\/\/www.fisan.com\/wp-content\/uploads\/2022\/10\/paleta-bellota-iberica-50-st-2cm10-00.jpg\" \/>\n\t<meta property=\"og:image:width\" content=\"1200\" \/>\n\t<meta property=\"og:image:height\" content=\"2400\" \/>\n\t<meta property=\"og:image:type\" content=\"image\/jpeg\" \/>\n<meta name=\"twitter:card\" content=\"summary_large_image\" \/>\n<meta name=\"twitter:label1\" content=\"Disponibilit\u00e0\" \/>\n\t<meta name=\"twitter:data1\" content=\"In stock\" \/>\n<script type=\"application\/ld+json\" class=\"yoast-schema-graph\">{\n\t    \"@context\": \"https:\/\/schema.org\",\n\t    \"@graph\": [\n\t        {\n\t            \"@type\": \"WebPage\",\n\t            \"@id\": \"https:\/\/www.fisan.com\/it\/ecommerce\/paletta-di-bellota-50-di-razza-iberica-taglio-a-mano-deluxe\/\",\n\t            \"url\": \"https:\/\/www.fisan.com\/it\/ecommerce\/paletta-di-bellota-50-di-razza-iberica-taglio-a-mano-deluxe\/\",\n\t            \"name\": \"Spalla di Bellota Iberica 50% Razza Iberica Taglio a mano Deluxe | FISAN\",\n\t            \"isPartOf\": {\n\t                \"@id\": \"https:\/\/www.fisan.com\/it\/#website\"\n\t            },\n\t            \"primaryImageOfPage\": {\n\t                \"@id\": \"https:\/\/www.fisan.com\/it\/ecommerce\/paletta-di-bellota-50-di-razza-iberica-taglio-a-mano-deluxe\/#primaryimage\"\n\t            },\n\t            \"image\": {\n\t                \"@id\": \"https:\/\/www.fisan.com\/it\/ecommerce\/paletta-di-bellota-50-di-razza-iberica-taglio-a-mano-deluxe\/#primaryimage\"\n\t            },\n\t            \"thumbnailUrl\": \"https:\/\/www.fisan.com\/wp-content\/uploads\/2022\/10\/paleta-bellota-iberica-50-st-2cm10-00.jpg\",\n\t            \"datePublished\": \"2022-11-18T09:38:57+00:00\",\n\t            \"dateModified\": \"2024-11-21T13:33:12+00:00\",\n\t            \"description\": \"Spalla di Bellota Iberica 50% Razza Iberica Taglio a mano DeluxeFISAN.\",\n\t            \"breadcrumb\": {\n\t                \"@id\": \"https:\/\/www.fisan.com\/it\/ecommerce\/paletta-di-bellota-50-di-razza-iberica-taglio-a-mano-deluxe\/#breadcrumb\"\n\t            },\n\t            \"inLanguage\": \"it-IT\",\n\t            \"potentialAction\": [\n\t                {\n\t                    \"@type\": \"ReadAction\",\n\t                    \"target\": [\n\t                        \"https:\/\/www.fisan.com\/it\/ecommerce\/paletta-di-bellota-50-di-razza-iberica-taglio-a-mano-deluxe\/\"\n\t                    ]\n\t                }\n\t            ]\n\t        },\n\t        {\n\t            \"@type\": \"ImageObject\",\n\t            \"inLanguage\": \"it-IT\",\n\t            \"@id\": \"https:\/\/www.fisan.com\/it\/ecommerce\/paletta-di-bellota-50-di-razza-iberica-taglio-a-mano-deluxe\/#primaryimage\",\n\t            \"url\": \"https:\/\/www.fisan.com\/wp-content\/uploads\/2022\/10\/paleta-bellota-iberica-50-st-2cm10-00.jpg\",\n\t            \"contentUrl\": \"https:\/\/www.fisan.com\/wp-content\/uploads\/2022\/10\/paleta-bellota-iberica-50-st-2cm10-00.jpg\",\n\t            \"width\": 1200,\n\t            \"height\": 2400,\n\t            \"caption\": \"Spalla di bellota iberica 50% razza iberica taglio a mano deluxe FISAN\"\n\t        },\n\t        {\n\t            \"@type\": \"BreadcrumbList\",\n\t            \"@id\": \"https:\/\/www.fisan.com\/it\/ecommerce\/paletta-di-bellota-50-di-razza-iberica-taglio-a-mano-deluxe\/#breadcrumb\",\n\t            \"itemListElement\": [\n\t                {\n\t                    \"@type\": \"ListItem\",\n\t                    \"position\": 1,\n\t                    \"name\": \"FISAN\",\n\t                    \"item\": \"https:\/\/www.fisan.com\/it\/\"\n\t                },\n\t                {\n\t                    \"@type\": \"ListItem\",\n\t                    \"position\": 2,\n\t                    \"name\": \"Prodotti\",\n\t                    \"item\": \"https:\/\/www.fisan.com\/it\/prodotti\/\"\n\t                },\n\t                {\n\t                    \"@type\": \"ListItem\",\n\t                    \"position\": 3,\n\t                    \"name\": \"Spalla di Bellota Iberica 50% Razza Iberica Taglio a mano Deluxe\"\n\t                }\n\t            ]\n\t        },\n\t        {\n\t            \"@type\": \"WebSite\",\n\t            \"@id\": \"https:\/\/www.fisan.com\/it\/#website\",\n\t            \"url\": \"https:\/\/www.fisan.com\/it\/\",\n\t            \"name\": \"FISAN\",\n\t            \"description\": \"FISAN | Jamones de bellota ib\u00e9rico y embutidos ib\u00e9ricos desde 1920\",\n\t            \"potentialAction\": [\n\t                {\n\t                    \"@type\": \"SearchAction\",\n\t                    \"target\": {\n\t                        \"@type\": \"EntryPoint\",\n\t                        \"urlTemplate\": \"https:\/\/www.fisan.com\/it\/?s={search_term_string}\"\n\t                    },\n\t                    \"query-input\": {\n\t                        \"@type\": \"PropertyValueSpecification\",\n\t                        \"valueRequired\": true,\n\t                        \"valueName\": \"search_term_string\"\n\t                    }\n\t                }\n\t            ],\n\t            \"inLanguage\": \"it-IT\"\n\t        }\n\t    ]\n\t}<\/script>\n<meta property=\"og:availability\" content=\"instock\" \/>\n<meta property=\"product:availability\" content=\"instock\" \/>\n<meta property=\"product:retailer_item_id\" content=\"p-bi50CMD\" \/>\n<meta property=\"product:condition\" content=\"new\" \/>\n<!-- \/ Yoast SEO plugin. -->","yoast_head_json":{"title":"Spalla di Bellota Iberica 50% Razza Iberica Taglio a mano Deluxe | FISAN","description":"Spalla di Bellota Iberica 50% Razza Iberica Taglio a mano DeluxeFISAN.","robots":{"index":"index","follow":"follow","max-snippet":"max-snippet:-1","max-image-preview":"max-image-preview:large","max-video-preview":"max-video-preview:-1"},"canonical":"https:\/\/www.fisan.com\/it\/ecommerce\/paletta-di-bellota-50-di-razza-iberica-taglio-a-mano-deluxe\/","og_locale":"it_IT","og_type":"article","og_title":"Spalla di Bellota Iberica 50% Razza Iberica Taglio a mano Deluxe | FISAN","og_description":"Spalla di Bellota Iberica 50% Razza Iberica Taglio a mano DeluxeFISAN.","og_url":"https:\/\/www.fisan.com\/it\/ecommerce\/paletta-di-bellota-50-di-razza-iberica-taglio-a-mano-deluxe\/","og_site_name":"FISAN","article_modified_time":"2024-11-21T13:33:12+00:00","og_image":[{"width":1200,"height":2400,"url":"https:\/\/www.fisan.com\/wp-content\/uploads\/2022\/10\/paleta-bellota-iberica-50-st-2cm10-00.jpg","type":"image\/jpeg"}],"twitter_card":"summary_large_image","twitter_misc":{"Disponibilit\u00e0":"In stock"},"schema":{"@context":"https:\/\/schema.org","@graph":[{"@type":"WebPage","@id":"https:\/\/www.fisan.com\/it\/ecommerce\/paletta-di-bellota-50-di-razza-iberica-taglio-a-mano-deluxe\/","url":"https:\/\/www.fisan.com\/it\/ecommerce\/paletta-di-bellota-50-di-razza-iberica-taglio-a-mano-deluxe\/","name":"Spalla di Bellota Iberica 50% Razza Iberica Taglio a mano Deluxe | FISAN","isPartOf":{"@id":"https:\/\/www.fisan.com\/it\/#website"},"primaryImageOfPage":{"@id":"https:\/\/www.fisan.com\/it\/ecommerce\/paletta-di-bellota-50-di-razza-iberica-taglio-a-mano-deluxe\/#primaryimage"},"image":{"@id":"https:\/\/www.fisan.com\/it\/ecommerce\/paletta-di-bellota-50-di-razza-iberica-taglio-a-mano-deluxe\/#primaryimage"},"thumbnailUrl":"https:\/\/www.fisan.com\/wp-content\/uploads\/2022\/10\/paleta-bellota-iberica-50-st-2cm10-00.jpg","datePublished":"2022-11-18T09:38:57+00:00","dateModified":"2024-11-21T13:33:12+00:00","description":"Spalla di Bellota Iberica 50% Razza Iberica Taglio a mano DeluxeFISAN.","breadcrumb":{"@id":"https:\/\/www.fisan.com\/it\/ecommerce\/paletta-di-bellota-50-di-razza-iberica-taglio-a-mano-deluxe\/#breadcrumb"},"inLanguage":"it-IT","potentialAction":[{"@type":"ReadAction","target":["https:\/\/www.fisan.com\/it\/ecommerce\/paletta-di-bellota-50-di-razza-iberica-taglio-a-mano-deluxe\/"]}]},{"@type":"ImageObject","inLanguage":"it-IT","@id":"https:\/\/www.fisan.com\/it\/ecommerce\/paletta-di-bellota-50-di-razza-iberica-taglio-a-mano-deluxe\/#primaryimage","url":"https:\/\/www.fisan.com\/wp-content\/uploads\/2022\/10\/paleta-bellota-iberica-50-st-2cm10-00.jpg","contentUrl":"https:\/\/www.fisan.com\/wp-content\/uploads\/2022\/10\/paleta-bellota-iberica-50-st-2cm10-00.jpg","width":1200,"height":2400,"caption":"Spalla di bellota iberica 50% razza iberica taglio a mano deluxe FISAN"},{"@type":"BreadcrumbList","@id":"https:\/\/www.fisan.com\/it\/ecommerce\/paletta-di-bellota-50-di-razza-iberica-taglio-a-mano-deluxe\/#breadcrumb","itemListElement":[{"@type":"ListItem","position":1,"name":"FISAN","item":"https:\/\/www.fisan.com\/it\/"},{"@type":"ListItem","position":2,"name":"Prodotti","item":"https:\/\/www.fisan.com\/it\/prodotti\/"},{"@type":"ListItem","position":3,"name":"Spalla di Bellota Iberica 50% Razza Iberica Taglio a mano Deluxe"}]},{"@type":"WebSite","@id":"https:\/\/www.fisan.com\/it\/#website","url":"https:\/\/www.fisan.com\/it\/","name":"FISAN","description":"FISAN | Jamones de bellota ib\u00e9rico y embutidos ib\u00e9ricos desde 1920","potentialAction":[{"@type":"SearchAction","target":{"@type":"EntryPoint","urlTemplate":"https:\/\/www.fisan.com\/it\/?s={search_term_string}"},"query-input":{"@type":"PropertyValueSpecification","valueRequired":true,"valueName":"search_term_string"}}],"inLanguage":"it-IT"}]},"og_availability":"instock","product_availability":"instock","product_retailer_item_id":"p-bi50CMD","product_condition":"new"},"_links":{"self":[{"href":"https:\/\/www.fisan.com\/it\/wp-json\/wp\/v2\/product\/34241","targetHints":{"allow":["GET"]}}],"collection":[{"href":"https:\/\/www.fisan.com\/it\/wp-json\/wp\/v2\/product"}],"about":[{"href":"https:\/\/www.fisan.com\/it\/wp-json\/wp\/v2\/types\/product"}],"version-history":[{"count":8,"href":"https:\/\/www.fisan.com\/it\/wp-json\/wp\/v2\/product\/34241\/revisions"}],"predecessor-version":[{"id":51745,"href":"https:\/\/www.fisan.com\/it\/wp-json\/wp\/v2\/product\/34241\/revisions\/51745"}],"wp:featuredmedia":[{"embeddable":true,"href":"https:\/\/www.fisan.com\/it\/wp-json\/wp\/v2\/media\/24835"}],"wp:attachment":[{"href":"https:\/\/www.fisan.com\/it\/wp-json\/wp\/v2\/media?parent=34241"}],"wp:term":[{"taxonomy":"product_brand","embeddable":true,"href":"https:\/\/www.fisan.com\/it\/wp-json\/wp\/v2\/product_brand?post=34241"},{"taxonomy":"product_cat","embeddable":true,"href":"https:\/\/www.fisan.com\/it\/wp-json\/wp\/v2\/product_cat?post=34241"},{"taxonomy":"product_tag","embeddable":true,"href":"https:\/\/www.fisan.com\/it\/wp-json\/wp\/v2\/product_tag?post=34241"},{"taxonomy":"gama","embeddable":true,"href":"https:\/\/www.fisan.com\/it\/wp-json\/wp\/v2\/gama?post=34241"},{"taxonomy":"calidad","embeddable":true,"href":"https:\/\/www.fisan.com\/it\/wp-json\/wp\/v2\/calidad?post=34241"}],"curies":[{"name":"wp","href":"https:\/\/api.w.org\/{rel}","templated":true}]}}