{"id":34289,"date":"2022-11-18T13:53:47","date_gmt":"2022-11-18T12:53:47","guid":{"rendered":"https:\/\/www.fisan.com\/producto\/salame-salchichon-di-bellota-tartufato-a-fette\/"},"modified":"2025-05-30T13:27:35","modified_gmt":"2025-05-30T11:27:35","slug":"salchichon-di-bellota-iberico-tartufo-nero-a-fette","status":"publish","type":"product","link":"https:\/\/www.fisan.com\/it\/ecommerce\/salame-salchichon-di-bellota-tartufato-a-fette\/","title":{"rendered":"Salchichon di Bellota Iberico Alta Gastronomia tartufo Nero 100 % Naturale a fette"},"content":{"rendered":"<p>Goditi il miglior Salchichon di Bellota Iberico tartufo Nero 100 % Naturale affettata e pronta da gustare in qualsiasi momento.<\/p>\n<p>&nbsp;<\/p>\n<p>Ogni pack comprende <strong>10 confezioni da 100 g<\/strong> in un formato perfetto da regalare.<\/p>\n<p>&nbsp;<\/p>\n<p>Il Salchichon di Bellota Iberico tartufo Nero 100 % Naturale rappresenta la perfezione delle carni nobili del maiale di bellota, della pluma, della presa e del secreto, selezionate ogni stagione. E, dopo anni di ricerca, incorpora nella sua ricetta il tartufo nero. Dopo una stagionatura di otto mesi nelle nostre cantine naturali, il Salchichon di Bellota Iberico tartufo Nero offre un sapore e un aroma unici.<\/p>\n","protected":false},"excerpt":{"rendered":"<p>Goditi il miglior Salchichon di Bellota Iberico tartufo Nero 100 % Naturale affettata e pronta da gustare in qualsiasi momento. &nbsp; Ogni pack comprende 10 confezioni da 100 g in un formato perfetto da regalare. &nbsp; Il Salchichon di Bellota Iberico tartufo Nero 100 % Naturale rappresenta la perfezione delle carni nobili del maiale di &#8230; <a title=\"Salchichon di Bellota Iberico Alta Gastronomia tartufo Nero 100 % Naturale a fette\" class=\"read-more\" href=\"https:\/\/www.fisan.com\/it\/ecommerce\/salame-salchichon-di-bellota-tartufato-a-fette\/\" aria-label=\"Per saperne di pi\u00f9 su Salchichon di Bellota Iberico Alta Gastronomia tartufo Nero 100 % Naturale a fette\">Leggi tutto<\/a><\/p>\n","protected":false},"featured_media":26781,"template":"","meta":{"_acf_changed":false,"_wp_rev_ctl_limit":""},"product_brand":[],"product_cat":[352,384],"product_tag":[315],"gama":[437],"calidad":[442],"class_list":{"0":"post-34289","1":"product","2":"type-product","3":"status-publish","4":"has-post-thumbnail","6":"product_cat-4-insaccati","7":"product_cat-8-tagliato-a-mano-a-fette","8":"product_tag-ag","9":"gama-alta-gastronomia-it","10":"calidad-1-bellota-iberico-it","12":"first","13":"instock","14":"taxable","15":"shipping-taxable","16":"purchasable","17":"product-type-variable","18":"has-default-attributes"},"acf":[],"yoast_head":"<!-- This site is optimized with the Yoast SEO plugin v25.4 - https:\/\/yoast.com\/wordpress\/plugins\/seo\/ -->\n<title>Salchichon di Bellota Iberico Alta Gastronomia tartufo Nero 100 % Naturale a fette | FISAN<\/title>\n<meta name=\"description\" content=\"Salchichon di Bellota Iberico tartufo Nero a fette FISAN.\" \/>\n<meta name=\"robots\" content=\"index, follow, max-snippet:-1, max-image-preview:large, max-video-preview:-1\" \/>\n<link rel=\"canonical\" href=\"https:\/\/www.fisan.com\/it\/ecommerce\/salame-salchichon-di-bellota-tartufato-a-fette\/\" \/>\n<meta property=\"og:locale\" content=\"it_IT\" \/>\n<meta property=\"og:type\" content=\"article\" \/>\n<meta property=\"og:title\" content=\"Salchichon di Bellota Iberico Alta Gastronomia tartufo Nero 100 % Naturale a fette | FISAN\" \/>\n<meta property=\"og:description\" content=\"Salchichon di Bellota Iberico tartufo Nero a fette FISAN.\" \/>\n<meta property=\"og:url\" content=\"https:\/\/www.fisan.com\/it\/ecommerce\/salame-salchichon-di-bellota-tartufato-a-fette\/\" \/>\n<meta property=\"og:site_name\" content=\"FISAN\" \/>\n<meta property=\"article:modified_time\" content=\"2025-05-30T11:27:35+00:00\" \/>\n<meta property=\"og:image\" content=\"https:\/\/www.fisan.com\/wp-content\/uploads\/2022\/10\/salchichon-bellota-iberico-ag-cm-00.jpg\" \/>\n\t<meta property=\"og:image:width\" content=\"1200\" \/>\n\t<meta property=\"og:image:height\" content=\"2400\" \/>\n\t<meta property=\"og:image:type\" content=\"image\/jpeg\" \/>\n<meta name=\"twitter:card\" content=\"summary_large_image\" \/>\n<meta name=\"twitter:label1\" content=\"Disponibilit\u00e0\" \/>\n\t<meta name=\"twitter:data1\" content=\"In stock\" \/>\n<script type=\"application\/ld+json\" class=\"yoast-schema-graph\">{\n\t    \"@context\": \"https:\/\/schema.org\",\n\t    \"@graph\": [\n\t        {\n\t            \"@type\": \"WebPage\",\n\t            \"@id\": \"https:\/\/www.fisan.com\/it\/ecommerce\/salame-salchichon-di-bellota-tartufato-a-fette\/\",\n\t            \"url\": \"https:\/\/www.fisan.com\/it\/ecommerce\/salame-salchichon-di-bellota-tartufato-a-fette\/\",\n\t            \"name\": \"Salchichon di Bellota Iberico Alta Gastronomia tartufo Nero 100 % Naturale a fette | FISAN\",\n\t            \"isPartOf\": {\n\t                \"@id\": \"https:\/\/www.fisan.com\/it\/#website\"\n\t            },\n\t            \"primaryImageOfPage\": {\n\t                \"@id\": \"https:\/\/www.fisan.com\/it\/ecommerce\/salame-salchichon-di-bellota-tartufato-a-fette\/#primaryimage\"\n\t            },\n\t            \"image\": {\n\t                \"@id\": \"https:\/\/www.fisan.com\/it\/ecommerce\/salame-salchichon-di-bellota-tartufato-a-fette\/#primaryimage\"\n\t            },\n\t            \"thumbnailUrl\": \"https:\/\/www.fisan.com\/wp-content\/uploads\/2022\/10\/salchichon-bellota-iberico-ag-cm-00.jpg\",\n\t            \"datePublished\": \"2022-11-18T12:53:47+00:00\",\n\t            \"dateModified\": \"2025-05-30T11:27:35+00:00\",\n\t            \"description\": \"Salchichon di Bellota Iberico tartufo Nero a fette FISAN.\",\n\t            \"breadcrumb\": {\n\t                \"@id\": \"https:\/\/www.fisan.com\/it\/ecommerce\/salame-salchichon-di-bellota-tartufato-a-fette\/#breadcrumb\"\n\t            },\n\t            \"inLanguage\": \"it-IT\",\n\t            \"potentialAction\": [\n\t                {\n\t                    \"@type\": \"ReadAction\",\n\t                    \"target\": [\n\t                        \"https:\/\/www.fisan.com\/it\/ecommerce\/salame-salchichon-di-bellota-tartufato-a-fette\/\"\n\t                    ]\n\t                }\n\t            ]\n\t        },\n\t        {\n\t            \"@type\": \"ImageObject\",\n\t            \"inLanguage\": \"it-IT\",\n\t            \"@id\": \"https:\/\/www.fisan.com\/it\/ecommerce\/salame-salchichon-di-bellota-tartufato-a-fette\/#primaryimage\",\n\t            \"url\": \"https:\/\/www.fisan.com\/wp-content\/uploads\/2022\/10\/salchichon-bellota-iberico-ag-cm-00.jpg\",\n\t            \"contentUrl\": \"https:\/\/www.fisan.com\/wp-content\/uploads\/2022\/10\/salchichon-bellota-iberico-ag-cm-00.jpg\",\n\t            \"width\": 1200,\n\t            \"height\": 2400,\n\t            \"caption\": \"Salchich\u00f3n de Bellota Ib\u00e9rico 100% Natural con Trufa Negra Alta Gastronom\u00eda cortado loncheado\"\n\t        },\n\t        {\n\t            \"@type\": \"BreadcrumbList\",\n\t            \"@id\": \"https:\/\/www.fisan.com\/it\/ecommerce\/salame-salchichon-di-bellota-tartufato-a-fette\/#breadcrumb\",\n\t            \"itemListElement\": [\n\t                {\n\t                    \"@type\": \"ListItem\",\n\t                    \"position\": 1,\n\t                    \"name\": \"FISAN\",\n\t                    \"item\": \"https:\/\/www.fisan.com\/it\/\"\n\t                },\n\t                {\n\t                    \"@type\": \"ListItem\",\n\t                    \"position\": 2,\n\t                    \"name\": \"Prodotti\",\n\t                    \"item\": \"https:\/\/www.fisan.com\/it\/prodotti\/\"\n\t                },\n\t                {\n\t                    \"@type\": \"ListItem\",\n\t                    \"position\": 3,\n\t                    \"name\": \"Salchichon di Bellota Iberico Alta Gastronomia tartufo Nero 100 % Naturale a fette\"\n\t                }\n\t            ]\n\t        },\n\t        {\n\t            \"@type\": \"WebSite\",\n\t            \"@id\": \"https:\/\/www.fisan.com\/it\/#website\",\n\t            \"url\": \"https:\/\/www.fisan.com\/it\/\",\n\t            \"name\": \"FISAN\",\n\t            \"description\": \"FISAN | Jamones de bellota ib\u00e9rico y embutidos ib\u00e9ricos desde 1920\",\n\t            \"potentialAction\": [\n\t                {\n\t                    \"@type\": \"SearchAction\",\n\t                    \"target\": {\n\t                        \"@type\": \"EntryPoint\",\n\t                        \"urlTemplate\": \"https:\/\/www.fisan.com\/it\/?s={search_term_string}\"\n\t                    },\n\t                    \"query-input\": {\n\t                        \"@type\": \"PropertyValueSpecification\",\n\t                        \"valueRequired\": true,\n\t                        \"valueName\": \"search_term_string\"\n\t                    }\n\t                }\n\t            ],\n\t            \"inLanguage\": \"it-IT\"\n\t        }\n\t    ]\n\t}<\/script>\n<meta property=\"og:availability\" content=\"instock\" \/>\n<meta property=\"product:availability\" content=\"instock\" \/>\n<meta property=\"product:retailer_item_id\" content=\"s-bi100CL\" \/>\n<meta property=\"product:condition\" content=\"new\" \/>\n<!-- \/ Yoast SEO plugin. -->","yoast_head_json":{"title":"Salchichon di Bellota Iberico Alta Gastronomia tartufo Nero 100 % Naturale a fette | FISAN","description":"Salchichon di Bellota Iberico tartufo Nero a fette FISAN.","robots":{"index":"index","follow":"follow","max-snippet":"max-snippet:-1","max-image-preview":"max-image-preview:large","max-video-preview":"max-video-preview:-1"},"canonical":"https:\/\/www.fisan.com\/it\/ecommerce\/salame-salchichon-di-bellota-tartufato-a-fette\/","og_locale":"it_IT","og_type":"article","og_title":"Salchichon di Bellota Iberico Alta Gastronomia tartufo Nero 100 % Naturale a fette | FISAN","og_description":"Salchichon di Bellota Iberico tartufo Nero a fette FISAN.","og_url":"https:\/\/www.fisan.com\/it\/ecommerce\/salame-salchichon-di-bellota-tartufato-a-fette\/","og_site_name":"FISAN","article_modified_time":"2025-05-30T11:27:35+00:00","og_image":[{"width":1200,"height":2400,"url":"https:\/\/www.fisan.com\/wp-content\/uploads\/2022\/10\/salchichon-bellota-iberico-ag-cm-00.jpg","type":"image\/jpeg"}],"twitter_card":"summary_large_image","twitter_misc":{"Disponibilit\u00e0":"In stock"},"schema":{"@context":"https:\/\/schema.org","@graph":[{"@type":"WebPage","@id":"https:\/\/www.fisan.com\/it\/ecommerce\/salame-salchichon-di-bellota-tartufato-a-fette\/","url":"https:\/\/www.fisan.com\/it\/ecommerce\/salame-salchichon-di-bellota-tartufato-a-fette\/","name":"Salchichon di Bellota Iberico Alta Gastronomia tartufo Nero 100 % Naturale a fette | FISAN","isPartOf":{"@id":"https:\/\/www.fisan.com\/it\/#website"},"primaryImageOfPage":{"@id":"https:\/\/www.fisan.com\/it\/ecommerce\/salame-salchichon-di-bellota-tartufato-a-fette\/#primaryimage"},"image":{"@id":"https:\/\/www.fisan.com\/it\/ecommerce\/salame-salchichon-di-bellota-tartufato-a-fette\/#primaryimage"},"thumbnailUrl":"https:\/\/www.fisan.com\/wp-content\/uploads\/2022\/10\/salchichon-bellota-iberico-ag-cm-00.jpg","datePublished":"2022-11-18T12:53:47+00:00","dateModified":"2025-05-30T11:27:35+00:00","description":"Salchichon di Bellota Iberico tartufo Nero a fette FISAN.","breadcrumb":{"@id":"https:\/\/www.fisan.com\/it\/ecommerce\/salame-salchichon-di-bellota-tartufato-a-fette\/#breadcrumb"},"inLanguage":"it-IT","potentialAction":[{"@type":"ReadAction","target":["https:\/\/www.fisan.com\/it\/ecommerce\/salame-salchichon-di-bellota-tartufato-a-fette\/"]}]},{"@type":"ImageObject","inLanguage":"it-IT","@id":"https:\/\/www.fisan.com\/it\/ecommerce\/salame-salchichon-di-bellota-tartufato-a-fette\/#primaryimage","url":"https:\/\/www.fisan.com\/wp-content\/uploads\/2022\/10\/salchichon-bellota-iberico-ag-cm-00.jpg","contentUrl":"https:\/\/www.fisan.com\/wp-content\/uploads\/2022\/10\/salchichon-bellota-iberico-ag-cm-00.jpg","width":1200,"height":2400,"caption":"Salchich\u00f3n de Bellota Ib\u00e9rico 100% Natural con Trufa Negra Alta Gastronom\u00eda cortado loncheado"},{"@type":"BreadcrumbList","@id":"https:\/\/www.fisan.com\/it\/ecommerce\/salame-salchichon-di-bellota-tartufato-a-fette\/#breadcrumb","itemListElement":[{"@type":"ListItem","position":1,"name":"FISAN","item":"https:\/\/www.fisan.com\/it\/"},{"@type":"ListItem","position":2,"name":"Prodotti","item":"https:\/\/www.fisan.com\/it\/prodotti\/"},{"@type":"ListItem","position":3,"name":"Salchichon di Bellota Iberico Alta Gastronomia tartufo Nero 100 % Naturale a fette"}]},{"@type":"WebSite","@id":"https:\/\/www.fisan.com\/it\/#website","url":"https:\/\/www.fisan.com\/it\/","name":"FISAN","description":"FISAN | Jamones de bellota ib\u00e9rico y embutidos ib\u00e9ricos desde 1920","potentialAction":[{"@type":"SearchAction","target":{"@type":"EntryPoint","urlTemplate":"https:\/\/www.fisan.com\/it\/?s={search_term_string}"},"query-input":{"@type":"PropertyValueSpecification","valueRequired":true,"valueName":"search_term_string"}}],"inLanguage":"it-IT"}]},"og_availability":"instock","product_availability":"instock","product_retailer_item_id":"s-bi100CL","product_condition":"new"},"_links":{"self":[{"href":"https:\/\/www.fisan.com\/it\/wp-json\/wp\/v2\/product\/34289","targetHints":{"allow":["GET"]}}],"collection":[{"href":"https:\/\/www.fisan.com\/it\/wp-json\/wp\/v2\/product"}],"about":[{"href":"https:\/\/www.fisan.com\/it\/wp-json\/wp\/v2\/types\/product"}],"version-history":[{"count":8,"href":"https:\/\/www.fisan.com\/it\/wp-json\/wp\/v2\/product\/34289\/revisions"}],"predecessor-version":[{"id":55914,"href":"https:\/\/www.fisan.com\/it\/wp-json\/wp\/v2\/product\/34289\/revisions\/55914"}],"wp:featuredmedia":[{"embeddable":true,"href":"https:\/\/www.fisan.com\/it\/wp-json\/wp\/v2\/media\/26781"}],"wp:attachment":[{"href":"https:\/\/www.fisan.com\/it\/wp-json\/wp\/v2\/media?parent=34289"}],"wp:term":[{"taxonomy":"product_brand","embeddable":true,"href":"https:\/\/www.fisan.com\/it\/wp-json\/wp\/v2\/product_brand?post=34289"},{"taxonomy":"product_cat","embeddable":true,"href":"https:\/\/www.fisan.com\/it\/wp-json\/wp\/v2\/product_cat?post=34289"},{"taxonomy":"product_tag","embeddable":true,"href":"https:\/\/www.fisan.com\/it\/wp-json\/wp\/v2\/product_tag?post=34289"},{"taxonomy":"gama","embeddable":true,"href":"https:\/\/www.fisan.com\/it\/wp-json\/wp\/v2\/gama?post=34289"},{"taxonomy":"calidad","embeddable":true,"href":"https:\/\/www.fisan.com\/it\/wp-json\/wp\/v2\/calidad?post=34289"}],"curies":[{"name":"wp","href":"https:\/\/api.w.org\/{rel}","templated":true}]}}