{"id":37245,"date":"2022-11-17T10:42:21","date_gmt":"2022-11-17T09:42:21","guid":{"rendered":"https:\/\/www.fisan.com\/producto\/pack-deluxe-alta-gastronomia-jamon-lomo-y-embutido\/"},"modified":"2023-11-13T00:00:19","modified_gmt":"2023-11-12T23:00:19","slug":"pack-deluxe-prosciutto-lonza-insaccati-alta-gastronomia","status":"publish","type":"product","link":"https:\/\/www.fisan.com\/it\/ecommerce\/pack-deluxe-alta-gastronomia-jamon-lomo-y-embutido\/","title":{"rendered":"Pack Deluxe Prosciutto, Lonza e Insaccati Alta Gastronom\u00eda"},"content":{"rendered":"<p>Regalare il prosciutto \u00e8 un&#8217;idea con la quale avrai sempre ragione. Il nostro nuovo formato da 1 scatola da 10 bustine da 100 g di Prosciutto di Bellota Iberico 75% Razza Iberica Alta Gastronomia \u00e8 perfetto per sorprendere i palati pi\u00f9 raffinati con il Gusto Alta Gastronomia FISAN. Se, inoltre, il pacchetto \u00e8 integrato con: <\/p>\n<ul>\n<li>1 mezzo pezzo di Salchichon di Bellota Iberico Alta Gastronomia Tartufo Nero.<\/li>\n<li>1 mezzo pezzo di Chorizo di Bellota Iberico Alta Gastronomia.<\/li>\n<li>1 Mezzo Pezzo di Lomo di Bellota 100% Iberico.<\/li>\n<\/ul>\n<p>REGALO: <strong>grembiule ricamato FISAN<\/strong><\/p>\n","protected":false},"excerpt":{"rendered":"<p>Regalare il prosciutto \u00e8 un&#8217;idea con la quale avrai sempre ragione. Il nostro nuovo formato da 1 scatola da 10 bustine da 100 g di Prosciutto di Bellota Iberico 75% Razza Iberica Alta Gastronomia \u00e8 perfetto per sorprendere i palati pi\u00f9 raffinati con il Gusto Alta Gastronomia FISAN. Se, inoltre, il pacchetto \u00e8 integrato con: &#8230; <a title=\"Pack Deluxe Prosciutto, Lonza e Insaccati Alta Gastronom\u00eda\" class=\"read-more\" href=\"https:\/\/www.fisan.com\/it\/ecommerce\/pack-deluxe-alta-gastronomia-jamon-lomo-y-embutido\/\" aria-label=\"Per saperne di pi\u00f9 su Pack Deluxe Prosciutto, Lonza e Insaccati Alta Gastronom\u00eda\">Leggi tutto<\/a><\/p>\n","protected":false},"featured_media":27552,"template":"","meta":{"_acf_changed":false,"_wp_rev_ctl_limit":""},"product_brand":[],"product_cat":[359],"product_tag":[315],"gama":[437],"calidad":[442],"class_list":{"0":"post-37245","1":"product","2":"type-product","3":"status-publish","4":"has-post-thumbnail","6":"product_cat-6-lotti","7":"product_tag-ag","8":"gama-alta-gastronomia-it","9":"calidad-1-bellota-iberico-it","11":"first","12":"outofstock","13":"sold-individually","14":"taxable","15":"shipping-taxable","16":"product-type-simple"},"acf":[],"yoast_head":"<!-- This site is optimized with the Yoast SEO plugin v25.4 - https:\/\/yoast.com\/wordpress\/plugins\/seo\/ -->\n<title>Pack Deluxe Prosciutto, Lonza e Insaccati Alta Gastronom\u00eda | FISAN<\/title>\n<meta name=\"robots\" content=\"index, follow, max-snippet:-1, max-image-preview:large, max-video-preview:-1\" \/>\n<link rel=\"canonical\" href=\"https:\/\/www.fisan.com\/it\/ecommerce\/pack-deluxe-alta-gastronomia-jamon-lomo-y-embutido\/\" \/>\n<meta property=\"og:locale\" content=\"it_IT\" \/>\n<meta property=\"og:type\" content=\"article\" \/>\n<meta property=\"og:title\" content=\"Pack Deluxe Prosciutto, Lonza e Insaccati Alta Gastronom\u00eda | FISAN\" \/>\n<meta property=\"og:description\" content=\"Regalare il prosciutto \u00e8 un&#8217;idea con la quale avrai sempre ragione. Il nostro nuovo formato da 1 scatola da 10 bustine da 100 g di Prosciutto di Bellota Iberico 75% Razza Iberica Alta Gastronomia \u00e8 perfetto per sorprendere i palati pi\u00f9 raffinati con il Gusto Alta Gastronomia FISAN. Se, inoltre, il pacchetto \u00e8 integrato con: ... Leggi tutto\" \/>\n<meta property=\"og:url\" content=\"https:\/\/www.fisan.com\/it\/ecommerce\/pack-deluxe-alta-gastronomia-jamon-lomo-y-embutido\/\" \/>\n<meta property=\"og:site_name\" content=\"FISAN\" \/>\n<meta property=\"article:modified_time\" content=\"2023-11-12T23:00:19+00:00\" \/>\n<meta property=\"og:image\" content=\"https:\/\/www.fisan.com\/wp-content\/uploads\/2022\/11\/pack-deluxe-mixto-ag-cm10-3m-00.jpg\" \/>\n\t<meta property=\"og:image:width\" content=\"1200\" \/>\n\t<meta property=\"og:image:height\" content=\"2400\" \/>\n\t<meta property=\"og:image:type\" content=\"image\/jpeg\" \/>\n<meta name=\"twitter:card\" content=\"summary_large_image\" \/>\n<meta name=\"twitter:label1\" content=\"Prezzo\" \/>\n\t<meta name=\"twitter:data1\" content=\"\" \/>\n\t<meta name=\"twitter:label2\" content=\"Disponibilit\u00e0\" \/>\n\t<meta name=\"twitter:data2\" content=\"Esaurito\" \/>\n<script type=\"application\/ld+json\" class=\"yoast-schema-graph\">{\n\t    \"@context\": \"https:\/\/schema.org\",\n\t    \"@graph\": [\n\t        {\n\t            \"@type\": \"WebPage\",\n\t            \"@id\": \"https:\/\/www.fisan.com\/it\/ecommerce\/pack-deluxe-alta-gastronomia-jamon-lomo-y-embutido\/\",\n\t            \"url\": \"https:\/\/www.fisan.com\/it\/ecommerce\/pack-deluxe-alta-gastronomia-jamon-lomo-y-embutido\/\",\n\t            \"name\": \"Pack Deluxe Prosciutto, Lonza e Insaccati Alta Gastronom\u00eda | FISAN\",\n\t            \"isPartOf\": {\n\t                \"@id\": \"https:\/\/www.fisan.com\/it\/#website\"\n\t            },\n\t            \"primaryImageOfPage\": {\n\t                \"@id\": \"https:\/\/www.fisan.com\/it\/ecommerce\/pack-deluxe-alta-gastronomia-jamon-lomo-y-embutido\/#primaryimage\"\n\t            },\n\t            \"image\": {\n\t                \"@id\": \"https:\/\/www.fisan.com\/it\/ecommerce\/pack-deluxe-alta-gastronomia-jamon-lomo-y-embutido\/#primaryimage\"\n\t            },\n\t            \"thumbnailUrl\": \"https:\/\/www.fisan.com\/wp-content\/uploads\/2022\/11\/pack-deluxe-mixto-ag-cm10-3m-00.jpg\",\n\t            \"datePublished\": \"2022-11-17T09:42:21+00:00\",\n\t            \"dateModified\": \"2023-11-12T23:00:19+00:00\",\n\t            \"breadcrumb\": {\n\t                \"@id\": \"https:\/\/www.fisan.com\/it\/ecommerce\/pack-deluxe-alta-gastronomia-jamon-lomo-y-embutido\/#breadcrumb\"\n\t            },\n\t            \"inLanguage\": \"it-IT\",\n\t            \"potentialAction\": [\n\t                {\n\t                    \"@type\": \"ReadAction\",\n\t                    \"target\": [\n\t                        \"https:\/\/www.fisan.com\/it\/ecommerce\/pack-deluxe-alta-gastronomia-jamon-lomo-y-embutido\/\"\n\t                    ]\n\t                }\n\t            ]\n\t        },\n\t        {\n\t            \"@type\": \"ImageObject\",\n\t            \"inLanguage\": \"it-IT\",\n\t            \"@id\": \"https:\/\/www.fisan.com\/it\/ecommerce\/pack-deluxe-alta-gastronomia-jamon-lomo-y-embutido\/#primaryimage\",\n\t            \"url\": \"https:\/\/www.fisan.com\/wp-content\/uploads\/2022\/11\/pack-deluxe-mixto-ag-cm10-3m-00.jpg\",\n\t            \"contentUrl\": \"https:\/\/www.fisan.com\/wp-content\/uploads\/2022\/11\/pack-deluxe-mixto-ag-cm10-3m-00.jpg\",\n\t            \"width\": 1200,\n\t            \"height\": 2400,\n\t            \"caption\": \"Pack Deluxe 3 embutido ST piezas enteras mixto\"\n\t        },\n\t        {\n\t            \"@type\": \"BreadcrumbList\",\n\t            \"@id\": \"https:\/\/www.fisan.com\/it\/ecommerce\/pack-deluxe-alta-gastronomia-jamon-lomo-y-embutido\/#breadcrumb\",\n\t            \"itemListElement\": [\n\t                {\n\t                    \"@type\": \"ListItem\",\n\t                    \"position\": 1,\n\t                    \"name\": \"FISAN\",\n\t                    \"item\": \"https:\/\/www.fisan.com\/it\/\"\n\t                },\n\t                {\n\t                    \"@type\": \"ListItem\",\n\t                    \"position\": 2,\n\t                    \"name\": \"Prodotti\",\n\t                    \"item\": \"https:\/\/www.fisan.com\/it\/prodotti\/\"\n\t                },\n\t                {\n\t                    \"@type\": \"ListItem\",\n\t                    \"position\": 3,\n\t                    \"name\": \"Pack Deluxe Prosciutto, Lonza e Insaccati Alta Gastronom\u00eda\"\n\t                }\n\t            ]\n\t        },\n\t        {\n\t            \"@type\": \"WebSite\",\n\t            \"@id\": \"https:\/\/www.fisan.com\/it\/#website\",\n\t            \"url\": \"https:\/\/www.fisan.com\/it\/\",\n\t            \"name\": \"FISAN\",\n\t            \"description\": \"FISAN | Jamones de bellota ib\u00e9rico y embutidos ib\u00e9ricos desde 1920\",\n\t            \"potentialAction\": [\n\t                {\n\t                    \"@type\": \"SearchAction\",\n\t                    \"target\": {\n\t                        \"@type\": \"EntryPoint\",\n\t                        \"urlTemplate\": \"https:\/\/www.fisan.com\/it\/?s={search_term_string}\"\n\t                    },\n\t                    \"query-input\": {\n\t                        \"@type\": \"PropertyValueSpecification\",\n\t                        \"valueRequired\": true,\n\t                        \"valueName\": \"search_term_string\"\n\t                    }\n\t                }\n\t            ],\n\t            \"inLanguage\": \"it-IT\"\n\t        }\n\t    ]\n\t}<\/script>\n<meta property=\"product:price:currency\" content=\"EUR\" \/>\n<meta property=\"og:availability\" content=\"out of stock\" \/>\n<meta property=\"product:availability\" content=\"out of stock\" \/>\n<meta property=\"product:retailer_item_id\" content=\"pa-jleAG\" \/>\n<meta property=\"product:condition\" content=\"new\" \/>\n<!-- \/ Yoast SEO plugin. -->","yoast_head_json":{"title":"Pack Deluxe Prosciutto, Lonza e Insaccati Alta Gastronom\u00eda | FISAN","robots":{"index":"index","follow":"follow","max-snippet":"max-snippet:-1","max-image-preview":"max-image-preview:large","max-video-preview":"max-video-preview:-1"},"canonical":"https:\/\/www.fisan.com\/it\/ecommerce\/pack-deluxe-alta-gastronomia-jamon-lomo-y-embutido\/","og_locale":"it_IT","og_type":"article","og_title":"Pack Deluxe Prosciutto, Lonza e Insaccati Alta Gastronom\u00eda | FISAN","og_description":"Regalare il prosciutto \u00e8 un&#8217;idea con la quale avrai sempre ragione. Il nostro nuovo formato da 1 scatola da 10 bustine da 100 g di Prosciutto di Bellota Iberico 75% Razza Iberica Alta Gastronomia \u00e8 perfetto per sorprendere i palati pi\u00f9 raffinati con il Gusto Alta Gastronomia FISAN. Se, inoltre, il pacchetto \u00e8 integrato con: ... Leggi tutto","og_url":"https:\/\/www.fisan.com\/it\/ecommerce\/pack-deluxe-alta-gastronomia-jamon-lomo-y-embutido\/","og_site_name":"FISAN","article_modified_time":"2023-11-12T23:00:19+00:00","og_image":[{"width":1200,"height":2400,"url":"https:\/\/www.fisan.com\/wp-content\/uploads\/2022\/11\/pack-deluxe-mixto-ag-cm10-3m-00.jpg","type":"image\/jpeg"}],"twitter_card":"summary_large_image","twitter_misc":{"Prezzo":"","Disponibilit\u00e0":"Esaurito"},"schema":{"@context":"https:\/\/schema.org","@graph":[{"@type":"WebPage","@id":"https:\/\/www.fisan.com\/it\/ecommerce\/pack-deluxe-alta-gastronomia-jamon-lomo-y-embutido\/","url":"https:\/\/www.fisan.com\/it\/ecommerce\/pack-deluxe-alta-gastronomia-jamon-lomo-y-embutido\/","name":"Pack Deluxe Prosciutto, Lonza e Insaccati Alta Gastronom\u00eda | FISAN","isPartOf":{"@id":"https:\/\/www.fisan.com\/it\/#website"},"primaryImageOfPage":{"@id":"https:\/\/www.fisan.com\/it\/ecommerce\/pack-deluxe-alta-gastronomia-jamon-lomo-y-embutido\/#primaryimage"},"image":{"@id":"https:\/\/www.fisan.com\/it\/ecommerce\/pack-deluxe-alta-gastronomia-jamon-lomo-y-embutido\/#primaryimage"},"thumbnailUrl":"https:\/\/www.fisan.com\/wp-content\/uploads\/2022\/11\/pack-deluxe-mixto-ag-cm10-3m-00.jpg","datePublished":"2022-11-17T09:42:21+00:00","dateModified":"2023-11-12T23:00:19+00:00","breadcrumb":{"@id":"https:\/\/www.fisan.com\/it\/ecommerce\/pack-deluxe-alta-gastronomia-jamon-lomo-y-embutido\/#breadcrumb"},"inLanguage":"it-IT","potentialAction":[{"@type":"ReadAction","target":["https:\/\/www.fisan.com\/it\/ecommerce\/pack-deluxe-alta-gastronomia-jamon-lomo-y-embutido\/"]}]},{"@type":"ImageObject","inLanguage":"it-IT","@id":"https:\/\/www.fisan.com\/it\/ecommerce\/pack-deluxe-alta-gastronomia-jamon-lomo-y-embutido\/#primaryimage","url":"https:\/\/www.fisan.com\/wp-content\/uploads\/2022\/11\/pack-deluxe-mixto-ag-cm10-3m-00.jpg","contentUrl":"https:\/\/www.fisan.com\/wp-content\/uploads\/2022\/11\/pack-deluxe-mixto-ag-cm10-3m-00.jpg","width":1200,"height":2400,"caption":"Pack Deluxe 3 embutido ST piezas enteras mixto"},{"@type":"BreadcrumbList","@id":"https:\/\/www.fisan.com\/it\/ecommerce\/pack-deluxe-alta-gastronomia-jamon-lomo-y-embutido\/#breadcrumb","itemListElement":[{"@type":"ListItem","position":1,"name":"FISAN","item":"https:\/\/www.fisan.com\/it\/"},{"@type":"ListItem","position":2,"name":"Prodotti","item":"https:\/\/www.fisan.com\/it\/prodotti\/"},{"@type":"ListItem","position":3,"name":"Pack Deluxe Prosciutto, Lonza e Insaccati Alta Gastronom\u00eda"}]},{"@type":"WebSite","@id":"https:\/\/www.fisan.com\/it\/#website","url":"https:\/\/www.fisan.com\/it\/","name":"FISAN","description":"FISAN | Jamones de bellota ib\u00e9rico y embutidos ib\u00e9ricos desde 1920","potentialAction":[{"@type":"SearchAction","target":{"@type":"EntryPoint","urlTemplate":"https:\/\/www.fisan.com\/it\/?s={search_term_string}"},"query-input":{"@type":"PropertyValueSpecification","valueRequired":true,"valueName":"search_term_string"}}],"inLanguage":"it-IT"}]},"product_price_currency":"EUR","og_availability":"out of stock","product_availability":"out of stock","product_retailer_item_id":"pa-jleAG","product_condition":"new"},"_links":{"self":[{"href":"https:\/\/www.fisan.com\/it\/wp-json\/wp\/v2\/product\/37245","targetHints":{"allow":["GET"]}}],"collection":[{"href":"https:\/\/www.fisan.com\/it\/wp-json\/wp\/v2\/product"}],"about":[{"href":"https:\/\/www.fisan.com\/it\/wp-json\/wp\/v2\/types\/product"}],"version-history":[{"count":1,"href":"https:\/\/www.fisan.com\/it\/wp-json\/wp\/v2\/product\/37245\/revisions"}],"predecessor-version":[{"id":38144,"href":"https:\/\/www.fisan.com\/it\/wp-json\/wp\/v2\/product\/37245\/revisions\/38144"}],"wp:featuredmedia":[{"embeddable":true,"href":"https:\/\/www.fisan.com\/it\/wp-json\/wp\/v2\/media\/27552"}],"wp:attachment":[{"href":"https:\/\/www.fisan.com\/it\/wp-json\/wp\/v2\/media?parent=37245"}],"wp:term":[{"taxonomy":"product_brand","embeddable":true,"href":"https:\/\/www.fisan.com\/it\/wp-json\/wp\/v2\/product_brand?post=37245"},{"taxonomy":"product_cat","embeddable":true,"href":"https:\/\/www.fisan.com\/it\/wp-json\/wp\/v2\/product_cat?post=37245"},{"taxonomy":"product_tag","embeddable":true,"href":"https:\/\/www.fisan.com\/it\/wp-json\/wp\/v2\/product_tag?post=37245"},{"taxonomy":"gama","embeddable":true,"href":"https:\/\/www.fisan.com\/it\/wp-json\/wp\/v2\/gama?post=37245"},{"taxonomy":"calidad","embeddable":true,"href":"https:\/\/www.fisan.com\/it\/wp-json\/wp\/v2\/calidad?post=37245"}],"curies":[{"name":"wp","href":"https:\/\/api.w.org\/{rel}","templated":true}]}}