{"id":55672,"date":"2024-05-23T15:28:38","date_gmt":"2024-05-23T13:28:38","guid":{"rendered":"https:\/\/www.fisan.com\/?post_type=product&#038;p=55672"},"modified":"2025-06-06T14:04:12","modified_gmt":"2025-06-06T12:04:12","slug":"salchichon-vela-di-bellota-iberico-naturale-tartufo-nero","status":"publish","type":"product","link":"https:\/\/www.fisan.com\/it\/producto\/salchichon-vela-di-bellota-iberico-naturale-tartufo-nero\/","title":{"rendered":"Salchichon Vela di Bellota Iberico Tartufo Nero Alta Gastronomia 100% Naturale"},"content":{"rendered":"<p>Il Salchichon Vela di Bellota Iberico Tartufo Nero Alta Gastronomia 100% Naturale rappresenta la perfezione delle carni nobili del maiale alimentato a ghianda, prede e segreti, selezionati ogni stagione. E, dopo anni di ricerca, incorpora il tartufo nero nella sua ricetta. Per questo motivo, una volta riposato per otto mesi nelle nostre cantine naturali, offre un sapore e un aroma unici.<\/p>\n","protected":false},"excerpt":{"rendered":"<p>Il Salchichon Vela di Bellota Iberico Tartufo Nero Alta Gastronomia 100% Naturale rappresenta la perfezione delle carni nobili del maiale alimentato a ghianda, prede e segreti, selezionati ogni stagione. E, dopo anni di ricerca, incorpora il tartufo nero nella sua ricetta. Per questo motivo, una volta riposato per otto mesi nelle nostre cantine naturali, offre &#8230; <a title=\"Salchichon Vela di Bellota Iberico Tartufo Nero Alta Gastronomia 100% Naturale\" class=\"read-more\" href=\"https:\/\/www.fisan.com\/it\/producto\/salchichon-vela-di-bellota-iberico-naturale-tartufo-nero\/\" aria-label=\"Per saperne di pi\u00f9 su Salchichon Vela di Bellota Iberico Tartufo Nero Alta Gastronomia 100% Naturale\">Leggi tutto<\/a><\/p>\n","protected":false},"featured_media":45839,"template":"","meta":{"_acf_changed":false,"_wp_rev_ctl_limit":""},"product_brand":[],"product_cat":[352],"product_tag":[315,531,316],"gama":[437],"calidad":[442],"class_list":{"0":"post-55672","1":"product","2":"type-product","3":"status-publish","4":"has-post-thumbnail","6":"product_cat-4-insaccati","7":"product_tag-ag","8":"product_tag-destacados-embutido","9":"product_tag-destacados-inicio","10":"gama-alta-gastronomia-it","11":"calidad-1-bellota-iberico-it","13":"first","14":"instock","15":"taxable","16":"shipping-taxable","17":"purchasable","18":"product-type-variable","19":"has-default-attributes"},"acf":[],"yoast_head":"<!-- This site is optimized with the Yoast SEO plugin v25.4 - https:\/\/yoast.com\/wordpress\/plugins\/seo\/ -->\n<title>Salchichon Vela di Bellota Iberico Tartufo Nero Alta Gastronomia 100% Naturale | FISAN<\/title>\n<meta name=\"robots\" content=\"index, follow, max-snippet:-1, max-image-preview:large, max-video-preview:-1\" \/>\n<link rel=\"canonical\" href=\"https:\/\/www.fisan.com\/it\/producto\/salchichon-vela-di-bellota-iberico-naturale-tartufo-nero\/\" \/>\n<meta property=\"og:locale\" content=\"it_IT\" \/>\n<meta property=\"og:type\" content=\"article\" \/>\n<meta property=\"og:title\" content=\"Salchichon Vela di Bellota Iberico Tartufo Nero Alta Gastronomia 100% Naturale | FISAN\" \/>\n<meta property=\"og:description\" content=\"Il Salchichon Vela di Bellota Iberico Tartufo Nero Alta Gastronomia 100% Naturale rappresenta la perfezione delle carni nobili del maiale alimentato a ghianda, prede e segreti, selezionati ogni stagione. E, dopo anni di ricerca, incorpora il tartufo nero nella sua ricetta. Per questo motivo, una volta riposato per otto mesi nelle nostre cantine naturali, offre ... Leggi tutto\" \/>\n<meta property=\"og:url\" content=\"https:\/\/www.fisan.com\/it\/producto\/salchichon-vela-di-bellota-iberico-naturale-tartufo-nero\/\" \/>\n<meta property=\"og:site_name\" content=\"FISAN\" \/>\n<meta property=\"article:modified_time\" content=\"2025-06-06T12:04:12+00:00\" \/>\n<meta property=\"og:image\" content=\"https:\/\/www.fisan.com\/wp-content\/uploads\/2024\/05\/salchichon-vela-iberico-bellota-ag-pe-00.jpg\" \/>\n\t<meta property=\"og:image:width\" content=\"1200\" \/>\n\t<meta property=\"og:image:height\" content=\"2400\" \/>\n\t<meta property=\"og:image:type\" content=\"image\/jpeg\" \/>\n<meta name=\"twitter:card\" content=\"summary_large_image\" \/>\n<meta name=\"twitter:label1\" content=\"Disponibilit\u00e0\" \/>\n\t<meta name=\"twitter:data1\" content=\"In stock\" \/>\n<script type=\"application\/ld+json\" class=\"yoast-schema-graph\">{\n\t    \"@context\": \"https:\/\/schema.org\",\n\t    \"@graph\": [\n\t        {\n\t            \"@type\": \"WebPage\",\n\t            \"@id\": \"https:\/\/www.fisan.com\/it\/producto\/salchichon-vela-di-bellota-iberico-naturale-tartufo-nero\/\",\n\t            \"url\": \"https:\/\/www.fisan.com\/it\/producto\/salchichon-vela-di-bellota-iberico-naturale-tartufo-nero\/\",\n\t            \"name\": \"Salchichon Vela di Bellota Iberico Tartufo Nero Alta Gastronomia 100% Naturale | FISAN\",\n\t            \"isPartOf\": {\n\t                \"@id\": \"https:\/\/www.fisan.com\/it\/#website\"\n\t            },\n\t            \"primaryImageOfPage\": {\n\t                \"@id\": \"https:\/\/www.fisan.com\/it\/producto\/salchichon-vela-di-bellota-iberico-naturale-tartufo-nero\/#primaryimage\"\n\t            },\n\t            \"image\": {\n\t                \"@id\": \"https:\/\/www.fisan.com\/it\/producto\/salchichon-vela-di-bellota-iberico-naturale-tartufo-nero\/#primaryimage\"\n\t            },\n\t            \"thumbnailUrl\": \"https:\/\/www.fisan.com\/wp-content\/uploads\/2024\/05\/salchichon-vela-iberico-bellota-ag-pe-00.jpg\",\n\t            \"datePublished\": \"2024-05-23T13:28:38+00:00\",\n\t            \"dateModified\": \"2025-06-06T12:04:12+00:00\",\n\t            \"breadcrumb\": {\n\t                \"@id\": \"https:\/\/www.fisan.com\/it\/producto\/salchichon-vela-di-bellota-iberico-naturale-tartufo-nero\/#breadcrumb\"\n\t            },\n\t            \"inLanguage\": \"it-IT\",\n\t            \"potentialAction\": [\n\t                {\n\t                    \"@type\": \"ReadAction\",\n\t                    \"target\": [\n\t                        \"https:\/\/www.fisan.com\/it\/producto\/salchichon-vela-di-bellota-iberico-naturale-tartufo-nero\/\"\n\t                    ]\n\t                }\n\t            ]\n\t        },\n\t        {\n\t            \"@type\": \"ImageObject\",\n\t            \"inLanguage\": \"it-IT\",\n\t            \"@id\": \"https:\/\/www.fisan.com\/it\/producto\/salchichon-vela-di-bellota-iberico-naturale-tartufo-nero\/#primaryimage\",\n\t            \"url\": \"https:\/\/www.fisan.com\/wp-content\/uploads\/2024\/05\/salchichon-vela-iberico-bellota-ag-pe-00.jpg\",\n\t            \"contentUrl\": \"https:\/\/www.fisan.com\/wp-content\/uploads\/2024\/05\/salchichon-vela-iberico-bellota-ag-pe-00.jpg\",\n\t            \"width\": 1200,\n\t            \"height\": 2400,\n\t            \"caption\": \"Salchich\u00f3n Vela de Bellota Ib\u00e9rica 100% Natural con Trufa Negra Alta Gastronom\u00eda\"\n\t        },\n\t        {\n\t            \"@type\": \"BreadcrumbList\",\n\t            \"@id\": \"https:\/\/www.fisan.com\/it\/producto\/salchichon-vela-di-bellota-iberico-naturale-tartufo-nero\/#breadcrumb\",\n\t            \"itemListElement\": [\n\t                {\n\t                    \"@type\": \"ListItem\",\n\t                    \"position\": 1,\n\t                    \"name\": \"FISAN\",\n\t                    \"item\": \"https:\/\/www.fisan.com\/it\/\"\n\t                },\n\t                {\n\t                    \"@type\": \"ListItem\",\n\t                    \"position\": 2,\n\t                    \"name\": \"Prodotti\",\n\t                    \"item\": \"https:\/\/www.fisan.com\/it\/prodotti\/\"\n\t                },\n\t                {\n\t                    \"@type\": \"ListItem\",\n\t                    \"position\": 3,\n\t                    \"name\": \"Salchichon Vela di Bellota Iberico Tartufo Nero Alta Gastronomia 100% Naturale\"\n\t                }\n\t            ]\n\t        },\n\t        {\n\t            \"@type\": \"WebSite\",\n\t            \"@id\": \"https:\/\/www.fisan.com\/it\/#website\",\n\t            \"url\": \"https:\/\/www.fisan.com\/it\/\",\n\t            \"name\": \"FISAN\",\n\t            \"description\": \"FISAN | Jamones de bellota ib\u00e9rico y embutidos ib\u00e9ricos desde 1920\",\n\t            \"potentialAction\": [\n\t                {\n\t                    \"@type\": \"SearchAction\",\n\t                    \"target\": {\n\t                        \"@type\": \"EntryPoint\",\n\t                        \"urlTemplate\": \"https:\/\/www.fisan.com\/it\/?s={search_term_string}\"\n\t                    },\n\t                    \"query-input\": {\n\t                        \"@type\": \"PropertyValueSpecification\",\n\t                        \"valueRequired\": true,\n\t                        \"valueName\": \"search_term_string\"\n\t                    }\n\t                }\n\t            ],\n\t            \"inLanguage\": \"it-IT\"\n\t        }\n\t    ]\n\t}<\/script>\n<meta property=\"og:availability\" content=\"instock\" \/>\n<meta property=\"product:availability\" content=\"instock\" \/>\n<meta property=\"product:retailer_item_id\" content=\"s-bi100-1\" \/>\n<meta property=\"product:condition\" content=\"new\" \/>\n<!-- \/ Yoast SEO plugin. -->","yoast_head_json":{"title":"Salchichon Vela di Bellota Iberico Tartufo Nero Alta Gastronomia 100% Naturale | FISAN","robots":{"index":"index","follow":"follow","max-snippet":"max-snippet:-1","max-image-preview":"max-image-preview:large","max-video-preview":"max-video-preview:-1"},"canonical":"https:\/\/www.fisan.com\/it\/producto\/salchichon-vela-di-bellota-iberico-naturale-tartufo-nero\/","og_locale":"it_IT","og_type":"article","og_title":"Salchichon Vela di Bellota Iberico Tartufo Nero Alta Gastronomia 100% Naturale | FISAN","og_description":"Il Salchichon Vela di Bellota Iberico Tartufo Nero Alta Gastronomia 100% Naturale rappresenta la perfezione delle carni nobili del maiale alimentato a ghianda, prede e segreti, selezionati ogni stagione. E, dopo anni di ricerca, incorpora il tartufo nero nella sua ricetta. Per questo motivo, una volta riposato per otto mesi nelle nostre cantine naturali, offre ... Leggi tutto","og_url":"https:\/\/www.fisan.com\/it\/producto\/salchichon-vela-di-bellota-iberico-naturale-tartufo-nero\/","og_site_name":"FISAN","article_modified_time":"2025-06-06T12:04:12+00:00","og_image":[{"width":1200,"height":2400,"url":"https:\/\/www.fisan.com\/wp-content\/uploads\/2024\/05\/salchichon-vela-iberico-bellota-ag-pe-00.jpg","type":"image\/jpeg"}],"twitter_card":"summary_large_image","twitter_misc":{"Disponibilit\u00e0":"In stock"},"schema":{"@context":"https:\/\/schema.org","@graph":[{"@type":"WebPage","@id":"https:\/\/www.fisan.com\/it\/producto\/salchichon-vela-di-bellota-iberico-naturale-tartufo-nero\/","url":"https:\/\/www.fisan.com\/it\/producto\/salchichon-vela-di-bellota-iberico-naturale-tartufo-nero\/","name":"Salchichon Vela di Bellota Iberico Tartufo Nero Alta Gastronomia 100% Naturale | FISAN","isPartOf":{"@id":"https:\/\/www.fisan.com\/it\/#website"},"primaryImageOfPage":{"@id":"https:\/\/www.fisan.com\/it\/producto\/salchichon-vela-di-bellota-iberico-naturale-tartufo-nero\/#primaryimage"},"image":{"@id":"https:\/\/www.fisan.com\/it\/producto\/salchichon-vela-di-bellota-iberico-naturale-tartufo-nero\/#primaryimage"},"thumbnailUrl":"https:\/\/www.fisan.com\/wp-content\/uploads\/2024\/05\/salchichon-vela-iberico-bellota-ag-pe-00.jpg","datePublished":"2024-05-23T13:28:38+00:00","dateModified":"2025-06-06T12:04:12+00:00","breadcrumb":{"@id":"https:\/\/www.fisan.com\/it\/producto\/salchichon-vela-di-bellota-iberico-naturale-tartufo-nero\/#breadcrumb"},"inLanguage":"it-IT","potentialAction":[{"@type":"ReadAction","target":["https:\/\/www.fisan.com\/it\/producto\/salchichon-vela-di-bellota-iberico-naturale-tartufo-nero\/"]}]},{"@type":"ImageObject","inLanguage":"it-IT","@id":"https:\/\/www.fisan.com\/it\/producto\/salchichon-vela-di-bellota-iberico-naturale-tartufo-nero\/#primaryimage","url":"https:\/\/www.fisan.com\/wp-content\/uploads\/2024\/05\/salchichon-vela-iberico-bellota-ag-pe-00.jpg","contentUrl":"https:\/\/www.fisan.com\/wp-content\/uploads\/2024\/05\/salchichon-vela-iberico-bellota-ag-pe-00.jpg","width":1200,"height":2400,"caption":"Salchich\u00f3n Vela de Bellota Ib\u00e9rica 100% Natural con Trufa Negra Alta Gastronom\u00eda"},{"@type":"BreadcrumbList","@id":"https:\/\/www.fisan.com\/it\/producto\/salchichon-vela-di-bellota-iberico-naturale-tartufo-nero\/#breadcrumb","itemListElement":[{"@type":"ListItem","position":1,"name":"FISAN","item":"https:\/\/www.fisan.com\/it\/"},{"@type":"ListItem","position":2,"name":"Prodotti","item":"https:\/\/www.fisan.com\/it\/prodotti\/"},{"@type":"ListItem","position":3,"name":"Salchichon Vela di Bellota Iberico Tartufo Nero Alta Gastronomia 100% Naturale"}]},{"@type":"WebSite","@id":"https:\/\/www.fisan.com\/it\/#website","url":"https:\/\/www.fisan.com\/it\/","name":"FISAN","description":"FISAN | Jamones de bellota ib\u00e9rico y embutidos ib\u00e9ricos desde 1920","potentialAction":[{"@type":"SearchAction","target":{"@type":"EntryPoint","urlTemplate":"https:\/\/www.fisan.com\/it\/?s={search_term_string}"},"query-input":{"@type":"PropertyValueSpecification","valueRequired":true,"valueName":"search_term_string"}}],"inLanguage":"it-IT"}]},"og_availability":"instock","product_availability":"instock","product_retailer_item_id":"s-bi100-1","product_condition":"new"},"_links":{"self":[{"href":"https:\/\/www.fisan.com\/it\/wp-json\/wp\/v2\/product\/55672","targetHints":{"allow":["GET"]}}],"collection":[{"href":"https:\/\/www.fisan.com\/it\/wp-json\/wp\/v2\/product"}],"about":[{"href":"https:\/\/www.fisan.com\/it\/wp-json\/wp\/v2\/types\/product"}],"version-history":[{"count":7,"href":"https:\/\/www.fisan.com\/it\/wp-json\/wp\/v2\/product\/55672\/revisions"}],"predecessor-version":[{"id":56172,"href":"https:\/\/www.fisan.com\/it\/wp-json\/wp\/v2\/product\/55672\/revisions\/56172"}],"wp:featuredmedia":[{"embeddable":true,"href":"https:\/\/www.fisan.com\/it\/wp-json\/wp\/v2\/media\/45839"}],"wp:attachment":[{"href":"https:\/\/www.fisan.com\/it\/wp-json\/wp\/v2\/media?parent=55672"}],"wp:term":[{"taxonomy":"product_brand","embeddable":true,"href":"https:\/\/www.fisan.com\/it\/wp-json\/wp\/v2\/product_brand?post=55672"},{"taxonomy":"product_cat","embeddable":true,"href":"https:\/\/www.fisan.com\/it\/wp-json\/wp\/v2\/product_cat?post=55672"},{"taxonomy":"product_tag","embeddable":true,"href":"https:\/\/www.fisan.com\/it\/wp-json\/wp\/v2\/product_tag?post=55672"},{"taxonomy":"gama","embeddable":true,"href":"https:\/\/www.fisan.com\/it\/wp-json\/wp\/v2\/gama?post=55672"},{"taxonomy":"calidad","embeddable":true,"href":"https:\/\/www.fisan.com\/it\/wp-json\/wp\/v2\/calidad?post=55672"}],"curies":[{"name":"wp","href":"https:\/\/api.w.org\/{rel}","templated":true}]}}