{"id":60515,"date":"2026-01-22T08:27:17","date_gmt":"2026-01-22T07:27:17","guid":{"rendered":"https:\/\/www.fisan.com\/?post_type=product&#038;p=60515"},"modified":"2026-01-23T14:51:58","modified_gmt":"2026-01-23T13:51:58","slug":"fuet-de-bellota-iberico","status":"publish","type":"product","link":"https:\/\/www.fisan.com\/it\/ecommerce\/fuet-de-bellota-iberico\/","title":{"rendered":"Fuet de Bellota Iberico Alta Gastronom\u00eda FISAN"},"content":{"rendered":"<p>Fuet de Bellota Iberico Alta Gastronom\u00eda FISAN.<\/p>\n<p>Un pezzo magistrale dove l&#8217;Alta Gastronomia si fonde con la tradizione.<\/p>\n<p>Questo fuet di bellota si distingue per la sua macinatura inconfondibile, caratteristica della nostra gamma Alta Gastronomia. Il suo profondo sapore di ghianda si armonizza con la classica dolcezza FISAN, culminando in un perfetto equilibrio salino. Un gioiello artigianale progettato per i palati pi\u00f9 esigenti.<\/p>\n","protected":false},"excerpt":{"rendered":"<p>Fuet de Bellota Iberico Alta Gastronom\u00eda FISAN. Un pezzo magistrale dove l&#8217;Alta Gastronomia si fonde con la tradizione. Questo fuet di bellota si distingue per la sua macinatura inconfondibile, caratteristica della nostra gamma Alta Gastronomia. Il suo profondo sapore di ghianda si armonizza con la classica dolcezza FISAN, culminando in un perfetto equilibrio salino. Un &#8230; <a title=\"Fuet de Bellota Iberico Alta Gastronom\u00eda FISAN\" class=\"read-more\" href=\"https:\/\/www.fisan.com\/it\/ecommerce\/fuet-de-bellota-iberico\/\" aria-label=\"Per saperne di pi\u00f9 su Fuet de Bellota Iberico Alta Gastronom\u00eda FISAN\">Leggi tutto<\/a><\/p>\n","protected":false},"featured_media":60536,"template":"","meta":{"_acf_changed":false,"_wp_rev_ctl_limit":""},"product_brand":[],"product_cat":[352],"product_tag":[315],"gama":[437],"calidad":[442],"class_list":{"0":"post-60515","1":"product","2":"type-product","3":"status-publish","4":"has-post-thumbnail","6":"product_cat-4-insaccati","7":"product_tag-ag","8":"gama-alta-gastronomia-it","9":"calidad-1-bellota-iberico-it","11":"first","12":"instock","13":"taxable","14":"shipping-taxable","15":"purchasable","16":"product-type-variable","17":"has-default-attributes"},"acf":[],"yoast_head":"<!-- This site is optimized with the Yoast SEO plugin v25.4 - https:\/\/yoast.com\/wordpress\/plugins\/seo\/ -->\n<title>Fuet de bellota ib\u00e9rica 100% Natural | FISAN<\/title>\n<meta name=\"description\" content=\"Visita la tienda de FISAN y disfruta al m\u00e1ximo de el Fuet de bellota ib\u00e9rico 100%. Elige este jugoso producto elaborado las mejores carnes de bellota.\" \/>\n<meta name=\"robots\" content=\"index, follow, max-snippet:-1, max-image-preview:large, max-video-preview:-1\" \/>\n<link rel=\"canonical\" href=\"https:\/\/www.fisan.com\/it\/ecommerce\/fuet-de-bellota-iberico\/\" \/>\n<meta property=\"og:locale\" content=\"it_IT\" \/>\n<meta property=\"og:type\" content=\"article\" \/>\n<meta property=\"og:title\" content=\"Fuet de bellota ib\u00e9rica 100% Natural | FISAN\" \/>\n<meta property=\"og:description\" content=\"Visita la tienda de FISAN y disfruta al m\u00e1ximo de el Fuet de bellota ib\u00e9rico 100%. Elige este jugoso producto elaborado las mejores carnes de bellota.\" \/>\n<meta property=\"og:url\" content=\"https:\/\/www.fisan.com\/it\/ecommerce\/fuet-de-bellota-iberico\/\" \/>\n<meta property=\"og:site_name\" content=\"FISAN\" \/>\n<meta property=\"article:modified_time\" content=\"2026-01-23T13:51:58+00:00\" \/>\n<meta property=\"og:image\" content=\"https:\/\/www.fisan.com\/wp-content\/uploads\/2026\/01\/fuet-bellota-iberico-100-natural-ag-pe-00.jpg\" \/>\n\t<meta property=\"og:image:width\" content=\"1200\" \/>\n\t<meta property=\"og:image:height\" content=\"2400\" \/>\n\t<meta property=\"og:image:type\" content=\"image\/jpeg\" \/>\n<meta name=\"twitter:card\" content=\"summary_large_image\" \/>\n<meta name=\"twitter:label1\" content=\"Disponibilit\u00e0\" \/>\n\t<meta name=\"twitter:data1\" content=\"In stock\" \/>\n<script type=\"application\/ld+json\" class=\"yoast-schema-graph\">{\n\t    \"@context\": \"https:\/\/schema.org\",\n\t    \"@graph\": [\n\t        {\n\t            \"@type\": \"WebPage\",\n\t            \"@id\": \"https:\/\/www.fisan.com\/it\/ecommerce\/fuet-de-bellota-iberico\/\",\n\t            \"url\": \"https:\/\/www.fisan.com\/it\/ecommerce\/fuet-de-bellota-iberico\/\",\n\t            \"name\": \"Fuet de bellota ib\u00e9rica 100% Natural | FISAN\",\n\t            \"isPartOf\": {\n\t                \"@id\": \"https:\/\/www.fisan.com\/it\/#website\"\n\t            },\n\t            \"primaryImageOfPage\": {\n\t                \"@id\": \"https:\/\/www.fisan.com\/it\/ecommerce\/fuet-de-bellota-iberico\/#primaryimage\"\n\t            },\n\t            \"image\": {\n\t                \"@id\": \"https:\/\/www.fisan.com\/it\/ecommerce\/fuet-de-bellota-iberico\/#primaryimage\"\n\t            },\n\t            \"thumbnailUrl\": \"https:\/\/www.fisan.com\/wp-content\/uploads\/2026\/01\/fuet-bellota-iberico-100-natural-ag-pe-00.jpg\",\n\t            \"datePublished\": \"2026-01-22T07:27:17+00:00\",\n\t            \"dateModified\": \"2026-01-23T13:51:58+00:00\",\n\t            \"description\": \"Visita la tienda de FISAN y disfruta al m\u00e1ximo de el Fuet de bellota ib\u00e9rico 100%. Elige este jugoso producto elaborado las mejores carnes de bellota.\",\n\t            \"breadcrumb\": {\n\t                \"@id\": \"https:\/\/www.fisan.com\/it\/ecommerce\/fuet-de-bellota-iberico\/#breadcrumb\"\n\t            },\n\t            \"inLanguage\": \"it-IT\",\n\t            \"potentialAction\": [\n\t                {\n\t                    \"@type\": \"ReadAction\",\n\t                    \"target\": [\n\t                        \"https:\/\/www.fisan.com\/it\/ecommerce\/fuet-de-bellota-iberico\/\"\n\t                    ]\n\t                }\n\t            ]\n\t        },\n\t        {\n\t            \"@type\": \"ImageObject\",\n\t            \"inLanguage\": \"it-IT\",\n\t            \"@id\": \"https:\/\/www.fisan.com\/it\/ecommerce\/fuet-de-bellota-iberico\/#primaryimage\",\n\t            \"url\": \"https:\/\/www.fisan.com\/wp-content\/uploads\/2026\/01\/fuet-bellota-iberico-100-natural-ag-pe-00.jpg\",\n\t            \"contentUrl\": \"https:\/\/www.fisan.com\/wp-content\/uploads\/2026\/01\/fuet-bellota-iberico-100-natural-ag-pe-00.jpg\",\n\t            \"width\": 1200,\n\t            \"height\": 2400,\n\t            \"caption\": \"fuet bellota ib\u00e9rico 100% natural ag\"\n\t        },\n\t        {\n\t            \"@type\": \"BreadcrumbList\",\n\t            \"@id\": \"https:\/\/www.fisan.com\/it\/ecommerce\/fuet-de-bellota-iberico\/#breadcrumb\",\n\t            \"itemListElement\": [\n\t                {\n\t                    \"@type\": \"ListItem\",\n\t                    \"position\": 1,\n\t                    \"name\": \"FISAN\",\n\t                    \"item\": \"https:\/\/www.fisan.com\/it\/\"\n\t                },\n\t                {\n\t                    \"@type\": \"ListItem\",\n\t                    \"position\": 2,\n\t                    \"name\": \"Prodotti\",\n\t                    \"item\": \"https:\/\/www.fisan.com\/it\/prodotti\/\"\n\t                },\n\t                {\n\t                    \"@type\": \"ListItem\",\n\t                    \"position\": 3,\n\t                    \"name\": \"Fuet de Bellota Iberico Alta Gastronom\u00eda FISAN\"\n\t                }\n\t            ]\n\t        },\n\t        {\n\t            \"@type\": \"WebSite\",\n\t            \"@id\": \"https:\/\/www.fisan.com\/it\/#website\",\n\t            \"url\": \"https:\/\/www.fisan.com\/it\/\",\n\t            \"name\": \"FISAN\",\n\t            \"description\": \"FISAN | Jamones de bellota ib\u00e9rico y embutidos ib\u00e9ricos desde 1920\",\n\t            \"potentialAction\": [\n\t                {\n\t                    \"@type\": \"SearchAction\",\n\t                    \"target\": {\n\t                        \"@type\": \"EntryPoint\",\n\t                        \"urlTemplate\": \"https:\/\/www.fisan.com\/it\/?s={search_term_string}\"\n\t                    },\n\t                    \"query-input\": {\n\t                        \"@type\": \"PropertyValueSpecification\",\n\t                        \"valueRequired\": true,\n\t                        \"valueName\": \"search_term_string\"\n\t                    }\n\t                }\n\t            ],\n\t            \"inLanguage\": \"it-IT\"\n\t        }\n\t    ]\n\t}<\/script>\n<meta property=\"og:availability\" content=\"instock\" \/>\n<meta property=\"product:availability\" content=\"instock\" \/>\n<meta property=\"product:retailer_item_id\" content=\"fu-bi100\" \/>\n<meta property=\"product:condition\" content=\"new\" \/>\n<!-- \/ Yoast SEO plugin. -->","yoast_head_json":{"title":"Fuet de bellota ib\u00e9rica 100% Natural | FISAN","description":"Visita la tienda de FISAN y disfruta al m\u00e1ximo de el Fuet de bellota ib\u00e9rico 100%. Elige este jugoso producto elaborado las mejores carnes de bellota.","robots":{"index":"index","follow":"follow","max-snippet":"max-snippet:-1","max-image-preview":"max-image-preview:large","max-video-preview":"max-video-preview:-1"},"canonical":"https:\/\/www.fisan.com\/it\/ecommerce\/fuet-de-bellota-iberico\/","og_locale":"it_IT","og_type":"article","og_title":"Fuet de bellota ib\u00e9rica 100% Natural | FISAN","og_description":"Visita la tienda de FISAN y disfruta al m\u00e1ximo de el Fuet de bellota ib\u00e9rico 100%. Elige este jugoso producto elaborado las mejores carnes de bellota.","og_url":"https:\/\/www.fisan.com\/it\/ecommerce\/fuet-de-bellota-iberico\/","og_site_name":"FISAN","article_modified_time":"2026-01-23T13:51:58+00:00","og_image":[{"width":1200,"height":2400,"url":"https:\/\/www.fisan.com\/wp-content\/uploads\/2026\/01\/fuet-bellota-iberico-100-natural-ag-pe-00.jpg","type":"image\/jpeg"}],"twitter_card":"summary_large_image","twitter_misc":{"Disponibilit\u00e0":"In stock"},"schema":{"@context":"https:\/\/schema.org","@graph":[{"@type":"WebPage","@id":"https:\/\/www.fisan.com\/it\/ecommerce\/fuet-de-bellota-iberico\/","url":"https:\/\/www.fisan.com\/it\/ecommerce\/fuet-de-bellota-iberico\/","name":"Fuet de bellota ib\u00e9rica 100% Natural | FISAN","isPartOf":{"@id":"https:\/\/www.fisan.com\/it\/#website"},"primaryImageOfPage":{"@id":"https:\/\/www.fisan.com\/it\/ecommerce\/fuet-de-bellota-iberico\/#primaryimage"},"image":{"@id":"https:\/\/www.fisan.com\/it\/ecommerce\/fuet-de-bellota-iberico\/#primaryimage"},"thumbnailUrl":"https:\/\/www.fisan.com\/wp-content\/uploads\/2026\/01\/fuet-bellota-iberico-100-natural-ag-pe-00.jpg","datePublished":"2026-01-22T07:27:17+00:00","dateModified":"2026-01-23T13:51:58+00:00","description":"Visita la tienda de FISAN y disfruta al m\u00e1ximo de el Fuet de bellota ib\u00e9rico 100%. Elige este jugoso producto elaborado las mejores carnes de bellota.","breadcrumb":{"@id":"https:\/\/www.fisan.com\/it\/ecommerce\/fuet-de-bellota-iberico\/#breadcrumb"},"inLanguage":"it-IT","potentialAction":[{"@type":"ReadAction","target":["https:\/\/www.fisan.com\/it\/ecommerce\/fuet-de-bellota-iberico\/"]}]},{"@type":"ImageObject","inLanguage":"it-IT","@id":"https:\/\/www.fisan.com\/it\/ecommerce\/fuet-de-bellota-iberico\/#primaryimage","url":"https:\/\/www.fisan.com\/wp-content\/uploads\/2026\/01\/fuet-bellota-iberico-100-natural-ag-pe-00.jpg","contentUrl":"https:\/\/www.fisan.com\/wp-content\/uploads\/2026\/01\/fuet-bellota-iberico-100-natural-ag-pe-00.jpg","width":1200,"height":2400,"caption":"fuet bellota ib\u00e9rico 100% natural ag"},{"@type":"BreadcrumbList","@id":"https:\/\/www.fisan.com\/it\/ecommerce\/fuet-de-bellota-iberico\/#breadcrumb","itemListElement":[{"@type":"ListItem","position":1,"name":"FISAN","item":"https:\/\/www.fisan.com\/it\/"},{"@type":"ListItem","position":2,"name":"Prodotti","item":"https:\/\/www.fisan.com\/it\/prodotti\/"},{"@type":"ListItem","position":3,"name":"Fuet de Bellota Iberico Alta Gastronom\u00eda FISAN"}]},{"@type":"WebSite","@id":"https:\/\/www.fisan.com\/it\/#website","url":"https:\/\/www.fisan.com\/it\/","name":"FISAN","description":"FISAN | Jamones de bellota ib\u00e9rico y embutidos ib\u00e9ricos desde 1920","potentialAction":[{"@type":"SearchAction","target":{"@type":"EntryPoint","urlTemplate":"https:\/\/www.fisan.com\/it\/?s={search_term_string}"},"query-input":{"@type":"PropertyValueSpecification","valueRequired":true,"valueName":"search_term_string"}}],"inLanguage":"it-IT"}]},"og_availability":"instock","product_availability":"instock","product_retailer_item_id":"fu-bi100","product_condition":"new"},"_links":{"self":[{"href":"https:\/\/www.fisan.com\/it\/wp-json\/wp\/v2\/product\/60515","targetHints":{"allow":["GET"]}}],"collection":[{"href":"https:\/\/www.fisan.com\/it\/wp-json\/wp\/v2\/product"}],"about":[{"href":"https:\/\/www.fisan.com\/it\/wp-json\/wp\/v2\/types\/product"}],"version-history":[{"count":2,"href":"https:\/\/www.fisan.com\/it\/wp-json\/wp\/v2\/product\/60515\/revisions"}],"predecessor-version":[{"id":60734,"href":"https:\/\/www.fisan.com\/it\/wp-json\/wp\/v2\/product\/60515\/revisions\/60734"}],"wp:featuredmedia":[{"embeddable":true,"href":"https:\/\/www.fisan.com\/it\/wp-json\/wp\/v2\/media\/60536"}],"wp:attachment":[{"href":"https:\/\/www.fisan.com\/it\/wp-json\/wp\/v2\/media?parent=60515"}],"wp:term":[{"taxonomy":"product_brand","embeddable":true,"href":"https:\/\/www.fisan.com\/it\/wp-json\/wp\/v2\/product_brand?post=60515"},{"taxonomy":"product_cat","embeddable":true,"href":"https:\/\/www.fisan.com\/it\/wp-json\/wp\/v2\/product_cat?post=60515"},{"taxonomy":"product_tag","embeddable":true,"href":"https:\/\/www.fisan.com\/it\/wp-json\/wp\/v2\/product_tag?post=60515"},{"taxonomy":"gama","embeddable":true,"href":"https:\/\/www.fisan.com\/it\/wp-json\/wp\/v2\/gama?post=60515"},{"taxonomy":"calidad","embeddable":true,"href":"https:\/\/www.fisan.com\/it\/wp-json\/wp\/v2\/calidad?post=60515"}],"curies":[{"name":"wp","href":"https:\/\/api.w.org\/{rel}","templated":true}]}}