{"id":38791,"date":"2022-09-09T11:30:20","date_gmt":"2022-09-09T09:30:20","guid":{"rendered":"https:\/\/www.fisan.com\/aviso-legal\/"},"modified":"2023-05-22T13:35:36","modified_gmt":"2023-05-22T11:35:36","slug":"aviso-legal","status":"publish","type":"page","link":"https:\/\/www.fisan.com\/pt\/aviso-legal\/","title":{"rendered":"Aviso Legal"},"content":{"rendered":"\t\t<div data-elementor-type=\"wp-page\" data-elementor-id=\"38791\" class=\"elementor elementor-38791 elementor-3637\" data-elementor-post-type=\"page\">\n\t\t\t\t\t\t<section class=\"elementor-section elementor-top-section elementor-element elementor-element-4a0c955 elementor-section-full_width elementor-section-height-default elementor-section-height-default\" data-id=\"4a0c955\" data-element_type=\"section\" data-settings=\"{&quot;background_background&quot;:&quot;classic&quot;}\">\n\t\t\t\t\t\t<div class=\"elementor-container elementor-column-gap-default\">\n\t\t\t\t\t<div class=\"elementor-column elementor-col-100 elementor-top-column elementor-element elementor-element-ae1b484\" data-id=\"ae1b484\" data-element_type=\"column\">\n\t\t\t<div class=\"elementor-widget-wrap elementor-element-populated\">\n\t\t\t\t\t\t<div class=\"elementor-element elementor-element-ce163e5 elementor-widget elementor-widget-breadcrumbs\" data-id=\"ce163e5\" data-element_type=\"widget\" data-widget_type=\"breadcrumbs.default\">\n\t\t\t\t<div class=\"elementor-widget-container\">\n\t\t\t\t\t<p id=\"breadcrumbs\"><span><span><a href=\"https:\/\/www.fisan.com\/pt\/\">FISAN<\/a><\/span><\/span><\/p>\t\t\t\t<\/div>\n\t\t\t\t<\/div>\n\t\t\t\t\t<\/div>\n\t\t<\/div>\n\t\t\t\t\t<\/div>\n\t\t<\/section>\n\t\t\t\t<section class=\"elementor-section elementor-top-section elementor-element elementor-element-46d2362a elementor-section-boxed elementor-section-height-default elementor-section-height-default\" data-id=\"46d2362a\" data-element_type=\"section\">\n\t\t\t\t\t\t<div class=\"elementor-container elementor-column-gap-default\">\n\t\t\t\t\t<div class=\"elementor-column elementor-col-100 elementor-top-column elementor-element elementor-element-376e2e1b\" data-id=\"376e2e1b\" data-element_type=\"column\">\n\t\t\t<div class=\"elementor-widget-wrap elementor-element-populated\">\n\t\t\t\t\t\t<div class=\"elementor-element elementor-element-4b4b327e elementor-widget elementor-widget-text-editor\" data-id=\"4b4b327e\" data-element_type=\"widget\" data-widget_type=\"text-editor.default\">\n\t\t\t\t<div class=\"elementor-widget-container\">\n\t\t\t\t\t\t\t\t\t<h1>Aviso Legal<\/h1>\n<p align=\"justify\">Em cumprimento do dever de informa\u00e7\u00e3o constante do artigo 10.\u00ba da Lei 34\/2002, de 11 de julho, sobre Servi\u00e7os da Sociedade da Informa\u00e7\u00e3o e Com\u00e9rcio Eletr\u00f3nico, informamos que o Site e o Portal Internet www.fisan.com (doravante, \u201c o site&#8221;) \u00e9 propriedade de FLORENCIO SANCHEZ E HIJOS, SL, com sede em C\/ Filiberto Villalobos, 109, 3\u00ba A com CIF n\u00ba B37357654. Este aviso legal regula as condi\u00e7\u00f5es de utiliza\u00e7\u00e3o do referido portal de Internet.<\/p>\n<h3>Lei Aplic\u00e1vel e Jurisdi\u00e7\u00e3o<\/h3>\n<p align=\"justify\">Em geral, as rela\u00e7\u00f5es entre FLORENCIO SANCHEZ E HIJOS, SL e os usu\u00e1rios de seus servi\u00e7os telem\u00e1ticos, presentes na web, est\u00e3o sujeitas \u00e0 legisla\u00e7\u00e3o e jurisdi\u00e7\u00e3o espanhola.<\/p>\n<p align=\"justify\">As partes renunciam expressamente ao foro que lhes corresponda e submetem-se expressamente aos Tribunais de Salamanca para dirimir qualquer controv\u00e9rsia que possa surgir na interpreta\u00e7\u00e3o ou execu\u00e7\u00e3o das presentes condi\u00e7\u00f5es contratuais.<\/p>\n<h3 class=\"blue\">Sobre a FISAN<\/h3>\n<p align=\"justify\">Florencio S\u00e1nchez e Hijos S.L, (FISAN) \u00e9 uma empresa dedicada \u00e0 produ\u00e7\u00e3o e venda ao p\u00fablico de produtos de porco ib\u00e9rico. A FISAN disp\u00f5e de matadouro pr\u00f3prio nas suas instala\u00e7\u00f5es de Campillo de Salvatierra, distrito de Guijuelo, onde se inicia o processo de produ\u00e7\u00e3o dos seus presuntos e enchidos ib\u00e9ricos. Neles, tamb\u00e9m possui mais de 15.000 metros quadrados dedicados a adegas e secadores onde seus produtos amadurecem e s\u00e3o curados naturalmente. A gama de produtos FISAN inclui Presunto, P\u00e1, Lombo, Chouri\u00e7o, Salchich\u00f3n, Lomo de Presa, Longanizas e Morc\u00f3n de Bellota, bem como uma extensa produ\u00e7\u00e3o de outros produtos obtidos a partir da utiliza\u00e7\u00e3o do porco ib\u00e9rico.<\/p>\n<h3 class=\"blue\">Aceita\u00e7\u00e3o do usu\u00e1rio<\/h3>\n<p align=\"justify\">O presente Aviso Legal regula o acesso e a utiliza\u00e7\u00e3o do site que a FLORENCIO SANCHEZ E HIJOS, SL p\u00f5e \u00e0 disposi\u00e7\u00e3o dos internautas. \u00c9 considerado usu\u00e1rio quem acessa, navega, utiliza ou participa dos servi\u00e7os e atividades do site.<\/p>\n<p align=\"justify\">O utilizador fica informado, e aceita, que o acesso a este site n\u00e3o implica, de forma alguma, o in\u00edcio de uma rela\u00e7\u00e3o comercial com a FLORENCIO SANCHEZ E HIJOS, SL.<\/p>\n<p align=\"justify\">O acesso e navega\u00e7\u00e3o no site por parte do utilizador implica a aceita\u00e7\u00e3o de todas as presentes Condi\u00e7\u00f5es de Utiliza\u00e7\u00e3o. Em caso de desacordo com as condi\u00e7\u00f5es, voc\u00ea deve abster-se de usar o site.<\/p>\n<h3 class=\"blue\">Acesso \u00e0 web<\/h3>\n<p align=\"justify\">O acesso ao site pelos usu\u00e1rios \u00e9 gratuito.<\/p>\n<p align=\"justify\">Caso seja necess\u00e1rio que o utilizador forne\u00e7a dados pessoais para aceder a algum dos servi\u00e7os, a recolha e tratamento dos dados ser\u00e3o efetuados de acordo com a regulamenta\u00e7\u00e3o em vigor, nomeadamente o RGPD. Para mais informa\u00e7\u00e3o, veja nossa pol\u00edtica de privacidade:&nbsp;<a href=\"https:\/\/www.fisan.com\/politica-de-privacidad\/\">https:\/\/www.fisan.com\/politica-de-privacidad<\/a><\/p>\n<h3 class=\"blue\">Conte\u00fado e uso<\/h3>\n<p align=\"justify\">A visita ao site pelo usu\u00e1rio deve ser feita de forma respons\u00e1vel e de acordo com a legisla\u00e7\u00e3o vigente, de boa f\u00e9, este Aviso Legal e respeitando os direitos de propriedade intelectual e industrial de FLORENCIO SANCHEZ E HIJOS, SL ou quaisquer outras pessoas f\u00edsicas ou jur\u00eddicas.<\/p>\n<p align=\"justify\">\u00c9 totalmente proibido o uso de qualquer conte\u00fado do site para fins que sejam ou possam ser ilegais, assim como a realiza\u00e7\u00e3o de qualquer a\u00e7\u00e3o que cause ou possa causar danos ou altera\u00e7\u00f5es de qualquer tipo sem o consentimento de FLORENCIO SANCHEZ E HIJOS, SL , para o site ou seu conte\u00fado.<\/p>\n<p align=\"justify\">O propriet\u00e1rio do site n\u00e3o se identifica com as opini\u00f5es nele expressas pelos seus colaboradores. A empresa reserva-se o direito de efetuar as modifica\u00e7\u00f5es que considere oportunas no seu site sem aviso pr\u00e9vio, podendo alterar, eliminar ou adicionar tanto os conte\u00fados e servi\u00e7os prestados atrav\u00e9s do mesmo como a forma como s\u00e3o apresentados ou localizados nos seus servidores.<\/p>\n<h3>Propriedade intelectual e industrial<\/h3>\n<p align=\"justify\">Os direitos de propriedade intelectual do conte\u00fado das p\u00e1ginas da web, seu design gr\u00e1fico e c\u00f3digos s\u00e3o de propriedade de FLORENCIO SANCHEZ E HIJOS, SL e, portanto, sua reprodu\u00e7\u00e3o, distribui\u00e7\u00e3o, comunica\u00e7\u00e3o p\u00fablica, transforma\u00e7\u00e3o ou qualquer outra atividade realizada com o conte\u00fado de o site, nem mesmo, mesmo se as fontes forem citadas, salvo com o consentimento pr\u00e9vio, expresso e por escrito de FLORENCIO SANCHEZ E HIJOS, SL. Todos os nomes comerciais, marcas registradas ou sinais diferentes de qualquer tipo contidos nas p\u00e1ginas da empresa na web s\u00e3o de propriedade de seus propriet\u00e1rios e est\u00e3o protegidos por lei.<\/p>\n<p align=\"justify\">FLORENCIO SANCHEZ E HIJOS, SL n\u00e3o concede nenhuma licen\u00e7a ou autoriza\u00e7\u00e3o de uso de qualquer tipo sobre seus direitos de propriedade intelectual e industrial ou sobre qualquer outra propriedade ou direito relacionado com o site, e em nenhum caso se entender\u00e1 que o acesso e navega\u00e7\u00e3o de usu\u00e1rios implica uma ren\u00fancia, transmiss\u00e3o, licen\u00e7a ou cess\u00e3o total ou parcial de tais direitos por parte de FLORENCIO SANCHEZ E HIJOS, SL.<\/p>\n<p align=\"justify\">Qualquer uso destes conte\u00fados n\u00e3o autorizado previamente por FLORENCIO SANCHEZ E HIJOS, SL ser\u00e1 considerado uma viola\u00e7\u00e3o grave dos direitos de propriedade intelectual ou industrial e dar\u00e1 lugar \u00e0s responsabilidades legalmente estabelecidas. FLORENCIO SANCHEZ E HIJOS, SL reserva-se o direito de exercer as a\u00e7\u00f5es judiciais e extrajudiciais correspondentes contra o usu\u00e1rio.<\/p>\n<h3>Responsabilidade e garantias<\/h3>\n<p align=\"justify\">FLORENCIO SANCHEZ E HIJOS, SL declara que adotou as medidas necess\u00e1rias que, dentro de suas possibilidades e do estado da tecnologia, permitem o bom funcionamento de seu site, bem como a aus\u00eancia de v\u00edrus e componentes nocivos. No entanto, a FLORENCIO SANCHEZ E HIJOS, SL n\u00e3o pode ser responsabilizada pelas seguintes situa\u00e7\u00f5es que se enumeram a t\u00edtulo exemplificativo, mas n\u00e3o limitativo:<\/p>\n<ul>\n<li>A continuidade e disponibilidade dos Conte\u00fados.<\/li>\n<li>A aus\u00eancia de erros nos referidos Conte\u00fados ou a corre\u00e7\u00e3o de qualquer defeito que possa ocorrer.<\/li>\n<li>A aus\u00eancia de v\u00edrus e\/ou outros componentes nocivos.<\/li>\n<li>Os danos ou preju\u00edzos causados \u200b\u200bpor qualquer pessoa que viole os sistemas de seguran\u00e7a de FLORENCIO SANCHEZ E HIJOS, SL.<\/li>\n<li>O uso que os usu\u00e1rios podem fazer dos conte\u00fados inclu\u00eddos na web. Consequentemente, FLORENCIO SANCHEZ E HIJOS, SL n\u00e3o garante que o uso que os usu\u00e1rios possam fazer do conte\u00fado inclu\u00eddo no site, se houver, esteja em conformidade com este aviso legal, nem que o uso do site seja realizado de maneira diligente.<\/li>\n<li>A utiliza\u00e7\u00e3o por menores do website ou o envio dos seus dados pessoais sem autoriza\u00e7\u00e3o dos seus tutores, sendo os tutores respons\u00e1veis \u200b\u200bpela utiliza\u00e7\u00e3o que fa\u00e7am da Internet.<\/li>\n<li>Os conte\u00fados aos quais o usu\u00e1rio pode acessar atrav\u00e9s de links n\u00e3o autorizados ou introduzidos pelos usu\u00e1rios atrav\u00e9s de coment\u00e1rios ou ferramentas similares.<\/li>\n<li>A introdu\u00e7\u00e3o de dados errados pelo usu\u00e1rio ou por terceiros.<\/li>\n<\/ul>\n<p align=\"justify\">FLORENCIO SANCHEZ E HIJOS, SL pode suspender temporariamente o acesso ao site sem aviso pr\u00e9vio para opera\u00e7\u00f5es de manuten\u00e7\u00e3o, repara\u00e7\u00e3o, atualiza\u00e7\u00e3o ou melhoria. No entanto, sempre que as circunst\u00e2ncias o permitam, FLORENCIO SANCHEZ E HIJOS, SL notificar\u00e1 o utilizador, com a anteced\u00eancia suficiente, da data prevista para a suspens\u00e3o dos conte\u00fados.<\/p>\n<p align=\"justify\">Ainda, de acordo com os arts. 11 e 16 da Lei 34\/2002, de 11 de julho, sobre servi\u00e7os da sociedade da informa\u00e7\u00e3o e com\u00e9rcio eletr\u00f4nico (LSSICE), FLORENCIO SANCHEZ E HIJOS, SL se compromete a eliminar ou, se for o caso, bloquear os conte\u00fados que possam afetar ou ser contr\u00e1rios legisla\u00e7\u00e3o vigente, os direitos de terceiros ou a moral e a ordem p\u00fablica.<\/p>\n<h3>Cookies<\/h3>\n<p align=\"justify\">A FLORENCIO SANCHEZ E HIJOS, SL utiliza cookies com a finalidade de otimizar e personalizar a sua navega\u00e7\u00e3o no site. Cookies s\u00e3o arquivos f\u00edsicos de informa\u00e7\u00f5es que s\u00e3o armazenados no pr\u00f3prio terminal do usu\u00e1rio, as informa\u00e7\u00f5es coletadas por meio de cookies servem para facilitar a navega\u00e7\u00e3o do usu\u00e1rio pelo portal e otimizar a experi\u00eancia de navega\u00e7\u00e3o. Os dados recolhidos atrav\u00e9s dos cookies podem ser partilhados com os seus criadores, mas em nenhum caso as informa\u00e7\u00f5es por eles obtidas ser\u00e3o associadas a dados pessoais ou que possam identificar o utilizador.<\/p>\n<p align=\"justify\">No entanto, se o usu\u00e1rio n\u00e3o deseja que sejam instalados cookies em seu disco r\u00edgido, ele tem a possibilidade de configurar o navegador de forma que impe\u00e7a a instala\u00e7\u00e3o desses arquivos ou selecione apenas as op\u00e7\u00f5es que preferir. Para mais informa\u00e7\u00f5es consulte a nossa Pol\u00edtica de Cookies.&nbsp;<a href=\"https:\/\/www.fisan.com\/politica-de-cookies\/\">https:\/\/www.fisan.com\/politica-de-cookies<\/a><\/p>\n<h3 class=\"blue\">Links<\/h3>\n<p align=\"justify\">A presen\u00e7a de links (links) no site da FLORENCIO SANCHEZ E HIJOS, SL para outros sites da Internet \u00e9 apenas para fins informativos e em nenhum caso implica uma sugest\u00e3o, convite ou recomenda\u00e7\u00e3o sobre eles. A FLORENCIO SANCHEZ E HIJOS, SL n\u00e3o se responsabiliza pelo conte\u00fado de um link pertencente a um site de terceiros, nem garante a sua fiabilidade, exatid\u00e3o, amplitude, veracidade, vig\u00eancia e disponibilidade t\u00e9cnica.<\/p>\n<p align=\"justify\">No caso de links para o site da FLORENCIO SANCHEZ E HIJOS, SL serem estabelecidos em outros sites, n\u00e3o se entender\u00e1 que a FLORENCIO SANCHEZ E HIJOS, SL autorizou o link ou o conte\u00fado do site no qual o conte\u00fado est\u00e1 contido. , tamb\u00e9m n\u00e3o pode ser inclu\u00eddo na p\u00e1gina vinculada conte\u00fado impr\u00f3prio, difamat\u00f3rio, ilegal, obsceno ou il\u00edcito, nem outro conte\u00fado contr\u00e1rio \u00e0 legisla\u00e7\u00e3o vigente.<\/p>\n<p align=\"justify\">FLORENCIO SANCHEZ E HIJOS, SL reserva-se o direito de entrar em contato com o propriet\u00e1rio do site onde o link \u00e9 estabelecido se considerar que o regulamento n\u00e3o est\u00e1 sendo cumprido, bem como exercer as a\u00e7\u00f5es judiciais e extrajudiciais correspondentes.<\/p>\n<h3 class=\"blue\">Modifica\u00e7\u00e3o das condi\u00e7\u00f5es<\/h3>\n<p align=\"justify\">A FLORENCIO SANCHEZ E HIJOS, SL reserva-se expressamente o direito de modificar unilateralmente, total ou parcialmente, sem aviso pr\u00e9vio, o presente Aviso Legal. O usu\u00e1rio reconhece e aceita que \u00e9 sua responsabilidade revisar periodicamente este Aviso Legal.<\/p>\t\t\t\t\t\t\t\t<\/div>\n\t\t\t\t<\/div>\n\t\t\t\t\t<\/div>\n\t\t<\/div>\n\t\t\t\t\t<\/div>\n\t\t<\/section>\n\t\t\t\t<\/div>\n\t\t","protected":false},"excerpt":{"rendered":"<p>Aviso Legal Em cumprimento do dever de informa\u00e7\u00e3o constante do artigo 10.\u00ba da Lei 34\/2002, de 11 de julho, sobre Servi\u00e7os da Sociedade da Informa\u00e7\u00e3o e Com\u00e9rcio Eletr\u00f3nico, informamos que o Site e o Portal Internet www.fisan.com (doravante, \u201c o site&#8221;) \u00e9 propriedade de FLORENCIO SANCHEZ E HIJOS, SL, com sede em C\/ Filiberto Villalobos, &#8230; <a title=\"Aviso Legal\" class=\"read-more\" href=\"https:\/\/www.fisan.com\/pt\/aviso-legal\/\" aria-label=\"Leia mais sobre Aviso Legal\">Ler mais<\/a><\/p>\n","protected":false},"author":1,"featured_media":0,"parent":0,"menu_order":99,"comment_status":"closed","ping_status":"closed","template":"","meta":{"_acf_changed":false,"footnotes":"","_wp_rev_ctl_limit":""},"class_list":["post-38791","page","type-page","status-publish"],"acf":[],"yoast_head":"<!-- This site is optimized with the Yoast SEO plugin v25.4 - https:\/\/yoast.com\/wordpress\/plugins\/seo\/ -->\n<title>Aviso Legal | FISAN<\/title>\n<meta name=\"robots\" content=\"noindex, nofollow\" \/>\n<meta property=\"og:locale\" content=\"pt_PT\" \/>\n<meta property=\"og:type\" content=\"article\" \/>\n<meta property=\"og:title\" content=\"Aviso Legal | FISAN\" \/>\n<meta property=\"og:description\" content=\"Aviso Legal Em cumprimento do dever de informa\u00e7\u00e3o constante do artigo 10.\u00ba da Lei 34\/2002, de 11 de julho, sobre Servi\u00e7os da Sociedade da Informa\u00e7\u00e3o e Com\u00e9rcio Eletr\u00f3nico, informamos que o Site e o Portal Internet www.fisan.com (doravante, \u201c o site&#8221;) \u00e9 propriedade de FLORENCIO SANCHEZ E HIJOS, SL, com sede em C\/ Filiberto Villalobos, ... Ler mais\" \/>\n<meta property=\"og:url\" content=\"https:\/\/www.fisan.com\/pt\/aviso-legal\/\" \/>\n<meta property=\"og:site_name\" content=\"FISAN\" \/>\n<meta property=\"article:modified_time\" content=\"2023-05-22T11:35:36+00:00\" \/>\n<meta name=\"twitter:card\" content=\"summary_large_image\" \/>\n<meta name=\"twitter:label1\" content=\"Tempo estimado de leitura\" \/>\n\t<meta name=\"twitter:data1\" content=\"8 minutos\" \/>\n<script type=\"application\/ld+json\" class=\"yoast-schema-graph\">{\n\t    \"@context\": \"https:\/\/schema.org\",\n\t    \"@graph\": [\n\t        {\n\t            \"@type\": \"WebPage\",\n\t            \"@id\": \"https:\/\/www.fisan.com\/pt\/aviso-legal\/\",\n\t            \"url\": \"https:\/\/www.fisan.com\/pt\/aviso-legal\/\",\n\t            \"name\": \"Aviso Legal | FISAN\",\n\t            \"isPartOf\": {\n\t                \"@id\": \"https:\/\/www.fisan.com\/pt\/#website\"\n\t            },\n\t            \"datePublished\": \"2022-09-09T09:30:20+00:00\",\n\t            \"dateModified\": \"2023-05-22T11:35:36+00:00\",\n\t            \"breadcrumb\": {\n\t                \"@id\": \"https:\/\/www.fisan.com\/pt\/aviso-legal\/#breadcrumb\"\n\t            },\n\t            \"inLanguage\": \"pt-PT\",\n\t            \"potentialAction\": [\n\t                {\n\t                    \"@type\": \"ReadAction\",\n\t                    \"target\": [\n\t                        \"https:\/\/www.fisan.com\/pt\/aviso-legal\/\"\n\t                    ]\n\t                }\n\t            ]\n\t        },\n\t        {\n\t            \"@type\": \"BreadcrumbList\",\n\t            \"@id\": \"https:\/\/www.fisan.com\/pt\/aviso-legal\/#breadcrumb\",\n\t            \"itemListElement\": [\n\t                {\n\t                    \"@type\": \"ListItem\",\n\t                    \"position\": 1,\n\t                    \"name\": \"FISAN\",\n\t                    \"item\": \"https:\/\/www.fisan.com\/pt\/\"\n\t                },\n\t                {\n\t                    \"@type\": \"ListItem\",\n\t                    \"position\": 2,\n\t                    \"name\": \"Aviso Legal\"\n\t                }\n\t            ]\n\t        },\n\t        {\n\t            \"@type\": \"WebSite\",\n\t            \"@id\": \"https:\/\/www.fisan.com\/pt\/#website\",\n\t            \"url\": \"https:\/\/www.fisan.com\/pt\/\",\n\t            \"name\": \"FISAN\",\n\t            \"description\": \"FISAN | Jamones de bellota ib\u00e9rico y embutidos ib\u00e9ricos desde 1920\",\n\t            \"potentialAction\": [\n\t                {\n\t                    \"@type\": \"SearchAction\",\n\t                    \"target\": {\n\t                        \"@type\": \"EntryPoint\",\n\t                        \"urlTemplate\": \"https:\/\/www.fisan.com\/pt\/?s={search_term_string}\"\n\t                    },\n\t                    \"query-input\": {\n\t                        \"@type\": \"PropertyValueSpecification\",\n\t                        \"valueRequired\": true,\n\t                        \"valueName\": \"search_term_string\"\n\t                    }\n\t                }\n\t            ],\n\t            \"inLanguage\": \"pt-PT\"\n\t        }\n\t    ]\n\t}<\/script>\n<!-- \/ Yoast SEO plugin. -->","yoast_head_json":{"title":"Aviso Legal | FISAN","robots":{"index":"noindex","follow":"nofollow"},"og_locale":"pt_PT","og_type":"article","og_title":"Aviso Legal | FISAN","og_description":"Aviso Legal Em cumprimento do dever de informa\u00e7\u00e3o constante do artigo 10.\u00ba da Lei 34\/2002, de 11 de julho, sobre Servi\u00e7os da Sociedade da Informa\u00e7\u00e3o e Com\u00e9rcio Eletr\u00f3nico, informamos que o Site e o Portal Internet www.fisan.com (doravante, \u201c o site&#8221;) \u00e9 propriedade de FLORENCIO SANCHEZ E HIJOS, SL, com sede em C\/ Filiberto Villalobos, ... Ler mais","og_url":"https:\/\/www.fisan.com\/pt\/aviso-legal\/","og_site_name":"FISAN","article_modified_time":"2023-05-22T11:35:36+00:00","twitter_card":"summary_large_image","twitter_misc":{"Tempo estimado de leitura":"8 minutos"},"schema":{"@context":"https:\/\/schema.org","@graph":[{"@type":"WebPage","@id":"https:\/\/www.fisan.com\/pt\/aviso-legal\/","url":"https:\/\/www.fisan.com\/pt\/aviso-legal\/","name":"Aviso Legal | FISAN","isPartOf":{"@id":"https:\/\/www.fisan.com\/pt\/#website"},"datePublished":"2022-09-09T09:30:20+00:00","dateModified":"2023-05-22T11:35:36+00:00","breadcrumb":{"@id":"https:\/\/www.fisan.com\/pt\/aviso-legal\/#breadcrumb"},"inLanguage":"pt-PT","potentialAction":[{"@type":"ReadAction","target":["https:\/\/www.fisan.com\/pt\/aviso-legal\/"]}]},{"@type":"BreadcrumbList","@id":"https:\/\/www.fisan.com\/pt\/aviso-legal\/#breadcrumb","itemListElement":[{"@type":"ListItem","position":1,"name":"FISAN","item":"https:\/\/www.fisan.com\/pt\/"},{"@type":"ListItem","position":2,"name":"Aviso Legal"}]},{"@type":"WebSite","@id":"https:\/\/www.fisan.com\/pt\/#website","url":"https:\/\/www.fisan.com\/pt\/","name":"FISAN","description":"FISAN | Jamones de bellota ib\u00e9rico y embutidos ib\u00e9ricos desde 1920","potentialAction":[{"@type":"SearchAction","target":{"@type":"EntryPoint","urlTemplate":"https:\/\/www.fisan.com\/pt\/?s={search_term_string}"},"query-input":{"@type":"PropertyValueSpecification","valueRequired":true,"valueName":"search_term_string"}}],"inLanguage":"pt-PT"}]}},"_links":{"self":[{"href":"https:\/\/www.fisan.com\/pt\/wp-json\/wp\/v2\/pages\/38791","targetHints":{"allow":["GET"]}}],"collection":[{"href":"https:\/\/www.fisan.com\/pt\/wp-json\/wp\/v2\/pages"}],"about":[{"href":"https:\/\/www.fisan.com\/pt\/wp-json\/wp\/v2\/types\/page"}],"author":[{"embeddable":true,"href":"https:\/\/www.fisan.com\/pt\/wp-json\/wp\/v2\/users\/1"}],"replies":[{"embeddable":true,"href":"https:\/\/www.fisan.com\/pt\/wp-json\/wp\/v2\/comments?post=38791"}],"version-history":[{"count":1,"href":"https:\/\/www.fisan.com\/pt\/wp-json\/wp\/v2\/pages\/38791\/revisions"}],"predecessor-version":[{"id":38792,"href":"https:\/\/www.fisan.com\/pt\/wp-json\/wp\/v2\/pages\/38791\/revisions\/38792"}],"wp:attachment":[{"href":"https:\/\/www.fisan.com\/pt\/wp-json\/wp\/v2\/media?parent=38791"}],"curies":[{"name":"wp","href":"https:\/\/api.w.org\/{rel}","templated":true}]}}