{"id":38813,"date":"2022-09-09T11:54:45","date_gmt":"2022-09-09T09:54:45","guid":{"rendered":"https:\/\/www.fisan.com\/politica-de-cookies\/"},"modified":"2023-05-23T11:25:42","modified_gmt":"2023-05-23T09:25:42","slug":"politica-de-cookies","status":"publish","type":"page","link":"https:\/\/www.fisan.com\/pt\/politica-de-cookies\/","title":{"rendered":"Politica de Cookies"},"content":{"rendered":"\t\t<div data-elementor-type=\"wp-page\" data-elementor-id=\"38813\" class=\"elementor elementor-38813 elementor-3660\" data-elementor-post-type=\"page\">\n\t\t\t\t\t\t<section class=\"elementor-section elementor-top-section elementor-element elementor-element-7ac1859 elementor-section-full_width elementor-section-height-default elementor-section-height-default\" data-id=\"7ac1859\" data-element_type=\"section\" data-settings=\"{&quot;background_background&quot;:&quot;classic&quot;}\">\n\t\t\t\t\t\t<div class=\"elementor-container elementor-column-gap-default\">\n\t\t\t\t\t<div class=\"elementor-column elementor-col-100 elementor-top-column elementor-element elementor-element-1392787\" data-id=\"1392787\" data-element_type=\"column\">\n\t\t\t<div class=\"elementor-widget-wrap elementor-element-populated\">\n\t\t\t\t\t\t<div class=\"elementor-element elementor-element-7edafa2 elementor-widget elementor-widget-breadcrumbs\" data-id=\"7edafa2\" data-element_type=\"widget\" data-widget_type=\"breadcrumbs.default\">\n\t\t\t\t<div class=\"elementor-widget-container\">\n\t\t\t\t\t<p id=\"breadcrumbs\"><span><span><a href=\"https:\/\/www.fisan.com\/pt\/\">FISAN<\/a><\/span><\/span><\/p>\t\t\t\t<\/div>\n\t\t\t\t<\/div>\n\t\t\t\t\t<\/div>\n\t\t<\/div>\n\t\t\t\t\t<\/div>\n\t\t<\/section>\n\t\t\t\t<section class=\"elementor-section elementor-top-section elementor-element elementor-element-07f9a6b elementor-section-boxed elementor-section-height-default elementor-section-height-default\" data-id=\"07f9a6b\" data-element_type=\"section\">\n\t\t\t\t\t\t<div class=\"elementor-container elementor-column-gap-default\">\n\t\t\t\t\t<div class=\"elementor-column elementor-col-100 elementor-top-column elementor-element elementor-element-7dfa10e\" data-id=\"7dfa10e\" data-element_type=\"column\">\n\t\t\t<div class=\"elementor-widget-wrap elementor-element-populated\">\n\t\t\t\t\t\t<div class=\"elementor-element elementor-element-74fd581 elementor-widget elementor-widget-text-editor\" data-id=\"74fd581\" data-element_type=\"widget\" data-widget_type=\"text-editor.default\">\n\t\t\t\t<div class=\"elementor-widget-container\">\n\t\t\t\t\t\t\t\t\t<h1>Pol\u00edtica de cookies<\/h1>\n<p align=\"justify\">Em cumprimento do dever de informa\u00e7\u00e3o constante do n.\u00ba 2 do artigo 22.\u00ba da Lei 34\/2002, de 11 de julho, sobre Servi\u00e7os da Sociedade da Informa\u00e7\u00e3o e Com\u00e9rcio Eletr\u00f3nico, esta pol\u00edtica de cookies tem por objetivo inform\u00e1-lo de forma clara e precisa sobre a cookies utilizados no site da FLORENCIO SANCHEZ E HIJOS, SL.<\/p>\n\n<h3>O que s\u00e3o cookies?<\/h3>\n<p align=\"justify\">Um cookie \u00e9 um pequeno arquivo que os sites enviam para o seu navegador e baixam para o seu computador. Os cookies permitem que o site armazene e recupere informa\u00e7\u00f5es sobre sua visita, como seu idioma preferido e outras op\u00e7\u00f5es, a fim de melhorar os servi\u00e7os oferecidos e contribuir para uma melhor experi\u00eancia de navega\u00e7\u00e3o do usu\u00e1rio.<\/p>\n\n<h3>Tipos de cookies<\/h3>\n<p align=\"justify\">Dependendo de quem gere o dom\u00ednio a partir do qual os cookies s\u00e3o enviados e os dados s\u00e3o tratados, ser\u00e1 feita uma distin\u00e7\u00e3o entre cookies pr\u00f3prios e cookies de terceiros.<\/p>\n<p align=\"justify\">Os cookies tamb\u00e9m podem ser classificados de acordo com o per\u00edodo de tempo que permanecem armazenados no navegador do usu\u00e1rio, distinguindo-se entre cookies de sess\u00e3o ou cookies persistentes.<\/p>\n<p align=\"justify\">Finalmente, dependendo da finalidade para a qual as informa\u00e7\u00f5es coletadas s\u00e3o processadas, os cookies podem ser classificados nas seguintes categorias:<\/p>\n\n<ul>\n \t<li>Cookies t\u00e9cnicos: permitem que o usu\u00e1rio navegue em um site e use alguns dos servi\u00e7os oferecidos por ele (como, por exemplo, aqueles que servem para lembrar os elementos que comp\u00f5em um carrinho de compras).<\/li>\n \t<li>Cookies de personaliza\u00e7\u00e3o: permitem que o usu\u00e1rio acesse o site com determinadas caracter\u00edsticas, como o idioma.<\/li>\n \t<li>Cookies de seguran\u00e7a: s\u00e3o utilizados para prevenir ou impedir ataques contra o site.<\/li>\n \t<li>Cookies plug-in para troca de conte\u00fado social: os chamados plug-ins, que permitem o compartilhamento de conte\u00fado nas redes sociais.<\/li>\n \t<li>Cookies de an\u00e1lise: permitem que o controlador monitore o comportamento do usu\u00e1rio.<\/li>\n \t<li>Cookies publicit\u00e1rios: permitem-lhe gerir os espa\u00e7os publicit\u00e1rios do website.<\/li>\n \t<li>Cookies de publicidade comportamental: como os anteriores, s\u00e3o usados \u200b\u200bpara gerenciar os espa\u00e7os publicit\u00e1rios do site com base nas informa\u00e7\u00f5es coletadas sobre o comportamento do usu\u00e1rio e seus h\u00e1bitos, adaptando a publicidade ao perfil do usu\u00e1rio.<\/li>\n \t<li>Cookies de geolocaliza\u00e7\u00e3o: usados \u200b\u200bpara descobrir o pa\u00eds onde o usu\u00e1rio est\u00e1 localizado<\/li>\n<\/ul>\n<h3 id=\"configuracion\" class=\"blue\">Autoriza\u00e7\u00e3o para o uso de cookies<\/h3>\n<p align=\"justify\">De acordo com o aviso de cookies que aparece no site, o usu\u00e1rio aceita que, pressionando o bot\u00e3o &#8220;Sim, aceito&#8221;, consente expressamente com o uso de cookies de acordo com a descri\u00e7\u00e3o detalhada abaixo, sem preju\u00edzo do fato de que o usu\u00e1rio pode modifique a configura\u00e7\u00e3o do seu navegador para rejeitar o uso de cookies atrav\u00e9s do bot\u00e3o<strong>&#8220;Rejeitar cookies&#8221;<\/strong> (excepto os cookies t\u00e9cnicos e de seguran\u00e7a que s\u00e3o essenciais para a presta\u00e7\u00e3o do servi\u00e7o) ou pode configur\u00e1-los no link no fundo da p\u00e1gina.<\/p>\n\n<h3>Como modificar as configura\u00e7\u00f5es de cookies<\/h3>\n<p align=\"justify\">Voc\u00ea pode restringir, bloquear ou excluir os cookies de FLORENCIO SANCHEZ E HIJOS, SL ou qualquer outra p\u00e1gina da web usando seu navegador.<\/p>\n<p align=\"justify\">No link a seguir, voc\u00ea pode <a style=\"border: 1px solid #ccc; padding: 8px 10px; background: #f2f2f2;\" href=\"\/#gdpr_cookie_modal\">gerenciar os cookies<\/a> em nosso site.<\/p>\n<p align=\"justify\"> Em cada navegador a opera\u00e7\u00e3o \u00e9 diferente, voc\u00ea pode descobrir como faz\u00ea-lo no menu de ajuda do seu navegador, onde \u00e9 estabelecido o procedimento para sua elimina\u00e7\u00e3o. Para mais informacao:<\/p>\n\n<ul>\n \t<li>Google Chrome:\n<a href=\"https:\/\/support.google.com\/chrome\/answer\/95647?co=GENIE.Platform%3DDesktop&amp;hl=es\" target=\"_blank\" rel=\"noopener noreferrer\">https:\/\/support.google.com\/chrome\/answer\/95647?co=GENIE.Platform%3DDesktop&amp;hl=es<\/a><\/li>\n \t<li>Mozilla Firefox:\n<a href=\"https:\/\/support.mozilla.org\/es\/kb\/habilitar-y-deshabilitar-cookies-sitios-web-rastrear-preferencias\" target=\"_blank\" rel=\"noopener noreferrer\">https:\/\/support.mozilla.org\/es\/kb\/habilitar-y-deshabilitar-cookies-sitios-web-rastrear-preferencias<\/a><\/li>\n \t<li>Safari::\n<a href=\"https:\/\/support.apple.com\/es-es\/guide\/safari\/sfri11471\/mac\" target=\"_blank\" rel=\"noopener noreferrer\">https:\/\/support.apple.com\/es-es\/guide\/safari\/sfri11471\/mac<\/a><\/li>\n \t<li>Internet Explorer:\n<a href=\"https:\/\/support.microsoft.com\/es-es\/help\/278835\/how-to-delete-cookie-files-in-internet-explorer\" target=\"_blank\" rel=\"noopener noreferrer\">https:\/\/support.microsoft.com\/es-es\/help\/278835\/how-to-delete-cookie-files-in-internet-explorer<\/a><\/li>\n<\/ul>\n<p align=\"justify\">\u00c9 poss\u00edvel que, ao desativar os cookies, a p\u00e1gina da web n\u00e3o funcione corretamente ou voc\u00ea n\u00e3o consiga acessar algumas fun\u00e7\u00f5es da mesma.<\/p>\n\n<h3>Cookies usados \u200b\u200bna web<\/h3>\n<p align=\"justify\">Diferentes tipos de cookies s\u00e3o usados \u200b\u200bno portal da web para diferentes finalidades, os cookies usados \u200b\u200best\u00e3o listados abaixo:<\/p>\n\n<h3>COOKIES USADOS NESTE SITE<\/h3>\n<h4 class=\"blue\">COOKIES CONTROLADOS PELO EDITOR<\/h4>\n<p align=\"justify\"><strong>T\u00e9cnico e funcional<\/strong><\/p>\n\n<table class=\"table table-striped\">\n<tbody>\n<tr>\n<td><strong>Propriedade<\/strong><\/td>\n<td><strong>Cookie<\/strong><\/td>\n<td><strong>Prop\u00f3sito<\/strong><\/td>\n<td><strong>Prazo<\/strong><\/td>\n<\/tr>\n<tr>\n<td>fisan.com<\/td>\n<td>pll_language<\/td>\n<td>Identifica e armazena o idioma de navega\u00e7\u00e3o do usu\u00e1rio na p\u00e1gina.<\/td>\n<td>Sess\u00e3o<\/td>\n<\/tr>\n<tr>\n<td>fisan.com<\/td>\n<td>tk_ai<\/td>\n<td>Usado como um ID an\u00f4nimo se o usu\u00e1rio conectado n\u00e3o estiver conectado ao WordPress.com.<\/td>\n<td>Sess\u00e3o<\/td>\n<\/tr>\n<tr>\n<td>fisan.com<\/td>\n<td>PHPSESSID<\/td>\n<td>Usado pela linguagem de criptografia PHP para permitir que vari\u00e1veis \u200b\u200bde sess\u00e3o sejam salvas no servidor web. Esses cookies s\u00e3o essenciais para o funcionamento da web.<\/td>\n<td>Sess\u00e3o<\/td>\n<\/tr>\n<tr>\n<td>fisan.com<\/td>\n<td>wfwaf-authcookie-<\/td>\n<td>Este cookie \u00e9 definido pelo plugin de seguran\u00e7a do WordPress \u201cWordfence\u201d. Ele \u00e9 usado para autenticar a solicita\u00e7\u00e3o de login do usu\u00e1rio.<\/td>\n<td>1 dia<\/td>\n<\/tr>\n<\/tbody>\n<\/table>\n<p align=\"justify\"><strong>An\u00e1lise<\/strong><\/p>\n\n<table class=\"table table-striped\">\n<tbody>\n<tr>\n<td><strong>Propriedade<\/strong><\/td>\n<td><strong>Cookie<\/strong><\/td>\n<td><strong>Prop\u00f3sito<\/strong><\/td>\n<td><strong>Prazo<\/strong><\/td>\n<\/tr>\n<tr>\n<td>fisan.com<\/td>\n<td>_ga<\/td>\n<td>ID usado para identificar usu\u00e1rios<\/td>\n<td>em 2 anos<\/td>\n<\/tr>\n<tr>\n<td>fisan.com<\/td>\n<td>_gat<\/td>\n<td>Analytics, relacionado ao Google Analytics usado para limitar a taxa de solicita\u00e7\u00f5es.<\/td>\n<td>1 minuto<\/td>\n<\/tr>\n<tr>\n<td>fisan.com<\/td>\n<td>_gid<\/td>\n<td>ID usado para identificar usu\u00e1rios por 24 horas ap\u00f3s a \u00faltima atividade<\/td>\n<td>em 20 horas<\/td>\n<\/tr>\n<\/tbody>\n<\/table>\n<p align=\"justify\"><strong>An\u00fancio<\/strong><\/p>\n\n<table class=\"table table-striped\">\n<tbody>\n<tr>\n<td><strong>Propriedade<\/strong><\/td>\n<td><strong>Cookie<\/strong><\/td>\n<td><strong>Prop\u00f3sito<\/strong><\/td>\n<td><strong>Prazo<\/strong><\/td>\n<\/tr>\n<tr>\n<td>facebook.com<\/td>\n<td>datr<\/td>\n<td>\u00c9 usado para impedir a cria\u00e7\u00e3o de contas falsas\/spam. O cookie DATR est\u00e1 associado a um navegador, n\u00e3o a pessoas individuais.<\/td>\n<td>em 2 anos<\/td>\n<\/tr>\n<tr>\n<td>facebook.com<\/td>\n<td>fr<\/td>\n<td>Cont\u00e9m um navegador exclusivo e identificador de usu\u00e1rio, que \u00e9 usado para publicidade direcionada.<\/td>\n<td>em 3 meses<\/td>\n<\/tr>\n<tr>\n<td>facebook.com<\/td>\n<td>sb<\/td>\n<td>Identifica\u00e7\u00e3o do navegador do Facebook, autentica\u00e7\u00e3o, marketing e outros cookies de recursos espec\u00edficos do Facebook.<\/td>\n<td>em 2 anos<\/td>\n<\/tr>\n<tr>\n<td>gstatic.com<\/td>\n<td>1P_JAR<\/td>\n<td>Esses cookies s\u00e3o definidos por meio de v\u00eddeos do youtube incorporados. Eles registram dados estat\u00edsticos an\u00f4nimos sobre, por exemplo, quantas vezes o v\u00eddeo \u00e9 reproduzido e as configura\u00e7\u00f5es usadas para reprodu\u00e7\u00e3o.<\/td>\n<td>em 16 dias<\/td>\n<\/tr>\n<tr>\n<td>fisan.com<\/td>\n<td>_fbp<\/td>\n<td>Usado pelo Facebook para oferecer uma s\u00e9rie de produtos como publicidade, ofertas em tempo real de anunciantes terceirizados<\/td>\n<td>em 3 meses<\/td>\n<\/tr>\n<\/tbody>\n<\/table>\n<h4>COOKIES DE TERCEIROS<\/h4>\nOs servi\u00e7os de terceiros est\u00e3o fora do controle do editor. Os provedores podem modificar a qualquer momento suas condi\u00e7\u00f5es de servi\u00e7o, finalidade e uso de cookies, etc.\n<h5>Provedores externos deste site:<\/h5>\n<table class=\"table table-striped\">\n<tbody>\n<tr>\n<td><b>TITULAR<\/b><\/td>\n<td><b>PROP\u00d3SITO<\/b><\/td>\n<\/tr>\n<tr>\n<td><a href=\"https:\/\/developers.google.com\/analytics\/\" target=\"_blank\" rel=\"noopener noreferrer\">Google Analytics<\/a><\/td>\n<td>\u00c9 usado para obter relat\u00f3rios estat\u00edsticos do tr\u00e1fego do site<\/td>\n<\/tr>\n<tr>\n<td><a href=\"https:\/\/marketingplatform.google.com\/about\/enterprise\/\" target=\"_blank\" rel=\"noopener noreferrer\">Doubleclick by Google<\/a><\/td>\n<td>S\u00e3o cookies publicit\u00e1rios; s\u00e3o usados \u200b\u200bpara melhorar a publicidade. Eles costumam ser usados \u200b\u200bpara segmentar a publicidade com base no conte\u00fado relevante para um usu\u00e1rio, melhorar os relat\u00f3rios de desempenho da campanha e evitar a exibi\u00e7\u00e3o de an\u00fancios que o usu\u00e1rio j\u00e1 viu.<\/td>\n<\/tr>\n<tr>\n<td><a href=\"https:\/\/www.facebook.com\/privacy\/explanation\" target=\"_blank\" rel=\"noopener noreferrer\">Facebook<\/a><\/td>\n<td>Cookies de login em <b>FLORENCIO S\u00c1NCHEZ E HIJOS, S.L.<\/b> atrav\u00e9s do login do Facebook<\/td>\n<\/tr>\n<tr>\n<td><a href=\"https:\/\/www.google.com\/analytics\/tag-manager\/use-policy\/\" target=\"_blank\" rel=\"noopener noreferrer\">Google Tag Manager<\/a><\/td>\n<td>Ferramenta que facilita o upload e gest\u00e3o de etiquetas na web e propriedades App de <b>FLORENCIO S\u00c1NCHEZ E HIJOS, S.L.<\/b><\/td>\n<\/tr>\n<tr>\n<td><a href=\"https:\/\/twitter.com\/es\/privacy\" target=\"_blank\" rel=\"noopener noreferrer\">Twitter Advertising<\/a><\/td>\n<td>Publicidade comportamental. Eles s\u00e3o usados \u200b\u200bpara melhorar a relev\u00e2ncia dos an\u00fancios exibidos aos usu\u00e1rios.<\/td>\n<\/tr>\n<\/tbody>\n<\/table>\n\n<hr align=\"left\" width=\"50%\">\n\n<h3>Modifica\u00e7\u00e3o das condi\u00e7\u00f5es<\/h3>\n<p align=\"justify\">A FLORENCIO SANCHEZ E HIJOS, SL reserva-se expressamente o direito de modificar unilateralmente, total ou parcialmente, sem aviso pr\u00e9vio, esta Pol\u00edtica de Cookies. O utilizador reconhece e aceita que \u00e9 da sua responsabilidade rever esta Pol\u00edtica de Cookies.<\/p>\t\t\t\t\t\t\t\t<\/div>\n\t\t\t\t<\/div>\n\t\t\t\t\t<\/div>\n\t\t<\/div>\n\t\t\t\t\t<\/div>\n\t\t<\/section>\n\t\t\t\t<\/div>\n\t\t","protected":false},"excerpt":{"rendered":"<p>Pol\u00edtica de cookies Em cumprimento do dever de informa\u00e7\u00e3o constante do n.\u00ba 2 do artigo 22.\u00ba da Lei 34\/2002, de 11 de julho, sobre Servi\u00e7os da Sociedade da Informa\u00e7\u00e3o e Com\u00e9rcio Eletr\u00f3nico, esta pol\u00edtica de cookies tem por objetivo inform\u00e1-lo de forma clara e precisa sobre a cookies utilizados no site da FLORENCIO SANCHEZ E &#8230; <a title=\"Politica de Cookies\" class=\"read-more\" href=\"https:\/\/www.fisan.com\/pt\/politica-de-cookies\/\" aria-label=\"Leia mais sobre Politica de Cookies\">Ler mais<\/a><\/p>\n","protected":false},"author":1,"featured_media":0,"parent":0,"menu_order":99,"comment_status":"closed","ping_status":"closed","template":"","meta":{"_acf_changed":false,"footnotes":"","_wp_rev_ctl_limit":""},"class_list":["post-38813","page","type-page","status-publish"],"acf":[],"yoast_head":"<!-- This site is optimized with the Yoast SEO plugin v25.4 - https:\/\/yoast.com\/wordpress\/plugins\/seo\/ -->\n<title>Politica de Cookies | FISAN<\/title>\n<meta name=\"robots\" content=\"noindex, nofollow\" \/>\n<meta property=\"og:locale\" content=\"pt_PT\" \/>\n<meta property=\"og:type\" content=\"article\" \/>\n<meta property=\"og:title\" content=\"Politica de Cookies | FISAN\" \/>\n<meta property=\"og:description\" content=\"Pol\u00edtica de cookies Em cumprimento do dever de informa\u00e7\u00e3o constante do n.\u00ba 2 do artigo 22.\u00ba da Lei 34\/2002, de 11 de julho, sobre Servi\u00e7os da Sociedade da Informa\u00e7\u00e3o e Com\u00e9rcio Eletr\u00f3nico, esta pol\u00edtica de cookies tem por objetivo inform\u00e1-lo de forma clara e precisa sobre a cookies utilizados no site da FLORENCIO SANCHEZ E ... Ler mais\" \/>\n<meta property=\"og:url\" content=\"https:\/\/www.fisan.com\/pt\/politica-de-cookies\/\" \/>\n<meta property=\"og:site_name\" content=\"FISAN\" \/>\n<meta property=\"article:modified_time\" content=\"2023-05-23T09:25:42+00:00\" \/>\n<meta name=\"twitter:card\" content=\"summary_large_image\" \/>\n<meta name=\"twitter:label1\" content=\"Tempo estimado de leitura\" \/>\n\t<meta name=\"twitter:data1\" content=\"6 minutos\" \/>\n<script type=\"application\/ld+json\" class=\"yoast-schema-graph\">{\n\t    \"@context\": \"https:\/\/schema.org\",\n\t    \"@graph\": [\n\t        {\n\t            \"@type\": \"WebPage\",\n\t            \"@id\": \"https:\/\/www.fisan.com\/pt\/politica-de-cookies\/\",\n\t            \"url\": \"https:\/\/www.fisan.com\/pt\/politica-de-cookies\/\",\n\t            \"name\": \"Politica de Cookies | FISAN\",\n\t            \"isPartOf\": {\n\t                \"@id\": \"https:\/\/www.fisan.com\/pt\/#website\"\n\t            },\n\t            \"datePublished\": \"2022-09-09T09:54:45+00:00\",\n\t            \"dateModified\": \"2023-05-23T09:25:42+00:00\",\n\t            \"breadcrumb\": {\n\t                \"@id\": \"https:\/\/www.fisan.com\/pt\/politica-de-cookies\/#breadcrumb\"\n\t            },\n\t            \"inLanguage\": \"pt-PT\",\n\t            \"potentialAction\": [\n\t                {\n\t                    \"@type\": \"ReadAction\",\n\t                    \"target\": [\n\t                        \"https:\/\/www.fisan.com\/pt\/politica-de-cookies\/\"\n\t                    ]\n\t                }\n\t            ]\n\t        },\n\t        {\n\t            \"@type\": \"BreadcrumbList\",\n\t            \"@id\": \"https:\/\/www.fisan.com\/pt\/politica-de-cookies\/#breadcrumb\",\n\t            \"itemListElement\": [\n\t                {\n\t                    \"@type\": \"ListItem\",\n\t                    \"position\": 1,\n\t                    \"name\": \"FISAN\",\n\t                    \"item\": \"https:\/\/www.fisan.com\/pt\/\"\n\t                },\n\t                {\n\t                    \"@type\": \"ListItem\",\n\t                    \"position\": 2,\n\t                    \"name\": \"Politica de Cookies\"\n\t                }\n\t            ]\n\t        },\n\t        {\n\t            \"@type\": \"WebSite\",\n\t            \"@id\": \"https:\/\/www.fisan.com\/pt\/#website\",\n\t            \"url\": \"https:\/\/www.fisan.com\/pt\/\",\n\t            \"name\": \"FISAN\",\n\t            \"description\": \"FISAN | Jamones de bellota ib\u00e9rico y embutidos ib\u00e9ricos desde 1920\",\n\t            \"potentialAction\": [\n\t                {\n\t                    \"@type\": \"SearchAction\",\n\t                    \"target\": {\n\t                        \"@type\": \"EntryPoint\",\n\t                        \"urlTemplate\": \"https:\/\/www.fisan.com\/pt\/?s={search_term_string}\"\n\t                    },\n\t                    \"query-input\": {\n\t                        \"@type\": \"PropertyValueSpecification\",\n\t                        \"valueRequired\": true,\n\t                        \"valueName\": \"search_term_string\"\n\t                    }\n\t                }\n\t            ],\n\t            \"inLanguage\": \"pt-PT\"\n\t        }\n\t    ]\n\t}<\/script>\n<!-- \/ Yoast SEO plugin. -->","yoast_head_json":{"title":"Politica de Cookies | FISAN","robots":{"index":"noindex","follow":"nofollow"},"og_locale":"pt_PT","og_type":"article","og_title":"Politica de Cookies | FISAN","og_description":"Pol\u00edtica de cookies Em cumprimento do dever de informa\u00e7\u00e3o constante do n.\u00ba 2 do artigo 22.\u00ba da Lei 34\/2002, de 11 de julho, sobre Servi\u00e7os da Sociedade da Informa\u00e7\u00e3o e Com\u00e9rcio Eletr\u00f3nico, esta pol\u00edtica de cookies tem por objetivo inform\u00e1-lo de forma clara e precisa sobre a cookies utilizados no site da FLORENCIO SANCHEZ E ... Ler mais","og_url":"https:\/\/www.fisan.com\/pt\/politica-de-cookies\/","og_site_name":"FISAN","article_modified_time":"2023-05-23T09:25:42+00:00","twitter_card":"summary_large_image","twitter_misc":{"Tempo estimado de leitura":"6 minutos"},"schema":{"@context":"https:\/\/schema.org","@graph":[{"@type":"WebPage","@id":"https:\/\/www.fisan.com\/pt\/politica-de-cookies\/","url":"https:\/\/www.fisan.com\/pt\/politica-de-cookies\/","name":"Politica de Cookies | FISAN","isPartOf":{"@id":"https:\/\/www.fisan.com\/pt\/#website"},"datePublished":"2022-09-09T09:54:45+00:00","dateModified":"2023-05-23T09:25:42+00:00","breadcrumb":{"@id":"https:\/\/www.fisan.com\/pt\/politica-de-cookies\/#breadcrumb"},"inLanguage":"pt-PT","potentialAction":[{"@type":"ReadAction","target":["https:\/\/www.fisan.com\/pt\/politica-de-cookies\/"]}]},{"@type":"BreadcrumbList","@id":"https:\/\/www.fisan.com\/pt\/politica-de-cookies\/#breadcrumb","itemListElement":[{"@type":"ListItem","position":1,"name":"FISAN","item":"https:\/\/www.fisan.com\/pt\/"},{"@type":"ListItem","position":2,"name":"Politica de Cookies"}]},{"@type":"WebSite","@id":"https:\/\/www.fisan.com\/pt\/#website","url":"https:\/\/www.fisan.com\/pt\/","name":"FISAN","description":"FISAN | Jamones de bellota ib\u00e9rico y embutidos ib\u00e9ricos desde 1920","potentialAction":[{"@type":"SearchAction","target":{"@type":"EntryPoint","urlTemplate":"https:\/\/www.fisan.com\/pt\/?s={search_term_string}"},"query-input":{"@type":"PropertyValueSpecification","valueRequired":true,"valueName":"search_term_string"}}],"inLanguage":"pt-PT"}]}},"_links":{"self":[{"href":"https:\/\/www.fisan.com\/pt\/wp-json\/wp\/v2\/pages\/38813","targetHints":{"allow":["GET"]}}],"collection":[{"href":"https:\/\/www.fisan.com\/pt\/wp-json\/wp\/v2\/pages"}],"about":[{"href":"https:\/\/www.fisan.com\/pt\/wp-json\/wp\/v2\/types\/page"}],"author":[{"embeddable":true,"href":"https:\/\/www.fisan.com\/pt\/wp-json\/wp\/v2\/users\/1"}],"replies":[{"embeddable":true,"href":"https:\/\/www.fisan.com\/pt\/wp-json\/wp\/v2\/comments?post=38813"}],"version-history":[{"count":3,"href":"https:\/\/www.fisan.com\/pt\/wp-json\/wp\/v2\/pages\/38813\/revisions"}],"predecessor-version":[{"id":38816,"href":"https:\/\/www.fisan.com\/pt\/wp-json\/wp\/v2\/pages\/38813\/revisions\/38816"}],"wp:attachment":[{"href":"https:\/\/www.fisan.com\/pt\/wp-json\/wp\/v2\/media?parent=38813"}],"curies":[{"name":"wp","href":"https:\/\/api.w.org\/{rel}","templated":true}]}}