{"id":33185,"date":"2022-10-07T15:59:13","date_gmt":"2022-10-07T13:59:13","guid":{"rendered":"https:\/\/www.fisan.com\/producto\/presunto-de-bellota-100-iberico\/"},"modified":"2025-11-19T21:39:43","modified_gmt":"2025-11-19T20:39:43","slug":"presunto-de-bellota-iberico-100","status":"publish","type":"product","link":"https:\/\/www.fisan.com\/pt\/loja\/presunto-de-bellota-100-iberico\/","title":{"rendered":"Presunto de Bellota 100% Ib\u00e9rico Alta Gastronom\u00eda"},"content":{"rendered":"<p><strong>Vencedor do prestigiado pr\u00e9mio Superior Taste Award 2021 e 2024<\/strong><\/p>\n<p>Sabor puro e adocicado, aroma profundo, fresco e duradouro s\u00e3o os matizes gustativos extraordin\u00e1rios que oferece ao paladar o Presunto de Bellota 100% Ib\u00e9rico Alta Gastronom\u00eda. A delicada infiltra\u00e7\u00e3o de gordura em cada fina fatia que se desfaz na boca cuja recorda\u00e7\u00e3o perdura rememorando, aproximadamente, os mais de cinquenta meses de cura em adegas naturais. Seu segredo est\u00e1 na sele\u00e7\u00e3o da mat\u00e9ria-prima, paci\u00eancia e repouso nas adegas naturais, que culminam na sele\u00e7\u00e3o do melhor Presunto de Bellota que recorde ter experimentado. S\u00f3 as pe\u00e7as excecionais s\u00e3o classificadas como Alta Gastronom\u00eda.<\/p>\n<p>&nbsp;<\/p>\n<p><strong>Desfrute do seu presunto 100% ib\u00e9rico de bolota cortado \u00e0 m\u00e3o:<\/strong><br \/>\nOs nossos formatos cortado \u00e0 faca e fatiado permitem-lhe desfrutar e partilhar o seu presunto ib\u00e9rico de uma forma mais simples. Receber\u00e1 30 embalagens individuais (aprox. 100g) numa caixa especial ou em 3 caixas se escolher o nosso formato DELUXE.<\/p>\n","protected":false},"excerpt":{"rendered":"<p>Vencedor do prestigiado pr\u00e9mio Superior Taste Award 2021 e 2024 Sabor puro e adocicado, aroma profundo, fresco e duradouro s\u00e3o os matizes gustativos extraordin\u00e1rios que oferece ao paladar o Presunto de Bellota 100% Ib\u00e9rico Alta Gastronom\u00eda. A delicada infiltra\u00e7\u00e3o de gordura em cada fina fatia que se desfaz na boca cuja recorda\u00e7\u00e3o perdura rememorando, aproximadamente, &#8230; <a title=\"Presunto de Bellota 100% Ib\u00e9rico Alta Gastronom\u00eda\" class=\"read-more\" href=\"https:\/\/www.fisan.com\/pt\/loja\/presunto-de-bellota-100-iberico\/\" aria-label=\"Leia mais sobre Presunto de Bellota 100% Ib\u00e9rico Alta Gastronom\u00eda\">Ler mais<\/a><\/p>\n","protected":false},"featured_media":49168,"template":"","meta":{"_acf_changed":false,"_wp_rev_ctl_limit":""},"product_brand":[],"product_cat":[719,323],"product_tag":[324,325,326,327],"gama":[438],"calidad":[443],"class_list":{"0":"post-33185","1":"product","2":"type-product","3":"status-publish","4":"has-post-thumbnail","6":"product_cat-produtos-presunto","7":"product_cat-produtos-presunto-iberico","8":"product_tag-ag","9":"product_tag-destacados-inicio","10":"product_tag-destacados-jamon","11":"product_tag-destacados-todos","12":"gama-alta-gastronomia-pt","13":"calidad-1-bellota-iberico-pt","15":"first","16":"instock","17":"taxable","18":"shipping-taxable","19":"purchasable","20":"product-type-variable","21":"has-default-attributes"},"acf":[],"yoast_head":"<!-- This site is optimized with the Yoast SEO plugin v25.4 - https:\/\/yoast.com\/wordpress\/plugins\/seo\/ -->\n<title>Presunto de Bellota 100% Ib\u00e9rico Alta Gastronom\u00eda | FISAN<\/title>\n<meta name=\"robots\" content=\"index, follow, max-snippet:-1, max-image-preview:large, max-video-preview:-1\" \/>\n<link rel=\"canonical\" href=\"https:\/\/www.fisan.com\/pt\/loja\/presunto-de-bellota-100-iberico\/\" \/>\n<meta property=\"og:locale\" content=\"pt_PT\" \/>\n<meta property=\"og:type\" content=\"article\" \/>\n<meta property=\"og:title\" content=\"Presunto de Bellota 100% Ib\u00e9rico Alta Gastronom\u00eda | FISAN\" \/>\n<meta property=\"og:description\" content=\"Vencedor do prestigiado pr\u00e9mio Superior Taste Award 2021 e 2024 Sabor puro e adocicado, aroma profundo, fresco e duradouro s\u00e3o os matizes gustativos extraordin\u00e1rios que oferece ao paladar o Presunto de Bellota 100% Ib\u00e9rico Alta Gastronom\u00eda. A delicada infiltra\u00e7\u00e3o de gordura em cada fina fatia que se desfaz na boca cuja recorda\u00e7\u00e3o perdura rememorando, aproximadamente, ... Ler mais\" \/>\n<meta property=\"og:url\" content=\"https:\/\/www.fisan.com\/pt\/loja\/presunto-de-bellota-100-iberico\/\" \/>\n<meta property=\"og:site_name\" content=\"FISAN\" \/>\n<meta property=\"article:modified_time\" content=\"2025-11-19T20:39:43+00:00\" \/>\n<meta property=\"og:image\" content=\"https:\/\/www.fisan.com\/wp-content\/uploads\/2022\/10\/jamon-bellota-iberico-100-ag-pe-00-3.jpg\" \/>\n\t<meta property=\"og:image:width\" content=\"1200\" \/>\n\t<meta property=\"og:image:height\" content=\"2400\" \/>\n\t<meta property=\"og:image:type\" content=\"image\/jpeg\" \/>\n<meta name=\"twitter:card\" content=\"summary_large_image\" \/>\n<meta name=\"twitter:label1\" content=\"Disponibilidade\" \/>\n\t<meta name=\"twitter:data1\" content=\"Em stock\" \/>\n<script type=\"application\/ld+json\" class=\"yoast-schema-graph\">{\n\t    \"@context\": \"https:\/\/schema.org\",\n\t    \"@graph\": [\n\t        {\n\t            \"@type\": \"WebPage\",\n\t            \"@id\": \"https:\/\/www.fisan.com\/pt\/loja\/presunto-de-bellota-100-iberico\/\",\n\t            \"url\": \"https:\/\/www.fisan.com\/pt\/loja\/presunto-de-bellota-100-iberico\/\",\n\t            \"name\": \"Presunto de Bellota 100% Ib\u00e9rico Alta Gastronom\u00eda | FISAN\",\n\t            \"isPartOf\": {\n\t                \"@id\": \"https:\/\/www.fisan.com\/pt\/#website\"\n\t            },\n\t            \"primaryImageOfPage\": {\n\t                \"@id\": \"https:\/\/www.fisan.com\/pt\/loja\/presunto-de-bellota-100-iberico\/#primaryimage\"\n\t            },\n\t            \"image\": {\n\t                \"@id\": \"https:\/\/www.fisan.com\/pt\/loja\/presunto-de-bellota-100-iberico\/#primaryimage\"\n\t            },\n\t            \"thumbnailUrl\": \"https:\/\/www.fisan.com\/wp-content\/uploads\/2022\/10\/jamon-bellota-iberico-100-ag-pe-00-3.jpg\",\n\t            \"datePublished\": \"2022-10-07T13:59:13+00:00\",\n\t            \"dateModified\": \"2025-11-19T20:39:43+00:00\",\n\t            \"breadcrumb\": {\n\t                \"@id\": \"https:\/\/www.fisan.com\/pt\/loja\/presunto-de-bellota-100-iberico\/#breadcrumb\"\n\t            },\n\t            \"inLanguage\": \"pt-PT\",\n\t            \"potentialAction\": [\n\t                {\n\t                    \"@type\": \"ReadAction\",\n\t                    \"target\": [\n\t                        \"https:\/\/www.fisan.com\/pt\/loja\/presunto-de-bellota-100-iberico\/\"\n\t                    ]\n\t                }\n\t            ]\n\t        },\n\t        {\n\t            \"@type\": \"ImageObject\",\n\t            \"inLanguage\": \"pt-PT\",\n\t            \"@id\": \"https:\/\/www.fisan.com\/pt\/loja\/presunto-de-bellota-100-iberico\/#primaryimage\",\n\t            \"url\": \"https:\/\/www.fisan.com\/wp-content\/uploads\/2022\/10\/jamon-bellota-iberico-100-ag-pe-00-3.jpg\",\n\t            \"contentUrl\": \"https:\/\/www.fisan.com\/wp-content\/uploads\/2022\/10\/jamon-bellota-iberico-100-ag-pe-00-3.jpg\",\n\t            \"width\": 1200,\n\t            \"height\": 2400,\n\t            \"caption\": \"JAMON BELLOTA IBERICO\"\n\t        },\n\t        {\n\t            \"@type\": \"BreadcrumbList\",\n\t            \"@id\": \"https:\/\/www.fisan.com\/pt\/loja\/presunto-de-bellota-100-iberico\/#breadcrumb\",\n\t            \"itemListElement\": [\n\t                {\n\t                    \"@type\": \"ListItem\",\n\t                    \"position\": 1,\n\t                    \"name\": \"FISAN\",\n\t                    \"item\": \"https:\/\/www.fisan.com\/pt\/\"\n\t                },\n\t                {\n\t                    \"@type\": \"ListItem\",\n\t                    \"position\": 2,\n\t                    \"name\": \"Produtos\",\n\t                    \"item\": \"https:\/\/www.fisan.com\/pt\/produtos\/\"\n\t                },\n\t                {\n\t                    \"@type\": \"ListItem\",\n\t                    \"position\": 3,\n\t                    \"name\": \"Presunto de Bellota 100% Ib\u00e9rico Alta Gastronom\u00eda\"\n\t                }\n\t            ]\n\t        },\n\t        {\n\t            \"@type\": \"WebSite\",\n\t            \"@id\": \"https:\/\/www.fisan.com\/pt\/#website\",\n\t            \"url\": \"https:\/\/www.fisan.com\/pt\/\",\n\t            \"name\": \"FISAN\",\n\t            \"description\": \"FISAN | Jamones de bellota ib\u00e9rico y embutidos ib\u00e9ricos desde 1920\",\n\t            \"potentialAction\": [\n\t                {\n\t                    \"@type\": \"SearchAction\",\n\t                    \"target\": {\n\t                        \"@type\": \"EntryPoint\",\n\t                        \"urlTemplate\": \"https:\/\/www.fisan.com\/pt\/?s={search_term_string}\"\n\t                    },\n\t                    \"query-input\": {\n\t                        \"@type\": \"PropertyValueSpecification\",\n\t                        \"valueRequired\": true,\n\t                        \"valueName\": \"search_term_string\"\n\t                    }\n\t                }\n\t            ],\n\t            \"inLanguage\": \"pt-PT\"\n\t        }\n\t    ]\n\t}<\/script>\n<meta property=\"og:availability\" content=\"instock\" \/>\n<meta property=\"product:availability\" content=\"instock\" \/>\n<meta property=\"product:retailer_item_id\" content=\"j-bi100\" \/>\n<meta property=\"product:condition\" content=\"new\" \/>\n<!-- \/ Yoast SEO plugin. -->","yoast_head_json":{"title":"Presunto de Bellota 100% Ib\u00e9rico Alta Gastronom\u00eda | FISAN","robots":{"index":"index","follow":"follow","max-snippet":"max-snippet:-1","max-image-preview":"max-image-preview:large","max-video-preview":"max-video-preview:-1"},"canonical":"https:\/\/www.fisan.com\/pt\/loja\/presunto-de-bellota-100-iberico\/","og_locale":"pt_PT","og_type":"article","og_title":"Presunto de Bellota 100% Ib\u00e9rico Alta Gastronom\u00eda | FISAN","og_description":"Vencedor do prestigiado pr\u00e9mio Superior Taste Award 2021 e 2024 Sabor puro e adocicado, aroma profundo, fresco e duradouro s\u00e3o os matizes gustativos extraordin\u00e1rios que oferece ao paladar o Presunto de Bellota 100% Ib\u00e9rico Alta Gastronom\u00eda. A delicada infiltra\u00e7\u00e3o de gordura em cada fina fatia que se desfaz na boca cuja recorda\u00e7\u00e3o perdura rememorando, aproximadamente, ... Ler mais","og_url":"https:\/\/www.fisan.com\/pt\/loja\/presunto-de-bellota-100-iberico\/","og_site_name":"FISAN","article_modified_time":"2025-11-19T20:39:43+00:00","og_image":[{"width":1200,"height":2400,"url":"https:\/\/www.fisan.com\/wp-content\/uploads\/2022\/10\/jamon-bellota-iberico-100-ag-pe-00-3.jpg","type":"image\/jpeg"}],"twitter_card":"summary_large_image","twitter_misc":{"Disponibilidade":"Em stock"},"schema":{"@context":"https:\/\/schema.org","@graph":[{"@type":"WebPage","@id":"https:\/\/www.fisan.com\/pt\/loja\/presunto-de-bellota-100-iberico\/","url":"https:\/\/www.fisan.com\/pt\/loja\/presunto-de-bellota-100-iberico\/","name":"Presunto de Bellota 100% Ib\u00e9rico Alta Gastronom\u00eda | FISAN","isPartOf":{"@id":"https:\/\/www.fisan.com\/pt\/#website"},"primaryImageOfPage":{"@id":"https:\/\/www.fisan.com\/pt\/loja\/presunto-de-bellota-100-iberico\/#primaryimage"},"image":{"@id":"https:\/\/www.fisan.com\/pt\/loja\/presunto-de-bellota-100-iberico\/#primaryimage"},"thumbnailUrl":"https:\/\/www.fisan.com\/wp-content\/uploads\/2022\/10\/jamon-bellota-iberico-100-ag-pe-00-3.jpg","datePublished":"2022-10-07T13:59:13+00:00","dateModified":"2025-11-19T20:39:43+00:00","breadcrumb":{"@id":"https:\/\/www.fisan.com\/pt\/loja\/presunto-de-bellota-100-iberico\/#breadcrumb"},"inLanguage":"pt-PT","potentialAction":[{"@type":"ReadAction","target":["https:\/\/www.fisan.com\/pt\/loja\/presunto-de-bellota-100-iberico\/"]}]},{"@type":"ImageObject","inLanguage":"pt-PT","@id":"https:\/\/www.fisan.com\/pt\/loja\/presunto-de-bellota-100-iberico\/#primaryimage","url":"https:\/\/www.fisan.com\/wp-content\/uploads\/2022\/10\/jamon-bellota-iberico-100-ag-pe-00-3.jpg","contentUrl":"https:\/\/www.fisan.com\/wp-content\/uploads\/2022\/10\/jamon-bellota-iberico-100-ag-pe-00-3.jpg","width":1200,"height":2400,"caption":"JAMON BELLOTA IBERICO"},{"@type":"BreadcrumbList","@id":"https:\/\/www.fisan.com\/pt\/loja\/presunto-de-bellota-100-iberico\/#breadcrumb","itemListElement":[{"@type":"ListItem","position":1,"name":"FISAN","item":"https:\/\/www.fisan.com\/pt\/"},{"@type":"ListItem","position":2,"name":"Produtos","item":"https:\/\/www.fisan.com\/pt\/produtos\/"},{"@type":"ListItem","position":3,"name":"Presunto de Bellota 100% Ib\u00e9rico Alta Gastronom\u00eda"}]},{"@type":"WebSite","@id":"https:\/\/www.fisan.com\/pt\/#website","url":"https:\/\/www.fisan.com\/pt\/","name":"FISAN","description":"FISAN | Jamones de bellota ib\u00e9rico y embutidos ib\u00e9ricos desde 1920","potentialAction":[{"@type":"SearchAction","target":{"@type":"EntryPoint","urlTemplate":"https:\/\/www.fisan.com\/pt\/?s={search_term_string}"},"query-input":{"@type":"PropertyValueSpecification","valueRequired":true,"valueName":"search_term_string"}}],"inLanguage":"pt-PT"}]},"og_availability":"instock","product_availability":"instock","product_retailer_item_id":"j-bi100","product_condition":"new"},"_links":{"self":[{"href":"https:\/\/www.fisan.com\/pt\/wp-json\/wp\/v2\/product\/33185","targetHints":{"allow":["GET"]}}],"collection":[{"href":"https:\/\/www.fisan.com\/pt\/wp-json\/wp\/v2\/product"}],"about":[{"href":"https:\/\/www.fisan.com\/pt\/wp-json\/wp\/v2\/types\/product"}],"version-history":[{"count":6,"href":"https:\/\/www.fisan.com\/pt\/wp-json\/wp\/v2\/product\/33185\/revisions"}],"predecessor-version":[{"id":57024,"href":"https:\/\/www.fisan.com\/pt\/wp-json\/wp\/v2\/product\/33185\/revisions\/57024"}],"wp:featuredmedia":[{"embeddable":true,"href":"https:\/\/www.fisan.com\/pt\/wp-json\/wp\/v2\/media\/49168"}],"wp:attachment":[{"href":"https:\/\/www.fisan.com\/pt\/wp-json\/wp\/v2\/media?parent=33185"}],"wp:term":[{"taxonomy":"product_brand","embeddable":true,"href":"https:\/\/www.fisan.com\/pt\/wp-json\/wp\/v2\/product_brand?post=33185"},{"taxonomy":"product_cat","embeddable":true,"href":"https:\/\/www.fisan.com\/pt\/wp-json\/wp\/v2\/product_cat?post=33185"},{"taxonomy":"product_tag","embeddable":true,"href":"https:\/\/www.fisan.com\/pt\/wp-json\/wp\/v2\/product_tag?post=33185"},{"taxonomy":"gama","embeddable":true,"href":"https:\/\/www.fisan.com\/pt\/wp-json\/wp\/v2\/gama?post=33185"},{"taxonomy":"calidad","embeddable":true,"href":"https:\/\/www.fisan.com\/pt\/wp-json\/wp\/v2\/calidad?post=33185"}],"curies":[{"name":"wp","href":"https:\/\/api.w.org\/{rel}","templated":true}]}}