{"id":33343,"date":"2022-10-07T16:52:24","date_gmt":"2022-10-07T14:52:24","guid":{"rendered":"https:\/\/www.fisan.com\/producto\/chourico-de-bellota-iberico-alta-gastronomia\/"},"modified":"2025-06-06T16:17:39","modified_gmt":"2025-06-06T14:17:39","slug":"chorizo-bellota-iberico-alta-gastronomia","status":"publish","type":"product","link":"https:\/\/www.fisan.com\/pt\/loja\/chorizo-de-bellota-iberico-alta-gastronomia\/","title":{"rendered":"Chorizo de Bellota Ib\u00e9rico Alta Gastronom\u00eda 100% Natural"},"content":{"rendered":"<p>O Chorizo de Bellota Ib\u00e9rico Alta Gastronom\u00eda 100% Natural FISAN \u00e9 o sonho do paladar mais exigente. \u00c9 preparado com as carnes nobres do porco de bellota, presa e secreto, selecionadas em todas as campanhas. Uma vez que repousa em caves naturais durante oito meses, re\u00fane as condi\u00e7\u00f5es ideais para que o seu cheiro e cor intensa se transformem num sabor intenso com nuances suaves no paladar.<\/p>\n<p>&nbsp;<\/p>\n<p><strong>Desfrute do seu chorizo de bellota ib\u00e9rico cortado fatiado:<\/strong><br \/>\nO formato ideal para aqueles que querem desfrutar do nosso chorizo ib\u00e9rico de uma forma c\u00f3moda e simples. Nesta apresenta\u00e7\u00e3o encontrar\u00e1 10 embalagens de 100grms numa caixa de oferta perfeita.<\/p>\n","protected":false},"excerpt":{"rendered":"<p>O Chorizo de Bellota Ib\u00e9rico Alta Gastronom\u00eda 100% Natural FISAN \u00e9 o sonho do paladar mais exigente. \u00c9 preparado com as carnes nobres do porco de bellota, presa e secreto, selecionadas em todas as campanhas. Uma vez que repousa em caves naturais durante oito meses, re\u00fane as condi\u00e7\u00f5es ideais para que o seu cheiro e &#8230; <a title=\"Chorizo de Bellota Ib\u00e9rico Alta Gastronom\u00eda 100% Natural\" class=\"read-more\" href=\"https:\/\/www.fisan.com\/pt\/loja\/chorizo-de-bellota-iberico-alta-gastronomia\/\" aria-label=\"Leia mais sobre Chorizo de Bellota Ib\u00e9rico Alta Gastronom\u00eda 100% Natural\">Ler mais<\/a><\/p>\n","protected":false},"featured_media":32505,"template":"","meta":{"_acf_changed":false,"_wp_rev_ctl_limit":""},"product_brand":[],"product_cat":[351],"product_tag":[324,532],"gama":[438],"calidad":[443],"class_list":{"0":"post-33343","1":"product","2":"type-product","3":"status-publish","4":"has-post-thumbnail","6":"product_cat-4-enchidos","7":"product_tag-ag","8":"product_tag-destacados-embutido","9":"gama-alta-gastronomia-pt","10":"calidad-1-bellota-iberico-pt","12":"first","13":"outofstock","14":"taxable","15":"shipping-taxable","16":"purchasable","17":"product-type-variable","18":"has-default-attributes"},"acf":[],"yoast_head":"<!-- This site is optimized with the Yoast SEO plugin v25.4 - https:\/\/yoast.com\/wordpress\/plugins\/seo\/ -->\n<title>Chorizo de Bellota Ib\u00e9rico Alta Gastronom\u00eda 100% Natural | FISAN<\/title>\n<meta name=\"robots\" content=\"index, follow, max-snippet:-1, max-image-preview:large, max-video-preview:-1\" \/>\n<link rel=\"canonical\" href=\"https:\/\/www.fisan.com\/pt\/loja\/chorizo-de-bellota-iberico-alta-gastronomia\/\" \/>\n<meta property=\"og:locale\" content=\"pt_PT\" \/>\n<meta property=\"og:type\" content=\"article\" \/>\n<meta property=\"og:title\" content=\"Chorizo de Bellota Ib\u00e9rico Alta Gastronom\u00eda 100% Natural | FISAN\" \/>\n<meta property=\"og:description\" content=\"O Chorizo de Bellota Ib\u00e9rico Alta Gastronom\u00eda 100% Natural FISAN \u00e9 o sonho do paladar mais exigente. \u00c9 preparado com as carnes nobres do porco de bellota, presa e secreto, selecionadas em todas as campanhas. Uma vez que repousa em caves naturais durante oito meses, re\u00fane as condi\u00e7\u00f5es ideais para que o seu cheiro e ... Ler mais\" \/>\n<meta property=\"og:url\" content=\"https:\/\/www.fisan.com\/pt\/loja\/chorizo-de-bellota-iberico-alta-gastronomia\/\" \/>\n<meta property=\"og:site_name\" content=\"FISAN\" \/>\n<meta property=\"article:modified_time\" content=\"2025-06-06T14:17:39+00:00\" \/>\n<meta property=\"og:image\" content=\"https:\/\/www.fisan.com\/wp-content\/uploads\/2022\/10\/chorizo-bellota-iberico-ag-pe-00.jpg\" \/>\n\t<meta property=\"og:image:width\" content=\"1200\" \/>\n\t<meta property=\"og:image:height\" content=\"2400\" \/>\n\t<meta property=\"og:image:type\" content=\"image\/jpeg\" \/>\n<meta name=\"twitter:card\" content=\"summary_large_image\" \/>\n<meta name=\"twitter:label1\" content=\"Disponibilidade\" \/>\n\t<meta name=\"twitter:data1\" content=\"Esgotado\" \/>\n<script type=\"application\/ld+json\" class=\"yoast-schema-graph\">{\n\t    \"@context\": \"https:\/\/schema.org\",\n\t    \"@graph\": [\n\t        {\n\t            \"@type\": \"WebPage\",\n\t            \"@id\": \"https:\/\/www.fisan.com\/pt\/loja\/chorizo-de-bellota-iberico-alta-gastronomia\/\",\n\t            \"url\": \"https:\/\/www.fisan.com\/pt\/loja\/chorizo-de-bellota-iberico-alta-gastronomia\/\",\n\t            \"name\": \"Chorizo de Bellota Ib\u00e9rico Alta Gastronom\u00eda 100% Natural | FISAN\",\n\t            \"isPartOf\": {\n\t                \"@id\": \"https:\/\/www.fisan.com\/pt\/#website\"\n\t            },\n\t            \"primaryImageOfPage\": {\n\t                \"@id\": \"https:\/\/www.fisan.com\/pt\/loja\/chorizo-de-bellota-iberico-alta-gastronomia\/#primaryimage\"\n\t            },\n\t            \"image\": {\n\t                \"@id\": \"https:\/\/www.fisan.com\/pt\/loja\/chorizo-de-bellota-iberico-alta-gastronomia\/#primaryimage\"\n\t            },\n\t            \"thumbnailUrl\": \"https:\/\/www.fisan.com\/wp-content\/uploads\/2022\/10\/chorizo-bellota-iberico-ag-pe-00.jpg\",\n\t            \"datePublished\": \"2022-10-07T14:52:24+00:00\",\n\t            \"dateModified\": \"2025-06-06T14:17:39+00:00\",\n\t            \"breadcrumb\": {\n\t                \"@id\": \"https:\/\/www.fisan.com\/pt\/loja\/chorizo-de-bellota-iberico-alta-gastronomia\/#breadcrumb\"\n\t            },\n\t            \"inLanguage\": \"pt-PT\",\n\t            \"potentialAction\": [\n\t                {\n\t                    \"@type\": \"ReadAction\",\n\t                    \"target\": [\n\t                        \"https:\/\/www.fisan.com\/pt\/loja\/chorizo-de-bellota-iberico-alta-gastronomia\/\"\n\t                    ]\n\t                }\n\t            ]\n\t        },\n\t        {\n\t            \"@type\": \"ImageObject\",\n\t            \"inLanguage\": \"pt-PT\",\n\t            \"@id\": \"https:\/\/www.fisan.com\/pt\/loja\/chorizo-de-bellota-iberico-alta-gastronomia\/#primaryimage\",\n\t            \"url\": \"https:\/\/www.fisan.com\/wp-content\/uploads\/2022\/10\/chorizo-bellota-iberico-ag-pe-00.jpg\",\n\t            \"contentUrl\": \"https:\/\/www.fisan.com\/wp-content\/uploads\/2022\/10\/chorizo-bellota-iberico-ag-pe-00.jpg\",\n\t            \"width\": 1200,\n\t            \"height\": 2400,\n\t            \"caption\": \"Chorizo de Bellota Ib\u00e9rico Alta Gastronom\u00eda FISAN\"\n\t        },\n\t        {\n\t            \"@type\": \"BreadcrumbList\",\n\t            \"@id\": \"https:\/\/www.fisan.com\/pt\/loja\/chorizo-de-bellota-iberico-alta-gastronomia\/#breadcrumb\",\n\t            \"itemListElement\": [\n\t                {\n\t                    \"@type\": \"ListItem\",\n\t                    \"position\": 1,\n\t                    \"name\": \"FISAN\",\n\t                    \"item\": \"https:\/\/www.fisan.com\/pt\/\"\n\t                },\n\t                {\n\t                    \"@type\": \"ListItem\",\n\t                    \"position\": 2,\n\t                    \"name\": \"Produtos\",\n\t                    \"item\": \"https:\/\/www.fisan.com\/pt\/produtos\/\"\n\t                },\n\t                {\n\t                    \"@type\": \"ListItem\",\n\t                    \"position\": 3,\n\t                    \"name\": \"Chorizo de Bellota Ib\u00e9rico Alta Gastronom\u00eda 100% Natural\"\n\t                }\n\t            ]\n\t        },\n\t        {\n\t            \"@type\": \"WebSite\",\n\t            \"@id\": \"https:\/\/www.fisan.com\/pt\/#website\",\n\t            \"url\": \"https:\/\/www.fisan.com\/pt\/\",\n\t            \"name\": \"FISAN\",\n\t            \"description\": \"FISAN | Jamones de bellota ib\u00e9rico y embutidos ib\u00e9ricos desde 1920\",\n\t            \"potentialAction\": [\n\t                {\n\t                    \"@type\": \"SearchAction\",\n\t                    \"target\": {\n\t                        \"@type\": \"EntryPoint\",\n\t                        \"urlTemplate\": \"https:\/\/www.fisan.com\/pt\/?s={search_term_string}\"\n\t                    },\n\t                    \"query-input\": {\n\t                        \"@type\": \"PropertyValueSpecification\",\n\t                        \"valueRequired\": true,\n\t                        \"valueName\": \"search_term_string\"\n\t                    }\n\t                }\n\t            ],\n\t            \"inLanguage\": \"pt-PT\"\n\t        }\n\t    ]\n\t}<\/script>\n<meta property=\"og:availability\" content=\"out of stock\" \/>\n<meta property=\"product:availability\" content=\"out of stock\" \/>\n<meta property=\"product:retailer_item_id\" content=\"ch-bi100\" \/>\n<meta property=\"product:condition\" content=\"new\" \/>\n<!-- \/ Yoast SEO plugin. -->","yoast_head_json":{"title":"Chorizo de Bellota Ib\u00e9rico Alta Gastronom\u00eda 100% Natural | FISAN","robots":{"index":"index","follow":"follow","max-snippet":"max-snippet:-1","max-image-preview":"max-image-preview:large","max-video-preview":"max-video-preview:-1"},"canonical":"https:\/\/www.fisan.com\/pt\/loja\/chorizo-de-bellota-iberico-alta-gastronomia\/","og_locale":"pt_PT","og_type":"article","og_title":"Chorizo de Bellota Ib\u00e9rico Alta Gastronom\u00eda 100% Natural | FISAN","og_description":"O Chorizo de Bellota Ib\u00e9rico Alta Gastronom\u00eda 100% Natural FISAN \u00e9 o sonho do paladar mais exigente. \u00c9 preparado com as carnes nobres do porco de bellota, presa e secreto, selecionadas em todas as campanhas. Uma vez que repousa em caves naturais durante oito meses, re\u00fane as condi\u00e7\u00f5es ideais para que o seu cheiro e ... Ler mais","og_url":"https:\/\/www.fisan.com\/pt\/loja\/chorizo-de-bellota-iberico-alta-gastronomia\/","og_site_name":"FISAN","article_modified_time":"2025-06-06T14:17:39+00:00","og_image":[{"width":1200,"height":2400,"url":"https:\/\/www.fisan.com\/wp-content\/uploads\/2022\/10\/chorizo-bellota-iberico-ag-pe-00.jpg","type":"image\/jpeg"}],"twitter_card":"summary_large_image","twitter_misc":{"Disponibilidade":"Esgotado"},"schema":{"@context":"https:\/\/schema.org","@graph":[{"@type":"WebPage","@id":"https:\/\/www.fisan.com\/pt\/loja\/chorizo-de-bellota-iberico-alta-gastronomia\/","url":"https:\/\/www.fisan.com\/pt\/loja\/chorizo-de-bellota-iberico-alta-gastronomia\/","name":"Chorizo de Bellota Ib\u00e9rico Alta Gastronom\u00eda 100% Natural | FISAN","isPartOf":{"@id":"https:\/\/www.fisan.com\/pt\/#website"},"primaryImageOfPage":{"@id":"https:\/\/www.fisan.com\/pt\/loja\/chorizo-de-bellota-iberico-alta-gastronomia\/#primaryimage"},"image":{"@id":"https:\/\/www.fisan.com\/pt\/loja\/chorizo-de-bellota-iberico-alta-gastronomia\/#primaryimage"},"thumbnailUrl":"https:\/\/www.fisan.com\/wp-content\/uploads\/2022\/10\/chorizo-bellota-iberico-ag-pe-00.jpg","datePublished":"2022-10-07T14:52:24+00:00","dateModified":"2025-06-06T14:17:39+00:00","breadcrumb":{"@id":"https:\/\/www.fisan.com\/pt\/loja\/chorizo-de-bellota-iberico-alta-gastronomia\/#breadcrumb"},"inLanguage":"pt-PT","potentialAction":[{"@type":"ReadAction","target":["https:\/\/www.fisan.com\/pt\/loja\/chorizo-de-bellota-iberico-alta-gastronomia\/"]}]},{"@type":"ImageObject","inLanguage":"pt-PT","@id":"https:\/\/www.fisan.com\/pt\/loja\/chorizo-de-bellota-iberico-alta-gastronomia\/#primaryimage","url":"https:\/\/www.fisan.com\/wp-content\/uploads\/2022\/10\/chorizo-bellota-iberico-ag-pe-00.jpg","contentUrl":"https:\/\/www.fisan.com\/wp-content\/uploads\/2022\/10\/chorizo-bellota-iberico-ag-pe-00.jpg","width":1200,"height":2400,"caption":"Chorizo de Bellota Ib\u00e9rico Alta Gastronom\u00eda FISAN"},{"@type":"BreadcrumbList","@id":"https:\/\/www.fisan.com\/pt\/loja\/chorizo-de-bellota-iberico-alta-gastronomia\/#breadcrumb","itemListElement":[{"@type":"ListItem","position":1,"name":"FISAN","item":"https:\/\/www.fisan.com\/pt\/"},{"@type":"ListItem","position":2,"name":"Produtos","item":"https:\/\/www.fisan.com\/pt\/produtos\/"},{"@type":"ListItem","position":3,"name":"Chorizo de Bellota Ib\u00e9rico Alta Gastronom\u00eda 100% Natural"}]},{"@type":"WebSite","@id":"https:\/\/www.fisan.com\/pt\/#website","url":"https:\/\/www.fisan.com\/pt\/","name":"FISAN","description":"FISAN | Jamones de bellota ib\u00e9rico y embutidos ib\u00e9ricos desde 1920","potentialAction":[{"@type":"SearchAction","target":{"@type":"EntryPoint","urlTemplate":"https:\/\/www.fisan.com\/pt\/?s={search_term_string}"},"query-input":{"@type":"PropertyValueSpecification","valueRequired":true,"valueName":"search_term_string"}}],"inLanguage":"pt-PT"}]},"og_availability":"out of stock","product_availability":"out of stock","product_retailer_item_id":"ch-bi100","product_condition":"new"},"_links":{"self":[{"href":"https:\/\/www.fisan.com\/pt\/wp-json\/wp\/v2\/product\/33343","targetHints":{"allow":["GET"]}}],"collection":[{"href":"https:\/\/www.fisan.com\/pt\/wp-json\/wp\/v2\/product"}],"about":[{"href":"https:\/\/www.fisan.com\/pt\/wp-json\/wp\/v2\/types\/product"}],"version-history":[{"count":8,"href":"https:\/\/www.fisan.com\/pt\/wp-json\/wp\/v2\/product\/33343\/revisions"}],"predecessor-version":[{"id":56200,"href":"https:\/\/www.fisan.com\/pt\/wp-json\/wp\/v2\/product\/33343\/revisions\/56200"}],"wp:featuredmedia":[{"embeddable":true,"href":"https:\/\/www.fisan.com\/pt\/wp-json\/wp\/v2\/media\/32505"}],"wp:attachment":[{"href":"https:\/\/www.fisan.com\/pt\/wp-json\/wp\/v2\/media?parent=33343"}],"wp:term":[{"taxonomy":"product_brand","embeddable":true,"href":"https:\/\/www.fisan.com\/pt\/wp-json\/wp\/v2\/product_brand?post=33343"},{"taxonomy":"product_cat","embeddable":true,"href":"https:\/\/www.fisan.com\/pt\/wp-json\/wp\/v2\/product_cat?post=33343"},{"taxonomy":"product_tag","embeddable":true,"href":"https:\/\/www.fisan.com\/pt\/wp-json\/wp\/v2\/product_tag?post=33343"},{"taxonomy":"gama","embeddable":true,"href":"https:\/\/www.fisan.com\/pt\/wp-json\/wp\/v2\/gama?post=33343"},{"taxonomy":"calidad","embeddable":true,"href":"https:\/\/www.fisan.com\/pt\/wp-json\/wp\/v2\/calidad?post=33343"}],"curies":[{"name":"wp","href":"https:\/\/api.w.org\/{rel}","templated":true}]}}