{"id":33546,"date":"2022-10-07T16:55:30","date_gmt":"2022-10-07T14:55:30","guid":{"rendered":"https:\/\/www.fisan.com\/producto\/salsichao-de-bellota\/"},"modified":"2025-05-30T13:47:58","modified_gmt":"2025-05-30T11:47:58","slug":"salchichon-de-bellota-iberico","status":"publish","type":"product","link":"https:\/\/www.fisan.com\/pt\/loja\/salsichao-de-bellota\/","title":{"rendered":"Salchich\u00f3n de Bellota Ib\u00e9rico 100 % Natural"},"content":{"rendered":"<p>O Salchich\u00f3n de Bellota Ib\u00e9rico 100 % Natural FISAN se caracteriza pelo seu sabor suave, que lembra a pimenta, e com um aroma excelente. A sua carne de porco de bellota nunca \u00e9 congelada, respeitando assim o saber-fazer tradicional. A sua cura \u00e9 levada a cabo em secadouros naturais durante pelo menos cinco meses. \u00c9 100% natural.<\/p>\n","protected":false},"excerpt":{"rendered":"<p>O Salchich\u00f3n de Bellota Ib\u00e9rico 100 % Natural FISAN se caracteriza pelo seu sabor suave, que lembra a pimenta, e com um aroma excelente. A sua carne de porco de bellota nunca \u00e9 congelada, respeitando assim o saber-fazer tradicional. A sua cura \u00e9 levada a cabo em secadouros naturais durante pelo menos cinco meses. \u00c9 &#8230; <a title=\"Salchich\u00f3n de Bellota Ib\u00e9rico 100 % Natural\" class=\"read-more\" href=\"https:\/\/www.fisan.com\/pt\/loja\/salsichao-de-bellota\/\" aria-label=\"Leia mais sobre Salchich\u00f3n de Bellota Ib\u00e9rico 100 % Natural\">Ler mais<\/a><\/p>\n","protected":false},"featured_media":32592,"template":"","meta":{"_acf_changed":false,"_wp_rev_ctl_limit":""},"product_brand":[],"product_cat":[351],"product_tag":[532,522],"gama":[1377],"calidad":[443],"class_list":{"0":"post-33546","1":"product","2":"type-product","3":"status-publish","4":"has-post-thumbnail","6":"product_cat-4-enchidos","7":"product_tag-destacados-embutido","8":"product_tag-st","9":"gama-sabor-tradicional-pt-2","10":"calidad-1-bellota-iberico-pt","12":"first","13":"instock","14":"taxable","15":"shipping-taxable","16":"purchasable","17":"product-type-variable","18":"has-default-attributes"},"acf":[],"yoast_head":"<!-- This site is optimized with the Yoast SEO plugin v25.4 - https:\/\/yoast.com\/wordpress\/plugins\/seo\/ -->\n<title>Salchich\u00f3n de Bellota Ib\u00e9rico 100 % Natural | FISAN<\/title>\n<meta name=\"robots\" content=\"index, follow, max-snippet:-1, max-image-preview:large, max-video-preview:-1\" \/>\n<link rel=\"canonical\" href=\"https:\/\/www.fisan.com\/pt\/loja\/salsichao-de-bellota\/\" \/>\n<meta property=\"og:locale\" content=\"pt_PT\" \/>\n<meta property=\"og:type\" content=\"article\" \/>\n<meta property=\"og:title\" content=\"Salchich\u00f3n de Bellota Ib\u00e9rico 100 % Natural | FISAN\" \/>\n<meta property=\"og:description\" content=\"O Salchich\u00f3n de Bellota Ib\u00e9rico 100 % Natural FISAN se caracteriza pelo seu sabor suave, que lembra a pimenta, e com um aroma excelente. A sua carne de porco de bellota nunca \u00e9 congelada, respeitando assim o saber-fazer tradicional. A sua cura \u00e9 levada a cabo em secadouros naturais durante pelo menos cinco meses. \u00c9 ... Ler mais\" \/>\n<meta property=\"og:url\" content=\"https:\/\/www.fisan.com\/pt\/loja\/salsichao-de-bellota\/\" \/>\n<meta property=\"og:site_name\" content=\"FISAN\" \/>\n<meta property=\"article:modified_time\" content=\"2025-05-30T11:47:58+00:00\" \/>\n<meta property=\"og:image\" content=\"https:\/\/www.fisan.com\/wp-content\/uploads\/2022\/10\/salchichon-bellota-iberico-st-pe-00.jpg\" \/>\n\t<meta property=\"og:image:width\" content=\"1200\" \/>\n\t<meta property=\"og:image:height\" content=\"2400\" \/>\n\t<meta property=\"og:image:type\" content=\"image\/jpeg\" \/>\n<meta name=\"twitter:card\" content=\"summary_large_image\" \/>\n<meta name=\"twitter:label1\" content=\"Disponibilidade\" \/>\n\t<meta name=\"twitter:data1\" content=\"Em stock\" \/>\n<script type=\"application\/ld+json\" class=\"yoast-schema-graph\">{\n\t    \"@context\": \"https:\/\/schema.org\",\n\t    \"@graph\": [\n\t        {\n\t            \"@type\": \"WebPage\",\n\t            \"@id\": \"https:\/\/www.fisan.com\/pt\/loja\/salsichao-de-bellota\/\",\n\t            \"url\": \"https:\/\/www.fisan.com\/pt\/loja\/salsichao-de-bellota\/\",\n\t            \"name\": \"Salchich\u00f3n de Bellota Ib\u00e9rico 100 % Natural | FISAN\",\n\t            \"isPartOf\": {\n\t                \"@id\": \"https:\/\/www.fisan.com\/pt\/#website\"\n\t            },\n\t            \"primaryImageOfPage\": {\n\t                \"@id\": \"https:\/\/www.fisan.com\/pt\/loja\/salsichao-de-bellota\/#primaryimage\"\n\t            },\n\t            \"image\": {\n\t                \"@id\": \"https:\/\/www.fisan.com\/pt\/loja\/salsichao-de-bellota\/#primaryimage\"\n\t            },\n\t            \"thumbnailUrl\": \"https:\/\/www.fisan.com\/wp-content\/uploads\/2022\/10\/salchichon-bellota-iberico-st-pe-00.jpg\",\n\t            \"datePublished\": \"2022-10-07T14:55:30+00:00\",\n\t            \"dateModified\": \"2025-05-30T11:47:58+00:00\",\n\t            \"breadcrumb\": {\n\t                \"@id\": \"https:\/\/www.fisan.com\/pt\/loja\/salsichao-de-bellota\/#breadcrumb\"\n\t            },\n\t            \"inLanguage\": \"pt-PT\",\n\t            \"potentialAction\": [\n\t                {\n\t                    \"@type\": \"ReadAction\",\n\t                    \"target\": [\n\t                        \"https:\/\/www.fisan.com\/pt\/loja\/salsichao-de-bellota\/\"\n\t                    ]\n\t                }\n\t            ]\n\t        },\n\t        {\n\t            \"@type\": \"ImageObject\",\n\t            \"inLanguage\": \"pt-PT\",\n\t            \"@id\": \"https:\/\/www.fisan.com\/pt\/loja\/salsichao-de-bellota\/#primaryimage\",\n\t            \"url\": \"https:\/\/www.fisan.com\/wp-content\/uploads\/2022\/10\/salchichon-bellota-iberico-st-pe-00.jpg\",\n\t            \"contentUrl\": \"https:\/\/www.fisan.com\/wp-content\/uploads\/2022\/10\/salchichon-bellota-iberico-st-pe-00.jpg\",\n\t            \"width\": 1200,\n\t            \"height\": 2400,\n\t            \"caption\": \"LOMBO DE BELLOTA IB\u00c9RICO 50% RA\u00c7A IB\u00c9RICA FATIADO FISAN\"\n\t        },\n\t        {\n\t            \"@type\": \"BreadcrumbList\",\n\t            \"@id\": \"https:\/\/www.fisan.com\/pt\/loja\/salsichao-de-bellota\/#breadcrumb\",\n\t            \"itemListElement\": [\n\t                {\n\t                    \"@type\": \"ListItem\",\n\t                    \"position\": 1,\n\t                    \"name\": \"FISAN\",\n\t                    \"item\": \"https:\/\/www.fisan.com\/pt\/\"\n\t                },\n\t                {\n\t                    \"@type\": \"ListItem\",\n\t                    \"position\": 2,\n\t                    \"name\": \"Produtos\",\n\t                    \"item\": \"https:\/\/www.fisan.com\/pt\/produtos\/\"\n\t                },\n\t                {\n\t                    \"@type\": \"ListItem\",\n\t                    \"position\": 3,\n\t                    \"name\": \"Salchich\u00f3n de Bellota Ib\u00e9rico 100 % Natural\"\n\t                }\n\t            ]\n\t        },\n\t        {\n\t            \"@type\": \"WebSite\",\n\t            \"@id\": \"https:\/\/www.fisan.com\/pt\/#website\",\n\t            \"url\": \"https:\/\/www.fisan.com\/pt\/\",\n\t            \"name\": \"FISAN\",\n\t            \"description\": \"FISAN | Jamones de bellota ib\u00e9rico y embutidos ib\u00e9ricos desde 1920\",\n\t            \"potentialAction\": [\n\t                {\n\t                    \"@type\": \"SearchAction\",\n\t                    \"target\": {\n\t                        \"@type\": \"EntryPoint\",\n\t                        \"urlTemplate\": \"https:\/\/www.fisan.com\/pt\/?s={search_term_string}\"\n\t                    },\n\t                    \"query-input\": {\n\t                        \"@type\": \"PropertyValueSpecification\",\n\t                        \"valueRequired\": true,\n\t                        \"valueName\": \"search_term_string\"\n\t                    }\n\t                }\n\t            ],\n\t            \"inLanguage\": \"pt-PT\"\n\t        }\n\t    ]\n\t}<\/script>\n<meta property=\"og:availability\" content=\"instock\" \/>\n<meta property=\"product:availability\" content=\"instock\" \/>\n<meta property=\"product:retailer_item_id\" content=\"s-bi50\" \/>\n<meta property=\"product:condition\" content=\"new\" \/>\n<!-- \/ Yoast SEO plugin. -->","yoast_head_json":{"title":"Salchich\u00f3n de Bellota Ib\u00e9rico 100 % Natural | FISAN","robots":{"index":"index","follow":"follow","max-snippet":"max-snippet:-1","max-image-preview":"max-image-preview:large","max-video-preview":"max-video-preview:-1"},"canonical":"https:\/\/www.fisan.com\/pt\/loja\/salsichao-de-bellota\/","og_locale":"pt_PT","og_type":"article","og_title":"Salchich\u00f3n de Bellota Ib\u00e9rico 100 % Natural | FISAN","og_description":"O Salchich\u00f3n de Bellota Ib\u00e9rico 100 % Natural FISAN se caracteriza pelo seu sabor suave, que lembra a pimenta, e com um aroma excelente. A sua carne de porco de bellota nunca \u00e9 congelada, respeitando assim o saber-fazer tradicional. A sua cura \u00e9 levada a cabo em secadouros naturais durante pelo menos cinco meses. \u00c9 ... Ler mais","og_url":"https:\/\/www.fisan.com\/pt\/loja\/salsichao-de-bellota\/","og_site_name":"FISAN","article_modified_time":"2025-05-30T11:47:58+00:00","og_image":[{"width":1200,"height":2400,"url":"https:\/\/www.fisan.com\/wp-content\/uploads\/2022\/10\/salchichon-bellota-iberico-st-pe-00.jpg","type":"image\/jpeg"}],"twitter_card":"summary_large_image","twitter_misc":{"Disponibilidade":"Em stock"},"schema":{"@context":"https:\/\/schema.org","@graph":[{"@type":"WebPage","@id":"https:\/\/www.fisan.com\/pt\/loja\/salsichao-de-bellota\/","url":"https:\/\/www.fisan.com\/pt\/loja\/salsichao-de-bellota\/","name":"Salchich\u00f3n de Bellota Ib\u00e9rico 100 % Natural | FISAN","isPartOf":{"@id":"https:\/\/www.fisan.com\/pt\/#website"},"primaryImageOfPage":{"@id":"https:\/\/www.fisan.com\/pt\/loja\/salsichao-de-bellota\/#primaryimage"},"image":{"@id":"https:\/\/www.fisan.com\/pt\/loja\/salsichao-de-bellota\/#primaryimage"},"thumbnailUrl":"https:\/\/www.fisan.com\/wp-content\/uploads\/2022\/10\/salchichon-bellota-iberico-st-pe-00.jpg","datePublished":"2022-10-07T14:55:30+00:00","dateModified":"2025-05-30T11:47:58+00:00","breadcrumb":{"@id":"https:\/\/www.fisan.com\/pt\/loja\/salsichao-de-bellota\/#breadcrumb"},"inLanguage":"pt-PT","potentialAction":[{"@type":"ReadAction","target":["https:\/\/www.fisan.com\/pt\/loja\/salsichao-de-bellota\/"]}]},{"@type":"ImageObject","inLanguage":"pt-PT","@id":"https:\/\/www.fisan.com\/pt\/loja\/salsichao-de-bellota\/#primaryimage","url":"https:\/\/www.fisan.com\/wp-content\/uploads\/2022\/10\/salchichon-bellota-iberico-st-pe-00.jpg","contentUrl":"https:\/\/www.fisan.com\/wp-content\/uploads\/2022\/10\/salchichon-bellota-iberico-st-pe-00.jpg","width":1200,"height":2400,"caption":"LOMBO DE BELLOTA IB\u00c9RICO 50% RA\u00c7A IB\u00c9RICA FATIADO FISAN"},{"@type":"BreadcrumbList","@id":"https:\/\/www.fisan.com\/pt\/loja\/salsichao-de-bellota\/#breadcrumb","itemListElement":[{"@type":"ListItem","position":1,"name":"FISAN","item":"https:\/\/www.fisan.com\/pt\/"},{"@type":"ListItem","position":2,"name":"Produtos","item":"https:\/\/www.fisan.com\/pt\/produtos\/"},{"@type":"ListItem","position":3,"name":"Salchich\u00f3n de Bellota Ib\u00e9rico 100 % Natural"}]},{"@type":"WebSite","@id":"https:\/\/www.fisan.com\/pt\/#website","url":"https:\/\/www.fisan.com\/pt\/","name":"FISAN","description":"FISAN | Jamones de bellota ib\u00e9rico y embutidos ib\u00e9ricos desde 1920","potentialAction":[{"@type":"SearchAction","target":{"@type":"EntryPoint","urlTemplate":"https:\/\/www.fisan.com\/pt\/?s={search_term_string}"},"query-input":{"@type":"PropertyValueSpecification","valueRequired":true,"valueName":"search_term_string"}}],"inLanguage":"pt-PT"}]},"og_availability":"instock","product_availability":"instock","product_retailer_item_id":"s-bi50","product_condition":"new"},"_links":{"self":[{"href":"https:\/\/www.fisan.com\/pt\/wp-json\/wp\/v2\/product\/33546","targetHints":{"allow":["GET"]}}],"collection":[{"href":"https:\/\/www.fisan.com\/pt\/wp-json\/wp\/v2\/product"}],"about":[{"href":"https:\/\/www.fisan.com\/pt\/wp-json\/wp\/v2\/types\/product"}],"version-history":[{"count":8,"href":"https:\/\/www.fisan.com\/pt\/wp-json\/wp\/v2\/product\/33546\/revisions"}],"predecessor-version":[{"id":55977,"href":"https:\/\/www.fisan.com\/pt\/wp-json\/wp\/v2\/product\/33546\/revisions\/55977"}],"wp:featuredmedia":[{"embeddable":true,"href":"https:\/\/www.fisan.com\/pt\/wp-json\/wp\/v2\/media\/32592"}],"wp:attachment":[{"href":"https:\/\/www.fisan.com\/pt\/wp-json\/wp\/v2\/media?parent=33546"}],"wp:term":[{"taxonomy":"product_brand","embeddable":true,"href":"https:\/\/www.fisan.com\/pt\/wp-json\/wp\/v2\/product_brand?post=33546"},{"taxonomy":"product_cat","embeddable":true,"href":"https:\/\/www.fisan.com\/pt\/wp-json\/wp\/v2\/product_cat?post=33546"},{"taxonomy":"product_tag","embeddable":true,"href":"https:\/\/www.fisan.com\/pt\/wp-json\/wp\/v2\/product_tag?post=33546"},{"taxonomy":"gama","embeddable":true,"href":"https:\/\/www.fisan.com\/pt\/wp-json\/wp\/v2\/gama?post=33546"},{"taxonomy":"calidad","embeddable":true,"href":"https:\/\/www.fisan.com\/pt\/wp-json\/wp\/v2\/calidad?post=33546"}],"curies":[{"name":"wp","href":"https:\/\/api.w.org\/{rel}","templated":true}]}}