{"id":34018,"date":"2022-10-10T16:48:19","date_gmt":"2022-10-10T14:48:19","guid":{"rendered":"https:\/\/www.fisan.com\/producto\/iberico-choriozo-pt\/"},"modified":"2025-06-06T11:43:13","modified_gmt":"2025-06-06T09:43:13","slug":"chorizo-iberico-natural","status":"publish","type":"product","link":"https:\/\/www.fisan.com\/pt\/loja\/iberico-choriozo-pt\/","title":{"rendered":"Chouri\u00e7o Ib\u00e9rico 100 % Natural"},"content":{"rendered":"<p>O Chouri\u00e7o Ib\u00e9rico 100 % Natural FISAN \u00e9 um dos nossos embutidos mais tradicionais, que combina na perfei\u00e7\u00e3o as melhores carnes nobres do porco ib\u00e9rico juntamente com uma sele\u00e7\u00e3o de especiarias, entre as que se destaca o piment\u00e3o da Vera. Uma pe\u00e7a que se caracteriza pela sua cor avermelhada, pelo seu aroma intenso e pelo nosso inconfund\u00edvel sabor tradicional.<\/p>\n","protected":false},"excerpt":{"rendered":"<p>O Chouri\u00e7o Ib\u00e9rico FISAN \u00e9 um dos nossos embutidos mais tradicionais, que combina na perfei\u00e7\u00e3o as melhores carnes nobres do porco ib\u00e9rico juntamente com uma sele\u00e7\u00e3o de especiarias, entre as que se destaca o piment\u00e3o da Vera. Uma pe\u00e7a que se caracteriza pela sua cor avermelhada, pelo seu aroma intenso e pelo nosso inconfund\u00edvel sabor tradicional.<\/p>\n","protected":false},"featured_media":32631,"template":"","meta":{"_acf_changed":false,"_wp_rev_ctl_limit":""},"product_brand":[],"product_cat":[351],"product_tag":[522],"gama":[1377],"calidad":[514],"class_list":{"0":"post-34018","1":"product","2":"type-product","3":"status-publish","4":"has-post-thumbnail","6":"product_cat-4-enchidos","7":"product_tag-st","8":"gama-sabor-tradicional-pt-2","9":"calidad-3-iberico-pt","11":"first","12":"instock","13":"taxable","14":"shipping-taxable","15":"purchasable","16":"product-type-variable","17":"has-default-attributes"},"acf":[],"yoast_head":"<!-- This site is optimized with the Yoast SEO plugin v25.4 - https:\/\/yoast.com\/wordpress\/plugins\/seo\/ -->\n<title>Chouri\u00e7o Ib\u00e9rico 100 % Natural | FISAN<\/title>\n<meta name=\"robots\" content=\"index, follow, max-snippet:-1, max-image-preview:large, max-video-preview:-1\" \/>\n<link rel=\"canonical\" href=\"https:\/\/www.fisan.com\/pt\/loja\/iberico-choriozo-pt\/\" \/>\n<meta property=\"og:locale\" content=\"pt_PT\" \/>\n<meta property=\"og:type\" content=\"article\" \/>\n<meta property=\"og:title\" content=\"Chouri\u00e7o Ib\u00e9rico 100 % Natural | FISAN\" \/>\n<meta property=\"og:description\" content=\"O Chouri\u00e7o Ib\u00e9rico FISAN \u00e9 um dos nossos embutidos mais tradicionais, que combina na perfei\u00e7\u00e3o as melhores carnes nobres do porco ib\u00e9rico juntamente com uma sele\u00e7\u00e3o de especiarias, entre as que se destaca o piment\u00e3o da Vera. Uma pe\u00e7a que se caracteriza pela sua cor avermelhada, pelo seu aroma intenso e pelo nosso inconfund\u00edvel sabor tradicional.\" \/>\n<meta property=\"og:url\" content=\"https:\/\/www.fisan.com\/pt\/loja\/iberico-choriozo-pt\/\" \/>\n<meta property=\"og:site_name\" content=\"FISAN\" \/>\n<meta property=\"article:modified_time\" content=\"2025-06-06T09:43:13+00:00\" \/>\n<meta property=\"og:image\" content=\"https:\/\/www.fisan.com\/wp-content\/uploads\/2022\/10\/chorizo-iberico-st-pe-00.jpg\" \/>\n\t<meta property=\"og:image:width\" content=\"1200\" \/>\n\t<meta property=\"og:image:height\" content=\"2400\" \/>\n\t<meta property=\"og:image:type\" content=\"image\/jpeg\" \/>\n<meta name=\"twitter:card\" content=\"summary_large_image\" \/>\n<meta name=\"twitter:label1\" content=\"Disponibilidade\" \/>\n\t<meta name=\"twitter:data1\" content=\"Em stock\" \/>\n<script type=\"application\/ld+json\" class=\"yoast-schema-graph\">{\n\t    \"@context\": \"https:\/\/schema.org\",\n\t    \"@graph\": [\n\t        {\n\t            \"@type\": \"WebPage\",\n\t            \"@id\": \"https:\/\/www.fisan.com\/pt\/loja\/iberico-choriozo-pt\/\",\n\t            \"url\": \"https:\/\/www.fisan.com\/pt\/loja\/iberico-choriozo-pt\/\",\n\t            \"name\": \"Chouri\u00e7o Ib\u00e9rico 100 % Natural | FISAN\",\n\t            \"isPartOf\": {\n\t                \"@id\": \"https:\/\/www.fisan.com\/pt\/#website\"\n\t            },\n\t            \"primaryImageOfPage\": {\n\t                \"@id\": \"https:\/\/www.fisan.com\/pt\/loja\/iberico-choriozo-pt\/#primaryimage\"\n\t            },\n\t            \"image\": {\n\t                \"@id\": \"https:\/\/www.fisan.com\/pt\/loja\/iberico-choriozo-pt\/#primaryimage\"\n\t            },\n\t            \"thumbnailUrl\": \"https:\/\/www.fisan.com\/wp-content\/uploads\/2022\/10\/chorizo-iberico-st-pe-00.jpg\",\n\t            \"datePublished\": \"2022-10-10T14:48:19+00:00\",\n\t            \"dateModified\": \"2025-06-06T09:43:13+00:00\",\n\t            \"breadcrumb\": {\n\t                \"@id\": \"https:\/\/www.fisan.com\/pt\/loja\/iberico-choriozo-pt\/#breadcrumb\"\n\t            },\n\t            \"inLanguage\": \"pt-PT\",\n\t            \"potentialAction\": [\n\t                {\n\t                    \"@type\": \"ReadAction\",\n\t                    \"target\": [\n\t                        \"https:\/\/www.fisan.com\/pt\/loja\/iberico-choriozo-pt\/\"\n\t                    ]\n\t                }\n\t            ]\n\t        },\n\t        {\n\t            \"@type\": \"ImageObject\",\n\t            \"inLanguage\": \"pt-PT\",\n\t            \"@id\": \"https:\/\/www.fisan.com\/pt\/loja\/iberico-choriozo-pt\/#primaryimage\",\n\t            \"url\": \"https:\/\/www.fisan.com\/wp-content\/uploads\/2022\/10\/chorizo-iberico-st-pe-00.jpg\",\n\t            \"contentUrl\": \"https:\/\/www.fisan.com\/wp-content\/uploads\/2022\/10\/chorizo-iberico-st-pe-00.jpg\",\n\t            \"width\": 1200,\n\t            \"height\": 2400,\n\t            \"caption\": \"Chorizo Ib\u00e9rico Natural FISAN\"\n\t        },\n\t        {\n\t            \"@type\": \"BreadcrumbList\",\n\t            \"@id\": \"https:\/\/www.fisan.com\/pt\/loja\/iberico-choriozo-pt\/#breadcrumb\",\n\t            \"itemListElement\": [\n\t                {\n\t                    \"@type\": \"ListItem\",\n\t                    \"position\": 1,\n\t                    \"name\": \"FISAN\",\n\t                    \"item\": \"https:\/\/www.fisan.com\/pt\/\"\n\t                },\n\t                {\n\t                    \"@type\": \"ListItem\",\n\t                    \"position\": 2,\n\t                    \"name\": \"Produtos\",\n\t                    \"item\": \"https:\/\/www.fisan.com\/pt\/produtos\/\"\n\t                },\n\t                {\n\t                    \"@type\": \"ListItem\",\n\t                    \"position\": 3,\n\t                    \"name\": \"Chouri\u00e7o Ib\u00e9rico 100 % Natural\"\n\t                }\n\t            ]\n\t        },\n\t        {\n\t            \"@type\": \"WebSite\",\n\t            \"@id\": \"https:\/\/www.fisan.com\/pt\/#website\",\n\t            \"url\": \"https:\/\/www.fisan.com\/pt\/\",\n\t            \"name\": \"FISAN\",\n\t            \"description\": \"FISAN | Jamones de bellota ib\u00e9rico y embutidos ib\u00e9ricos desde 1920\",\n\t            \"potentialAction\": [\n\t                {\n\t                    \"@type\": \"SearchAction\",\n\t                    \"target\": {\n\t                        \"@type\": \"EntryPoint\",\n\t                        \"urlTemplate\": \"https:\/\/www.fisan.com\/pt\/?s={search_term_string}\"\n\t                    },\n\t                    \"query-input\": {\n\t                        \"@type\": \"PropertyValueSpecification\",\n\t                        \"valueRequired\": true,\n\t                        \"valueName\": \"search_term_string\"\n\t                    }\n\t                }\n\t            ],\n\t            \"inLanguage\": \"pt-PT\"\n\t        }\n\t    ]\n\t}<\/script>\n<meta property=\"og:availability\" content=\"instock\" \/>\n<meta property=\"product:availability\" content=\"instock\" \/>\n<meta property=\"product:retailer_item_id\" content=\"ch-i50\" \/>\n<meta property=\"product:condition\" content=\"new\" \/>\n<!-- \/ Yoast SEO plugin. -->","yoast_head_json":{"title":"Chouri\u00e7o Ib\u00e9rico 100 % Natural | FISAN","robots":{"index":"index","follow":"follow","max-snippet":"max-snippet:-1","max-image-preview":"max-image-preview:large","max-video-preview":"max-video-preview:-1"},"canonical":"https:\/\/www.fisan.com\/pt\/loja\/iberico-choriozo-pt\/","og_locale":"pt_PT","og_type":"article","og_title":"Chouri\u00e7o Ib\u00e9rico 100 % Natural | FISAN","og_description":"O Chouri\u00e7o Ib\u00e9rico FISAN \u00e9 um dos nossos embutidos mais tradicionais, que combina na perfei\u00e7\u00e3o as melhores carnes nobres do porco ib\u00e9rico juntamente com uma sele\u00e7\u00e3o de especiarias, entre as que se destaca o piment\u00e3o da Vera. Uma pe\u00e7a que se caracteriza pela sua cor avermelhada, pelo seu aroma intenso e pelo nosso inconfund\u00edvel sabor tradicional.","og_url":"https:\/\/www.fisan.com\/pt\/loja\/iberico-choriozo-pt\/","og_site_name":"FISAN","article_modified_time":"2025-06-06T09:43:13+00:00","og_image":[{"width":1200,"height":2400,"url":"https:\/\/www.fisan.com\/wp-content\/uploads\/2022\/10\/chorizo-iberico-st-pe-00.jpg","type":"image\/jpeg"}],"twitter_card":"summary_large_image","twitter_misc":{"Disponibilidade":"Em stock"},"schema":{"@context":"https:\/\/schema.org","@graph":[{"@type":"WebPage","@id":"https:\/\/www.fisan.com\/pt\/loja\/iberico-choriozo-pt\/","url":"https:\/\/www.fisan.com\/pt\/loja\/iberico-choriozo-pt\/","name":"Chouri\u00e7o Ib\u00e9rico 100 % Natural | FISAN","isPartOf":{"@id":"https:\/\/www.fisan.com\/pt\/#website"},"primaryImageOfPage":{"@id":"https:\/\/www.fisan.com\/pt\/loja\/iberico-choriozo-pt\/#primaryimage"},"image":{"@id":"https:\/\/www.fisan.com\/pt\/loja\/iberico-choriozo-pt\/#primaryimage"},"thumbnailUrl":"https:\/\/www.fisan.com\/wp-content\/uploads\/2022\/10\/chorizo-iberico-st-pe-00.jpg","datePublished":"2022-10-10T14:48:19+00:00","dateModified":"2025-06-06T09:43:13+00:00","breadcrumb":{"@id":"https:\/\/www.fisan.com\/pt\/loja\/iberico-choriozo-pt\/#breadcrumb"},"inLanguage":"pt-PT","potentialAction":[{"@type":"ReadAction","target":["https:\/\/www.fisan.com\/pt\/loja\/iberico-choriozo-pt\/"]}]},{"@type":"ImageObject","inLanguage":"pt-PT","@id":"https:\/\/www.fisan.com\/pt\/loja\/iberico-choriozo-pt\/#primaryimage","url":"https:\/\/www.fisan.com\/wp-content\/uploads\/2022\/10\/chorizo-iberico-st-pe-00.jpg","contentUrl":"https:\/\/www.fisan.com\/wp-content\/uploads\/2022\/10\/chorizo-iberico-st-pe-00.jpg","width":1200,"height":2400,"caption":"Chorizo Ib\u00e9rico Natural FISAN"},{"@type":"BreadcrumbList","@id":"https:\/\/www.fisan.com\/pt\/loja\/iberico-choriozo-pt\/#breadcrumb","itemListElement":[{"@type":"ListItem","position":1,"name":"FISAN","item":"https:\/\/www.fisan.com\/pt\/"},{"@type":"ListItem","position":2,"name":"Produtos","item":"https:\/\/www.fisan.com\/pt\/produtos\/"},{"@type":"ListItem","position":3,"name":"Chouri\u00e7o Ib\u00e9rico 100 % Natural"}]},{"@type":"WebSite","@id":"https:\/\/www.fisan.com\/pt\/#website","url":"https:\/\/www.fisan.com\/pt\/","name":"FISAN","description":"FISAN | Jamones de bellota ib\u00e9rico y embutidos ib\u00e9ricos desde 1920","potentialAction":[{"@type":"SearchAction","target":{"@type":"EntryPoint","urlTemplate":"https:\/\/www.fisan.com\/pt\/?s={search_term_string}"},"query-input":{"@type":"PropertyValueSpecification","valueRequired":true,"valueName":"search_term_string"}}],"inLanguage":"pt-PT"}]},"og_availability":"instock","product_availability":"instock","product_retailer_item_id":"ch-i50","product_condition":"new"},"_links":{"self":[{"href":"https:\/\/www.fisan.com\/pt\/wp-json\/wp\/v2\/product\/34018","targetHints":{"allow":["GET"]}}],"collection":[{"href":"https:\/\/www.fisan.com\/pt\/wp-json\/wp\/v2\/product"}],"about":[{"href":"https:\/\/www.fisan.com\/pt\/wp-json\/wp\/v2\/types\/product"}],"version-history":[{"count":7,"href":"https:\/\/www.fisan.com\/pt\/wp-json\/wp\/v2\/product\/34018\/revisions"}],"predecessor-version":[{"id":56104,"href":"https:\/\/www.fisan.com\/pt\/wp-json\/wp\/v2\/product\/34018\/revisions\/56104"}],"wp:featuredmedia":[{"embeddable":true,"href":"https:\/\/www.fisan.com\/pt\/wp-json\/wp\/v2\/media\/32631"}],"wp:attachment":[{"href":"https:\/\/www.fisan.com\/pt\/wp-json\/wp\/v2\/media?parent=34018"}],"wp:term":[{"taxonomy":"product_brand","embeddable":true,"href":"https:\/\/www.fisan.com\/pt\/wp-json\/wp\/v2\/product_brand?post=34018"},{"taxonomy":"product_cat","embeddable":true,"href":"https:\/\/www.fisan.com\/pt\/wp-json\/wp\/v2\/product_cat?post=34018"},{"taxonomy":"product_tag","embeddable":true,"href":"https:\/\/www.fisan.com\/pt\/wp-json\/wp\/v2\/product_tag?post=34018"},{"taxonomy":"gama","embeddable":true,"href":"https:\/\/www.fisan.com\/pt\/wp-json\/wp\/v2\/gama?post=34018"},{"taxonomy":"calidad","embeddable":true,"href":"https:\/\/www.fisan.com\/pt\/wp-json\/wp\/v2\/calidad?post=34018"}],"curies":[{"name":"wp","href":"https:\/\/api.w.org\/{rel}","templated":true}]}}