{"id":34052,"date":"2022-11-07T11:54:48","date_gmt":"2022-11-07T10:54:48","guid":{"rendered":"https:\/\/www.fisan.com\/producto\/lombo-de-bellota-100-iberico-cortado-fatiado\/"},"modified":"2024-11-19T12:41:20","modified_gmt":"2024-11-19T11:41:20","slug":"lombo-de-bellota-100-iberico-cortado-fatiado","status":"publish","type":"product","link":"https:\/\/www.fisan.com\/pt\/loja\/lombo-de-bellota-100-iberico-cortado-fatiado\/","title":{"rendered":"Lombo de Bellota 100% Ib\u00e9rico Alta Gastronom\u00eda &#8211; Cortado fatiado"},"content":{"rendered":"<p>O Paio de Lombo de Bellota 100% Ib\u00e9rico FISAN se caracteriza pelo seu sabor suave, sua textura jaspeada e aroma profundo. Este lombo \u00e9 elaborado com o adobo tradicional, cuja base \u00e9 a paprica e em nenhum momento durante a elabora\u00e7\u00e3o a carne \u00e9 congelada. A sua cura cuidada \u00e9 levada a cabo em secadouros naturais durante pelo menos seis meses. \u00c9 100% natural.<\/p>\n<p>&nbsp;<\/p>\n<p>Com um formato e uma embalagem de luxo para um produto muito especial: desfrutar do lombo de bellota 100% ib\u00e9rico cortado fatiado numa caixa de luxo. O formato ideal para quem quer desfrutar do nosso lombo de bellota 100% ib\u00e9rico de uma forma c\u00f3moda e simples. Nesta apresenta\u00e7\u00e3o encontrar\u00e1 1 caixa de 10 embalagens de 100grms. O presente perfeito.<\/p>\n","protected":false},"excerpt":{"rendered":"<p>O Paio de Lombo de Bellota 100% Ib\u00e9rico FISAN se caracteriza pelo seu sabor suave, sua textura jaspeada e aroma profundo. Este lombo \u00e9 elaborado com o adobo tradicional, cuja base \u00e9 a paprica e em nenhum momento durante a elabora\u00e7\u00e3o a carne \u00e9 congelada. A sua cura cuidada \u00e9 levada a cabo em secadouros &#8230; <a title=\"Lombo de Bellota 100% Ib\u00e9rico Alta Gastronom\u00eda &#8211; Cortado fatiado\" class=\"read-more\" href=\"https:\/\/www.fisan.com\/pt\/loja\/lombo-de-bellota-100-iberico-cortado-fatiado\/\" aria-label=\"Leia mais sobre Lombo de Bellota 100% Ib\u00e9rico Alta Gastronom\u00eda &#8211; Cortado fatiado\">Ler mais<\/a><\/p>\n","protected":false},"featured_media":27756,"template":"","meta":{"_acf_changed":false,"_wp_rev_ctl_limit":""},"product_brand":[],"product_cat":[383,721,358],"product_tag":[324],"gama":[438],"calidad":[443],"class_list":{"0":"post-34052","1":"product","2":"type-product","3":"status-publish","4":"has-post-thumbnail","6":"product_cat-8-cortado-a-mao-fatiado","7":"product_cat-produtos-lombo-de-bellota","8":"product_cat-produtos-lombo","9":"product_tag-ag","10":"gama-alta-gastronomia-pt","11":"calidad-1-bellota-iberico-pt","13":"first","14":"outofstock","15":"taxable","16":"shipping-taxable","17":"purchasable","18":"product-type-variable","19":"has-default-attributes"},"acf":[],"yoast_head":"<!-- This site is optimized with the Yoast SEO plugin v25.4 - https:\/\/yoast.com\/wordpress\/plugins\/seo\/ -->\n<title>Lombo de Bellota 100% Ib\u00e9rico Alta Gastronom\u00eda - Cortado fatiado | FISAN<\/title>\n<meta name=\"robots\" content=\"index, follow, max-snippet:-1, max-image-preview:large, max-video-preview:-1\" \/>\n<link rel=\"canonical\" href=\"https:\/\/www.fisan.com\/pt\/loja\/lombo-de-bellota-100-iberico-cortado-fatiado\/\" \/>\n<meta property=\"og:locale\" content=\"pt_PT\" \/>\n<meta property=\"og:type\" content=\"article\" \/>\n<meta property=\"og:title\" content=\"Lombo de Bellota 100% Ib\u00e9rico Alta Gastronom\u00eda - Cortado fatiado | FISAN\" \/>\n<meta property=\"og:description\" content=\"O Paio de Lombo de Bellota 100% Ib\u00e9rico FISAN se caracteriza pelo seu sabor suave, sua textura jaspeada e aroma profundo. Este lombo \u00e9 elaborado com o adobo tradicional, cuja base \u00e9 a paprica e em nenhum momento durante a elabora\u00e7\u00e3o a carne \u00e9 congelada. A sua cura cuidada \u00e9 levada a cabo em secadouros ... Ler mais\" \/>\n<meta property=\"og:url\" content=\"https:\/\/www.fisan.com\/pt\/loja\/lombo-de-bellota-100-iberico-cortado-fatiado\/\" \/>\n<meta property=\"og:site_name\" content=\"FISAN\" \/>\n<meta property=\"article:modified_time\" content=\"2024-11-19T11:41:20+00:00\" \/>\n<meta property=\"og:image\" content=\"https:\/\/www.fisan.com\/wp-content\/uploads\/2022\/10\/lomo-bellota-iberico-100-ag-cm-00.jpg\" \/>\n\t<meta property=\"og:image:width\" content=\"1200\" \/>\n\t<meta property=\"og:image:height\" content=\"2400\" \/>\n\t<meta property=\"og:image:type\" content=\"image\/jpeg\" \/>\n<meta name=\"twitter:card\" content=\"summary_large_image\" \/>\n<meta name=\"twitter:label1\" content=\"Disponibilidade\" \/>\n\t<meta name=\"twitter:data1\" content=\"Esgotado\" \/>\n<script type=\"application\/ld+json\" class=\"yoast-schema-graph\">{\n\t    \"@context\": \"https:\/\/schema.org\",\n\t    \"@graph\": [\n\t        {\n\t            \"@type\": \"WebPage\",\n\t            \"@id\": \"https:\/\/www.fisan.com\/pt\/loja\/lombo-de-bellota-100-iberico-cortado-fatiado\/\",\n\t            \"url\": \"https:\/\/www.fisan.com\/pt\/loja\/lombo-de-bellota-100-iberico-cortado-fatiado\/\",\n\t            \"name\": \"Lombo de Bellota 100% Ib\u00e9rico Alta Gastronom\u00eda - Cortado fatiado | FISAN\",\n\t            \"isPartOf\": {\n\t                \"@id\": \"https:\/\/www.fisan.com\/pt\/#website\"\n\t            },\n\t            \"primaryImageOfPage\": {\n\t                \"@id\": \"https:\/\/www.fisan.com\/pt\/loja\/lombo-de-bellota-100-iberico-cortado-fatiado\/#primaryimage\"\n\t            },\n\t            \"image\": {\n\t                \"@id\": \"https:\/\/www.fisan.com\/pt\/loja\/lombo-de-bellota-100-iberico-cortado-fatiado\/#primaryimage\"\n\t            },\n\t            \"thumbnailUrl\": \"https:\/\/www.fisan.com\/wp-content\/uploads\/2022\/10\/lomo-bellota-iberico-100-ag-cm-00.jpg\",\n\t            \"datePublished\": \"2022-11-07T10:54:48+00:00\",\n\t            \"dateModified\": \"2024-11-19T11:41:20+00:00\",\n\t            \"breadcrumb\": {\n\t                \"@id\": \"https:\/\/www.fisan.com\/pt\/loja\/lombo-de-bellota-100-iberico-cortado-fatiado\/#breadcrumb\"\n\t            },\n\t            \"inLanguage\": \"pt-PT\",\n\t            \"potentialAction\": [\n\t                {\n\t                    \"@type\": \"ReadAction\",\n\t                    \"target\": [\n\t                        \"https:\/\/www.fisan.com\/pt\/loja\/lombo-de-bellota-100-iberico-cortado-fatiado\/\"\n\t                    ]\n\t                }\n\t            ]\n\t        },\n\t        {\n\t            \"@type\": \"ImageObject\",\n\t            \"inLanguage\": \"pt-PT\",\n\t            \"@id\": \"https:\/\/www.fisan.com\/pt\/loja\/lombo-de-bellota-100-iberico-cortado-fatiado\/#primaryimage\",\n\t            \"url\": \"https:\/\/www.fisan.com\/wp-content\/uploads\/2022\/10\/lomo-bellota-iberico-100-ag-cm-00.jpg\",\n\t            \"contentUrl\": \"https:\/\/www.fisan.com\/wp-content\/uploads\/2022\/10\/lomo-bellota-iberico-100-ag-cm-00.jpg\",\n\t            \"width\": 1200,\n\t            \"height\": 2400,\n\t            \"caption\": \"LOMO BELLOTA IBERICO\"\n\t        },\n\t        {\n\t            \"@type\": \"BreadcrumbList\",\n\t            \"@id\": \"https:\/\/www.fisan.com\/pt\/loja\/lombo-de-bellota-100-iberico-cortado-fatiado\/#breadcrumb\",\n\t            \"itemListElement\": [\n\t                {\n\t                    \"@type\": \"ListItem\",\n\t                    \"position\": 1,\n\t                    \"name\": \"FISAN\",\n\t                    \"item\": \"https:\/\/www.fisan.com\/pt\/\"\n\t                },\n\t                {\n\t                    \"@type\": \"ListItem\",\n\t                    \"position\": 2,\n\t                    \"name\": \"Produtos\",\n\t                    \"item\": \"https:\/\/www.fisan.com\/pt\/produtos\/\"\n\t                },\n\t                {\n\t                    \"@type\": \"ListItem\",\n\t                    \"position\": 3,\n\t                    \"name\": \"Lombo de Bellota 100% Ib\u00e9rico Alta Gastronom\u00eda &#8211; Cortado fatiado\"\n\t                }\n\t            ]\n\t        },\n\t        {\n\t            \"@type\": \"WebSite\",\n\t            \"@id\": \"https:\/\/www.fisan.com\/pt\/#website\",\n\t            \"url\": \"https:\/\/www.fisan.com\/pt\/\",\n\t            \"name\": \"FISAN\",\n\t            \"description\": \"FISAN | Jamones de bellota ib\u00e9rico y embutidos ib\u00e9ricos desde 1920\",\n\t            \"potentialAction\": [\n\t                {\n\t                    \"@type\": \"SearchAction\",\n\t                    \"target\": {\n\t                        \"@type\": \"EntryPoint\",\n\t                        \"urlTemplate\": \"https:\/\/www.fisan.com\/pt\/?s={search_term_string}\"\n\t                    },\n\t                    \"query-input\": {\n\t                        \"@type\": \"PropertyValueSpecification\",\n\t                        \"valueRequired\": true,\n\t                        \"valueName\": \"search_term_string\"\n\t                    }\n\t                }\n\t            ],\n\t            \"inLanguage\": \"pt-PT\"\n\t        }\n\t    ]\n\t}<\/script>\n<meta property=\"og:availability\" content=\"out of stock\" \/>\n<meta property=\"product:availability\" content=\"out of stock\" \/>\n<meta property=\"product:retailer_item_id\" content=\"l-bi100-1\" \/>\n<meta property=\"product:condition\" content=\"new\" \/>\n<!-- \/ Yoast SEO plugin. -->","yoast_head_json":{"title":"Lombo de Bellota 100% Ib\u00e9rico Alta Gastronom\u00eda - Cortado fatiado | FISAN","robots":{"index":"index","follow":"follow","max-snippet":"max-snippet:-1","max-image-preview":"max-image-preview:large","max-video-preview":"max-video-preview:-1"},"canonical":"https:\/\/www.fisan.com\/pt\/loja\/lombo-de-bellota-100-iberico-cortado-fatiado\/","og_locale":"pt_PT","og_type":"article","og_title":"Lombo de Bellota 100% Ib\u00e9rico Alta Gastronom\u00eda - Cortado fatiado | FISAN","og_description":"O Paio de Lombo de Bellota 100% Ib\u00e9rico FISAN se caracteriza pelo seu sabor suave, sua textura jaspeada e aroma profundo. Este lombo \u00e9 elaborado com o adobo tradicional, cuja base \u00e9 a paprica e em nenhum momento durante a elabora\u00e7\u00e3o a carne \u00e9 congelada. A sua cura cuidada \u00e9 levada a cabo em secadouros ... Ler mais","og_url":"https:\/\/www.fisan.com\/pt\/loja\/lombo-de-bellota-100-iberico-cortado-fatiado\/","og_site_name":"FISAN","article_modified_time":"2024-11-19T11:41:20+00:00","og_image":[{"width":1200,"height":2400,"url":"https:\/\/www.fisan.com\/wp-content\/uploads\/2022\/10\/lomo-bellota-iberico-100-ag-cm-00.jpg","type":"image\/jpeg"}],"twitter_card":"summary_large_image","twitter_misc":{"Disponibilidade":"Esgotado"},"schema":{"@context":"https:\/\/schema.org","@graph":[{"@type":"WebPage","@id":"https:\/\/www.fisan.com\/pt\/loja\/lombo-de-bellota-100-iberico-cortado-fatiado\/","url":"https:\/\/www.fisan.com\/pt\/loja\/lombo-de-bellota-100-iberico-cortado-fatiado\/","name":"Lombo de Bellota 100% Ib\u00e9rico Alta Gastronom\u00eda - Cortado fatiado | FISAN","isPartOf":{"@id":"https:\/\/www.fisan.com\/pt\/#website"},"primaryImageOfPage":{"@id":"https:\/\/www.fisan.com\/pt\/loja\/lombo-de-bellota-100-iberico-cortado-fatiado\/#primaryimage"},"image":{"@id":"https:\/\/www.fisan.com\/pt\/loja\/lombo-de-bellota-100-iberico-cortado-fatiado\/#primaryimage"},"thumbnailUrl":"https:\/\/www.fisan.com\/wp-content\/uploads\/2022\/10\/lomo-bellota-iberico-100-ag-cm-00.jpg","datePublished":"2022-11-07T10:54:48+00:00","dateModified":"2024-11-19T11:41:20+00:00","breadcrumb":{"@id":"https:\/\/www.fisan.com\/pt\/loja\/lombo-de-bellota-100-iberico-cortado-fatiado\/#breadcrumb"},"inLanguage":"pt-PT","potentialAction":[{"@type":"ReadAction","target":["https:\/\/www.fisan.com\/pt\/loja\/lombo-de-bellota-100-iberico-cortado-fatiado\/"]}]},{"@type":"ImageObject","inLanguage":"pt-PT","@id":"https:\/\/www.fisan.com\/pt\/loja\/lombo-de-bellota-100-iberico-cortado-fatiado\/#primaryimage","url":"https:\/\/www.fisan.com\/wp-content\/uploads\/2022\/10\/lomo-bellota-iberico-100-ag-cm-00.jpg","contentUrl":"https:\/\/www.fisan.com\/wp-content\/uploads\/2022\/10\/lomo-bellota-iberico-100-ag-cm-00.jpg","width":1200,"height":2400,"caption":"LOMO BELLOTA IBERICO"},{"@type":"BreadcrumbList","@id":"https:\/\/www.fisan.com\/pt\/loja\/lombo-de-bellota-100-iberico-cortado-fatiado\/#breadcrumb","itemListElement":[{"@type":"ListItem","position":1,"name":"FISAN","item":"https:\/\/www.fisan.com\/pt\/"},{"@type":"ListItem","position":2,"name":"Produtos","item":"https:\/\/www.fisan.com\/pt\/produtos\/"},{"@type":"ListItem","position":3,"name":"Lombo de Bellota 100% Ib\u00e9rico Alta Gastronom\u00eda &#8211; Cortado fatiado"}]},{"@type":"WebSite","@id":"https:\/\/www.fisan.com\/pt\/#website","url":"https:\/\/www.fisan.com\/pt\/","name":"FISAN","description":"FISAN | Jamones de bellota ib\u00e9rico y embutidos ib\u00e9ricos desde 1920","potentialAction":[{"@type":"SearchAction","target":{"@type":"EntryPoint","urlTemplate":"https:\/\/www.fisan.com\/pt\/?s={search_term_string}"},"query-input":{"@type":"PropertyValueSpecification","valueRequired":true,"valueName":"search_term_string"}}],"inLanguage":"pt-PT"}]},"og_availability":"out of stock","product_availability":"out of stock","product_retailer_item_id":"l-bi100-1","product_condition":"new"},"_links":{"self":[{"href":"https:\/\/www.fisan.com\/pt\/wp-json\/wp\/v2\/product\/34052","targetHints":{"allow":["GET"]}}],"collection":[{"href":"https:\/\/www.fisan.com\/pt\/wp-json\/wp\/v2\/product"}],"about":[{"href":"https:\/\/www.fisan.com\/pt\/wp-json\/wp\/v2\/types\/product"}],"version-history":[{"count":6,"href":"https:\/\/www.fisan.com\/pt\/wp-json\/wp\/v2\/product\/34052\/revisions"}],"predecessor-version":[{"id":51578,"href":"https:\/\/www.fisan.com\/pt\/wp-json\/wp\/v2\/product\/34052\/revisions\/51578"}],"wp:featuredmedia":[{"embeddable":true,"href":"https:\/\/www.fisan.com\/pt\/wp-json\/wp\/v2\/media\/27756"}],"wp:attachment":[{"href":"https:\/\/www.fisan.com\/pt\/wp-json\/wp\/v2\/media?parent=34052"}],"wp:term":[{"taxonomy":"product_brand","embeddable":true,"href":"https:\/\/www.fisan.com\/pt\/wp-json\/wp\/v2\/product_brand?post=34052"},{"taxonomy":"product_cat","embeddable":true,"href":"https:\/\/www.fisan.com\/pt\/wp-json\/wp\/v2\/product_cat?post=34052"},{"taxonomy":"product_tag","embeddable":true,"href":"https:\/\/www.fisan.com\/pt\/wp-json\/wp\/v2\/product_tag?post=34052"},{"taxonomy":"gama","embeddable":true,"href":"https:\/\/www.fisan.com\/pt\/wp-json\/wp\/v2\/gama?post=34052"},{"taxonomy":"calidad","embeddable":true,"href":"https:\/\/www.fisan.com\/pt\/wp-json\/wp\/v2\/calidad?post=34052"}],"curies":[{"name":"wp","href":"https:\/\/api.w.org\/{rel}","templated":true}]}}