{"id":34066,"date":"2022-11-18T10:07:59","date_gmt":"2022-11-18T09:07:59","guid":{"rendered":"https:\/\/www.fisan.com\/producto\/presunto-de-bellota-iberico-50-raca-iberica-cortado-a-mao-deluxe\/"},"modified":"2024-11-18T09:47:39","modified_gmt":"2024-11-18T08:47:39","slug":"presunto-de-bellota-iberico-50-raca-iberica-cortado-a-mao-deluxe","status":"publish","type":"product","link":"https:\/\/www.fisan.com\/pt\/loja\/presunto-de-bellota-iberico-50-raca-iberica-cortado-a-mao-deluxe\/","title":{"rendered":"Presunto de Bellota Ib\u00e9rico 50% Ra\u00e7a Ib\u00e9rica Cortado \u00e0 m\u00e3o Deluxe"},"content":{"rendered":"<p>Desfrute de todo o sabor tradicional que um presunto FISAN oferece em <strong>3 caixas com 10 embalagens, de 100 gramas<\/strong> cada. \u00c9 a maneira mais f\u00e1cil de comer o melhor presunto de bellota. Ou para presentear, j\u00e1 que este formato \u00e9 ideal para presentear aos mais sibaritas.<\/p>\n<p>&nbsp;<\/p>\n<p>O Presunto de Bellota Ib\u00e9rico 50% Ra\u00e7a ib\u00e9rica caracteriza-se pela sua do\u00e7ura e sabor rico em nuances. As suas infiltra\u00e7\u00f5es de gordura fazem com que estes sabores e aromas permane\u00e7am na boca prolongadamente. \u00c9 fruto de uma cura paciente e do acompanhamento di\u00e1rio da matura\u00e7\u00e3o nas nossas caves abertas ao ar da serra.<\/p>\n","protected":false},"excerpt":{"rendered":"<p>Desfrute de todo o sabor tradicional que um presunto FISAN oferece em 3 caixas com 10 embalagens, de 100 gramas cada. \u00c9 a maneira mais f\u00e1cil de comer o melhor presunto de bellota. Ou para presentear, j\u00e1 que este formato \u00e9 ideal para presentear aos mais sibaritas. &nbsp; O Presunto de Bellota Ib\u00e9rico 50% Ra\u00e7a &#8230; <a title=\"Presunto de Bellota Ib\u00e9rico 50% Ra\u00e7a Ib\u00e9rica Cortado \u00e0 m\u00e3o Deluxe\" class=\"read-more\" href=\"https:\/\/www.fisan.com\/pt\/loja\/presunto-de-bellota-iberico-50-raca-iberica-cortado-a-mao-deluxe\/\" aria-label=\"Leia mais sobre Presunto de Bellota Ib\u00e9rico 50% Ra\u00e7a Ib\u00e9rica Cortado \u00e0 m\u00e3o Deluxe\">Ler mais<\/a><\/p>\n","protected":false},"featured_media":32521,"template":"","meta":{"_acf_changed":false,"_wp_rev_ctl_limit":""},"product_brand":[],"product_cat":[383,719,323],"product_tag":[522],"gama":[1377],"calidad":[443],"class_list":{"0":"post-34066","1":"product","2":"type-product","3":"status-publish","4":"has-post-thumbnail","6":"product_cat-8-cortado-a-mao-fatiado","7":"product_cat-produtos-presunto","8":"product_cat-produtos-presunto-iberico","9":"product_tag-st","10":"gama-sabor-tradicional-pt-2","11":"calidad-1-bellota-iberico-pt","13":"first","14":"outofstock","15":"taxable","16":"shipping-taxable","17":"purchasable","18":"product-type-variable","19":"has-default-attributes"},"acf":[],"yoast_head":"<!-- This site is optimized with the Yoast SEO plugin v25.4 - https:\/\/yoast.com\/wordpress\/plugins\/seo\/ -->\n<title>Presunto de Bellota Ib\u00e9rico 50% Ra\u00e7a Ib\u00e9rica Cortado \u00e0 m\u00e3o Deluxe | FISAN<\/title>\n<meta name=\"description\" content=\"Presunto de Bellota Ib\u00e9rico 50% Ra\u00e7a ib\u00e9rica Cortado \u00e0 m\u00e3o Deluxe FISAN.\" \/>\n<meta name=\"robots\" content=\"index, follow, max-snippet:-1, max-image-preview:large, max-video-preview:-1\" \/>\n<link rel=\"canonical\" href=\"https:\/\/www.fisan.com\/pt\/loja\/presunto-de-bellota-iberico-50-raca-iberica-cortado-a-mao-deluxe\/\" \/>\n<meta property=\"og:locale\" content=\"pt_PT\" \/>\n<meta property=\"og:type\" content=\"article\" \/>\n<meta property=\"og:title\" content=\"Presunto de Bellota Ib\u00e9rico 50% Ra\u00e7a Ib\u00e9rica Cortado \u00e0 m\u00e3o Deluxe | FISAN\" \/>\n<meta property=\"og:description\" content=\"Presunto de Bellota Ib\u00e9rico 50% Ra\u00e7a ib\u00e9rica Cortado \u00e0 m\u00e3o Deluxe FISAN.\" \/>\n<meta property=\"og:url\" content=\"https:\/\/www.fisan.com\/pt\/loja\/presunto-de-bellota-iberico-50-raca-iberica-cortado-a-mao-deluxe\/\" \/>\n<meta property=\"og:site_name\" content=\"FISAN\" \/>\n<meta property=\"article:modified_time\" content=\"2024-11-18T08:47:39+00:00\" \/>\n<meta property=\"og:image\" content=\"https:\/\/www.fisan.com\/wp-content\/uploads\/2022\/10\/jamon-bellota-iberico-50-st-3cm10-00.jpg\" \/>\n\t<meta property=\"og:image:width\" content=\"1200\" \/>\n\t<meta property=\"og:image:height\" content=\"2400\" \/>\n\t<meta property=\"og:image:type\" content=\"image\/jpeg\" \/>\n<meta name=\"twitter:card\" content=\"summary_large_image\" \/>\n<meta name=\"twitter:label1\" content=\"Disponibilidade\" \/>\n\t<meta name=\"twitter:data1\" content=\"Esgotado\" \/>\n<script type=\"application\/ld+json\" class=\"yoast-schema-graph\">{\n\t    \"@context\": \"https:\/\/schema.org\",\n\t    \"@graph\": [\n\t        {\n\t            \"@type\": \"WebPage\",\n\t            \"@id\": \"https:\/\/www.fisan.com\/pt\/loja\/presunto-de-bellota-iberico-50-raca-iberica-cortado-a-mao-deluxe\/\",\n\t            \"url\": \"https:\/\/www.fisan.com\/pt\/loja\/presunto-de-bellota-iberico-50-raca-iberica-cortado-a-mao-deluxe\/\",\n\t            \"name\": \"Presunto de Bellota Ib\u00e9rico 50% Ra\u00e7a Ib\u00e9rica Cortado \u00e0 m\u00e3o Deluxe | FISAN\",\n\t            \"isPartOf\": {\n\t                \"@id\": \"https:\/\/www.fisan.com\/pt\/#website\"\n\t            },\n\t            \"primaryImageOfPage\": {\n\t                \"@id\": \"https:\/\/www.fisan.com\/pt\/loja\/presunto-de-bellota-iberico-50-raca-iberica-cortado-a-mao-deluxe\/#primaryimage\"\n\t            },\n\t            \"image\": {\n\t                \"@id\": \"https:\/\/www.fisan.com\/pt\/loja\/presunto-de-bellota-iberico-50-raca-iberica-cortado-a-mao-deluxe\/#primaryimage\"\n\t            },\n\t            \"thumbnailUrl\": \"https:\/\/www.fisan.com\/wp-content\/uploads\/2022\/10\/jamon-bellota-iberico-50-st-3cm10-00.jpg\",\n\t            \"datePublished\": \"2022-11-18T09:07:59+00:00\",\n\t            \"dateModified\": \"2024-11-18T08:47:39+00:00\",\n\t            \"description\": \"Presunto de Bellota Ib\u00e9rico 50% Ra\u00e7a ib\u00e9rica Cortado \u00e0 m\u00e3o Deluxe FISAN.\",\n\t            \"breadcrumb\": {\n\t                \"@id\": \"https:\/\/www.fisan.com\/pt\/loja\/presunto-de-bellota-iberico-50-raca-iberica-cortado-a-mao-deluxe\/#breadcrumb\"\n\t            },\n\t            \"inLanguage\": \"pt-PT\",\n\t            \"potentialAction\": [\n\t                {\n\t                    \"@type\": \"ReadAction\",\n\t                    \"target\": [\n\t                        \"https:\/\/www.fisan.com\/pt\/loja\/presunto-de-bellota-iberico-50-raca-iberica-cortado-a-mao-deluxe\/\"\n\t                    ]\n\t                }\n\t            ]\n\t        },\n\t        {\n\t            \"@type\": \"ImageObject\",\n\t            \"inLanguage\": \"pt-PT\",\n\t            \"@id\": \"https:\/\/www.fisan.com\/pt\/loja\/presunto-de-bellota-iberico-50-raca-iberica-cortado-a-mao-deluxe\/#primaryimage\",\n\t            \"url\": \"https:\/\/www.fisan.com\/wp-content\/uploads\/2022\/10\/jamon-bellota-iberico-50-st-3cm10-00.jpg\",\n\t            \"contentUrl\": \"https:\/\/www.fisan.com\/wp-content\/uploads\/2022\/10\/jamon-bellota-iberico-50-st-3cm10-00.jpg\",\n\t            \"width\": 1200,\n\t            \"height\": 2400,\n\t            \"caption\": \"Paleta de Bellota Ib\u00e9rica 50% Ra\u00e7a Ib\u00e9rica Cortado \u00e0 m\u00e3o Deluxe FISAN\"\n\t        },\n\t        {\n\t            \"@type\": \"BreadcrumbList\",\n\t            \"@id\": \"https:\/\/www.fisan.com\/pt\/loja\/presunto-de-bellota-iberico-50-raca-iberica-cortado-a-mao-deluxe\/#breadcrumb\",\n\t            \"itemListElement\": [\n\t                {\n\t                    \"@type\": \"ListItem\",\n\t                    \"position\": 1,\n\t                    \"name\": \"FISAN\",\n\t                    \"item\": \"https:\/\/www.fisan.com\/pt\/\"\n\t                },\n\t                {\n\t                    \"@type\": \"ListItem\",\n\t                    \"position\": 2,\n\t                    \"name\": \"Produtos\",\n\t                    \"item\": \"https:\/\/www.fisan.com\/pt\/produtos\/\"\n\t                },\n\t                {\n\t                    \"@type\": \"ListItem\",\n\t                    \"position\": 3,\n\t                    \"name\": \"Presunto de Bellota Ib\u00e9rico 50% Ra\u00e7a Ib\u00e9rica Cortado \u00e0 m\u00e3o Deluxe\"\n\t                }\n\t            ]\n\t        },\n\t        {\n\t            \"@type\": \"WebSite\",\n\t            \"@id\": \"https:\/\/www.fisan.com\/pt\/#website\",\n\t            \"url\": \"https:\/\/www.fisan.com\/pt\/\",\n\t            \"name\": \"FISAN\",\n\t            \"description\": \"FISAN | Jamones de bellota ib\u00e9rico y embutidos ib\u00e9ricos desde 1920\",\n\t            \"potentialAction\": [\n\t                {\n\t                    \"@type\": \"SearchAction\",\n\t                    \"target\": {\n\t                        \"@type\": \"EntryPoint\",\n\t                        \"urlTemplate\": \"https:\/\/www.fisan.com\/pt\/?s={search_term_string}\"\n\t                    },\n\t                    \"query-input\": {\n\t                        \"@type\": \"PropertyValueSpecification\",\n\t                        \"valueRequired\": true,\n\t                        \"valueName\": \"search_term_string\"\n\t                    }\n\t                }\n\t            ],\n\t            \"inLanguage\": \"pt-PT\"\n\t        }\n\t    ]\n\t}<\/script>\n<meta property=\"og:availability\" content=\"out of stock\" \/>\n<meta property=\"product:availability\" content=\"out of stock\" \/>\n<meta property=\"product:retailer_item_id\" content=\"j-bi50CMD\" \/>\n<meta property=\"product:condition\" content=\"new\" \/>\n<!-- \/ Yoast SEO plugin. -->","yoast_head_json":{"title":"Presunto de Bellota Ib\u00e9rico 50% Ra\u00e7a Ib\u00e9rica Cortado \u00e0 m\u00e3o Deluxe | FISAN","description":"Presunto de Bellota Ib\u00e9rico 50% Ra\u00e7a ib\u00e9rica Cortado \u00e0 m\u00e3o Deluxe FISAN.","robots":{"index":"index","follow":"follow","max-snippet":"max-snippet:-1","max-image-preview":"max-image-preview:large","max-video-preview":"max-video-preview:-1"},"canonical":"https:\/\/www.fisan.com\/pt\/loja\/presunto-de-bellota-iberico-50-raca-iberica-cortado-a-mao-deluxe\/","og_locale":"pt_PT","og_type":"article","og_title":"Presunto de Bellota Ib\u00e9rico 50% Ra\u00e7a Ib\u00e9rica Cortado \u00e0 m\u00e3o Deluxe | FISAN","og_description":"Presunto de Bellota Ib\u00e9rico 50% Ra\u00e7a ib\u00e9rica Cortado \u00e0 m\u00e3o Deluxe FISAN.","og_url":"https:\/\/www.fisan.com\/pt\/loja\/presunto-de-bellota-iberico-50-raca-iberica-cortado-a-mao-deluxe\/","og_site_name":"FISAN","article_modified_time":"2024-11-18T08:47:39+00:00","og_image":[{"width":1200,"height":2400,"url":"https:\/\/www.fisan.com\/wp-content\/uploads\/2022\/10\/jamon-bellota-iberico-50-st-3cm10-00.jpg","type":"image\/jpeg"}],"twitter_card":"summary_large_image","twitter_misc":{"Disponibilidade":"Esgotado"},"schema":{"@context":"https:\/\/schema.org","@graph":[{"@type":"WebPage","@id":"https:\/\/www.fisan.com\/pt\/loja\/presunto-de-bellota-iberico-50-raca-iberica-cortado-a-mao-deluxe\/","url":"https:\/\/www.fisan.com\/pt\/loja\/presunto-de-bellota-iberico-50-raca-iberica-cortado-a-mao-deluxe\/","name":"Presunto de Bellota Ib\u00e9rico 50% Ra\u00e7a Ib\u00e9rica Cortado \u00e0 m\u00e3o Deluxe | FISAN","isPartOf":{"@id":"https:\/\/www.fisan.com\/pt\/#website"},"primaryImageOfPage":{"@id":"https:\/\/www.fisan.com\/pt\/loja\/presunto-de-bellota-iberico-50-raca-iberica-cortado-a-mao-deluxe\/#primaryimage"},"image":{"@id":"https:\/\/www.fisan.com\/pt\/loja\/presunto-de-bellota-iberico-50-raca-iberica-cortado-a-mao-deluxe\/#primaryimage"},"thumbnailUrl":"https:\/\/www.fisan.com\/wp-content\/uploads\/2022\/10\/jamon-bellota-iberico-50-st-3cm10-00.jpg","datePublished":"2022-11-18T09:07:59+00:00","dateModified":"2024-11-18T08:47:39+00:00","description":"Presunto de Bellota Ib\u00e9rico 50% Ra\u00e7a ib\u00e9rica Cortado \u00e0 m\u00e3o Deluxe FISAN.","breadcrumb":{"@id":"https:\/\/www.fisan.com\/pt\/loja\/presunto-de-bellota-iberico-50-raca-iberica-cortado-a-mao-deluxe\/#breadcrumb"},"inLanguage":"pt-PT","potentialAction":[{"@type":"ReadAction","target":["https:\/\/www.fisan.com\/pt\/loja\/presunto-de-bellota-iberico-50-raca-iberica-cortado-a-mao-deluxe\/"]}]},{"@type":"ImageObject","inLanguage":"pt-PT","@id":"https:\/\/www.fisan.com\/pt\/loja\/presunto-de-bellota-iberico-50-raca-iberica-cortado-a-mao-deluxe\/#primaryimage","url":"https:\/\/www.fisan.com\/wp-content\/uploads\/2022\/10\/jamon-bellota-iberico-50-st-3cm10-00.jpg","contentUrl":"https:\/\/www.fisan.com\/wp-content\/uploads\/2022\/10\/jamon-bellota-iberico-50-st-3cm10-00.jpg","width":1200,"height":2400,"caption":"Paleta de Bellota Ib\u00e9rica 50% Ra\u00e7a Ib\u00e9rica Cortado \u00e0 m\u00e3o Deluxe FISAN"},{"@type":"BreadcrumbList","@id":"https:\/\/www.fisan.com\/pt\/loja\/presunto-de-bellota-iberico-50-raca-iberica-cortado-a-mao-deluxe\/#breadcrumb","itemListElement":[{"@type":"ListItem","position":1,"name":"FISAN","item":"https:\/\/www.fisan.com\/pt\/"},{"@type":"ListItem","position":2,"name":"Produtos","item":"https:\/\/www.fisan.com\/pt\/produtos\/"},{"@type":"ListItem","position":3,"name":"Presunto de Bellota Ib\u00e9rico 50% Ra\u00e7a Ib\u00e9rica Cortado \u00e0 m\u00e3o Deluxe"}]},{"@type":"WebSite","@id":"https:\/\/www.fisan.com\/pt\/#website","url":"https:\/\/www.fisan.com\/pt\/","name":"FISAN","description":"FISAN | Jamones de bellota ib\u00e9rico y embutidos ib\u00e9ricos desde 1920","potentialAction":[{"@type":"SearchAction","target":{"@type":"EntryPoint","urlTemplate":"https:\/\/www.fisan.com\/pt\/?s={search_term_string}"},"query-input":{"@type":"PropertyValueSpecification","valueRequired":true,"valueName":"search_term_string"}}],"inLanguage":"pt-PT"}]},"og_availability":"out of stock","product_availability":"out of stock","product_retailer_item_id":"j-bi50CMD","product_condition":"new"},"_links":{"self":[{"href":"https:\/\/www.fisan.com\/pt\/wp-json\/wp\/v2\/product\/34066","targetHints":{"allow":["GET"]}}],"collection":[{"href":"https:\/\/www.fisan.com\/pt\/wp-json\/wp\/v2\/product"}],"about":[{"href":"https:\/\/www.fisan.com\/pt\/wp-json\/wp\/v2\/types\/product"}],"version-history":[{"count":5,"href":"https:\/\/www.fisan.com\/pt\/wp-json\/wp\/v2\/product\/34066\/revisions"}],"predecessor-version":[{"id":49150,"href":"https:\/\/www.fisan.com\/pt\/wp-json\/wp\/v2\/product\/34066\/revisions\/49150"}],"wp:featuredmedia":[{"embeddable":true,"href":"https:\/\/www.fisan.com\/pt\/wp-json\/wp\/v2\/media\/32521"}],"wp:attachment":[{"href":"https:\/\/www.fisan.com\/pt\/wp-json\/wp\/v2\/media?parent=34066"}],"wp:term":[{"taxonomy":"product_brand","embeddable":true,"href":"https:\/\/www.fisan.com\/pt\/wp-json\/wp\/v2\/product_brand?post=34066"},{"taxonomy":"product_cat","embeddable":true,"href":"https:\/\/www.fisan.com\/pt\/wp-json\/wp\/v2\/product_cat?post=34066"},{"taxonomy":"product_tag","embeddable":true,"href":"https:\/\/www.fisan.com\/pt\/wp-json\/wp\/v2\/product_tag?post=34066"},{"taxonomy":"gama","embeddable":true,"href":"https:\/\/www.fisan.com\/pt\/wp-json\/wp\/v2\/gama?post=34066"},{"taxonomy":"calidad","embeddable":true,"href":"https:\/\/www.fisan.com\/pt\/wp-json\/wp\/v2\/calidad?post=34066"}],"curies":[{"name":"wp","href":"https:\/\/api.w.org\/{rel}","templated":true}]}}