{"id":34076,"date":"2022-11-17T19:31:35","date_gmt":"2022-11-17T18:31:35","guid":{"rendered":"https:\/\/www.fisan.com\/producto\/paleta-de-bellota-75-iberica-cortado-a-mao-deluxe\/"},"modified":"2024-11-21T13:47:42","modified_gmt":"2024-11-21T12:47:42","slug":"paleta-de-bellota-iberica-75-raca-iberica-cortado-a-mao-deluxe","status":"publish","type":"product","link":"https:\/\/www.fisan.com\/pt\/loja\/paleta-de-bellota-75-iberica-cortado-a-mao-deluxe\/","title":{"rendered":"Paleta de Bellota 75% Ib\u00e9rica Alta Gastronom\u00eda Cortado \u00e0 m\u00e3o Deluxe"},"content":{"rendered":"<p>O melhor presente vem sempre em caixas pequenas, por isso recomendamos este formato ideal para oferecer: <strong>2 caixas de 10 embalagens de 100 gramas<\/strong> de Paleta de Bellota Ib\u00e9rica 75% Raza ib\u00e9rica Alta Gastronom\u00eda.<\/p>\n<p>&nbsp;<\/p>\n<p>Cada uma das embalagens de 100 gramas de paleta de bellota FISAN permite desfrutar da do\u00e7ura, sabor intenso, odor profundo, fresco e duradouro de uma verdadeira Paleta de Bellota Ib\u00e9rica 75% Raza ib\u00e9rica Alta Gastronom\u00eda.<\/p>\n<p>&nbsp;<\/p>\n<p>A cor e o sabor intenso da Paleta de Bellota Ib\u00e9rica 75% Raza ib\u00e9rica Alta Gastronom\u00eda FISAN recordam, em cada peda\u00e7o, o aroma intenso e fresco do montado. Com a sua cura de mais de 36 meses nas nossas caves naturais, aliada \u00e0 intensidade do odor e da cor, delicia os paladares mais experientes com o seu ponto exato de sal.<\/p>\n<p>&nbsp;<\/p>\n<p>O seu segredo est\u00e1 na sele\u00e7\u00e3o da mat\u00e9ria-prima, na paci\u00eancia e no descanso nas nossas caves naturais, que culminam na melhor Paleta de Bellota Ib\u00e9rica que alguma vez provou, com um sabor requintado e inesquec\u00edvel. Apenas pe\u00e7as excecionais se classificam como Alta Gastronomia.<\/p>\n","protected":false},"excerpt":{"rendered":"<p>O melhor presente vem sempre em caixas pequenas, por isso recomendamos este formato ideal para oferecer: 2 caixas de 10 embalagens de 100 gramas de Paleta de Bellota Ib\u00e9rica 75% Raza ib\u00e9rica Alta Gastronom\u00eda. &nbsp; Cada uma das embalagens de 100 gramas de paleta de bellota FISAN permite desfrutar da do\u00e7ura, sabor intenso, odor profundo, &#8230; <a title=\"Paleta de Bellota 75% Ib\u00e9rica Alta Gastronom\u00eda Cortado \u00e0 m\u00e3o Deluxe\" class=\"read-more\" href=\"https:\/\/www.fisan.com\/pt\/loja\/paleta-de-bellota-75-iberica-cortado-a-mao-deluxe\/\" aria-label=\"Leia mais sobre Paleta de Bellota 75% Ib\u00e9rica Alta Gastronom\u00eda Cortado \u00e0 m\u00e3o Deluxe\">Ler mais<\/a><\/p>\n","protected":false},"featured_media":32465,"template":"","meta":{"_acf_changed":false,"_wp_rev_ctl_limit":""},"product_brand":[],"product_cat":[383,347],"product_tag":[324],"gama":[438],"calidad":[443],"class_list":{"0":"post-34076","1":"product","2":"type-product","3":"status-publish","4":"has-post-thumbnail","6":"product_cat-8-cortado-a-mao-fatiado","7":"product_cat-2-paleta","8":"product_tag-ag","9":"gama-alta-gastronomia-pt","10":"calidad-1-bellota-iberico-pt","12":"first","13":"instock","14":"taxable","15":"shipping-taxable","16":"purchasable","17":"product-type-variable","18":"has-default-attributes"},"acf":[],"yoast_head":"<!-- This site is optimized with the Yoast SEO plugin v25.4 - https:\/\/yoast.com\/wordpress\/plugins\/seo\/ -->\n<title>Paleta de Bellota 75% Ib\u00e9rica Alta Gastronom\u00eda Cortado \u00e0 m\u00e3o Deluxe | FISAN<\/title>\n<meta name=\"description\" content=\"Paleta de Bellota Ib\u00e9rica 75% Raza ib\u00e9rica Cortado \u00e0 m\u00e3o Deluxe FISAN\" \/>\n<meta name=\"robots\" content=\"index, follow, max-snippet:-1, max-image-preview:large, max-video-preview:-1\" \/>\n<link rel=\"canonical\" href=\"https:\/\/www.fisan.com\/pt\/loja\/paleta-de-bellota-75-iberica-cortado-a-mao-deluxe\/\" \/>\n<meta property=\"og:locale\" content=\"pt_PT\" \/>\n<meta property=\"og:type\" content=\"article\" \/>\n<meta property=\"og:title\" content=\"Paleta de Bellota 75% Ib\u00e9rica Alta Gastronom\u00eda Cortado \u00e0 m\u00e3o Deluxe | FISAN\" \/>\n<meta property=\"og:description\" content=\"Paleta de Bellota Ib\u00e9rica 75% Raza ib\u00e9rica Cortado \u00e0 m\u00e3o Deluxe FISAN\" \/>\n<meta property=\"og:url\" content=\"https:\/\/www.fisan.com\/pt\/loja\/paleta-de-bellota-75-iberica-cortado-a-mao-deluxe\/\" \/>\n<meta property=\"og:site_name\" content=\"FISAN\" \/>\n<meta property=\"article:modified_time\" content=\"2024-11-21T12:47:42+00:00\" \/>\n<meta property=\"og:image\" content=\"https:\/\/www.fisan.com\/wp-content\/uploads\/2022\/10\/paleta-bellota-iberica-75-ag-2cm10-00.jpg\" \/>\n\t<meta property=\"og:image:width\" content=\"1200\" \/>\n\t<meta property=\"og:image:height\" content=\"2400\" \/>\n\t<meta property=\"og:image:type\" content=\"image\/jpeg\" \/>\n<meta name=\"twitter:card\" content=\"summary_large_image\" \/>\n<meta name=\"twitter:label1\" content=\"Disponibilidade\" \/>\n\t<meta name=\"twitter:data1\" content=\"Em stock\" \/>\n<script type=\"application\/ld+json\" class=\"yoast-schema-graph\">{\n\t    \"@context\": \"https:\/\/schema.org\",\n\t    \"@graph\": [\n\t        {\n\t            \"@type\": \"WebPage\",\n\t            \"@id\": \"https:\/\/www.fisan.com\/pt\/loja\/paleta-de-bellota-75-iberica-cortado-a-mao-deluxe\/\",\n\t            \"url\": \"https:\/\/www.fisan.com\/pt\/loja\/paleta-de-bellota-75-iberica-cortado-a-mao-deluxe\/\",\n\t            \"name\": \"Paleta de Bellota 75% Ib\u00e9rica Alta Gastronom\u00eda Cortado \u00e0 m\u00e3o Deluxe | FISAN\",\n\t            \"isPartOf\": {\n\t                \"@id\": \"https:\/\/www.fisan.com\/pt\/#website\"\n\t            },\n\t            \"primaryImageOfPage\": {\n\t                \"@id\": \"https:\/\/www.fisan.com\/pt\/loja\/paleta-de-bellota-75-iberica-cortado-a-mao-deluxe\/#primaryimage\"\n\t            },\n\t            \"image\": {\n\t                \"@id\": \"https:\/\/www.fisan.com\/pt\/loja\/paleta-de-bellota-75-iberica-cortado-a-mao-deluxe\/#primaryimage\"\n\t            },\n\t            \"thumbnailUrl\": \"https:\/\/www.fisan.com\/wp-content\/uploads\/2022\/10\/paleta-bellota-iberica-75-ag-2cm10-00.jpg\",\n\t            \"datePublished\": \"2022-11-17T18:31:35+00:00\",\n\t            \"dateModified\": \"2024-11-21T12:47:42+00:00\",\n\t            \"description\": \"Paleta de Bellota Ib\u00e9rica 75% Raza ib\u00e9rica Cortado \u00e0 m\u00e3o Deluxe FISAN\",\n\t            \"breadcrumb\": {\n\t                \"@id\": \"https:\/\/www.fisan.com\/pt\/loja\/paleta-de-bellota-75-iberica-cortado-a-mao-deluxe\/#breadcrumb\"\n\t            },\n\t            \"inLanguage\": \"pt-PT\",\n\t            \"potentialAction\": [\n\t                {\n\t                    \"@type\": \"ReadAction\",\n\t                    \"target\": [\n\t                        \"https:\/\/www.fisan.com\/pt\/loja\/paleta-de-bellota-75-iberica-cortado-a-mao-deluxe\/\"\n\t                    ]\n\t                }\n\t            ]\n\t        },\n\t        {\n\t            \"@type\": \"ImageObject\",\n\t            \"inLanguage\": \"pt-PT\",\n\t            \"@id\": \"https:\/\/www.fisan.com\/pt\/loja\/paleta-de-bellota-75-iberica-cortado-a-mao-deluxe\/#primaryimage\",\n\t            \"url\": \"https:\/\/www.fisan.com\/wp-content\/uploads\/2022\/10\/paleta-bellota-iberica-75-ag-2cm10-00.jpg\",\n\t            \"contentUrl\": \"https:\/\/www.fisan.com\/wp-content\/uploads\/2022\/10\/paleta-bellota-iberica-75-ag-2cm10-00.jpg\",\n\t            \"width\": 1200,\n\t            \"height\": 2400,\n\t            \"caption\": \"Paleta de Bellota 75% Ib\u00e9rica Cortado \u00e0 m\u00e3o Deluxe FISAN\"\n\t        },\n\t        {\n\t            \"@type\": \"BreadcrumbList\",\n\t            \"@id\": \"https:\/\/www.fisan.com\/pt\/loja\/paleta-de-bellota-75-iberica-cortado-a-mao-deluxe\/#breadcrumb\",\n\t            \"itemListElement\": [\n\t                {\n\t                    \"@type\": \"ListItem\",\n\t                    \"position\": 1,\n\t                    \"name\": \"FISAN\",\n\t                    \"item\": \"https:\/\/www.fisan.com\/pt\/\"\n\t                },\n\t                {\n\t                    \"@type\": \"ListItem\",\n\t                    \"position\": 2,\n\t                    \"name\": \"Produtos\",\n\t                    \"item\": \"https:\/\/www.fisan.com\/pt\/produtos\/\"\n\t                },\n\t                {\n\t                    \"@type\": \"ListItem\",\n\t                    \"position\": 3,\n\t                    \"name\": \"Paleta de Bellota 75% Ib\u00e9rica Alta Gastronom\u00eda Cortado \u00e0 m\u00e3o Deluxe\"\n\t                }\n\t            ]\n\t        },\n\t        {\n\t            \"@type\": \"WebSite\",\n\t            \"@id\": \"https:\/\/www.fisan.com\/pt\/#website\",\n\t            \"url\": \"https:\/\/www.fisan.com\/pt\/\",\n\t            \"name\": \"FISAN\",\n\t            \"description\": \"FISAN | Jamones de bellota ib\u00e9rico y embutidos ib\u00e9ricos desde 1920\",\n\t            \"potentialAction\": [\n\t                {\n\t                    \"@type\": \"SearchAction\",\n\t                    \"target\": {\n\t                        \"@type\": \"EntryPoint\",\n\t                        \"urlTemplate\": \"https:\/\/www.fisan.com\/pt\/?s={search_term_string}\"\n\t                    },\n\t                    \"query-input\": {\n\t                        \"@type\": \"PropertyValueSpecification\",\n\t                        \"valueRequired\": true,\n\t                        \"valueName\": \"search_term_string\"\n\t                    }\n\t                }\n\t            ],\n\t            \"inLanguage\": \"pt-PT\"\n\t        }\n\t    ]\n\t}<\/script>\n<meta property=\"og:availability\" content=\"instock\" \/>\n<meta property=\"product:availability\" content=\"instock\" \/>\n<meta property=\"product:retailer_item_id\" content=\"p-bi75CMD\" \/>\n<meta property=\"product:condition\" content=\"new\" \/>\n<!-- \/ Yoast SEO plugin. -->","yoast_head_json":{"title":"Paleta de Bellota 75% Ib\u00e9rica Alta Gastronom\u00eda Cortado \u00e0 m\u00e3o Deluxe | FISAN","description":"Paleta de Bellota Ib\u00e9rica 75% Raza ib\u00e9rica Cortado \u00e0 m\u00e3o Deluxe FISAN","robots":{"index":"index","follow":"follow","max-snippet":"max-snippet:-1","max-image-preview":"max-image-preview:large","max-video-preview":"max-video-preview:-1"},"canonical":"https:\/\/www.fisan.com\/pt\/loja\/paleta-de-bellota-75-iberica-cortado-a-mao-deluxe\/","og_locale":"pt_PT","og_type":"article","og_title":"Paleta de Bellota 75% Ib\u00e9rica Alta Gastronom\u00eda Cortado \u00e0 m\u00e3o Deluxe | FISAN","og_description":"Paleta de Bellota Ib\u00e9rica 75% Raza ib\u00e9rica Cortado \u00e0 m\u00e3o Deluxe FISAN","og_url":"https:\/\/www.fisan.com\/pt\/loja\/paleta-de-bellota-75-iberica-cortado-a-mao-deluxe\/","og_site_name":"FISAN","article_modified_time":"2024-11-21T12:47:42+00:00","og_image":[{"width":1200,"height":2400,"url":"https:\/\/www.fisan.com\/wp-content\/uploads\/2022\/10\/paleta-bellota-iberica-75-ag-2cm10-00.jpg","type":"image\/jpeg"}],"twitter_card":"summary_large_image","twitter_misc":{"Disponibilidade":"Em stock"},"schema":{"@context":"https:\/\/schema.org","@graph":[{"@type":"WebPage","@id":"https:\/\/www.fisan.com\/pt\/loja\/paleta-de-bellota-75-iberica-cortado-a-mao-deluxe\/","url":"https:\/\/www.fisan.com\/pt\/loja\/paleta-de-bellota-75-iberica-cortado-a-mao-deluxe\/","name":"Paleta de Bellota 75% Ib\u00e9rica Alta Gastronom\u00eda Cortado \u00e0 m\u00e3o Deluxe | FISAN","isPartOf":{"@id":"https:\/\/www.fisan.com\/pt\/#website"},"primaryImageOfPage":{"@id":"https:\/\/www.fisan.com\/pt\/loja\/paleta-de-bellota-75-iberica-cortado-a-mao-deluxe\/#primaryimage"},"image":{"@id":"https:\/\/www.fisan.com\/pt\/loja\/paleta-de-bellota-75-iberica-cortado-a-mao-deluxe\/#primaryimage"},"thumbnailUrl":"https:\/\/www.fisan.com\/wp-content\/uploads\/2022\/10\/paleta-bellota-iberica-75-ag-2cm10-00.jpg","datePublished":"2022-11-17T18:31:35+00:00","dateModified":"2024-11-21T12:47:42+00:00","description":"Paleta de Bellota Ib\u00e9rica 75% Raza ib\u00e9rica Cortado \u00e0 m\u00e3o Deluxe FISAN","breadcrumb":{"@id":"https:\/\/www.fisan.com\/pt\/loja\/paleta-de-bellota-75-iberica-cortado-a-mao-deluxe\/#breadcrumb"},"inLanguage":"pt-PT","potentialAction":[{"@type":"ReadAction","target":["https:\/\/www.fisan.com\/pt\/loja\/paleta-de-bellota-75-iberica-cortado-a-mao-deluxe\/"]}]},{"@type":"ImageObject","inLanguage":"pt-PT","@id":"https:\/\/www.fisan.com\/pt\/loja\/paleta-de-bellota-75-iberica-cortado-a-mao-deluxe\/#primaryimage","url":"https:\/\/www.fisan.com\/wp-content\/uploads\/2022\/10\/paleta-bellota-iberica-75-ag-2cm10-00.jpg","contentUrl":"https:\/\/www.fisan.com\/wp-content\/uploads\/2022\/10\/paleta-bellota-iberica-75-ag-2cm10-00.jpg","width":1200,"height":2400,"caption":"Paleta de Bellota 75% Ib\u00e9rica Cortado \u00e0 m\u00e3o Deluxe FISAN"},{"@type":"BreadcrumbList","@id":"https:\/\/www.fisan.com\/pt\/loja\/paleta-de-bellota-75-iberica-cortado-a-mao-deluxe\/#breadcrumb","itemListElement":[{"@type":"ListItem","position":1,"name":"FISAN","item":"https:\/\/www.fisan.com\/pt\/"},{"@type":"ListItem","position":2,"name":"Produtos","item":"https:\/\/www.fisan.com\/pt\/produtos\/"},{"@type":"ListItem","position":3,"name":"Paleta de Bellota 75% Ib\u00e9rica Alta Gastronom\u00eda Cortado \u00e0 m\u00e3o Deluxe"}]},{"@type":"WebSite","@id":"https:\/\/www.fisan.com\/pt\/#website","url":"https:\/\/www.fisan.com\/pt\/","name":"FISAN","description":"FISAN | Jamones de bellota ib\u00e9rico y embutidos ib\u00e9ricos desde 1920","potentialAction":[{"@type":"SearchAction","target":{"@type":"EntryPoint","urlTemplate":"https:\/\/www.fisan.com\/pt\/?s={search_term_string}"},"query-input":{"@type":"PropertyValueSpecification","valueRequired":true,"valueName":"search_term_string"}}],"inLanguage":"pt-PT"}]},"og_availability":"instock","product_availability":"instock","product_retailer_item_id":"p-bi75CMD","product_condition":"new"},"_links":{"self":[{"href":"https:\/\/www.fisan.com\/pt\/wp-json\/wp\/v2\/product\/34076","targetHints":{"allow":["GET"]}}],"collection":[{"href":"https:\/\/www.fisan.com\/pt\/wp-json\/wp\/v2\/product"}],"about":[{"href":"https:\/\/www.fisan.com\/pt\/wp-json\/wp\/v2\/types\/product"}],"version-history":[{"count":7,"href":"https:\/\/www.fisan.com\/pt\/wp-json\/wp\/v2\/product\/34076\/revisions"}],"predecessor-version":[{"id":51728,"href":"https:\/\/www.fisan.com\/pt\/wp-json\/wp\/v2\/product\/34076\/revisions\/51728"}],"wp:featuredmedia":[{"embeddable":true,"href":"https:\/\/www.fisan.com\/pt\/wp-json\/wp\/v2\/media\/32465"}],"wp:attachment":[{"href":"https:\/\/www.fisan.com\/pt\/wp-json\/wp\/v2\/media?parent=34076"}],"wp:term":[{"taxonomy":"product_brand","embeddable":true,"href":"https:\/\/www.fisan.com\/pt\/wp-json\/wp\/v2\/product_brand?post=34076"},{"taxonomy":"product_cat","embeddable":true,"href":"https:\/\/www.fisan.com\/pt\/wp-json\/wp\/v2\/product_cat?post=34076"},{"taxonomy":"product_tag","embeddable":true,"href":"https:\/\/www.fisan.com\/pt\/wp-json\/wp\/v2\/product_tag?post=34076"},{"taxonomy":"gama","embeddable":true,"href":"https:\/\/www.fisan.com\/pt\/wp-json\/wp\/v2\/gama?post=34076"},{"taxonomy":"calidad","embeddable":true,"href":"https:\/\/www.fisan.com\/pt\/wp-json\/wp\/v2\/calidad?post=34076"}],"curies":[{"name":"wp","href":"https:\/\/api.w.org\/{rel}","templated":true}]}}