{"id":34269,"date":"2022-11-18T13:05:11","date_gmt":"2022-11-18T12:05:11","guid":{"rendered":"https:\/\/www.fisan.com\/producto\/lombo-de-cebo-de-campo-iberico-cortado-fatiado\/"},"modified":"2024-12-02T10:21:15","modified_gmt":"2024-12-02T09:21:15","slug":"lombo-de-cebo-de-campo-iberico-cortado-fatiado","status":"publish","type":"product","link":"https:\/\/www.fisan.com\/pt\/loja\/lombo-de-cebo-de-campo-iberico-cortado-fatiado\/","title":{"rendered":"Lombo de Cebo de Campo Ib\u00e9rico 50% Ra\u00e7a Ib\u00e9rica Cortado fatiado"},"content":{"rendered":"<p>A forma mais c\u00f3moda de desfrutar de um lombo de Cebo de Campo Ib\u00e9rico \u00e9 sabore\u00e1-lo com o nosso formato fatiado.<\/p>\n<p>&nbsp;<\/p>\n<p>Com uma embalagem em formato de oferta, ideal para qualquer compromisso, o nosso lombo de cebo de campo 50% ra\u00e7a ib\u00e9rica \u00e9 cortado e embalado em <strong>10 embalagens de 100 gramas<\/strong>.<\/p>\n<p>&nbsp;<\/p>\n<p>Perfeito para partilhar. \u00c9 uma das partes nobres do porco. 100% natural. Feito com uma marinada tradicional, \u00e0 base de piment\u00e3o de La Vera e sal. A sua infiltra\u00e7\u00e3o de gordura torna esta pe\u00e7a uma das mais saborosas e macias.<\/p>\n<p>&nbsp;<\/p>\n<p>Os Lombos de Cebo de Campo Ib\u00e9rico FISAN s\u00e3o curados durante mais de 90 dias em secadouros naturais que real\u00e7am o seu sabor.<\/p>\n","protected":false},"excerpt":{"rendered":"<p>A forma mais c\u00f3moda de desfrutar de um lombo de Cebo de Campo Ib\u00e9rico \u00e9 sabore\u00e1-lo com o nosso formato fatiado. &nbsp; Com uma embalagem em formato de oferta, ideal para qualquer compromisso, o nosso lombo de cebo de campo 50% ra\u00e7a ib\u00e9rica \u00e9 cortado e embalado em 10 embalagens de 100 gramas. &nbsp; Perfeito &#8230; <a title=\"Lombo de Cebo de Campo Ib\u00e9rico 50% Ra\u00e7a Ib\u00e9rica Cortado fatiado\" class=\"read-more\" href=\"https:\/\/www.fisan.com\/pt\/loja\/lombo-de-cebo-de-campo-iberico-cortado-fatiado\/\" aria-label=\"Leia mais sobre Lombo de Cebo de Campo Ib\u00e9rico 50% Ra\u00e7a Ib\u00e9rica Cortado fatiado\">Ler mais<\/a><\/p>\n","protected":false},"featured_media":32580,"template":"","meta":{"_acf_changed":false,"_wp_rev_ctl_limit":""},"product_brand":[],"product_cat":[383,358],"product_tag":[522],"gama":[1377],"calidad":[505],"class_list":{"0":"post-34269","1":"product","2":"type-product","3":"status-publish","4":"has-post-thumbnail","6":"product_cat-8-cortado-a-mao-fatiado","7":"product_cat-produtos-lombo","8":"product_tag-st","9":"gama-sabor-tradicional-pt-2","10":"calidad-2-cebo-de-campo-iberico-pt","12":"first","13":"instock","14":"taxable","15":"shipping-taxable","16":"purchasable","17":"product-type-variable","18":"has-default-attributes"},"acf":[],"yoast_head":"<!-- This site is optimized with the Yoast SEO plugin v25.4 - https:\/\/yoast.com\/wordpress\/plugins\/seo\/ -->\n<title>Lombo de Cebo de Campo Ib\u00e9rico 50% Ra\u00e7a Ib\u00e9rica Cortado fatiado | FISAN<\/title>\n<meta name=\"description\" content=\"Lombo de Cebo de Campo Ib\u00e9rico 50% Ra\u00e7a Ib\u00e9rica Fatiado FISAN.\" \/>\n<meta name=\"robots\" content=\"index, follow, max-snippet:-1, max-image-preview:large, max-video-preview:-1\" \/>\n<link rel=\"canonical\" href=\"https:\/\/www.fisan.com\/pt\/loja\/lombo-de-cebo-de-campo-iberico-cortado-fatiado\/\" \/>\n<meta property=\"og:locale\" content=\"pt_PT\" \/>\n<meta property=\"og:type\" content=\"article\" \/>\n<meta property=\"og:title\" content=\"Lombo de Cebo de Campo Ib\u00e9rico 50% Ra\u00e7a Ib\u00e9rica Cortado fatiado | FISAN\" \/>\n<meta property=\"og:description\" content=\"Lombo de Cebo de Campo Ib\u00e9rico 50% Ra\u00e7a Ib\u00e9rica Fatiado FISAN.\" \/>\n<meta property=\"og:url\" content=\"https:\/\/www.fisan.com\/pt\/loja\/lombo-de-cebo-de-campo-iberico-cortado-fatiado\/\" \/>\n<meta property=\"og:site_name\" content=\"FISAN\" \/>\n<meta property=\"article:modified_time\" content=\"2024-12-02T09:21:15+00:00\" \/>\n<meta property=\"og:image\" content=\"https:\/\/www.fisan.com\/wp-content\/uploads\/2022\/10\/lomo-cebocampo-iberico-50-st-cm-00.jpg\" \/>\n\t<meta property=\"og:image:width\" content=\"1200\" \/>\n\t<meta property=\"og:image:height\" content=\"2400\" \/>\n\t<meta property=\"og:image:type\" content=\"image\/jpeg\" \/>\n<meta name=\"twitter:card\" content=\"summary_large_image\" \/>\n<meta name=\"twitter:label1\" content=\"Disponibilidade\" \/>\n\t<meta name=\"twitter:data1\" content=\"Em stock\" \/>\n<script type=\"application\/ld+json\" class=\"yoast-schema-graph\">{\n\t    \"@context\": \"https:\/\/schema.org\",\n\t    \"@graph\": [\n\t        {\n\t            \"@type\": \"WebPage\",\n\t            \"@id\": \"https:\/\/www.fisan.com\/pt\/loja\/lombo-de-cebo-de-campo-iberico-cortado-fatiado\/\",\n\t            \"url\": \"https:\/\/www.fisan.com\/pt\/loja\/lombo-de-cebo-de-campo-iberico-cortado-fatiado\/\",\n\t            \"name\": \"Lombo de Cebo de Campo Ib\u00e9rico 50% Ra\u00e7a Ib\u00e9rica Cortado fatiado | FISAN\",\n\t            \"isPartOf\": {\n\t                \"@id\": \"https:\/\/www.fisan.com\/pt\/#website\"\n\t            },\n\t            \"primaryImageOfPage\": {\n\t                \"@id\": \"https:\/\/www.fisan.com\/pt\/loja\/lombo-de-cebo-de-campo-iberico-cortado-fatiado\/#primaryimage\"\n\t            },\n\t            \"image\": {\n\t                \"@id\": \"https:\/\/www.fisan.com\/pt\/loja\/lombo-de-cebo-de-campo-iberico-cortado-fatiado\/#primaryimage\"\n\t            },\n\t            \"thumbnailUrl\": \"https:\/\/www.fisan.com\/wp-content\/uploads\/2022\/10\/lomo-cebocampo-iberico-50-st-cm-00.jpg\",\n\t            \"datePublished\": \"2022-11-18T12:05:11+00:00\",\n\t            \"dateModified\": \"2024-12-02T09:21:15+00:00\",\n\t            \"description\": \"Lombo de Cebo de Campo Ib\u00e9rico 50% Ra\u00e7a Ib\u00e9rica Fatiado FISAN.\",\n\t            \"breadcrumb\": {\n\t                \"@id\": \"https:\/\/www.fisan.com\/pt\/loja\/lombo-de-cebo-de-campo-iberico-cortado-fatiado\/#breadcrumb\"\n\t            },\n\t            \"inLanguage\": \"pt-PT\",\n\t            \"potentialAction\": [\n\t                {\n\t                    \"@type\": \"ReadAction\",\n\t                    \"target\": [\n\t                        \"https:\/\/www.fisan.com\/pt\/loja\/lombo-de-cebo-de-campo-iberico-cortado-fatiado\/\"\n\t                    ]\n\t                }\n\t            ]\n\t        },\n\t        {\n\t            \"@type\": \"ImageObject\",\n\t            \"inLanguage\": \"pt-PT\",\n\t            \"@id\": \"https:\/\/www.fisan.com\/pt\/loja\/lombo-de-cebo-de-campo-iberico-cortado-fatiado\/#primaryimage\",\n\t            \"url\": \"https:\/\/www.fisan.com\/wp-content\/uploads\/2022\/10\/lomo-cebocampo-iberico-50-st-cm-00.jpg\",\n\t            \"contentUrl\": \"https:\/\/www.fisan.com\/wp-content\/uploads\/2022\/10\/lomo-cebocampo-iberico-50-st-cm-00.jpg\",\n\t            \"width\": 1200,\n\t            \"height\": 2400,\n\t            \"caption\": \"Lombo de Cebo de Campo Ib\u00e9rico 50% Ra\u00e7a Ib\u00e9rica Cortado fatiado FISAN\"\n\t        },\n\t        {\n\t            \"@type\": \"BreadcrumbList\",\n\t            \"@id\": \"https:\/\/www.fisan.com\/pt\/loja\/lombo-de-cebo-de-campo-iberico-cortado-fatiado\/#breadcrumb\",\n\t            \"itemListElement\": [\n\t                {\n\t                    \"@type\": \"ListItem\",\n\t                    \"position\": 1,\n\t                    \"name\": \"FISAN\",\n\t                    \"item\": \"https:\/\/www.fisan.com\/pt\/\"\n\t                },\n\t                {\n\t                    \"@type\": \"ListItem\",\n\t                    \"position\": 2,\n\t                    \"name\": \"Produtos\",\n\t                    \"item\": \"https:\/\/www.fisan.com\/pt\/produtos\/\"\n\t                },\n\t                {\n\t                    \"@type\": \"ListItem\",\n\t                    \"position\": 3,\n\t                    \"name\": \"Lombo de Cebo de Campo Ib\u00e9rico 50% Ra\u00e7a Ib\u00e9rica Cortado fatiado\"\n\t                }\n\t            ]\n\t        },\n\t        {\n\t            \"@type\": \"WebSite\",\n\t            \"@id\": \"https:\/\/www.fisan.com\/pt\/#website\",\n\t            \"url\": \"https:\/\/www.fisan.com\/pt\/\",\n\t            \"name\": \"FISAN\",\n\t            \"description\": \"FISAN | Jamones de bellota ib\u00e9rico y embutidos ib\u00e9ricos desde 1920\",\n\t            \"potentialAction\": [\n\t                {\n\t                    \"@type\": \"SearchAction\",\n\t                    \"target\": {\n\t                        \"@type\": \"EntryPoint\",\n\t                        \"urlTemplate\": \"https:\/\/www.fisan.com\/pt\/?s={search_term_string}\"\n\t                    },\n\t                    \"query-input\": {\n\t                        \"@type\": \"PropertyValueSpecification\",\n\t                        \"valueRequired\": true,\n\t                        \"valueName\": \"search_term_string\"\n\t                    }\n\t                }\n\t            ],\n\t            \"inLanguage\": \"pt-PT\"\n\t        }\n\t    ]\n\t}<\/script>\n<meta property=\"og:availability\" content=\"instock\" \/>\n<meta property=\"product:availability\" content=\"instock\" \/>\n<meta property=\"product:retailer_item_id\" content=\"l-cc50CL\" \/>\n<meta property=\"product:condition\" content=\"new\" \/>\n<!-- \/ Yoast SEO plugin. -->","yoast_head_json":{"title":"Lombo de Cebo de Campo Ib\u00e9rico 50% Ra\u00e7a Ib\u00e9rica Cortado fatiado | FISAN","description":"Lombo de Cebo de Campo Ib\u00e9rico 50% Ra\u00e7a Ib\u00e9rica Fatiado FISAN.","robots":{"index":"index","follow":"follow","max-snippet":"max-snippet:-1","max-image-preview":"max-image-preview:large","max-video-preview":"max-video-preview:-1"},"canonical":"https:\/\/www.fisan.com\/pt\/loja\/lombo-de-cebo-de-campo-iberico-cortado-fatiado\/","og_locale":"pt_PT","og_type":"article","og_title":"Lombo de Cebo de Campo Ib\u00e9rico 50% Ra\u00e7a Ib\u00e9rica Cortado fatiado | FISAN","og_description":"Lombo de Cebo de Campo Ib\u00e9rico 50% Ra\u00e7a Ib\u00e9rica Fatiado FISAN.","og_url":"https:\/\/www.fisan.com\/pt\/loja\/lombo-de-cebo-de-campo-iberico-cortado-fatiado\/","og_site_name":"FISAN","article_modified_time":"2024-12-02T09:21:15+00:00","og_image":[{"width":1200,"height":2400,"url":"https:\/\/www.fisan.com\/wp-content\/uploads\/2022\/10\/lomo-cebocampo-iberico-50-st-cm-00.jpg","type":"image\/jpeg"}],"twitter_card":"summary_large_image","twitter_misc":{"Disponibilidade":"Em stock"},"schema":{"@context":"https:\/\/schema.org","@graph":[{"@type":"WebPage","@id":"https:\/\/www.fisan.com\/pt\/loja\/lombo-de-cebo-de-campo-iberico-cortado-fatiado\/","url":"https:\/\/www.fisan.com\/pt\/loja\/lombo-de-cebo-de-campo-iberico-cortado-fatiado\/","name":"Lombo de Cebo de Campo Ib\u00e9rico 50% Ra\u00e7a Ib\u00e9rica Cortado fatiado | FISAN","isPartOf":{"@id":"https:\/\/www.fisan.com\/pt\/#website"},"primaryImageOfPage":{"@id":"https:\/\/www.fisan.com\/pt\/loja\/lombo-de-cebo-de-campo-iberico-cortado-fatiado\/#primaryimage"},"image":{"@id":"https:\/\/www.fisan.com\/pt\/loja\/lombo-de-cebo-de-campo-iberico-cortado-fatiado\/#primaryimage"},"thumbnailUrl":"https:\/\/www.fisan.com\/wp-content\/uploads\/2022\/10\/lomo-cebocampo-iberico-50-st-cm-00.jpg","datePublished":"2022-11-18T12:05:11+00:00","dateModified":"2024-12-02T09:21:15+00:00","description":"Lombo de Cebo de Campo Ib\u00e9rico 50% Ra\u00e7a Ib\u00e9rica Fatiado FISAN.","breadcrumb":{"@id":"https:\/\/www.fisan.com\/pt\/loja\/lombo-de-cebo-de-campo-iberico-cortado-fatiado\/#breadcrumb"},"inLanguage":"pt-PT","potentialAction":[{"@type":"ReadAction","target":["https:\/\/www.fisan.com\/pt\/loja\/lombo-de-cebo-de-campo-iberico-cortado-fatiado\/"]}]},{"@type":"ImageObject","inLanguage":"pt-PT","@id":"https:\/\/www.fisan.com\/pt\/loja\/lombo-de-cebo-de-campo-iberico-cortado-fatiado\/#primaryimage","url":"https:\/\/www.fisan.com\/wp-content\/uploads\/2022\/10\/lomo-cebocampo-iberico-50-st-cm-00.jpg","contentUrl":"https:\/\/www.fisan.com\/wp-content\/uploads\/2022\/10\/lomo-cebocampo-iberico-50-st-cm-00.jpg","width":1200,"height":2400,"caption":"Lombo de Cebo de Campo Ib\u00e9rico 50% Ra\u00e7a Ib\u00e9rica Cortado fatiado FISAN"},{"@type":"BreadcrumbList","@id":"https:\/\/www.fisan.com\/pt\/loja\/lombo-de-cebo-de-campo-iberico-cortado-fatiado\/#breadcrumb","itemListElement":[{"@type":"ListItem","position":1,"name":"FISAN","item":"https:\/\/www.fisan.com\/pt\/"},{"@type":"ListItem","position":2,"name":"Produtos","item":"https:\/\/www.fisan.com\/pt\/produtos\/"},{"@type":"ListItem","position":3,"name":"Lombo de Cebo de Campo Ib\u00e9rico 50% Ra\u00e7a Ib\u00e9rica Cortado fatiado"}]},{"@type":"WebSite","@id":"https:\/\/www.fisan.com\/pt\/#website","url":"https:\/\/www.fisan.com\/pt\/","name":"FISAN","description":"FISAN | Jamones de bellota ib\u00e9rico y embutidos ib\u00e9ricos desde 1920","potentialAction":[{"@type":"SearchAction","target":{"@type":"EntryPoint","urlTemplate":"https:\/\/www.fisan.com\/pt\/?s={search_term_string}"},"query-input":{"@type":"PropertyValueSpecification","valueRequired":true,"valueName":"search_term_string"}}],"inLanguage":"pt-PT"}]},"og_availability":"instock","product_availability":"instock","product_retailer_item_id":"l-cc50CL","product_condition":"new"},"_links":{"self":[{"href":"https:\/\/www.fisan.com\/pt\/wp-json\/wp\/v2\/product\/34269","targetHints":{"allow":["GET"]}}],"collection":[{"href":"https:\/\/www.fisan.com\/pt\/wp-json\/wp\/v2\/product"}],"about":[{"href":"https:\/\/www.fisan.com\/pt\/wp-json\/wp\/v2\/types\/product"}],"version-history":[{"count":4,"href":"https:\/\/www.fisan.com\/pt\/wp-json\/wp\/v2\/product\/34269\/revisions"}],"predecessor-version":[{"id":49157,"href":"https:\/\/www.fisan.com\/pt\/wp-json\/wp\/v2\/product\/34269\/revisions\/49157"}],"wp:featuredmedia":[{"embeddable":true,"href":"https:\/\/www.fisan.com\/pt\/wp-json\/wp\/v2\/media\/32580"}],"wp:attachment":[{"href":"https:\/\/www.fisan.com\/pt\/wp-json\/wp\/v2\/media?parent=34269"}],"wp:term":[{"taxonomy":"product_brand","embeddable":true,"href":"https:\/\/www.fisan.com\/pt\/wp-json\/wp\/v2\/product_brand?post=34269"},{"taxonomy":"product_cat","embeddable":true,"href":"https:\/\/www.fisan.com\/pt\/wp-json\/wp\/v2\/product_cat?post=34269"},{"taxonomy":"product_tag","embeddable":true,"href":"https:\/\/www.fisan.com\/pt\/wp-json\/wp\/v2\/product_tag?post=34269"},{"taxonomy":"gama","embeddable":true,"href":"https:\/\/www.fisan.com\/pt\/wp-json\/wp\/v2\/gama?post=34269"},{"taxonomy":"calidad","embeddable":true,"href":"https:\/\/www.fisan.com\/pt\/wp-json\/wp\/v2\/calidad?post=34269"}],"curies":[{"name":"wp","href":"https:\/\/api.w.org\/{rel}","templated":true}]}}