{"id":37239,"date":"2022-11-17T14:07:54","date_gmt":"2022-11-17T13:07:54","guid":{"rendered":"https:\/\/www.fisan.com\/producto\/pack-deluxe-experiencia-jamon-de-bellota-fisan\/"},"modified":"2024-11-07T16:01:13","modified_gmt":"2024-11-07T15:01:13","slug":"pack-experiencia-deluxe-presunto-bellota-fisan","status":"publish","type":"product","link":"https:\/\/www.fisan.com\/pt\/loja\/pack-deluxe-experiencia-jamon-de-bellota-fisan\/","title":{"rendered":"Pack Experi\u00eancia Deluxe Presunto de Bellota Alta Gastronom\u00eda FISAN"},"content":{"rendered":"<p>Com o nosso pack poder\u00e1 desfrutar do Presunto de Alta Gastronomia com uma caixa Deluxe com 10 saquetas de 100grm do nosso Presunto de Bolota. O <a href=\"https:\/\/www.fisan.com\/pt\/loja\/presunto-de-bellota-75-iberico\/\" target=\"_blank\" rel=\"noopener\"><u>Presunto de Bellota Ib\u00e9rico 75% Ra\u00e7a Ib\u00e9rica Alta Gastronom\u00eda<\/u><\/a> \u00e9 uma das pe\u00e7as nobres que colocamos \u00e0 sua disposi\u00e7\u00e3o. Preparado com cuidado e pronto para consumir, \u00e9 um presente perfeito.<\/p>\n","protected":false},"excerpt":{"rendered":"<p>Com o nosso pack poder\u00e1 desfrutar do Presunto de Alta Gastronomia com uma caixa Deluxe com 10 saquetas de 100grm do nosso Presunto de Bolota. O Presunto de Bellota Ib\u00e9rico 75% Ra\u00e7a Ib\u00e9rica Alta Gastronom\u00eda \u00e9 uma das pe\u00e7as nobres que colocamos \u00e0 sua disposi\u00e7\u00e3o. Preparado com cuidado e pronto para consumir, \u00e9 um presente &#8230; <a title=\"Pack Experi\u00eancia Deluxe Presunto de Bellota Alta Gastronom\u00eda FISAN\" class=\"read-more\" href=\"https:\/\/www.fisan.com\/pt\/loja\/pack-deluxe-experiencia-jamon-de-bellota-fisan\/\" aria-label=\"Leia mais sobre Pack Experi\u00eancia Deluxe Presunto de Bellota Alta Gastronom\u00eda FISAN\">Ler mais<\/a><\/p>\n","protected":false},"featured_media":27687,"template":"","meta":{"_acf_changed":false,"_wp_rev_ctl_limit":""},"product_brand":[],"product_cat":[361],"product_tag":[324],"gama":[438],"calidad":[443],"class_list":{"0":"post-37239","1":"product","2":"type-product","3":"status-publish","4":"has-post-thumbnail","6":"product_cat-6-embalagens","7":"product_tag-ag","8":"gama-alta-gastronomia-pt","9":"calidad-1-bellota-iberico-pt","11":"first","12":"instock","13":"sale","14":"taxable","15":"shipping-taxable","16":"purchasable","17":"product-type-simple"},"acf":[],"yoast_head":"<!-- This site is optimized with the Yoast SEO plugin v25.4 - https:\/\/yoast.com\/wordpress\/plugins\/seo\/ -->\n<title>Pack Experi\u00eancia Deluxe Presunto de Bellota Alta Gastronom\u00eda FISAN | FISAN<\/title>\n<meta name=\"robots\" content=\"index, follow, max-snippet:-1, max-image-preview:large, max-video-preview:-1\" \/>\n<link rel=\"canonical\" href=\"https:\/\/www.fisan.com\/pt\/loja\/pack-deluxe-experiencia-jamon-de-bellota-fisan\/\" \/>\n<meta property=\"og:locale\" content=\"pt_PT\" \/>\n<meta property=\"og:type\" content=\"article\" \/>\n<meta property=\"og:title\" content=\"Pack Experi\u00eancia Deluxe Presunto de Bellota Alta Gastronom\u00eda FISAN | FISAN\" \/>\n<meta property=\"og:description\" content=\"Com o nosso pack poder\u00e1 desfrutar do Presunto de Alta Gastronomia com uma caixa Deluxe com 10 saquetas de 100grm do nosso Presunto de Bolota. O Presunto de Bellota Ib\u00e9rico 75% Ra\u00e7a Ib\u00e9rica Alta Gastronom\u00eda \u00e9 uma das pe\u00e7as nobres que colocamos \u00e0 sua disposi\u00e7\u00e3o. Preparado com cuidado e pronto para consumir, \u00e9 um presente ... Ler mais\" \/>\n<meta property=\"og:url\" content=\"https:\/\/www.fisan.com\/pt\/loja\/pack-deluxe-experiencia-jamon-de-bellota-fisan\/\" \/>\n<meta property=\"og:site_name\" content=\"FISAN\" \/>\n<meta property=\"article:modified_time\" content=\"2024-11-07T15:01:13+00:00\" \/>\n<meta property=\"og:image\" content=\"https:\/\/www.fisan.com\/wp-content\/uploads\/2022\/11\/pack-deluxe-experiencia-jamon-ag-cm10-00.jpg\" \/>\n\t<meta property=\"og:image:width\" content=\"1200\" \/>\n\t<meta property=\"og:image:height\" content=\"2400\" \/>\n\t<meta property=\"og:image:type\" content=\"image\/jpeg\" \/>\n<meta name=\"twitter:card\" content=\"summary_large_image\" \/>\n<meta name=\"twitter:label1\" content=\"pre\u00e7o\" \/>\n\t<meta name=\"twitter:data1\" content=\"211,50&euro;\" \/>\n\t<meta name=\"twitter:label2\" content=\"Disponibilidade\" \/>\n\t<meta name=\"twitter:data2\" content=\"Em stock\" \/>\n<script type=\"application\/ld+json\" class=\"yoast-schema-graph\">{\n\t    \"@context\": \"https:\/\/schema.org\",\n\t    \"@graph\": [\n\t        {\n\t            \"@type\": \"WebPage\",\n\t            \"@id\": \"https:\/\/www.fisan.com\/pt\/loja\/pack-deluxe-experiencia-jamon-de-bellota-fisan\/\",\n\t            \"url\": \"https:\/\/www.fisan.com\/pt\/loja\/pack-deluxe-experiencia-jamon-de-bellota-fisan\/\",\n\t            \"name\": \"Pack Experi\u00eancia Deluxe Presunto de Bellota Alta Gastronom\u00eda FISAN | FISAN\",\n\t            \"isPartOf\": {\n\t                \"@id\": \"https:\/\/www.fisan.com\/pt\/#website\"\n\t            },\n\t            \"primaryImageOfPage\": {\n\t                \"@id\": \"https:\/\/www.fisan.com\/pt\/loja\/pack-deluxe-experiencia-jamon-de-bellota-fisan\/#primaryimage\"\n\t            },\n\t            \"image\": {\n\t                \"@id\": \"https:\/\/www.fisan.com\/pt\/loja\/pack-deluxe-experiencia-jamon-de-bellota-fisan\/#primaryimage\"\n\t            },\n\t            \"thumbnailUrl\": \"https:\/\/www.fisan.com\/wp-content\/uploads\/2022\/11\/pack-deluxe-experiencia-jamon-ag-cm10-00.jpg\",\n\t            \"datePublished\": \"2022-11-17T13:07:54+00:00\",\n\t            \"dateModified\": \"2024-11-07T15:01:13+00:00\",\n\t            \"breadcrumb\": {\n\t                \"@id\": \"https:\/\/www.fisan.com\/pt\/loja\/pack-deluxe-experiencia-jamon-de-bellota-fisan\/#breadcrumb\"\n\t            },\n\t            \"inLanguage\": \"pt-PT\",\n\t            \"potentialAction\": [\n\t                {\n\t                    \"@type\": \"ReadAction\",\n\t                    \"target\": [\n\t                        \"https:\/\/www.fisan.com\/pt\/loja\/pack-deluxe-experiencia-jamon-de-bellota-fisan\/\"\n\t                    ]\n\t                }\n\t            ]\n\t        },\n\t        {\n\t            \"@type\": \"ImageObject\",\n\t            \"inLanguage\": \"pt-PT\",\n\t            \"@id\": \"https:\/\/www.fisan.com\/pt\/loja\/pack-deluxe-experiencia-jamon-de-bellota-fisan\/#primaryimage\",\n\t            \"url\": \"https:\/\/www.fisan.com\/wp-content\/uploads\/2022\/11\/pack-deluxe-experiencia-jamon-ag-cm10-00.jpg\",\n\t            \"contentUrl\": \"https:\/\/www.fisan.com\/wp-content\/uploads\/2022\/11\/pack-deluxe-experiencia-jamon-ag-cm10-00.jpg\",\n\t            \"width\": 1200,\n\t            \"height\": 2400,\n\t            \"caption\": \"Pack Deluxe experiencia\"\n\t        },\n\t        {\n\t            \"@type\": \"BreadcrumbList\",\n\t            \"@id\": \"https:\/\/www.fisan.com\/pt\/loja\/pack-deluxe-experiencia-jamon-de-bellota-fisan\/#breadcrumb\",\n\t            \"itemListElement\": [\n\t                {\n\t                    \"@type\": \"ListItem\",\n\t                    \"position\": 1,\n\t                    \"name\": \"FISAN\",\n\t                    \"item\": \"https:\/\/www.fisan.com\/pt\/\"\n\t                },\n\t                {\n\t                    \"@type\": \"ListItem\",\n\t                    \"position\": 2,\n\t                    \"name\": \"Produtos\",\n\t                    \"item\": \"https:\/\/www.fisan.com\/pt\/produtos\/\"\n\t                },\n\t                {\n\t                    \"@type\": \"ListItem\",\n\t                    \"position\": 3,\n\t                    \"name\": \"Pack Experi\u00eancia Deluxe Presunto de Bellota Alta Gastronom\u00eda FISAN\"\n\t                }\n\t            ]\n\t        },\n\t        {\n\t            \"@type\": \"WebSite\",\n\t            \"@id\": \"https:\/\/www.fisan.com\/pt\/#website\",\n\t            \"url\": \"https:\/\/www.fisan.com\/pt\/\",\n\t            \"name\": \"FISAN\",\n\t            \"description\": \"FISAN | Jamones de bellota ib\u00e9rico y embutidos ib\u00e9ricos desde 1920\",\n\t            \"potentialAction\": [\n\t                {\n\t                    \"@type\": \"SearchAction\",\n\t                    \"target\": {\n\t                        \"@type\": \"EntryPoint\",\n\t                        \"urlTemplate\": \"https:\/\/www.fisan.com\/pt\/?s={search_term_string}\"\n\t                    },\n\t                    \"query-input\": {\n\t                        \"@type\": \"PropertyValueSpecification\",\n\t                        \"valueRequired\": true,\n\t                        \"valueName\": \"search_term_string\"\n\t                    }\n\t                }\n\t            ],\n\t            \"inLanguage\": \"pt-PT\"\n\t        }\n\t    ]\n\t}<\/script>\n<meta property=\"product:price:amount\" content=\"211.50\" \/>\n<meta property=\"product:price:currency\" content=\"EUR\" \/>\n<meta property=\"og:availability\" content=\"instock\" \/>\n<meta property=\"product:availability\" content=\"instock\" \/>\n<meta property=\"product:retailer_item_id\" content=\"pa-j1cm\" \/>\n<meta property=\"product:condition\" content=\"new\" \/>\n<!-- \/ Yoast SEO plugin. -->","yoast_head_json":{"title":"Pack Experi\u00eancia Deluxe Presunto de Bellota Alta Gastronom\u00eda FISAN | FISAN","robots":{"index":"index","follow":"follow","max-snippet":"max-snippet:-1","max-image-preview":"max-image-preview:large","max-video-preview":"max-video-preview:-1"},"canonical":"https:\/\/www.fisan.com\/pt\/loja\/pack-deluxe-experiencia-jamon-de-bellota-fisan\/","og_locale":"pt_PT","og_type":"article","og_title":"Pack Experi\u00eancia Deluxe Presunto de Bellota Alta Gastronom\u00eda FISAN | FISAN","og_description":"Com o nosso pack poder\u00e1 desfrutar do Presunto de Alta Gastronomia com uma caixa Deluxe com 10 saquetas de 100grm do nosso Presunto de Bolota. O Presunto de Bellota Ib\u00e9rico 75% Ra\u00e7a Ib\u00e9rica Alta Gastronom\u00eda \u00e9 uma das pe\u00e7as nobres que colocamos \u00e0 sua disposi\u00e7\u00e3o. Preparado com cuidado e pronto para consumir, \u00e9 um presente ... Ler mais","og_url":"https:\/\/www.fisan.com\/pt\/loja\/pack-deluxe-experiencia-jamon-de-bellota-fisan\/","og_site_name":"FISAN","article_modified_time":"2024-11-07T15:01:13+00:00","og_image":[{"width":1200,"height":2400,"url":"https:\/\/www.fisan.com\/wp-content\/uploads\/2022\/11\/pack-deluxe-experiencia-jamon-ag-cm10-00.jpg","type":"image\/jpeg"}],"twitter_card":"summary_large_image","twitter_misc":{"pre\u00e7o":"211,50&euro;","Disponibilidade":"Em stock"},"schema":{"@context":"https:\/\/schema.org","@graph":[{"@type":"WebPage","@id":"https:\/\/www.fisan.com\/pt\/loja\/pack-deluxe-experiencia-jamon-de-bellota-fisan\/","url":"https:\/\/www.fisan.com\/pt\/loja\/pack-deluxe-experiencia-jamon-de-bellota-fisan\/","name":"Pack Experi\u00eancia Deluxe Presunto de Bellota Alta Gastronom\u00eda FISAN | FISAN","isPartOf":{"@id":"https:\/\/www.fisan.com\/pt\/#website"},"primaryImageOfPage":{"@id":"https:\/\/www.fisan.com\/pt\/loja\/pack-deluxe-experiencia-jamon-de-bellota-fisan\/#primaryimage"},"image":{"@id":"https:\/\/www.fisan.com\/pt\/loja\/pack-deluxe-experiencia-jamon-de-bellota-fisan\/#primaryimage"},"thumbnailUrl":"https:\/\/www.fisan.com\/wp-content\/uploads\/2022\/11\/pack-deluxe-experiencia-jamon-ag-cm10-00.jpg","datePublished":"2022-11-17T13:07:54+00:00","dateModified":"2024-11-07T15:01:13+00:00","breadcrumb":{"@id":"https:\/\/www.fisan.com\/pt\/loja\/pack-deluxe-experiencia-jamon-de-bellota-fisan\/#breadcrumb"},"inLanguage":"pt-PT","potentialAction":[{"@type":"ReadAction","target":["https:\/\/www.fisan.com\/pt\/loja\/pack-deluxe-experiencia-jamon-de-bellota-fisan\/"]}]},{"@type":"ImageObject","inLanguage":"pt-PT","@id":"https:\/\/www.fisan.com\/pt\/loja\/pack-deluxe-experiencia-jamon-de-bellota-fisan\/#primaryimage","url":"https:\/\/www.fisan.com\/wp-content\/uploads\/2022\/11\/pack-deluxe-experiencia-jamon-ag-cm10-00.jpg","contentUrl":"https:\/\/www.fisan.com\/wp-content\/uploads\/2022\/11\/pack-deluxe-experiencia-jamon-ag-cm10-00.jpg","width":1200,"height":2400,"caption":"Pack Deluxe experiencia"},{"@type":"BreadcrumbList","@id":"https:\/\/www.fisan.com\/pt\/loja\/pack-deluxe-experiencia-jamon-de-bellota-fisan\/#breadcrumb","itemListElement":[{"@type":"ListItem","position":1,"name":"FISAN","item":"https:\/\/www.fisan.com\/pt\/"},{"@type":"ListItem","position":2,"name":"Produtos","item":"https:\/\/www.fisan.com\/pt\/produtos\/"},{"@type":"ListItem","position":3,"name":"Pack Experi\u00eancia Deluxe Presunto de Bellota Alta Gastronom\u00eda FISAN"}]},{"@type":"WebSite","@id":"https:\/\/www.fisan.com\/pt\/#website","url":"https:\/\/www.fisan.com\/pt\/","name":"FISAN","description":"FISAN | Jamones de bellota ib\u00e9rico y embutidos ib\u00e9ricos desde 1920","potentialAction":[{"@type":"SearchAction","target":{"@type":"EntryPoint","urlTemplate":"https:\/\/www.fisan.com\/pt\/?s={search_term_string}"},"query-input":{"@type":"PropertyValueSpecification","valueRequired":true,"valueName":"search_term_string"}}],"inLanguage":"pt-PT"}]},"product_price_amount":"211.50","product_price_currency":"EUR","og_availability":"instock","product_availability":"instock","product_retailer_item_id":"pa-j1cm","product_condition":"new"},"_links":{"self":[{"href":"https:\/\/www.fisan.com\/pt\/wp-json\/wp\/v2\/product\/37239","targetHints":{"allow":["GET"]}}],"collection":[{"href":"https:\/\/www.fisan.com\/pt\/wp-json\/wp\/v2\/product"}],"about":[{"href":"https:\/\/www.fisan.com\/pt\/wp-json\/wp\/v2\/types\/product"}],"version-history":[{"count":5,"href":"https:\/\/www.fisan.com\/pt\/wp-json\/wp\/v2\/product\/37239\/revisions"}],"predecessor-version":[{"id":50442,"href":"https:\/\/www.fisan.com\/pt\/wp-json\/wp\/v2\/product\/37239\/revisions\/50442"}],"wp:featuredmedia":[{"embeddable":true,"href":"https:\/\/www.fisan.com\/pt\/wp-json\/wp\/v2\/media\/27687"}],"wp:attachment":[{"href":"https:\/\/www.fisan.com\/pt\/wp-json\/wp\/v2\/media?parent=37239"}],"wp:term":[{"taxonomy":"product_brand","embeddable":true,"href":"https:\/\/www.fisan.com\/pt\/wp-json\/wp\/v2\/product_brand?post=37239"},{"taxonomy":"product_cat","embeddable":true,"href":"https:\/\/www.fisan.com\/pt\/wp-json\/wp\/v2\/product_cat?post=37239"},{"taxonomy":"product_tag","embeddable":true,"href":"https:\/\/www.fisan.com\/pt\/wp-json\/wp\/v2\/product_tag?post=37239"},{"taxonomy":"gama","embeddable":true,"href":"https:\/\/www.fisan.com\/pt\/wp-json\/wp\/v2\/gama?post=37239"},{"taxonomy":"calidad","embeddable":true,"href":"https:\/\/www.fisan.com\/pt\/wp-json\/wp\/v2\/calidad?post=37239"}],"curies":[{"name":"wp","href":"https:\/\/api.w.org\/{rel}","templated":true}]}}