{"id":38882,"date":"2023-05-26T14:21:42","date_gmt":"2023-05-26T12:21:42","guid":{"rendered":"https:\/\/www.fisan.com\/?post_type=product&#038;p=38882"},"modified":"2025-11-24T16:28:54","modified_gmt":"2025-11-24T15:28:54","slug":"coppa-de-bellota-iberico","status":"publish","type":"product","link":"https:\/\/www.fisan.com\/pt\/loja\/coppa-de-bellota-iberico\/","title":{"rendered":"Coppa de Bellota Ib\u00e9rica"},"content":{"rendered":"<p>A Coppa de Bellota Ib\u00e9rica encontra-se na parte superior do lombo do porco de bellota, a mesma zona do lombo de presa de bellota. Da\u00ed a sua grande quantidade de infiltra\u00e7\u00e3o de gordura de bellota, o seu sabor suave e a sua textura untuosa. A sua cor \u00e9 muito caracter\u00edstica desta parte do porco de bellota; branco rosado e magro vermelho apagado que deixam uma gordura entremeada de aspecto marm\u00f3reo.<\/p>\n<p>Para degust\u00e1-la, recomendamos um corte muito fino, para real\u00e7ar o sabor e a sua sucul\u00eancia.<\/p>\n","protected":false},"excerpt":{"rendered":"<p>O Lombo de Presa Ib\u00e9rico de Bellota FISAN, o nosso tradicional \u201cLombito\u201d, se caracteriza pelo seu sabor, textura suave e aroma profundo. Este lombito \u00e9 elaborado com a Presa Ib\u00e9rica a qual \u00e9 adicionado o adobo tradicional usado no lombo de modo artesanal, cuja base \u00e9 a paprica. Em nenhum momento de sua elabora\u00e7\u00e3o a carne \u00e9 congelada. A sua cura cuidada \u00e9 realizada em secadouros naturais, o que lhe atribui umas caracter\u00edsticas especiais.<\/p>\n","protected":false},"featured_media":38895,"template":"","meta":{"_acf_changed":false,"_wp_rev_ctl_limit":""},"product_brand":[],"product_cat":[351],"product_tag":[532,522],"gama":[1377],"calidad":[443],"class_list":{"0":"post-38882","1":"product","2":"type-product","3":"status-publish","4":"has-post-thumbnail","6":"product_cat-4-enchidos","7":"product_tag-destacados-embutido","8":"product_tag-st","9":"gama-sabor-tradicional-pt-2","10":"calidad-1-bellota-iberico-pt","12":"first","13":"outofstock","14":"taxable","15":"shipping-taxable","16":"purchasable","17":"product-type-variable","18":"has-default-attributes"},"acf":[],"yoast_head":"<!-- This site is optimized with the Yoast SEO plugin v25.4 - https:\/\/yoast.com\/wordpress\/plugins\/seo\/ -->\n<title>Coppa de bellota ib\u00e9rica | FISAN<\/title>\n<meta name=\"description\" content=\"Escolha a qualidade da Coppa de bellota ib\u00e9rica da FISAN, uma pe\u00e7a com grande infiltra\u00e7\u00e3o de gordura, sabor suave e textura untuosa. Para paladares exigentes.\" \/>\n<meta name=\"robots\" content=\"index, follow, max-snippet:-1, max-image-preview:large, max-video-preview:-1\" \/>\n<link rel=\"canonical\" href=\"https:\/\/www.fisan.com\/pt\/loja\/coppa-de-bellota-iberico\/\" \/>\n<meta property=\"og:locale\" content=\"pt_PT\" \/>\n<meta property=\"og:type\" content=\"article\" \/>\n<meta property=\"og:title\" content=\"Coppa de bellota ib\u00e9rica | FISAN\" \/>\n<meta property=\"og:description\" content=\"Escolha a qualidade da Coppa de bellota ib\u00e9rica da FISAN, uma pe\u00e7a com grande infiltra\u00e7\u00e3o de gordura, sabor suave e textura untuosa. Para paladares exigentes.\" \/>\n<meta property=\"og:url\" content=\"https:\/\/www.fisan.com\/pt\/loja\/coppa-de-bellota-iberico\/\" \/>\n<meta property=\"og:site_name\" content=\"FISAN\" \/>\n<meta property=\"article:modified_time\" content=\"2025-11-24T15:28:54+00:00\" \/>\n<meta property=\"og:image\" content=\"https:\/\/www.fisan.com\/wp-content\/uploads\/2023\/05\/coppa-presa-bellota-iberico-st-pe-00.jpg\" \/>\n\t<meta property=\"og:image:width\" content=\"1200\" \/>\n\t<meta property=\"og:image:height\" content=\"2400\" \/>\n\t<meta property=\"og:image:type\" content=\"image\/jpeg\" \/>\n<meta name=\"twitter:card\" content=\"summary_large_image\" \/>\n<meta name=\"twitter:label1\" content=\"Disponibilidade\" \/>\n\t<meta name=\"twitter:data1\" content=\"Esgotado\" \/>\n<script type=\"application\/ld+json\" class=\"yoast-schema-graph\">{\n\t    \"@context\": \"https:\/\/schema.org\",\n\t    \"@graph\": [\n\t        {\n\t            \"@type\": \"WebPage\",\n\t            \"@id\": \"https:\/\/www.fisan.com\/pt\/loja\/coppa-de-bellota-iberico\/\",\n\t            \"url\": \"https:\/\/www.fisan.com\/pt\/loja\/coppa-de-bellota-iberico\/\",\n\t            \"name\": \"Coppa de bellota ib\u00e9rica | FISAN\",\n\t            \"isPartOf\": {\n\t                \"@id\": \"https:\/\/www.fisan.com\/pt\/#website\"\n\t            },\n\t            \"primaryImageOfPage\": {\n\t                \"@id\": \"https:\/\/www.fisan.com\/pt\/loja\/coppa-de-bellota-iberico\/#primaryimage\"\n\t            },\n\t            \"image\": {\n\t                \"@id\": \"https:\/\/www.fisan.com\/pt\/loja\/coppa-de-bellota-iberico\/#primaryimage\"\n\t            },\n\t            \"thumbnailUrl\": \"https:\/\/www.fisan.com\/wp-content\/uploads\/2023\/05\/coppa-presa-bellota-iberico-st-pe-00.jpg\",\n\t            \"datePublished\": \"2023-05-26T12:21:42+00:00\",\n\t            \"dateModified\": \"2025-11-24T15:28:54+00:00\",\n\t            \"description\": \"Escolha a qualidade da Coppa de bellota ib\u00e9rica da FISAN, uma pe\u00e7a com grande infiltra\u00e7\u00e3o de gordura, sabor suave e textura untuosa. Para paladares exigentes.\",\n\t            \"breadcrumb\": {\n\t                \"@id\": \"https:\/\/www.fisan.com\/pt\/loja\/coppa-de-bellota-iberico\/#breadcrumb\"\n\t            },\n\t            \"inLanguage\": \"pt-PT\",\n\t            \"potentialAction\": [\n\t                {\n\t                    \"@type\": \"ReadAction\",\n\t                    \"target\": [\n\t                        \"https:\/\/www.fisan.com\/pt\/loja\/coppa-de-bellota-iberico\/\"\n\t                    ]\n\t                }\n\t            ]\n\t        },\n\t        {\n\t            \"@type\": \"ImageObject\",\n\t            \"inLanguage\": \"pt-PT\",\n\t            \"@id\": \"https:\/\/www.fisan.com\/pt\/loja\/coppa-de-bellota-iberico\/#primaryimage\",\n\t            \"url\": \"https:\/\/www.fisan.com\/wp-content\/uploads\/2023\/05\/coppa-presa-bellota-iberico-st-pe-00.jpg\",\n\t            \"contentUrl\": \"https:\/\/www.fisan.com\/wp-content\/uploads\/2023\/05\/coppa-presa-bellota-iberico-st-pe-00.jpg\",\n\t            \"width\": 1200,\n\t            \"height\": 2400,\n\t            \"caption\": \"coppa de bellota ib\u00e9rica\"\n\t        },\n\t        {\n\t            \"@type\": \"BreadcrumbList\",\n\t            \"@id\": \"https:\/\/www.fisan.com\/pt\/loja\/coppa-de-bellota-iberico\/#breadcrumb\",\n\t            \"itemListElement\": [\n\t                {\n\t                    \"@type\": \"ListItem\",\n\t                    \"position\": 1,\n\t                    \"name\": \"FISAN\",\n\t                    \"item\": \"https:\/\/www.fisan.com\/pt\/\"\n\t                },\n\t                {\n\t                    \"@type\": \"ListItem\",\n\t                    \"position\": 2,\n\t                    \"name\": \"Produtos\",\n\t                    \"item\": \"https:\/\/www.fisan.com\/pt\/produtos\/\"\n\t                },\n\t                {\n\t                    \"@type\": \"ListItem\",\n\t                    \"position\": 3,\n\t                    \"name\": \"Coppa de Bellota Ib\u00e9rica\"\n\t                }\n\t            ]\n\t        },\n\t        {\n\t            \"@type\": \"WebSite\",\n\t            \"@id\": \"https:\/\/www.fisan.com\/pt\/#website\",\n\t            \"url\": \"https:\/\/www.fisan.com\/pt\/\",\n\t            \"name\": \"FISAN\",\n\t            \"description\": \"FISAN | Jamones de bellota ib\u00e9rico y embutidos ib\u00e9ricos desde 1920\",\n\t            \"potentialAction\": [\n\t                {\n\t                    \"@type\": \"SearchAction\",\n\t                    \"target\": {\n\t                        \"@type\": \"EntryPoint\",\n\t                        \"urlTemplate\": \"https:\/\/www.fisan.com\/pt\/?s={search_term_string}\"\n\t                    },\n\t                    \"query-input\": {\n\t                        \"@type\": \"PropertyValueSpecification\",\n\t                        \"valueRequired\": true,\n\t                        \"valueName\": \"search_term_string\"\n\t                    }\n\t                }\n\t            ],\n\t            \"inLanguage\": \"pt-PT\"\n\t        }\n\t    ]\n\t}<\/script>\n<meta property=\"og:availability\" content=\"out of stock\" \/>\n<meta property=\"product:availability\" content=\"out of stock\" \/>\n<meta property=\"product:retailer_item_id\" content=\"co-bi50\" \/>\n<meta property=\"product:condition\" content=\"new\" \/>\n<!-- \/ Yoast SEO plugin. -->","yoast_head_json":{"title":"Coppa de bellota ib\u00e9rica | FISAN","description":"Escolha a qualidade da Coppa de bellota ib\u00e9rica da FISAN, uma pe\u00e7a com grande infiltra\u00e7\u00e3o de gordura, sabor suave e textura untuosa. Para paladares exigentes.","robots":{"index":"index","follow":"follow","max-snippet":"max-snippet:-1","max-image-preview":"max-image-preview:large","max-video-preview":"max-video-preview:-1"},"canonical":"https:\/\/www.fisan.com\/pt\/loja\/coppa-de-bellota-iberico\/","og_locale":"pt_PT","og_type":"article","og_title":"Coppa de bellota ib\u00e9rica | FISAN","og_description":"Escolha a qualidade da Coppa de bellota ib\u00e9rica da FISAN, uma pe\u00e7a com grande infiltra\u00e7\u00e3o de gordura, sabor suave e textura untuosa. Para paladares exigentes.","og_url":"https:\/\/www.fisan.com\/pt\/loja\/coppa-de-bellota-iberico\/","og_site_name":"FISAN","article_modified_time":"2025-11-24T15:28:54+00:00","og_image":[{"width":1200,"height":2400,"url":"https:\/\/www.fisan.com\/wp-content\/uploads\/2023\/05\/coppa-presa-bellota-iberico-st-pe-00.jpg","type":"image\/jpeg"}],"twitter_card":"summary_large_image","twitter_misc":{"Disponibilidade":"Esgotado"},"schema":{"@context":"https:\/\/schema.org","@graph":[{"@type":"WebPage","@id":"https:\/\/www.fisan.com\/pt\/loja\/coppa-de-bellota-iberico\/","url":"https:\/\/www.fisan.com\/pt\/loja\/coppa-de-bellota-iberico\/","name":"Coppa de bellota ib\u00e9rica | FISAN","isPartOf":{"@id":"https:\/\/www.fisan.com\/pt\/#website"},"primaryImageOfPage":{"@id":"https:\/\/www.fisan.com\/pt\/loja\/coppa-de-bellota-iberico\/#primaryimage"},"image":{"@id":"https:\/\/www.fisan.com\/pt\/loja\/coppa-de-bellota-iberico\/#primaryimage"},"thumbnailUrl":"https:\/\/www.fisan.com\/wp-content\/uploads\/2023\/05\/coppa-presa-bellota-iberico-st-pe-00.jpg","datePublished":"2023-05-26T12:21:42+00:00","dateModified":"2025-11-24T15:28:54+00:00","description":"Escolha a qualidade da Coppa de bellota ib\u00e9rica da FISAN, uma pe\u00e7a com grande infiltra\u00e7\u00e3o de gordura, sabor suave e textura untuosa. Para paladares exigentes.","breadcrumb":{"@id":"https:\/\/www.fisan.com\/pt\/loja\/coppa-de-bellota-iberico\/#breadcrumb"},"inLanguage":"pt-PT","potentialAction":[{"@type":"ReadAction","target":["https:\/\/www.fisan.com\/pt\/loja\/coppa-de-bellota-iberico\/"]}]},{"@type":"ImageObject","inLanguage":"pt-PT","@id":"https:\/\/www.fisan.com\/pt\/loja\/coppa-de-bellota-iberico\/#primaryimage","url":"https:\/\/www.fisan.com\/wp-content\/uploads\/2023\/05\/coppa-presa-bellota-iberico-st-pe-00.jpg","contentUrl":"https:\/\/www.fisan.com\/wp-content\/uploads\/2023\/05\/coppa-presa-bellota-iberico-st-pe-00.jpg","width":1200,"height":2400,"caption":"coppa de bellota ib\u00e9rica"},{"@type":"BreadcrumbList","@id":"https:\/\/www.fisan.com\/pt\/loja\/coppa-de-bellota-iberico\/#breadcrumb","itemListElement":[{"@type":"ListItem","position":1,"name":"FISAN","item":"https:\/\/www.fisan.com\/pt\/"},{"@type":"ListItem","position":2,"name":"Produtos","item":"https:\/\/www.fisan.com\/pt\/produtos\/"},{"@type":"ListItem","position":3,"name":"Coppa de Bellota Ib\u00e9rica"}]},{"@type":"WebSite","@id":"https:\/\/www.fisan.com\/pt\/#website","url":"https:\/\/www.fisan.com\/pt\/","name":"FISAN","description":"FISAN | Jamones de bellota ib\u00e9rico y embutidos ib\u00e9ricos desde 1920","potentialAction":[{"@type":"SearchAction","target":{"@type":"EntryPoint","urlTemplate":"https:\/\/www.fisan.com\/pt\/?s={search_term_string}"},"query-input":{"@type":"PropertyValueSpecification","valueRequired":true,"valueName":"search_term_string"}}],"inLanguage":"pt-PT"}]},"og_availability":"out of stock","product_availability":"out of stock","product_retailer_item_id":"co-bi50","product_condition":"new"},"_links":{"self":[{"href":"https:\/\/www.fisan.com\/pt\/wp-json\/wp\/v2\/product\/38882","targetHints":{"allow":["GET"]}}],"collection":[{"href":"https:\/\/www.fisan.com\/pt\/wp-json\/wp\/v2\/product"}],"about":[{"href":"https:\/\/www.fisan.com\/pt\/wp-json\/wp\/v2\/types\/product"}],"version-history":[{"count":2,"href":"https:\/\/www.fisan.com\/pt\/wp-json\/wp\/v2\/product\/38882\/revisions"}],"predecessor-version":[{"id":58974,"href":"https:\/\/www.fisan.com\/pt\/wp-json\/wp\/v2\/product\/38882\/revisions\/58974"}],"wp:featuredmedia":[{"embeddable":true,"href":"https:\/\/www.fisan.com\/pt\/wp-json\/wp\/v2\/media\/38895"}],"wp:attachment":[{"href":"https:\/\/www.fisan.com\/pt\/wp-json\/wp\/v2\/media?parent=38882"}],"wp:term":[{"taxonomy":"product_brand","embeddable":true,"href":"https:\/\/www.fisan.com\/pt\/wp-json\/wp\/v2\/product_brand?post=38882"},{"taxonomy":"product_cat","embeddable":true,"href":"https:\/\/www.fisan.com\/pt\/wp-json\/wp\/v2\/product_cat?post=38882"},{"taxonomy":"product_tag","embeddable":true,"href":"https:\/\/www.fisan.com\/pt\/wp-json\/wp\/v2\/product_tag?post=38882"},{"taxonomy":"gama","embeddable":true,"href":"https:\/\/www.fisan.com\/pt\/wp-json\/wp\/v2\/gama?post=38882"},{"taxonomy":"calidad","embeddable":true,"href":"https:\/\/www.fisan.com\/pt\/wp-json\/wp\/v2\/calidad?post=38882"}],"curies":[{"name":"wp","href":"https:\/\/api.w.org\/{rel}","templated":true}]}}