{"id":39543,"date":"2023-09-25T16:37:15","date_gmt":"2023-09-25T14:37:15","guid":{"rendered":"https:\/\/www.fisan.com\/?post_type=product&#038;p=39543"},"modified":"2024-11-15T13:11:07","modified_gmt":"2024-11-15T12:11:07","slug":"presunto-campanha-2019-edicao-limitada","status":"publish","type":"product","link":"https:\/\/www.fisan.com\/pt\/loja\/presunto-campanha-2019-edicao-limitada\/","title":{"rendered":"Presunto Alta Gastronom\u00eda Campanha 2019 Edi\u00e7\u00e3o Limitada"},"content":{"rendered":"<p>Este presunto pertence \u00e0 EDI\u00c7\u00c3O LIMITADA da CAMPANHA 2019.<\/p>\n<p>Todos os anos, a fam\u00edlia FISAN seleciona pessoalmente os melhores presuntos da sua cave. Na FISAN, selecion\u00e1mos, desde a sua origem no montado, as melhores pe\u00e7as, que foram curadas com cuidado e paci\u00eancia durante cerca de 60 meses em secadouros e caves naturais, com pouca luz e pouco ru\u00eddo.<\/p>\n<p>A dedica\u00e7\u00e3o e o cuidado que coloc\u00e1mos na sua crian\u00e7a e posterior produ\u00e7\u00e3o refletem-se nestas pe\u00e7as excecionais que apresentamos, ano ap\u00f3s ano, na FISAN.<\/p>\n<p>Recomenda-se consumir o presunto a uma temperatura de 22\u00ba C para apreciar o seu aroma profundo e fresco, a sua cor rosa escuro com muito boa infiltra\u00e7\u00e3o de gordura e para permitir que a sua textura se derreta na boca.<\/p>\n<p>Uma edi\u00e7\u00e3o limitada requintada<br \/>\nO presunto FISAN Alta Gastronomia Edi\u00e7\u00e3o Limitada Campanha 2019 \u00e9 acompanhado por:<\/p>\n<ul>\n<li>Caixa Deluxe Edi\u00e7\u00e3o Especial.<\/li>\n<li>Faca de cortar presunto.<\/li>\n<li>Avental de couro FISAN.<\/li>\n<li>Livro do Centen\u00e1rio FISAN, onde poder\u00e1 conhecer a hist\u00f3ria, a cultura, a degusta\u00e7\u00e3o e a subtileza do Presunto FISAN.<\/li>\n<\/ul>\n<h4>Como Foi A Campanha de 2019<\/h4>\n<p>Escassez de chuva e de fruto, no entanto, na FISAN conseguimos uma excelente campanha. O que significa que os nossos porcos desfrutam de entre 2 e 4 hectares dos melhores montados da Extremadura e da Andaluzia, mais do dobro do exigido pela norma de qualidade para o porco.<\/p>\n","protected":false},"excerpt":{"rendered":"<p>Este presunto pertence \u00e0 EDI\u00c7\u00c3O LIMITADA da CAMPANHA 2019. Todos os anos, a fam\u00edlia FISAN seleciona pessoalmente os melhores presuntos da sua cave. Na FISAN, selecion\u00e1mos, desde a sua origem no montado, as melhores pe\u00e7as, que foram curadas com cuidado e paci\u00eancia durante cerca de 60 meses em secadouros e caves naturais, com pouca luz &#8230; <a title=\"Presunto Alta Gastronom\u00eda Campanha 2019 Edi\u00e7\u00e3o Limitada\" class=\"read-more\" href=\"https:\/\/www.fisan.com\/pt\/loja\/presunto-campanha-2019-edicao-limitada\/\" aria-label=\"Leia mais sobre Presunto Alta Gastronom\u00eda Campanha 2019 Edi\u00e7\u00e3o Limitada\">Ler mais<\/a><\/p>\n","protected":false},"featured_media":39657,"template":"","meta":{"_acf_changed":false,"_wp_rev_ctl_limit":""},"product_brand":[],"product_cat":[1024],"product_tag":[324,325],"gama":[438],"calidad":[508],"class_list":{"0":"post-39543","1":"product","2":"type-product","3":"status-publish","4":"has-post-thumbnail","6":"product_cat-edicao-limitada","7":"product_tag-ag","8":"product_tag-destacados-inicio","9":"gama-alta-gastronomia-pt","10":"calidad-4-edicao-limitada","12":"first","13":"outofstock","14":"taxable","15":"shipping-taxable","16":"purchasable","17":"product-type-variable","18":"has-default-attributes"},"acf":[],"yoast_head":"<!-- This site is optimized with the Yoast SEO plugin v25.4 - https:\/\/yoast.com\/wordpress\/plugins\/seo\/ -->\n<title>Presunto Alta Gastronom\u00eda Campanha 2019 Edi\u00e7\u00e3o Limitada | FISAN<\/title>\n<meta name=\"robots\" content=\"index, follow, max-snippet:-1, max-image-preview:large, max-video-preview:-1\" \/>\n<link rel=\"canonical\" href=\"https:\/\/www.fisan.com\/pt\/loja\/presunto-campanha-2019-edicao-limitada\/\" \/>\n<meta property=\"og:locale\" content=\"pt_PT\" \/>\n<meta property=\"og:type\" content=\"article\" \/>\n<meta property=\"og:title\" content=\"Presunto Alta Gastronom\u00eda Campanha 2019 Edi\u00e7\u00e3o Limitada | FISAN\" \/>\n<meta property=\"og:description\" content=\"Este presunto pertence \u00e0 EDI\u00c7\u00c3O LIMITADA da CAMPANHA 2019. Todos os anos, a fam\u00edlia FISAN seleciona pessoalmente os melhores presuntos da sua cave. Na FISAN, selecion\u00e1mos, desde a sua origem no montado, as melhores pe\u00e7as, que foram curadas com cuidado e paci\u00eancia durante cerca de 60 meses em secadouros e caves naturais, com pouca luz ... Ler mais\" \/>\n<meta property=\"og:url\" content=\"https:\/\/www.fisan.com\/pt\/loja\/presunto-campanha-2019-edicao-limitada\/\" \/>\n<meta property=\"og:site_name\" content=\"FISAN\" \/>\n<meta property=\"article:modified_time\" content=\"2024-11-15T12:11:07+00:00\" \/>\n<meta property=\"og:image\" content=\"https:\/\/www.fisan.com\/wp-content\/uploads\/2023\/09\/jamon-el-2019-ag-pe-00-1.jpg\" \/>\n\t<meta property=\"og:image:width\" content=\"1200\" \/>\n\t<meta property=\"og:image:height\" content=\"2400\" \/>\n\t<meta property=\"og:image:type\" content=\"image\/jpeg\" \/>\n<meta name=\"twitter:card\" content=\"summary_large_image\" \/>\n<meta name=\"twitter:label1\" content=\"Disponibilidade\" \/>\n\t<meta name=\"twitter:data1\" content=\"Esgotado\" \/>\n<script type=\"application\/ld+json\" class=\"yoast-schema-graph\">{\n\t    \"@context\": \"https:\/\/schema.org\",\n\t    \"@graph\": [\n\t        {\n\t            \"@type\": \"WebPage\",\n\t            \"@id\": \"https:\/\/www.fisan.com\/pt\/loja\/presunto-campanha-2019-edicao-limitada\/\",\n\t            \"url\": \"https:\/\/www.fisan.com\/pt\/loja\/presunto-campanha-2019-edicao-limitada\/\",\n\t            \"name\": \"Presunto Alta Gastronom\u00eda Campanha 2019 Edi\u00e7\u00e3o Limitada | FISAN\",\n\t            \"isPartOf\": {\n\t                \"@id\": \"https:\/\/www.fisan.com\/pt\/#website\"\n\t            },\n\t            \"primaryImageOfPage\": {\n\t                \"@id\": \"https:\/\/www.fisan.com\/pt\/loja\/presunto-campanha-2019-edicao-limitada\/#primaryimage\"\n\t            },\n\t            \"image\": {\n\t                \"@id\": \"https:\/\/www.fisan.com\/pt\/loja\/presunto-campanha-2019-edicao-limitada\/#primaryimage\"\n\t            },\n\t            \"thumbnailUrl\": \"https:\/\/www.fisan.com\/wp-content\/uploads\/2023\/09\/jamon-el-2019-ag-pe-00-1.jpg\",\n\t            \"datePublished\": \"2023-09-25T14:37:15+00:00\",\n\t            \"dateModified\": \"2024-11-15T12:11:07+00:00\",\n\t            \"breadcrumb\": {\n\t                \"@id\": \"https:\/\/www.fisan.com\/pt\/loja\/presunto-campanha-2019-edicao-limitada\/#breadcrumb\"\n\t            },\n\t            \"inLanguage\": \"pt-PT\",\n\t            \"potentialAction\": [\n\t                {\n\t                    \"@type\": \"ReadAction\",\n\t                    \"target\": [\n\t                        \"https:\/\/www.fisan.com\/pt\/loja\/presunto-campanha-2019-edicao-limitada\/\"\n\t                    ]\n\t                }\n\t            ]\n\t        },\n\t        {\n\t            \"@type\": \"ImageObject\",\n\t            \"inLanguage\": \"pt-PT\",\n\t            \"@id\": \"https:\/\/www.fisan.com\/pt\/loja\/presunto-campanha-2019-edicao-limitada\/#primaryimage\",\n\t            \"url\": \"https:\/\/www.fisan.com\/wp-content\/uploads\/2023\/09\/jamon-el-2019-ag-pe-00-1.jpg\",\n\t            \"contentUrl\": \"https:\/\/www.fisan.com\/wp-content\/uploads\/2023\/09\/jamon-el-2019-ag-pe-00-1.jpg\",\n\t            \"width\": 1200,\n\t            \"height\": 2400,\n\t            \"caption\": \"JAM\u00d3N FISAN EDICI\u00d3N LIMITADA 2019\"\n\t        },\n\t        {\n\t            \"@type\": \"BreadcrumbList\",\n\t            \"@id\": \"https:\/\/www.fisan.com\/pt\/loja\/presunto-campanha-2019-edicao-limitada\/#breadcrumb\",\n\t            \"itemListElement\": [\n\t                {\n\t                    \"@type\": \"ListItem\",\n\t                    \"position\": 1,\n\t                    \"name\": \"FISAN\",\n\t                    \"item\": \"https:\/\/www.fisan.com\/pt\/\"\n\t                },\n\t                {\n\t                    \"@type\": \"ListItem\",\n\t                    \"position\": 2,\n\t                    \"name\": \"Produtos\",\n\t                    \"item\": \"https:\/\/www.fisan.com\/pt\/produtos\/\"\n\t                },\n\t                {\n\t                    \"@type\": \"ListItem\",\n\t                    \"position\": 3,\n\t                    \"name\": \"Presunto Alta Gastronom\u00eda Campanha 2019 Edi\u00e7\u00e3o Limitada\"\n\t                }\n\t            ]\n\t        },\n\t        {\n\t            \"@type\": \"WebSite\",\n\t            \"@id\": \"https:\/\/www.fisan.com\/pt\/#website\",\n\t            \"url\": \"https:\/\/www.fisan.com\/pt\/\",\n\t            \"name\": \"FISAN\",\n\t            \"description\": \"FISAN | Jamones de bellota ib\u00e9rico y embutidos ib\u00e9ricos desde 1920\",\n\t            \"potentialAction\": [\n\t                {\n\t                    \"@type\": \"SearchAction\",\n\t                    \"target\": {\n\t                        \"@type\": \"EntryPoint\",\n\t                        \"urlTemplate\": \"https:\/\/www.fisan.com\/pt\/?s={search_term_string}\"\n\t                    },\n\t                    \"query-input\": {\n\t                        \"@type\": \"PropertyValueSpecification\",\n\t                        \"valueRequired\": true,\n\t                        \"valueName\": \"search_term_string\"\n\t                    }\n\t                }\n\t            ],\n\t            \"inLanguage\": \"pt-PT\"\n\t        }\n\t    ]\n\t}<\/script>\n<meta property=\"og:availability\" content=\"out of stock\" \/>\n<meta property=\"product:availability\" content=\"out of stock\" \/>\n<meta property=\"product:retailer_item_id\" content=\"j-agel2019\" \/>\n<meta property=\"product:condition\" content=\"new\" \/>\n<!-- \/ Yoast SEO plugin. -->","yoast_head_json":{"title":"Presunto Alta Gastronom\u00eda Campanha 2019 Edi\u00e7\u00e3o Limitada | FISAN","robots":{"index":"index","follow":"follow","max-snippet":"max-snippet:-1","max-image-preview":"max-image-preview:large","max-video-preview":"max-video-preview:-1"},"canonical":"https:\/\/www.fisan.com\/pt\/loja\/presunto-campanha-2019-edicao-limitada\/","og_locale":"pt_PT","og_type":"article","og_title":"Presunto Alta Gastronom\u00eda Campanha 2019 Edi\u00e7\u00e3o Limitada | FISAN","og_description":"Este presunto pertence \u00e0 EDI\u00c7\u00c3O LIMITADA da CAMPANHA 2019. Todos os anos, a fam\u00edlia FISAN seleciona pessoalmente os melhores presuntos da sua cave. Na FISAN, selecion\u00e1mos, desde a sua origem no montado, as melhores pe\u00e7as, que foram curadas com cuidado e paci\u00eancia durante cerca de 60 meses em secadouros e caves naturais, com pouca luz ... Ler mais","og_url":"https:\/\/www.fisan.com\/pt\/loja\/presunto-campanha-2019-edicao-limitada\/","og_site_name":"FISAN","article_modified_time":"2024-11-15T12:11:07+00:00","og_image":[{"width":1200,"height":2400,"url":"https:\/\/www.fisan.com\/wp-content\/uploads\/2023\/09\/jamon-el-2019-ag-pe-00-1.jpg","type":"image\/jpeg"}],"twitter_card":"summary_large_image","twitter_misc":{"Disponibilidade":"Esgotado"},"schema":{"@context":"https:\/\/schema.org","@graph":[{"@type":"WebPage","@id":"https:\/\/www.fisan.com\/pt\/loja\/presunto-campanha-2019-edicao-limitada\/","url":"https:\/\/www.fisan.com\/pt\/loja\/presunto-campanha-2019-edicao-limitada\/","name":"Presunto Alta Gastronom\u00eda Campanha 2019 Edi\u00e7\u00e3o Limitada | FISAN","isPartOf":{"@id":"https:\/\/www.fisan.com\/pt\/#website"},"primaryImageOfPage":{"@id":"https:\/\/www.fisan.com\/pt\/loja\/presunto-campanha-2019-edicao-limitada\/#primaryimage"},"image":{"@id":"https:\/\/www.fisan.com\/pt\/loja\/presunto-campanha-2019-edicao-limitada\/#primaryimage"},"thumbnailUrl":"https:\/\/www.fisan.com\/wp-content\/uploads\/2023\/09\/jamon-el-2019-ag-pe-00-1.jpg","datePublished":"2023-09-25T14:37:15+00:00","dateModified":"2024-11-15T12:11:07+00:00","breadcrumb":{"@id":"https:\/\/www.fisan.com\/pt\/loja\/presunto-campanha-2019-edicao-limitada\/#breadcrumb"},"inLanguage":"pt-PT","potentialAction":[{"@type":"ReadAction","target":["https:\/\/www.fisan.com\/pt\/loja\/presunto-campanha-2019-edicao-limitada\/"]}]},{"@type":"ImageObject","inLanguage":"pt-PT","@id":"https:\/\/www.fisan.com\/pt\/loja\/presunto-campanha-2019-edicao-limitada\/#primaryimage","url":"https:\/\/www.fisan.com\/wp-content\/uploads\/2023\/09\/jamon-el-2019-ag-pe-00-1.jpg","contentUrl":"https:\/\/www.fisan.com\/wp-content\/uploads\/2023\/09\/jamon-el-2019-ag-pe-00-1.jpg","width":1200,"height":2400,"caption":"JAM\u00d3N FISAN EDICI\u00d3N LIMITADA 2019"},{"@type":"BreadcrumbList","@id":"https:\/\/www.fisan.com\/pt\/loja\/presunto-campanha-2019-edicao-limitada\/#breadcrumb","itemListElement":[{"@type":"ListItem","position":1,"name":"FISAN","item":"https:\/\/www.fisan.com\/pt\/"},{"@type":"ListItem","position":2,"name":"Produtos","item":"https:\/\/www.fisan.com\/pt\/produtos\/"},{"@type":"ListItem","position":3,"name":"Presunto Alta Gastronom\u00eda Campanha 2019 Edi\u00e7\u00e3o Limitada"}]},{"@type":"WebSite","@id":"https:\/\/www.fisan.com\/pt\/#website","url":"https:\/\/www.fisan.com\/pt\/","name":"FISAN","description":"FISAN | Jamones de bellota ib\u00e9rico y embutidos ib\u00e9ricos desde 1920","potentialAction":[{"@type":"SearchAction","target":{"@type":"EntryPoint","urlTemplate":"https:\/\/www.fisan.com\/pt\/?s={search_term_string}"},"query-input":{"@type":"PropertyValueSpecification","valueRequired":true,"valueName":"search_term_string"}}],"inLanguage":"pt-PT"}]},"og_availability":"out of stock","product_availability":"out of stock","product_retailer_item_id":"j-agel2019","product_condition":"new"},"_links":{"self":[{"href":"https:\/\/www.fisan.com\/pt\/wp-json\/wp\/v2\/product\/39543","targetHints":{"allow":["GET"]}}],"collection":[{"href":"https:\/\/www.fisan.com\/pt\/wp-json\/wp\/v2\/product"}],"about":[{"href":"https:\/\/www.fisan.com\/pt\/wp-json\/wp\/v2\/types\/product"}],"version-history":[{"count":6,"href":"https:\/\/www.fisan.com\/pt\/wp-json\/wp\/v2\/product\/39543\/revisions"}],"predecessor-version":[{"id":50919,"href":"https:\/\/www.fisan.com\/pt\/wp-json\/wp\/v2\/product\/39543\/revisions\/50919"}],"wp:featuredmedia":[{"embeddable":true,"href":"https:\/\/www.fisan.com\/pt\/wp-json\/wp\/v2\/media\/39657"}],"wp:attachment":[{"href":"https:\/\/www.fisan.com\/pt\/wp-json\/wp\/v2\/media?parent=39543"}],"wp:term":[{"taxonomy":"product_brand","embeddable":true,"href":"https:\/\/www.fisan.com\/pt\/wp-json\/wp\/v2\/product_brand?post=39543"},{"taxonomy":"product_cat","embeddable":true,"href":"https:\/\/www.fisan.com\/pt\/wp-json\/wp\/v2\/product_cat?post=39543"},{"taxonomy":"product_tag","embeddable":true,"href":"https:\/\/www.fisan.com\/pt\/wp-json\/wp\/v2\/product_tag?post=39543"},{"taxonomy":"gama","embeddable":true,"href":"https:\/\/www.fisan.com\/pt\/wp-json\/wp\/v2\/gama?post=39543"},{"taxonomy":"calidad","embeddable":true,"href":"https:\/\/www.fisan.com\/pt\/wp-json\/wp\/v2\/calidad?post=39543"}],"curies":[{"name":"wp","href":"https:\/\/api.w.org\/{rel}","templated":true}]}}