{"id":39587,"date":"2023-09-26T10:09:22","date_gmt":"2023-09-26T08:09:22","guid":{"rendered":"https:\/\/www.fisan.com\/?post_type=product&#038;p=39587"},"modified":"2024-11-15T13:10:56","modified_gmt":"2024-11-15T12:10:56","slug":"presunto-campanha-2015-edicao-limitada-centenario","status":"publish","type":"product","link":"https:\/\/www.fisan.com\/pt\/loja\/presunto-campanha-2015-edicao-limitada-centenario\/","title":{"rendered":"Presunto Alta Gastronom\u00eda Campanha 2015 Edi\u00e7\u00e3o Limitada Centen\u00e1rio"},"content":{"rendered":"<p>Este presunto de bellota pertence \u00e0 EDI\u00c7\u00c3O CENTEN\u00c1RIO da Campanha 2015.<\/p>\n<p>Para comemorar os nossos 100 anos de excel\u00eancia na produ\u00e7\u00e3o de presuntos de bellota, na FISAN selecion\u00e1mos, desde a sua origem no montado, as melhores pe\u00e7as que, durante cerca de 100 meses, foram curadas com cuidado e paci\u00eancia nos nossos secadouros e caves naturais, com pouca luz e pouco ru\u00eddo.<\/p>\n<p>Uma escolha pessoal meticulosa da fam\u00edlia S\u00e1nchez, que representa o nosso compromisso com a tradi\u00e7\u00e3o, o saber-fazer e a qualidade suprema.<\/p>\n<p>Recomenda-se consumir o presunto a uma temperatura de 22\u00ba C para apreciar o seu aroma profundo e fresco, a sua cor rosa escuro com muito boa infiltra\u00e7\u00e3o de gordura e para permitir que a sua textura se derreta na boca.<\/p>\n<p>Uma edi\u00e7\u00e3o realmente \u00fanica. Uma joia FISAN.<\/p>\n<ul>\n<li>Estojo forrado artesanalmente em pele natural.<\/li>\n<li>Faca de cortar presunto.<\/li>\n<li>Avental de couro FISAN.<\/li>\n<li>Livro do Centen\u00e1rio FISAN, onde poder\u00e1 conhecer a hist\u00f3ria, a cultura, a degusta\u00e7\u00e3o e a subtileza do Presunto FISAN.<\/li>\n<\/ul>\n<h4>Como Foi a Campanha 2015<\/h4>\n<p>Um ano de grande quantidade de fruto, com condi\u00e7\u00f5es clim\u00e1ticas muito uniformes em termos de temperatura e chuvas, o que propiciou uma conserva\u00e7\u00e3o e um aproveitamento \u00f3timos da bellota.<\/p>\n<p>As piaras de porcos puderam desfrutar de grandes quantidades de fruto durante um longo per\u00edodo de tempo, o que lhes permitiu engordar a um ritmo adequado.<\/p>\n","protected":false},"excerpt":{"rendered":"<p>Este presunto de bellota pertence \u00e0 EDI\u00c7\u00c3O CENTEN\u00c1RIO da Campanha 2015. Para comemorar os nossos 100 anos de excel\u00eancia na produ\u00e7\u00e3o de presuntos de bellota, na FISAN selecion\u00e1mos, desde a sua origem no montado, as melhores pe\u00e7as que, durante cerca de 100 meses, foram curadas com cuidado e paci\u00eancia nos nossos secadouros e caves naturais, &#8230; <a title=\"Presunto Alta Gastronom\u00eda Campanha 2015 Edi\u00e7\u00e3o Limitada Centen\u00e1rio\" class=\"read-more\" href=\"https:\/\/www.fisan.com\/pt\/loja\/presunto-campanha-2015-edicao-limitada-centenario\/\" aria-label=\"Leia mais sobre Presunto Alta Gastronom\u00eda Campanha 2015 Edi\u00e7\u00e3o Limitada Centen\u00e1rio\">Ler mais<\/a><\/p>\n","protected":false},"featured_media":39648,"template":"","meta":{"_acf_changed":false,"_wp_rev_ctl_limit":""},"product_brand":[],"product_cat":[1024],"product_tag":[324,325],"gama":[438],"calidad":[508],"class_list":{"0":"post-39587","1":"product","2":"type-product","3":"status-publish","4":"has-post-thumbnail","6":"product_cat-edicao-limitada","7":"product_tag-ag","8":"product_tag-destacados-inicio","9":"gama-alta-gastronomia-pt","10":"calidad-4-edicao-limitada","12":"first","13":"instock","14":"taxable","15":"shipping-taxable","16":"purchasable","17":"product-type-variable","18":"has-default-attributes"},"acf":[],"yoast_head":"<!-- This site is optimized with the Yoast SEO plugin v25.4 - https:\/\/yoast.com\/wordpress\/plugins\/seo\/ -->\n<title>Presunto Alta Gastronom\u00eda Campanha 2015 Edi\u00e7\u00e3o Limitada Centen\u00e1rio | FISAN<\/title>\n<meta name=\"robots\" content=\"index, follow, max-snippet:-1, max-image-preview:large, max-video-preview:-1\" \/>\n<link rel=\"canonical\" href=\"https:\/\/www.fisan.com\/pt\/loja\/presunto-campanha-2015-edicao-limitada-centenario\/\" \/>\n<meta property=\"og:locale\" content=\"pt_PT\" \/>\n<meta property=\"og:type\" content=\"article\" \/>\n<meta property=\"og:title\" content=\"Presunto Alta Gastronom\u00eda Campanha 2015 Edi\u00e7\u00e3o Limitada Centen\u00e1rio | FISAN\" \/>\n<meta property=\"og:description\" content=\"Este presunto de bellota pertence \u00e0 EDI\u00c7\u00c3O CENTEN\u00c1RIO da Campanha 2015. Para comemorar os nossos 100 anos de excel\u00eancia na produ\u00e7\u00e3o de presuntos de bellota, na FISAN selecion\u00e1mos, desde a sua origem no montado, as melhores pe\u00e7as que, durante cerca de 100 meses, foram curadas com cuidado e paci\u00eancia nos nossos secadouros e caves naturais, ... Ler mais\" \/>\n<meta property=\"og:url\" content=\"https:\/\/www.fisan.com\/pt\/loja\/presunto-campanha-2015-edicao-limitada-centenario\/\" \/>\n<meta property=\"og:site_name\" content=\"FISAN\" \/>\n<meta property=\"article:modified_time\" content=\"2024-11-15T12:10:56+00:00\" \/>\n<meta property=\"og:image\" content=\"https:\/\/www.fisan.com\/wp-content\/uploads\/2023\/09\/jamon-ec-2015-pe-00-1.jpg\" \/>\n\t<meta property=\"og:image:width\" content=\"1200\" \/>\n\t<meta property=\"og:image:height\" content=\"2400\" \/>\n\t<meta property=\"og:image:type\" content=\"image\/jpeg\" \/>\n<meta name=\"twitter:card\" content=\"summary_large_image\" \/>\n<meta name=\"twitter:label1\" content=\"Disponibilidade\" \/>\n\t<meta name=\"twitter:data1\" content=\"Em stock\" \/>\n<script type=\"application\/ld+json\" class=\"yoast-schema-graph\">{\n\t    \"@context\": \"https:\/\/schema.org\",\n\t    \"@graph\": [\n\t        {\n\t            \"@type\": \"WebPage\",\n\t            \"@id\": \"https:\/\/www.fisan.com\/pt\/loja\/presunto-campanha-2015-edicao-limitada-centenario\/\",\n\t            \"url\": \"https:\/\/www.fisan.com\/pt\/loja\/presunto-campanha-2015-edicao-limitada-centenario\/\",\n\t            \"name\": \"Presunto Alta Gastronom\u00eda Campanha 2015 Edi\u00e7\u00e3o Limitada Centen\u00e1rio | FISAN\",\n\t            \"isPartOf\": {\n\t                \"@id\": \"https:\/\/www.fisan.com\/pt\/#website\"\n\t            },\n\t            \"primaryImageOfPage\": {\n\t                \"@id\": \"https:\/\/www.fisan.com\/pt\/loja\/presunto-campanha-2015-edicao-limitada-centenario\/#primaryimage\"\n\t            },\n\t            \"image\": {\n\t                \"@id\": \"https:\/\/www.fisan.com\/pt\/loja\/presunto-campanha-2015-edicao-limitada-centenario\/#primaryimage\"\n\t            },\n\t            \"thumbnailUrl\": \"https:\/\/www.fisan.com\/wp-content\/uploads\/2023\/09\/jamon-ec-2015-pe-00-1.jpg\",\n\t            \"datePublished\": \"2023-09-26T08:09:22+00:00\",\n\t            \"dateModified\": \"2024-11-15T12:10:56+00:00\",\n\t            \"breadcrumb\": {\n\t                \"@id\": \"https:\/\/www.fisan.com\/pt\/loja\/presunto-campanha-2015-edicao-limitada-centenario\/#breadcrumb\"\n\t            },\n\t            \"inLanguage\": \"pt-PT\",\n\t            \"potentialAction\": [\n\t                {\n\t                    \"@type\": \"ReadAction\",\n\t                    \"target\": [\n\t                        \"https:\/\/www.fisan.com\/pt\/loja\/presunto-campanha-2015-edicao-limitada-centenario\/\"\n\t                    ]\n\t                }\n\t            ]\n\t        },\n\t        {\n\t            \"@type\": \"ImageObject\",\n\t            \"inLanguage\": \"pt-PT\",\n\t            \"@id\": \"https:\/\/www.fisan.com\/pt\/loja\/presunto-campanha-2015-edicao-limitada-centenario\/#primaryimage\",\n\t            \"url\": \"https:\/\/www.fisan.com\/wp-content\/uploads\/2023\/09\/jamon-ec-2015-pe-00-1.jpg\",\n\t            \"contentUrl\": \"https:\/\/www.fisan.com\/wp-content\/uploads\/2023\/09\/jamon-ec-2015-pe-00-1.jpg\",\n\t            \"width\": 1200,\n\t            \"height\": 2400,\n\t            \"caption\": \"jam\u00f3n FISAN edici\u00f3n centenario\"\n\t        },\n\t        {\n\t            \"@type\": \"BreadcrumbList\",\n\t            \"@id\": \"https:\/\/www.fisan.com\/pt\/loja\/presunto-campanha-2015-edicao-limitada-centenario\/#breadcrumb\",\n\t            \"itemListElement\": [\n\t                {\n\t                    \"@type\": \"ListItem\",\n\t                    \"position\": 1,\n\t                    \"name\": \"FISAN\",\n\t                    \"item\": \"https:\/\/www.fisan.com\/pt\/\"\n\t                },\n\t                {\n\t                    \"@type\": \"ListItem\",\n\t                    \"position\": 2,\n\t                    \"name\": \"Produtos\",\n\t                    \"item\": \"https:\/\/www.fisan.com\/pt\/produtos\/\"\n\t                },\n\t                {\n\t                    \"@type\": \"ListItem\",\n\t                    \"position\": 3,\n\t                    \"name\": \"Presunto Alta Gastronom\u00eda Campanha 2015 Edi\u00e7\u00e3o Limitada Centen\u00e1rio\"\n\t                }\n\t            ]\n\t        },\n\t        {\n\t            \"@type\": \"WebSite\",\n\t            \"@id\": \"https:\/\/www.fisan.com\/pt\/#website\",\n\t            \"url\": \"https:\/\/www.fisan.com\/pt\/\",\n\t            \"name\": \"FISAN\",\n\t            \"description\": \"FISAN | Jamones de bellota ib\u00e9rico y embutidos ib\u00e9ricos desde 1920\",\n\t            \"potentialAction\": [\n\t                {\n\t                    \"@type\": \"SearchAction\",\n\t                    \"target\": {\n\t                        \"@type\": \"EntryPoint\",\n\t                        \"urlTemplate\": \"https:\/\/www.fisan.com\/pt\/?s={search_term_string}\"\n\t                    },\n\t                    \"query-input\": {\n\t                        \"@type\": \"PropertyValueSpecification\",\n\t                        \"valueRequired\": true,\n\t                        \"valueName\": \"search_term_string\"\n\t                    }\n\t                }\n\t            ],\n\t            \"inLanguage\": \"pt-PT\"\n\t        }\n\t    ]\n\t}<\/script>\n<meta property=\"og:availability\" content=\"instock\" \/>\n<meta property=\"product:availability\" content=\"instock\" \/>\n<meta property=\"product:retailer_item_id\" content=\"j-agel2015-ec\" \/>\n<meta property=\"product:condition\" content=\"new\" \/>\n<!-- \/ Yoast SEO plugin. -->","yoast_head_json":{"title":"Presunto Alta Gastronom\u00eda Campanha 2015 Edi\u00e7\u00e3o Limitada Centen\u00e1rio | FISAN","robots":{"index":"index","follow":"follow","max-snippet":"max-snippet:-1","max-image-preview":"max-image-preview:large","max-video-preview":"max-video-preview:-1"},"canonical":"https:\/\/www.fisan.com\/pt\/loja\/presunto-campanha-2015-edicao-limitada-centenario\/","og_locale":"pt_PT","og_type":"article","og_title":"Presunto Alta Gastronom\u00eda Campanha 2015 Edi\u00e7\u00e3o Limitada Centen\u00e1rio | FISAN","og_description":"Este presunto de bellota pertence \u00e0 EDI\u00c7\u00c3O CENTEN\u00c1RIO da Campanha 2015. Para comemorar os nossos 100 anos de excel\u00eancia na produ\u00e7\u00e3o de presuntos de bellota, na FISAN selecion\u00e1mos, desde a sua origem no montado, as melhores pe\u00e7as que, durante cerca de 100 meses, foram curadas com cuidado e paci\u00eancia nos nossos secadouros e caves naturais, ... Ler mais","og_url":"https:\/\/www.fisan.com\/pt\/loja\/presunto-campanha-2015-edicao-limitada-centenario\/","og_site_name":"FISAN","article_modified_time":"2024-11-15T12:10:56+00:00","og_image":[{"width":1200,"height":2400,"url":"https:\/\/www.fisan.com\/wp-content\/uploads\/2023\/09\/jamon-ec-2015-pe-00-1.jpg","type":"image\/jpeg"}],"twitter_card":"summary_large_image","twitter_misc":{"Disponibilidade":"Em stock"},"schema":{"@context":"https:\/\/schema.org","@graph":[{"@type":"WebPage","@id":"https:\/\/www.fisan.com\/pt\/loja\/presunto-campanha-2015-edicao-limitada-centenario\/","url":"https:\/\/www.fisan.com\/pt\/loja\/presunto-campanha-2015-edicao-limitada-centenario\/","name":"Presunto Alta Gastronom\u00eda Campanha 2015 Edi\u00e7\u00e3o Limitada Centen\u00e1rio | FISAN","isPartOf":{"@id":"https:\/\/www.fisan.com\/pt\/#website"},"primaryImageOfPage":{"@id":"https:\/\/www.fisan.com\/pt\/loja\/presunto-campanha-2015-edicao-limitada-centenario\/#primaryimage"},"image":{"@id":"https:\/\/www.fisan.com\/pt\/loja\/presunto-campanha-2015-edicao-limitada-centenario\/#primaryimage"},"thumbnailUrl":"https:\/\/www.fisan.com\/wp-content\/uploads\/2023\/09\/jamon-ec-2015-pe-00-1.jpg","datePublished":"2023-09-26T08:09:22+00:00","dateModified":"2024-11-15T12:10:56+00:00","breadcrumb":{"@id":"https:\/\/www.fisan.com\/pt\/loja\/presunto-campanha-2015-edicao-limitada-centenario\/#breadcrumb"},"inLanguage":"pt-PT","potentialAction":[{"@type":"ReadAction","target":["https:\/\/www.fisan.com\/pt\/loja\/presunto-campanha-2015-edicao-limitada-centenario\/"]}]},{"@type":"ImageObject","inLanguage":"pt-PT","@id":"https:\/\/www.fisan.com\/pt\/loja\/presunto-campanha-2015-edicao-limitada-centenario\/#primaryimage","url":"https:\/\/www.fisan.com\/wp-content\/uploads\/2023\/09\/jamon-ec-2015-pe-00-1.jpg","contentUrl":"https:\/\/www.fisan.com\/wp-content\/uploads\/2023\/09\/jamon-ec-2015-pe-00-1.jpg","width":1200,"height":2400,"caption":"jam\u00f3n FISAN edici\u00f3n centenario"},{"@type":"BreadcrumbList","@id":"https:\/\/www.fisan.com\/pt\/loja\/presunto-campanha-2015-edicao-limitada-centenario\/#breadcrumb","itemListElement":[{"@type":"ListItem","position":1,"name":"FISAN","item":"https:\/\/www.fisan.com\/pt\/"},{"@type":"ListItem","position":2,"name":"Produtos","item":"https:\/\/www.fisan.com\/pt\/produtos\/"},{"@type":"ListItem","position":3,"name":"Presunto Alta Gastronom\u00eda Campanha 2015 Edi\u00e7\u00e3o Limitada Centen\u00e1rio"}]},{"@type":"WebSite","@id":"https:\/\/www.fisan.com\/pt\/#website","url":"https:\/\/www.fisan.com\/pt\/","name":"FISAN","description":"FISAN | Jamones de bellota ib\u00e9rico y embutidos ib\u00e9ricos desde 1920","potentialAction":[{"@type":"SearchAction","target":{"@type":"EntryPoint","urlTemplate":"https:\/\/www.fisan.com\/pt\/?s={search_term_string}"},"query-input":{"@type":"PropertyValueSpecification","valueRequired":true,"valueName":"search_term_string"}}],"inLanguage":"pt-PT"}]},"og_availability":"instock","product_availability":"instock","product_retailer_item_id":"j-agel2015-ec","product_condition":"new"},"_links":{"self":[{"href":"https:\/\/www.fisan.com\/pt\/wp-json\/wp\/v2\/product\/39587","targetHints":{"allow":["GET"]}}],"collection":[{"href":"https:\/\/www.fisan.com\/pt\/wp-json\/wp\/v2\/product"}],"about":[{"href":"https:\/\/www.fisan.com\/pt\/wp-json\/wp\/v2\/types\/product"}],"version-history":[{"count":6,"href":"https:\/\/www.fisan.com\/pt\/wp-json\/wp\/v2\/product\/39587\/revisions"}],"predecessor-version":[{"id":50918,"href":"https:\/\/www.fisan.com\/pt\/wp-json\/wp\/v2\/product\/39587\/revisions\/50918"}],"wp:featuredmedia":[{"embeddable":true,"href":"https:\/\/www.fisan.com\/pt\/wp-json\/wp\/v2\/media\/39648"}],"wp:attachment":[{"href":"https:\/\/www.fisan.com\/pt\/wp-json\/wp\/v2\/media?parent=39587"}],"wp:term":[{"taxonomy":"product_brand","embeddable":true,"href":"https:\/\/www.fisan.com\/pt\/wp-json\/wp\/v2\/product_brand?post=39587"},{"taxonomy":"product_cat","embeddable":true,"href":"https:\/\/www.fisan.com\/pt\/wp-json\/wp\/v2\/product_cat?post=39587"},{"taxonomy":"product_tag","embeddable":true,"href":"https:\/\/www.fisan.com\/pt\/wp-json\/wp\/v2\/product_tag?post=39587"},{"taxonomy":"gama","embeddable":true,"href":"https:\/\/www.fisan.com\/pt\/wp-json\/wp\/v2\/gama?post=39587"},{"taxonomy":"calidad","embeddable":true,"href":"https:\/\/www.fisan.com\/pt\/wp-json\/wp\/v2\/calidad?post=39587"}],"curies":[{"name":"wp","href":"https:\/\/api.w.org\/{rel}","templated":true}]}}