{"id":40212,"date":"2023-11-02T09:00:01","date_gmt":"2023-11-02T08:00:01","guid":{"rendered":"https:\/\/www.fisan.com\/?post_type=product&#038;p=40212"},"modified":"2024-09-04T14:04:04","modified_gmt":"2024-09-04T12:04:04","slug":"conjunto-deluxe-perna-persunto-lombo-e-enchido-alta-gastronomia","status":"publish","type":"product","link":"https:\/\/www.fisan.com\/pt\/loja\/conjunto-deluxe-perna-persunto-lombo-e-enchido-alta-gastronomia\/","title":{"rendered":"Conjunto Deluxe Perna de Presunto, Lombo e Enchido Alta Gastronom\u00eda"},"content":{"rendered":"<p>O presente perfeito: uma perna de presunto de Bellota Ib\u00e9rico 100% ra\u00e7a ib\u00e9rica Alta Gastronom\u00eda FISAN e um lote de enchidos de bellota Alta Gastronom\u00eda.<\/p>\n<p>O conjunto \u00e9 composto por<\/p>\n<ul>\n<li>1 Presunto de Bellota 100% Ib\u00e9rico Alta Gastronom\u00eda de 6,5 a 7,0 kg<\/li>\n<li>1 Meia pe\u00e7a de Salchichon de Bellota Ib\u00e9rico Trufado Alta Gastronom\u00eda<\/li>\n<li>1 Meia Pe\u00e7a de Chorizo de Bellota Ib\u00e9rico Alta Gastronom\u00eda.<\/li>\n<li>1 Meia Pe\u00e7a de Lombo de Bellota 100% Ib\u00e9rico Alta Gastronom\u00eda<\/li>\n<\/ul>\n<p>PRENDA: <strong>Avental bordado FISAN<\/strong><\/p>\n","protected":false},"excerpt":{"rendered":"<p>O presente perfeito: uma perna de presunto de Bellota Ib\u00e9rico 100% ra\u00e7a ib\u00e9rica Alta Gastronom\u00eda FISAN e um lote de enchidos de bellota Alta Gastronom\u00eda. O conjunto \u00e9 composto por 1 Presunto de Bellota 100% Ib\u00e9rico Alta Gastronom\u00eda de 6,5 a 7,0 kg 1 Meia pe\u00e7a de Salchichon de Bellota Ib\u00e9rico Trufado Alta Gastronom\u00eda 1 &#8230; <a title=\"Conjunto Deluxe Perna de Presunto, Lombo e Enchido Alta Gastronom\u00eda\" class=\"read-more\" href=\"https:\/\/www.fisan.com\/pt\/loja\/conjunto-deluxe-perna-persunto-lombo-e-enchido-alta-gastronomia\/\" aria-label=\"Leia mais sobre Conjunto Deluxe Perna de Presunto, Lombo e Enchido Alta Gastronom\u00eda\">Ler mais<\/a><\/p>\n","protected":false},"featured_media":40219,"template":"","meta":{"_acf_changed":false,"_wp_rev_ctl_limit":""},"product_brand":[],"product_cat":[361],"product_tag":[324],"gama":[438],"calidad":[443],"class_list":{"0":"post-40212","1":"product","2":"type-product","3":"status-publish","4":"has-post-thumbnail","6":"product_cat-6-embalagens","7":"product_tag-ag","8":"gama-alta-gastronomia-pt","9":"calidad-1-bellota-iberico-pt","11":"first","12":"outofstock","13":"sold-individually","14":"taxable","15":"shipping-taxable","16":"product-type-simple"},"acf":[],"yoast_head":"<!-- This site is optimized with the Yoast SEO plugin v25.4 - https:\/\/yoast.com\/wordpress\/plugins\/seo\/ -->\n<title>Conjunto Deluxe Perna de Presunto, Lombo e Enchido Alta Gastronom\u00eda | FISAN<\/title>\n<meta name=\"description\" content=\"Ofere\u00e7a um conjunto de produtos ib\u00e9ricos de bellota. O melhor presente para uma ocasi\u00e3o especial \u00e9 um presunto de bellota, e, ainda melhor, com um conjunto de enchidos.\" \/>\n<meta name=\"robots\" content=\"index, follow, max-snippet:-1, max-image-preview:large, max-video-preview:-1\" \/>\n<link rel=\"canonical\" href=\"https:\/\/www.fisan.com\/pt\/loja\/conjunto-deluxe-perna-persunto-lombo-e-enchido-alta-gastronomia\/\" \/>\n<meta property=\"og:locale\" content=\"pt_PT\" \/>\n<meta property=\"og:type\" content=\"article\" \/>\n<meta property=\"og:title\" content=\"Conjunto Deluxe Perna de Presunto, Lombo e Enchido Alta Gastronom\u00eda | FISAN\" \/>\n<meta property=\"og:description\" content=\"Ofere\u00e7a um conjunto de produtos ib\u00e9ricos de bellota. O melhor presente para uma ocasi\u00e3o especial \u00e9 um presunto de bellota, e, ainda melhor, com um conjunto de enchidos.\" \/>\n<meta property=\"og:url\" content=\"https:\/\/www.fisan.com\/pt\/loja\/conjunto-deluxe-perna-persunto-lombo-e-enchido-alta-gastronomia\/\" \/>\n<meta property=\"og:site_name\" content=\"FISAN\" \/>\n<meta property=\"article:modified_time\" content=\"2024-09-04T12:04:04+00:00\" \/>\n<meta property=\"og:image\" content=\"https:\/\/www.fisan.com\/wp-content\/uploads\/2023\/11\/pack-deluxe-mixto-ag-pe-3m-00.jpg\" \/>\n\t<meta property=\"og:image:width\" content=\"1200\" \/>\n\t<meta property=\"og:image:height\" content=\"2400\" \/>\n\t<meta property=\"og:image:type\" content=\"image\/jpeg\" \/>\n<meta name=\"twitter:card\" content=\"summary_large_image\" \/>\n<meta name=\"twitter:label1\" content=\"pre\u00e7o\" \/>\n\t<meta name=\"twitter:data1\" content=\"\" \/>\n\t<meta name=\"twitter:label2\" content=\"Disponibilidade\" \/>\n\t<meta name=\"twitter:data2\" content=\"Esgotado\" \/>\n<script type=\"application\/ld+json\" class=\"yoast-schema-graph\">{\n\t    \"@context\": \"https:\/\/schema.org\",\n\t    \"@graph\": [\n\t        {\n\t            \"@type\": \"WebPage\",\n\t            \"@id\": \"https:\/\/www.fisan.com\/pt\/loja\/conjunto-deluxe-perna-persunto-lombo-e-enchido-alta-gastronomia\/\",\n\t            \"url\": \"https:\/\/www.fisan.com\/pt\/loja\/conjunto-deluxe-perna-persunto-lombo-e-enchido-alta-gastronomia\/\",\n\t            \"name\": \"Conjunto Deluxe Perna de Presunto, Lombo e Enchido Alta Gastronom\u00eda | FISAN\",\n\t            \"isPartOf\": {\n\t                \"@id\": \"https:\/\/www.fisan.com\/pt\/#website\"\n\t            },\n\t            \"primaryImageOfPage\": {\n\t                \"@id\": \"https:\/\/www.fisan.com\/pt\/loja\/conjunto-deluxe-perna-persunto-lombo-e-enchido-alta-gastronomia\/#primaryimage\"\n\t            },\n\t            \"image\": {\n\t                \"@id\": \"https:\/\/www.fisan.com\/pt\/loja\/conjunto-deluxe-perna-persunto-lombo-e-enchido-alta-gastronomia\/#primaryimage\"\n\t            },\n\t            \"thumbnailUrl\": \"https:\/\/www.fisan.com\/wp-content\/uploads\/2023\/11\/pack-deluxe-mixto-ag-pe-3m-00.jpg\",\n\t            \"datePublished\": \"2023-11-02T08:00:01+00:00\",\n\t            \"dateModified\": \"2024-09-04T12:04:04+00:00\",\n\t            \"description\": \"Ofere\u00e7a um conjunto de produtos ib\u00e9ricos de bellota. O melhor presente para uma ocasi\u00e3o especial \u00e9 um presunto de bellota, e, ainda melhor, com um conjunto de enchidos.\",\n\t            \"breadcrumb\": {\n\t                \"@id\": \"https:\/\/www.fisan.com\/pt\/loja\/conjunto-deluxe-perna-persunto-lombo-e-enchido-alta-gastronomia\/#breadcrumb\"\n\t            },\n\t            \"inLanguage\": \"pt-PT\",\n\t            \"potentialAction\": [\n\t                {\n\t                    \"@type\": \"ReadAction\",\n\t                    \"target\": [\n\t                        \"https:\/\/www.fisan.com\/pt\/loja\/conjunto-deluxe-perna-persunto-lombo-e-enchido-alta-gastronomia\/\"\n\t                    ]\n\t                }\n\t            ]\n\t        },\n\t        {\n\t            \"@type\": \"ImageObject\",\n\t            \"inLanguage\": \"pt-PT\",\n\t            \"@id\": \"https:\/\/www.fisan.com\/pt\/loja\/conjunto-deluxe-perna-persunto-lombo-e-enchido-alta-gastronomia\/#primaryimage\",\n\t            \"url\": \"https:\/\/www.fisan.com\/wp-content\/uploads\/2023\/11\/pack-deluxe-mixto-ag-pe-3m-00.jpg\",\n\t            \"contentUrl\": \"https:\/\/www.fisan.com\/wp-content\/uploads\/2023\/11\/pack-deluxe-mixto-ag-pe-3m-00.jpg\",\n\t            \"width\": 1200,\n\t            \"height\": 2400,\n\t            \"caption\": \"pack deluxe pata de jam\u00f3n de bellota\"\n\t        },\n\t        {\n\t            \"@type\": \"BreadcrumbList\",\n\t            \"@id\": \"https:\/\/www.fisan.com\/pt\/loja\/conjunto-deluxe-perna-persunto-lombo-e-enchido-alta-gastronomia\/#breadcrumb\",\n\t            \"itemListElement\": [\n\t                {\n\t                    \"@type\": \"ListItem\",\n\t                    \"position\": 1,\n\t                    \"name\": \"FISAN\",\n\t                    \"item\": \"https:\/\/www.fisan.com\/pt\/\"\n\t                },\n\t                {\n\t                    \"@type\": \"ListItem\",\n\t                    \"position\": 2,\n\t                    \"name\": \"Produtos\",\n\t                    \"item\": \"https:\/\/www.fisan.com\/pt\/produtos\/\"\n\t                },\n\t                {\n\t                    \"@type\": \"ListItem\",\n\t                    \"position\": 3,\n\t                    \"name\": \"Conjunto Deluxe Perna de Presunto, Lombo e Enchido Alta Gastronom\u00eda\"\n\t                }\n\t            ]\n\t        },\n\t        {\n\t            \"@type\": \"WebSite\",\n\t            \"@id\": \"https:\/\/www.fisan.com\/pt\/#website\",\n\t            \"url\": \"https:\/\/www.fisan.com\/pt\/\",\n\t            \"name\": \"FISAN\",\n\t            \"description\": \"FISAN | Jamones de bellota ib\u00e9rico y embutidos ib\u00e9ricos desde 1920\",\n\t            \"potentialAction\": [\n\t                {\n\t                    \"@type\": \"SearchAction\",\n\t                    \"target\": {\n\t                        \"@type\": \"EntryPoint\",\n\t                        \"urlTemplate\": \"https:\/\/www.fisan.com\/pt\/?s={search_term_string}\"\n\t                    },\n\t                    \"query-input\": {\n\t                        \"@type\": \"PropertyValueSpecification\",\n\t                        \"valueRequired\": true,\n\t                        \"valueName\": \"search_term_string\"\n\t                    }\n\t                }\n\t            ],\n\t            \"inLanguage\": \"pt-PT\"\n\t        }\n\t    ]\n\t}<\/script>\n<meta property=\"product:price:currency\" content=\"EUR\" \/>\n<meta property=\"og:availability\" content=\"out of stock\" \/>\n<meta property=\"product:availability\" content=\"out of stock\" \/>\n<meta property=\"product:retailer_item_id\" content=\"pa-pjleAG\" \/>\n<meta property=\"product:condition\" content=\"new\" \/>\n<!-- \/ Yoast SEO plugin. -->","yoast_head_json":{"title":"Conjunto Deluxe Perna de Presunto, Lombo e Enchido Alta Gastronom\u00eda | FISAN","description":"Ofere\u00e7a um conjunto de produtos ib\u00e9ricos de bellota. O melhor presente para uma ocasi\u00e3o especial \u00e9 um presunto de bellota, e, ainda melhor, com um conjunto de enchidos.","robots":{"index":"index","follow":"follow","max-snippet":"max-snippet:-1","max-image-preview":"max-image-preview:large","max-video-preview":"max-video-preview:-1"},"canonical":"https:\/\/www.fisan.com\/pt\/loja\/conjunto-deluxe-perna-persunto-lombo-e-enchido-alta-gastronomia\/","og_locale":"pt_PT","og_type":"article","og_title":"Conjunto Deluxe Perna de Presunto, Lombo e Enchido Alta Gastronom\u00eda | FISAN","og_description":"Ofere\u00e7a um conjunto de produtos ib\u00e9ricos de bellota. O melhor presente para uma ocasi\u00e3o especial \u00e9 um presunto de bellota, e, ainda melhor, com um conjunto de enchidos.","og_url":"https:\/\/www.fisan.com\/pt\/loja\/conjunto-deluxe-perna-persunto-lombo-e-enchido-alta-gastronomia\/","og_site_name":"FISAN","article_modified_time":"2024-09-04T12:04:04+00:00","og_image":[{"width":1200,"height":2400,"url":"https:\/\/www.fisan.com\/wp-content\/uploads\/2023\/11\/pack-deluxe-mixto-ag-pe-3m-00.jpg","type":"image\/jpeg"}],"twitter_card":"summary_large_image","twitter_misc":{"pre\u00e7o":"","Disponibilidade":"Esgotado"},"schema":{"@context":"https:\/\/schema.org","@graph":[{"@type":"WebPage","@id":"https:\/\/www.fisan.com\/pt\/loja\/conjunto-deluxe-perna-persunto-lombo-e-enchido-alta-gastronomia\/","url":"https:\/\/www.fisan.com\/pt\/loja\/conjunto-deluxe-perna-persunto-lombo-e-enchido-alta-gastronomia\/","name":"Conjunto Deluxe Perna de Presunto, Lombo e Enchido Alta Gastronom\u00eda | FISAN","isPartOf":{"@id":"https:\/\/www.fisan.com\/pt\/#website"},"primaryImageOfPage":{"@id":"https:\/\/www.fisan.com\/pt\/loja\/conjunto-deluxe-perna-persunto-lombo-e-enchido-alta-gastronomia\/#primaryimage"},"image":{"@id":"https:\/\/www.fisan.com\/pt\/loja\/conjunto-deluxe-perna-persunto-lombo-e-enchido-alta-gastronomia\/#primaryimage"},"thumbnailUrl":"https:\/\/www.fisan.com\/wp-content\/uploads\/2023\/11\/pack-deluxe-mixto-ag-pe-3m-00.jpg","datePublished":"2023-11-02T08:00:01+00:00","dateModified":"2024-09-04T12:04:04+00:00","description":"Ofere\u00e7a um conjunto de produtos ib\u00e9ricos de bellota. O melhor presente para uma ocasi\u00e3o especial \u00e9 um presunto de bellota, e, ainda melhor, com um conjunto de enchidos.","breadcrumb":{"@id":"https:\/\/www.fisan.com\/pt\/loja\/conjunto-deluxe-perna-persunto-lombo-e-enchido-alta-gastronomia\/#breadcrumb"},"inLanguage":"pt-PT","potentialAction":[{"@type":"ReadAction","target":["https:\/\/www.fisan.com\/pt\/loja\/conjunto-deluxe-perna-persunto-lombo-e-enchido-alta-gastronomia\/"]}]},{"@type":"ImageObject","inLanguage":"pt-PT","@id":"https:\/\/www.fisan.com\/pt\/loja\/conjunto-deluxe-perna-persunto-lombo-e-enchido-alta-gastronomia\/#primaryimage","url":"https:\/\/www.fisan.com\/wp-content\/uploads\/2023\/11\/pack-deluxe-mixto-ag-pe-3m-00.jpg","contentUrl":"https:\/\/www.fisan.com\/wp-content\/uploads\/2023\/11\/pack-deluxe-mixto-ag-pe-3m-00.jpg","width":1200,"height":2400,"caption":"pack deluxe pata de jam\u00f3n de bellota"},{"@type":"BreadcrumbList","@id":"https:\/\/www.fisan.com\/pt\/loja\/conjunto-deluxe-perna-persunto-lombo-e-enchido-alta-gastronomia\/#breadcrumb","itemListElement":[{"@type":"ListItem","position":1,"name":"FISAN","item":"https:\/\/www.fisan.com\/pt\/"},{"@type":"ListItem","position":2,"name":"Produtos","item":"https:\/\/www.fisan.com\/pt\/produtos\/"},{"@type":"ListItem","position":3,"name":"Conjunto Deluxe Perna de Presunto, Lombo e Enchido Alta Gastronom\u00eda"}]},{"@type":"WebSite","@id":"https:\/\/www.fisan.com\/pt\/#website","url":"https:\/\/www.fisan.com\/pt\/","name":"FISAN","description":"FISAN | Jamones de bellota ib\u00e9rico y embutidos ib\u00e9ricos desde 1920","potentialAction":[{"@type":"SearchAction","target":{"@type":"EntryPoint","urlTemplate":"https:\/\/www.fisan.com\/pt\/?s={search_term_string}"},"query-input":{"@type":"PropertyValueSpecification","valueRequired":true,"valueName":"search_term_string"}}],"inLanguage":"pt-PT"}]},"product_price_currency":"EUR","og_availability":"out of stock","product_availability":"out of stock","product_retailer_item_id":"pa-pjleAG","product_condition":"new"},"_links":{"self":[{"href":"https:\/\/www.fisan.com\/pt\/wp-json\/wp\/v2\/product\/40212","targetHints":{"allow":["GET"]}}],"collection":[{"href":"https:\/\/www.fisan.com\/pt\/wp-json\/wp\/v2\/product"}],"about":[{"href":"https:\/\/www.fisan.com\/pt\/wp-json\/wp\/v2\/types\/product"}],"version-history":[{"count":2,"href":"https:\/\/www.fisan.com\/pt\/wp-json\/wp\/v2\/product\/40212\/revisions"}],"predecessor-version":[{"id":40713,"href":"https:\/\/www.fisan.com\/pt\/wp-json\/wp\/v2\/product\/40212\/revisions\/40713"}],"wp:featuredmedia":[{"embeddable":true,"href":"https:\/\/www.fisan.com\/pt\/wp-json\/wp\/v2\/media\/40219"}],"wp:attachment":[{"href":"https:\/\/www.fisan.com\/pt\/wp-json\/wp\/v2\/media?parent=40212"}],"wp:term":[{"taxonomy":"product_brand","embeddable":true,"href":"https:\/\/www.fisan.com\/pt\/wp-json\/wp\/v2\/product_brand?post=40212"},{"taxonomy":"product_cat","embeddable":true,"href":"https:\/\/www.fisan.com\/pt\/wp-json\/wp\/v2\/product_cat?post=40212"},{"taxonomy":"product_tag","embeddable":true,"href":"https:\/\/www.fisan.com\/pt\/wp-json\/wp\/v2\/product_tag?post=40212"},{"taxonomy":"gama","embeddable":true,"href":"https:\/\/www.fisan.com\/pt\/wp-json\/wp\/v2\/gama?post=40212"},{"taxonomy":"calidad","embeddable":true,"href":"https:\/\/www.fisan.com\/pt\/wp-json\/wp\/v2\/calidad?post=40212"}],"curies":[{"name":"wp","href":"https:\/\/api.w.org\/{rel}","templated":true}]}}