{"id":49990,"date":"2024-10-29T10:57:39","date_gmt":"2024-10-29T09:57:39","guid":{"rendered":"https:\/\/www.fisan.com\/?post_type=product&#038;p=49990"},"modified":"2024-11-15T13:11:16","modified_gmt":"2024-11-15T12:11:16","slug":"presunto-alta-gastronomia-campanha-2020-edicao-limitada","status":"publish","type":"product","link":"https:\/\/www.fisan.com\/pt\/loja\/presunto-alta-gastronomia-campanha-2020-edicao-limitada\/","title":{"rendered":"Presunto Alta Gastronom\u00eda Campanha 2020 Edi\u00e7\u00e3o Limitada"},"content":{"rendered":"<p><span style=\"font-weight: 400;\">PRESUNTO ALTA GASTRONOMIA CAMPANHA 2020 EDI\u00c7\u00c3O LIMITADA<\/span><\/p>\n<p>&nbsp;<\/p>\n<p><span style=\"font-weight: 400;\">Este exclusivo presunto pertence \u00e0 Edi\u00e7\u00e3o Limitada da Campanha 2020. Cada pe\u00e7a foi escolhida cuidadosamente pela fam\u00edlia FISAN desde a sua origem no montado, onde os nossos porcos s\u00e3o criados com uma dedica\u00e7\u00e3o meticulosa. Ap\u00f3s um processo de cura de cerca de 60 meses, em caves naturais que preservam o sil\u00eancio e a escurid\u00e3o, o presunto atinge o seu ponto de matura\u00e7\u00e3o perfeito.<\/span><\/p>\n<p><span style=\"font-weight: 400;\">Esta nova campanha reflete o compromisso da FISAN com a qualidade e a excel\u00eancia. O Presunto Alta Gastronomia Campanha 2020 oferece, desde o primeiro corte, um aroma fresco e profundo, e a sua cor rosa escuro mostra uma perfeita infiltra\u00e7\u00e3o de gordura que se funde no paladar. Para desfrutar dele ao m\u00e1ximo, recomendamos que se deguste a 22\u00ba C, a temperatura ideal para que os seus sabores e aromas se desenvolvam em cada peda\u00e7o.<\/span><\/p>\n<p><span style=\"font-weight: 400;\">Uma Edi\u00e7\u00e3o Limitada irrepet\u00edvel que combina a paci\u00eancia e a experi\u00eancia centen\u00e1ria da FISAN em cada fatia, criando uma experi\u00eancia \u00fanica para os amantes do presunto Alta Gastronomia.<\/span><\/p>\n<p><span style=\"font-weight: 400;\">O Presunto FISAN Alta Gastronomia Edi\u00e7\u00e3o Limitada Campanha 2020 vem com:<\/span><\/p>\n<ul>\n<li style=\"font-weight: 400;\" aria-level=\"1\"><span style=\"font-weight: 400;\">Estojo forrado \u00e0 m\u00e3o em couro natural.<\/span><\/li>\n<li style=\"font-weight: 400;\" aria-level=\"1\"><span style=\"font-weight: 400;\">Faca de cortar presunto.<\/span><\/li>\n<li style=\"font-weight: 400;\" aria-level=\"1\"><span style=\"font-weight: 400;\">Avental de couro FISAN.<\/span><\/li>\n<li style=\"font-weight: 400;\" aria-level=\"1\"><span style=\"font-weight: 400;\">Livro do Centen\u00e1rio da FISAN, para descobrir a hist\u00f3ria, a cultura, a degusta\u00e7\u00e3o e a subtileza do presunto FISAN.<\/span><\/li>\n<\/ul>\n<p>&nbsp;<\/p>\n<h4>Campanha 2020<\/h4>\n<p><span style=\"font-weight: 400;\">Ano com fruto abundante e chuva na altura certa para garantir uma campanha estupenda para os produtos <\/span><span style=\"font-weight: 400;\">2020. A abund\u00e2ncia de frutos desse ano e as recentes precipita\u00e7\u00f5es, que favoreceram o crescimento da erva, garantiram um pasto extraordin\u00e1rio aos nossos porcos, resultando em produtos<\/span><span style=\"font-weight: 400;\">\u00a0FISAN excecionais.<\/span><\/p>\n","protected":false},"excerpt":{"rendered":"<p>PRESUNTO ALTA GASTRONOMIA CAMPANHA 2020 EDI\u00c7\u00c3O LIMITADA &nbsp; Este exclusivo presunto pertence \u00e0 Edi\u00e7\u00e3o Limitada da Campanha 2020. Cada pe\u00e7a foi escolhida cuidadosamente pela fam\u00edlia FISAN desde a sua origem no montado, onde os nossos porcos s\u00e3o criados com uma dedica\u00e7\u00e3o meticulosa. Ap\u00f3s um processo de cura de cerca de 60 meses, em caves naturais &#8230; <a title=\"Presunto Alta Gastronom\u00eda Campanha 2020 Edi\u00e7\u00e3o Limitada\" class=\"read-more\" href=\"https:\/\/www.fisan.com\/pt\/loja\/presunto-alta-gastronomia-campanha-2020-edicao-limitada\/\" aria-label=\"Leia mais sobre Presunto Alta Gastronom\u00eda Campanha 2020 Edi\u00e7\u00e3o Limitada\">Ler mais<\/a><\/p>\n","protected":false},"featured_media":50197,"template":"","meta":{"_acf_changed":false,"_wp_rev_ctl_limit":""},"product_brand":[],"product_cat":[1024],"product_tag":[324,325],"gama":[438],"calidad":[508],"class_list":{"0":"post-49990","1":"product","2":"type-product","3":"status-publish","4":"has-post-thumbnail","6":"product_cat-edicao-limitada","7":"product_tag-ag","8":"product_tag-destacados-inicio","9":"gama-alta-gastronomia-pt","10":"calidad-4-edicao-limitada","12":"first","13":"instock","14":"taxable","15":"shipping-taxable","16":"purchasable","17":"product-type-variable","18":"has-default-attributes"},"acf":[],"yoast_head":"<!-- This site is optimized with the Yoast SEO plugin v25.4 - https:\/\/yoast.com\/wordpress\/plugins\/seo\/ -->\n<title>Presunto Alta Gastronom\u00eda Campanha 2020 Edi\u00e7\u00e3o Limitada | FISAN<\/title>\n<meta name=\"robots\" content=\"index, follow, max-snippet:-1, max-image-preview:large, max-video-preview:-1\" \/>\n<link rel=\"canonical\" href=\"https:\/\/www.fisan.com\/pt\/loja\/presunto-alta-gastronomia-campanha-2020-edicao-limitada\/\" \/>\n<meta property=\"og:locale\" content=\"pt_PT\" \/>\n<meta property=\"og:type\" content=\"article\" \/>\n<meta property=\"og:title\" content=\"Presunto Alta Gastronom\u00eda Campanha 2020 Edi\u00e7\u00e3o Limitada | FISAN\" \/>\n<meta property=\"og:description\" content=\"PRESUNTO ALTA GASTRONOMIA CAMPANHA 2020 EDI\u00c7\u00c3O LIMITADA &nbsp; Este exclusivo presunto pertence \u00e0 Edi\u00e7\u00e3o Limitada da Campanha 2020. Cada pe\u00e7a foi escolhida cuidadosamente pela fam\u00edlia FISAN desde a sua origem no montado, onde os nossos porcos s\u00e3o criados com uma dedica\u00e7\u00e3o meticulosa. Ap\u00f3s um processo de cura de cerca de 60 meses, em caves naturais ... Ler mais\" \/>\n<meta property=\"og:url\" content=\"https:\/\/www.fisan.com\/pt\/loja\/presunto-alta-gastronomia-campanha-2020-edicao-limitada\/\" \/>\n<meta property=\"og:site_name\" content=\"FISAN\" \/>\n<meta property=\"article:modified_time\" content=\"2024-11-15T12:11:16+00:00\" \/>\n<meta property=\"og:image\" content=\"https:\/\/www.fisan.com\/wp-content\/uploads\/2024\/10\/jamon-el-2020-ag-pe-00-2.jpg\" \/>\n\t<meta property=\"og:image:width\" content=\"1200\" \/>\n\t<meta property=\"og:image:height\" content=\"2400\" \/>\n\t<meta property=\"og:image:type\" content=\"image\/jpeg\" \/>\n<meta name=\"twitter:card\" content=\"summary_large_image\" \/>\n<meta name=\"twitter:label1\" content=\"Disponibilidade\" \/>\n\t<meta name=\"twitter:data1\" content=\"Em stock\" \/>\n<script type=\"application\/ld+json\" class=\"yoast-schema-graph\">{\n\t    \"@context\": \"https:\/\/schema.org\",\n\t    \"@graph\": [\n\t        {\n\t            \"@type\": \"WebPage\",\n\t            \"@id\": \"https:\/\/www.fisan.com\/pt\/loja\/presunto-alta-gastronomia-campanha-2020-edicao-limitada\/\",\n\t            \"url\": \"https:\/\/www.fisan.com\/pt\/loja\/presunto-alta-gastronomia-campanha-2020-edicao-limitada\/\",\n\t            \"name\": \"Presunto Alta Gastronom\u00eda Campanha 2020 Edi\u00e7\u00e3o Limitada | FISAN\",\n\t            \"isPartOf\": {\n\t                \"@id\": \"https:\/\/www.fisan.com\/pt\/#website\"\n\t            },\n\t            \"primaryImageOfPage\": {\n\t                \"@id\": \"https:\/\/www.fisan.com\/pt\/loja\/presunto-alta-gastronomia-campanha-2020-edicao-limitada\/#primaryimage\"\n\t            },\n\t            \"image\": {\n\t                \"@id\": \"https:\/\/www.fisan.com\/pt\/loja\/presunto-alta-gastronomia-campanha-2020-edicao-limitada\/#primaryimage\"\n\t            },\n\t            \"thumbnailUrl\": \"https:\/\/www.fisan.com\/wp-content\/uploads\/2024\/10\/jamon-el-2020-ag-pe-00-2.jpg\",\n\t            \"datePublished\": \"2024-10-29T09:57:39+00:00\",\n\t            \"dateModified\": \"2024-11-15T12:11:16+00:00\",\n\t            \"breadcrumb\": {\n\t                \"@id\": \"https:\/\/www.fisan.com\/pt\/loja\/presunto-alta-gastronomia-campanha-2020-edicao-limitada\/#breadcrumb\"\n\t            },\n\t            \"inLanguage\": \"pt-PT\",\n\t            \"potentialAction\": [\n\t                {\n\t                    \"@type\": \"ReadAction\",\n\t                    \"target\": [\n\t                        \"https:\/\/www.fisan.com\/pt\/loja\/presunto-alta-gastronomia-campanha-2020-edicao-limitada\/\"\n\t                    ]\n\t                }\n\t            ]\n\t        },\n\t        {\n\t            \"@type\": \"ImageObject\",\n\t            \"inLanguage\": \"pt-PT\",\n\t            \"@id\": \"https:\/\/www.fisan.com\/pt\/loja\/presunto-alta-gastronomia-campanha-2020-edicao-limitada\/#primaryimage\",\n\t            \"url\": \"https:\/\/www.fisan.com\/wp-content\/uploads\/2024\/10\/jamon-el-2020-ag-pe-00-2.jpg\",\n\t            \"contentUrl\": \"https:\/\/www.fisan.com\/wp-content\/uploads\/2024\/10\/jamon-el-2020-ag-pe-00-2.jpg\",\n\t            \"width\": 1200,\n\t            \"height\": 2400,\n\t            \"caption\": \"JAM\u00d3N FISAN EDICI\u00d3N LIMITADA 2020\"\n\t        },\n\t        {\n\t            \"@type\": \"BreadcrumbList\",\n\t            \"@id\": \"https:\/\/www.fisan.com\/pt\/loja\/presunto-alta-gastronomia-campanha-2020-edicao-limitada\/#breadcrumb\",\n\t            \"itemListElement\": [\n\t                {\n\t                    \"@type\": \"ListItem\",\n\t                    \"position\": 1,\n\t                    \"name\": \"FISAN\",\n\t                    \"item\": \"https:\/\/www.fisan.com\/pt\/\"\n\t                },\n\t                {\n\t                    \"@type\": \"ListItem\",\n\t                    \"position\": 2,\n\t                    \"name\": \"Produtos\",\n\t                    \"item\": \"https:\/\/www.fisan.com\/pt\/produtos\/\"\n\t                },\n\t                {\n\t                    \"@type\": \"ListItem\",\n\t                    \"position\": 3,\n\t                    \"name\": \"Presunto Alta Gastronom\u00eda Campanha 2020 Edi\u00e7\u00e3o Limitada\"\n\t                }\n\t            ]\n\t        },\n\t        {\n\t            \"@type\": \"WebSite\",\n\t            \"@id\": \"https:\/\/www.fisan.com\/pt\/#website\",\n\t            \"url\": \"https:\/\/www.fisan.com\/pt\/\",\n\t            \"name\": \"FISAN\",\n\t            \"description\": \"FISAN | Jamones de bellota ib\u00e9rico y embutidos ib\u00e9ricos desde 1920\",\n\t            \"potentialAction\": [\n\t                {\n\t                    \"@type\": \"SearchAction\",\n\t                    \"target\": {\n\t                        \"@type\": \"EntryPoint\",\n\t                        \"urlTemplate\": \"https:\/\/www.fisan.com\/pt\/?s={search_term_string}\"\n\t                    },\n\t                    \"query-input\": {\n\t                        \"@type\": \"PropertyValueSpecification\",\n\t                        \"valueRequired\": true,\n\t                        \"valueName\": \"search_term_string\"\n\t                    }\n\t                }\n\t            ],\n\t            \"inLanguage\": \"pt-PT\"\n\t        }\n\t    ]\n\t}<\/script>\n<meta property=\"og:availability\" content=\"instock\" \/>\n<meta property=\"product:availability\" content=\"instock\" \/>\n<meta property=\"product:retailer_item_id\" content=\"j-agel2020\" \/>\n<meta property=\"product:condition\" content=\"new\" \/>\n<!-- \/ Yoast SEO plugin. -->","yoast_head_json":{"title":"Presunto Alta Gastronom\u00eda Campanha 2020 Edi\u00e7\u00e3o Limitada | FISAN","robots":{"index":"index","follow":"follow","max-snippet":"max-snippet:-1","max-image-preview":"max-image-preview:large","max-video-preview":"max-video-preview:-1"},"canonical":"https:\/\/www.fisan.com\/pt\/loja\/presunto-alta-gastronomia-campanha-2020-edicao-limitada\/","og_locale":"pt_PT","og_type":"article","og_title":"Presunto Alta Gastronom\u00eda Campanha 2020 Edi\u00e7\u00e3o Limitada | FISAN","og_description":"PRESUNTO ALTA GASTRONOMIA CAMPANHA 2020 EDI\u00c7\u00c3O LIMITADA &nbsp; Este exclusivo presunto pertence \u00e0 Edi\u00e7\u00e3o Limitada da Campanha 2020. Cada pe\u00e7a foi escolhida cuidadosamente pela fam\u00edlia FISAN desde a sua origem no montado, onde os nossos porcos s\u00e3o criados com uma dedica\u00e7\u00e3o meticulosa. Ap\u00f3s um processo de cura de cerca de 60 meses, em caves naturais ... Ler mais","og_url":"https:\/\/www.fisan.com\/pt\/loja\/presunto-alta-gastronomia-campanha-2020-edicao-limitada\/","og_site_name":"FISAN","article_modified_time":"2024-11-15T12:11:16+00:00","og_image":[{"width":1200,"height":2400,"url":"https:\/\/www.fisan.com\/wp-content\/uploads\/2024\/10\/jamon-el-2020-ag-pe-00-2.jpg","type":"image\/jpeg"}],"twitter_card":"summary_large_image","twitter_misc":{"Disponibilidade":"Em stock"},"schema":{"@context":"https:\/\/schema.org","@graph":[{"@type":"WebPage","@id":"https:\/\/www.fisan.com\/pt\/loja\/presunto-alta-gastronomia-campanha-2020-edicao-limitada\/","url":"https:\/\/www.fisan.com\/pt\/loja\/presunto-alta-gastronomia-campanha-2020-edicao-limitada\/","name":"Presunto Alta Gastronom\u00eda Campanha 2020 Edi\u00e7\u00e3o Limitada | FISAN","isPartOf":{"@id":"https:\/\/www.fisan.com\/pt\/#website"},"primaryImageOfPage":{"@id":"https:\/\/www.fisan.com\/pt\/loja\/presunto-alta-gastronomia-campanha-2020-edicao-limitada\/#primaryimage"},"image":{"@id":"https:\/\/www.fisan.com\/pt\/loja\/presunto-alta-gastronomia-campanha-2020-edicao-limitada\/#primaryimage"},"thumbnailUrl":"https:\/\/www.fisan.com\/wp-content\/uploads\/2024\/10\/jamon-el-2020-ag-pe-00-2.jpg","datePublished":"2024-10-29T09:57:39+00:00","dateModified":"2024-11-15T12:11:16+00:00","breadcrumb":{"@id":"https:\/\/www.fisan.com\/pt\/loja\/presunto-alta-gastronomia-campanha-2020-edicao-limitada\/#breadcrumb"},"inLanguage":"pt-PT","potentialAction":[{"@type":"ReadAction","target":["https:\/\/www.fisan.com\/pt\/loja\/presunto-alta-gastronomia-campanha-2020-edicao-limitada\/"]}]},{"@type":"ImageObject","inLanguage":"pt-PT","@id":"https:\/\/www.fisan.com\/pt\/loja\/presunto-alta-gastronomia-campanha-2020-edicao-limitada\/#primaryimage","url":"https:\/\/www.fisan.com\/wp-content\/uploads\/2024\/10\/jamon-el-2020-ag-pe-00-2.jpg","contentUrl":"https:\/\/www.fisan.com\/wp-content\/uploads\/2024\/10\/jamon-el-2020-ag-pe-00-2.jpg","width":1200,"height":2400,"caption":"JAM\u00d3N FISAN EDICI\u00d3N LIMITADA 2020"},{"@type":"BreadcrumbList","@id":"https:\/\/www.fisan.com\/pt\/loja\/presunto-alta-gastronomia-campanha-2020-edicao-limitada\/#breadcrumb","itemListElement":[{"@type":"ListItem","position":1,"name":"FISAN","item":"https:\/\/www.fisan.com\/pt\/"},{"@type":"ListItem","position":2,"name":"Produtos","item":"https:\/\/www.fisan.com\/pt\/produtos\/"},{"@type":"ListItem","position":3,"name":"Presunto Alta Gastronom\u00eda Campanha 2020 Edi\u00e7\u00e3o Limitada"}]},{"@type":"WebSite","@id":"https:\/\/www.fisan.com\/pt\/#website","url":"https:\/\/www.fisan.com\/pt\/","name":"FISAN","description":"FISAN | Jamones de bellota ib\u00e9rico y embutidos ib\u00e9ricos desde 1920","potentialAction":[{"@type":"SearchAction","target":{"@type":"EntryPoint","urlTemplate":"https:\/\/www.fisan.com\/pt\/?s={search_term_string}"},"query-input":{"@type":"PropertyValueSpecification","valueRequired":true,"valueName":"search_term_string"}}],"inLanguage":"pt-PT"}]},"og_availability":"instock","product_availability":"instock","product_retailer_item_id":"j-agel2020","product_condition":"new"},"_links":{"self":[{"href":"https:\/\/www.fisan.com\/pt\/wp-json\/wp\/v2\/product\/49990","targetHints":{"allow":["GET"]}}],"collection":[{"href":"https:\/\/www.fisan.com\/pt\/wp-json\/wp\/v2\/product"}],"about":[{"href":"https:\/\/www.fisan.com\/pt\/wp-json\/wp\/v2\/types\/product"}],"version-history":[{"count":7,"href":"https:\/\/www.fisan.com\/pt\/wp-json\/wp\/v2\/product\/49990\/revisions"}],"predecessor-version":[{"id":50921,"href":"https:\/\/www.fisan.com\/pt\/wp-json\/wp\/v2\/product\/49990\/revisions\/50921"}],"wp:featuredmedia":[{"embeddable":true,"href":"https:\/\/www.fisan.com\/pt\/wp-json\/wp\/v2\/media\/50197"}],"wp:attachment":[{"href":"https:\/\/www.fisan.com\/pt\/wp-json\/wp\/v2\/media?parent=49990"}],"wp:term":[{"taxonomy":"product_brand","embeddable":true,"href":"https:\/\/www.fisan.com\/pt\/wp-json\/wp\/v2\/product_brand?post=49990"},{"taxonomy":"product_cat","embeddable":true,"href":"https:\/\/www.fisan.com\/pt\/wp-json\/wp\/v2\/product_cat?post=49990"},{"taxonomy":"product_tag","embeddable":true,"href":"https:\/\/www.fisan.com\/pt\/wp-json\/wp\/v2\/product_tag?post=49990"},{"taxonomy":"gama","embeddable":true,"href":"https:\/\/www.fisan.com\/pt\/wp-json\/wp\/v2\/gama?post=49990"},{"taxonomy":"calidad","embeddable":true,"href":"https:\/\/www.fisan.com\/pt\/wp-json\/wp\/v2\/calidad?post=49990"}],"curies":[{"name":"wp","href":"https:\/\/api.w.org\/{rel}","templated":true}]}}