{"id":58922,"date":"2024-07-22T14:18:28","date_gmt":"2024-07-22T12:18:28","guid":{"rendered":"https:\/\/www.fisan.com\/producto\/mogote-bellota-iberico-100-natural\/"},"modified":"2025-11-24T11:30:26","modified_gmt":"2025-11-24T10:30:26","slug":"mogote-bellota-iberico-100-natural","status":"publish","type":"product","link":"https:\/\/www.fisan.com\/pt\/loja\/mogote-bellota-iberico-100-natural\/","title":{"rendered":"Mogote de bellota ib\u00e9rico"},"content":{"rendered":"<p>Pe\u00e7a de carne proveniente do desmanche do porco de bellota Ib\u00e9rico, de forma ovalada, onde se distinguem, no seu interior, as fibras musculares e as infiltra\u00e7\u00f5es de gordura. Situa-se na cabe\u00e7a do lombo, junto \u00e0 paleta.<\/p>\n","protected":false},"excerpt":{"rendered":"<p>Pe\u00e7a de carne proveniente do desmanche do porco de bellota Ib\u00e9rico, de forma ovalada, onde se distinguem, no seu interior, as fibras musculares e as infiltra\u00e7\u00f5es de gordura. Situa-se na cabe\u00e7a do lombo, junto \u00e0 paleta.<\/p>\n","protected":false},"featured_media":47023,"template":"","meta":{"_acf_changed":false,"_wp_rev_ctl_limit":""},"product_brand":[],"product_cat":[371],"product_tag":[522],"gama":[1377],"calidad":[443],"class_list":{"0":"post-58922","1":"product","2":"type-product","3":"status-publish","4":"has-post-thumbnail","6":"product_cat-5-carne","7":"product_tag-st","8":"product_shipping_class-carnes-pt","9":"gama-sabor-tradicional-pt-2","10":"calidad-1-bellota-iberico-pt","12":"first","13":"no_disponible_online","14":"taxable","15":"shipping-taxable","16":"product-type-simple"},"acf":[],"yoast_head":"<!-- This site is optimized with the Yoast SEO plugin v25.4 - https:\/\/yoast.com\/wordpress\/plugins\/seo\/ -->\n<title>Mogote de bellota ib\u00e9rico | FISAN<\/title>\n<meta name=\"description\" content=\"Descubra o sabor incompar\u00e1vel do mogote (cabe\u00e7a de lombo) de bellota ib\u00e9rico da FISAN, uma pe\u00e7a de forma ovalada com grande infiltra\u00e7\u00e3o de gordura. Qualidade e sabor inigual\u00e1veis.\" \/>\n<meta name=\"robots\" content=\"index, follow, max-snippet:-1, max-image-preview:large, max-video-preview:-1\" \/>\n<link rel=\"canonical\" href=\"https:\/\/www.fisan.com\/pt\/loja\/mogote-bellota-iberico-100-natural\/\" \/>\n<meta property=\"og:locale\" content=\"pt_PT\" \/>\n<meta property=\"og:type\" content=\"article\" \/>\n<meta property=\"og:title\" content=\"Mogote de bellota ib\u00e9rico | FISAN\" \/>\n<meta property=\"og:description\" content=\"Descubra o sabor incompar\u00e1vel do mogote (cabe\u00e7a de lombo) de bellota ib\u00e9rico da FISAN, uma pe\u00e7a de forma ovalada com grande infiltra\u00e7\u00e3o de gordura. Qualidade e sabor inigual\u00e1veis.\" \/>\n<meta property=\"og:url\" content=\"https:\/\/www.fisan.com\/pt\/loja\/mogote-bellota-iberico-100-natural\/\" \/>\n<meta property=\"og:site_name\" content=\"FISAN\" \/>\n<meta property=\"article:modified_time\" content=\"2025-11-24T10:30:26+00:00\" \/>\n<meta property=\"og:image\" content=\"https:\/\/www.fisan.com\/wp-content\/uploads\/2024\/07\/mogote-bellota-iberico-pe-00.jpg\" \/>\n\t<meta property=\"og:image:width\" content=\"1200\" \/>\n\t<meta property=\"og:image:height\" content=\"2400\" \/>\n\t<meta property=\"og:image:type\" content=\"image\/jpeg\" \/>\n<meta name=\"twitter:card\" content=\"summary_large_image\" \/>\n<meta name=\"twitter:label1\" content=\"pre\u00e7o\" \/>\n\t<meta name=\"twitter:data1\" content=\"\" \/>\n\t<meta name=\"twitter:label2\" content=\"Disponibilidade\" \/>\n\t<meta name=\"twitter:data2\" content=\"Em stock\" \/>\n<script type=\"application\/ld+json\" class=\"yoast-schema-graph\">{\n\t    \"@context\": \"https:\/\/schema.org\",\n\t    \"@graph\": [\n\t        {\n\t            \"@type\": \"WebPage\",\n\t            \"@id\": \"https:\/\/www.fisan.com\/pt\/loja\/mogote-bellota-iberico-100-natural\/\",\n\t            \"url\": \"https:\/\/www.fisan.com\/pt\/loja\/mogote-bellota-iberico-100-natural\/\",\n\t            \"name\": \"Mogote de bellota ib\u00e9rico | FISAN\",\n\t            \"isPartOf\": {\n\t                \"@id\": \"https:\/\/www.fisan.com\/pt\/#website\"\n\t            },\n\t            \"primaryImageOfPage\": {\n\t                \"@id\": \"https:\/\/www.fisan.com\/pt\/loja\/mogote-bellota-iberico-100-natural\/#primaryimage\"\n\t            },\n\t            \"image\": {\n\t                \"@id\": \"https:\/\/www.fisan.com\/pt\/loja\/mogote-bellota-iberico-100-natural\/#primaryimage\"\n\t            },\n\t            \"thumbnailUrl\": \"https:\/\/www.fisan.com\/wp-content\/uploads\/2024\/07\/mogote-bellota-iberico-pe-00.jpg\",\n\t            \"datePublished\": \"2024-07-22T12:18:28+00:00\",\n\t            \"dateModified\": \"2025-11-24T10:30:26+00:00\",\n\t            \"description\": \"Descubra o sabor incompar\u00e1vel do mogote (cabe\u00e7a de lombo) de bellota ib\u00e9rico da FISAN, uma pe\u00e7a de forma ovalada com grande infiltra\u00e7\u00e3o de gordura. Qualidade e sabor inigual\u00e1veis.\",\n\t            \"breadcrumb\": {\n\t                \"@id\": \"https:\/\/www.fisan.com\/pt\/loja\/mogote-bellota-iberico-100-natural\/#breadcrumb\"\n\t            },\n\t            \"inLanguage\": \"pt-PT\",\n\t            \"potentialAction\": [\n\t                {\n\t                    \"@type\": \"ReadAction\",\n\t                    \"target\": [\n\t                        \"https:\/\/www.fisan.com\/pt\/loja\/mogote-bellota-iberico-100-natural\/\"\n\t                    ]\n\t                }\n\t            ]\n\t        },\n\t        {\n\t            \"@type\": \"ImageObject\",\n\t            \"inLanguage\": \"pt-PT\",\n\t            \"@id\": \"https:\/\/www.fisan.com\/pt\/loja\/mogote-bellota-iberico-100-natural\/#primaryimage\",\n\t            \"url\": \"https:\/\/www.fisan.com\/wp-content\/uploads\/2024\/07\/mogote-bellota-iberico-pe-00.jpg\",\n\t            \"contentUrl\": \"https:\/\/www.fisan.com\/wp-content\/uploads\/2024\/07\/mogote-bellota-iberico-pe-00.jpg\",\n\t            \"width\": 1200,\n\t            \"height\": 2400,\n\t            \"caption\": \"Mogote de Bellota Ib\u00e9rico\"\n\t        },\n\t        {\n\t            \"@type\": \"BreadcrumbList\",\n\t            \"@id\": \"https:\/\/www.fisan.com\/pt\/loja\/mogote-bellota-iberico-100-natural\/#breadcrumb\",\n\t            \"itemListElement\": [\n\t                {\n\t                    \"@type\": \"ListItem\",\n\t                    \"position\": 1,\n\t                    \"name\": \"FISAN\",\n\t                    \"item\": \"https:\/\/www.fisan.com\/pt\/\"\n\t                },\n\t                {\n\t                    \"@type\": \"ListItem\",\n\t                    \"position\": 2,\n\t                    \"name\": \"Produtos\",\n\t                    \"item\": \"https:\/\/www.fisan.com\/pt\/produtos\/\"\n\t                },\n\t                {\n\t                    \"@type\": \"ListItem\",\n\t                    \"position\": 3,\n\t                    \"name\": \"Mogote de bellota ib\u00e9rico\"\n\t                }\n\t            ]\n\t        },\n\t        {\n\t            \"@type\": \"WebSite\",\n\t            \"@id\": \"https:\/\/www.fisan.com\/pt\/#website\",\n\t            \"url\": \"https:\/\/www.fisan.com\/pt\/\",\n\t            \"name\": \"FISAN\",\n\t            \"description\": \"FISAN | Jamones de bellota ib\u00e9rico y embutidos ib\u00e9ricos desde 1920\",\n\t            \"potentialAction\": [\n\t                {\n\t                    \"@type\": \"SearchAction\",\n\t                    \"target\": {\n\t                        \"@type\": \"EntryPoint\",\n\t                        \"urlTemplate\": \"https:\/\/www.fisan.com\/pt\/?s={search_term_string}\"\n\t                    },\n\t                    \"query-input\": {\n\t                        \"@type\": \"PropertyValueSpecification\",\n\t                        \"valueRequired\": true,\n\t                        \"valueName\": \"search_term_string\"\n\t                    }\n\t                }\n\t            ],\n\t            \"inLanguage\": \"pt-PT\"\n\t        }\n\t    ]\n\t}<\/script>\n<meta property=\"product:price:currency\" content=\"EUR\" \/>\n<meta property=\"og:availability\" content=\"instock\" \/>\n<meta property=\"product:availability\" content=\"instock\" \/>\n<meta property=\"product:retailer_item_id\" content=\"ca-mobi\" \/>\n<meta property=\"product:condition\" content=\"new\" \/>\n<!-- \/ Yoast SEO plugin. -->","yoast_head_json":{"title":"Mogote de bellota ib\u00e9rico | FISAN","description":"Descubra o sabor incompar\u00e1vel do mogote (cabe\u00e7a de lombo) de bellota ib\u00e9rico da FISAN, uma pe\u00e7a de forma ovalada com grande infiltra\u00e7\u00e3o de gordura. Qualidade e sabor inigual\u00e1veis.","robots":{"index":"index","follow":"follow","max-snippet":"max-snippet:-1","max-image-preview":"max-image-preview:large","max-video-preview":"max-video-preview:-1"},"canonical":"https:\/\/www.fisan.com\/pt\/loja\/mogote-bellota-iberico-100-natural\/","og_locale":"pt_PT","og_type":"article","og_title":"Mogote de bellota ib\u00e9rico | FISAN","og_description":"Descubra o sabor incompar\u00e1vel do mogote (cabe\u00e7a de lombo) de bellota ib\u00e9rico da FISAN, uma pe\u00e7a de forma ovalada com grande infiltra\u00e7\u00e3o de gordura. Qualidade e sabor inigual\u00e1veis.","og_url":"https:\/\/www.fisan.com\/pt\/loja\/mogote-bellota-iberico-100-natural\/","og_site_name":"FISAN","article_modified_time":"2025-11-24T10:30:26+00:00","og_image":[{"width":1200,"height":2400,"url":"https:\/\/www.fisan.com\/wp-content\/uploads\/2024\/07\/mogote-bellota-iberico-pe-00.jpg","type":"image\/jpeg"}],"twitter_card":"summary_large_image","twitter_misc":{"pre\u00e7o":"","Disponibilidade":"Em stock"},"schema":{"@context":"https:\/\/schema.org","@graph":[{"@type":"WebPage","@id":"https:\/\/www.fisan.com\/pt\/loja\/mogote-bellota-iberico-100-natural\/","url":"https:\/\/www.fisan.com\/pt\/loja\/mogote-bellota-iberico-100-natural\/","name":"Mogote de bellota ib\u00e9rico | FISAN","isPartOf":{"@id":"https:\/\/www.fisan.com\/pt\/#website"},"primaryImageOfPage":{"@id":"https:\/\/www.fisan.com\/pt\/loja\/mogote-bellota-iberico-100-natural\/#primaryimage"},"image":{"@id":"https:\/\/www.fisan.com\/pt\/loja\/mogote-bellota-iberico-100-natural\/#primaryimage"},"thumbnailUrl":"https:\/\/www.fisan.com\/wp-content\/uploads\/2024\/07\/mogote-bellota-iberico-pe-00.jpg","datePublished":"2024-07-22T12:18:28+00:00","dateModified":"2025-11-24T10:30:26+00:00","description":"Descubra o sabor incompar\u00e1vel do mogote (cabe\u00e7a de lombo) de bellota ib\u00e9rico da FISAN, uma pe\u00e7a de forma ovalada com grande infiltra\u00e7\u00e3o de gordura. Qualidade e sabor inigual\u00e1veis.","breadcrumb":{"@id":"https:\/\/www.fisan.com\/pt\/loja\/mogote-bellota-iberico-100-natural\/#breadcrumb"},"inLanguage":"pt-PT","potentialAction":[{"@type":"ReadAction","target":["https:\/\/www.fisan.com\/pt\/loja\/mogote-bellota-iberico-100-natural\/"]}]},{"@type":"ImageObject","inLanguage":"pt-PT","@id":"https:\/\/www.fisan.com\/pt\/loja\/mogote-bellota-iberico-100-natural\/#primaryimage","url":"https:\/\/www.fisan.com\/wp-content\/uploads\/2024\/07\/mogote-bellota-iberico-pe-00.jpg","contentUrl":"https:\/\/www.fisan.com\/wp-content\/uploads\/2024\/07\/mogote-bellota-iberico-pe-00.jpg","width":1200,"height":2400,"caption":"Mogote de Bellota Ib\u00e9rico"},{"@type":"BreadcrumbList","@id":"https:\/\/www.fisan.com\/pt\/loja\/mogote-bellota-iberico-100-natural\/#breadcrumb","itemListElement":[{"@type":"ListItem","position":1,"name":"FISAN","item":"https:\/\/www.fisan.com\/pt\/"},{"@type":"ListItem","position":2,"name":"Produtos","item":"https:\/\/www.fisan.com\/pt\/produtos\/"},{"@type":"ListItem","position":3,"name":"Mogote de bellota ib\u00e9rico"}]},{"@type":"WebSite","@id":"https:\/\/www.fisan.com\/pt\/#website","url":"https:\/\/www.fisan.com\/pt\/","name":"FISAN","description":"FISAN | Jamones de bellota ib\u00e9rico y embutidos ib\u00e9ricos desde 1920","potentialAction":[{"@type":"SearchAction","target":{"@type":"EntryPoint","urlTemplate":"https:\/\/www.fisan.com\/pt\/?s={search_term_string}"},"query-input":{"@type":"PropertyValueSpecification","valueRequired":true,"valueName":"search_term_string"}}],"inLanguage":"pt-PT"}]},"product_price_currency":"EUR","og_availability":"instock","product_availability":"instock","product_retailer_item_id":"ca-mobi","product_condition":"new"},"_links":{"self":[{"href":"https:\/\/www.fisan.com\/pt\/wp-json\/wp\/v2\/product\/58922","targetHints":{"allow":["GET"]}}],"collection":[{"href":"https:\/\/www.fisan.com\/pt\/wp-json\/wp\/v2\/product"}],"about":[{"href":"https:\/\/www.fisan.com\/pt\/wp-json\/wp\/v2\/types\/product"}],"version-history":[{"count":1,"href":"https:\/\/www.fisan.com\/pt\/wp-json\/wp\/v2\/product\/58922\/revisions"}],"predecessor-version":[{"id":58923,"href":"https:\/\/www.fisan.com\/pt\/wp-json\/wp\/v2\/product\/58922\/revisions\/58923"}],"wp:featuredmedia":[{"embeddable":true,"href":"https:\/\/www.fisan.com\/pt\/wp-json\/wp\/v2\/media\/47023"}],"wp:attachment":[{"href":"https:\/\/www.fisan.com\/pt\/wp-json\/wp\/v2\/media?parent=58922"}],"wp:term":[{"taxonomy":"product_brand","embeddable":true,"href":"https:\/\/www.fisan.com\/pt\/wp-json\/wp\/v2\/product_brand?post=58922"},{"taxonomy":"product_cat","embeddable":true,"href":"https:\/\/www.fisan.com\/pt\/wp-json\/wp\/v2\/product_cat?post=58922"},{"taxonomy":"product_tag","embeddable":true,"href":"https:\/\/www.fisan.com\/pt\/wp-json\/wp\/v2\/product_tag?post=58922"},{"taxonomy":"gama","embeddable":true,"href":"https:\/\/www.fisan.com\/pt\/wp-json\/wp\/v2\/gama?post=58922"},{"taxonomy":"calidad","embeddable":true,"href":"https:\/\/www.fisan.com\/pt\/wp-json\/wp\/v2\/calidad?post=58922"}],"curies":[{"name":"wp","href":"https:\/\/api.w.org\/{rel}","templated":true}]}}